{"id":526,"date":"2013-04-25T20:21:51","date_gmt":"2013-04-25T20:21:51","guid":{"rendered":"https:\/\/www.lymphoma.ca\/?page_id=526"},"modified":"2022-01-14T16:18:10","modified_gmt":"2022-01-14T16:18:10","slug":"accessibilite","status":"publish","type":"page","link":"https:\/\/www.lymphoma.ca\/fr\/accessibilite\/","title":{"rendered":"Accessibilit\u00e9"},"content":{"rendered":"<p>Lymphome Canada s&rsquo;est engag\u00e9 \u00e0 veiller \u00e0 ce que notre site Web est accessible pour tous les utilisateurs, ind\u00e9pendamment de tout handicap ou ils peuvent avoir la technologie qu&rsquo;ils utilisent.<\/p>\n<h3>Conseils pour naviguer sur notre site Web<\/h3>\n<p>Presque tous les navigateurs modernes et syst\u00e8me d&rsquo;exploitation offre des fonctions int\u00e9gr\u00e9es avec les technologies d&rsquo;assistance. Voici quelques conseils de base pour relever les d\u00e9fis les plus communs accessibles. Pour une liste compl\u00e8te des conseils sur la navigation, visite: Initiative du W3C Web Accessibility &#8211; Mieux navigation Web: Conseils pour Personnalisation de votre ordinateur.<\/p>\n<h3>Lecteurs d&rsquo;\u00e9cran<\/h3>\n<p>L&rsquo;utilisation de lecteurs d&rsquo;\u00e9cran aide les personnes qui sont aveugles ou qui ont une d\u00e9ficience visuelle. Voici quelques lecteurs d&rsquo;\u00e9cran populaires:<\/p>\n<ul>\n<li><a href=\"http:\/\/windows.microsoft.com\/en-US\/windows-vista\/Hear-text-read-aloud-with-Narrator\">Narrateur Microsoft<\/a><\/li>\n<li><a href=\"http:\/\/www.apple.com\/accessibility\/voiceover\/\">Mac OS X VoiceOver<\/a><\/li>\n<li><a href=\"http:\/\/www.freedomscientific.com\/products\/fs\/jaws-product-page.asp\">JAWS<\/a><\/li>\n<\/ul>\n<h3>Zoom avant<\/h3>\n<p>De nombreux navigateurs Web vous permettent de zoomer sur des pages web en utilisant les contr\u00f4les au clavier simples. La loupe permet de vous concentrer sur des parties sp\u00e9cifiques de l&rsquo;\u00e9cran, l&rsquo;agrandissement du texte et autres \u00e9l\u00e9ments de page.<\/p>\n<p>Pour les syst\u00e8mes d&rsquo;exploitation Windows, appuyez sur Ctrl et la touche (plus) pour effectuer un zoom avant (Ctrl et &#8211; (moins) pour effectuer un zoom arri\u00e8re).<\/p>\n<p>Pour les syst\u00e8mes d&rsquo;exploitation Mac, appuyez sur Cmd et la cl\u00e9 (plus) pour effectuer un zoom avant (Cmd et le &#8211; (moins) pour effectuer un zoom arri\u00e8re).<\/p>\n<h3>Personnaliser le pointeur de la souris<\/h3>\n<p>Modification de la vitesse dont votre pointeur de la souris assiste les personnes ayant une d\u00e9ficience des habilet\u00e9s motrices. En ralentissant la vitesse de votre pointeur de la souris, la navigation ou les boutons sont plus faciles \u00e0 cliquer sur.<\/p>\n<ul>\n<li><a href=\"http:\/\/windows.microsoft.com\/en-US\/windows-vista\/Change-mouse-settings\">Windows XP, Vista et Windows 7\u00a0<\/a><\/li>\n<li><a href=\"http:\/\/support.apple.com\/kb\/HT2490#l1\">Mac OS\u00a0<\/a><\/li>\n<\/ul>\n<h3>Des informations compl\u00e9mentaires sur l&rsquo;accessibilit\u00e9 du Web est disponible \u00e0 partir de:<\/h3>\n<ul>\n<li><a href=\"https:\/\/www.ontario.ca\/laws\/statute\/05a11\">Handicap\u00e9es de l&rsquo;Ontario (LPHO)\u00a0<\/a><\/li>\n<li><a href=\"http:\/\/www.w3.org\/WAI\/\">Initiative WAI (WAI)\u00a0<\/a><\/li>\n<li><a href=\"http:\/\/www.w3.org\/TR\/WCAG\/\">Directives Web Content Accessibility\u00a0<\/a><\/li>\n<\/ul>\n","protected":false},"excerpt":{"rendered":"<p>Lymphome Canada s&rsquo;est engag\u00e9 \u00e0 veiller \u00e0 ce que notre site Web est accessible pour tous les utilisateurs, ind\u00e9pendamment de tout handicap ou ils peuvent avoir la technologie qu&rsquo;ils utilisent&#8230;.<\/p>\n","protected":false},"author":6,"featured_media":0,"parent":0,"menu_order":104,"comment_status":"closed","ping_status":"closed","template":"","meta":{"_acf_changed":false,"footnotes":""},"categories":[],"tags":[],"class_list":["post-526","page","type-page","status-publish"],"acf":[],"yoast_head":"<!-- This site is optimized with the Yoast SEO plugin v26.7 - https:\/\/yoast.com\/wordpress\/plugins\/seo\/ -->\n<title>Accessibilit\u00e9 - Lymphoma Canada<\/title>\n<meta name=\"robots\" content=\"index, follow, max-snippet:-1, max-image-preview:large, max-video-preview:-1\" \/>\n<link rel=\"canonical\" href=\"https:\/\/www.lymphoma.ca\/fr\/accessibilite\/\" \/>\n<meta property=\"og:locale\" content=\"fr_FR\" \/>\n<meta property=\"og:type\" content=\"article\" \/>\n<meta property=\"og:title\" content=\"Accessibilit\u00e9 - Lymphoma Canada\" \/>\n<meta property=\"og:description\" content=\"Lymphome Canada s&rsquo;est engag\u00e9 \u00e0 veiller \u00e0 ce que notre site Web est accessible pour tous les utilisateurs, ind\u00e9pendamment de tout handicap ou ils peuvent avoir la technologie qu&rsquo;ils utilisent....\" \/>\n<meta property=\"og:url\" content=\"https:\/\/www.lymphoma.ca\/fr\/accessibilite\/\" \/>\n<meta property=\"og:site_name\" content=\"Lymphoma Canada\" \/>\n<meta property=\"article:publisher\" content=\"https:\/\/www.facebook.com\/LymphomaCanada\" \/>\n<meta property=\"article:modified_time\" content=\"2022-01-14T16:18:10+00:00\" \/>\n<meta name=\"twitter:card\" content=\"summary_large_image\" \/>\n<meta name=\"twitter:site\" content=\"@lymphomacanada\" \/>\n<meta name=\"twitter:label1\" content=\"Dur\u00e9e de lecture estim\u00e9e\" \/>\n\t<meta name=\"twitter:data1\" content=\"2 minutes\" \/>\n<script type=\"application\/ld+json\" class=\"yoast-schema-graph\">{\"@context\":\"https:\/\/schema.org\",\"@graph\":[{\"@type\":\"WebPage\",\"@id\":\"https:\/\/www.lymphoma.ca\/fr\/accessibilite\/\",\"url\":\"https:\/\/www.lymphoma.ca\/fr\/accessibilite\/\",\"name\":\"Accessibilit\u00e9 - Lymphoma Canada\",\"isPartOf\":{\"@id\":\"https:\/\/www.lymphoma.ca\/fr\/#website\"},\"datePublished\":\"2013-04-25T20:21:51+00:00\",\"dateModified\":\"2022-01-14T16:18:10+00:00\",\"breadcrumb\":{\"@id\":\"https:\/\/www.lymphoma.ca\/fr\/accessibilite\/#breadcrumb\"},\"inLanguage\":\"fr-FR\",\"potentialAction\":[{\"@type\":\"ReadAction\",\"target\":[\"https:\/\/www.lymphoma.ca\/fr\/accessibilite\/\"]}]},{\"@type\":\"BreadcrumbList\",\"@id\":\"https:\/\/www.lymphoma.ca\/fr\/accessibilite\/#breadcrumb\",\"itemListElement\":[{\"@type\":\"ListItem\",\"position\":1,\"name\":\"Home\",\"item\":\"https:\/\/www.lymphoma.ca\/fr\/\"},{\"@type\":\"ListItem\",\"position\":2,\"name\":\"Accessibilit\u00e9\"}]},{\"@type\":\"WebSite\",\"@id\":\"https:\/\/www.lymphoma.ca\/fr\/#website\",\"url\":\"https:\/\/www.lymphoma.ca\/fr\/\",\"name\":\"Lymphoma Canada\",\"description\":\"Information. Help. Hope.\",\"publisher\":{\"@id\":\"https:\/\/www.lymphoma.ca\/fr\/#organization\"},\"potentialAction\":[{\"@type\":\"SearchAction\",\"target\":{\"@type\":\"EntryPoint\",\"urlTemplate\":\"https:\/\/www.lymphoma.ca\/fr\/?s={search_term_string}\"},\"query-input\":{\"@type\":\"PropertyValueSpecification\",\"valueRequired\":true,\"valueName\":\"search_term_string\"}}],\"inLanguage\":\"fr-FR\"},{\"@type\":\"Organization\",\"@id\":\"https:\/\/www.lymphoma.ca\/fr\/#organization\",\"name\":\"Lymphoma Canada\",\"url\":\"https:\/\/www.lymphoma.ca\/fr\/\",\"logo\":{\"@type\":\"ImageObject\",\"inLanguage\":\"fr-FR\",\"@id\":\"https:\/\/www.lymphoma.ca\/fr\/#\/schema\/logo\/image\/\",\"url\":\"https:\/\/www.lymphoma.ca\/wp-content\/uploads\/2023\/05\/logo-lymphoma.jpg\",\"contentUrl\":\"https:\/\/www.lymphoma.ca\/wp-content\/uploads\/2023\/05\/logo-lymphoma.jpg\",\"width\":343,\"height\":343,\"caption\":\"Lymphoma Canada\"},\"image\":{\"@id\":\"https:\/\/www.lymphoma.ca\/fr\/#\/schema\/logo\/image\/\"},\"sameAs\":[\"https:\/\/www.facebook.com\/LymphomaCanada\",\"https:\/\/x.com\/lymphomacanada\",\"https:\/\/www.linkedin.com\/company\/lymphoma-canada\/\",\"http:\/\/instagram.com\/lymphomacanada\",\"http:\/\/www.youtube.com\/user\/LymphomaTV\"]}]}<\/script>\n<!-- \/ Yoast SEO plugin. -->","yoast_head_json":{"title":"Accessibilit\u00e9 - Lymphoma Canada","robots":{"index":"index","follow":"follow","max-snippet":"max-snippet:-1","max-image-preview":"max-image-preview:large","max-video-preview":"max-video-preview:-1"},"canonical":"https:\/\/www.lymphoma.ca\/fr\/accessibilite\/","og_locale":"fr_FR","og_type":"article","og_title":"Accessibilit\u00e9 - Lymphoma Canada","og_description":"Lymphome Canada s&rsquo;est engag\u00e9 \u00e0 veiller \u00e0 ce que notre site Web est accessible pour tous les utilisateurs, ind\u00e9pendamment de tout handicap ou ils peuvent avoir la technologie qu&rsquo;ils utilisent....","og_url":"https:\/\/www.lymphoma.ca\/fr\/accessibilite\/","og_site_name":"Lymphoma Canada","article_publisher":"https:\/\/www.facebook.com\/LymphomaCanada","article_modified_time":"2022-01-14T16:18:10+00:00","twitter_card":"summary_large_image","twitter_site":"@lymphomacanada","twitter_misc":{"Dur\u00e9e de lecture estim\u00e9e":"2 minutes"},"schema":{"@context":"https:\/\/schema.org","@graph":[{"@type":"WebPage","@id":"https:\/\/www.lymphoma.ca\/fr\/accessibilite\/","url":"https:\/\/www.lymphoma.ca\/fr\/accessibilite\/","name":"Accessibilit\u00e9 - Lymphoma Canada","isPartOf":{"@id":"https:\/\/www.lymphoma.ca\/fr\/#website"},"datePublished":"2013-04-25T20:21:51+00:00","dateModified":"2022-01-14T16:18:10+00:00","breadcrumb":{"@id":"https:\/\/www.lymphoma.ca\/fr\/accessibilite\/#breadcrumb"},"inLanguage":"fr-FR","potentialAction":[{"@type":"ReadAction","target":["https:\/\/www.lymphoma.ca\/fr\/accessibilite\/"]}]},{"@type":"BreadcrumbList","@id":"https:\/\/www.lymphoma.ca\/fr\/accessibilite\/#breadcrumb","itemListElement":[{"@type":"ListItem","position":1,"name":"Home","item":"https:\/\/www.lymphoma.ca\/fr\/"},{"@type":"ListItem","position":2,"name":"Accessibilit\u00e9"}]},{"@type":"WebSite","@id":"https:\/\/www.lymphoma.ca\/fr\/#website","url":"https:\/\/www.lymphoma.ca\/fr\/","name":"Lymphoma Canada","description":"Information. Help. Hope.","publisher":{"@id":"https:\/\/www.lymphoma.ca\/fr\/#organization"},"potentialAction":[{"@type":"SearchAction","target":{"@type":"EntryPoint","urlTemplate":"https:\/\/www.lymphoma.ca\/fr\/?s={search_term_string}"},"query-input":{"@type":"PropertyValueSpecification","valueRequired":true,"valueName":"search_term_string"}}],"inLanguage":"fr-FR"},{"@type":"Organization","@id":"https:\/\/www.lymphoma.ca\/fr\/#organization","name":"Lymphoma Canada","url":"https:\/\/www.lymphoma.ca\/fr\/","logo":{"@type":"ImageObject","inLanguage":"fr-FR","@id":"https:\/\/www.lymphoma.ca\/fr\/#\/schema\/logo\/image\/","url":"https:\/\/www.lymphoma.ca\/wp-content\/uploads\/2023\/05\/logo-lymphoma.jpg","contentUrl":"https:\/\/www.lymphoma.ca\/wp-content\/uploads\/2023\/05\/logo-lymphoma.jpg","width":343,"height":343,"caption":"Lymphoma Canada"},"image":{"@id":"https:\/\/www.lymphoma.ca\/fr\/#\/schema\/logo\/image\/"},"sameAs":["https:\/\/www.facebook.com\/LymphomaCanada","https:\/\/x.com\/lymphomacanada","https:\/\/www.linkedin.com\/company\/lymphoma-canada\/","http:\/\/instagram.com\/lymphomacanada","http:\/\/www.youtube.com\/user\/LymphomaTV"]}]}},"_links":{"self":[{"href":"https:\/\/www.lymphoma.ca\/fr\/wp-json\/wp\/v2\/pages\/526","targetHints":{"allow":["GET"]}}],"collection":[{"href":"https:\/\/www.lymphoma.ca\/fr\/wp-json\/wp\/v2\/pages"}],"about":[{"href":"https:\/\/www.lymphoma.ca\/fr\/wp-json\/wp\/v2\/types\/page"}],"author":[{"embeddable":true,"href":"https:\/\/www.lymphoma.ca\/fr\/wp-json\/wp\/v2\/users\/6"}],"replies":[{"embeddable":true,"href":"https:\/\/www.lymphoma.ca\/fr\/wp-json\/wp\/v2\/comments?post=526"}],"version-history":[{"count":2,"href":"https:\/\/www.lymphoma.ca\/fr\/wp-json\/wp\/v2\/pages\/526\/revisions"}],"predecessor-version":[{"id":11269,"href":"https:\/\/www.lymphoma.ca\/fr\/wp-json\/wp\/v2\/pages\/526\/revisions\/11269"}],"wp:attachment":[{"href":"https:\/\/www.lymphoma.ca\/fr\/wp-json\/wp\/v2\/media?parent=526"}],"wp:term":[{"taxonomy":"category","embeddable":true,"href":"https:\/\/www.lymphoma.ca\/fr\/wp-json\/wp\/v2\/categories?post=526"},{"taxonomy":"post_tag","embeddable":true,"href":"https:\/\/www.lymphoma.ca\/fr\/wp-json\/wp\/v2\/tags?post=526"}],"curies":[{"name":"wp","href":"https:\/\/api.w.org\/{rel}","templated":true}]}}