{"id":529,"date":"2013-04-26T11:57:06","date_gmt":"2013-04-26T11:57:06","guid":{"rendered":"https:\/\/www.lymphoma.ca\/?page_id=529"},"modified":"2020-06-22T18:28:26","modified_gmt":"2020-06-22T18:28:26","slug":"histoire","status":"publish","type":"page","link":"https:\/\/www.lymphoma.ca\/fr\/a-notre-propos\/histoire\/","title":{"rendered":"Histoire"},"content":{"rendered":"<p>Lymphome Canada trouve ses racines dans deux\u00a0organisations r\u00e9gionales distinctes, qui ont toutes les deux\u00a0\u00e9t\u00e9 fond\u00e9es en 1998. Au d\u00e9but de l\u2019ann\u00e9e 1998, Patricia\u00a0Manson a d\u00e9cid\u00e9 de fonder \u00e0 Vancouver la Fondation canadienne de recherche sur le lymphome (FCRL) apr\u00e8s avoir re\u00e7u un diagnostic de lymphome non hodgikinien. Patricia, qui est ainsi devenue la premi\u00e8re pr\u00e9sidente de la FCRL, a d\u00e9couvert en 1997 qu\u2019elle \u00e9tait atteinte d\u2019une forme agressive de lymphome. Apr\u00e8s son diagnostic, elle a essay\u00e9 de trouver en vain une organisation canadienne centr\u00e9e sur la recherche sur le lymphome. Elle a vite r\u00e9alis\u00e9 qu\u2019il n\u2019existait aucun groupe de soutien facilitant la diffusion de renseignement pertinent aux personnes atteintes d\u2019un lymphome au Canada. Patricia a fond\u00e9 la FCRL avec l\u2019aide des m\u00e9decins Connors et Hegele et avec l\u2019assistance juridique du cabinet Russell\u00a0&amp; DuMoulin. En cr\u00e9ant la FCRL, Patricia a donn\u00e9 \u00e0 son mari, \u00e0 ses cinq enfants, aux autres membres de sa famille et \u00e0 ses nombreux amis l\u2019exemple d\u2019une personnalit\u00e9 hors du commun qu\u2019ils ne pouvaient qu\u2019admirer. Pat \u00e9tait une personne qui s\u2019\u00e9levait pour aider les autres alors qu\u2019elle menait elle-m\u00eame une lutte acharn\u00e9e contre le cancer. Malheureusement, Patricia est d\u00e9c\u00e9d\u00e9e peu de temps apr\u00e8s, le 29\u00a0mai\u00a01998.<\/p>\n<p>La vision qu\u2019elle avait lorsqu\u2019elle a cr\u00e9\u00e9 la FCRL, \u00e0 savoir fonder une organisation dans le but d\u2019aider les autres \u00e0 vivre avec un lymphome, se perp\u00e9tue gr\u00e2ce \u00e0 Lymphome Canada.<\/p>\n<p>La Fondation canadienne sur le lymphome a \u00e9t\u00e9 fond\u00e9e en 1998 par Deborah\u00a0Sterritt \u00e0 Toronto. En 1995, on a diagnostiqu\u00e9 chez Deborah une forme indolente de lymphome non hodgkinien. Au d\u00e9but de l\u2019ann\u00e9e 1998, Deborah a elle aussi d\u00e9couvert qu\u2019il n\u2019existait au Canada aucun groupe qui pouvait donner aux patients les renseignements dont ils avaient besoin. Gr\u00e2ce au soutien du Dr\u00a0Zanke, de Terry\u00a0Creighton et de Jane\u00a0Mingay, elle a fond\u00e9 la Fondation Canadienne sur le Lymphome (FCL)<\/p>\n<p>Les deux\u00a0organisations ont fusionn\u00e9 en 2000. La FCRL et la FCL ont toutes les deux\u00a0constat\u00e9 le besoin de cr\u00e9er une organisation nationale puissante qui puisse \u00eatre b\u00e9n\u00e9fique aux personnes atteintes d\u2019un lymphome dans tout le Canada. C\u2019est pourquoi en 2000 les deux\u00a0fondations se sont alli\u00e9es pour former Lymphome Canada. LC a toujours pour objectif de se concentrer sur la recherche et l\u2019\u00e9ducation sur le lymphome et la sensibilisation aupr\u00e8s de la population canadienne.\u00a0Terry Creighton a si\u00e8g\u00e9 \u00e0 la vice-pr\u00e9sidence au Conseil d`administration et \u00e0 la pr\u00e9sidence du comit\u00e9 de financement, Le docteur Joseph Connors a si\u00e8g\u00e9 au Conseil scientifique consultatif et le docteur Brent Zanke a si\u00e8g\u00e9 au Conseil scientifique consultatif.<\/p>\n<p>Depuis\u00a01998, sept\u00a0bourses de recherche ont \u00e9t\u00e9 attribu\u00e9es afin de faciliter et de soutenir des projets de recherche honorables et des milliers de participants ont directement b\u00e9n\u00e9fici\u00e9 de renseignements pertinents et d\u2019actualit\u00e9 aux nombreux ateliers p\u00e9dagogiques que nous avons organis\u00e9s.<\/p>\n<p>Plus de vingt ans plus tard, LC continue de se concentrer sur la recherche, l&rsquo;\u00e9ducation et la sensibilisation au lymphome au Canada. Nous offrons \u00e9galement du soutien aux patients et \u00e0 leurs familles et plaidons pour l&rsquo;\u00e9galit\u00e9 d&rsquo;acc\u00e8s aux traitements \u00e0 travers le Canada.<\/p>\n","protected":false},"excerpt":{"rendered":"<p>Lymphome Canada trouve ses racines dans deux\u00a0organisations r\u00e9gionales distinctes, qui ont toutes les deux\u00a0\u00e9t\u00e9 fond\u00e9es en 1998. Au d\u00e9but de l\u2019ann\u00e9e 1998, Patricia\u00a0Manson a d\u00e9cid\u00e9 de fonder \u00e0 Vancouver la&#8230;<\/p>\n","protected":false},"author":1,"featured_media":0,"parent":389,"menu_order":3,"comment_status":"closed","ping_status":"closed","template":"page-sidebar.php","meta":{"_acf_changed":false,"footnotes":""},"categories":[],"tags":[],"class_list":["post-529","page","type-page","status-publish"],"acf":[],"yoast_head":"<!-- This site is optimized with the Yoast SEO plugin v26.7 - https:\/\/yoast.com\/wordpress\/plugins\/seo\/ -->\n<title>Histoire - Lymphoma Canada<\/title>\n<meta name=\"robots\" content=\"index, follow, max-snippet:-1, max-image-preview:large, max-video-preview:-1\" \/>\n<link rel=\"canonical\" href=\"https:\/\/www.lymphoma.ca\/fr\/a-notre-propos\/histoire\/\" \/>\n<meta property=\"og:locale\" content=\"fr_FR\" \/>\n<meta property=\"og:type\" content=\"article\" \/>\n<meta property=\"og:title\" content=\"Histoire - Lymphoma Canada\" \/>\n<meta property=\"og:description\" content=\"Lymphome Canada trouve ses racines dans deux\u00a0organisations r\u00e9gionales distinctes, qui ont toutes les deux\u00a0\u00e9t\u00e9 fond\u00e9es en 1998. Au d\u00e9but de l\u2019ann\u00e9e 1998, Patricia\u00a0Manson a d\u00e9cid\u00e9 de fonder \u00e0 Vancouver la...\" \/>\n<meta property=\"og:url\" content=\"https:\/\/www.lymphoma.ca\/fr\/a-notre-propos\/histoire\/\" \/>\n<meta property=\"og:site_name\" content=\"Lymphoma Canada\" \/>\n<meta property=\"article:publisher\" content=\"https:\/\/www.facebook.com\/LymphomaCanada\" \/>\n<meta property=\"article:modified_time\" content=\"2020-06-22T18:28:26+00:00\" \/>\n<meta name=\"twitter:card\" content=\"summary_large_image\" \/>\n<meta name=\"twitter:site\" content=\"@lymphomacanada\" \/>\n<meta name=\"twitter:label1\" content=\"Dur\u00e9e de lecture estim\u00e9e\" \/>\n\t<meta name=\"twitter:data1\" content=\"3 minutes\" \/>\n<script type=\"application\/ld+json\" class=\"yoast-schema-graph\">{\"@context\":\"https:\/\/schema.org\",\"@graph\":[{\"@type\":\"WebPage\",\"@id\":\"https:\/\/www.lymphoma.ca\/fr\/a-notre-propos\/histoire\/\",\"url\":\"https:\/\/www.lymphoma.ca\/fr\/a-notre-propos\/histoire\/\",\"name\":\"Histoire - Lymphoma Canada\",\"isPartOf\":{\"@id\":\"https:\/\/www.lymphoma.ca\/fr\/#website\"},\"datePublished\":\"2013-04-26T11:57:06+00:00\",\"dateModified\":\"2020-06-22T18:28:26+00:00\",\"breadcrumb\":{\"@id\":\"https:\/\/www.lymphoma.ca\/fr\/a-notre-propos\/histoire\/#breadcrumb\"},\"inLanguage\":\"fr-FR\",\"potentialAction\":[{\"@type\":\"ReadAction\",\"target\":[\"https:\/\/www.lymphoma.ca\/fr\/a-notre-propos\/histoire\/\"]}]},{\"@type\":\"BreadcrumbList\",\"@id\":\"https:\/\/www.lymphoma.ca\/fr\/a-notre-propos\/histoire\/#breadcrumb\",\"itemListElement\":[{\"@type\":\"ListItem\",\"position\":1,\"name\":\"Home\",\"item\":\"https:\/\/www.lymphoma.ca\/fr\/\"},{\"@type\":\"ListItem\",\"position\":2,\"name\":\"\u00c0 notre propos\",\"item\":\"https:\/\/www.lymphoma.ca\/fr\/a-notre-propos\/\"},{\"@type\":\"ListItem\",\"position\":3,\"name\":\"Histoire\"}]},{\"@type\":\"WebSite\",\"@id\":\"https:\/\/www.lymphoma.ca\/fr\/#website\",\"url\":\"https:\/\/www.lymphoma.ca\/fr\/\",\"name\":\"Lymphoma Canada\",\"description\":\"Information. Help. Hope.\",\"publisher\":{\"@id\":\"https:\/\/www.lymphoma.ca\/fr\/#organization\"},\"potentialAction\":[{\"@type\":\"SearchAction\",\"target\":{\"@type\":\"EntryPoint\",\"urlTemplate\":\"https:\/\/www.lymphoma.ca\/fr\/?s={search_term_string}\"},\"query-input\":{\"@type\":\"PropertyValueSpecification\",\"valueRequired\":true,\"valueName\":\"search_term_string\"}}],\"inLanguage\":\"fr-FR\"},{\"@type\":\"Organization\",\"@id\":\"https:\/\/www.lymphoma.ca\/fr\/#organization\",\"name\":\"Lymphoma Canada\",\"url\":\"https:\/\/www.lymphoma.ca\/fr\/\",\"logo\":{\"@type\":\"ImageObject\",\"inLanguage\":\"fr-FR\",\"@id\":\"https:\/\/www.lymphoma.ca\/fr\/#\/schema\/logo\/image\/\",\"url\":\"https:\/\/www.lymphoma.ca\/wp-content\/uploads\/2023\/05\/logo-lymphoma.jpg\",\"contentUrl\":\"https:\/\/www.lymphoma.ca\/wp-content\/uploads\/2023\/05\/logo-lymphoma.jpg\",\"width\":343,\"height\":343,\"caption\":\"Lymphoma Canada\"},\"image\":{\"@id\":\"https:\/\/www.lymphoma.ca\/fr\/#\/schema\/logo\/image\/\"},\"sameAs\":[\"https:\/\/www.facebook.com\/LymphomaCanada\",\"https:\/\/x.com\/lymphomacanada\",\"https:\/\/www.linkedin.com\/company\/lymphoma-canada\/\",\"http:\/\/instagram.com\/lymphomacanada\",\"http:\/\/www.youtube.com\/user\/LymphomaTV\"]}]}<\/script>\n<!-- \/ Yoast SEO plugin. -->","yoast_head_json":{"title":"Histoire - Lymphoma Canada","robots":{"index":"index","follow":"follow","max-snippet":"max-snippet:-1","max-image-preview":"max-image-preview:large","max-video-preview":"max-video-preview:-1"},"canonical":"https:\/\/www.lymphoma.ca\/fr\/a-notre-propos\/histoire\/","og_locale":"fr_FR","og_type":"article","og_title":"Histoire - Lymphoma Canada","og_description":"Lymphome Canada trouve ses racines dans deux\u00a0organisations r\u00e9gionales distinctes, qui ont toutes les deux\u00a0\u00e9t\u00e9 fond\u00e9es en 1998. Au d\u00e9but de l\u2019ann\u00e9e 1998, Patricia\u00a0Manson a d\u00e9cid\u00e9 de fonder \u00e0 Vancouver la...","og_url":"https:\/\/www.lymphoma.ca\/fr\/a-notre-propos\/histoire\/","og_site_name":"Lymphoma Canada","article_publisher":"https:\/\/www.facebook.com\/LymphomaCanada","article_modified_time":"2020-06-22T18:28:26+00:00","twitter_card":"summary_large_image","twitter_site":"@lymphomacanada","twitter_misc":{"Dur\u00e9e de lecture estim\u00e9e":"3 minutes"},"schema":{"@context":"https:\/\/schema.org","@graph":[{"@type":"WebPage","@id":"https:\/\/www.lymphoma.ca\/fr\/a-notre-propos\/histoire\/","url":"https:\/\/www.lymphoma.ca\/fr\/a-notre-propos\/histoire\/","name":"Histoire - Lymphoma Canada","isPartOf":{"@id":"https:\/\/www.lymphoma.ca\/fr\/#website"},"datePublished":"2013-04-26T11:57:06+00:00","dateModified":"2020-06-22T18:28:26+00:00","breadcrumb":{"@id":"https:\/\/www.lymphoma.ca\/fr\/a-notre-propos\/histoire\/#breadcrumb"},"inLanguage":"fr-FR","potentialAction":[{"@type":"ReadAction","target":["https:\/\/www.lymphoma.ca\/fr\/a-notre-propos\/histoire\/"]}]},{"@type":"BreadcrumbList","@id":"https:\/\/www.lymphoma.ca\/fr\/a-notre-propos\/histoire\/#breadcrumb","itemListElement":[{"@type":"ListItem","position":1,"name":"Home","item":"https:\/\/www.lymphoma.ca\/fr\/"},{"@type":"ListItem","position":2,"name":"\u00c0 notre propos","item":"https:\/\/www.lymphoma.ca\/fr\/a-notre-propos\/"},{"@type":"ListItem","position":3,"name":"Histoire"}]},{"@type":"WebSite","@id":"https:\/\/www.lymphoma.ca\/fr\/#website","url":"https:\/\/www.lymphoma.ca\/fr\/","name":"Lymphoma Canada","description":"Information. Help. Hope.","publisher":{"@id":"https:\/\/www.lymphoma.ca\/fr\/#organization"},"potentialAction":[{"@type":"SearchAction","target":{"@type":"EntryPoint","urlTemplate":"https:\/\/www.lymphoma.ca\/fr\/?s={search_term_string}"},"query-input":{"@type":"PropertyValueSpecification","valueRequired":true,"valueName":"search_term_string"}}],"inLanguage":"fr-FR"},{"@type":"Organization","@id":"https:\/\/www.lymphoma.ca\/fr\/#organization","name":"Lymphoma Canada","url":"https:\/\/www.lymphoma.ca\/fr\/","logo":{"@type":"ImageObject","inLanguage":"fr-FR","@id":"https:\/\/www.lymphoma.ca\/fr\/#\/schema\/logo\/image\/","url":"https:\/\/www.lymphoma.ca\/wp-content\/uploads\/2023\/05\/logo-lymphoma.jpg","contentUrl":"https:\/\/www.lymphoma.ca\/wp-content\/uploads\/2023\/05\/logo-lymphoma.jpg","width":343,"height":343,"caption":"Lymphoma Canada"},"image":{"@id":"https:\/\/www.lymphoma.ca\/fr\/#\/schema\/logo\/image\/"},"sameAs":["https:\/\/www.facebook.com\/LymphomaCanada","https:\/\/x.com\/lymphomacanada","https:\/\/www.linkedin.com\/company\/lymphoma-canada\/","http:\/\/instagram.com\/lymphomacanada","http:\/\/www.youtube.com\/user\/LymphomaTV"]}]}},"_links":{"self":[{"href":"https:\/\/www.lymphoma.ca\/fr\/wp-json\/wp\/v2\/pages\/529","targetHints":{"allow":["GET"]}}],"collection":[{"href":"https:\/\/www.lymphoma.ca\/fr\/wp-json\/wp\/v2\/pages"}],"about":[{"href":"https:\/\/www.lymphoma.ca\/fr\/wp-json\/wp\/v2\/types\/page"}],"author":[{"embeddable":true,"href":"https:\/\/www.lymphoma.ca\/fr\/wp-json\/wp\/v2\/users\/1"}],"replies":[{"embeddable":true,"href":"https:\/\/www.lymphoma.ca\/fr\/wp-json\/wp\/v2\/comments?post=529"}],"version-history":[{"count":2,"href":"https:\/\/www.lymphoma.ca\/fr\/wp-json\/wp\/v2\/pages\/529\/revisions"}],"predecessor-version":[{"id":7905,"href":"https:\/\/www.lymphoma.ca\/fr\/wp-json\/wp\/v2\/pages\/529\/revisions\/7905"}],"up":[{"embeddable":true,"href":"https:\/\/www.lymphoma.ca\/fr\/wp-json\/wp\/v2\/pages\/389"}],"wp:attachment":[{"href":"https:\/\/www.lymphoma.ca\/fr\/wp-json\/wp\/v2\/media?parent=529"}],"wp:term":[{"taxonomy":"category","embeddable":true,"href":"https:\/\/www.lymphoma.ca\/fr\/wp-json\/wp\/v2\/categories?post=529"},{"taxonomy":"post_tag","embeddable":true,"href":"https:\/\/www.lymphoma.ca\/fr\/wp-json\/wp\/v2\/tags?post=529"}],"curies":[{"name":"wp","href":"https:\/\/api.w.org\/{rel}","templated":true}]}}