{"id":5307,"date":"2020-02-28T17:46:49","date_gmt":"2020-02-28T17:46:49","guid":{"rendered":"https:\/\/www.lymphoma.ca\/?page_id=5307"},"modified":"2020-02-28T17:46:49","modified_gmt":"2020-02-28T17:46:49","slug":"soins-de-suivi-apres-le-traitement","status":"publish","type":"page","link":"https:\/\/www.lymphoma.ca\/fr\/vivre-apres\/ma-maladie\/soins-de-suivi-apres-le-traitement\/","title":{"rendered":"Soins de suivi apr\u00e8s le traitement"},"content":{"rendered":"<p>Comme il n&rsquo;y a pas de r\u00e9ponses claires, il peut \u00eatre difficile de vivre avec un lymphome en tant que maladie chronique. Les soins que vous recevrez apr\u00e8s le traitement d\u00e9pendront en grande partie du type de lymphome dont vous \u00eates ou avez \u00e9t\u00e9 atteint, du traitement que vous avez re\u00e7u et de votre r\u00e9ponse au traitement.<\/p>\n<p>Une fois que le traitement actif aura pris fin, on vous proposera probablement un plan de soins de suivi afin de surveiller vos progr\u00e8s et votre r\u00e9tablissement et de d\u00e9celer une \u00e9ventuelle r\u00e9cidive. Il est tr\u00e8s important que vous respectiez tous vos rendez-vous de suivi. Le calendrier des visites, des examens et des interventions auxquels vous devrez vous soumettre durant le suivi sera adapt\u00e9 \u00e0 votre situation particuli\u00e8re. Vous continuerez alors \u00e0 \u00eatre pris en charge par votre \u00e9quipe de soins actuelle contre le lymphome.<\/p>\n<p>Plus tard, il est possible que vous soyez redirig\u00e9 vers votre m\u00e9decin de famille. De plus, vous rencontrerez peut-\u00eatre d&rsquo;autres m\u00e9decins ou professionnels de la sant\u00e9, comme un dentiste, un neurologue, un physioth\u00e9rapeute ou un naturopathe pour prendre en charge d&rsquo;autres aspects de votre sant\u00e9. Dans ces sections, vous apprendrez comment faire en sorte que ces professionnels connaissent tous vos ant\u00e9c\u00e9dents m\u00e9dicaux afin que vous puissiez continuer \u00e0 recevoir les meilleurs soins possible.<\/p>\n","protected":false},"excerpt":{"rendered":"<p>Comme il n&rsquo;y a pas de r\u00e9ponses claires, il peut \u00eatre difficile de vivre avec un lymphome en tant que maladie chronique. Les soins que vous recevrez apr\u00e8s le traitement&#8230;<\/p>\n","protected":false},"author":27,"featured_media":0,"parent":5305,"menu_order":0,"comment_status":"closed","ping_status":"closed","template":"page-sidebar.php","meta":{"_acf_changed":false,"footnotes":""},"categories":[],"tags":[],"class_list":["post-5307","page","type-page","status-publish"],"acf":[],"yoast_head":"<!-- This site is optimized with the Yoast SEO plugin v26.7 - https:\/\/yoast.com\/wordpress\/plugins\/seo\/ -->\n<title>Soins de suivi apr\u00e8s le traitement - Lymphoma Canada<\/title>\n<meta name=\"robots\" content=\"index, follow, max-snippet:-1, max-image-preview:large, max-video-preview:-1\" \/>\n<link rel=\"canonical\" href=\"https:\/\/www.lymphoma.ca\/fr\/vivre-apres\/ma-maladie\/soins-de-suivi-apres-le-traitement\/\" \/>\n<meta property=\"og:locale\" content=\"fr_FR\" \/>\n<meta property=\"og:type\" content=\"article\" \/>\n<meta property=\"og:title\" content=\"Soins de suivi apr\u00e8s le traitement - Lymphoma Canada\" \/>\n<meta property=\"og:description\" content=\"Comme il n&rsquo;y a pas de r\u00e9ponses claires, il peut \u00eatre difficile de vivre avec un lymphome en tant que maladie chronique. Les soins que vous recevrez apr\u00e8s le traitement...\" \/>\n<meta property=\"og:url\" content=\"https:\/\/www.lymphoma.ca\/fr\/vivre-apres\/ma-maladie\/soins-de-suivi-apres-le-traitement\/\" \/>\n<meta property=\"og:site_name\" content=\"Lymphoma Canada\" \/>\n<meta property=\"article:publisher\" content=\"https:\/\/www.facebook.com\/LymphomaCanada\" \/>\n<meta name=\"twitter:card\" content=\"summary_large_image\" \/>\n<meta name=\"twitter:site\" content=\"@lymphomacanada\" \/>\n<meta name=\"twitter:label1\" content=\"Dur\u00e9e de lecture estim\u00e9e\" \/>\n\t<meta name=\"twitter:data1\" content=\"1 minute\" \/>\n<script type=\"application\/ld+json\" class=\"yoast-schema-graph\">{\"@context\":\"https:\/\/schema.org\",\"@graph\":[{\"@type\":\"WebPage\",\"@id\":\"https:\/\/www.lymphoma.ca\/fr\/vivre-apres\/ma-maladie\/soins-de-suivi-apres-le-traitement\/\",\"url\":\"https:\/\/www.lymphoma.ca\/fr\/vivre-apres\/ma-maladie\/soins-de-suivi-apres-le-traitement\/\",\"name\":\"Soins de suivi apr\u00e8s le traitement - Lymphoma Canada\",\"isPartOf\":{\"@id\":\"https:\/\/www.lymphoma.ca\/fr\/#website\"},\"datePublished\":\"2020-02-28T17:46:49+00:00\",\"breadcrumb\":{\"@id\":\"https:\/\/www.lymphoma.ca\/fr\/vivre-apres\/ma-maladie\/soins-de-suivi-apres-le-traitement\/#breadcrumb\"},\"inLanguage\":\"fr-FR\",\"potentialAction\":[{\"@type\":\"ReadAction\",\"target\":[\"https:\/\/www.lymphoma.ca\/fr\/vivre-apres\/ma-maladie\/soins-de-suivi-apres-le-traitement\/\"]}]},{\"@type\":\"BreadcrumbList\",\"@id\":\"https:\/\/www.lymphoma.ca\/fr\/vivre-apres\/ma-maladie\/soins-de-suivi-apres-le-traitement\/#breadcrumb\",\"itemListElement\":[{\"@type\":\"ListItem\",\"position\":1,\"name\":\"Home\",\"item\":\"https:\/\/www.lymphoma.ca\/fr\/\"},{\"@type\":\"ListItem\",\"position\":2,\"name\":\"Vivre apr\u00e8s le Lymphome\",\"item\":\"https:\/\/www.lymphoma.ca\/fr\/vivre-apres\/\"},{\"@type\":\"ListItem\",\"position\":3,\"name\":\"Ma maladie &#8211; Le lymphome, une maladie chronique\",\"item\":\"https:\/\/www.lymphoma.ca\/fr\/vivre-apres\/ma-maladie\/\"},{\"@type\":\"ListItem\",\"position\":4,\"name\":\"Soins de suivi apr\u00e8s le traitement\"}]},{\"@type\":\"WebSite\",\"@id\":\"https:\/\/www.lymphoma.ca\/fr\/#website\",\"url\":\"https:\/\/www.lymphoma.ca\/fr\/\",\"name\":\"Lymphoma Canada\",\"description\":\"Information. Help. Hope.\",\"publisher\":{\"@id\":\"https:\/\/www.lymphoma.ca\/fr\/#organization\"},\"potentialAction\":[{\"@type\":\"SearchAction\",\"target\":{\"@type\":\"EntryPoint\",\"urlTemplate\":\"https:\/\/www.lymphoma.ca\/fr\/?s={search_term_string}\"},\"query-input\":{\"@type\":\"PropertyValueSpecification\",\"valueRequired\":true,\"valueName\":\"search_term_string\"}}],\"inLanguage\":\"fr-FR\"},{\"@type\":\"Organization\",\"@id\":\"https:\/\/www.lymphoma.ca\/fr\/#organization\",\"name\":\"Lymphoma Canada\",\"url\":\"https:\/\/www.lymphoma.ca\/fr\/\",\"logo\":{\"@type\":\"ImageObject\",\"inLanguage\":\"fr-FR\",\"@id\":\"https:\/\/www.lymphoma.ca\/fr\/#\/schema\/logo\/image\/\",\"url\":\"https:\/\/www.lymphoma.ca\/wp-content\/uploads\/2023\/05\/logo-lymphoma.jpg\",\"contentUrl\":\"https:\/\/www.lymphoma.ca\/wp-content\/uploads\/2023\/05\/logo-lymphoma.jpg\",\"width\":343,\"height\":343,\"caption\":\"Lymphoma Canada\"},\"image\":{\"@id\":\"https:\/\/www.lymphoma.ca\/fr\/#\/schema\/logo\/image\/\"},\"sameAs\":[\"https:\/\/www.facebook.com\/LymphomaCanada\",\"https:\/\/x.com\/lymphomacanada\",\"https:\/\/www.linkedin.com\/company\/lymphoma-canada\/\",\"http:\/\/instagram.com\/lymphomacanada\",\"http:\/\/www.youtube.com\/user\/LymphomaTV\"]}]}<\/script>\n<!-- \/ Yoast SEO plugin. -->","yoast_head_json":{"title":"Soins de suivi apr\u00e8s le traitement - Lymphoma Canada","robots":{"index":"index","follow":"follow","max-snippet":"max-snippet:-1","max-image-preview":"max-image-preview:large","max-video-preview":"max-video-preview:-1"},"canonical":"https:\/\/www.lymphoma.ca\/fr\/vivre-apres\/ma-maladie\/soins-de-suivi-apres-le-traitement\/","og_locale":"fr_FR","og_type":"article","og_title":"Soins de suivi apr\u00e8s le traitement - Lymphoma Canada","og_description":"Comme il n&rsquo;y a pas de r\u00e9ponses claires, il peut \u00eatre difficile de vivre avec un lymphome en tant que maladie chronique. Les soins que vous recevrez apr\u00e8s le traitement...","og_url":"https:\/\/www.lymphoma.ca\/fr\/vivre-apres\/ma-maladie\/soins-de-suivi-apres-le-traitement\/","og_site_name":"Lymphoma Canada","article_publisher":"https:\/\/www.facebook.com\/LymphomaCanada","twitter_card":"summary_large_image","twitter_site":"@lymphomacanada","twitter_misc":{"Dur\u00e9e de lecture estim\u00e9e":"1 minute"},"schema":{"@context":"https:\/\/schema.org","@graph":[{"@type":"WebPage","@id":"https:\/\/www.lymphoma.ca\/fr\/vivre-apres\/ma-maladie\/soins-de-suivi-apres-le-traitement\/","url":"https:\/\/www.lymphoma.ca\/fr\/vivre-apres\/ma-maladie\/soins-de-suivi-apres-le-traitement\/","name":"Soins de suivi apr\u00e8s le traitement - Lymphoma Canada","isPartOf":{"@id":"https:\/\/www.lymphoma.ca\/fr\/#website"},"datePublished":"2020-02-28T17:46:49+00:00","breadcrumb":{"@id":"https:\/\/www.lymphoma.ca\/fr\/vivre-apres\/ma-maladie\/soins-de-suivi-apres-le-traitement\/#breadcrumb"},"inLanguage":"fr-FR","potentialAction":[{"@type":"ReadAction","target":["https:\/\/www.lymphoma.ca\/fr\/vivre-apres\/ma-maladie\/soins-de-suivi-apres-le-traitement\/"]}]},{"@type":"BreadcrumbList","@id":"https:\/\/www.lymphoma.ca\/fr\/vivre-apres\/ma-maladie\/soins-de-suivi-apres-le-traitement\/#breadcrumb","itemListElement":[{"@type":"ListItem","position":1,"name":"Home","item":"https:\/\/www.lymphoma.ca\/fr\/"},{"@type":"ListItem","position":2,"name":"Vivre apr\u00e8s le Lymphome","item":"https:\/\/www.lymphoma.ca\/fr\/vivre-apres\/"},{"@type":"ListItem","position":3,"name":"Ma maladie &#8211; Le lymphome, une maladie chronique","item":"https:\/\/www.lymphoma.ca\/fr\/vivre-apres\/ma-maladie\/"},{"@type":"ListItem","position":4,"name":"Soins de suivi apr\u00e8s le traitement"}]},{"@type":"WebSite","@id":"https:\/\/www.lymphoma.ca\/fr\/#website","url":"https:\/\/www.lymphoma.ca\/fr\/","name":"Lymphoma Canada","description":"Information. Help. Hope.","publisher":{"@id":"https:\/\/www.lymphoma.ca\/fr\/#organization"},"potentialAction":[{"@type":"SearchAction","target":{"@type":"EntryPoint","urlTemplate":"https:\/\/www.lymphoma.ca\/fr\/?s={search_term_string}"},"query-input":{"@type":"PropertyValueSpecification","valueRequired":true,"valueName":"search_term_string"}}],"inLanguage":"fr-FR"},{"@type":"Organization","@id":"https:\/\/www.lymphoma.ca\/fr\/#organization","name":"Lymphoma Canada","url":"https:\/\/www.lymphoma.ca\/fr\/","logo":{"@type":"ImageObject","inLanguage":"fr-FR","@id":"https:\/\/www.lymphoma.ca\/fr\/#\/schema\/logo\/image\/","url":"https:\/\/www.lymphoma.ca\/wp-content\/uploads\/2023\/05\/logo-lymphoma.jpg","contentUrl":"https:\/\/www.lymphoma.ca\/wp-content\/uploads\/2023\/05\/logo-lymphoma.jpg","width":343,"height":343,"caption":"Lymphoma Canada"},"image":{"@id":"https:\/\/www.lymphoma.ca\/fr\/#\/schema\/logo\/image\/"},"sameAs":["https:\/\/www.facebook.com\/LymphomaCanada","https:\/\/x.com\/lymphomacanada","https:\/\/www.linkedin.com\/company\/lymphoma-canada\/","http:\/\/instagram.com\/lymphomacanada","http:\/\/www.youtube.com\/user\/LymphomaTV"]}]}},"_links":{"self":[{"href":"https:\/\/www.lymphoma.ca\/fr\/wp-json\/wp\/v2\/pages\/5307","targetHints":{"allow":["GET"]}}],"collection":[{"href":"https:\/\/www.lymphoma.ca\/fr\/wp-json\/wp\/v2\/pages"}],"about":[{"href":"https:\/\/www.lymphoma.ca\/fr\/wp-json\/wp\/v2\/types\/page"}],"author":[{"embeddable":true,"href":"https:\/\/www.lymphoma.ca\/fr\/wp-json\/wp\/v2\/users\/27"}],"replies":[{"embeddable":true,"href":"https:\/\/www.lymphoma.ca\/fr\/wp-json\/wp\/v2\/comments?post=5307"}],"version-history":[{"count":1,"href":"https:\/\/www.lymphoma.ca\/fr\/wp-json\/wp\/v2\/pages\/5307\/revisions"}],"predecessor-version":[{"id":5308,"href":"https:\/\/www.lymphoma.ca\/fr\/wp-json\/wp\/v2\/pages\/5307\/revisions\/5308"}],"up":[{"embeddable":true,"href":"https:\/\/www.lymphoma.ca\/fr\/wp-json\/wp\/v2\/pages\/5305"}],"wp:attachment":[{"href":"https:\/\/www.lymphoma.ca\/fr\/wp-json\/wp\/v2\/media?parent=5307"}],"wp:term":[{"taxonomy":"category","embeddable":true,"href":"https:\/\/www.lymphoma.ca\/fr\/wp-json\/wp\/v2\/categories?post=5307"},{"taxonomy":"post_tag","embeddable":true,"href":"https:\/\/www.lymphoma.ca\/fr\/wp-json\/wp\/v2\/tags?post=5307"}],"curies":[{"name":"wp","href":"https:\/\/api.w.org\/{rel}","templated":true}]}}