{"id":5309,"date":"2020-02-14T20:56:41","date_gmt":"2020-02-14T20:56:41","guid":{"rendered":"https:\/\/www.lymphoma.ca\/vivre-apres\/ma-maladie-le-lymphome-une-maladie-chronique\/current-lymphoma-healthcare-team\/"},"modified":"2020-02-28T18:05:14","modified_gmt":"2020-02-28T18:05:14","slug":"equipe-actuelle-de-soins-contre-le-lymphome","status":"publish","type":"page","link":"https:\/\/www.lymphoma.ca\/fr\/vivre-apres\/ma-maladie\/equipe-actuelle-de-soins-contre-le-lymphome\/","title":{"rendered":"\u00c9quipe actuelle de soins contre le lymphome"},"content":{"rendered":"[vc_row type=\u00a0\u00bbin_container\u00a0\u00bb full_screen_row_position=\u00a0\u00bbmiddle\u00a0\u00bb column_margin=\u00a0\u00bbdefault\u00a0\u00bb scene_position=\u00a0\u00bbcenter\u00a0\u00bb text_color=\u00a0\u00bbdark\u00a0\u00bb text_align=\u00a0\u00bbleft\u00a0\u00bb overlay_strength=\u00a0\u00bb0.3&Prime; shape_divider_position=\u00a0\u00bbbottom\u00a0\u00bb bg_image_animation=\u00a0\u00bbnone\u00a0\u00bb][vc_column column_padding=\u00a0\u00bbno-extra-padding\u00a0\u00bb column_padding_position=\u00a0\u00bball\u00a0\u00bb background_color_opacity=\u00a0\u00bb1&Prime; background_hover_color_opacity=\u00a0\u00bb1&Prime; column_link_target=\u00a0\u00bb_self\u00a0\u00bb column_shadow=\u00a0\u00bbnone\u00a0\u00bb column_border_radius=\u00a0\u00bbnone\u00a0\u00bb width=\u00a0\u00bb1\/1&Prime; tablet_width_inherit=\u00a0\u00bbdefault\u00a0\u00bb tablet_text_alignment=\u00a0\u00bbdefault\u00a0\u00bb phone_text_alignment=\u00a0\u00bbdefault\u00a0\u00bb overlay_strength=\u00a0\u00bb0.3&Prime; column_border_width=\u00a0\u00bbnone\u00a0\u00bb column_border_style=\u00a0\u00bbsolid\u00a0\u00bb bg_image_animation=\u00a0\u00bbnone\u00a0\u00bb][vc_column_text]Au d\u00e9but de la p\u00e9riode suivant le traitement actif, le m\u00e9decin qui vous traitait durant votre exp\u00e9rience avec le lymphome souhaitera probablement vous voir r\u00e9guli\u00e8rement, habituellement \u00e0 intervalle de quelques mois durant la premi\u00e8re ou les deux premi\u00e8res ann\u00e9es, et un peu moins souvent par la suite. Vos rendez-vous de suivi pourraient inclure une combinaison des \u00e9l\u00e9ments suivants\u00a0:<\/p>\n<ul>\n<li><strong>Examen physique\u00a0:<\/strong>\u00a0pour examiner minutieusement la taille et la fermet\u00e9 des ganglionslymphatiques<\/li>\n<li><strong>Examens d&rsquo;imagerie\u00a0:<\/strong>\u00a0tels la tomodensitom\u00e9trie (TDM), la tomographie par \u00e9mission de positrons (TEP) et d&rsquo;autres types examens d&rsquo;imagerie afin de mesurer la taille des masses tumorales restantes si des ganglions lymphatiques internes ou d&rsquo;autres organes internes sont ou ont \u00e9t\u00e9 touch\u00e9s<\/li>\n<li><strong>\u00c9preuves sanguines\u00a0:<\/strong>\u00a0afin d&rsquo;\u00e9valuer votre r\u00e9tablissement et la n\u00e9cessit\u00e9 de traitements suppl\u00e9mentaires<\/li>\n<\/ul>\n<p>Votre m\u00e9decin vous indiquera \u00e9galement de surveiller certains signes ou sympt\u00f4mes sp\u00e9cifiques de r\u00e9cidive. La pr\u00e9sence de nouveaux sympt\u00f4mes ou de sympt\u00f4mes persistants du cancer peut \u00eatre alarmante. La crainte des r\u00e9cidives du cancer est r\u00e9elle et fr\u00e9quente. Il existe un certain nombre de fa\u00e7ons de faire face \u00e0 ces craintes. M\u00eame s&rsquo;il peut \u00eatre troublant de voir appara\u00eetre de nouveaux sympt\u00f4mes, sachez que ces derniers ne sont pas n\u00e9cessairement reli\u00e9s au cancer. Il demeure n\u00e9anmoins important de ne pas ignorer vos pr\u00e9occupations et d&rsquo;en faire part \u00e0 votre \u00e9quipe de soins\u00a0: n&rsquo;attendez pas votre rendez-vous suivant avant de les informer; faites-le sans tarder.<\/p>\n<p>En outre, sachez que presque tous les traitements anticanc\u00e9reux entra\u00eenent des effets secondaires. Certains de ces effets durent quelques semaines \u00e0 quelques mois, alors que d&rsquo;autres peuvent durer le restant de votre vie. Utilisez le temps qui vous est consacr\u00e9 durant vos rendez-vous de suivi pour discuter avec les membres de votre \u00e9quipe de soins de tout changement ou probl\u00e8me que vous avez remarqu\u00e9; posez-leur \u00e9galement des questions et faites-leur part de vos pr\u00e9occupations au sujet de votre sant\u00e9 suivant la fin de votre traitement.<\/p>\n<p>Aussi, assurez-vous de toujours mentionner \u00e0 votre \u00e9quipe de soins les m\u00e9dicaments, vitamines, plantes m\u00e9dicinales ou diff\u00e9rentes approches de gu\u00e9rison que vous utilisez.[\/vc_column_text][\/vc_column][\/vc_row][vc_row type=\u00a0\u00bbin_container\u00a0\u00bb full_screen_row_position=\u00a0\u00bbmiddle\u00a0\u00bb equal_height=\u00a0\u00bbyes\u00a0\u00bb content_placement=\u00a0\u00bbmiddle\u00a0\u00bb column_margin=\u00a0\u00bbdefault\u00a0\u00bb scene_position=\u00a0\u00bbcenter\u00a0\u00bb text_color=\u00a0\u00bbdark\u00a0\u00bb text_align=\u00a0\u00bbleft\u00a0\u00bb overlay_strength=\u00a0\u00bb0.3&Prime; shape_divider_position=\u00a0\u00bbbottom\u00a0\u00bb bg_image_animation=\u00a0\u00bbnone\u00a0\u00bb shape_type=\u00a0\u00bb\u00a0\u00bb][vc_column centered_text=\u00a0\u00bbtrue\u00a0\u00bb column_padding=\u00a0\u00bbno-extra-padding\u00a0\u00bb column_padding_position=\u00a0\u00bball\u00a0\u00bb background_color_opacity=\u00a0\u00bb1&Prime; background_hover_color_opacity=\u00a0\u00bb1&Prime; column_link_target=\u00a0\u00bb_self\u00a0\u00bb column_shadow=\u00a0\u00bbnone\u00a0\u00bb column_border_radius=\u00a0\u00bbnone\u00a0\u00bb width=\u00a0\u00bb1\/1&Prime; tablet_width_inherit=\u00a0\u00bbdefault\u00a0\u00bb tablet_text_alignment=\u00a0\u00bbdefault\u00a0\u00bb phone_text_alignment=\u00a0\u00bbdefault\u00a0\u00bb overlay_strength=\u00a0\u00bb0.3&Prime; column_border_width=\u00a0\u00bbnone\u00a0\u00bb column_border_style=\u00a0\u00bbsolid\u00a0\u00bb bg_image_animation=\u00a0\u00bbnone\u00a0\u00bb column_link=\u00a0\u00bbhttps:\/\/www.lymphoma.ca\/wp-content\/uploads\/2020\/02\/Guide-VAL.pdf\u00a0\u00bb][vc_column_text]Cliquez ici pour t\u00e9l\u00e9charger le Guide VAL.[\/vc_column_text][image_with_animation image_url=\u00a0\u00bb5312&Prime; alignment=\u00a0\u00bb\u00a0\u00bb animation=\u00a0\u00bbFade In\u00a0\u00bb hover_animation=\u00a0\u00bbnone\u00a0\u00bb border_radius=\u00a0\u00bbnone\u00a0\u00bb box_shadow=\u00a0\u00bbnone\u00a0\u00bb image_loading=\u00a0\u00bbdefault\u00a0\u00bb max_width=\u00a0\u00bb100%\u00a0\u00bb max_width_mobile=\u00a0\u00bbdefault\u00a0\u00bb][\/vc_column][\/vc_row][vc_row type=\u00a0\u00bbin_container\u00a0\u00bb full_screen_row_position=\u00a0\u00bbmiddle\u00a0\u00bb column_margin=\u00a0\u00bbdefault\u00a0\u00bb scene_position=\u00a0\u00bbcenter\u00a0\u00bb text_color=\u00a0\u00bbdark\u00a0\u00bb text_align=\u00a0\u00bbleft\u00a0\u00bb overlay_strength=\u00a0\u00bb0.3&Prime; shape_divider_position=\u00a0\u00bbbottom\u00a0\u00bb bg_image_animation=\u00a0\u00bbnone\u00a0\u00bb][vc_column column_padding=\u00a0\u00bbno-extra-padding\u00a0\u00bb column_padding_position=\u00a0\u00bball\u00a0\u00bb background_color_opacity=\u00a0\u00bb1&Prime; background_hover_color_opacity=\u00a0\u00bb1&Prime; column_link_target=\u00a0\u00bb_self\u00a0\u00bb column_shadow=\u00a0\u00bbnone\u00a0\u00bb column_border_radius=\u00a0\u00bbnone\u00a0\u00bb width=\u00a0\u00bb1\/1&Prime; tablet_width_inherit=\u00a0\u00bbdefault\u00a0\u00bb tablet_text_alignment=\u00a0\u00bbdefault\u00a0\u00bb phone_text_alignment=\u00a0\u00bbdefault\u00a0\u00bb overlay_strength=\u00a0\u00bb0.3&Prime; column_border_width=\u00a0\u00bbnone\u00a0\u00bb column_border_style=\u00a0\u00bbsolid\u00a0\u00bb bg_image_animation=\u00a0\u00bbnone\u00a0\u00bb][vc_column_text]\n<h4>Documentation de r\u00e9f\u00e9rence\u00a0:<\/h4>\n<p><a href=\"http:\/\/www.cancer.org\/cancer\/non-hodgkinlymphoma\/detailedguide\/non-hodgkin-lymphoma-after-follow-up\" target=\"_blank\" rel=\"noopener noreferrer\">American Cancer Society. What happens after treatment for non-Hodgkin lymphoma?<\/a><br \/>\nConsult\u00e9 le 22\u00a0mai\u00a02014.<\/p>\n<p><a href=\"http:\/\/www.cancer.org\/treatment\/survivorshipduringandaftertreatment\/when-cancer-doesnt-go-away\" target=\"_blank\" rel=\"noopener noreferrer\">American Cancer Society. When Cancer Doesn\u2019t Go Away.<\/a><br \/>\nConsult\u00e9 le 22\u00a0mai\u00a02014.<\/p>\n<p><a href=\"http:\/\/www.cancer.ca\/en\/cancer-information\/cancer-journey\/life-after-cancer\/your-wellness-plan\/?region=nb#ixzz2ycJKxapF\" target=\"_blank\" rel=\"noopener noreferrer\">Canadian Cancer Society. Your wellness plan.<\/a><br \/>\nConsult\u00e9 le 22\u00a0mai\u00a02014.<\/p>\n<p><a href=\"http:\/\/www.cancer.net\/survivorship\/dealing-cancer-recurrence\" target=\"_blank\" rel=\"noopener noreferrer\">Cancer.Net. Dealing With Cancer Recurrence.<\/a><br \/>\nConsult\u00e9 le 22\u00a0mai\u00a02014.[\/vc_column_text][\/vc_column][\/vc_row]\n","protected":false},"excerpt":{"rendered":"<p>[vc_row type=\u00a0\u00bbin_container\u00a0\u00bb full_screen_row_position=\u00a0\u00bbmiddle\u00a0\u00bb column_margin=\u00a0\u00bbdefault\u00a0\u00bb scene_position=\u00a0\u00bbcenter\u00a0\u00bb text_color=\u00a0\u00bbdark\u00a0\u00bb text_align=\u00a0\u00bbleft\u00a0\u00bb overlay_strength=\u00a0\u00bb0.3&Prime; shape_divider_position=\u00a0\u00bbbottom\u00a0\u00bb bg_image_animation=\u00a0\u00bbnone\u00a0\u00bb][vc_column column_padding=\u00a0\u00bbno-extra-padding\u00a0\u00bb column_padding_position=\u00a0\u00bball\u00a0\u00bb background_color_opacity=\u00a0\u00bb1&Prime; background_hover_color_opacity=\u00a0\u00bb1&Prime; column_link_target=\u00a0\u00bb_self\u00a0\u00bb column_shadow=\u00a0\u00bbnone\u00a0\u00bb column_border_radius=\u00a0\u00bbnone\u00a0\u00bb width=\u00a0\u00bb1\/1&Prime; tablet_width_inherit=\u00a0\u00bbdefault\u00a0\u00bb tablet_text_alignment=\u00a0\u00bbdefault\u00a0\u00bb phone_text_alignment=\u00a0\u00bbdefault\u00a0\u00bb overlay_strength=\u00a0\u00bb0.3&Prime; column_border_width=\u00a0\u00bbnone\u00a0\u00bb column_border_style=\u00a0\u00bbsolid\u00a0\u00bb bg_image_animation=\u00a0\u00bbnone\u00a0\u00bb][vc_column_text]Au d\u00e9but de la p\u00e9riode suivant&#8230;<\/p>\n","protected":false},"author":27,"featured_media":0,"parent":5305,"menu_order":1,"comment_status":"closed","ping_status":"closed","template":"page-sidebar.php","meta":{"_acf_changed":false,"footnotes":""},"categories":[],"tags":[],"class_list":["post-5309","page","type-page","status-publish"],"acf":[],"yoast_head":"<!-- This site is optimized with the Yoast SEO plugin v26.7 - https:\/\/yoast.com\/wordpress\/plugins\/seo\/ -->\n<title>\u00c9quipe actuelle de soins contre le lymphome - Lymphoma Canada<\/title>\n<meta name=\"robots\" content=\"index, follow, max-snippet:-1, max-image-preview:large, max-video-preview:-1\" \/>\n<link rel=\"canonical\" href=\"https:\/\/www.lymphoma.ca\/fr\/vivre-apres\/ma-maladie\/equipe-actuelle-de-soins-contre-le-lymphome\/\" \/>\n<meta property=\"og:locale\" content=\"fr_FR\" \/>\n<meta property=\"og:type\" content=\"article\" \/>\n<meta property=\"og:title\" content=\"\u00c9quipe actuelle de soins contre le lymphome - Lymphoma Canada\" \/>\n<meta property=\"og:description\" content=\"[vc_row type=\u00a0\u00bbin_container\u00a0\u00bb full_screen_row_position=\u00a0\u00bbmiddle\u00a0\u00bb column_margin=\u00a0\u00bbdefault\u00a0\u00bb scene_position=\u00a0\u00bbcenter\u00a0\u00bb text_color=\u00a0\u00bbdark\u00a0\u00bb text_align=\u00a0\u00bbleft\u00a0\u00bb overlay_strength=\u00a0\u00bb0.3&Prime; shape_divider_position=\u00a0\u00bbbottom\u00a0\u00bb bg_image_animation=\u00a0\u00bbnone\u00a0\u00bb][vc_column column_padding=\u00a0\u00bbno-extra-padding\u00a0\u00bb column_padding_position=\u00a0\u00bball\u00a0\u00bb background_color_opacity=\u00a0\u00bb1&Prime; background_hover_color_opacity=\u00a0\u00bb1&Prime; column_link_target=\u00a0\u00bb_self\u00a0\u00bb column_shadow=\u00a0\u00bbnone\u00a0\u00bb column_border_radius=\u00a0\u00bbnone\u00a0\u00bb width=\u00a0\u00bb1\/1&Prime; tablet_width_inherit=\u00a0\u00bbdefault\u00a0\u00bb tablet_text_alignment=\u00a0\u00bbdefault\u00a0\u00bb phone_text_alignment=\u00a0\u00bbdefault\u00a0\u00bb overlay_strength=\u00a0\u00bb0.3&Prime; column_border_width=\u00a0\u00bbnone\u00a0\u00bb column_border_style=\u00a0\u00bbsolid\u00a0\u00bb bg_image_animation=\u00a0\u00bbnone\u00a0\u00bb][vc_column_text]Au d\u00e9but de la p\u00e9riode suivant...\" \/>\n<meta property=\"og:url\" content=\"https:\/\/www.lymphoma.ca\/fr\/vivre-apres\/ma-maladie\/equipe-actuelle-de-soins-contre-le-lymphome\/\" \/>\n<meta property=\"og:site_name\" content=\"Lymphoma Canada\" \/>\n<meta property=\"article:publisher\" content=\"https:\/\/www.facebook.com\/LymphomaCanada\" \/>\n<meta property=\"article:modified_time\" content=\"2020-02-28T18:05:14+00:00\" \/>\n<meta name=\"twitter:card\" content=\"summary_large_image\" \/>\n<meta name=\"twitter:site\" content=\"@lymphomacanada\" \/>\n<meta name=\"twitter:label1\" content=\"Dur\u00e9e de lecture estim\u00e9e\" \/>\n\t<meta name=\"twitter:data1\" content=\"4 minutes\" \/>\n<script type=\"application\/ld+json\" class=\"yoast-schema-graph\">{\"@context\":\"https:\/\/schema.org\",\"@graph\":[{\"@type\":\"WebPage\",\"@id\":\"https:\/\/www.lymphoma.ca\/fr\/vivre-apres\/ma-maladie\/equipe-actuelle-de-soins-contre-le-lymphome\/\",\"url\":\"https:\/\/www.lymphoma.ca\/fr\/vivre-apres\/ma-maladie\/equipe-actuelle-de-soins-contre-le-lymphome\/\",\"name\":\"\u00c9quipe actuelle de soins contre le lymphome - Lymphoma Canada\",\"isPartOf\":{\"@id\":\"https:\/\/www.lymphoma.ca\/fr\/#website\"},\"datePublished\":\"2020-02-14T20:56:41+00:00\",\"dateModified\":\"2020-02-28T18:05:14+00:00\",\"breadcrumb\":{\"@id\":\"https:\/\/www.lymphoma.ca\/fr\/vivre-apres\/ma-maladie\/equipe-actuelle-de-soins-contre-le-lymphome\/#breadcrumb\"},\"inLanguage\":\"fr-FR\",\"potentialAction\":[{\"@type\":\"ReadAction\",\"target\":[\"https:\/\/www.lymphoma.ca\/fr\/vivre-apres\/ma-maladie\/equipe-actuelle-de-soins-contre-le-lymphome\/\"]}]},{\"@type\":\"BreadcrumbList\",\"@id\":\"https:\/\/www.lymphoma.ca\/fr\/vivre-apres\/ma-maladie\/equipe-actuelle-de-soins-contre-le-lymphome\/#breadcrumb\",\"itemListElement\":[{\"@type\":\"ListItem\",\"position\":1,\"name\":\"Home\",\"item\":\"https:\/\/www.lymphoma.ca\/fr\/\"},{\"@type\":\"ListItem\",\"position\":2,\"name\":\"Vivre apr\u00e8s le Lymphome\",\"item\":\"https:\/\/www.lymphoma.ca\/fr\/vivre-apres\/\"},{\"@type\":\"ListItem\",\"position\":3,\"name\":\"Ma maladie &#8211; Le lymphome, une maladie chronique\",\"item\":\"https:\/\/www.lymphoma.ca\/fr\/vivre-apres\/ma-maladie\/\"},{\"@type\":\"ListItem\",\"position\":4,\"name\":\"\u00c9quipe actuelle de soins contre le lymphome\"}]},{\"@type\":\"WebSite\",\"@id\":\"https:\/\/www.lymphoma.ca\/fr\/#website\",\"url\":\"https:\/\/www.lymphoma.ca\/fr\/\",\"name\":\"Lymphoma Canada\",\"description\":\"Information. Help. Hope.\",\"publisher\":{\"@id\":\"https:\/\/www.lymphoma.ca\/fr\/#organization\"},\"potentialAction\":[{\"@type\":\"SearchAction\",\"target\":{\"@type\":\"EntryPoint\",\"urlTemplate\":\"https:\/\/www.lymphoma.ca\/fr\/?s={search_term_string}\"},\"query-input\":{\"@type\":\"PropertyValueSpecification\",\"valueRequired\":true,\"valueName\":\"search_term_string\"}}],\"inLanguage\":\"fr-FR\"},{\"@type\":\"Organization\",\"@id\":\"https:\/\/www.lymphoma.ca\/fr\/#organization\",\"name\":\"Lymphoma Canada\",\"url\":\"https:\/\/www.lymphoma.ca\/fr\/\",\"logo\":{\"@type\":\"ImageObject\",\"inLanguage\":\"fr-FR\",\"@id\":\"https:\/\/www.lymphoma.ca\/fr\/#\/schema\/logo\/image\/\",\"url\":\"https:\/\/www.lymphoma.ca\/wp-content\/uploads\/2023\/05\/logo-lymphoma.jpg\",\"contentUrl\":\"https:\/\/www.lymphoma.ca\/wp-content\/uploads\/2023\/05\/logo-lymphoma.jpg\",\"width\":343,\"height\":343,\"caption\":\"Lymphoma Canada\"},\"image\":{\"@id\":\"https:\/\/www.lymphoma.ca\/fr\/#\/schema\/logo\/image\/\"},\"sameAs\":[\"https:\/\/www.facebook.com\/LymphomaCanada\",\"https:\/\/x.com\/lymphomacanada\",\"https:\/\/www.linkedin.com\/company\/lymphoma-canada\/\",\"http:\/\/instagram.com\/lymphomacanada\",\"http:\/\/www.youtube.com\/user\/LymphomaTV\"]}]}<\/script>\n<!-- \/ Yoast SEO plugin. -->","yoast_head_json":{"title":"\u00c9quipe actuelle de soins contre le lymphome - Lymphoma Canada","robots":{"index":"index","follow":"follow","max-snippet":"max-snippet:-1","max-image-preview":"max-image-preview:large","max-video-preview":"max-video-preview:-1"},"canonical":"https:\/\/www.lymphoma.ca\/fr\/vivre-apres\/ma-maladie\/equipe-actuelle-de-soins-contre-le-lymphome\/","og_locale":"fr_FR","og_type":"article","og_title":"\u00c9quipe actuelle de soins contre le lymphome - Lymphoma Canada","og_description":"[vc_row type=\u00a0\u00bbin_container\u00a0\u00bb full_screen_row_position=\u00a0\u00bbmiddle\u00a0\u00bb column_margin=\u00a0\u00bbdefault\u00a0\u00bb scene_position=\u00a0\u00bbcenter\u00a0\u00bb text_color=\u00a0\u00bbdark\u00a0\u00bb text_align=\u00a0\u00bbleft\u00a0\u00bb overlay_strength=\u00a0\u00bb0.3&Prime; shape_divider_position=\u00a0\u00bbbottom\u00a0\u00bb bg_image_animation=\u00a0\u00bbnone\u00a0\u00bb][vc_column column_padding=\u00a0\u00bbno-extra-padding\u00a0\u00bb column_padding_position=\u00a0\u00bball\u00a0\u00bb background_color_opacity=\u00a0\u00bb1&Prime; background_hover_color_opacity=\u00a0\u00bb1&Prime; column_link_target=\u00a0\u00bb_self\u00a0\u00bb column_shadow=\u00a0\u00bbnone\u00a0\u00bb column_border_radius=\u00a0\u00bbnone\u00a0\u00bb width=\u00a0\u00bb1\/1&Prime; tablet_width_inherit=\u00a0\u00bbdefault\u00a0\u00bb tablet_text_alignment=\u00a0\u00bbdefault\u00a0\u00bb phone_text_alignment=\u00a0\u00bbdefault\u00a0\u00bb overlay_strength=\u00a0\u00bb0.3&Prime; column_border_width=\u00a0\u00bbnone\u00a0\u00bb column_border_style=\u00a0\u00bbsolid\u00a0\u00bb bg_image_animation=\u00a0\u00bbnone\u00a0\u00bb][vc_column_text]Au d\u00e9but de la p\u00e9riode suivant...","og_url":"https:\/\/www.lymphoma.ca\/fr\/vivre-apres\/ma-maladie\/equipe-actuelle-de-soins-contre-le-lymphome\/","og_site_name":"Lymphoma Canada","article_publisher":"https:\/\/www.facebook.com\/LymphomaCanada","article_modified_time":"2020-02-28T18:05:14+00:00","twitter_card":"summary_large_image","twitter_site":"@lymphomacanada","twitter_misc":{"Dur\u00e9e de lecture estim\u00e9e":"4 minutes"},"schema":{"@context":"https:\/\/schema.org","@graph":[{"@type":"WebPage","@id":"https:\/\/www.lymphoma.ca\/fr\/vivre-apres\/ma-maladie\/equipe-actuelle-de-soins-contre-le-lymphome\/","url":"https:\/\/www.lymphoma.ca\/fr\/vivre-apres\/ma-maladie\/equipe-actuelle-de-soins-contre-le-lymphome\/","name":"\u00c9quipe actuelle de soins contre le lymphome - Lymphoma Canada","isPartOf":{"@id":"https:\/\/www.lymphoma.ca\/fr\/#website"},"datePublished":"2020-02-14T20:56:41+00:00","dateModified":"2020-02-28T18:05:14+00:00","breadcrumb":{"@id":"https:\/\/www.lymphoma.ca\/fr\/vivre-apres\/ma-maladie\/equipe-actuelle-de-soins-contre-le-lymphome\/#breadcrumb"},"inLanguage":"fr-FR","potentialAction":[{"@type":"ReadAction","target":["https:\/\/www.lymphoma.ca\/fr\/vivre-apres\/ma-maladie\/equipe-actuelle-de-soins-contre-le-lymphome\/"]}]},{"@type":"BreadcrumbList","@id":"https:\/\/www.lymphoma.ca\/fr\/vivre-apres\/ma-maladie\/equipe-actuelle-de-soins-contre-le-lymphome\/#breadcrumb","itemListElement":[{"@type":"ListItem","position":1,"name":"Home","item":"https:\/\/www.lymphoma.ca\/fr\/"},{"@type":"ListItem","position":2,"name":"Vivre apr\u00e8s le Lymphome","item":"https:\/\/www.lymphoma.ca\/fr\/vivre-apres\/"},{"@type":"ListItem","position":3,"name":"Ma maladie &#8211; Le lymphome, une maladie chronique","item":"https:\/\/www.lymphoma.ca\/fr\/vivre-apres\/ma-maladie\/"},{"@type":"ListItem","position":4,"name":"\u00c9quipe actuelle de soins contre le lymphome"}]},{"@type":"WebSite","@id":"https:\/\/www.lymphoma.ca\/fr\/#website","url":"https:\/\/www.lymphoma.ca\/fr\/","name":"Lymphoma Canada","description":"Information. Help. Hope.","publisher":{"@id":"https:\/\/www.lymphoma.ca\/fr\/#organization"},"potentialAction":[{"@type":"SearchAction","target":{"@type":"EntryPoint","urlTemplate":"https:\/\/www.lymphoma.ca\/fr\/?s={search_term_string}"},"query-input":{"@type":"PropertyValueSpecification","valueRequired":true,"valueName":"search_term_string"}}],"inLanguage":"fr-FR"},{"@type":"Organization","@id":"https:\/\/www.lymphoma.ca\/fr\/#organization","name":"Lymphoma Canada","url":"https:\/\/www.lymphoma.ca\/fr\/","logo":{"@type":"ImageObject","inLanguage":"fr-FR","@id":"https:\/\/www.lymphoma.ca\/fr\/#\/schema\/logo\/image\/","url":"https:\/\/www.lymphoma.ca\/wp-content\/uploads\/2023\/05\/logo-lymphoma.jpg","contentUrl":"https:\/\/www.lymphoma.ca\/wp-content\/uploads\/2023\/05\/logo-lymphoma.jpg","width":343,"height":343,"caption":"Lymphoma Canada"},"image":{"@id":"https:\/\/www.lymphoma.ca\/fr\/#\/schema\/logo\/image\/"},"sameAs":["https:\/\/www.facebook.com\/LymphomaCanada","https:\/\/x.com\/lymphomacanada","https:\/\/www.linkedin.com\/company\/lymphoma-canada\/","http:\/\/instagram.com\/lymphomacanada","http:\/\/www.youtube.com\/user\/LymphomaTV"]}]}},"_links":{"self":[{"href":"https:\/\/www.lymphoma.ca\/fr\/wp-json\/wp\/v2\/pages\/5309","targetHints":{"allow":["GET"]}}],"collection":[{"href":"https:\/\/www.lymphoma.ca\/fr\/wp-json\/wp\/v2\/pages"}],"about":[{"href":"https:\/\/www.lymphoma.ca\/fr\/wp-json\/wp\/v2\/types\/page"}],"author":[{"embeddable":true,"href":"https:\/\/www.lymphoma.ca\/fr\/wp-json\/wp\/v2\/users\/27"}],"replies":[{"embeddable":true,"href":"https:\/\/www.lymphoma.ca\/fr\/wp-json\/wp\/v2\/comments?post=5309"}],"version-history":[{"count":2,"href":"https:\/\/www.lymphoma.ca\/fr\/wp-json\/wp\/v2\/pages\/5309\/revisions"}],"predecessor-version":[{"id":5314,"href":"https:\/\/www.lymphoma.ca\/fr\/wp-json\/wp\/v2\/pages\/5309\/revisions\/5314"}],"up":[{"embeddable":true,"href":"https:\/\/www.lymphoma.ca\/fr\/wp-json\/wp\/v2\/pages\/5305"}],"wp:attachment":[{"href":"https:\/\/www.lymphoma.ca\/fr\/wp-json\/wp\/v2\/media?parent=5309"}],"wp:term":[{"taxonomy":"category","embeddable":true,"href":"https:\/\/www.lymphoma.ca\/fr\/wp-json\/wp\/v2\/categories?post=5309"},{"taxonomy":"post_tag","embeddable":true,"href":"https:\/\/www.lymphoma.ca\/fr\/wp-json\/wp\/v2\/tags?post=5309"}],"curies":[{"name":"wp","href":"https:\/\/api.w.org\/{rel}","templated":true}]}}