{"id":531,"date":"2013-04-27T17:49:54","date_gmt":"2013-04-27T17:49:54","guid":{"rendered":"https:\/\/www.lymphoma.ca\/?page_id=531"},"modified":"2013-04-27T17:49:54","modified_gmt":"2013-04-27T17:49:54","slug":"faits-sur-le-lymphome","status":"publish","type":"page","link":"https:\/\/www.lymphoma.ca\/fr\/faits-sur-le-lymphome\/","title":{"rendered":"Faits sur le lymphome"},"content":{"rendered":"<ul>\n<li><span style=\"color: #000000;\"><span style=\"font-size: small;\">Le lymphome est le cinqui\u00e8me cancer le plus r\u00e9pandu au Canada et la sixi\u00e8me cause la plus fr\u00e9quente de d\u00e9c\u00e8s par cancer.<\/span><\/span><\/li>\n<li><span style=\"color: #000000;\"><span style=\"font-size: small;\">Les lymphomes sont divis\u00e9s en deux cat\u00e9gories&nbsp;: les lymphomes hodgkiniens et non hodgkiniens. Les lymphomes non hodgkiniens incluent les n\u00e9oplasmes \u00e0 cellules B et les n\u00e9oplasmes \u00e0 cellules T.<\/span><\/span><\/li>\n<li><span style=\"color: #000000;\"><span style=\"font-size: small;\">Les manifestations cliniques comprennent les ad\u00e9nopathies p\u00e9riph\u00e9riques et\/ou les sympt\u00f4mes constitutionnels comme la perte de poids et la fi\u00e8vre. La pr\u00e9sence de ganglions d\u2019une texture ferme et caoutchouteuse, d\u2019une texture indur\u00e9e et\/ou de ganglions lymphatiques d\u2019un diam\u00e8tre de &gt; 2 cm peut sugg\u00e9rer la pr\u00e9sence d\u2019un lymphome.<\/span><\/span><\/li>\n<li><span style=\"color: #000000;\"><span style=\"font-size: small;\">Les lymphomes sont class\u00e9s selon l\u2019ampleur de la propagation de la maladie (stades I \u00e0 IV) et selon l\u2019absence ou la pr\u00e9sence de sympt\u00f4mes constitutionnels (A ou B). De plus, les lymphomes sont class\u00e9s comme \u00e9tant de grade faible, de grade interm\u00e9diaire ou de grade \u00e9lev\u00e9 selon les caract\u00e9ristiques r\u00e9v\u00e9l\u00e9s par une biopsie des ganglions lymphatiques.<\/span><\/span><\/li>\n<li><span style=\"color: #000000;\"><span style=\"font-size: small;\">Les lymphomes indolents progressent lentement et les \u00ab&nbsp;sympt\u00f4mes B&nbsp;\u00bb sont rarement pr\u00e9sents. Les lymphomes agressifs sont caract\u00e9ris\u00e9s par une \u00e9volution plus rapide et les \u00ab&nbsp;sympt\u00f4mes&nbsp;B \u00bb sont probablement pr\u00e9sents.<\/span><\/span><\/li>\n<li><span style=\"color: #000000;\"><span style=\"font-size: small;\">Le diagnostic d\u2019un lymphome est confirm\u00e9 par une biopsie des ganglions lymphatiques, mais une \u00e9valuation approfondie \u2013 impliquant un examen physique complet, des examens de laboratoire et des examens d\u2019imagerie \u2013 est n\u00e9cessaire pour une stadification pr\u00e9cise et une \u00e9valuation du pronostic.<\/span><\/span><\/li>\n<li><span style=\"color: #000000;\"><span style=\"font-size: small;\">Les objectifs du traitement incluent la gu\u00e9rison, si possible. Si la gu\u00e9rison n\u2019est pas possible, le traitement vise l\u2019atteinte et la prolongation de la r\u00e9mission, la minimisation de la propagation de la maladie, la gestion des sympt\u00f4mes et l\u2019am\u00e9lioration de la qualit\u00e9 des patients.<\/span><\/span><\/li>\n<li><span style=\"color: #000000;\"><span style=\"font-size: small;\">Lors la phase active du traitement, l\u2019\u00e9quipe de soins primaires jouent un r\u00f4le important dans l\u2019\u00e9valuation et la gestion des sympt\u00f4mes courants, la gestion efficace de la douleur, la gestion de maladies intercurrentes et chroniques,&nbsp; tout en offrant un soutien \u00e9ducatif et \u00e9motionnel. Au cours du suivi \u00e0 long terme, les fournisseurs de soins primaires peuvent d\u00e9celer une rechute ou l\u2019apparition d\u2019une deuxi\u00e8me tumeur et g\u00e9rer les complications \u00e0 long terme et les complications tardives.<\/span><\/span><\/li>\n<\/ul>\n","protected":false},"excerpt":{"rendered":"<p>Le lymphome est le cinqui\u00e8me cancer le plus r\u00e9pandu au Canada et la sixi\u00e8me cause la plus fr\u00e9quente de d\u00e9c\u00e8s par cancer. Les lymphomes sont divis\u00e9s en deux cat\u00e9gories&nbsp;: les&#8230;<\/p>\n","protected":false},"author":1,"featured_media":0,"parent":0,"menu_order":106,"comment_status":"closed","ping_status":"closed","template":"","meta":{"_acf_changed":false,"footnotes":""},"categories":[],"tags":[],"class_list":["post-531","page","type-page","status-publish"],"acf":[],"yoast_head":"<!-- This site is optimized with the Yoast SEO plugin v26.7 - https:\/\/yoast.com\/wordpress\/plugins\/seo\/ -->\n<title>Faits sur le lymphome - Lymphoma Canada<\/title>\n<meta name=\"robots\" content=\"index, follow, max-snippet:-1, max-image-preview:large, max-video-preview:-1\" \/>\n<link rel=\"canonical\" href=\"https:\/\/www.lymphoma.ca\/fr\/faits-sur-le-lymphome\/\" \/>\n<meta property=\"og:locale\" content=\"fr_FR\" \/>\n<meta property=\"og:type\" content=\"article\" \/>\n<meta property=\"og:title\" content=\"Faits sur le lymphome - Lymphoma Canada\" \/>\n<meta property=\"og:description\" content=\"Le lymphome est le cinqui\u00e8me cancer le plus r\u00e9pandu au Canada et la sixi\u00e8me cause la plus fr\u00e9quente de d\u00e9c\u00e8s par cancer. Les lymphomes sont divis\u00e9s en deux cat\u00e9gories&nbsp;: les...\" \/>\n<meta property=\"og:url\" content=\"https:\/\/www.lymphoma.ca\/fr\/faits-sur-le-lymphome\/\" \/>\n<meta property=\"og:site_name\" content=\"Lymphoma Canada\" \/>\n<meta property=\"article:publisher\" content=\"https:\/\/www.facebook.com\/LymphomaCanada\" \/>\n<meta name=\"twitter:card\" content=\"summary_large_image\" \/>\n<meta name=\"twitter:site\" content=\"@lymphomacanada\" \/>\n<meta name=\"twitter:label1\" content=\"Dur\u00e9e de lecture estim\u00e9e\" \/>\n\t<meta name=\"twitter:data1\" content=\"2 minutes\" \/>\n<script type=\"application\/ld+json\" class=\"yoast-schema-graph\">{\"@context\":\"https:\/\/schema.org\",\"@graph\":[{\"@type\":\"WebPage\",\"@id\":\"https:\/\/www.lymphoma.ca\/fr\/faits-sur-le-lymphome\/\",\"url\":\"https:\/\/www.lymphoma.ca\/fr\/faits-sur-le-lymphome\/\",\"name\":\"Faits sur le lymphome - Lymphoma Canada\",\"isPartOf\":{\"@id\":\"https:\/\/www.lymphoma.ca\/fr\/#website\"},\"datePublished\":\"2013-04-27T17:49:54+00:00\",\"breadcrumb\":{\"@id\":\"https:\/\/www.lymphoma.ca\/fr\/faits-sur-le-lymphome\/#breadcrumb\"},\"inLanguage\":\"fr-FR\",\"potentialAction\":[{\"@type\":\"ReadAction\",\"target\":[\"https:\/\/www.lymphoma.ca\/fr\/faits-sur-le-lymphome\/\"]}]},{\"@type\":\"BreadcrumbList\",\"@id\":\"https:\/\/www.lymphoma.ca\/fr\/faits-sur-le-lymphome\/#breadcrumb\",\"itemListElement\":[{\"@type\":\"ListItem\",\"position\":1,\"name\":\"Home\",\"item\":\"https:\/\/www.lymphoma.ca\/fr\/\"},{\"@type\":\"ListItem\",\"position\":2,\"name\":\"Faits sur le lymphome\"}]},{\"@type\":\"WebSite\",\"@id\":\"https:\/\/www.lymphoma.ca\/fr\/#website\",\"url\":\"https:\/\/www.lymphoma.ca\/fr\/\",\"name\":\"Lymphoma Canada\",\"description\":\"Information. Help. Hope.\",\"publisher\":{\"@id\":\"https:\/\/www.lymphoma.ca\/fr\/#organization\"},\"potentialAction\":[{\"@type\":\"SearchAction\",\"target\":{\"@type\":\"EntryPoint\",\"urlTemplate\":\"https:\/\/www.lymphoma.ca\/fr\/?s={search_term_string}\"},\"query-input\":{\"@type\":\"PropertyValueSpecification\",\"valueRequired\":true,\"valueName\":\"search_term_string\"}}],\"inLanguage\":\"fr-FR\"},{\"@type\":\"Organization\",\"@id\":\"https:\/\/www.lymphoma.ca\/fr\/#organization\",\"name\":\"Lymphoma Canada\",\"url\":\"https:\/\/www.lymphoma.ca\/fr\/\",\"logo\":{\"@type\":\"ImageObject\",\"inLanguage\":\"fr-FR\",\"@id\":\"https:\/\/www.lymphoma.ca\/fr\/#\/schema\/logo\/image\/\",\"url\":\"https:\/\/www.lymphoma.ca\/wp-content\/uploads\/2023\/05\/logo-lymphoma.jpg\",\"contentUrl\":\"https:\/\/www.lymphoma.ca\/wp-content\/uploads\/2023\/05\/logo-lymphoma.jpg\",\"width\":343,\"height\":343,\"caption\":\"Lymphoma Canada\"},\"image\":{\"@id\":\"https:\/\/www.lymphoma.ca\/fr\/#\/schema\/logo\/image\/\"},\"sameAs\":[\"https:\/\/www.facebook.com\/LymphomaCanada\",\"https:\/\/x.com\/lymphomacanada\",\"https:\/\/www.linkedin.com\/company\/lymphoma-canada\/\",\"http:\/\/instagram.com\/lymphomacanada\",\"http:\/\/www.youtube.com\/user\/LymphomaTV\"]}]}<\/script>\n<!-- \/ Yoast SEO plugin. -->","yoast_head_json":{"title":"Faits sur le lymphome - Lymphoma Canada","robots":{"index":"index","follow":"follow","max-snippet":"max-snippet:-1","max-image-preview":"max-image-preview:large","max-video-preview":"max-video-preview:-1"},"canonical":"https:\/\/www.lymphoma.ca\/fr\/faits-sur-le-lymphome\/","og_locale":"fr_FR","og_type":"article","og_title":"Faits sur le lymphome - Lymphoma Canada","og_description":"Le lymphome est le cinqui\u00e8me cancer le plus r\u00e9pandu au Canada et la sixi\u00e8me cause la plus fr\u00e9quente de d\u00e9c\u00e8s par cancer. Les lymphomes sont divis\u00e9s en deux cat\u00e9gories&nbsp;: les...","og_url":"https:\/\/www.lymphoma.ca\/fr\/faits-sur-le-lymphome\/","og_site_name":"Lymphoma Canada","article_publisher":"https:\/\/www.facebook.com\/LymphomaCanada","twitter_card":"summary_large_image","twitter_site":"@lymphomacanada","twitter_misc":{"Dur\u00e9e de lecture estim\u00e9e":"2 minutes"},"schema":{"@context":"https:\/\/schema.org","@graph":[{"@type":"WebPage","@id":"https:\/\/www.lymphoma.ca\/fr\/faits-sur-le-lymphome\/","url":"https:\/\/www.lymphoma.ca\/fr\/faits-sur-le-lymphome\/","name":"Faits sur le lymphome - Lymphoma Canada","isPartOf":{"@id":"https:\/\/www.lymphoma.ca\/fr\/#website"},"datePublished":"2013-04-27T17:49:54+00:00","breadcrumb":{"@id":"https:\/\/www.lymphoma.ca\/fr\/faits-sur-le-lymphome\/#breadcrumb"},"inLanguage":"fr-FR","potentialAction":[{"@type":"ReadAction","target":["https:\/\/www.lymphoma.ca\/fr\/faits-sur-le-lymphome\/"]}]},{"@type":"BreadcrumbList","@id":"https:\/\/www.lymphoma.ca\/fr\/faits-sur-le-lymphome\/#breadcrumb","itemListElement":[{"@type":"ListItem","position":1,"name":"Home","item":"https:\/\/www.lymphoma.ca\/fr\/"},{"@type":"ListItem","position":2,"name":"Faits sur le lymphome"}]},{"@type":"WebSite","@id":"https:\/\/www.lymphoma.ca\/fr\/#website","url":"https:\/\/www.lymphoma.ca\/fr\/","name":"Lymphoma Canada","description":"Information. Help. Hope.","publisher":{"@id":"https:\/\/www.lymphoma.ca\/fr\/#organization"},"potentialAction":[{"@type":"SearchAction","target":{"@type":"EntryPoint","urlTemplate":"https:\/\/www.lymphoma.ca\/fr\/?s={search_term_string}"},"query-input":{"@type":"PropertyValueSpecification","valueRequired":true,"valueName":"search_term_string"}}],"inLanguage":"fr-FR"},{"@type":"Organization","@id":"https:\/\/www.lymphoma.ca\/fr\/#organization","name":"Lymphoma Canada","url":"https:\/\/www.lymphoma.ca\/fr\/","logo":{"@type":"ImageObject","inLanguage":"fr-FR","@id":"https:\/\/www.lymphoma.ca\/fr\/#\/schema\/logo\/image\/","url":"https:\/\/www.lymphoma.ca\/wp-content\/uploads\/2023\/05\/logo-lymphoma.jpg","contentUrl":"https:\/\/www.lymphoma.ca\/wp-content\/uploads\/2023\/05\/logo-lymphoma.jpg","width":343,"height":343,"caption":"Lymphoma Canada"},"image":{"@id":"https:\/\/www.lymphoma.ca\/fr\/#\/schema\/logo\/image\/"},"sameAs":["https:\/\/www.facebook.com\/LymphomaCanada","https:\/\/x.com\/lymphomacanada","https:\/\/www.linkedin.com\/company\/lymphoma-canada\/","http:\/\/instagram.com\/lymphomacanada","http:\/\/www.youtube.com\/user\/LymphomaTV"]}]}},"_links":{"self":[{"href":"https:\/\/www.lymphoma.ca\/fr\/wp-json\/wp\/v2\/pages\/531","targetHints":{"allow":["GET"]}}],"collection":[{"href":"https:\/\/www.lymphoma.ca\/fr\/wp-json\/wp\/v2\/pages"}],"about":[{"href":"https:\/\/www.lymphoma.ca\/fr\/wp-json\/wp\/v2\/types\/page"}],"author":[{"embeddable":true,"href":"https:\/\/www.lymphoma.ca\/fr\/wp-json\/wp\/v2\/users\/1"}],"replies":[{"embeddable":true,"href":"https:\/\/www.lymphoma.ca\/fr\/wp-json\/wp\/v2\/comments?post=531"}],"version-history":[{"count":0,"href":"https:\/\/www.lymphoma.ca\/fr\/wp-json\/wp\/v2\/pages\/531\/revisions"}],"wp:attachment":[{"href":"https:\/\/www.lymphoma.ca\/fr\/wp-json\/wp\/v2\/media?parent=531"}],"wp:term":[{"taxonomy":"category","embeddable":true,"href":"https:\/\/www.lymphoma.ca\/fr\/wp-json\/wp\/v2\/categories?post=531"},{"taxonomy":"post_tag","embeddable":true,"href":"https:\/\/www.lymphoma.ca\/fr\/wp-json\/wp\/v2\/tags?post=531"}],"curies":[{"name":"wp","href":"https:\/\/api.w.org\/{rel}","templated":true}]}}