{"id":5326,"date":"2020-02-14T21:07:51","date_gmt":"2020-02-14T21:07:51","guid":{"rendered":"https:\/\/www.lymphoma.ca\/vivre-apres\/ma-maladie\/disease-concerns-after-lymphoma\/"},"modified":"2020-02-28T18:19:22","modified_gmt":"2020-02-28T18:19:22","slug":"preoccupations-liees-a-la-maladie-apres-le-lymphome","status":"publish","type":"page","link":"https:\/\/www.lymphoma.ca\/fr\/vivre-apres\/ma-maladie\/preoccupations-liees-a-la-maladie-apres-le-lymphome\/","title":{"rendered":"Pr\u00e9occupations li\u00e9es \u00e0 la maladie apr\u00e8s le lymphome"},"content":{"rendered":"<p>Lorsque le traitement du lymphome prend fin, il est normal que l&rsquo;incertitude que vous ressentiez durant le traitement persiste.<\/p>\n<p>Dans de nombreux cas de lymphome, le traitement peut \u00e9liminer ou d\u00e9truire le cancer. La fin du traitement peut \u00eatre \u00e0 la fois stressante et emballante et marquer le d\u00e9but d&rsquo;un nouveau chapitre de votre vie. Il est possible que vous ressentiez \u00e0 la fois du soulagement d&rsquo;avoir termin\u00e9 votre traitement et de l&rsquo;inqui\u00e9tude \u00e0 l&rsquo;id\u00e9e que votre lymphome puisse reprendre sa croissance ou r\u00e9appara\u00eetre (ce qu&rsquo;on appelle une r\u00e9cidive). La r\u00e9cidive est une pr\u00e9occupation tr\u00e8s r\u00e9pandue chez les personnes qui ont \u00e9t\u00e9 atteintes d&rsquo;un lymphome ou de tout autre cancer.<\/p>\n<p>De plus, votre type de lymphome pourrait \u00e9voluer au fil du temps. On parle alors de transformation.<\/p>\n<p>Selon le traitement que vous avez re\u00e7u, il existe une faible possibilit\u00e9 qu&rsquo;un cancer secondaire se manifeste un jour.<\/p>\n<p>Il est parfaitement naturel de ressentir de l&rsquo;anxi\u00e9t\u00e9 ou de la frayeur, mais vos craintes s&rsquo;estomperont avec le temps. Il est tout aussi normal que vous ayez l&rsquo;impression d&rsquo;avoir ma\u00eetris\u00e9 vos peurs et d&rsquo;avoir pris du recul, pour voir vos craintes revenir en force sans raison apparente.<\/p>\n<p>De nombreuses personnes ont travers\u00e9 ce que vous vivez et ont appris \u00e0 mener une vie productive et bien remplie malgr\u00e9 les incertitudes. Pour vous aider \u00e0 aller de l&rsquo;avant et revoir certains des sujets abord\u00e9s ici, vous pouvez t\u00e9l\u00e9charger un exemplaire<a href=\"https:\/\/www.lymphoma.ca\/wp-content\/uploads\/2020\/02\/Guide-VAL.pdf\"> du\u00a0guide V.A.L.<\/a>\u00a0Ce guide est utile pour documenter vos ant\u00e9c\u00e9dents de traitement et prendre des notes sur les diff\u00e9rents sujets pr\u00e9sent\u00e9s. Il peut aussi tenir lieu de journal\u00a0: vous pourrez ainsi partager son contenu avec votre \u00e9quipe soignante dans le cadre de vos soins de suivi.<\/p>\n<h4>References:<\/h4>\n<p><a href=\"http:\/\/www.cancer.org\/cancer\/non-hodgkinlymphoma\/detailedguide\/non-hodgkin-lymphoma-after-follow-up\" target=\"_blank\" rel=\"noopener noreferrer\">American Cancer Society. What happens after treatment for non-Hodgkin lymphoma?<\/a><br \/>\nAccessed May 22, 2014.<\/p>\n","protected":false},"excerpt":{"rendered":"<p>Lorsque le traitement du lymphome prend fin, il est normal que l&rsquo;incertitude que vous ressentiez durant le traitement persiste. Dans de nombreux cas de lymphome, le traitement peut \u00e9liminer ou&#8230;<\/p>\n","protected":false},"author":27,"featured_media":0,"parent":5305,"menu_order":4,"comment_status":"closed","ping_status":"closed","template":"page-sidebar.php","meta":{"_acf_changed":false,"footnotes":""},"categories":[],"tags":[],"class_list":["post-5326","page","type-page","status-publish"],"acf":[],"yoast_head":"<!-- This site is optimized with the Yoast SEO plugin v26.7 - https:\/\/yoast.com\/wordpress\/plugins\/seo\/ -->\n<title>Pr\u00e9occupations li\u00e9es \u00e0 la maladie apr\u00e8s le lymphome - Lymphoma Canada<\/title>\n<meta name=\"robots\" content=\"index, follow, max-snippet:-1, max-image-preview:large, max-video-preview:-1\" \/>\n<link rel=\"canonical\" href=\"https:\/\/www.lymphoma.ca\/fr\/vivre-apres\/ma-maladie\/preoccupations-liees-a-la-maladie-apres-le-lymphome\/\" \/>\n<meta property=\"og:locale\" content=\"fr_FR\" \/>\n<meta property=\"og:type\" content=\"article\" \/>\n<meta property=\"og:title\" content=\"Pr\u00e9occupations li\u00e9es \u00e0 la maladie apr\u00e8s le lymphome - Lymphoma Canada\" \/>\n<meta property=\"og:description\" content=\"Lorsque le traitement du lymphome prend fin, il est normal que l&rsquo;incertitude que vous ressentiez durant le traitement persiste. Dans de nombreux cas de lymphome, le traitement peut \u00e9liminer ou...\" \/>\n<meta property=\"og:url\" content=\"https:\/\/www.lymphoma.ca\/fr\/vivre-apres\/ma-maladie\/preoccupations-liees-a-la-maladie-apres-le-lymphome\/\" \/>\n<meta property=\"og:site_name\" content=\"Lymphoma Canada\" \/>\n<meta property=\"article:publisher\" content=\"https:\/\/www.facebook.com\/LymphomaCanada\" \/>\n<meta property=\"article:modified_time\" content=\"2020-02-28T18:19:22+00:00\" \/>\n<meta name=\"twitter:card\" content=\"summary_large_image\" \/>\n<meta name=\"twitter:site\" content=\"@lymphomacanada\" \/>\n<meta name=\"twitter:label1\" content=\"Dur\u00e9e de lecture estim\u00e9e\" \/>\n\t<meta name=\"twitter:data1\" content=\"2 minutes\" \/>\n<script type=\"application\/ld+json\" class=\"yoast-schema-graph\">{\"@context\":\"https:\/\/schema.org\",\"@graph\":[{\"@type\":\"WebPage\",\"@id\":\"https:\/\/www.lymphoma.ca\/fr\/vivre-apres\/ma-maladie\/preoccupations-liees-a-la-maladie-apres-le-lymphome\/\",\"url\":\"https:\/\/www.lymphoma.ca\/fr\/vivre-apres\/ma-maladie\/preoccupations-liees-a-la-maladie-apres-le-lymphome\/\",\"name\":\"Pr\u00e9occupations li\u00e9es \u00e0 la maladie apr\u00e8s le lymphome - Lymphoma Canada\",\"isPartOf\":{\"@id\":\"https:\/\/www.lymphoma.ca\/fr\/#website\"},\"datePublished\":\"2020-02-14T21:07:51+00:00\",\"dateModified\":\"2020-02-28T18:19:22+00:00\",\"breadcrumb\":{\"@id\":\"https:\/\/www.lymphoma.ca\/fr\/vivre-apres\/ma-maladie\/preoccupations-liees-a-la-maladie-apres-le-lymphome\/#breadcrumb\"},\"inLanguage\":\"fr-FR\",\"potentialAction\":[{\"@type\":\"ReadAction\",\"target\":[\"https:\/\/www.lymphoma.ca\/fr\/vivre-apres\/ma-maladie\/preoccupations-liees-a-la-maladie-apres-le-lymphome\/\"]}]},{\"@type\":\"BreadcrumbList\",\"@id\":\"https:\/\/www.lymphoma.ca\/fr\/vivre-apres\/ma-maladie\/preoccupations-liees-a-la-maladie-apres-le-lymphome\/#breadcrumb\",\"itemListElement\":[{\"@type\":\"ListItem\",\"position\":1,\"name\":\"Home\",\"item\":\"https:\/\/www.lymphoma.ca\/fr\/\"},{\"@type\":\"ListItem\",\"position\":2,\"name\":\"Vivre apr\u00e8s le Lymphome\",\"item\":\"https:\/\/www.lymphoma.ca\/fr\/vivre-apres\/\"},{\"@type\":\"ListItem\",\"position\":3,\"name\":\"Ma maladie &#8211; Le lymphome, une maladie chronique\",\"item\":\"https:\/\/www.lymphoma.ca\/fr\/vivre-apres\/ma-maladie\/\"},{\"@type\":\"ListItem\",\"position\":4,\"name\":\"Pr\u00e9occupations li\u00e9es \u00e0 la maladie apr\u00e8s le lymphome\"}]},{\"@type\":\"WebSite\",\"@id\":\"https:\/\/www.lymphoma.ca\/fr\/#website\",\"url\":\"https:\/\/www.lymphoma.ca\/fr\/\",\"name\":\"Lymphoma Canada\",\"description\":\"Information. Help. Hope.\",\"publisher\":{\"@id\":\"https:\/\/www.lymphoma.ca\/fr\/#organization\"},\"potentialAction\":[{\"@type\":\"SearchAction\",\"target\":{\"@type\":\"EntryPoint\",\"urlTemplate\":\"https:\/\/www.lymphoma.ca\/fr\/?s={search_term_string}\"},\"query-input\":{\"@type\":\"PropertyValueSpecification\",\"valueRequired\":true,\"valueName\":\"search_term_string\"}}],\"inLanguage\":\"fr-FR\"},{\"@type\":\"Organization\",\"@id\":\"https:\/\/www.lymphoma.ca\/fr\/#organization\",\"name\":\"Lymphoma Canada\",\"url\":\"https:\/\/www.lymphoma.ca\/fr\/\",\"logo\":{\"@type\":\"ImageObject\",\"inLanguage\":\"fr-FR\",\"@id\":\"https:\/\/www.lymphoma.ca\/fr\/#\/schema\/logo\/image\/\",\"url\":\"https:\/\/www.lymphoma.ca\/wp-content\/uploads\/2023\/05\/logo-lymphoma.jpg\",\"contentUrl\":\"https:\/\/www.lymphoma.ca\/wp-content\/uploads\/2023\/05\/logo-lymphoma.jpg\",\"width\":343,\"height\":343,\"caption\":\"Lymphoma Canada\"},\"image\":{\"@id\":\"https:\/\/www.lymphoma.ca\/fr\/#\/schema\/logo\/image\/\"},\"sameAs\":[\"https:\/\/www.facebook.com\/LymphomaCanada\",\"https:\/\/x.com\/lymphomacanada\",\"https:\/\/www.linkedin.com\/company\/lymphoma-canada\/\",\"http:\/\/instagram.com\/lymphomacanada\",\"http:\/\/www.youtube.com\/user\/LymphomaTV\"]}]}<\/script>\n<!-- \/ Yoast SEO plugin. -->","yoast_head_json":{"title":"Pr\u00e9occupations li\u00e9es \u00e0 la maladie apr\u00e8s le lymphome - Lymphoma Canada","robots":{"index":"index","follow":"follow","max-snippet":"max-snippet:-1","max-image-preview":"max-image-preview:large","max-video-preview":"max-video-preview:-1"},"canonical":"https:\/\/www.lymphoma.ca\/fr\/vivre-apres\/ma-maladie\/preoccupations-liees-a-la-maladie-apres-le-lymphome\/","og_locale":"fr_FR","og_type":"article","og_title":"Pr\u00e9occupations li\u00e9es \u00e0 la maladie apr\u00e8s le lymphome - Lymphoma Canada","og_description":"Lorsque le traitement du lymphome prend fin, il est normal que l&rsquo;incertitude que vous ressentiez durant le traitement persiste. Dans de nombreux cas de lymphome, le traitement peut \u00e9liminer ou...","og_url":"https:\/\/www.lymphoma.ca\/fr\/vivre-apres\/ma-maladie\/preoccupations-liees-a-la-maladie-apres-le-lymphome\/","og_site_name":"Lymphoma Canada","article_publisher":"https:\/\/www.facebook.com\/LymphomaCanada","article_modified_time":"2020-02-28T18:19:22+00:00","twitter_card":"summary_large_image","twitter_site":"@lymphomacanada","twitter_misc":{"Dur\u00e9e de lecture estim\u00e9e":"2 minutes"},"schema":{"@context":"https:\/\/schema.org","@graph":[{"@type":"WebPage","@id":"https:\/\/www.lymphoma.ca\/fr\/vivre-apres\/ma-maladie\/preoccupations-liees-a-la-maladie-apres-le-lymphome\/","url":"https:\/\/www.lymphoma.ca\/fr\/vivre-apres\/ma-maladie\/preoccupations-liees-a-la-maladie-apres-le-lymphome\/","name":"Pr\u00e9occupations li\u00e9es \u00e0 la maladie apr\u00e8s le lymphome - Lymphoma Canada","isPartOf":{"@id":"https:\/\/www.lymphoma.ca\/fr\/#website"},"datePublished":"2020-02-14T21:07:51+00:00","dateModified":"2020-02-28T18:19:22+00:00","breadcrumb":{"@id":"https:\/\/www.lymphoma.ca\/fr\/vivre-apres\/ma-maladie\/preoccupations-liees-a-la-maladie-apres-le-lymphome\/#breadcrumb"},"inLanguage":"fr-FR","potentialAction":[{"@type":"ReadAction","target":["https:\/\/www.lymphoma.ca\/fr\/vivre-apres\/ma-maladie\/preoccupations-liees-a-la-maladie-apres-le-lymphome\/"]}]},{"@type":"BreadcrumbList","@id":"https:\/\/www.lymphoma.ca\/fr\/vivre-apres\/ma-maladie\/preoccupations-liees-a-la-maladie-apres-le-lymphome\/#breadcrumb","itemListElement":[{"@type":"ListItem","position":1,"name":"Home","item":"https:\/\/www.lymphoma.ca\/fr\/"},{"@type":"ListItem","position":2,"name":"Vivre apr\u00e8s le Lymphome","item":"https:\/\/www.lymphoma.ca\/fr\/vivre-apres\/"},{"@type":"ListItem","position":3,"name":"Ma maladie &#8211; Le lymphome, une maladie chronique","item":"https:\/\/www.lymphoma.ca\/fr\/vivre-apres\/ma-maladie\/"},{"@type":"ListItem","position":4,"name":"Pr\u00e9occupations li\u00e9es \u00e0 la maladie apr\u00e8s le lymphome"}]},{"@type":"WebSite","@id":"https:\/\/www.lymphoma.ca\/fr\/#website","url":"https:\/\/www.lymphoma.ca\/fr\/","name":"Lymphoma Canada","description":"Information. Help. Hope.","publisher":{"@id":"https:\/\/www.lymphoma.ca\/fr\/#organization"},"potentialAction":[{"@type":"SearchAction","target":{"@type":"EntryPoint","urlTemplate":"https:\/\/www.lymphoma.ca\/fr\/?s={search_term_string}"},"query-input":{"@type":"PropertyValueSpecification","valueRequired":true,"valueName":"search_term_string"}}],"inLanguage":"fr-FR"},{"@type":"Organization","@id":"https:\/\/www.lymphoma.ca\/fr\/#organization","name":"Lymphoma Canada","url":"https:\/\/www.lymphoma.ca\/fr\/","logo":{"@type":"ImageObject","inLanguage":"fr-FR","@id":"https:\/\/www.lymphoma.ca\/fr\/#\/schema\/logo\/image\/","url":"https:\/\/www.lymphoma.ca\/wp-content\/uploads\/2023\/05\/logo-lymphoma.jpg","contentUrl":"https:\/\/www.lymphoma.ca\/wp-content\/uploads\/2023\/05\/logo-lymphoma.jpg","width":343,"height":343,"caption":"Lymphoma Canada"},"image":{"@id":"https:\/\/www.lymphoma.ca\/fr\/#\/schema\/logo\/image\/"},"sameAs":["https:\/\/www.facebook.com\/LymphomaCanada","https:\/\/x.com\/lymphomacanada","https:\/\/www.linkedin.com\/company\/lymphoma-canada\/","http:\/\/instagram.com\/lymphomacanada","http:\/\/www.youtube.com\/user\/LymphomaTV"]}]}},"_links":{"self":[{"href":"https:\/\/www.lymphoma.ca\/fr\/wp-json\/wp\/v2\/pages\/5326","targetHints":{"allow":["GET"]}}],"collection":[{"href":"https:\/\/www.lymphoma.ca\/fr\/wp-json\/wp\/v2\/pages"}],"about":[{"href":"https:\/\/www.lymphoma.ca\/fr\/wp-json\/wp\/v2\/types\/page"}],"author":[{"embeddable":true,"href":"https:\/\/www.lymphoma.ca\/fr\/wp-json\/wp\/v2\/users\/27"}],"replies":[{"embeddable":true,"href":"https:\/\/www.lymphoma.ca\/fr\/wp-json\/wp\/v2\/comments?post=5326"}],"version-history":[{"count":2,"href":"https:\/\/www.lymphoma.ca\/fr\/wp-json\/wp\/v2\/pages\/5326\/revisions"}],"predecessor-version":[{"id":5329,"href":"https:\/\/www.lymphoma.ca\/fr\/wp-json\/wp\/v2\/pages\/5326\/revisions\/5329"}],"up":[{"embeddable":true,"href":"https:\/\/www.lymphoma.ca\/fr\/wp-json\/wp\/v2\/pages\/5305"}],"wp:attachment":[{"href":"https:\/\/www.lymphoma.ca\/fr\/wp-json\/wp\/v2\/media?parent=5326"}],"wp:term":[{"taxonomy":"category","embeddable":true,"href":"https:\/\/www.lymphoma.ca\/fr\/wp-json\/wp\/v2\/categories?post=5326"},{"taxonomy":"post_tag","embeddable":true,"href":"https:\/\/www.lymphoma.ca\/fr\/wp-json\/wp\/v2\/tags?post=5326"}],"curies":[{"name":"wp","href":"https:\/\/api.w.org\/{rel}","templated":true}]}}