{"id":5331,"date":"2020-02-28T18:23:03","date_gmt":"2020-02-28T18:23:03","guid":{"rendered":"https:\/\/www.lymphoma.ca\/?page_id=5331"},"modified":"2022-01-14T18:34:16","modified_gmt":"2022-01-14T18:34:16","slug":"recidive-ou-evolution","status":"publish","type":"page","link":"https:\/\/www.lymphoma.ca\/fr\/vivre-apres\/ma-maladie\/recidive-ou-evolution\/","title":{"rendered":"R\u00e9cidive ou \u00e9volution"},"content":{"rendered":"[vc_row type=\u00a0\u00bbin_container\u00a0\u00bb full_screen_row_position=\u00a0\u00bbmiddle\u00a0\u00bb column_margin=\u00a0\u00bbdefault\u00a0\u00bb scene_position=\u00a0\u00bbcenter\u00a0\u00bb text_color=\u00a0\u00bbdark\u00a0\u00bb text_align=\u00a0\u00bbleft\u00a0\u00bb overlay_strength=\u00a0\u00bb0.3&Prime; shape_divider_position=\u00a0\u00bbbottom\u00a0\u00bb bg_image_animation=\u00a0\u00bbnone\u00a0\u00bb][vc_column column_padding=\u00a0\u00bbno-extra-padding\u00a0\u00bb column_padding_position=\u00a0\u00bball\u00a0\u00bb background_color_opacity=\u00a0\u00bb1&Prime; background_hover_color_opacity=\u00a0\u00bb1&Prime; column_link_target=\u00a0\u00bb_self\u00a0\u00bb column_shadow=\u00a0\u00bbnone\u00a0\u00bb column_border_radius=\u00a0\u00bbnone\u00a0\u00bb width=\u00a0\u00bb1\/1&Prime; tablet_width_inherit=\u00a0\u00bbdefault\u00a0\u00bb tablet_text_alignment=\u00a0\u00bbdefault\u00a0\u00bb phone_text_alignment=\u00a0\u00bbdefault\u00a0\u00bb overlay_strength=\u00a0\u00bb0.3&Prime; column_border_width=\u00a0\u00bbnone\u00a0\u00bb column_border_style=\u00a0\u00bbsolid\u00a0\u00bb bg_image_animation=\u00a0\u00bbnone\u00a0\u00bb][vc_column_text]\n<div style=\"width: 800px;\" class=\"wp-video\"><!--[if lt IE 9]><script>document.createElement('video');<\/script><![endif]-->\n<video class=\"wp-video-shortcode\" id=\"video-5331-1\" width=\"800\" height=\"450\" poster=\"https:\/\/www.lymphoma.ca\/wp-content\/uploads\/2020\/03\/robin-m-1-fr.png\" preload=\"metadata\" controls=\"controls\"><source type=\"video\/mp4\" src=\"https:\/\/www.lymphoma.ca\/wp-content\/uploads\/2020\/03\/robin_m_1_images_fr.mp4?_=1\" \/><a href=\"https:\/\/www.lymphoma.ca\/wp-content\/uploads\/2020\/03\/robin_m_1_images_fr.mp4\">https:\/\/www.lymphoma.ca\/wp-content\/uploads\/2020\/03\/robin_m_1_images_fr.mp4<\/a><\/video><\/div>\n[\/vc_column_text][vc_column_text el_class=\u00a0\u00bbgreen\u00a0\u00bb]D\u00e9couvrez comment Robin M. surmonte sa peur des r\u00e9cidives.[\/vc_column_text][divider line_type=\u00a0\u00bbFull Width Line\u00a0\u00bb line_thickness=\u00a0\u00bb1&Prime; divider_color=\u00a0\u00bbextra-color-1&Prime;][\/vc_column][\/vc_row][vc_row type=\u00a0\u00bbin_container\u00a0\u00bb full_screen_row_position=\u00a0\u00bbmiddle\u00a0\u00bb column_margin=\u00a0\u00bbdefault\u00a0\u00bb scene_position=\u00a0\u00bbcenter\u00a0\u00bb text_color=\u00a0\u00bbdark\u00a0\u00bb text_align=\u00a0\u00bbleft\u00a0\u00bb overlay_strength=\u00a0\u00bb0.3&Prime; shape_divider_position=\u00a0\u00bbbottom\u00a0\u00bb bg_image_animation=\u00a0\u00bbnone\u00a0\u00bb][vc_column column_padding=\u00a0\u00bbno-extra-padding\u00a0\u00bb column_padding_position=\u00a0\u00bball\u00a0\u00bb background_color_opacity=\u00a0\u00bb1&Prime; background_hover_color_opacity=\u00a0\u00bb1&Prime; column_link_target=\u00a0\u00bb_self\u00a0\u00bb column_shadow=\u00a0\u00bbnone\u00a0\u00bb column_border_radius=\u00a0\u00bbnone\u00a0\u00bb width=\u00a0\u00bb1\/1&Prime; tablet_width_inherit=\u00a0\u00bbdefault\u00a0\u00bb tablet_text_alignment=\u00a0\u00bbdefault\u00a0\u00bb phone_text_alignment=\u00a0\u00bbdefault\u00a0\u00bb overlay_strength=\u00a0\u00bb0.3&Prime; column_border_width=\u00a0\u00bbnone\u00a0\u00bb column_border_style=\u00a0\u00bbsolid\u00a0\u00bb bg_image_animation=\u00a0\u00bbnone\u00a0\u00bb][vc_column_text]\n<p>Lorsqu&rsquo;un lymphome r\u00e9appara\u00eet apr\u00e8s un certain temps, on appelle cela une r\u00e9cidive. Selon le type du lymphome, les r\u00e9cidives peuvent survenir quelques semaines, quelques mois, voire plusieurs ann\u00e9es apr\u00e8s le traitement du lymphome original.<\/p>\n<p>Bon nombre de patients ayant re\u00e7u un diagnostic de lymphome indolent ou \u00e0 croissance lente ne n\u00e9cessitent pas de traitement imm\u00e9diat, car ils ne pr\u00e9sentent aucun sympt\u00f4me. Ces patients sont surveill\u00e9s \u00e9troitement selon l&rsquo;approche \u00ab\u00a0observer et attendre\u00a0\u00bb. Pour bon nombre de patients, cette approche s&rsquo;apparente plut\u00f4t, avec raison, \u00e0 une \u00ab\u00a0p\u00e9riode d&rsquo;inqui\u00e9tude\u00a0\u00bb. Sachez que cette observation ne signifie pas pour autant que rien n&rsquo;est fait; le processus demeure actif. Vous \u00eates vu r\u00e9guli\u00e8rement par votre m\u00e9decin et \u00eates suivi \u00e9troitement, car l&rsquo;on recherche des signes de progression de la maladie. Si le protocole qui vous a \u00e9t\u00e9 prescrit est celui de l&rsquo;observation et de l&rsquo;attente, vous devez surveiller l&rsquo;apparition ou le changement des sympt\u00f4mes de la maladie, en particulier les sympt\u00f4mes\u00a0B. Ceux-ci comprennent la fi\u00e8vre, les sueurs nocturnes et la perte de poids inexpliqu\u00e9e. L&rsquo;apparition des sympt\u00f4mes\u00a0B \u00e9voquerait une \u00e9volution. La plupart des patients qui sont sous observation vigilante re\u00e7oivent t\u00f4t ou tard un traitement actif, habituellement environ 18\u00a0mois apr\u00e8s le diagnostic. Il existe cependant des patients qui n&rsquo;auront jamais besoin d&rsquo;un traitement.<\/p>\n<p>Pour ce qui est des r\u00e9cidives du lymphome, il est impossible pour les m\u00e9decins de savoir lesquels de leurs patients en seront atteints. Certains lymphomes ont un profil de r\u00e9cidives plus pr\u00e9visible. Un m\u00e9decin au fait de vos ant\u00e9c\u00e9dents m\u00e9dicaux peut vous donner plus d&rsquo;information sur vos facteurs de risque particuliers.<\/p>\n<p>Si une r\u00e9cidive de votre lymphome est d\u00e9tect\u00e9e ou soup\u00e7onn\u00e9e, votre m\u00e9decin demandera, comme lors de votre premier diagnostic, des analyses de sang, des examens d&rsquo;imagerie ainsi que des biopsies afin d&rsquo;en savoir le plus possible sur la r\u00e9cidive. Si vous \u00eates suivi par un m\u00e9decin de famille, il pourrait demander certains tests, puis vous orienter vers un sp\u00e9cialiste pour une investigation plus pouss\u00e9e.<\/p>\n<p>Une fois les tests termin\u00e9s, vous et votre m\u00e9decin discuterez de l&rsquo;opportunit\u00e9 d&rsquo;un traitement et des options qui s&rsquo;offrent \u00e0 vous. Avant de vous recommander un plan de traitement, votre m\u00e9decin tiendra compte de diff\u00e9rents facteurs, y compris les suivants\u00a0:<\/p>\n<ul>\n<li>Le type, l&#8217;emplacement et la taille du lymphome r\u00e9cidivant<\/li>\n<li>Votre \u00e9tat de sant\u00e9 g\u00e9n\u00e9ral<\/li>\n<li>Le type de traitement que vous avez re\u00e7u initialement<\/li>\n<li>La fa\u00e7on dont votre lymphome a r\u00e9pondu au traitement<\/li>\n<li>Les effets secondaires du traitement initial<\/li>\n<li>Le temps \u00e9coul\u00e9 depuis la fin de votre traitement initial<\/li>\n<\/ul>\n<p>Votre m\u00e9decin pourrait aussi vous sugg\u00e9rer de participer \u00e0 un essai clinique, qui est un type d&rsquo;\u00e9tude portant sur un nouveau traitement.<\/p>\n<p>Devant diff\u00e9rents traitements, il est important de prendre en consid\u00e9ration les objectifs et les bienfaits attendus de chacun, de m\u00eame que ses risques, ses effets ind\u00e9sirables et ses r\u00e9percussions possibles sur votre qualit\u00e9 de vie. Par ailleurs, le soulagement de vos sympt\u00f4mes et effets secondaires demeurera une priorit\u00e9 \u00e0 l&rsquo;\u00e9chelle de vos soins et de votre plan de traitement. Assurez-vous de garder l&rsquo;\u00e9quipe de soins au courant des sympt\u00f4mes que vous \u00e9prouvez, y compris tout changement et tout nouveau sympt\u00f4me.<\/p>\n<h4>Documentation de r\u00e9f\u00e9rence\u00a0:<\/h4>\n<p><a href=\"http:\/\/www.cancer.net\/survivorship\/dealing-cancer-recurrence\" target=\"_blank\" rel=\"noopener noreferrer\">Cancer.Net. Dealing With Cancer Recurrence<br \/>\n<\/a>Consult\u00e9 le 22\u00a0mai\u00a02014.<\/p>\n<p><a href=\"https:\/\/www.lymphoma.ca\/understanding-watch-and-wait-for-certain-lymphomas\/\" target=\"_blank\" rel=\"noopener noreferrer\">Lymphoma Canada. Watch and Wait<br \/>\n<\/a>Consult\u00e9 le 22\u00a0mai\u00a02014.[\/vc_column_text][\/vc_column][\/vc_row]\n","protected":false},"excerpt":{"rendered":"<p>[vc_row type=\u00a0\u00bbin_container\u00a0\u00bb full_screen_row_position=\u00a0\u00bbmiddle\u00a0\u00bb column_margin=\u00a0\u00bbdefault\u00a0\u00bb scene_position=\u00a0\u00bbcenter\u00a0\u00bb text_color=\u00a0\u00bbdark\u00a0\u00bb text_align=\u00a0\u00bbleft\u00a0\u00bb overlay_strength=\u00a0\u00bb0.3&Prime; shape_divider_position=\u00a0\u00bbbottom\u00a0\u00bb bg_image_animation=\u00a0\u00bbnone\u00a0\u00bb][vc_column column_padding=\u00a0\u00bbno-extra-padding\u00a0\u00bb column_padding_position=\u00a0\u00bball\u00a0\u00bb background_color_opacity=\u00a0\u00bb1&Prime; background_hover_color_opacity=\u00a0\u00bb1&Prime; column_link_target=\u00a0\u00bb_self\u00a0\u00bb column_shadow=\u00a0\u00bbnone\u00a0\u00bb column_border_radius=\u00a0\u00bbnone\u00a0\u00bb width=\u00a0\u00bb1\/1&Prime; tablet_width_inherit=\u00a0\u00bbdefault\u00a0\u00bb tablet_text_alignment=\u00a0\u00bbdefault\u00a0\u00bb phone_text_alignment=\u00a0\u00bbdefault\u00a0\u00bb overlay_strength=\u00a0\u00bb0.3&Prime; column_border_width=\u00a0\u00bbnone\u00a0\u00bb column_border_style=\u00a0\u00bbsolid\u00a0\u00bb bg_image_animation=\u00a0\u00bbnone\u00a0\u00bb][vc_column_text] [\/vc_column_text][vc_column_text el_class=\u00a0\u00bbgreen\u00a0\u00bb]D\u00e9couvrez comment Robin M&#8230;.<\/p>\n","protected":false},"author":27,"featured_media":0,"parent":5305,"menu_order":5,"comment_status":"closed","ping_status":"closed","template":"page-sidebar.php","meta":{"_acf_changed":false,"footnotes":""},"categories":[],"tags":[],"class_list":["post-5331","page","type-page","status-publish"],"acf":[],"yoast_head":"<!-- This site is optimized with the Yoast SEO plugin v26.7 - https:\/\/yoast.com\/wordpress\/plugins\/seo\/ -->\n<title>R\u00e9cidive ou \u00e9volution - Lymphoma Canada<\/title>\n<meta name=\"robots\" content=\"index, follow, max-snippet:-1, max-image-preview:large, max-video-preview:-1\" \/>\n<link rel=\"canonical\" href=\"https:\/\/www.lymphoma.ca\/fr\/vivre-apres\/ma-maladie\/recidive-ou-evolution\/\" \/>\n<meta property=\"og:locale\" content=\"fr_FR\" \/>\n<meta property=\"og:type\" content=\"article\" \/>\n<meta property=\"og:title\" content=\"R\u00e9cidive ou \u00e9volution - Lymphoma Canada\" \/>\n<meta property=\"og:description\" content=\"[vc_row type=\u00a0\u00bbin_container\u00a0\u00bb full_screen_row_position=\u00a0\u00bbmiddle\u00a0\u00bb column_margin=\u00a0\u00bbdefault\u00a0\u00bb scene_position=\u00a0\u00bbcenter\u00a0\u00bb text_color=\u00a0\u00bbdark\u00a0\u00bb text_align=\u00a0\u00bbleft\u00a0\u00bb overlay_strength=\u00a0\u00bb0.3&Prime; shape_divider_position=\u00a0\u00bbbottom\u00a0\u00bb bg_image_animation=\u00a0\u00bbnone\u00a0\u00bb][vc_column column_padding=\u00a0\u00bbno-extra-padding\u00a0\u00bb column_padding_position=\u00a0\u00bball\u00a0\u00bb background_color_opacity=\u00a0\u00bb1&Prime; background_hover_color_opacity=\u00a0\u00bb1&Prime; column_link_target=\u00a0\u00bb_self\u00a0\u00bb column_shadow=\u00a0\u00bbnone\u00a0\u00bb column_border_radius=\u00a0\u00bbnone\u00a0\u00bb width=\u00a0\u00bb1\/1&Prime; tablet_width_inherit=\u00a0\u00bbdefault\u00a0\u00bb tablet_text_alignment=\u00a0\u00bbdefault\u00a0\u00bb phone_text_alignment=\u00a0\u00bbdefault\u00a0\u00bb overlay_strength=\u00a0\u00bb0.3&Prime; column_border_width=\u00a0\u00bbnone\u00a0\u00bb column_border_style=\u00a0\u00bbsolid\u00a0\u00bb bg_image_animation=\u00a0\u00bbnone\u00a0\u00bb][vc_column_text] [\/vc_column_text][vc_column_text el_class=\u00a0\u00bbgreen\u00a0\u00bb]D\u00e9couvrez comment Robin M....\" \/>\n<meta property=\"og:url\" content=\"https:\/\/www.lymphoma.ca\/fr\/vivre-apres\/ma-maladie\/recidive-ou-evolution\/\" \/>\n<meta property=\"og:site_name\" content=\"Lymphoma Canada\" \/>\n<meta property=\"article:publisher\" content=\"https:\/\/www.facebook.com\/LymphomaCanada\" \/>\n<meta property=\"article:modified_time\" content=\"2022-01-14T18:34:16+00:00\" \/>\n<meta name=\"twitter:card\" content=\"summary_large_image\" \/>\n<meta name=\"twitter:site\" content=\"@lymphomacanada\" \/>\n<meta name=\"twitter:label1\" content=\"Dur\u00e9e de lecture estim\u00e9e\" \/>\n\t<meta name=\"twitter:data1\" content=\"4 minutes\" \/>\n<script type=\"application\/ld+json\" class=\"yoast-schema-graph\">{\"@context\":\"https:\/\/schema.org\",\"@graph\":[{\"@type\":\"WebPage\",\"@id\":\"https:\/\/www.lymphoma.ca\/fr\/vivre-apres\/ma-maladie\/recidive-ou-evolution\/\",\"url\":\"https:\/\/www.lymphoma.ca\/fr\/vivre-apres\/ma-maladie\/recidive-ou-evolution\/\",\"name\":\"R\u00e9cidive ou \u00e9volution - Lymphoma Canada\",\"isPartOf\":{\"@id\":\"https:\/\/www.lymphoma.ca\/fr\/#website\"},\"datePublished\":\"2020-02-28T18:23:03+00:00\",\"dateModified\":\"2022-01-14T18:34:16+00:00\",\"breadcrumb\":{\"@id\":\"https:\/\/www.lymphoma.ca\/fr\/vivre-apres\/ma-maladie\/recidive-ou-evolution\/#breadcrumb\"},\"inLanguage\":\"fr-FR\",\"potentialAction\":[{\"@type\":\"ReadAction\",\"target\":[\"https:\/\/www.lymphoma.ca\/fr\/vivre-apres\/ma-maladie\/recidive-ou-evolution\/\"]}]},{\"@type\":\"BreadcrumbList\",\"@id\":\"https:\/\/www.lymphoma.ca\/fr\/vivre-apres\/ma-maladie\/recidive-ou-evolution\/#breadcrumb\",\"itemListElement\":[{\"@type\":\"ListItem\",\"position\":1,\"name\":\"Home\",\"item\":\"https:\/\/www.lymphoma.ca\/fr\/\"},{\"@type\":\"ListItem\",\"position\":2,\"name\":\"Vivre apr\u00e8s le Lymphome\",\"item\":\"https:\/\/www.lymphoma.ca\/fr\/vivre-apres\/\"},{\"@type\":\"ListItem\",\"position\":3,\"name\":\"Ma maladie &#8211; Le lymphome, une maladie chronique\",\"item\":\"https:\/\/www.lymphoma.ca\/fr\/vivre-apres\/ma-maladie\/\"},{\"@type\":\"ListItem\",\"position\":4,\"name\":\"R\u00e9cidive ou \u00e9volution\"}]},{\"@type\":\"WebSite\",\"@id\":\"https:\/\/www.lymphoma.ca\/fr\/#website\",\"url\":\"https:\/\/www.lymphoma.ca\/fr\/\",\"name\":\"Lymphoma Canada\",\"description\":\"Information. Help. Hope.\",\"publisher\":{\"@id\":\"https:\/\/www.lymphoma.ca\/fr\/#organization\"},\"potentialAction\":[{\"@type\":\"SearchAction\",\"target\":{\"@type\":\"EntryPoint\",\"urlTemplate\":\"https:\/\/www.lymphoma.ca\/fr\/?s={search_term_string}\"},\"query-input\":{\"@type\":\"PropertyValueSpecification\",\"valueRequired\":true,\"valueName\":\"search_term_string\"}}],\"inLanguage\":\"fr-FR\"},{\"@type\":\"Organization\",\"@id\":\"https:\/\/www.lymphoma.ca\/fr\/#organization\",\"name\":\"Lymphoma Canada\",\"url\":\"https:\/\/www.lymphoma.ca\/fr\/\",\"logo\":{\"@type\":\"ImageObject\",\"inLanguage\":\"fr-FR\",\"@id\":\"https:\/\/www.lymphoma.ca\/fr\/#\/schema\/logo\/image\/\",\"url\":\"https:\/\/www.lymphoma.ca\/wp-content\/uploads\/2023\/05\/logo-lymphoma.jpg\",\"contentUrl\":\"https:\/\/www.lymphoma.ca\/wp-content\/uploads\/2023\/05\/logo-lymphoma.jpg\",\"width\":343,\"height\":343,\"caption\":\"Lymphoma Canada\"},\"image\":{\"@id\":\"https:\/\/www.lymphoma.ca\/fr\/#\/schema\/logo\/image\/\"},\"sameAs\":[\"https:\/\/www.facebook.com\/LymphomaCanada\",\"https:\/\/x.com\/lymphomacanada\",\"https:\/\/www.linkedin.com\/company\/lymphoma-canada\/\",\"http:\/\/instagram.com\/lymphomacanada\",\"http:\/\/www.youtube.com\/user\/LymphomaTV\"]}]}<\/script>\n<!-- \/ Yoast SEO plugin. -->","yoast_head_json":{"title":"R\u00e9cidive ou \u00e9volution - Lymphoma Canada","robots":{"index":"index","follow":"follow","max-snippet":"max-snippet:-1","max-image-preview":"max-image-preview:large","max-video-preview":"max-video-preview:-1"},"canonical":"https:\/\/www.lymphoma.ca\/fr\/vivre-apres\/ma-maladie\/recidive-ou-evolution\/","og_locale":"fr_FR","og_type":"article","og_title":"R\u00e9cidive ou \u00e9volution - Lymphoma Canada","og_description":"[vc_row type=\u00a0\u00bbin_container\u00a0\u00bb full_screen_row_position=\u00a0\u00bbmiddle\u00a0\u00bb column_margin=\u00a0\u00bbdefault\u00a0\u00bb scene_position=\u00a0\u00bbcenter\u00a0\u00bb text_color=\u00a0\u00bbdark\u00a0\u00bb text_align=\u00a0\u00bbleft\u00a0\u00bb overlay_strength=\u00a0\u00bb0.3&Prime; shape_divider_position=\u00a0\u00bbbottom\u00a0\u00bb bg_image_animation=\u00a0\u00bbnone\u00a0\u00bb][vc_column column_padding=\u00a0\u00bbno-extra-padding\u00a0\u00bb column_padding_position=\u00a0\u00bball\u00a0\u00bb background_color_opacity=\u00a0\u00bb1&Prime; background_hover_color_opacity=\u00a0\u00bb1&Prime; column_link_target=\u00a0\u00bb_self\u00a0\u00bb column_shadow=\u00a0\u00bbnone\u00a0\u00bb column_border_radius=\u00a0\u00bbnone\u00a0\u00bb width=\u00a0\u00bb1\/1&Prime; tablet_width_inherit=\u00a0\u00bbdefault\u00a0\u00bb tablet_text_alignment=\u00a0\u00bbdefault\u00a0\u00bb phone_text_alignment=\u00a0\u00bbdefault\u00a0\u00bb overlay_strength=\u00a0\u00bb0.3&Prime; column_border_width=\u00a0\u00bbnone\u00a0\u00bb column_border_style=\u00a0\u00bbsolid\u00a0\u00bb bg_image_animation=\u00a0\u00bbnone\u00a0\u00bb][vc_column_text] [\/vc_column_text][vc_column_text el_class=\u00a0\u00bbgreen\u00a0\u00bb]D\u00e9couvrez comment Robin M....","og_url":"https:\/\/www.lymphoma.ca\/fr\/vivre-apres\/ma-maladie\/recidive-ou-evolution\/","og_site_name":"Lymphoma Canada","article_publisher":"https:\/\/www.facebook.com\/LymphomaCanada","article_modified_time":"2022-01-14T18:34:16+00:00","twitter_card":"summary_large_image","twitter_site":"@lymphomacanada","twitter_misc":{"Dur\u00e9e de lecture estim\u00e9e":"4 minutes"},"schema":{"@context":"https:\/\/schema.org","@graph":[{"@type":"WebPage","@id":"https:\/\/www.lymphoma.ca\/fr\/vivre-apres\/ma-maladie\/recidive-ou-evolution\/","url":"https:\/\/www.lymphoma.ca\/fr\/vivre-apres\/ma-maladie\/recidive-ou-evolution\/","name":"R\u00e9cidive ou \u00e9volution - Lymphoma Canada","isPartOf":{"@id":"https:\/\/www.lymphoma.ca\/fr\/#website"},"datePublished":"2020-02-28T18:23:03+00:00","dateModified":"2022-01-14T18:34:16+00:00","breadcrumb":{"@id":"https:\/\/www.lymphoma.ca\/fr\/vivre-apres\/ma-maladie\/recidive-ou-evolution\/#breadcrumb"},"inLanguage":"fr-FR","potentialAction":[{"@type":"ReadAction","target":["https:\/\/www.lymphoma.ca\/fr\/vivre-apres\/ma-maladie\/recidive-ou-evolution\/"]}]},{"@type":"BreadcrumbList","@id":"https:\/\/www.lymphoma.ca\/fr\/vivre-apres\/ma-maladie\/recidive-ou-evolution\/#breadcrumb","itemListElement":[{"@type":"ListItem","position":1,"name":"Home","item":"https:\/\/www.lymphoma.ca\/fr\/"},{"@type":"ListItem","position":2,"name":"Vivre apr\u00e8s le Lymphome","item":"https:\/\/www.lymphoma.ca\/fr\/vivre-apres\/"},{"@type":"ListItem","position":3,"name":"Ma maladie &#8211; Le lymphome, une maladie chronique","item":"https:\/\/www.lymphoma.ca\/fr\/vivre-apres\/ma-maladie\/"},{"@type":"ListItem","position":4,"name":"R\u00e9cidive ou \u00e9volution"}]},{"@type":"WebSite","@id":"https:\/\/www.lymphoma.ca\/fr\/#website","url":"https:\/\/www.lymphoma.ca\/fr\/","name":"Lymphoma Canada","description":"Information. Help. Hope.","publisher":{"@id":"https:\/\/www.lymphoma.ca\/fr\/#organization"},"potentialAction":[{"@type":"SearchAction","target":{"@type":"EntryPoint","urlTemplate":"https:\/\/www.lymphoma.ca\/fr\/?s={search_term_string}"},"query-input":{"@type":"PropertyValueSpecification","valueRequired":true,"valueName":"search_term_string"}}],"inLanguage":"fr-FR"},{"@type":"Organization","@id":"https:\/\/www.lymphoma.ca\/fr\/#organization","name":"Lymphoma Canada","url":"https:\/\/www.lymphoma.ca\/fr\/","logo":{"@type":"ImageObject","inLanguage":"fr-FR","@id":"https:\/\/www.lymphoma.ca\/fr\/#\/schema\/logo\/image\/","url":"https:\/\/www.lymphoma.ca\/wp-content\/uploads\/2023\/05\/logo-lymphoma.jpg","contentUrl":"https:\/\/www.lymphoma.ca\/wp-content\/uploads\/2023\/05\/logo-lymphoma.jpg","width":343,"height":343,"caption":"Lymphoma Canada"},"image":{"@id":"https:\/\/www.lymphoma.ca\/fr\/#\/schema\/logo\/image\/"},"sameAs":["https:\/\/www.facebook.com\/LymphomaCanada","https:\/\/x.com\/lymphomacanada","https:\/\/www.linkedin.com\/company\/lymphoma-canada\/","http:\/\/instagram.com\/lymphomacanada","http:\/\/www.youtube.com\/user\/LymphomaTV"]}]}},"_links":{"self":[{"href":"https:\/\/www.lymphoma.ca\/fr\/wp-json\/wp\/v2\/pages\/5331","targetHints":{"allow":["GET"]}}],"collection":[{"href":"https:\/\/www.lymphoma.ca\/fr\/wp-json\/wp\/v2\/pages"}],"about":[{"href":"https:\/\/www.lymphoma.ca\/fr\/wp-json\/wp\/v2\/types\/page"}],"author":[{"embeddable":true,"href":"https:\/\/www.lymphoma.ca\/fr\/wp-json\/wp\/v2\/users\/27"}],"replies":[{"embeddable":true,"href":"https:\/\/www.lymphoma.ca\/fr\/wp-json\/wp\/v2\/comments?post=5331"}],"version-history":[{"count":5,"href":"https:\/\/www.lymphoma.ca\/fr\/wp-json\/wp\/v2\/pages\/5331\/revisions"}],"predecessor-version":[{"id":11281,"href":"https:\/\/www.lymphoma.ca\/fr\/wp-json\/wp\/v2\/pages\/5331\/revisions\/11281"}],"up":[{"embeddable":true,"href":"https:\/\/www.lymphoma.ca\/fr\/wp-json\/wp\/v2\/pages\/5305"}],"wp:attachment":[{"href":"https:\/\/www.lymphoma.ca\/fr\/wp-json\/wp\/v2\/media?parent=5331"}],"wp:term":[{"taxonomy":"category","embeddable":true,"href":"https:\/\/www.lymphoma.ca\/fr\/wp-json\/wp\/v2\/categories?post=5331"},{"taxonomy":"post_tag","embeddable":true,"href":"https:\/\/www.lymphoma.ca\/fr\/wp-json\/wp\/v2\/tags?post=5331"}],"curies":[{"name":"wp","href":"https:\/\/api.w.org\/{rel}","templated":true}]}}