{"id":5343,"date":"2020-02-28T18:37:59","date_gmt":"2020-02-28T18:37:59","guid":{"rendered":"https:\/\/www.lymphoma.ca\/?page_id=5343"},"modified":"2020-02-28T18:37:59","modified_gmt":"2020-02-28T18:37:59","slug":"lesions-nerveuses","status":"publish","type":"page","link":"https:\/\/www.lymphoma.ca\/fr\/vivre-apres\/mon-corps\/effets-tardifs-du-traitement\/lesions-nerveuses\/","title":{"rendered":"L\u00e9sions nerveuses"},"content":{"rendered":"<p>Le traitement du lymphome, en particulier la chimioth\u00e9rapie, est \u00e9galement connu pour causer des dommages aux nerfs de vos membres. On appelle cela la neuropathie p\u00e9riph\u00e9rique. Dans de tr\u00e8s rares cas, vous pourriez \u00e9galement pr\u00e9senter des l\u00e9sions nerveuses d&rsquo;apparition tardive dans vos organes. D&rsquo;autres facteurs li\u00e9s \u00e0 la sant\u00e9, tels le diab\u00e8te, les carences en vitamines, l&rsquo;alcoolisme ou l&rsquo;insuffisance r\u00e9nale, peuvent aggraver ces sympt\u00f4mes. Les sympt\u00f4mes de dommages au syst\u00e8me nerveux comprennent\u00a0:<\/p>\n<ul>\n<li>Changements au niveau de la perception de la temp\u00e9rature, de la douleur ou de la pression sur la peau.<\/li>\n<li>Sensations d&rsquo;engourdissement, de picotement ou de fourmillement dans les mains et les pieds, habituellement commen\u00e7ant \u00e0 l&rsquo;extr\u00e9mit\u00e9 des doigts et des orteils.<\/li>\n<li>Douleur vive ou en \u00ab\u00a0coup de poignard\u00a0\u00bb soudaine.<\/li>\n<li>Perte de la sensation du toucher.<\/li>\n<li>Probl\u00e8mes d&rsquo;\u00e9quilibre ou difficult\u00e9 \u00e0 marcher.<\/li>\n<li>Maladresse.<\/li>\n<li>Probl\u00e8me de motricit\u00e9 fine, comme ramasser des objets ou boutonner ses v\u00eatements.<\/li>\n<li>Perte auditive.<\/li>\n<li>Douleur \u00e0 la m\u00e2choire.<\/li>\n<li>Constipation.<\/li>\n<li>Hypotension posturale (\u00e9tourdissement, sensation de t\u00eate l\u00e9g\u00e8re ou \u00e9vanouissement lorsque vous vous levez apr\u00e8s avoir \u00e9t\u00e9 assis ou couch\u00e9).<\/li>\n<\/ul>\n<p>Assurez-vous de parler \u00e0 votre m\u00e9decin en cas d&rsquo;apparition de ces sympt\u00f4mes. Ces derniers devraient s&rsquo;att\u00e9nuer avec le temps, mais certains peuvent persister durant un an ou plus. Dans de tr\u00e8s rares cas, ces sympt\u00f4mes peuvent s&rsquo;aggraver et\/ou perdurer. Votre m\u00e9decin pourra vous dire quels traitements et strat\u00e9gies (m\u00e9dicaments, cr\u00e8mes topiques, timbres analg\u00e9siques, acupuncture, physioth\u00e9rapie, ergoth\u00e9rapie, accessoires m\u00e9dicaux [p.\u00a0ex. chaussettes de compression pour l&rsquo;hypotension posturale], changements de r\u00e9gime [pour la constipation] et exercices) peuvent vous aider \u00e0 soulager ou \u00e0 ma\u00eetriser ces sympt\u00f4mes.<\/p>\n<p>Si vous remarquez une perte auditive, interrogez votre m\u00e9decin au sujet de strat\u00e9gies multidisciplinaires, faisant intervenir divers professionnels de la sant\u00e9, qui pourraient vous aider \u00e0 prendre en charge ce sympt\u00f4me sur les plans physique et psychologique.<\/p>\n<p>Voici quelques conseils pour vous aider \u00e0 r\u00e9duire vos sympt\u00f4mes li\u00e9s \u00e0 des l\u00e9sions nerveuses, ou \u00e9viter d&rsquo;autres blessures physiques\u00a0:<\/p>\n<ul>\n<li><strong>Portez des chaussures confortables\u00a0:<\/strong>\u00a0optez pour des chaussures avec des semelles en caoutchouc et \u00e9vitez les talons hauts; certaines orth\u00e8ses peuvent \u00e9galement aider \u00e0 r\u00e9duire la douleur<\/li>\n<li><strong>\u00c9vitez les temp\u00e9ratures extr\u00eames\u00a0:<\/strong>\u00a0mettez des gants pour laver la vaisselle ou servez-vous d&rsquo;un thermom\u00e8tre pour v\u00e9rifier l&rsquo;eau du bain, et portez des gants, des mitaines et des bottes pour garder vos mains et pieds au chaud<\/li>\n<li><strong>Massez, \u00e9tirez et faites travailler vos doigts et orteils<\/strong>\u00a0pendant quelques minutes au moins quatre fois par jour<\/li>\n<li><strong>Inspectez vos pieds r\u00e9guli\u00e8rement\u00a0:<\/strong>\u00a0soyez attentif aux l\u00e9sions cutan\u00e9es situ\u00e9es \u00e0 des endroits insensibles comme les ongles et la plante des pieds<\/li>\n<li><strong>Assurez-vous d&rsquo;avoir un r\u00e9gime alimentaire riche en fibres\u00a0:<\/strong>\u00a0afin de favoriser la r\u00e9gularit\u00e9 et aider \u00e0 r\u00e9duire la constipation<\/li>\n<\/ul>\n<h4>Documentation de r\u00e9f\u00e9rence\u00a0:<\/h4>\n<p><a href=\"http:\/\/www.cancer.ca\/en\/cancer-information\/cancer-journey\/life-after-cancer\/late-and-long-term-effects-of-treatment\/?region=on\" target=\"_blank\" rel=\"noopener noreferrer\">Canadian Cancer Society. Late and long-term effects of treatment<br \/>\n<\/a>Consult\u00e9 le 3\u00a0juin 2014.<\/p>\n<p><a href=\"http:\/\/www.lymphomas.org.uk\/sites\/default\/files\/pdfs\/Late-effects-of-lymphoma-treatment.pdf\" target=\"_blank\" rel=\"noopener noreferrer\">Lymphoma Association. Late effects of lymphoma treatment<br \/>\n<\/a>Consult\u00e9 le 3\u00a0juin 2014.<\/p>\n<p><a href=\"http:\/\/www.mayoclinic.org\/diseases-conditions\/orthostatic-hypotension\/basics\/definition\/con-20031255\" target=\"_blank\" rel=\"noopener noreferrer\">Mayo Clinic. Disease and Conditions. Diseases Orthostatic hypotension (postural hypotension)<br \/>\n<\/a>Consult\u00e9 le 13\u00a0juin 2014.<\/p>\n<p><a href=\"http:\/\/www.cancer.gov\/cancertopics\/coping\/life-after-treatment\/page4#c1\" target=\"_blank\" rel=\"noopener noreferrer\">National Cancer Institute. Facing Forward: Life After Cancer Treatment. Ways to Manage Physical Changes<br \/>\n<\/a>Consult\u00e9 le 3\u00a0juin 2014.<\/p>\n","protected":false},"excerpt":{"rendered":"<p>Le traitement du lymphome, en particulier la chimioth\u00e9rapie, est \u00e9galement connu pour causer des dommages aux nerfs de vos membres. On appelle cela la neuropathie p\u00e9riph\u00e9rique. Dans de tr\u00e8s rares&#8230;<\/p>\n","protected":false},"author":27,"featured_media":0,"parent":5339,"menu_order":3,"comment_status":"closed","ping_status":"closed","template":"page-sidebar.php","meta":{"_acf_changed":false,"footnotes":""},"categories":[],"tags":[],"class_list":["post-5343","page","type-page","status-publish"],"acf":[],"yoast_head":"<!-- This site is optimized with the Yoast SEO plugin v26.7 - https:\/\/yoast.com\/wordpress\/plugins\/seo\/ -->\n<title>L\u00e9sions nerveuses - Lymphoma Canada<\/title>\n<meta name=\"robots\" content=\"index, follow, max-snippet:-1, max-image-preview:large, max-video-preview:-1\" \/>\n<link rel=\"canonical\" href=\"https:\/\/www.lymphoma.ca\/fr\/vivre-apres\/mon-corps\/effets-tardifs-du-traitement\/lesions-nerveuses\/\" \/>\n<meta property=\"og:locale\" content=\"fr_FR\" \/>\n<meta property=\"og:type\" content=\"article\" \/>\n<meta property=\"og:title\" content=\"L\u00e9sions nerveuses - Lymphoma Canada\" \/>\n<meta property=\"og:description\" content=\"Le traitement du lymphome, en particulier la chimioth\u00e9rapie, est \u00e9galement connu pour causer des dommages aux nerfs de vos membres. On appelle cela la neuropathie p\u00e9riph\u00e9rique. Dans de tr\u00e8s rares...\" \/>\n<meta property=\"og:url\" content=\"https:\/\/www.lymphoma.ca\/fr\/vivre-apres\/mon-corps\/effets-tardifs-du-traitement\/lesions-nerveuses\/\" \/>\n<meta property=\"og:site_name\" content=\"Lymphoma Canada\" \/>\n<meta property=\"article:publisher\" content=\"https:\/\/www.facebook.com\/LymphomaCanada\" \/>\n<meta name=\"twitter:card\" content=\"summary_large_image\" \/>\n<meta name=\"twitter:site\" content=\"@lymphomacanada\" \/>\n<meta name=\"twitter:label1\" content=\"Dur\u00e9e de lecture estim\u00e9e\" \/>\n\t<meta name=\"twitter:data1\" content=\"3 minutes\" \/>\n<script type=\"application\/ld+json\" class=\"yoast-schema-graph\">{\"@context\":\"https:\/\/schema.org\",\"@graph\":[{\"@type\":\"WebPage\",\"@id\":\"https:\/\/www.lymphoma.ca\/fr\/vivre-apres\/mon-corps\/effets-tardifs-du-traitement\/lesions-nerveuses\/\",\"url\":\"https:\/\/www.lymphoma.ca\/fr\/vivre-apres\/mon-corps\/effets-tardifs-du-traitement\/lesions-nerveuses\/\",\"name\":\"L\u00e9sions nerveuses - Lymphoma Canada\",\"isPartOf\":{\"@id\":\"https:\/\/www.lymphoma.ca\/fr\/#website\"},\"datePublished\":\"2020-02-28T18:37:59+00:00\",\"breadcrumb\":{\"@id\":\"https:\/\/www.lymphoma.ca\/fr\/vivre-apres\/mon-corps\/effets-tardifs-du-traitement\/lesions-nerveuses\/#breadcrumb\"},\"inLanguage\":\"fr-FR\",\"potentialAction\":[{\"@type\":\"ReadAction\",\"target\":[\"https:\/\/www.lymphoma.ca\/fr\/vivre-apres\/mon-corps\/effets-tardifs-du-traitement\/lesions-nerveuses\/\"]}]},{\"@type\":\"BreadcrumbList\",\"@id\":\"https:\/\/www.lymphoma.ca\/fr\/vivre-apres\/mon-corps\/effets-tardifs-du-traitement\/lesions-nerveuses\/#breadcrumb\",\"itemListElement\":[{\"@type\":\"ListItem\",\"position\":1,\"name\":\"Home\",\"item\":\"https:\/\/www.lymphoma.ca\/fr\/\"},{\"@type\":\"ListItem\",\"position\":2,\"name\":\"Vivre apr\u00e8s le Lymphome\",\"item\":\"https:\/\/www.lymphoma.ca\/fr\/vivre-apres\/\"},{\"@type\":\"ListItem\",\"position\":3,\"name\":\"Mon corps &#8211; Introduction\",\"item\":\"https:\/\/www.lymphoma.ca\/fr\/vivre-apres\/mon-corps\/\"},{\"@type\":\"ListItem\",\"position\":4,\"name\":\"Effets tardifs du traitement\",\"item\":\"https:\/\/www.lymphoma.ca\/fr\/vivre-apres\/mon-corps\/effets-tardifs-du-traitement\/\"},{\"@type\":\"ListItem\",\"position\":5,\"name\":\"L\u00e9sions nerveuses\"}]},{\"@type\":\"WebSite\",\"@id\":\"https:\/\/www.lymphoma.ca\/fr\/#website\",\"url\":\"https:\/\/www.lymphoma.ca\/fr\/\",\"name\":\"Lymphoma Canada\",\"description\":\"Information. Help. Hope.\",\"publisher\":{\"@id\":\"https:\/\/www.lymphoma.ca\/fr\/#organization\"},\"potentialAction\":[{\"@type\":\"SearchAction\",\"target\":{\"@type\":\"EntryPoint\",\"urlTemplate\":\"https:\/\/www.lymphoma.ca\/fr\/?s={search_term_string}\"},\"query-input\":{\"@type\":\"PropertyValueSpecification\",\"valueRequired\":true,\"valueName\":\"search_term_string\"}}],\"inLanguage\":\"fr-FR\"},{\"@type\":\"Organization\",\"@id\":\"https:\/\/www.lymphoma.ca\/fr\/#organization\",\"name\":\"Lymphoma Canada\",\"url\":\"https:\/\/www.lymphoma.ca\/fr\/\",\"logo\":{\"@type\":\"ImageObject\",\"inLanguage\":\"fr-FR\",\"@id\":\"https:\/\/www.lymphoma.ca\/fr\/#\/schema\/logo\/image\/\",\"url\":\"https:\/\/www.lymphoma.ca\/wp-content\/uploads\/2023\/05\/logo-lymphoma.jpg\",\"contentUrl\":\"https:\/\/www.lymphoma.ca\/wp-content\/uploads\/2023\/05\/logo-lymphoma.jpg\",\"width\":343,\"height\":343,\"caption\":\"Lymphoma Canada\"},\"image\":{\"@id\":\"https:\/\/www.lymphoma.ca\/fr\/#\/schema\/logo\/image\/\"},\"sameAs\":[\"https:\/\/www.facebook.com\/LymphomaCanada\",\"https:\/\/x.com\/lymphomacanada\",\"https:\/\/www.linkedin.com\/company\/lymphoma-canada\/\",\"http:\/\/instagram.com\/lymphomacanada\",\"http:\/\/www.youtube.com\/user\/LymphomaTV\"]}]}<\/script>\n<!-- \/ Yoast SEO plugin. -->","yoast_head_json":{"title":"L\u00e9sions nerveuses - Lymphoma Canada","robots":{"index":"index","follow":"follow","max-snippet":"max-snippet:-1","max-image-preview":"max-image-preview:large","max-video-preview":"max-video-preview:-1"},"canonical":"https:\/\/www.lymphoma.ca\/fr\/vivre-apres\/mon-corps\/effets-tardifs-du-traitement\/lesions-nerveuses\/","og_locale":"fr_FR","og_type":"article","og_title":"L\u00e9sions nerveuses - Lymphoma Canada","og_description":"Le traitement du lymphome, en particulier la chimioth\u00e9rapie, est \u00e9galement connu pour causer des dommages aux nerfs de vos membres. On appelle cela la neuropathie p\u00e9riph\u00e9rique. Dans de tr\u00e8s rares...","og_url":"https:\/\/www.lymphoma.ca\/fr\/vivre-apres\/mon-corps\/effets-tardifs-du-traitement\/lesions-nerveuses\/","og_site_name":"Lymphoma Canada","article_publisher":"https:\/\/www.facebook.com\/LymphomaCanada","twitter_card":"summary_large_image","twitter_site":"@lymphomacanada","twitter_misc":{"Dur\u00e9e de lecture estim\u00e9e":"3 minutes"},"schema":{"@context":"https:\/\/schema.org","@graph":[{"@type":"WebPage","@id":"https:\/\/www.lymphoma.ca\/fr\/vivre-apres\/mon-corps\/effets-tardifs-du-traitement\/lesions-nerveuses\/","url":"https:\/\/www.lymphoma.ca\/fr\/vivre-apres\/mon-corps\/effets-tardifs-du-traitement\/lesions-nerveuses\/","name":"L\u00e9sions nerveuses - Lymphoma Canada","isPartOf":{"@id":"https:\/\/www.lymphoma.ca\/fr\/#website"},"datePublished":"2020-02-28T18:37:59+00:00","breadcrumb":{"@id":"https:\/\/www.lymphoma.ca\/fr\/vivre-apres\/mon-corps\/effets-tardifs-du-traitement\/lesions-nerveuses\/#breadcrumb"},"inLanguage":"fr-FR","potentialAction":[{"@type":"ReadAction","target":["https:\/\/www.lymphoma.ca\/fr\/vivre-apres\/mon-corps\/effets-tardifs-du-traitement\/lesions-nerveuses\/"]}]},{"@type":"BreadcrumbList","@id":"https:\/\/www.lymphoma.ca\/fr\/vivre-apres\/mon-corps\/effets-tardifs-du-traitement\/lesions-nerveuses\/#breadcrumb","itemListElement":[{"@type":"ListItem","position":1,"name":"Home","item":"https:\/\/www.lymphoma.ca\/fr\/"},{"@type":"ListItem","position":2,"name":"Vivre apr\u00e8s le Lymphome","item":"https:\/\/www.lymphoma.ca\/fr\/vivre-apres\/"},{"@type":"ListItem","position":3,"name":"Mon corps &#8211; Introduction","item":"https:\/\/www.lymphoma.ca\/fr\/vivre-apres\/mon-corps\/"},{"@type":"ListItem","position":4,"name":"Effets tardifs du traitement","item":"https:\/\/www.lymphoma.ca\/fr\/vivre-apres\/mon-corps\/effets-tardifs-du-traitement\/"},{"@type":"ListItem","position":5,"name":"L\u00e9sions nerveuses"}]},{"@type":"WebSite","@id":"https:\/\/www.lymphoma.ca\/fr\/#website","url":"https:\/\/www.lymphoma.ca\/fr\/","name":"Lymphoma Canada","description":"Information. Help. Hope.","publisher":{"@id":"https:\/\/www.lymphoma.ca\/fr\/#organization"},"potentialAction":[{"@type":"SearchAction","target":{"@type":"EntryPoint","urlTemplate":"https:\/\/www.lymphoma.ca\/fr\/?s={search_term_string}"},"query-input":{"@type":"PropertyValueSpecification","valueRequired":true,"valueName":"search_term_string"}}],"inLanguage":"fr-FR"},{"@type":"Organization","@id":"https:\/\/www.lymphoma.ca\/fr\/#organization","name":"Lymphoma Canada","url":"https:\/\/www.lymphoma.ca\/fr\/","logo":{"@type":"ImageObject","inLanguage":"fr-FR","@id":"https:\/\/www.lymphoma.ca\/fr\/#\/schema\/logo\/image\/","url":"https:\/\/www.lymphoma.ca\/wp-content\/uploads\/2023\/05\/logo-lymphoma.jpg","contentUrl":"https:\/\/www.lymphoma.ca\/wp-content\/uploads\/2023\/05\/logo-lymphoma.jpg","width":343,"height":343,"caption":"Lymphoma Canada"},"image":{"@id":"https:\/\/www.lymphoma.ca\/fr\/#\/schema\/logo\/image\/"},"sameAs":["https:\/\/www.facebook.com\/LymphomaCanada","https:\/\/x.com\/lymphomacanada","https:\/\/www.linkedin.com\/company\/lymphoma-canada\/","http:\/\/instagram.com\/lymphomacanada","http:\/\/www.youtube.com\/user\/LymphomaTV"]}]}},"_links":{"self":[{"href":"https:\/\/www.lymphoma.ca\/fr\/wp-json\/wp\/v2\/pages\/5343","targetHints":{"allow":["GET"]}}],"collection":[{"href":"https:\/\/www.lymphoma.ca\/fr\/wp-json\/wp\/v2\/pages"}],"about":[{"href":"https:\/\/www.lymphoma.ca\/fr\/wp-json\/wp\/v2\/types\/page"}],"author":[{"embeddable":true,"href":"https:\/\/www.lymphoma.ca\/fr\/wp-json\/wp\/v2\/users\/27"}],"replies":[{"embeddable":true,"href":"https:\/\/www.lymphoma.ca\/fr\/wp-json\/wp\/v2\/comments?post=5343"}],"version-history":[{"count":1,"href":"https:\/\/www.lymphoma.ca\/fr\/wp-json\/wp\/v2\/pages\/5343\/revisions"}],"predecessor-version":[{"id":5344,"href":"https:\/\/www.lymphoma.ca\/fr\/wp-json\/wp\/v2\/pages\/5343\/revisions\/5344"}],"up":[{"embeddable":true,"href":"https:\/\/www.lymphoma.ca\/fr\/wp-json\/wp\/v2\/pages\/5339"}],"wp:attachment":[{"href":"https:\/\/www.lymphoma.ca\/fr\/wp-json\/wp\/v2\/media?parent=5343"}],"wp:term":[{"taxonomy":"category","embeddable":true,"href":"https:\/\/www.lymphoma.ca\/fr\/wp-json\/wp\/v2\/categories?post=5343"},{"taxonomy":"post_tag","embeddable":true,"href":"https:\/\/www.lymphoma.ca\/fr\/wp-json\/wp\/v2\/tags?post=5343"}],"curies":[{"name":"wp","href":"https:\/\/api.w.org\/{rel}","templated":true}]}}