{"id":5345,"date":"2020-02-28T18:39:30","date_gmt":"2020-02-28T18:39:30","guid":{"rendered":"https:\/\/www.lymphoma.ca\/?page_id=5345"},"modified":"2020-02-28T18:39:30","modified_gmt":"2020-02-28T18:39:30","slug":"diminution-de-la-fonction-glandulaire","status":"publish","type":"page","link":"https:\/\/www.lymphoma.ca\/fr\/vivre-apres\/mon-corps\/effets-tardifs-du-traitement\/diminution-de-la-fonction-glandulaire\/","title":{"rendered":"Diminution de la fonction glandulaire"},"content":{"rendered":"<p>Le traitement contre le lymphome peut endommager certaines glandes et en alt\u00e9rer les s\u00e9cr\u00e9tions, notamment les glandes salivaires (diminution de la production de salive), la thyro\u00efde et autres glandes, entra\u00eenant des changements au niveau de votre peau et de vos ongles ainsi que d&rsquo;autres probl\u00e8mes hormonaux.<\/p>\n<h3>Diminution de la production de salive<\/h3>\n<p>Si vous avez subi une radioth\u00e9rapie ou une chirurgie \u00e0 la t\u00eate et au cou, il est possible que vos glandes salivaires aient \u00e9t\u00e9 endommag\u00e9es, ce qui pourrait entra\u00eener une diminution de la production de salive dans votre bouche et certains sympt\u00f4mes tels que les suivants\u00a0:<\/p>\n<ul>\n<li>S\u00e9cheresse de la bouche<\/li>\n<li>Douleur \u00e0 la bouche et aux gencives<\/li>\n<li>Infections de la bouche<\/li>\n<li>Caries<\/li>\n<li>Difficult\u00e9 \u00e0 manger (ou changements \u00e0 ce niveau)<\/li>\n<\/ul>\n<p>Voici quelques conseils pour aider \u00e0 att\u00e9nuer ces sympt\u00f4mes\u00a0:<\/p>\n<ul>\n<li><strong>Gardez votre bouche humide\u00a0:<\/strong>\u00a0buvez de l&rsquo;eau, sucez des morceaux de glace ou des bonbons durs sans sucre, m\u00e2chez de la gomme sans sucre ou utilisez un substitut de salive.<\/li>\n<\/ul>\n<ul>\n<li><strong>Nettoyez votre bouche r\u00e9guli\u00e8rement afin d&rsquo;assurer une bonne hygi\u00e8ne buccodentaire\u00a0:<\/strong>\u00a0brossez-vous les dents, les gencives et la langue avec une brosse \u00e0 dents douce apr\u00e8s chaque repas et au coucher; utilisez un dentifrice faiblement fluor\u00e9 et un rince-bouche sans alcool; passez la soie dentaire doucement tous les jours en \u00e9vitant les r\u00e9gions sensibles ou qui saignent; rincez-vous la bouche quelques fois par jour avec du bicarbonate de soude ou une solution sal\u00e9e; le cas \u00e9ch\u00e9ant, nettoyez, brossez et rincez vos proth\u00e8ses dentaires apr\u00e8s chaque repas.<\/li>\n<li><strong>\u00c9vitez certains aliments ou \u00e9vitez de mettre certains objets dans votre bouche\u00a0:<\/strong>\u00a0ne mangez pas des aliments qui peuvent racler ou fendiller votre bouche comme des croustilles ou des barres granola croquantes; \u00e9vitez les aliments ou les jus chauds, \u00e9pic\u00e9s ou acides; abstenez-vous de manger des aliments sucr\u00e9s qui peuvent causer des caries comme les bonbons ou les boissons gazeuses; n&rsquo;utilisez pas de cure-dents; cessez de fumer ou de m\u00e2cher du tabac; \u00e9vitez les boissons alcoolis\u00e9es.<\/li>\n<\/ul>\n<p>Si vos sympt\u00f4mes ne disparaissent pas, discutez de moyens de contr\u00f4ler la diminution de votre production de salive avec votre m\u00e9decin et votre dentiste et demandez-leur \u00e0 quelle fr\u00e9quence les examens doivent \u00eatre r\u00e9alis\u00e9s.<\/p>\n<h3>Diminution de la fonction de la glande thyro\u00efde<\/h3>\n<p>La glande thyro\u00efde fait partie du syst\u00e8me endocrinien et est responsable de la production d&rsquo;une hormone qui contr\u00f4le le m\u00e9tabolisme. Elle est situ\u00e9e dans le cou; c&rsquo;est pourquoi la radioth\u00e9rapie dirig\u00e9e vers cette r\u00e9gion peut l&rsquo;endommager et r\u00e9duire sa fonction (trouble que l&rsquo;on appelle hypothyro\u00efdie). Votre risque de d\u00e9velopper une hypothyro\u00efdie est plus \u00e9lev\u00e9 durant les cinq premi\u00e8res ann\u00e9es, mais il peut subsister apr\u00e8s cette p\u00e9riode.<\/p>\n<p>Les sympt\u00f4mes de l&rsquo;hypothyro\u00efdie comprennent les suivants\u00a0:<\/p>\n<ul>\n<li>Fatigue<\/li>\n<li>Intol\u00e9rance au froid<\/li>\n<li>S\u00e9cheresse de la peau<\/li>\n<li>Cheveux secs<\/li>\n<li>Perte de cheveux<\/li>\n<li>Gain de poids<\/li>\n<li>Difficult\u00e9 \u00e0 perdre du poids<\/li>\n<li>Probl\u00e8mes menstruels<\/li>\n<\/ul>\n<p>L&rsquo;hypothyro\u00efdie est difficile \u00e0 diagnostiquer, car les sympt\u00f4mes varient et peuvent souvent \u00eatre associ\u00e9s \u00e0 d&rsquo;autres situations ou comportements li\u00e9s \u00e0 la sant\u00e9, par exemple le vieillissement, la m\u00e9nopause ou une mauvaise alimentation. M\u00eame si le suivi de votre lymphome est termin\u00e9, vous pouvez toujours consulter votre m\u00e9decin de famille si vous pensez que vous pourriez pr\u00e9senter une hypothyro\u00efdie. La maladie est diagnostiqu\u00e9e au moyen d&rsquo;une simple analyse sanguine et peut facilement \u00eatre trait\u00e9e avec des suppl\u00e9ments d&rsquo;hormones thyro\u00efdiennes.<\/p>\n<h3>Diminution de la production de s\u00e9bum modifiant la peau et les ongles<\/h3>\n<p>Les probl\u00e8mes au niveau de la peau et des ongles qui surviennent durant la chimioth\u00e9rapie et la radioth\u00e9rapie peuvent parfois subsister quelque temps apr\u00e8s la fin du traitement. Ce ph\u00e9nom\u00e8ne est caus\u00e9 par des l\u00e9sions aux glandes s\u00e9bac\u00e9es de la peau qui produisent normalement le s\u00e9bum (substance huileuse qui lubrifie votre peau et vos cheveux). Les sympt\u00f4mes cutan\u00e9s g\u00e9n\u00e9raux comprennent les suivants\u00a0: rougeur, \u00e9ruptions cutan\u00e9es, d\u00e9mangeaisons, s\u00e9cheresse, acn\u00e9, desquamation, cloques et d\u00e9coloration. Les probl\u00e8mes d&rsquo;ongles peuvent comprendre les suivants\u00a0: coloration plus fonc\u00e9e, jaunissement, fragilit\u00e9, fissures, lignes et s\u00e9paration des ongles de leur lit. Voici quelques conseils pour aider \u00e0 att\u00e9nuer ces sympt\u00f4mes\u00a0:<\/p>\n<ul>\n<li><strong>Utilisez de l&rsquo;eau ti\u00e8de plut\u00f4t que de l&rsquo;eau chaude<\/strong>\u00a0pour vous baigner ou vous laver les mains afin d&rsquo;\u00e9viter la s\u00e9cheresse excessive de votre peau.<\/li>\n<li><strong>Gardez votre peau et vos ongles propres\u00a0:<\/strong>\u00a0lavez-les ou baignez-vous fr\u00e9quemment afin d&rsquo;\u00e9viter les infections et les irritations de la peau.<\/li>\n<li><strong>Tapotez votre peau pour l&rsquo;ass\u00e9cher apr\u00e8s l\u2019avoir lav\u00e9e\u00a0:<\/strong>\u00a0\u00e9vitez de frotter et d&rsquo;irriter la peau.<\/li>\n<li><strong>N&rsquo;exacerbez pas les irritations de votre peau\u00a0:<\/strong>\u00a0\u00e9vitez de toucher \u00e0 vos boutons d&rsquo;acn\u00e9 ou \u00e0 vos autres irritations cutan\u00e9es en les comprimant, les grattant ou en tentant de les extirper.<\/li>\n<li><strong>Hydratez votre peau fr\u00e9quemment<\/strong>\u00a0afin de pr\u00e9venir l&rsquo;ass\u00e8chement ou les craquelures; utilisez des produits sans alcool ayant une teneur \u00e9lev\u00e9e en lanoline; informez-vous aupr\u00e8s de l&rsquo;\u00e9quipe de soins de sant\u00e9.<\/li>\n<li><strong>Utilisez une cr\u00e8me pour les cuticules\u00a0:<\/strong>\u00a0\u00e9vitez de couper ou d&rsquo;arracher les cuticules et les envies.<\/li>\n<li><strong>Portez des gants<\/strong>, surtout en faisant le m\u00e9nage, la vaisselle ou du jardinage.<\/li>\n<li><strong>\u00c9vitez les coupures avec les lames de rasoir\u00a0:<\/strong>\u00a0utilisez un rasoir \u00e9lectrique lorsque cela est possible.<\/li>\n<li><strong>Nettoyez toutes les blessures mineures de la peau\u00a0:<\/strong>\u00a0nettoyez toutes les coupures ou irritations mineures de la peau avec du savon et de l&rsquo;eau ti\u00e8de afin d&rsquo;\u00e9viter les infections et appliquez un onguent antibiotique afin de pr\u00e9venir les infections.<\/li>\n<li><strong>\u00c9vitez les produits pour la peau contenant de l&rsquo;alcool\u00a0:<\/strong>\u00a0ces produits et notamment les parfums et les lotions apr\u00e8s-rasage rendent la peau particuli\u00e8rement s\u00e8che.<\/li>\n<li><strong>Appliquez une protection solaire\u00a0:<\/strong>\u00a0utilisez un \u00e9cran solaire ayant un facteur de protection solaire (FPS) de 30 ou plus et portez des v\u00eatements aux manches longues et des chapeaux \u00e0 large bord.<\/li>\n<\/ul>\n<h3>Autres probl\u00e8mes hormonaux<\/h3>\n<p>Votre corps comprend d&rsquo;autres glandes endocrines s\u00e9cr\u00e9tant diff\u00e9rentes hormones dans le sang et qui peuvent \u00eatre d\u00e9natur\u00e9es par le traitement de votre lymphome; les plus fr\u00e9quemment touch\u00e9es sont la glande surr\u00e9nale (qui s\u00e9cr\u00e8te les hormones li\u00e9es au stress) et l&rsquo;hypophyse (qui s\u00e9cr\u00e8te les hormones li\u00e9es \u00e0 la croissance, \u00e0 la sant\u00e9 sexuelle, aux fonctions thyro\u00efdienne et de reproduction, \u00e0 la r\u00e9tention d&rsquo;eau et aux cycles de sommeil jour-nuit). Si vous remarquez quelque chose d&rsquo;anormal dans ces domaines de votre fonctionnement physique, discutez-en avec votre m\u00e9decin.<\/p>\n<p>Par ailleurs, le traitement du lymphome est connu pour contribuer \u00e0 certains probl\u00e8mes oculaires, notamment aux glandes lacrymales qui s\u00e9cr\u00e8tent les larmes.<\/p>\n<h4>Documentation de r\u00e9f\u00e9rence\u00a0:<\/h4>\n<p><a href=\"http:\/\/www.cancer.ca\/fr-ca\/cancer-information\/diagnosis-and-treatment\/chemotherapy-and-other-drug-therapies\/chemotherapy\/side-effects-of-chemotherapy\/skin-changes-with-chemotherapy\/?region=qc\" target=\"_blank\" rel=\"noopener noreferrer\">Soci\u00e9t\u00e9 canadienne du cancer. Changements de la peau caus\u00e9s par la chimioth\u00e9rapie.<br \/>\n<\/a>Consult\u00e9 le 13\u00a0juin 2014.<\/p>\n<p><a href=\"http:\/\/www.cancer.net\/survivorship\/long-term-side-effects-cancer-treatment\" target=\"_blank\" rel=\"noopener noreferrer\">Cancer.Net. Long-Term Side Effects of Cancer Treatment<br \/>\n<\/a>Consult\u00e9 le 22\u00a0mai\u00a02014.<\/p>\n<p><a href=\"http:\/\/www.cancer.net\/navigating-cancer-care\/how-cancer-treated\/radiation-therapy\/side-effects-radiation-therapy\" target=\"_blank\" rel=\"noopener noreferrer\">Cancer.Net. Side Effects of Radiation Therapy<br \/>\n<\/a>Consult\u00e9 le 13\u00a0juin 2014.<\/p>\n<p><a href=\"http:\/\/www.cancer.ca\/fr-ca\/cancer-information\/cancer-journey\/life-after-cancer\/late-and-long-term-effects-of-treatment\/?region=qc\" target=\"_blank\" rel=\"noopener noreferrer\">Soci\u00e9t\u00e9 canadienne du cancer. Effets tardifs et effets \u00e0 long terme du traitement.<br \/>\n<\/a>Consult\u00e9 le 3\u00a0juin 2014.<\/p>\n<p><a href=\"http:\/\/www.lymphomas.org.uk\/sites\/default\/files\/pdfs\/Late-effects-of-lymphoma-treatment.pdf\" target=\"_blank\" rel=\"noopener noreferrer\">Lymphoma Association. Late effects of lymphoma treatment<br \/>\n<\/a>Consult\u00e9 le 3\u00a0juin 2014.<\/p>\n<p><a href=\"http:\/\/www.nlm.nih.gov\/medlineplus\/ency\/article\/002351.htm\" target=\"_blank\" rel=\"noopener noreferrer\">MedlinePlus. Endocrine glands<br \/>\n<\/a>Consult\u00e9 le 13\u00a0juin 2014.<\/p>\n<p><a href=\"http:\/\/www.cancer.gov\/cancertopics\/coping\/life-after-treatment\/page4#c1\" target=\"_blank\" rel=\"noopener noreferrer\">National Cancer Institute. Facing Forward: Life After Cancer Treatment. Ways to Manage Physical Changes<br \/>\n<\/a>Consult\u00e9 le 3\u00a0juin 2014.<\/p>\n","protected":false},"excerpt":{"rendered":"<p>Le traitement contre le lymphome peut endommager certaines glandes et en alt\u00e9rer les s\u00e9cr\u00e9tions, notamment les glandes salivaires (diminution de la production de salive), la thyro\u00efde et autres glandes, entra\u00eenant&#8230;<\/p>\n","protected":false},"author":27,"featured_media":0,"parent":5339,"menu_order":5,"comment_status":"closed","ping_status":"closed","template":"page-sidebar.php","meta":{"_acf_changed":false,"footnotes":""},"categories":[],"tags":[],"class_list":["post-5345","page","type-page","status-publish"],"acf":[],"yoast_head":"<!-- This site is optimized with the Yoast SEO plugin v26.7 - https:\/\/yoast.com\/wordpress\/plugins\/seo\/ -->\n<title>Diminution de la fonction glandulaire - Lymphoma Canada<\/title>\n<meta name=\"robots\" content=\"index, follow, max-snippet:-1, max-image-preview:large, max-video-preview:-1\" \/>\n<link rel=\"canonical\" href=\"https:\/\/www.lymphoma.ca\/fr\/vivre-apres\/mon-corps\/effets-tardifs-du-traitement\/diminution-de-la-fonction-glandulaire\/\" \/>\n<meta property=\"og:locale\" content=\"fr_FR\" \/>\n<meta property=\"og:type\" content=\"article\" \/>\n<meta property=\"og:title\" content=\"Diminution de la fonction glandulaire - Lymphoma Canada\" \/>\n<meta property=\"og:description\" content=\"Le traitement contre le lymphome peut endommager certaines glandes et en alt\u00e9rer les s\u00e9cr\u00e9tions, notamment les glandes salivaires (diminution de la production de salive), la thyro\u00efde et autres glandes, entra\u00eenant...\" \/>\n<meta property=\"og:url\" content=\"https:\/\/www.lymphoma.ca\/fr\/vivre-apres\/mon-corps\/effets-tardifs-du-traitement\/diminution-de-la-fonction-glandulaire\/\" \/>\n<meta property=\"og:site_name\" content=\"Lymphoma Canada\" \/>\n<meta property=\"article:publisher\" content=\"https:\/\/www.facebook.com\/LymphomaCanada\" \/>\n<meta name=\"twitter:card\" content=\"summary_large_image\" \/>\n<meta name=\"twitter:site\" content=\"@lymphomacanada\" \/>\n<meta name=\"twitter:label1\" content=\"Dur\u00e9e de lecture estim\u00e9e\" \/>\n\t<meta name=\"twitter:data1\" content=\"6 minutes\" \/>\n<script type=\"application\/ld+json\" class=\"yoast-schema-graph\">{\"@context\":\"https:\/\/schema.org\",\"@graph\":[{\"@type\":\"WebPage\",\"@id\":\"https:\/\/www.lymphoma.ca\/fr\/vivre-apres\/mon-corps\/effets-tardifs-du-traitement\/diminution-de-la-fonction-glandulaire\/\",\"url\":\"https:\/\/www.lymphoma.ca\/fr\/vivre-apres\/mon-corps\/effets-tardifs-du-traitement\/diminution-de-la-fonction-glandulaire\/\",\"name\":\"Diminution de la fonction glandulaire - Lymphoma Canada\",\"isPartOf\":{\"@id\":\"https:\/\/www.lymphoma.ca\/fr\/#website\"},\"datePublished\":\"2020-02-28T18:39:30+00:00\",\"breadcrumb\":{\"@id\":\"https:\/\/www.lymphoma.ca\/fr\/vivre-apres\/mon-corps\/effets-tardifs-du-traitement\/diminution-de-la-fonction-glandulaire\/#breadcrumb\"},\"inLanguage\":\"fr-FR\",\"potentialAction\":[{\"@type\":\"ReadAction\",\"target\":[\"https:\/\/www.lymphoma.ca\/fr\/vivre-apres\/mon-corps\/effets-tardifs-du-traitement\/diminution-de-la-fonction-glandulaire\/\"]}]},{\"@type\":\"BreadcrumbList\",\"@id\":\"https:\/\/www.lymphoma.ca\/fr\/vivre-apres\/mon-corps\/effets-tardifs-du-traitement\/diminution-de-la-fonction-glandulaire\/#breadcrumb\",\"itemListElement\":[{\"@type\":\"ListItem\",\"position\":1,\"name\":\"Home\",\"item\":\"https:\/\/www.lymphoma.ca\/fr\/\"},{\"@type\":\"ListItem\",\"position\":2,\"name\":\"Vivre apr\u00e8s le Lymphome\",\"item\":\"https:\/\/www.lymphoma.ca\/fr\/vivre-apres\/\"},{\"@type\":\"ListItem\",\"position\":3,\"name\":\"Mon corps &#8211; Introduction\",\"item\":\"https:\/\/www.lymphoma.ca\/fr\/vivre-apres\/mon-corps\/\"},{\"@type\":\"ListItem\",\"position\":4,\"name\":\"Effets tardifs du traitement\",\"item\":\"https:\/\/www.lymphoma.ca\/fr\/vivre-apres\/mon-corps\/effets-tardifs-du-traitement\/\"},{\"@type\":\"ListItem\",\"position\":5,\"name\":\"Diminution de la fonction glandulaire\"}]},{\"@type\":\"WebSite\",\"@id\":\"https:\/\/www.lymphoma.ca\/fr\/#website\",\"url\":\"https:\/\/www.lymphoma.ca\/fr\/\",\"name\":\"Lymphoma Canada\",\"description\":\"Information. Help. Hope.\",\"publisher\":{\"@id\":\"https:\/\/www.lymphoma.ca\/fr\/#organization\"},\"potentialAction\":[{\"@type\":\"SearchAction\",\"target\":{\"@type\":\"EntryPoint\",\"urlTemplate\":\"https:\/\/www.lymphoma.ca\/fr\/?s={search_term_string}\"},\"query-input\":{\"@type\":\"PropertyValueSpecification\",\"valueRequired\":true,\"valueName\":\"search_term_string\"}}],\"inLanguage\":\"fr-FR\"},{\"@type\":\"Organization\",\"@id\":\"https:\/\/www.lymphoma.ca\/fr\/#organization\",\"name\":\"Lymphoma Canada\",\"url\":\"https:\/\/www.lymphoma.ca\/fr\/\",\"logo\":{\"@type\":\"ImageObject\",\"inLanguage\":\"fr-FR\",\"@id\":\"https:\/\/www.lymphoma.ca\/fr\/#\/schema\/logo\/image\/\",\"url\":\"https:\/\/www.lymphoma.ca\/wp-content\/uploads\/2023\/05\/logo-lymphoma.jpg\",\"contentUrl\":\"https:\/\/www.lymphoma.ca\/wp-content\/uploads\/2023\/05\/logo-lymphoma.jpg\",\"width\":343,\"height\":343,\"caption\":\"Lymphoma Canada\"},\"image\":{\"@id\":\"https:\/\/www.lymphoma.ca\/fr\/#\/schema\/logo\/image\/\"},\"sameAs\":[\"https:\/\/www.facebook.com\/LymphomaCanada\",\"https:\/\/x.com\/lymphomacanada\",\"https:\/\/www.linkedin.com\/company\/lymphoma-canada\/\",\"http:\/\/instagram.com\/lymphomacanada\",\"http:\/\/www.youtube.com\/user\/LymphomaTV\"]}]}<\/script>\n<!-- \/ Yoast SEO plugin. -->","yoast_head_json":{"title":"Diminution de la fonction glandulaire - Lymphoma Canada","robots":{"index":"index","follow":"follow","max-snippet":"max-snippet:-1","max-image-preview":"max-image-preview:large","max-video-preview":"max-video-preview:-1"},"canonical":"https:\/\/www.lymphoma.ca\/fr\/vivre-apres\/mon-corps\/effets-tardifs-du-traitement\/diminution-de-la-fonction-glandulaire\/","og_locale":"fr_FR","og_type":"article","og_title":"Diminution de la fonction glandulaire - Lymphoma Canada","og_description":"Le traitement contre le lymphome peut endommager certaines glandes et en alt\u00e9rer les s\u00e9cr\u00e9tions, notamment les glandes salivaires (diminution de la production de salive), la thyro\u00efde et autres glandes, entra\u00eenant...","og_url":"https:\/\/www.lymphoma.ca\/fr\/vivre-apres\/mon-corps\/effets-tardifs-du-traitement\/diminution-de-la-fonction-glandulaire\/","og_site_name":"Lymphoma Canada","article_publisher":"https:\/\/www.facebook.com\/LymphomaCanada","twitter_card":"summary_large_image","twitter_site":"@lymphomacanada","twitter_misc":{"Dur\u00e9e de lecture estim\u00e9e":"6 minutes"},"schema":{"@context":"https:\/\/schema.org","@graph":[{"@type":"WebPage","@id":"https:\/\/www.lymphoma.ca\/fr\/vivre-apres\/mon-corps\/effets-tardifs-du-traitement\/diminution-de-la-fonction-glandulaire\/","url":"https:\/\/www.lymphoma.ca\/fr\/vivre-apres\/mon-corps\/effets-tardifs-du-traitement\/diminution-de-la-fonction-glandulaire\/","name":"Diminution de la fonction glandulaire - Lymphoma Canada","isPartOf":{"@id":"https:\/\/www.lymphoma.ca\/fr\/#website"},"datePublished":"2020-02-28T18:39:30+00:00","breadcrumb":{"@id":"https:\/\/www.lymphoma.ca\/fr\/vivre-apres\/mon-corps\/effets-tardifs-du-traitement\/diminution-de-la-fonction-glandulaire\/#breadcrumb"},"inLanguage":"fr-FR","potentialAction":[{"@type":"ReadAction","target":["https:\/\/www.lymphoma.ca\/fr\/vivre-apres\/mon-corps\/effets-tardifs-du-traitement\/diminution-de-la-fonction-glandulaire\/"]}]},{"@type":"BreadcrumbList","@id":"https:\/\/www.lymphoma.ca\/fr\/vivre-apres\/mon-corps\/effets-tardifs-du-traitement\/diminution-de-la-fonction-glandulaire\/#breadcrumb","itemListElement":[{"@type":"ListItem","position":1,"name":"Home","item":"https:\/\/www.lymphoma.ca\/fr\/"},{"@type":"ListItem","position":2,"name":"Vivre apr\u00e8s le Lymphome","item":"https:\/\/www.lymphoma.ca\/fr\/vivre-apres\/"},{"@type":"ListItem","position":3,"name":"Mon corps &#8211; Introduction","item":"https:\/\/www.lymphoma.ca\/fr\/vivre-apres\/mon-corps\/"},{"@type":"ListItem","position":4,"name":"Effets tardifs du traitement","item":"https:\/\/www.lymphoma.ca\/fr\/vivre-apres\/mon-corps\/effets-tardifs-du-traitement\/"},{"@type":"ListItem","position":5,"name":"Diminution de la fonction glandulaire"}]},{"@type":"WebSite","@id":"https:\/\/www.lymphoma.ca\/fr\/#website","url":"https:\/\/www.lymphoma.ca\/fr\/","name":"Lymphoma Canada","description":"Information. Help. Hope.","publisher":{"@id":"https:\/\/www.lymphoma.ca\/fr\/#organization"},"potentialAction":[{"@type":"SearchAction","target":{"@type":"EntryPoint","urlTemplate":"https:\/\/www.lymphoma.ca\/fr\/?s={search_term_string}"},"query-input":{"@type":"PropertyValueSpecification","valueRequired":true,"valueName":"search_term_string"}}],"inLanguage":"fr-FR"},{"@type":"Organization","@id":"https:\/\/www.lymphoma.ca\/fr\/#organization","name":"Lymphoma Canada","url":"https:\/\/www.lymphoma.ca\/fr\/","logo":{"@type":"ImageObject","inLanguage":"fr-FR","@id":"https:\/\/www.lymphoma.ca\/fr\/#\/schema\/logo\/image\/","url":"https:\/\/www.lymphoma.ca\/wp-content\/uploads\/2023\/05\/logo-lymphoma.jpg","contentUrl":"https:\/\/www.lymphoma.ca\/wp-content\/uploads\/2023\/05\/logo-lymphoma.jpg","width":343,"height":343,"caption":"Lymphoma Canada"},"image":{"@id":"https:\/\/www.lymphoma.ca\/fr\/#\/schema\/logo\/image\/"},"sameAs":["https:\/\/www.facebook.com\/LymphomaCanada","https:\/\/x.com\/lymphomacanada","https:\/\/www.linkedin.com\/company\/lymphoma-canada\/","http:\/\/instagram.com\/lymphomacanada","http:\/\/www.youtube.com\/user\/LymphomaTV"]}]}},"_links":{"self":[{"href":"https:\/\/www.lymphoma.ca\/fr\/wp-json\/wp\/v2\/pages\/5345","targetHints":{"allow":["GET"]}}],"collection":[{"href":"https:\/\/www.lymphoma.ca\/fr\/wp-json\/wp\/v2\/pages"}],"about":[{"href":"https:\/\/www.lymphoma.ca\/fr\/wp-json\/wp\/v2\/types\/page"}],"author":[{"embeddable":true,"href":"https:\/\/www.lymphoma.ca\/fr\/wp-json\/wp\/v2\/users\/27"}],"replies":[{"embeddable":true,"href":"https:\/\/www.lymphoma.ca\/fr\/wp-json\/wp\/v2\/comments?post=5345"}],"version-history":[{"count":1,"href":"https:\/\/www.lymphoma.ca\/fr\/wp-json\/wp\/v2\/pages\/5345\/revisions"}],"predecessor-version":[{"id":5346,"href":"https:\/\/www.lymphoma.ca\/fr\/wp-json\/wp\/v2\/pages\/5345\/revisions\/5346"}],"up":[{"embeddable":true,"href":"https:\/\/www.lymphoma.ca\/fr\/wp-json\/wp\/v2\/pages\/5339"}],"wp:attachment":[{"href":"https:\/\/www.lymphoma.ca\/fr\/wp-json\/wp\/v2\/media?parent=5345"}],"wp:term":[{"taxonomy":"category","embeddable":true,"href":"https:\/\/www.lymphoma.ca\/fr\/wp-json\/wp\/v2\/categories?post=5345"},{"taxonomy":"post_tag","embeddable":true,"href":"https:\/\/www.lymphoma.ca\/fr\/wp-json\/wp\/v2\/tags?post=5345"}],"curies":[{"name":"wp","href":"https:\/\/api.w.org\/{rel}","templated":true}]}}