{"id":5349,"date":"2020-02-28T18:51:07","date_gmt":"2020-02-28T18:51:07","guid":{"rendered":"https:\/\/www.lymphoma.ca\/?page_id=5349"},"modified":"2020-02-28T18:51:07","modified_gmt":"2020-02-28T18:51:07","slug":"infections","status":"publish","type":"page","link":"https:\/\/www.lymphoma.ca\/fr\/vivre-apres\/mon-corps\/effets-tardifs-du-traitement\/infections\/","title":{"rendered":"Infections"},"content":{"rendered":"<p>Si vous avez subi une chimioth\u00e9rapie ou avez re\u00e7u un traitement biologique et\/ou une greffe de cellules souches, il est probable que votre syst\u00e8me immunitaire soit affaibli par une diminution de vos taux de globules blancs (neutrophiles) et d&rsquo;anticorps (marqueurs biologiques utilis\u00e9s par le syst\u00e8me immunitaire pour identifier les corps \u00e9trangers). Une fois le traitement de votre lymphome termin\u00e9, vos globules blancs et vos anticorps devraient commencer \u00e0 se reconstituer. Ce processus peut cependant prendre de nombreux mois. Pendant ce temps, il est possible que vous soyez vuln\u00e9rable aux infections, en particulier les virus.<\/p>\n<p>Bien souvent, certains virus normalement inactifs dans notre corps s&rsquo;activent apr\u00e8s la fin du traitement contre le lymphome. Par exemple, la r\u00e9activation du virus herp\u00e8s\u00a0zoster (responsable de la varicelle) peut provoquer le zona, connu pour ses sympt\u00f4mes caract\u00e9ristiques, c&rsquo;est-\u00e0-dire des cloques douloureuses sur les c\u00f4t\u00e9s du torse. Les sympt\u00f4mes peuvent \u00eatre pires chez les personnes qui pr\u00e9sentent un syst\u00e8me immunitaire affaibli. L&rsquo;h\u00e9patite\u00a0B est un autre virus connu pour se r\u00e9activer \u00e0 la fin du traitement contre le lymphome. Quel que soit le cas, consultez votre m\u00e9decin d\u00e8s l&rsquo;apparition de signes d&rsquo;une infection virale; un traitement pr\u00e9coce par des antiviraux pourrait aider \u00e0 soulager vos sympt\u00f4mes.<\/p>\n<h4>Documentation de r\u00e9f\u00e9rence\u00a0:<\/h4>\n<p><a href=\"http:\/\/www.lymphomas.org.uk\/sites\/default\/files\/pdfs\/Late-effects-of-lymphoma-treatment.pdf\" target=\"_blank\" rel=\"noopener noreferrer\">Lymphoma Association. Late effects of lymphoma treatment<br \/>\n<\/a>Consult\u00e9 le 3\u00a0juin 2014.<\/p>\n<p><a href=\"http:\/\/www.mayoclinic.org\/diseases-conditions\/shingles\/basics\/definition\/con-20019574\" target=\"_blank\" rel=\"noopener noreferrer\">Mayo Clinic. Shingles. Definition<br \/>\n<\/a>Consult\u00e9 le 5\u00a0juin 2014.<\/p>\n","protected":false},"excerpt":{"rendered":"<p>Si vous avez subi une chimioth\u00e9rapie ou avez re\u00e7u un traitement biologique et\/ou une greffe de cellules souches, il est probable que votre syst\u00e8me immunitaire soit affaibli par une diminution&#8230;<\/p>\n","protected":false},"author":27,"featured_media":0,"parent":5339,"menu_order":2,"comment_status":"closed","ping_status":"closed","template":"page-sidebar.php","meta":{"_acf_changed":false,"footnotes":""},"categories":[],"tags":[],"class_list":["post-5349","page","type-page","status-publish"],"acf":[],"yoast_head":"<!-- This site is optimized with the Yoast SEO plugin v26.7 - https:\/\/yoast.com\/wordpress\/plugins\/seo\/ -->\n<title>Infections - Lymphoma Canada<\/title>\n<meta name=\"robots\" content=\"index, follow, max-snippet:-1, max-image-preview:large, max-video-preview:-1\" \/>\n<link rel=\"canonical\" href=\"https:\/\/www.lymphoma.ca\/fr\/vivre-apres\/mon-corps\/effets-tardifs-du-traitement\/infections\/\" \/>\n<meta property=\"og:locale\" content=\"fr_FR\" \/>\n<meta property=\"og:type\" content=\"article\" \/>\n<meta property=\"og:title\" content=\"Infections - Lymphoma Canada\" \/>\n<meta property=\"og:description\" content=\"Si vous avez subi une chimioth\u00e9rapie ou avez re\u00e7u un traitement biologique et\/ou une greffe de cellules souches, il est probable que votre syst\u00e8me immunitaire soit affaibli par une diminution...\" \/>\n<meta property=\"og:url\" content=\"https:\/\/www.lymphoma.ca\/fr\/vivre-apres\/mon-corps\/effets-tardifs-du-traitement\/infections\/\" \/>\n<meta property=\"og:site_name\" content=\"Lymphoma Canada\" \/>\n<meta property=\"article:publisher\" content=\"https:\/\/www.facebook.com\/LymphomaCanada\" \/>\n<meta name=\"twitter:card\" content=\"summary_large_image\" \/>\n<meta name=\"twitter:site\" content=\"@lymphomacanada\" \/>\n<meta name=\"twitter:label1\" content=\"Dur\u00e9e de lecture estim\u00e9e\" \/>\n\t<meta name=\"twitter:data1\" content=\"1 minute\" \/>\n<script type=\"application\/ld+json\" class=\"yoast-schema-graph\">{\"@context\":\"https:\/\/schema.org\",\"@graph\":[{\"@type\":\"WebPage\",\"@id\":\"https:\/\/www.lymphoma.ca\/fr\/vivre-apres\/mon-corps\/effets-tardifs-du-traitement\/infections\/\",\"url\":\"https:\/\/www.lymphoma.ca\/fr\/vivre-apres\/mon-corps\/effets-tardifs-du-traitement\/infections\/\",\"name\":\"Infections - Lymphoma Canada\",\"isPartOf\":{\"@id\":\"https:\/\/www.lymphoma.ca\/fr\/#website\"},\"datePublished\":\"2020-02-28T18:51:07+00:00\",\"breadcrumb\":{\"@id\":\"https:\/\/www.lymphoma.ca\/fr\/vivre-apres\/mon-corps\/effets-tardifs-du-traitement\/infections\/#breadcrumb\"},\"inLanguage\":\"fr-FR\",\"potentialAction\":[{\"@type\":\"ReadAction\",\"target\":[\"https:\/\/www.lymphoma.ca\/fr\/vivre-apres\/mon-corps\/effets-tardifs-du-traitement\/infections\/\"]}]},{\"@type\":\"BreadcrumbList\",\"@id\":\"https:\/\/www.lymphoma.ca\/fr\/vivre-apres\/mon-corps\/effets-tardifs-du-traitement\/infections\/#breadcrumb\",\"itemListElement\":[{\"@type\":\"ListItem\",\"position\":1,\"name\":\"Home\",\"item\":\"https:\/\/www.lymphoma.ca\/fr\/\"},{\"@type\":\"ListItem\",\"position\":2,\"name\":\"Vivre apr\u00e8s le Lymphome\",\"item\":\"https:\/\/www.lymphoma.ca\/fr\/vivre-apres\/\"},{\"@type\":\"ListItem\",\"position\":3,\"name\":\"Mon corps &#8211; Introduction\",\"item\":\"https:\/\/www.lymphoma.ca\/fr\/vivre-apres\/mon-corps\/\"},{\"@type\":\"ListItem\",\"position\":4,\"name\":\"Effets tardifs du traitement\",\"item\":\"https:\/\/www.lymphoma.ca\/fr\/vivre-apres\/mon-corps\/effets-tardifs-du-traitement\/\"},{\"@type\":\"ListItem\",\"position\":5,\"name\":\"Infections\"}]},{\"@type\":\"WebSite\",\"@id\":\"https:\/\/www.lymphoma.ca\/fr\/#website\",\"url\":\"https:\/\/www.lymphoma.ca\/fr\/\",\"name\":\"Lymphoma Canada\",\"description\":\"Information. Help. Hope.\",\"publisher\":{\"@id\":\"https:\/\/www.lymphoma.ca\/fr\/#organization\"},\"potentialAction\":[{\"@type\":\"SearchAction\",\"target\":{\"@type\":\"EntryPoint\",\"urlTemplate\":\"https:\/\/www.lymphoma.ca\/fr\/?s={search_term_string}\"},\"query-input\":{\"@type\":\"PropertyValueSpecification\",\"valueRequired\":true,\"valueName\":\"search_term_string\"}}],\"inLanguage\":\"fr-FR\"},{\"@type\":\"Organization\",\"@id\":\"https:\/\/www.lymphoma.ca\/fr\/#organization\",\"name\":\"Lymphoma Canada\",\"url\":\"https:\/\/www.lymphoma.ca\/fr\/\",\"logo\":{\"@type\":\"ImageObject\",\"inLanguage\":\"fr-FR\",\"@id\":\"https:\/\/www.lymphoma.ca\/fr\/#\/schema\/logo\/image\/\",\"url\":\"https:\/\/www.lymphoma.ca\/wp-content\/uploads\/2023\/05\/logo-lymphoma.jpg\",\"contentUrl\":\"https:\/\/www.lymphoma.ca\/wp-content\/uploads\/2023\/05\/logo-lymphoma.jpg\",\"width\":343,\"height\":343,\"caption\":\"Lymphoma Canada\"},\"image\":{\"@id\":\"https:\/\/www.lymphoma.ca\/fr\/#\/schema\/logo\/image\/\"},\"sameAs\":[\"https:\/\/www.facebook.com\/LymphomaCanada\",\"https:\/\/x.com\/lymphomacanada\",\"https:\/\/www.linkedin.com\/company\/lymphoma-canada\/\",\"http:\/\/instagram.com\/lymphomacanada\",\"http:\/\/www.youtube.com\/user\/LymphomaTV\"]}]}<\/script>\n<!-- \/ Yoast SEO plugin. -->","yoast_head_json":{"title":"Infections - Lymphoma Canada","robots":{"index":"index","follow":"follow","max-snippet":"max-snippet:-1","max-image-preview":"max-image-preview:large","max-video-preview":"max-video-preview:-1"},"canonical":"https:\/\/www.lymphoma.ca\/fr\/vivre-apres\/mon-corps\/effets-tardifs-du-traitement\/infections\/","og_locale":"fr_FR","og_type":"article","og_title":"Infections - Lymphoma Canada","og_description":"Si vous avez subi une chimioth\u00e9rapie ou avez re\u00e7u un traitement biologique et\/ou une greffe de cellules souches, il est probable que votre syst\u00e8me immunitaire soit affaibli par une diminution...","og_url":"https:\/\/www.lymphoma.ca\/fr\/vivre-apres\/mon-corps\/effets-tardifs-du-traitement\/infections\/","og_site_name":"Lymphoma Canada","article_publisher":"https:\/\/www.facebook.com\/LymphomaCanada","twitter_card":"summary_large_image","twitter_site":"@lymphomacanada","twitter_misc":{"Dur\u00e9e de lecture estim\u00e9e":"1 minute"},"schema":{"@context":"https:\/\/schema.org","@graph":[{"@type":"WebPage","@id":"https:\/\/www.lymphoma.ca\/fr\/vivre-apres\/mon-corps\/effets-tardifs-du-traitement\/infections\/","url":"https:\/\/www.lymphoma.ca\/fr\/vivre-apres\/mon-corps\/effets-tardifs-du-traitement\/infections\/","name":"Infections - Lymphoma Canada","isPartOf":{"@id":"https:\/\/www.lymphoma.ca\/fr\/#website"},"datePublished":"2020-02-28T18:51:07+00:00","breadcrumb":{"@id":"https:\/\/www.lymphoma.ca\/fr\/vivre-apres\/mon-corps\/effets-tardifs-du-traitement\/infections\/#breadcrumb"},"inLanguage":"fr-FR","potentialAction":[{"@type":"ReadAction","target":["https:\/\/www.lymphoma.ca\/fr\/vivre-apres\/mon-corps\/effets-tardifs-du-traitement\/infections\/"]}]},{"@type":"BreadcrumbList","@id":"https:\/\/www.lymphoma.ca\/fr\/vivre-apres\/mon-corps\/effets-tardifs-du-traitement\/infections\/#breadcrumb","itemListElement":[{"@type":"ListItem","position":1,"name":"Home","item":"https:\/\/www.lymphoma.ca\/fr\/"},{"@type":"ListItem","position":2,"name":"Vivre apr\u00e8s le Lymphome","item":"https:\/\/www.lymphoma.ca\/fr\/vivre-apres\/"},{"@type":"ListItem","position":3,"name":"Mon corps &#8211; Introduction","item":"https:\/\/www.lymphoma.ca\/fr\/vivre-apres\/mon-corps\/"},{"@type":"ListItem","position":4,"name":"Effets tardifs du traitement","item":"https:\/\/www.lymphoma.ca\/fr\/vivre-apres\/mon-corps\/effets-tardifs-du-traitement\/"},{"@type":"ListItem","position":5,"name":"Infections"}]},{"@type":"WebSite","@id":"https:\/\/www.lymphoma.ca\/fr\/#website","url":"https:\/\/www.lymphoma.ca\/fr\/","name":"Lymphoma Canada","description":"Information. Help. Hope.","publisher":{"@id":"https:\/\/www.lymphoma.ca\/fr\/#organization"},"potentialAction":[{"@type":"SearchAction","target":{"@type":"EntryPoint","urlTemplate":"https:\/\/www.lymphoma.ca\/fr\/?s={search_term_string}"},"query-input":{"@type":"PropertyValueSpecification","valueRequired":true,"valueName":"search_term_string"}}],"inLanguage":"fr-FR"},{"@type":"Organization","@id":"https:\/\/www.lymphoma.ca\/fr\/#organization","name":"Lymphoma Canada","url":"https:\/\/www.lymphoma.ca\/fr\/","logo":{"@type":"ImageObject","inLanguage":"fr-FR","@id":"https:\/\/www.lymphoma.ca\/fr\/#\/schema\/logo\/image\/","url":"https:\/\/www.lymphoma.ca\/wp-content\/uploads\/2023\/05\/logo-lymphoma.jpg","contentUrl":"https:\/\/www.lymphoma.ca\/wp-content\/uploads\/2023\/05\/logo-lymphoma.jpg","width":343,"height":343,"caption":"Lymphoma Canada"},"image":{"@id":"https:\/\/www.lymphoma.ca\/fr\/#\/schema\/logo\/image\/"},"sameAs":["https:\/\/www.facebook.com\/LymphomaCanada","https:\/\/x.com\/lymphomacanada","https:\/\/www.linkedin.com\/company\/lymphoma-canada\/","http:\/\/instagram.com\/lymphomacanada","http:\/\/www.youtube.com\/user\/LymphomaTV"]}]}},"_links":{"self":[{"href":"https:\/\/www.lymphoma.ca\/fr\/wp-json\/wp\/v2\/pages\/5349","targetHints":{"allow":["GET"]}}],"collection":[{"href":"https:\/\/www.lymphoma.ca\/fr\/wp-json\/wp\/v2\/pages"}],"about":[{"href":"https:\/\/www.lymphoma.ca\/fr\/wp-json\/wp\/v2\/types\/page"}],"author":[{"embeddable":true,"href":"https:\/\/www.lymphoma.ca\/fr\/wp-json\/wp\/v2\/users\/27"}],"replies":[{"embeddable":true,"href":"https:\/\/www.lymphoma.ca\/fr\/wp-json\/wp\/v2\/comments?post=5349"}],"version-history":[{"count":1,"href":"https:\/\/www.lymphoma.ca\/fr\/wp-json\/wp\/v2\/pages\/5349\/revisions"}],"predecessor-version":[{"id":5350,"href":"https:\/\/www.lymphoma.ca\/fr\/wp-json\/wp\/v2\/pages\/5349\/revisions\/5350"}],"up":[{"embeddable":true,"href":"https:\/\/www.lymphoma.ca\/fr\/wp-json\/wp\/v2\/pages\/5339"}],"wp:attachment":[{"href":"https:\/\/www.lymphoma.ca\/fr\/wp-json\/wp\/v2\/media?parent=5349"}],"wp:term":[{"taxonomy":"category","embeddable":true,"href":"https:\/\/www.lymphoma.ca\/fr\/wp-json\/wp\/v2\/categories?post=5349"},{"taxonomy":"post_tag","embeddable":true,"href":"https:\/\/www.lymphoma.ca\/fr\/wp-json\/wp\/v2\/tags?post=5349"}],"curies":[{"name":"wp","href":"https:\/\/api.w.org\/{rel}","templated":true}]}}