{"id":5351,"date":"2020-02-28T18:52:35","date_gmt":"2020-02-28T18:52:35","guid":{"rendered":"https:\/\/www.lymphoma.ca\/?page_id=5351"},"modified":"2020-02-28T18:52:35","modified_gmt":"2020-02-28T18:52:35","slug":"maladie-cardiaque-et-accident-vasculaire-cerebral","status":"publish","type":"page","link":"https:\/\/www.lymphoma.ca\/fr\/vivre-apres\/mon-corps\/effets-tardifs-du-traitement\/maladie-cardiaque-et-accident-vasculaire-cerebral\/","title":{"rendered":"Maladie cardiaque et accident vasculaire c\u00e9r\u00e9bral"},"content":{"rendered":"<p>Certains types de chimioth\u00e9rapie ou de radioth\u00e9rapie au thorax peuvent \u00eatre associ\u00e9s \u00e0 une probabilit\u00e9 plus \u00e9lev\u00e9e de maladie cardiaque (ou cardiovasculaire) ou d&rsquo;accident vasculaire c\u00e9r\u00e9bral (AVC). Les autres probl\u00e8mes cardiaques potentiels comprennent l&rsquo;enflure du muscle cardiaque et les probl\u00e8mes au niveau de la capacit\u00e9 du c\u0153ur \u00e0 pomper le sang (trouble appel\u00e9 insuffisance cardiaque congestive). Le risque de probl\u00e8mes cardiaques augmente en pr\u00e9sence des facteurs suivants\u00a0:<\/p>\n<ul>\n<li>\u00c2ge (65\u00a0ans et plus)<\/li>\n<li>Tabagisme<\/li>\n<li>Taux de cholest\u00e9rol \u00e9lev\u00e9<\/li>\n<li>Hypertension<\/li>\n<li>Diab\u00e8te<\/li>\n<li>Ant\u00e9c\u00e9dents familiaux de maladie cardiaque<\/li>\n<\/ul>\n<p>Il est possible que l&rsquo;on vous ait d\u00e9j\u00e0 inform\u00e9 des risques de probl\u00e8mes cardiaques avant le d\u00e9but de certains types de chimioth\u00e9rapie ou de radioth\u00e9rapie. Peut-\u00eatre vous a-t-on \u00e9galement fait passer certains examens avant le traitement, afin de s&rsquo;assurer que votre c\u0153ur \u00e9tait assez solide. Certaines chimioth\u00e9rapies sont connues pour affaiblir le muscle cardiaque, tandis que la radioth\u00e9rapie dans la r\u00e9gion du c\u0153ur est connue pour parfois durcir les art\u00e8res, affaiblir les vaisseaux sanguins et provoquer des probl\u00e8mes au niveau de l&rsquo;apport sanguin au muscle cardiaque ou au cerveau.<\/p>\n<p>Avant m\u00eame l&rsquo;apparition de signes ou de sympt\u00f4mes d&rsquo;une maladie cardiaque ou d&rsquo;un AVC, si vous \u00eates \u00e0 risque, votre m\u00e9decin pourrait recommander diff\u00e9rents tests de d\u00e9pistage, tels des \u00e9lectrocardiogrammes (ECG) et des \u00e9chocardiographies (ECHO) r\u00e9guliers. M\u00eame si la plupart de ces troubles surviendront probablement plus d&rsquo;une d\u00e9cennie apr\u00e8s le traitement, il est important de discuter des risques et du type de plan de surveillance avec votre m\u00e9decin. \u00c9videmment, vous devez consulter un m\u00e9decin imm\u00e9diatement si vous commencez \u00e0 avoir des douleurs \u00e0 la poitrine.<\/p>\n<p>Vous pouvez r\u00e9duire votre risque de maladie cardiaque ou d&rsquo;AVC en essayant de mener une vie saine.<\/p>\n<h4>Documentation de r\u00e9f\u00e9rence\u00a0:<\/h4>\n<p><a href=\"http:\/\/www.cancer.net\/survivorship\/long-term-side-effects-cancer-treatment\" target=\"_blank\" rel=\"noopener noreferrer\">Cancer.Net. Long-Term Side Effects of Cancer Treatment<br \/>\n<\/a>Consult\u00e9 le 22\u00a0mai\u00a02014.<\/p>\n<p><a href=\"http:\/\/www.lymphomas.org.uk\/sites\/default\/files\/pdfs\/Late-effects-of-lymphoma-treatment.pdf\" target=\"_blank\" rel=\"noopener noreferrer\">Lymphoma Association. Late effects of lymphoma treatment<br \/>\n<\/a>Consult\u00e9 le 3\u00a0juin 2014.<\/p>\n","protected":false},"excerpt":{"rendered":"<p>Certains types de chimioth\u00e9rapie ou de radioth\u00e9rapie au thorax peuvent \u00eatre associ\u00e9s \u00e0 une probabilit\u00e9 plus \u00e9lev\u00e9e de maladie cardiaque (ou cardiovasculaire) ou d&rsquo;accident vasculaire c\u00e9r\u00e9bral (AVC). Les autres probl\u00e8mes&#8230;<\/p>\n","protected":false},"author":27,"featured_media":0,"parent":5339,"menu_order":4,"comment_status":"closed","ping_status":"closed","template":"page-sidebar.php","meta":{"_acf_changed":false,"footnotes":""},"categories":[],"tags":[],"class_list":["post-5351","page","type-page","status-publish"],"acf":[],"yoast_head":"<!-- This site is optimized with the Yoast SEO plugin v26.7 - https:\/\/yoast.com\/wordpress\/plugins\/seo\/ -->\n<title>Maladie cardiaque et accident vasculaire c\u00e9r\u00e9bral - Lymphoma Canada<\/title>\n<meta name=\"robots\" content=\"index, follow, max-snippet:-1, max-image-preview:large, max-video-preview:-1\" \/>\n<link rel=\"canonical\" href=\"https:\/\/www.lymphoma.ca\/fr\/vivre-apres\/mon-corps\/effets-tardifs-du-traitement\/maladie-cardiaque-et-accident-vasculaire-cerebral\/\" \/>\n<meta property=\"og:locale\" content=\"fr_FR\" \/>\n<meta property=\"og:type\" content=\"article\" \/>\n<meta property=\"og:title\" content=\"Maladie cardiaque et accident vasculaire c\u00e9r\u00e9bral - Lymphoma Canada\" \/>\n<meta property=\"og:description\" content=\"Certains types de chimioth\u00e9rapie ou de radioth\u00e9rapie au thorax peuvent \u00eatre associ\u00e9s \u00e0 une probabilit\u00e9 plus \u00e9lev\u00e9e de maladie cardiaque (ou cardiovasculaire) ou d&rsquo;accident vasculaire c\u00e9r\u00e9bral (AVC). Les autres probl\u00e8mes...\" \/>\n<meta property=\"og:url\" content=\"https:\/\/www.lymphoma.ca\/fr\/vivre-apres\/mon-corps\/effets-tardifs-du-traitement\/maladie-cardiaque-et-accident-vasculaire-cerebral\/\" \/>\n<meta property=\"og:site_name\" content=\"Lymphoma Canada\" \/>\n<meta property=\"article:publisher\" content=\"https:\/\/www.facebook.com\/LymphomaCanada\" \/>\n<meta name=\"twitter:card\" content=\"summary_large_image\" \/>\n<meta name=\"twitter:site\" content=\"@lymphomacanada\" \/>\n<meta name=\"twitter:label1\" content=\"Dur\u00e9e de lecture estim\u00e9e\" \/>\n\t<meta name=\"twitter:data1\" content=\"2 minutes\" \/>\n<script type=\"application\/ld+json\" class=\"yoast-schema-graph\">{\"@context\":\"https:\/\/schema.org\",\"@graph\":[{\"@type\":\"WebPage\",\"@id\":\"https:\/\/www.lymphoma.ca\/fr\/vivre-apres\/mon-corps\/effets-tardifs-du-traitement\/maladie-cardiaque-et-accident-vasculaire-cerebral\/\",\"url\":\"https:\/\/www.lymphoma.ca\/fr\/vivre-apres\/mon-corps\/effets-tardifs-du-traitement\/maladie-cardiaque-et-accident-vasculaire-cerebral\/\",\"name\":\"Maladie cardiaque et accident vasculaire c\u00e9r\u00e9bral - Lymphoma Canada\",\"isPartOf\":{\"@id\":\"https:\/\/www.lymphoma.ca\/fr\/#website\"},\"datePublished\":\"2020-02-28T18:52:35+00:00\",\"breadcrumb\":{\"@id\":\"https:\/\/www.lymphoma.ca\/fr\/vivre-apres\/mon-corps\/effets-tardifs-du-traitement\/maladie-cardiaque-et-accident-vasculaire-cerebral\/#breadcrumb\"},\"inLanguage\":\"fr-FR\",\"potentialAction\":[{\"@type\":\"ReadAction\",\"target\":[\"https:\/\/www.lymphoma.ca\/fr\/vivre-apres\/mon-corps\/effets-tardifs-du-traitement\/maladie-cardiaque-et-accident-vasculaire-cerebral\/\"]}]},{\"@type\":\"BreadcrumbList\",\"@id\":\"https:\/\/www.lymphoma.ca\/fr\/vivre-apres\/mon-corps\/effets-tardifs-du-traitement\/maladie-cardiaque-et-accident-vasculaire-cerebral\/#breadcrumb\",\"itemListElement\":[{\"@type\":\"ListItem\",\"position\":1,\"name\":\"Home\",\"item\":\"https:\/\/www.lymphoma.ca\/fr\/\"},{\"@type\":\"ListItem\",\"position\":2,\"name\":\"Vivre apr\u00e8s le Lymphome\",\"item\":\"https:\/\/www.lymphoma.ca\/fr\/vivre-apres\/\"},{\"@type\":\"ListItem\",\"position\":3,\"name\":\"Mon corps &#8211; Introduction\",\"item\":\"https:\/\/www.lymphoma.ca\/fr\/vivre-apres\/mon-corps\/\"},{\"@type\":\"ListItem\",\"position\":4,\"name\":\"Effets tardifs du traitement\",\"item\":\"https:\/\/www.lymphoma.ca\/fr\/vivre-apres\/mon-corps\/effets-tardifs-du-traitement\/\"},{\"@type\":\"ListItem\",\"position\":5,\"name\":\"Maladie cardiaque et accident vasculaire c\u00e9r\u00e9bral\"}]},{\"@type\":\"WebSite\",\"@id\":\"https:\/\/www.lymphoma.ca\/fr\/#website\",\"url\":\"https:\/\/www.lymphoma.ca\/fr\/\",\"name\":\"Lymphoma Canada\",\"description\":\"Information. Help. Hope.\",\"publisher\":{\"@id\":\"https:\/\/www.lymphoma.ca\/fr\/#organization\"},\"potentialAction\":[{\"@type\":\"SearchAction\",\"target\":{\"@type\":\"EntryPoint\",\"urlTemplate\":\"https:\/\/www.lymphoma.ca\/fr\/?s={search_term_string}\"},\"query-input\":{\"@type\":\"PropertyValueSpecification\",\"valueRequired\":true,\"valueName\":\"search_term_string\"}}],\"inLanguage\":\"fr-FR\"},{\"@type\":\"Organization\",\"@id\":\"https:\/\/www.lymphoma.ca\/fr\/#organization\",\"name\":\"Lymphoma Canada\",\"url\":\"https:\/\/www.lymphoma.ca\/fr\/\",\"logo\":{\"@type\":\"ImageObject\",\"inLanguage\":\"fr-FR\",\"@id\":\"https:\/\/www.lymphoma.ca\/fr\/#\/schema\/logo\/image\/\",\"url\":\"https:\/\/www.lymphoma.ca\/wp-content\/uploads\/2023\/05\/logo-lymphoma.jpg\",\"contentUrl\":\"https:\/\/www.lymphoma.ca\/wp-content\/uploads\/2023\/05\/logo-lymphoma.jpg\",\"width\":343,\"height\":343,\"caption\":\"Lymphoma Canada\"},\"image\":{\"@id\":\"https:\/\/www.lymphoma.ca\/fr\/#\/schema\/logo\/image\/\"},\"sameAs\":[\"https:\/\/www.facebook.com\/LymphomaCanada\",\"https:\/\/x.com\/lymphomacanada\",\"https:\/\/www.linkedin.com\/company\/lymphoma-canada\/\",\"http:\/\/instagram.com\/lymphomacanada\",\"http:\/\/www.youtube.com\/user\/LymphomaTV\"]}]}<\/script>\n<!-- \/ Yoast SEO plugin. -->","yoast_head_json":{"title":"Maladie cardiaque et accident vasculaire c\u00e9r\u00e9bral - Lymphoma Canada","robots":{"index":"index","follow":"follow","max-snippet":"max-snippet:-1","max-image-preview":"max-image-preview:large","max-video-preview":"max-video-preview:-1"},"canonical":"https:\/\/www.lymphoma.ca\/fr\/vivre-apres\/mon-corps\/effets-tardifs-du-traitement\/maladie-cardiaque-et-accident-vasculaire-cerebral\/","og_locale":"fr_FR","og_type":"article","og_title":"Maladie cardiaque et accident vasculaire c\u00e9r\u00e9bral - Lymphoma Canada","og_description":"Certains types de chimioth\u00e9rapie ou de radioth\u00e9rapie au thorax peuvent \u00eatre associ\u00e9s \u00e0 une probabilit\u00e9 plus \u00e9lev\u00e9e de maladie cardiaque (ou cardiovasculaire) ou d&rsquo;accident vasculaire c\u00e9r\u00e9bral (AVC). Les autres probl\u00e8mes...","og_url":"https:\/\/www.lymphoma.ca\/fr\/vivre-apres\/mon-corps\/effets-tardifs-du-traitement\/maladie-cardiaque-et-accident-vasculaire-cerebral\/","og_site_name":"Lymphoma Canada","article_publisher":"https:\/\/www.facebook.com\/LymphomaCanada","twitter_card":"summary_large_image","twitter_site":"@lymphomacanada","twitter_misc":{"Dur\u00e9e de lecture estim\u00e9e":"2 minutes"},"schema":{"@context":"https:\/\/schema.org","@graph":[{"@type":"WebPage","@id":"https:\/\/www.lymphoma.ca\/fr\/vivre-apres\/mon-corps\/effets-tardifs-du-traitement\/maladie-cardiaque-et-accident-vasculaire-cerebral\/","url":"https:\/\/www.lymphoma.ca\/fr\/vivre-apres\/mon-corps\/effets-tardifs-du-traitement\/maladie-cardiaque-et-accident-vasculaire-cerebral\/","name":"Maladie cardiaque et accident vasculaire c\u00e9r\u00e9bral - Lymphoma Canada","isPartOf":{"@id":"https:\/\/www.lymphoma.ca\/fr\/#website"},"datePublished":"2020-02-28T18:52:35+00:00","breadcrumb":{"@id":"https:\/\/www.lymphoma.ca\/fr\/vivre-apres\/mon-corps\/effets-tardifs-du-traitement\/maladie-cardiaque-et-accident-vasculaire-cerebral\/#breadcrumb"},"inLanguage":"fr-FR","potentialAction":[{"@type":"ReadAction","target":["https:\/\/www.lymphoma.ca\/fr\/vivre-apres\/mon-corps\/effets-tardifs-du-traitement\/maladie-cardiaque-et-accident-vasculaire-cerebral\/"]}]},{"@type":"BreadcrumbList","@id":"https:\/\/www.lymphoma.ca\/fr\/vivre-apres\/mon-corps\/effets-tardifs-du-traitement\/maladie-cardiaque-et-accident-vasculaire-cerebral\/#breadcrumb","itemListElement":[{"@type":"ListItem","position":1,"name":"Home","item":"https:\/\/www.lymphoma.ca\/fr\/"},{"@type":"ListItem","position":2,"name":"Vivre apr\u00e8s le Lymphome","item":"https:\/\/www.lymphoma.ca\/fr\/vivre-apres\/"},{"@type":"ListItem","position":3,"name":"Mon corps &#8211; Introduction","item":"https:\/\/www.lymphoma.ca\/fr\/vivre-apres\/mon-corps\/"},{"@type":"ListItem","position":4,"name":"Effets tardifs du traitement","item":"https:\/\/www.lymphoma.ca\/fr\/vivre-apres\/mon-corps\/effets-tardifs-du-traitement\/"},{"@type":"ListItem","position":5,"name":"Maladie cardiaque et accident vasculaire c\u00e9r\u00e9bral"}]},{"@type":"WebSite","@id":"https:\/\/www.lymphoma.ca\/fr\/#website","url":"https:\/\/www.lymphoma.ca\/fr\/","name":"Lymphoma Canada","description":"Information. Help. Hope.","publisher":{"@id":"https:\/\/www.lymphoma.ca\/fr\/#organization"},"potentialAction":[{"@type":"SearchAction","target":{"@type":"EntryPoint","urlTemplate":"https:\/\/www.lymphoma.ca\/fr\/?s={search_term_string}"},"query-input":{"@type":"PropertyValueSpecification","valueRequired":true,"valueName":"search_term_string"}}],"inLanguage":"fr-FR"},{"@type":"Organization","@id":"https:\/\/www.lymphoma.ca\/fr\/#organization","name":"Lymphoma Canada","url":"https:\/\/www.lymphoma.ca\/fr\/","logo":{"@type":"ImageObject","inLanguage":"fr-FR","@id":"https:\/\/www.lymphoma.ca\/fr\/#\/schema\/logo\/image\/","url":"https:\/\/www.lymphoma.ca\/wp-content\/uploads\/2023\/05\/logo-lymphoma.jpg","contentUrl":"https:\/\/www.lymphoma.ca\/wp-content\/uploads\/2023\/05\/logo-lymphoma.jpg","width":343,"height":343,"caption":"Lymphoma Canada"},"image":{"@id":"https:\/\/www.lymphoma.ca\/fr\/#\/schema\/logo\/image\/"},"sameAs":["https:\/\/www.facebook.com\/LymphomaCanada","https:\/\/x.com\/lymphomacanada","https:\/\/www.linkedin.com\/company\/lymphoma-canada\/","http:\/\/instagram.com\/lymphomacanada","http:\/\/www.youtube.com\/user\/LymphomaTV"]}]}},"_links":{"self":[{"href":"https:\/\/www.lymphoma.ca\/fr\/wp-json\/wp\/v2\/pages\/5351","targetHints":{"allow":["GET"]}}],"collection":[{"href":"https:\/\/www.lymphoma.ca\/fr\/wp-json\/wp\/v2\/pages"}],"about":[{"href":"https:\/\/www.lymphoma.ca\/fr\/wp-json\/wp\/v2\/types\/page"}],"author":[{"embeddable":true,"href":"https:\/\/www.lymphoma.ca\/fr\/wp-json\/wp\/v2\/users\/27"}],"replies":[{"embeddable":true,"href":"https:\/\/www.lymphoma.ca\/fr\/wp-json\/wp\/v2\/comments?post=5351"}],"version-history":[{"count":1,"href":"https:\/\/www.lymphoma.ca\/fr\/wp-json\/wp\/v2\/pages\/5351\/revisions"}],"predecessor-version":[{"id":5352,"href":"https:\/\/www.lymphoma.ca\/fr\/wp-json\/wp\/v2\/pages\/5351\/revisions\/5352"}],"up":[{"embeddable":true,"href":"https:\/\/www.lymphoma.ca\/fr\/wp-json\/wp\/v2\/pages\/5339"}],"wp:attachment":[{"href":"https:\/\/www.lymphoma.ca\/fr\/wp-json\/wp\/v2\/media?parent=5351"}],"wp:term":[{"taxonomy":"category","embeddable":true,"href":"https:\/\/www.lymphoma.ca\/fr\/wp-json\/wp\/v2\/categories?post=5351"},{"taxonomy":"post_tag","embeddable":true,"href":"https:\/\/www.lymphoma.ca\/fr\/wp-json\/wp\/v2\/tags?post=5351"}],"curies":[{"name":"wp","href":"https:\/\/api.w.org\/{rel}","templated":true}]}}