{"id":5357,"date":"2020-02-28T18:56:30","date_gmt":"2020-02-28T18:56:30","guid":{"rendered":"https:\/\/www.lymphoma.ca\/?page_id=5357"},"modified":"2020-02-28T18:56:30","modified_gmt":"2020-02-28T18:56:30","slug":"complications-osseuses","status":"publish","type":"page","link":"https:\/\/www.lymphoma.ca\/fr\/vivre-apres\/mon-corps\/effets-tardifs-du-traitement\/complications-osseuses\/","title":{"rendered":"Complications osseuses"},"content":{"rendered":"<p>Il a \u00e9t\u00e9 d\u00e9montr\u00e9 que le traitement du lymphome ou les soins de soutien peuvent causer une complication aux os connue sous le nom de n\u00e9crose avasculaire. Ce terme d\u00e9signe les dommages aux tissus osseux dus \u00e0 l&rsquo;apport insuffisant de sang. Les os les plus fr\u00e9quemment touch\u00e9s sont ceux des genoux, des hanches et des \u00e9paules.<\/p>\n<p>Assurez-vous d&rsquo;informer votre m\u00e9decin si vous ressentez des sympt\u00f4mes de douleur et de raideur accrues dans vos hanches ou d&rsquo;autres os. Il pourrait alors demander d&rsquo;autres examens, tels des radiographies ou des examens d&rsquo;imagerie par r\u00e9sonance magn\u00e9tique (IRM), afin de juger de la gravit\u00e9 des dommages aux os. La d\u00e9tection pr\u00e9coce de la maladie permet l&rsquo;administration rapide de traitements, telle une intervention chirurgicale appel\u00e9e d\u00e9compression d&rsquo;\u00e9videment, au cours de laquelle le tissu osseux mort est for\u00e9 et retir\u00e9 afin de stimuler la croissance du nouvel os et de nouveaux vaisseaux sanguins. Lorsque la n\u00e9crose avasculaire n&rsquo;est pas d\u00e9tect\u00e9e rapidement et que les l\u00e9sions deviennent \u00e9tendues avec le temps, une chirurgie destin\u00e9e au remplacement d&rsquo;une ou de plusieurs articulations peut \u00eatre requise.<\/p>\n<h4>Documentation de r\u00e9f\u00e9rence\u00a0:<\/h4>\n<p><a href=\"http:\/\/www.lymphomainfo.net\/conditions\/avn.html\" target=\"_blank\" rel=\"noopener noreferrer\">LymphomaInfo.net. Avascular Necrosis\/Osteonecrosis<br \/>\n<\/a>Consult\u00e9 le 13\u00a0juin 2014.<\/p>\n<p><a href=\"http:\/\/www.mayoclinic.org\/diseases-conditions\/avascular-necrosis\/basics\/definition\/con-20025517\" target=\"_blank\" rel=\"noopener noreferrer\">Mayo Clinic. Diseases and Conditions. Avascular necrosis<br \/>\n<\/a>Consult\u00e9 le 13\u00a0juin 2014.<\/p>\n<p><strong>Nixon JE. Early diagnosis and treatment of steroid induced avascular necrosis of the bone.<\/strong><br \/>\nBr Med J (Clin Res Ed). Mar 10, 1984;288(6419):741-744<\/p>\n<p><strong>Ratcliffe MA, Gilbert FJ, Dawson AA, et al. Diagnosis of avascular necrosis of the femoral head in patients treated for lymphoma.<\/strong><br \/>\nHematol Oncol. 1995 May-Jun;13(3):131-7<\/p>\n<p><strong>Thorne JC, Evans WK, Alison RE, et al. Avascular necrosis of bone complicating treatment of malignant lymphoma.<\/strong><br \/>\nAm J Med. 1981 Nov; 71(5):751-8<\/p>\n","protected":false},"excerpt":{"rendered":"<p>Il a \u00e9t\u00e9 d\u00e9montr\u00e9 que le traitement du lymphome ou les soins de soutien peuvent causer une complication aux os connue sous le nom de n\u00e9crose avasculaire. Ce terme d\u00e9signe&#8230;<\/p>\n","protected":false},"author":27,"featured_media":0,"parent":5339,"menu_order":9,"comment_status":"closed","ping_status":"closed","template":"page-sidebar.php","meta":{"_acf_changed":false,"footnotes":""},"categories":[],"tags":[],"class_list":["post-5357","page","type-page","status-publish"],"acf":[],"yoast_head":"<!-- This site is optimized with the Yoast SEO plugin v26.7 - https:\/\/yoast.com\/wordpress\/plugins\/seo\/ -->\n<title>Complications osseuses - Lymphoma Canada<\/title>\n<meta name=\"robots\" content=\"index, follow, max-snippet:-1, max-image-preview:large, max-video-preview:-1\" \/>\n<link rel=\"canonical\" href=\"https:\/\/www.lymphoma.ca\/fr\/vivre-apres\/mon-corps\/effets-tardifs-du-traitement\/complications-osseuses\/\" \/>\n<meta property=\"og:locale\" content=\"fr_FR\" \/>\n<meta property=\"og:type\" content=\"article\" \/>\n<meta property=\"og:title\" content=\"Complications osseuses - Lymphoma Canada\" \/>\n<meta property=\"og:description\" content=\"Il a \u00e9t\u00e9 d\u00e9montr\u00e9 que le traitement du lymphome ou les soins de soutien peuvent causer une complication aux os connue sous le nom de n\u00e9crose avasculaire. Ce terme d\u00e9signe...\" \/>\n<meta property=\"og:url\" content=\"https:\/\/www.lymphoma.ca\/fr\/vivre-apres\/mon-corps\/effets-tardifs-du-traitement\/complications-osseuses\/\" \/>\n<meta property=\"og:site_name\" content=\"Lymphoma Canada\" \/>\n<meta property=\"article:publisher\" content=\"https:\/\/www.facebook.com\/LymphomaCanada\" \/>\n<meta name=\"twitter:card\" content=\"summary_large_image\" \/>\n<meta name=\"twitter:site\" content=\"@lymphomacanada\" \/>\n<meta name=\"twitter:label1\" content=\"Dur\u00e9e de lecture estim\u00e9e\" \/>\n\t<meta name=\"twitter:data1\" content=\"1 minute\" \/>\n<script type=\"application\/ld+json\" class=\"yoast-schema-graph\">{\"@context\":\"https:\/\/schema.org\",\"@graph\":[{\"@type\":\"WebPage\",\"@id\":\"https:\/\/www.lymphoma.ca\/fr\/vivre-apres\/mon-corps\/effets-tardifs-du-traitement\/complications-osseuses\/\",\"url\":\"https:\/\/www.lymphoma.ca\/fr\/vivre-apres\/mon-corps\/effets-tardifs-du-traitement\/complications-osseuses\/\",\"name\":\"Complications osseuses - Lymphoma Canada\",\"isPartOf\":{\"@id\":\"https:\/\/www.lymphoma.ca\/fr\/#website\"},\"datePublished\":\"2020-02-28T18:56:30+00:00\",\"breadcrumb\":{\"@id\":\"https:\/\/www.lymphoma.ca\/fr\/vivre-apres\/mon-corps\/effets-tardifs-du-traitement\/complications-osseuses\/#breadcrumb\"},\"inLanguage\":\"fr-FR\",\"potentialAction\":[{\"@type\":\"ReadAction\",\"target\":[\"https:\/\/www.lymphoma.ca\/fr\/vivre-apres\/mon-corps\/effets-tardifs-du-traitement\/complications-osseuses\/\"]}]},{\"@type\":\"BreadcrumbList\",\"@id\":\"https:\/\/www.lymphoma.ca\/fr\/vivre-apres\/mon-corps\/effets-tardifs-du-traitement\/complications-osseuses\/#breadcrumb\",\"itemListElement\":[{\"@type\":\"ListItem\",\"position\":1,\"name\":\"Home\",\"item\":\"https:\/\/www.lymphoma.ca\/fr\/\"},{\"@type\":\"ListItem\",\"position\":2,\"name\":\"Vivre apr\u00e8s le Lymphome\",\"item\":\"https:\/\/www.lymphoma.ca\/fr\/vivre-apres\/\"},{\"@type\":\"ListItem\",\"position\":3,\"name\":\"Mon corps &#8211; Introduction\",\"item\":\"https:\/\/www.lymphoma.ca\/fr\/vivre-apres\/mon-corps\/\"},{\"@type\":\"ListItem\",\"position\":4,\"name\":\"Effets tardifs du traitement\",\"item\":\"https:\/\/www.lymphoma.ca\/fr\/vivre-apres\/mon-corps\/effets-tardifs-du-traitement\/\"},{\"@type\":\"ListItem\",\"position\":5,\"name\":\"Complications osseuses\"}]},{\"@type\":\"WebSite\",\"@id\":\"https:\/\/www.lymphoma.ca\/fr\/#website\",\"url\":\"https:\/\/www.lymphoma.ca\/fr\/\",\"name\":\"Lymphoma Canada\",\"description\":\"Information. Help. Hope.\",\"publisher\":{\"@id\":\"https:\/\/www.lymphoma.ca\/fr\/#organization\"},\"potentialAction\":[{\"@type\":\"SearchAction\",\"target\":{\"@type\":\"EntryPoint\",\"urlTemplate\":\"https:\/\/www.lymphoma.ca\/fr\/?s={search_term_string}\"},\"query-input\":{\"@type\":\"PropertyValueSpecification\",\"valueRequired\":true,\"valueName\":\"search_term_string\"}}],\"inLanguage\":\"fr-FR\"},{\"@type\":\"Organization\",\"@id\":\"https:\/\/www.lymphoma.ca\/fr\/#organization\",\"name\":\"Lymphoma Canada\",\"url\":\"https:\/\/www.lymphoma.ca\/fr\/\",\"logo\":{\"@type\":\"ImageObject\",\"inLanguage\":\"fr-FR\",\"@id\":\"https:\/\/www.lymphoma.ca\/fr\/#\/schema\/logo\/image\/\",\"url\":\"https:\/\/www.lymphoma.ca\/wp-content\/uploads\/2023\/05\/logo-lymphoma.jpg\",\"contentUrl\":\"https:\/\/www.lymphoma.ca\/wp-content\/uploads\/2023\/05\/logo-lymphoma.jpg\",\"width\":343,\"height\":343,\"caption\":\"Lymphoma Canada\"},\"image\":{\"@id\":\"https:\/\/www.lymphoma.ca\/fr\/#\/schema\/logo\/image\/\"},\"sameAs\":[\"https:\/\/www.facebook.com\/LymphomaCanada\",\"https:\/\/x.com\/lymphomacanada\",\"https:\/\/www.linkedin.com\/company\/lymphoma-canada\/\",\"http:\/\/instagram.com\/lymphomacanada\",\"http:\/\/www.youtube.com\/user\/LymphomaTV\"]}]}<\/script>\n<!-- \/ Yoast SEO plugin. -->","yoast_head_json":{"title":"Complications osseuses - Lymphoma Canada","robots":{"index":"index","follow":"follow","max-snippet":"max-snippet:-1","max-image-preview":"max-image-preview:large","max-video-preview":"max-video-preview:-1"},"canonical":"https:\/\/www.lymphoma.ca\/fr\/vivre-apres\/mon-corps\/effets-tardifs-du-traitement\/complications-osseuses\/","og_locale":"fr_FR","og_type":"article","og_title":"Complications osseuses - Lymphoma Canada","og_description":"Il a \u00e9t\u00e9 d\u00e9montr\u00e9 que le traitement du lymphome ou les soins de soutien peuvent causer une complication aux os connue sous le nom de n\u00e9crose avasculaire. Ce terme d\u00e9signe...","og_url":"https:\/\/www.lymphoma.ca\/fr\/vivre-apres\/mon-corps\/effets-tardifs-du-traitement\/complications-osseuses\/","og_site_name":"Lymphoma Canada","article_publisher":"https:\/\/www.facebook.com\/LymphomaCanada","twitter_card":"summary_large_image","twitter_site":"@lymphomacanada","twitter_misc":{"Dur\u00e9e de lecture estim\u00e9e":"1 minute"},"schema":{"@context":"https:\/\/schema.org","@graph":[{"@type":"WebPage","@id":"https:\/\/www.lymphoma.ca\/fr\/vivre-apres\/mon-corps\/effets-tardifs-du-traitement\/complications-osseuses\/","url":"https:\/\/www.lymphoma.ca\/fr\/vivre-apres\/mon-corps\/effets-tardifs-du-traitement\/complications-osseuses\/","name":"Complications osseuses - Lymphoma Canada","isPartOf":{"@id":"https:\/\/www.lymphoma.ca\/fr\/#website"},"datePublished":"2020-02-28T18:56:30+00:00","breadcrumb":{"@id":"https:\/\/www.lymphoma.ca\/fr\/vivre-apres\/mon-corps\/effets-tardifs-du-traitement\/complications-osseuses\/#breadcrumb"},"inLanguage":"fr-FR","potentialAction":[{"@type":"ReadAction","target":["https:\/\/www.lymphoma.ca\/fr\/vivre-apres\/mon-corps\/effets-tardifs-du-traitement\/complications-osseuses\/"]}]},{"@type":"BreadcrumbList","@id":"https:\/\/www.lymphoma.ca\/fr\/vivre-apres\/mon-corps\/effets-tardifs-du-traitement\/complications-osseuses\/#breadcrumb","itemListElement":[{"@type":"ListItem","position":1,"name":"Home","item":"https:\/\/www.lymphoma.ca\/fr\/"},{"@type":"ListItem","position":2,"name":"Vivre apr\u00e8s le Lymphome","item":"https:\/\/www.lymphoma.ca\/fr\/vivre-apres\/"},{"@type":"ListItem","position":3,"name":"Mon corps &#8211; Introduction","item":"https:\/\/www.lymphoma.ca\/fr\/vivre-apres\/mon-corps\/"},{"@type":"ListItem","position":4,"name":"Effets tardifs du traitement","item":"https:\/\/www.lymphoma.ca\/fr\/vivre-apres\/mon-corps\/effets-tardifs-du-traitement\/"},{"@type":"ListItem","position":5,"name":"Complications osseuses"}]},{"@type":"WebSite","@id":"https:\/\/www.lymphoma.ca\/fr\/#website","url":"https:\/\/www.lymphoma.ca\/fr\/","name":"Lymphoma Canada","description":"Information. Help. Hope.","publisher":{"@id":"https:\/\/www.lymphoma.ca\/fr\/#organization"},"potentialAction":[{"@type":"SearchAction","target":{"@type":"EntryPoint","urlTemplate":"https:\/\/www.lymphoma.ca\/fr\/?s={search_term_string}"},"query-input":{"@type":"PropertyValueSpecification","valueRequired":true,"valueName":"search_term_string"}}],"inLanguage":"fr-FR"},{"@type":"Organization","@id":"https:\/\/www.lymphoma.ca\/fr\/#organization","name":"Lymphoma Canada","url":"https:\/\/www.lymphoma.ca\/fr\/","logo":{"@type":"ImageObject","inLanguage":"fr-FR","@id":"https:\/\/www.lymphoma.ca\/fr\/#\/schema\/logo\/image\/","url":"https:\/\/www.lymphoma.ca\/wp-content\/uploads\/2023\/05\/logo-lymphoma.jpg","contentUrl":"https:\/\/www.lymphoma.ca\/wp-content\/uploads\/2023\/05\/logo-lymphoma.jpg","width":343,"height":343,"caption":"Lymphoma Canada"},"image":{"@id":"https:\/\/www.lymphoma.ca\/fr\/#\/schema\/logo\/image\/"},"sameAs":["https:\/\/www.facebook.com\/LymphomaCanada","https:\/\/x.com\/lymphomacanada","https:\/\/www.linkedin.com\/company\/lymphoma-canada\/","http:\/\/instagram.com\/lymphomacanada","http:\/\/www.youtube.com\/user\/LymphomaTV"]}]}},"_links":{"self":[{"href":"https:\/\/www.lymphoma.ca\/fr\/wp-json\/wp\/v2\/pages\/5357","targetHints":{"allow":["GET"]}}],"collection":[{"href":"https:\/\/www.lymphoma.ca\/fr\/wp-json\/wp\/v2\/pages"}],"about":[{"href":"https:\/\/www.lymphoma.ca\/fr\/wp-json\/wp\/v2\/types\/page"}],"author":[{"embeddable":true,"href":"https:\/\/www.lymphoma.ca\/fr\/wp-json\/wp\/v2\/users\/27"}],"replies":[{"embeddable":true,"href":"https:\/\/www.lymphoma.ca\/fr\/wp-json\/wp\/v2\/comments?post=5357"}],"version-history":[{"count":1,"href":"https:\/\/www.lymphoma.ca\/fr\/wp-json\/wp\/v2\/pages\/5357\/revisions"}],"predecessor-version":[{"id":5358,"href":"https:\/\/www.lymphoma.ca\/fr\/wp-json\/wp\/v2\/pages\/5357\/revisions\/5358"}],"up":[{"embeddable":true,"href":"https:\/\/www.lymphoma.ca\/fr\/wp-json\/wp\/v2\/pages\/5339"}],"wp:attachment":[{"href":"https:\/\/www.lymphoma.ca\/fr\/wp-json\/wp\/v2\/media?parent=5357"}],"wp:term":[{"taxonomy":"category","embeddable":true,"href":"https:\/\/www.lymphoma.ca\/fr\/wp-json\/wp\/v2\/categories?post=5357"},{"taxonomy":"post_tag","embeddable":true,"href":"https:\/\/www.lymphoma.ca\/fr\/wp-json\/wp\/v2\/tags?post=5357"}],"curies":[{"name":"wp","href":"https:\/\/api.w.org\/{rel}","templated":true}]}}