{"id":5361,"date":"2020-02-28T19:20:26","date_gmt":"2020-02-28T19:20:26","guid":{"rendered":"https:\/\/www.lymphoma.ca\/?page_id=5361"},"modified":"2020-02-28T19:20:26","modified_gmt":"2020-02-28T19:20:26","slug":"problemes-sexuels-chez-la-femme","status":"publish","type":"page","link":"https:\/\/www.lymphoma.ca\/fr\/vivre-apres\/mon-corps\/effets-tardifs-du-traitement\/problemes-sexuels\/problemes-sexuels-chez-la-femme\/","title":{"rendered":"Probl\u00e8mes sexuels chez la femme"},"content":{"rendered":"<p>Les probl\u00e8mes d&rsquo;ordre sexuel chez la femme peuvent \u00eatre caus\u00e9s par un certain nombre de facteurs. La chimioth\u00e9rapie ou la radioth\u00e9rapie peuvent avoir laiss\u00e9 des l\u00e9sions temporaires ou permanentes \u00e0 vos ovaires, entra\u00eenant des changements hormonaux ou m\u00e9nopausiques. La radioth\u00e9rapie, en particulier celle ciblant la r\u00e9gion pelvienne, peut \u00e9galement avoir provoqu\u00e9 des l\u00e9sions \u00e0 votre muqueuse vaginale, entra\u00eenant une diminution de la lubrification ou de la flexibilit\u00e9 des parois vaginales. Par ailleurs, il est possible que vous preniez divers m\u00e9dicaments de soutien (tels des analg\u00e9siques) qui \u00e9touffent le d\u00e9sir d&rsquo;avoir des rapports sexuels. Divers probl\u00e8mes psychosociaux peuvent \u00e9galement contribuer aux probl\u00e8mes sexuels que vous rencontrez.<\/p>\n<p>Voici quelques probl\u00e8mes auxquels vous pouvez \u00eatre confront\u00e9e dans votre vie sexuelle, et certains conseils pour vous aider \u00e0 les att\u00e9nuer :<\/p>\n<ul>\n<li><strong>Douleur ou s\u00e9cheresse vaginales :<\/strong>\u00a0Ces sympt\u00f4mes sont g\u00e9n\u00e9ralement li\u00e9s \u00e0 des changements au niveau de la paroi vaginale et de la taille et du niveau d\u2019hydratation du vagin. Demandez \u00e0 votre gyn\u00e9cologue de vous conseiller certains exercices de relaxation, divers hydratants ou lubrifiants vaginaux ou certains produits \u00e0 base d&rsquo;\u0153strog\u00e8nes comme des cr\u00e8mes, des comprim\u00e9s ou des anneaux.<\/li>\n<li><strong>M\u00e9nopause pr\u00e9coce :<\/strong>\u00a0Ces sympt\u00f4mes apparaissent habituellement de fa\u00e7on abrupte en raison d&rsquo;un d\u00e9ficit en \u0153strog\u00e8nes caus\u00e9 par le traitement contre le cancer. Il peut en r\u00e9sulter des bouff\u00e9es de chaleur, ainsi qu&rsquo;une constriction et une s\u00e9cheresse vaginales. Demandez \u00e0 votre m\u00e9decin s&rsquo;il pense qu&rsquo;une hormonoth\u00e9rapie substitutive serait appropri\u00e9e pour vous aider \u00e0 contrer ces probl\u00e8mes.<\/li>\n<li><strong>Absence de plaisir et difficult\u00e9 \u00e0 atteindre l&rsquo;orgasme :<\/strong>\u00a0Le traitement contre le cancer est rarement la cause directe d&rsquo;un manque de plaisir lors des relations sexuelles ou d&rsquo;une incapacit\u00e9 \u00e0 atteindre l&rsquo;orgasme. Ces probl\u00e8mes peuvent \u00eatre caus\u00e9s par d&rsquo;autres m\u00e9dicaments, tels que les antid\u00e9presseurs, ou m\u00eame \u00eatre reli\u00e9s \u00e0 la douleur associ\u00e9e aux relations sexuelles. Essayez diff\u00e9rentes positions ou diff\u00e9rents types de touchers ou stimulations agr\u00e9ables.<\/li>\n<li><strong>Manque d&rsquo;int\u00e9r\u00eat ou pens\u00e9es et sentiments n\u00e9gatifs :<\/strong>\u00a0Essayez d&rsquo;identifier la cause de ces \u00e9motions. Chez certaines personnes, ces sentiments peuvent \u00eatre dus \u00e0 des inqui\u00e9tudes, de la douleur ou de la fatigue. Essayez d&rsquo;\u00e9veiller certains fantasmes ou pens\u00e9es qui cr\u00e9ent chez vous un sentiment de bien-\u00eatre. Chez certaines personnes, la cause peut \u00eatre d&rsquo;ordre physique (p. ex. un effet secondaire li\u00e9 un analg\u00e9sique). Si tel est votre cas, demandez \u00e0 votre m\u00e9decin de vous proposer d&rsquo;autres m\u00e9dicaments de soutien.<\/li>\n<\/ul>\n<p>Bien qu&rsquo;il soit parfois difficile de discuter de ses probl\u00e8mes sexuels, il est important d&rsquo;avoir confiance en votre \u00e9quipe de soins. Celle-ci peut r\u00e9pondre \u00e0 vos questions ou vous orienter vers un m\u00e9decin qui se sp\u00e9cialise en sant\u00e9 sexuelle et qui peut vous aider \u00e0 surmonter ces probl\u00e8mes et pr\u00e9occupations.<\/p>\n<p>Il est \u00e9galement important pour des partenaires (actuels ou potentiels) d&rsquo;avoir une bonne communication. Une des composantes vitales de votre qualit\u00e9 de vie apr\u00e8s le lymphome est la sexualit\u00e9.<\/p>\n<h4>Documentation de r\u00e9f\u00e9rence :<\/h4>\n<p><a href=\"http:\/\/www.cancer.org\/treatment\/treatmentsandsideeffects\/physicalsideeffects\/sexualsideeffectsinwomen\/sexualityforthewoman\/sexuality-for-women-with-cancer-keeping-sex-life-despite-cancer-treatment\" target=\"_blank\" rel=\"noopener noreferrer\">American Cancer Society. Keeping your sex life going despite cancer treatment. R\u00e9vis\u00e9 le 29 ao\u00fbt 2013.<br \/>\n<\/a>Consult\u00e9 le 22 mai 2014.<\/p>\n<p><a href=\"http:\/\/www.cancer.org\/treatment\/treatmentsandsideeffects\/physicalsideeffects\/sexualsideeffectsinwomen\/sexualityforthewoman\/sexuality-for-women-with-cancer-summary-table-ca-treat-and-sex-and-fertility\" target=\"_blank\" rel=\"noopener noreferrer\">American Cancer Society. Summary table of how some common cancer treatments can affect sexuality and fertility. R\u00e9vis\u00e9 le 29 ao\u00fbt 2013.<br \/>\n<\/a>Consult\u00e9 le 22 mai 2014.<\/p>\n<p><a href=\"http:\/\/www.livestrong.org\/we-can-help\/finishing-treatment\/female-sexual-health-after-cancer\/\" target=\"_blank\" rel=\"noopener noreferrer\">LIVESTRONG Foundation. Female Sexual Health After Cancer<br \/>\n<\/a>Consult\u00e9 le 22 mai 2014.<\/p>\n","protected":false},"excerpt":{"rendered":"<p>Les probl\u00e8mes d&rsquo;ordre sexuel chez la femme peuvent \u00eatre caus\u00e9s par un certain nombre de facteurs. La chimioth\u00e9rapie ou la radioth\u00e9rapie peuvent avoir laiss\u00e9 des l\u00e9sions temporaires ou permanentes \u00e0&#8230;<\/p>\n","protected":false},"author":27,"featured_media":0,"parent":5359,"menu_order":0,"comment_status":"closed","ping_status":"closed","template":"page-sidebar.php","meta":{"_acf_changed":false,"footnotes":""},"categories":[],"tags":[],"class_list":["post-5361","page","type-page","status-publish"],"acf":[],"yoast_head":"<!-- This site is optimized with the Yoast SEO plugin v26.7 - https:\/\/yoast.com\/wordpress\/plugins\/seo\/ -->\n<title>Probl\u00e8mes sexuels chez la femme - Lymphoma Canada<\/title>\n<meta name=\"robots\" content=\"index, follow, max-snippet:-1, max-image-preview:large, max-video-preview:-1\" \/>\n<link rel=\"canonical\" href=\"https:\/\/www.lymphoma.ca\/fr\/vivre-apres\/mon-corps\/effets-tardifs-du-traitement\/problemes-sexuels\/problemes-sexuels-chez-la-femme\/\" \/>\n<meta property=\"og:locale\" content=\"fr_FR\" \/>\n<meta property=\"og:type\" content=\"article\" \/>\n<meta property=\"og:title\" content=\"Probl\u00e8mes sexuels chez la femme - Lymphoma Canada\" \/>\n<meta property=\"og:description\" content=\"Les probl\u00e8mes d&rsquo;ordre sexuel chez la femme peuvent \u00eatre caus\u00e9s par un certain nombre de facteurs. La chimioth\u00e9rapie ou la radioth\u00e9rapie peuvent avoir laiss\u00e9 des l\u00e9sions temporaires ou permanentes \u00e0...\" \/>\n<meta property=\"og:url\" content=\"https:\/\/www.lymphoma.ca\/fr\/vivre-apres\/mon-corps\/effets-tardifs-du-traitement\/problemes-sexuels\/problemes-sexuels-chez-la-femme\/\" \/>\n<meta property=\"og:site_name\" content=\"Lymphoma Canada\" \/>\n<meta property=\"article:publisher\" content=\"https:\/\/www.facebook.com\/LymphomaCanada\" \/>\n<meta name=\"twitter:card\" content=\"summary_large_image\" \/>\n<meta name=\"twitter:site\" content=\"@lymphomacanada\" \/>\n<meta name=\"twitter:label1\" content=\"Dur\u00e9e de lecture estim\u00e9e\" \/>\n\t<meta name=\"twitter:data1\" content=\"3 minutes\" \/>\n<script type=\"application\/ld+json\" class=\"yoast-schema-graph\">{\"@context\":\"https:\/\/schema.org\",\"@graph\":[{\"@type\":\"WebPage\",\"@id\":\"https:\/\/www.lymphoma.ca\/fr\/vivre-apres\/mon-corps\/effets-tardifs-du-traitement\/problemes-sexuels\/problemes-sexuels-chez-la-femme\/\",\"url\":\"https:\/\/www.lymphoma.ca\/fr\/vivre-apres\/mon-corps\/effets-tardifs-du-traitement\/problemes-sexuels\/problemes-sexuels-chez-la-femme\/\",\"name\":\"Probl\u00e8mes sexuels chez la femme - Lymphoma Canada\",\"isPartOf\":{\"@id\":\"https:\/\/www.lymphoma.ca\/fr\/#website\"},\"datePublished\":\"2020-02-28T19:20:26+00:00\",\"breadcrumb\":{\"@id\":\"https:\/\/www.lymphoma.ca\/fr\/vivre-apres\/mon-corps\/effets-tardifs-du-traitement\/problemes-sexuels\/problemes-sexuels-chez-la-femme\/#breadcrumb\"},\"inLanguage\":\"fr-FR\",\"potentialAction\":[{\"@type\":\"ReadAction\",\"target\":[\"https:\/\/www.lymphoma.ca\/fr\/vivre-apres\/mon-corps\/effets-tardifs-du-traitement\/problemes-sexuels\/problemes-sexuels-chez-la-femme\/\"]}]},{\"@type\":\"BreadcrumbList\",\"@id\":\"https:\/\/www.lymphoma.ca\/fr\/vivre-apres\/mon-corps\/effets-tardifs-du-traitement\/problemes-sexuels\/problemes-sexuels-chez-la-femme\/#breadcrumb\",\"itemListElement\":[{\"@type\":\"ListItem\",\"position\":1,\"name\":\"Home\",\"item\":\"https:\/\/www.lymphoma.ca\/fr\/\"},{\"@type\":\"ListItem\",\"position\":2,\"name\":\"Vivre apr\u00e8s le Lymphome\",\"item\":\"https:\/\/www.lymphoma.ca\/fr\/vivre-apres\/\"},{\"@type\":\"ListItem\",\"position\":3,\"name\":\"Mon corps &#8211; Introduction\",\"item\":\"https:\/\/www.lymphoma.ca\/fr\/vivre-apres\/mon-corps\/\"},{\"@type\":\"ListItem\",\"position\":4,\"name\":\"Effets tardifs du traitement\",\"item\":\"https:\/\/www.lymphoma.ca\/fr\/vivre-apres\/mon-corps\/effets-tardifs-du-traitement\/\"},{\"@type\":\"ListItem\",\"position\":5,\"name\":\"Probl\u00e8mes sexuels\",\"item\":\"https:\/\/www.lymphoma.ca\/fr\/vivre-apres\/mon-corps\/effets-tardifs-du-traitement\/problemes-sexuels\/\"},{\"@type\":\"ListItem\",\"position\":6,\"name\":\"Probl\u00e8mes sexuels chez la femme\"}]},{\"@type\":\"WebSite\",\"@id\":\"https:\/\/www.lymphoma.ca\/fr\/#website\",\"url\":\"https:\/\/www.lymphoma.ca\/fr\/\",\"name\":\"Lymphoma Canada\",\"description\":\"Information. Help. Hope.\",\"publisher\":{\"@id\":\"https:\/\/www.lymphoma.ca\/fr\/#organization\"},\"potentialAction\":[{\"@type\":\"SearchAction\",\"target\":{\"@type\":\"EntryPoint\",\"urlTemplate\":\"https:\/\/www.lymphoma.ca\/fr\/?s={search_term_string}\"},\"query-input\":{\"@type\":\"PropertyValueSpecification\",\"valueRequired\":true,\"valueName\":\"search_term_string\"}}],\"inLanguage\":\"fr-FR\"},{\"@type\":\"Organization\",\"@id\":\"https:\/\/www.lymphoma.ca\/fr\/#organization\",\"name\":\"Lymphoma Canada\",\"url\":\"https:\/\/www.lymphoma.ca\/fr\/\",\"logo\":{\"@type\":\"ImageObject\",\"inLanguage\":\"fr-FR\",\"@id\":\"https:\/\/www.lymphoma.ca\/fr\/#\/schema\/logo\/image\/\",\"url\":\"https:\/\/www.lymphoma.ca\/wp-content\/uploads\/2023\/05\/logo-lymphoma.jpg\",\"contentUrl\":\"https:\/\/www.lymphoma.ca\/wp-content\/uploads\/2023\/05\/logo-lymphoma.jpg\",\"width\":343,\"height\":343,\"caption\":\"Lymphoma Canada\"},\"image\":{\"@id\":\"https:\/\/www.lymphoma.ca\/fr\/#\/schema\/logo\/image\/\"},\"sameAs\":[\"https:\/\/www.facebook.com\/LymphomaCanada\",\"https:\/\/x.com\/lymphomacanada\",\"https:\/\/www.linkedin.com\/company\/lymphoma-canada\/\",\"http:\/\/instagram.com\/lymphomacanada\",\"http:\/\/www.youtube.com\/user\/LymphomaTV\"]}]}<\/script>\n<!-- \/ Yoast SEO plugin. -->","yoast_head_json":{"title":"Probl\u00e8mes sexuels chez la femme - Lymphoma Canada","robots":{"index":"index","follow":"follow","max-snippet":"max-snippet:-1","max-image-preview":"max-image-preview:large","max-video-preview":"max-video-preview:-1"},"canonical":"https:\/\/www.lymphoma.ca\/fr\/vivre-apres\/mon-corps\/effets-tardifs-du-traitement\/problemes-sexuels\/problemes-sexuels-chez-la-femme\/","og_locale":"fr_FR","og_type":"article","og_title":"Probl\u00e8mes sexuels chez la femme - Lymphoma Canada","og_description":"Les probl\u00e8mes d&rsquo;ordre sexuel chez la femme peuvent \u00eatre caus\u00e9s par un certain nombre de facteurs. La chimioth\u00e9rapie ou la radioth\u00e9rapie peuvent avoir laiss\u00e9 des l\u00e9sions temporaires ou permanentes \u00e0...","og_url":"https:\/\/www.lymphoma.ca\/fr\/vivre-apres\/mon-corps\/effets-tardifs-du-traitement\/problemes-sexuels\/problemes-sexuels-chez-la-femme\/","og_site_name":"Lymphoma Canada","article_publisher":"https:\/\/www.facebook.com\/LymphomaCanada","twitter_card":"summary_large_image","twitter_site":"@lymphomacanada","twitter_misc":{"Dur\u00e9e de lecture estim\u00e9e":"3 minutes"},"schema":{"@context":"https:\/\/schema.org","@graph":[{"@type":"WebPage","@id":"https:\/\/www.lymphoma.ca\/fr\/vivre-apres\/mon-corps\/effets-tardifs-du-traitement\/problemes-sexuels\/problemes-sexuels-chez-la-femme\/","url":"https:\/\/www.lymphoma.ca\/fr\/vivre-apres\/mon-corps\/effets-tardifs-du-traitement\/problemes-sexuels\/problemes-sexuels-chez-la-femme\/","name":"Probl\u00e8mes sexuels chez la femme - Lymphoma Canada","isPartOf":{"@id":"https:\/\/www.lymphoma.ca\/fr\/#website"},"datePublished":"2020-02-28T19:20:26+00:00","breadcrumb":{"@id":"https:\/\/www.lymphoma.ca\/fr\/vivre-apres\/mon-corps\/effets-tardifs-du-traitement\/problemes-sexuels\/problemes-sexuels-chez-la-femme\/#breadcrumb"},"inLanguage":"fr-FR","potentialAction":[{"@type":"ReadAction","target":["https:\/\/www.lymphoma.ca\/fr\/vivre-apres\/mon-corps\/effets-tardifs-du-traitement\/problemes-sexuels\/problemes-sexuels-chez-la-femme\/"]}]},{"@type":"BreadcrumbList","@id":"https:\/\/www.lymphoma.ca\/fr\/vivre-apres\/mon-corps\/effets-tardifs-du-traitement\/problemes-sexuels\/problemes-sexuels-chez-la-femme\/#breadcrumb","itemListElement":[{"@type":"ListItem","position":1,"name":"Home","item":"https:\/\/www.lymphoma.ca\/fr\/"},{"@type":"ListItem","position":2,"name":"Vivre apr\u00e8s le Lymphome","item":"https:\/\/www.lymphoma.ca\/fr\/vivre-apres\/"},{"@type":"ListItem","position":3,"name":"Mon corps &#8211; Introduction","item":"https:\/\/www.lymphoma.ca\/fr\/vivre-apres\/mon-corps\/"},{"@type":"ListItem","position":4,"name":"Effets tardifs du traitement","item":"https:\/\/www.lymphoma.ca\/fr\/vivre-apres\/mon-corps\/effets-tardifs-du-traitement\/"},{"@type":"ListItem","position":5,"name":"Probl\u00e8mes sexuels","item":"https:\/\/www.lymphoma.ca\/fr\/vivre-apres\/mon-corps\/effets-tardifs-du-traitement\/problemes-sexuels\/"},{"@type":"ListItem","position":6,"name":"Probl\u00e8mes sexuels chez la femme"}]},{"@type":"WebSite","@id":"https:\/\/www.lymphoma.ca\/fr\/#website","url":"https:\/\/www.lymphoma.ca\/fr\/","name":"Lymphoma Canada","description":"Information. Help. Hope.","publisher":{"@id":"https:\/\/www.lymphoma.ca\/fr\/#organization"},"potentialAction":[{"@type":"SearchAction","target":{"@type":"EntryPoint","urlTemplate":"https:\/\/www.lymphoma.ca\/fr\/?s={search_term_string}"},"query-input":{"@type":"PropertyValueSpecification","valueRequired":true,"valueName":"search_term_string"}}],"inLanguage":"fr-FR"},{"@type":"Organization","@id":"https:\/\/www.lymphoma.ca\/fr\/#organization","name":"Lymphoma Canada","url":"https:\/\/www.lymphoma.ca\/fr\/","logo":{"@type":"ImageObject","inLanguage":"fr-FR","@id":"https:\/\/www.lymphoma.ca\/fr\/#\/schema\/logo\/image\/","url":"https:\/\/www.lymphoma.ca\/wp-content\/uploads\/2023\/05\/logo-lymphoma.jpg","contentUrl":"https:\/\/www.lymphoma.ca\/wp-content\/uploads\/2023\/05\/logo-lymphoma.jpg","width":343,"height":343,"caption":"Lymphoma Canada"},"image":{"@id":"https:\/\/www.lymphoma.ca\/fr\/#\/schema\/logo\/image\/"},"sameAs":["https:\/\/www.facebook.com\/LymphomaCanada","https:\/\/x.com\/lymphomacanada","https:\/\/www.linkedin.com\/company\/lymphoma-canada\/","http:\/\/instagram.com\/lymphomacanada","http:\/\/www.youtube.com\/user\/LymphomaTV"]}]}},"_links":{"self":[{"href":"https:\/\/www.lymphoma.ca\/fr\/wp-json\/wp\/v2\/pages\/5361","targetHints":{"allow":["GET"]}}],"collection":[{"href":"https:\/\/www.lymphoma.ca\/fr\/wp-json\/wp\/v2\/pages"}],"about":[{"href":"https:\/\/www.lymphoma.ca\/fr\/wp-json\/wp\/v2\/types\/page"}],"author":[{"embeddable":true,"href":"https:\/\/www.lymphoma.ca\/fr\/wp-json\/wp\/v2\/users\/27"}],"replies":[{"embeddable":true,"href":"https:\/\/www.lymphoma.ca\/fr\/wp-json\/wp\/v2\/comments?post=5361"}],"version-history":[{"count":1,"href":"https:\/\/www.lymphoma.ca\/fr\/wp-json\/wp\/v2\/pages\/5361\/revisions"}],"predecessor-version":[{"id":5362,"href":"https:\/\/www.lymphoma.ca\/fr\/wp-json\/wp\/v2\/pages\/5361\/revisions\/5362"}],"up":[{"embeddable":true,"href":"https:\/\/www.lymphoma.ca\/fr\/wp-json\/wp\/v2\/pages\/5359"}],"wp:attachment":[{"href":"https:\/\/www.lymphoma.ca\/fr\/wp-json\/wp\/v2\/media?parent=5361"}],"wp:term":[{"taxonomy":"category","embeddable":true,"href":"https:\/\/www.lymphoma.ca\/fr\/wp-json\/wp\/v2\/categories?post=5361"},{"taxonomy":"post_tag","embeddable":true,"href":"https:\/\/www.lymphoma.ca\/fr\/wp-json\/wp\/v2\/tags?post=5361"}],"curies":[{"name":"wp","href":"https:\/\/api.w.org\/{rel}","templated":true}]}}