{"id":5363,"date":"2020-02-28T19:21:55","date_gmt":"2020-02-28T19:21:55","guid":{"rendered":"https:\/\/www.lymphoma.ca\/?page_id=5363"},"modified":"2020-02-28T19:21:55","modified_gmt":"2020-02-28T19:21:55","slug":"problemes-sexuels-chez-lhomme","status":"publish","type":"page","link":"https:\/\/www.lymphoma.ca\/fr\/vivre-apres\/mon-corps\/effets-tardifs-du-traitement\/problemes-sexuels\/problemes-sexuels-chez-lhomme\/","title":{"rendered":"Probl\u00e8mes sexuels chez l&rsquo;homme"},"content":{"rendered":"<p>Le traitement contre le lymphome peut alt\u00e9rer votre capacit\u00e9 \u00e0 avoir des rapports sexuels ou \u00e0 en tirer plaisir. La chimioth\u00e9rapie ou la radioth\u00e9rapie ciblant une r\u00e9gion pr\u00e8s des testicules pourrait avoir r\u00e9duit votre taux de testost\u00e9rone ou endommag\u00e9 la circulation sanguine vers le p\u00e9nis. Cela entra\u00eene divers probl\u00e8mes sexuels, notamment l&rsquo;incapacit\u00e9 de maintenir une \u00e9rection ferme (aussi appel\u00e9e dysfonction \u00e9rectile), la pr\u00e9sence d&rsquo;une douleur dans le p\u00e9nis, des difficult\u00e9s \u00e0 atteindre l&rsquo;orgasme (ou \u00e0 \u00e9jaculer lors de l&rsquo;orgasme) et une perte de d\u00e9sir sexuel.<\/p>\n<p>Tout traitement (en particulier la radioth\u00e9rapie ou la chimioth\u00e9rapie intrath\u00e9cale) \u00e0 proximit\u00e9 du tronc c\u00e9r\u00e9bral peut \u00e9galement endommager l&rsquo;hypophyse et abaisser le taux de testost\u00e9rone. Il est possible \u00e9galement que vous preniez divers m\u00e9dicaments de soutien, tels des analg\u00e9siques, qui r\u00e9duisent votre int\u00e9r\u00eat envers les activit\u00e9s sexuelles. Finalement, certains facteurs, tels l&rsquo;\u00e2ge, le poids, la tension art\u00e9rielle, le tabagisme, la consommation d&rsquo;alcool et divers probl\u00e8mes psychosociaux peuvent aussi alt\u00e9rer votre sant\u00e9 sexuelle.<\/p>\n<p>Voici quelques probl\u00e8mes que vous pourriez rencontrer, accompagn\u00e9s de suggestions pour aider \u00e0 les att\u00e9nuer\u00a0:<\/p>\n<ul>\n<li><strong>Dysfonction \u00e9rectile\u00a0:<\/strong>\u00a0cette affection est habituellement caus\u00e9e par une diminution du taux de testost\u00e9rone ou des l\u00e9sions dans les vaisseaux sanguins du p\u00e9nis. Consultez un urologue qui poss\u00e8de une formation sp\u00e9ciale dans le traitement des probl\u00e8mes sexuels chez les hommes. Il pourrait vous recommander diverses options tels un traitement m\u00e9dicamenteux, un appareil \u00e0 succion, des injections, proth\u00e8ses ou suppositoires p\u00e9niens ou certains produits de m\u00e9decine douce.<\/li>\n<li><strong>Absence de plaisir et d&rsquo;orgasme\u00a0:<\/strong>\u00a0le traitement contre le cancer est rarement la cause directe d&rsquo;un manque de plaisir lors des relations sexuelles ou d&rsquo;une incapacit\u00e9 \u00e0 atteindre l&rsquo;orgasme. Cela peut \u00eatre caus\u00e9 par des m\u00e9dicaments tels les antid\u00e9presseurs, ou des \u00e9motions associ\u00e9es \u00e0 la dysfonction \u00e9rectile ou \u00e0 l&rsquo;infertilit\u00e9. Consultez votre urologue ou un conseiller pour vous aider \u00e0 prendre en charge ces probl\u00e8mes.<\/li>\n<li><strong>Manque d&rsquo;int\u00e9r\u00eat ou pens\u00e9es et sentiments n\u00e9gatifs\u00a0:<\/strong>\u00a0Essayez d&rsquo;identifier la cause de ces \u00e9motions. Elles pourraient \u00eatre dues \u00e0 d&rsquo;autres sentiments tels des sujets d&rsquo;inqui\u00e9tude, une douleur ou de la fatigue. Elles pourraient aussi \u00eatre reli\u00e9es \u00e0 vos difficult\u00e9s d&rsquo;\u00e9rection ou \u00e0 vos analg\u00e9siques (effets secondaires); dans ce cas, demandez \u00e0 votre m\u00e9decin de vous proposer d&rsquo;autres m\u00e9dicaments de soutien.<\/li>\n<\/ul>\n<p>Bon nombre d&rsquo;hommes trouvent difficile de discuter de leurs pr\u00e9occupations d&rsquo;ordre sexuel avec d&rsquo;autres personnes; toutefois, sachez que votre m\u00e9decin ou un sp\u00e9cialiste en sant\u00e9 sexuelle peut vous aider \u00e0 surmonter ces probl\u00e8mes. Ces professionnels de la sant\u00e9 peuvent vous recommander des consultations, des m\u00e9dicaments ou une chirurgie pour vous aider.<\/p>\n<p>Il est \u00e9galement important pour des partenaires (actuels ou potentiels) d&rsquo;avoir une bonne communication. Une des composantes vitales de votre qualit\u00e9 de vie apr\u00e8s le lymphome est la sexualit\u00e9.<\/p>\n<h4>Documentation de r\u00e9f\u00e9rence\u00a0:<\/h4>\n<p><a href=\"http:\/\/www.cancer.org\/treatment\/treatmentsandsideeffects\/physicalsideeffects\/sexualsideeffectsinmen\/sexualityfortheman\/sexuality-for-men-with-cancer-erections-and-chemo\" target=\"_blank\" rel=\"noopener noreferrer\">American Cancer Society. How chemotherapy can affect erections. R\u00e9vis\u00e9 le 19 ao\u00fbt 2013.<\/a><br \/>\nConsult\u00e9 le 22\u00a0mai\u00a02014.<\/p>\n<p><a href=\"http:\/\/www.cancer.org\/treatment\/treatmentsandsideeffects\/physicalsideeffects\/sexualsideeffectsinmen\/sexualityfortheman\/sexuality-for-men-with-cancer-treatment-and-desire-and-response\" target=\"_blank\" rel=\"noopener noreferrer\">American Cancer Society. How cancer treatment can affect sexual desire and response. R\u00e9vis\u00e9 le 19 ao\u00fbt 2013.<\/a><br \/>\nConsult\u00e9 le 22\u00a0mai\u00a02014.<\/p>\n<p><a href=\"http:\/\/www.livestrong.org\/we-can-help\/finishing-treatment\/male-sexual-health-after-cancer\/\" target=\"_blank\" rel=\"noopener noreferrer\">LIVESTRONG Foundation. Male Sexual Health After Cancer<br \/>\n<\/a>Consult\u00e9 le 22\u00a0mai\u00a02014.<\/p>\n","protected":false},"excerpt":{"rendered":"<p>Le traitement contre le lymphome peut alt\u00e9rer votre capacit\u00e9 \u00e0 avoir des rapports sexuels ou \u00e0 en tirer plaisir. La chimioth\u00e9rapie ou la radioth\u00e9rapie ciblant une r\u00e9gion pr\u00e8s des testicules&#8230;<\/p>\n","protected":false},"author":27,"featured_media":0,"parent":5359,"menu_order":1,"comment_status":"closed","ping_status":"closed","template":"page-sidebar.php","meta":{"_acf_changed":false,"footnotes":""},"categories":[],"tags":[],"class_list":["post-5363","page","type-page","status-publish"],"acf":[],"yoast_head":"<!-- This site is optimized with the Yoast SEO plugin v26.7 - https:\/\/yoast.com\/wordpress\/plugins\/seo\/ -->\n<title>Probl\u00e8mes sexuels chez l&#039;homme - Lymphoma Canada<\/title>\n<meta name=\"robots\" content=\"index, follow, max-snippet:-1, max-image-preview:large, max-video-preview:-1\" \/>\n<link rel=\"canonical\" href=\"https:\/\/www.lymphoma.ca\/fr\/vivre-apres\/mon-corps\/effets-tardifs-du-traitement\/problemes-sexuels\/problemes-sexuels-chez-lhomme\/\" \/>\n<meta property=\"og:locale\" content=\"fr_FR\" \/>\n<meta property=\"og:type\" content=\"article\" \/>\n<meta property=\"og:title\" content=\"Probl\u00e8mes sexuels chez l&#039;homme - Lymphoma Canada\" \/>\n<meta property=\"og:description\" content=\"Le traitement contre le lymphome peut alt\u00e9rer votre capacit\u00e9 \u00e0 avoir des rapports sexuels ou \u00e0 en tirer plaisir. La chimioth\u00e9rapie ou la radioth\u00e9rapie ciblant une r\u00e9gion pr\u00e8s des testicules...\" \/>\n<meta property=\"og:url\" content=\"https:\/\/www.lymphoma.ca\/fr\/vivre-apres\/mon-corps\/effets-tardifs-du-traitement\/problemes-sexuels\/problemes-sexuels-chez-lhomme\/\" \/>\n<meta property=\"og:site_name\" content=\"Lymphoma Canada\" \/>\n<meta property=\"article:publisher\" content=\"https:\/\/www.facebook.com\/LymphomaCanada\" \/>\n<meta name=\"twitter:card\" content=\"summary_large_image\" \/>\n<meta name=\"twitter:site\" content=\"@lymphomacanada\" \/>\n<meta name=\"twitter:label1\" content=\"Dur\u00e9e de lecture estim\u00e9e\" \/>\n\t<meta name=\"twitter:data1\" content=\"3 minutes\" \/>\n<script type=\"application\/ld+json\" class=\"yoast-schema-graph\">{\"@context\":\"https:\/\/schema.org\",\"@graph\":[{\"@type\":\"WebPage\",\"@id\":\"https:\/\/www.lymphoma.ca\/fr\/vivre-apres\/mon-corps\/effets-tardifs-du-traitement\/problemes-sexuels\/problemes-sexuels-chez-lhomme\/\",\"url\":\"https:\/\/www.lymphoma.ca\/fr\/vivre-apres\/mon-corps\/effets-tardifs-du-traitement\/problemes-sexuels\/problemes-sexuels-chez-lhomme\/\",\"name\":\"Probl\u00e8mes sexuels chez l'homme - Lymphoma Canada\",\"isPartOf\":{\"@id\":\"https:\/\/www.lymphoma.ca\/fr\/#website\"},\"datePublished\":\"2020-02-28T19:21:55+00:00\",\"breadcrumb\":{\"@id\":\"https:\/\/www.lymphoma.ca\/fr\/vivre-apres\/mon-corps\/effets-tardifs-du-traitement\/problemes-sexuels\/problemes-sexuels-chez-lhomme\/#breadcrumb\"},\"inLanguage\":\"fr-FR\",\"potentialAction\":[{\"@type\":\"ReadAction\",\"target\":[\"https:\/\/www.lymphoma.ca\/fr\/vivre-apres\/mon-corps\/effets-tardifs-du-traitement\/problemes-sexuels\/problemes-sexuels-chez-lhomme\/\"]}]},{\"@type\":\"BreadcrumbList\",\"@id\":\"https:\/\/www.lymphoma.ca\/fr\/vivre-apres\/mon-corps\/effets-tardifs-du-traitement\/problemes-sexuels\/problemes-sexuels-chez-lhomme\/#breadcrumb\",\"itemListElement\":[{\"@type\":\"ListItem\",\"position\":1,\"name\":\"Home\",\"item\":\"https:\/\/www.lymphoma.ca\/fr\/\"},{\"@type\":\"ListItem\",\"position\":2,\"name\":\"Vivre apr\u00e8s le Lymphome\",\"item\":\"https:\/\/www.lymphoma.ca\/fr\/vivre-apres\/\"},{\"@type\":\"ListItem\",\"position\":3,\"name\":\"Mon corps &#8211; Introduction\",\"item\":\"https:\/\/www.lymphoma.ca\/fr\/vivre-apres\/mon-corps\/\"},{\"@type\":\"ListItem\",\"position\":4,\"name\":\"Effets tardifs du traitement\",\"item\":\"https:\/\/www.lymphoma.ca\/fr\/vivre-apres\/mon-corps\/effets-tardifs-du-traitement\/\"},{\"@type\":\"ListItem\",\"position\":5,\"name\":\"Probl\u00e8mes sexuels\",\"item\":\"https:\/\/www.lymphoma.ca\/fr\/vivre-apres\/mon-corps\/effets-tardifs-du-traitement\/problemes-sexuels\/\"},{\"@type\":\"ListItem\",\"position\":6,\"name\":\"Probl\u00e8mes sexuels chez l&#8217;homme\"}]},{\"@type\":\"WebSite\",\"@id\":\"https:\/\/www.lymphoma.ca\/fr\/#website\",\"url\":\"https:\/\/www.lymphoma.ca\/fr\/\",\"name\":\"Lymphoma Canada\",\"description\":\"Information. Help. Hope.\",\"publisher\":{\"@id\":\"https:\/\/www.lymphoma.ca\/fr\/#organization\"},\"potentialAction\":[{\"@type\":\"SearchAction\",\"target\":{\"@type\":\"EntryPoint\",\"urlTemplate\":\"https:\/\/www.lymphoma.ca\/fr\/?s={search_term_string}\"},\"query-input\":{\"@type\":\"PropertyValueSpecification\",\"valueRequired\":true,\"valueName\":\"search_term_string\"}}],\"inLanguage\":\"fr-FR\"},{\"@type\":\"Organization\",\"@id\":\"https:\/\/www.lymphoma.ca\/fr\/#organization\",\"name\":\"Lymphoma Canada\",\"url\":\"https:\/\/www.lymphoma.ca\/fr\/\",\"logo\":{\"@type\":\"ImageObject\",\"inLanguage\":\"fr-FR\",\"@id\":\"https:\/\/www.lymphoma.ca\/fr\/#\/schema\/logo\/image\/\",\"url\":\"https:\/\/www.lymphoma.ca\/wp-content\/uploads\/2023\/05\/logo-lymphoma.jpg\",\"contentUrl\":\"https:\/\/www.lymphoma.ca\/wp-content\/uploads\/2023\/05\/logo-lymphoma.jpg\",\"width\":343,\"height\":343,\"caption\":\"Lymphoma Canada\"},\"image\":{\"@id\":\"https:\/\/www.lymphoma.ca\/fr\/#\/schema\/logo\/image\/\"},\"sameAs\":[\"https:\/\/www.facebook.com\/LymphomaCanada\",\"https:\/\/x.com\/lymphomacanada\",\"https:\/\/www.linkedin.com\/company\/lymphoma-canada\/\",\"http:\/\/instagram.com\/lymphomacanada\",\"http:\/\/www.youtube.com\/user\/LymphomaTV\"]}]}<\/script>\n<!-- \/ Yoast SEO plugin. -->","yoast_head_json":{"title":"Probl\u00e8mes sexuels chez l'homme - Lymphoma Canada","robots":{"index":"index","follow":"follow","max-snippet":"max-snippet:-1","max-image-preview":"max-image-preview:large","max-video-preview":"max-video-preview:-1"},"canonical":"https:\/\/www.lymphoma.ca\/fr\/vivre-apres\/mon-corps\/effets-tardifs-du-traitement\/problemes-sexuels\/problemes-sexuels-chez-lhomme\/","og_locale":"fr_FR","og_type":"article","og_title":"Probl\u00e8mes sexuels chez l'homme - Lymphoma Canada","og_description":"Le traitement contre le lymphome peut alt\u00e9rer votre capacit\u00e9 \u00e0 avoir des rapports sexuels ou \u00e0 en tirer plaisir. La chimioth\u00e9rapie ou la radioth\u00e9rapie ciblant une r\u00e9gion pr\u00e8s des testicules...","og_url":"https:\/\/www.lymphoma.ca\/fr\/vivre-apres\/mon-corps\/effets-tardifs-du-traitement\/problemes-sexuels\/problemes-sexuels-chez-lhomme\/","og_site_name":"Lymphoma Canada","article_publisher":"https:\/\/www.facebook.com\/LymphomaCanada","twitter_card":"summary_large_image","twitter_site":"@lymphomacanada","twitter_misc":{"Dur\u00e9e de lecture estim\u00e9e":"3 minutes"},"schema":{"@context":"https:\/\/schema.org","@graph":[{"@type":"WebPage","@id":"https:\/\/www.lymphoma.ca\/fr\/vivre-apres\/mon-corps\/effets-tardifs-du-traitement\/problemes-sexuels\/problemes-sexuels-chez-lhomme\/","url":"https:\/\/www.lymphoma.ca\/fr\/vivre-apres\/mon-corps\/effets-tardifs-du-traitement\/problemes-sexuels\/problemes-sexuels-chez-lhomme\/","name":"Probl\u00e8mes sexuels chez l'homme - Lymphoma Canada","isPartOf":{"@id":"https:\/\/www.lymphoma.ca\/fr\/#website"},"datePublished":"2020-02-28T19:21:55+00:00","breadcrumb":{"@id":"https:\/\/www.lymphoma.ca\/fr\/vivre-apres\/mon-corps\/effets-tardifs-du-traitement\/problemes-sexuels\/problemes-sexuels-chez-lhomme\/#breadcrumb"},"inLanguage":"fr-FR","potentialAction":[{"@type":"ReadAction","target":["https:\/\/www.lymphoma.ca\/fr\/vivre-apres\/mon-corps\/effets-tardifs-du-traitement\/problemes-sexuels\/problemes-sexuels-chez-lhomme\/"]}]},{"@type":"BreadcrumbList","@id":"https:\/\/www.lymphoma.ca\/fr\/vivre-apres\/mon-corps\/effets-tardifs-du-traitement\/problemes-sexuels\/problemes-sexuels-chez-lhomme\/#breadcrumb","itemListElement":[{"@type":"ListItem","position":1,"name":"Home","item":"https:\/\/www.lymphoma.ca\/fr\/"},{"@type":"ListItem","position":2,"name":"Vivre apr\u00e8s le Lymphome","item":"https:\/\/www.lymphoma.ca\/fr\/vivre-apres\/"},{"@type":"ListItem","position":3,"name":"Mon corps &#8211; Introduction","item":"https:\/\/www.lymphoma.ca\/fr\/vivre-apres\/mon-corps\/"},{"@type":"ListItem","position":4,"name":"Effets tardifs du traitement","item":"https:\/\/www.lymphoma.ca\/fr\/vivre-apres\/mon-corps\/effets-tardifs-du-traitement\/"},{"@type":"ListItem","position":5,"name":"Probl\u00e8mes sexuels","item":"https:\/\/www.lymphoma.ca\/fr\/vivre-apres\/mon-corps\/effets-tardifs-du-traitement\/problemes-sexuels\/"},{"@type":"ListItem","position":6,"name":"Probl\u00e8mes sexuels chez l&#8217;homme"}]},{"@type":"WebSite","@id":"https:\/\/www.lymphoma.ca\/fr\/#website","url":"https:\/\/www.lymphoma.ca\/fr\/","name":"Lymphoma Canada","description":"Information. Help. Hope.","publisher":{"@id":"https:\/\/www.lymphoma.ca\/fr\/#organization"},"potentialAction":[{"@type":"SearchAction","target":{"@type":"EntryPoint","urlTemplate":"https:\/\/www.lymphoma.ca\/fr\/?s={search_term_string}"},"query-input":{"@type":"PropertyValueSpecification","valueRequired":true,"valueName":"search_term_string"}}],"inLanguage":"fr-FR"},{"@type":"Organization","@id":"https:\/\/www.lymphoma.ca\/fr\/#organization","name":"Lymphoma Canada","url":"https:\/\/www.lymphoma.ca\/fr\/","logo":{"@type":"ImageObject","inLanguage":"fr-FR","@id":"https:\/\/www.lymphoma.ca\/fr\/#\/schema\/logo\/image\/","url":"https:\/\/www.lymphoma.ca\/wp-content\/uploads\/2023\/05\/logo-lymphoma.jpg","contentUrl":"https:\/\/www.lymphoma.ca\/wp-content\/uploads\/2023\/05\/logo-lymphoma.jpg","width":343,"height":343,"caption":"Lymphoma Canada"},"image":{"@id":"https:\/\/www.lymphoma.ca\/fr\/#\/schema\/logo\/image\/"},"sameAs":["https:\/\/www.facebook.com\/LymphomaCanada","https:\/\/x.com\/lymphomacanada","https:\/\/www.linkedin.com\/company\/lymphoma-canada\/","http:\/\/instagram.com\/lymphomacanada","http:\/\/www.youtube.com\/user\/LymphomaTV"]}]}},"_links":{"self":[{"href":"https:\/\/www.lymphoma.ca\/fr\/wp-json\/wp\/v2\/pages\/5363","targetHints":{"allow":["GET"]}}],"collection":[{"href":"https:\/\/www.lymphoma.ca\/fr\/wp-json\/wp\/v2\/pages"}],"about":[{"href":"https:\/\/www.lymphoma.ca\/fr\/wp-json\/wp\/v2\/types\/page"}],"author":[{"embeddable":true,"href":"https:\/\/www.lymphoma.ca\/fr\/wp-json\/wp\/v2\/users\/27"}],"replies":[{"embeddable":true,"href":"https:\/\/www.lymphoma.ca\/fr\/wp-json\/wp\/v2\/comments?post=5363"}],"version-history":[{"count":1,"href":"https:\/\/www.lymphoma.ca\/fr\/wp-json\/wp\/v2\/pages\/5363\/revisions"}],"predecessor-version":[{"id":5364,"href":"https:\/\/www.lymphoma.ca\/fr\/wp-json\/wp\/v2\/pages\/5363\/revisions\/5364"}],"up":[{"embeddable":true,"href":"https:\/\/www.lymphoma.ca\/fr\/wp-json\/wp\/v2\/pages\/5359"}],"wp:attachment":[{"href":"https:\/\/www.lymphoma.ca\/fr\/wp-json\/wp\/v2\/media?parent=5363"}],"wp:term":[{"taxonomy":"category","embeddable":true,"href":"https:\/\/www.lymphoma.ca\/fr\/wp-json\/wp\/v2\/categories?post=5363"},{"taxonomy":"post_tag","embeddable":true,"href":"https:\/\/www.lymphoma.ca\/fr\/wp-json\/wp\/v2\/tags?post=5363"}],"curies":[{"name":"wp","href":"https:\/\/api.w.org\/{rel}","templated":true}]}}