{"id":5367,"date":"2020-02-28T19:24:50","date_gmt":"2020-02-28T19:24:50","guid":{"rendered":"https:\/\/www.lymphoma.ca\/?page_id=5367"},"modified":"2020-03-18T16:07:27","modified_gmt":"2020-03-18T16:07:27","slug":"problemes-de-fertilite-chez-la-femme","status":"publish","type":"page","link":"https:\/\/www.lymphoma.ca\/fr\/vivre-apres\/mon-corps\/effets-tardifs-du-traitement\/problemes-lies-a-la-reproduction\/problemes-de-fertilite-chez-la-femme\/","title":{"rendered":"Probl\u00e8mes de fertilit\u00e9 chez la femme"},"content":{"rendered":"[vc_row type=\u00a0\u00bbin_container\u00a0\u00bb full_screen_row_position=\u00a0\u00bbmiddle\u00a0\u00bb column_margin=\u00a0\u00bbdefault\u00a0\u00bb scene_position=\u00a0\u00bbcenter\u00a0\u00bb text_color=\u00a0\u00bbdark\u00a0\u00bb text_align=\u00a0\u00bbleft\u00a0\u00bb overlay_strength=\u00a0\u00bb0.3&Prime; shape_divider_position=\u00a0\u00bbbottom\u00a0\u00bb bg_image_animation=\u00a0\u00bbnone\u00a0\u00bb][vc_column column_padding=\u00a0\u00bbno-extra-padding\u00a0\u00bb column_padding_position=\u00a0\u00bball\u00a0\u00bb background_color_opacity=\u00a0\u00bb1&Prime; background_hover_color_opacity=\u00a0\u00bb1&Prime; column_link_target=\u00a0\u00bb_self\u00a0\u00bb column_shadow=\u00a0\u00bbnone\u00a0\u00bb column_border_radius=\u00a0\u00bbnone\u00a0\u00bb width=\u00a0\u00bb1\/1&Prime; tablet_width_inherit=\u00a0\u00bbdefault\u00a0\u00bb tablet_text_alignment=\u00a0\u00bbdefault\u00a0\u00bb phone_text_alignment=\u00a0\u00bbdefault\u00a0\u00bb overlay_strength=\u00a0\u00bb0.3&Prime; column_border_width=\u00a0\u00bbnone\u00a0\u00bb column_border_style=\u00a0\u00bbsolid\u00a0\u00bb bg_image_animation=\u00a0\u00bbnone\u00a0\u00bb][vc_column_text]\n<div style=\"width: 800px;\" class=\"wp-video\"><!--[if lt IE 9]><script>document.createElement('video');<\/script><![endif]-->\n<video class=\"wp-video-shortcode\" id=\"video-5367-1\" width=\"800\" height=\"450\" poster=\"https:\/\/www.lymphoma.ca\/wp-content\/uploads\/2020\/03\/fertility-female-fr.png\" preload=\"metadata\" controls=\"controls\"><source type=\"video\/mp4\" src=\"https:\/\/www.lymphoma.ca\/wp-content\/uploads\/2020\/03\/robin_h_1_images_fr.mp4?_=1\" \/><a href=\"https:\/\/www.lymphoma.ca\/wp-content\/uploads\/2020\/03\/robin_h_1_images_fr.mp4\">https:\/\/www.lymphoma.ca\/wp-content\/uploads\/2020\/03\/robin_h_1_images_fr.mp4<\/a><\/video><\/div>\n[\/vc_column_text][vc_column_text el_class=\u00a0\u00bbgreen\u00a0\u00bb]Les d\u00e9cisions concernant le traitement et les possibles impacts sur la fertilit\u00e9 sont parmi les plus difficiles qu&rsquo;une femme puisse avoir \u00e0 affronter. D\u00e9couvrez comment Robin H. fait face aux cons\u00e9quences de sa d\u00e9cision.[\/vc_column_text][divider line_type=\u00a0\u00bbFull Width Line\u00a0\u00bb line_thickness=\u00a0\u00bb1&Prime; divider_color=\u00a0\u00bbextra-color-1&Prime;][\/vc_column][\/vc_row][vc_row type=\u00a0\u00bbin_container\u00a0\u00bb full_screen_row_position=\u00a0\u00bbmiddle\u00a0\u00bb column_margin=\u00a0\u00bbdefault\u00a0\u00bb scene_position=\u00a0\u00bbcenter\u00a0\u00bb text_color=\u00a0\u00bbdark\u00a0\u00bb text_align=\u00a0\u00bbleft\u00a0\u00bb overlay_strength=\u00a0\u00bb0.3&Prime; shape_divider_position=\u00a0\u00bbbottom\u00a0\u00bb bg_image_animation=\u00a0\u00bbnone\u00a0\u00bb][vc_column column_padding=\u00a0\u00bbno-extra-padding\u00a0\u00bb column_padding_position=\u00a0\u00bball\u00a0\u00bb background_color_opacity=\u00a0\u00bb1&Prime; background_hover_color_opacity=\u00a0\u00bb1&Prime; column_link_target=\u00a0\u00bb_self\u00a0\u00bb column_shadow=\u00a0\u00bbnone\u00a0\u00bb column_border_radius=\u00a0\u00bbnone\u00a0\u00bb width=\u00a0\u00bb1\/1&Prime; tablet_width_inherit=\u00a0\u00bbdefault\u00a0\u00bb tablet_text_alignment=\u00a0\u00bbdefault\u00a0\u00bb phone_text_alignment=\u00a0\u00bbdefault\u00a0\u00bb overlay_strength=\u00a0\u00bb0.3&Prime; column_border_width=\u00a0\u00bbnone\u00a0\u00bb column_border_style=\u00a0\u00bbsolid\u00a0\u00bb bg_image_animation=\u00a0\u00bbnone\u00a0\u00bb][vc_column_text]\n<p>Le traitement du lymphome pourrait avoir alt\u00e9r\u00e9 votre fertilit\u00e9 de diff\u00e9rentes fa\u00e7ons. La chimioth\u00e9rapie ou la radioth\u00e9rapie pourrait avoir alt\u00e9r\u00e9 votre cycle menstruel, avoir interrompu l&rsquo;ovulation de fa\u00e7on permanente ou temporaire et m\u00eame caus\u00e9 l&rsquo;apparition pr\u00e9matur\u00e9e de la m\u00e9nopause. La radioth\u00e9rapie dans la r\u00e9gion pelvienne pourrait avoir endommag\u00e9 votre ut\u00e9rus, alt\u00e9rant ainsi votre fertilit\u00e9 ou augmentant vos risques de fausse couche ou de naissance pr\u00e9matur\u00e9e.<\/p>\n<p>Bien que des mesures de pr\u00e9caution aient peut-\u00eatre \u00e9t\u00e9 prises pendant votre traitement afin de pr\u00e9server votre fertilit\u00e9, elles ne sont pas toujours compl\u00e8tement efficaces. Si vous \u00eates incapable de concevoir un enfant, il existe tout de m\u00eame un certain nombre d&rsquo;options qui s&rsquo;offrent \u00e0 vous. En voici quelques-unes \u00e0 prendre en consid\u00e9ration\u00a0:<\/p>\n<ul>\n<li><strong>F\u00e9condation<\/strong>\u00a0in vitro (FIV)\u00a0: cette intervention consiste \u00e0 recueillir vos ovules, puis \u00e0 les f\u00e9conder avec le sperme de votre partenaire hors de votre organisme. L&rsquo;ovule f\u00e9cond\u00e9 est ensuite r\u00e9introduit dans votre corps en vue d&rsquo;une grossesse normale.<\/li>\n<li><strong>Utilisation d&rsquo;ovules d&rsquo;une donneuse\u00a0:<\/strong>\u00a0si le traitement a d\u00e9r\u00e9gl\u00e9 de fa\u00e7on irr\u00e9versible la production d&rsquo;ovules et a provoqu\u00e9 l&rsquo;apparition pr\u00e9coce de la m\u00e9nopause, vous avez tout de m\u00eame la possibilit\u00e9 d&rsquo;utiliser les ovules d&rsquo;une autre femme pour devenir enceinte. Le sperme de votre partenaire serait alors utilis\u00e9 pour f\u00e9conder ces ovules in vitro. L&rsquo;ovule f\u00e9cond\u00e9 est ensuite r\u00e9introduit dans votre corps en vue d&rsquo;une grossesse normale.<\/li>\n<li><strong>M\u00e8re porteuse\u00a0:<\/strong>\u00a0si vous \u00eates incapable de devenir enceinte (ou de mener une grossesse \u00e0 terme), ou si la grossesse constitue un risque pour votre sant\u00e9, vous pouvez faire appel \u00e0 une autre femme pour porter le b\u00e9b\u00e9. Le sperme de votre partenaire est alors inject\u00e9 dans le col de l&rsquo;ut\u00e9rus ou l&rsquo;ut\u00e9rus dans le cadre d&rsquo;une intervention appel\u00e9e ins\u00e9mination artificielle.<\/li>\n<li><strong>Adoption\u00a0:<\/strong>\u00a0vous pouvez \u00e9galement cesser toute proc\u00e9dure m\u00e9dicale et envisager plut\u00f4t l&rsquo;adoption. L&rsquo;adoption est le transfert l\u00e9gal des droits parentaux d&rsquo;un enfant de parents biologiques \u00e0 un autre couple ou \u00e0 une autre personne. Sachez que la gu\u00e9rison compl\u00e8te requise suivant le traitement peut prendre un certain temps. En outre, il serait n\u00e9cessaire d&rsquo;obtenir une lettre de votre m\u00e9decin attestant votre \u00e9tat de sant\u00e9.<\/li>\n<\/ul>\n<h4>Documentation de r\u00e9f\u00e9rence\u00a0:<\/h4>\n<p><a href=\"http:\/\/www.cancer.ca\/fr-ca\/cancer-information\/diagnosis-and-treatment\/managing-side-effects\/fertility-problems\/?region=qc\" target=\"_blank\" rel=\"noopener noreferrer\">Soci\u00e9t\u00e9 canadienne du cancer. Troubles de fertilit\u00e9.<br \/>\n<\/a>Consult\u00e9 le 22\u00a0mai\u00a02014.<\/p>\n<p><a href=\"http:\/\/www.cancer.net\/survivorship\/life-after-cancer\/having-baby-after-cancer-fertility-assistance-and-other-options\" target=\"_blank\" rel=\"noopener noreferrer\">Cancer.Net. Having a Baby After Cancer: Fertility Assistance and Other Options.<br \/>\n<\/a>Consult\u00e9 le 22\u00a0mai\u00a02014.[\/vc_column_text][\/vc_column][\/vc_row]\n","protected":false},"excerpt":{"rendered":"<p>[vc_row type=\u00a0\u00bbin_container\u00a0\u00bb full_screen_row_position=\u00a0\u00bbmiddle\u00a0\u00bb column_margin=\u00a0\u00bbdefault\u00a0\u00bb scene_position=\u00a0\u00bbcenter\u00a0\u00bb text_color=\u00a0\u00bbdark\u00a0\u00bb text_align=\u00a0\u00bbleft\u00a0\u00bb overlay_strength=\u00a0\u00bb0.3&Prime; shape_divider_position=\u00a0\u00bbbottom\u00a0\u00bb bg_image_animation=\u00a0\u00bbnone\u00a0\u00bb][vc_column column_padding=\u00a0\u00bbno-extra-padding\u00a0\u00bb column_padding_position=\u00a0\u00bball\u00a0\u00bb background_color_opacity=\u00a0\u00bb1&Prime; background_hover_color_opacity=\u00a0\u00bb1&Prime; column_link_target=\u00a0\u00bb_self\u00a0\u00bb column_shadow=\u00a0\u00bbnone\u00a0\u00bb column_border_radius=\u00a0\u00bbnone\u00a0\u00bb width=\u00a0\u00bb1\/1&Prime; tablet_width_inherit=\u00a0\u00bbdefault\u00a0\u00bb tablet_text_alignment=\u00a0\u00bbdefault\u00a0\u00bb phone_text_alignment=\u00a0\u00bbdefault\u00a0\u00bb overlay_strength=\u00a0\u00bb0.3&Prime; column_border_width=\u00a0\u00bbnone\u00a0\u00bb column_border_style=\u00a0\u00bbsolid\u00a0\u00bb bg_image_animation=\u00a0\u00bbnone\u00a0\u00bb][vc_column_text] [\/vc_column_text][vc_column_text el_class=\u00a0\u00bbgreen\u00a0\u00bb]Les d\u00e9cisions concernant le&#8230;<\/p>\n","protected":false},"author":27,"featured_media":0,"parent":5365,"menu_order":0,"comment_status":"closed","ping_status":"closed","template":"page-sidebar.php","meta":{"_acf_changed":false,"footnotes":""},"categories":[],"tags":[],"class_list":["post-5367","page","type-page","status-publish"],"acf":[],"yoast_head":"<!-- This site is optimized with the Yoast SEO plugin v26.7 - https:\/\/yoast.com\/wordpress\/plugins\/seo\/ -->\n<title>Probl\u00e8mes de fertilit\u00e9 chez la femme - Lymphoma Canada<\/title>\n<meta name=\"robots\" content=\"index, follow, max-snippet:-1, max-image-preview:large, max-video-preview:-1\" \/>\n<link rel=\"canonical\" href=\"https:\/\/www.lymphoma.ca\/life-beyond\/my-body\/late-effects-of-treatment\/reproductive-issues\/female-fertility-issues\/\" \/>\n<meta property=\"og:locale\" content=\"fr_FR\" \/>\n<meta property=\"og:type\" content=\"article\" \/>\n<meta property=\"og:title\" content=\"Probl\u00e8mes de fertilit\u00e9 chez la femme - Lymphoma Canada\" \/>\n<meta property=\"og:description\" content=\"[vc_row type=\u00a0\u00bbin_container\u00a0\u00bb full_screen_row_position=\u00a0\u00bbmiddle\u00a0\u00bb column_margin=\u00a0\u00bbdefault\u00a0\u00bb scene_position=\u00a0\u00bbcenter\u00a0\u00bb text_color=\u00a0\u00bbdark\u00a0\u00bb text_align=\u00a0\u00bbleft\u00a0\u00bb overlay_strength=\u00a0\u00bb0.3&Prime; shape_divider_position=\u00a0\u00bbbottom\u00a0\u00bb bg_image_animation=\u00a0\u00bbnone\u00a0\u00bb][vc_column column_padding=\u00a0\u00bbno-extra-padding\u00a0\u00bb column_padding_position=\u00a0\u00bball\u00a0\u00bb background_color_opacity=\u00a0\u00bb1&Prime; background_hover_color_opacity=\u00a0\u00bb1&Prime; column_link_target=\u00a0\u00bb_self\u00a0\u00bb column_shadow=\u00a0\u00bbnone\u00a0\u00bb column_border_radius=\u00a0\u00bbnone\u00a0\u00bb width=\u00a0\u00bb1\/1&Prime; tablet_width_inherit=\u00a0\u00bbdefault\u00a0\u00bb tablet_text_alignment=\u00a0\u00bbdefault\u00a0\u00bb phone_text_alignment=\u00a0\u00bbdefault\u00a0\u00bb overlay_strength=\u00a0\u00bb0.3&Prime; column_border_width=\u00a0\u00bbnone\u00a0\u00bb column_border_style=\u00a0\u00bbsolid\u00a0\u00bb bg_image_animation=\u00a0\u00bbnone\u00a0\u00bb][vc_column_text] [\/vc_column_text][vc_column_text el_class=\u00a0\u00bbgreen\u00a0\u00bb]Les d\u00e9cisions concernant le...\" \/>\n<meta property=\"og:url\" content=\"https:\/\/www.lymphoma.ca\/life-beyond\/my-body\/late-effects-of-treatment\/reproductive-issues\/female-fertility-issues\/\" \/>\n<meta property=\"og:site_name\" content=\"Lymphoma Canada\" \/>\n<meta property=\"article:publisher\" content=\"https:\/\/www.facebook.com\/LymphomaCanada\" \/>\n<meta property=\"article:modified_time\" content=\"2020-03-18T16:07:27+00:00\" \/>\n<meta name=\"twitter:card\" content=\"summary_large_image\" \/>\n<meta name=\"twitter:site\" content=\"@lymphomacanada\" \/>\n<meta name=\"twitter:label1\" content=\"Dur\u00e9e de lecture estim\u00e9e\" \/>\n\t<meta name=\"twitter:data1\" content=\"3 minutes\" \/>\n<script type=\"application\/ld+json\" class=\"yoast-schema-graph\">{\"@context\":\"https:\/\/schema.org\",\"@graph\":[{\"@type\":\"WebPage\",\"@id\":\"https:\/\/www.lymphoma.ca\/life-beyond\/my-body\/late-effects-of-treatment\/reproductive-issues\/female-fertility-issues\/\",\"url\":\"https:\/\/www.lymphoma.ca\/life-beyond\/my-body\/late-effects-of-treatment\/reproductive-issues\/female-fertility-issues\/\",\"name\":\"Probl\u00e8mes de fertilit\u00e9 chez la femme - Lymphoma Canada\",\"isPartOf\":{\"@id\":\"https:\/\/www.lymphoma.ca\/fr\/#website\"},\"datePublished\":\"2020-02-28T19:24:50+00:00\",\"dateModified\":\"2020-03-18T16:07:27+00:00\",\"breadcrumb\":{\"@id\":\"https:\/\/www.lymphoma.ca\/life-beyond\/my-body\/late-effects-of-treatment\/reproductive-issues\/female-fertility-issues\/#breadcrumb\"},\"inLanguage\":\"fr-FR\",\"potentialAction\":[{\"@type\":\"ReadAction\",\"target\":[\"https:\/\/www.lymphoma.ca\/life-beyond\/my-body\/late-effects-of-treatment\/reproductive-issues\/female-fertility-issues\/\"]}]},{\"@type\":\"BreadcrumbList\",\"@id\":\"https:\/\/www.lymphoma.ca\/life-beyond\/my-body\/late-effects-of-treatment\/reproductive-issues\/female-fertility-issues\/#breadcrumb\",\"itemListElement\":[{\"@type\":\"ListItem\",\"position\":1,\"name\":\"Home\",\"item\":\"https:\/\/www.lymphoma.ca\/fr\/\"},{\"@type\":\"ListItem\",\"position\":2,\"name\":\"Vivre apr\u00e8s le Lymphome\",\"item\":\"https:\/\/www.lymphoma.ca\/fr\/vivre-apres\/\"},{\"@type\":\"ListItem\",\"position\":3,\"name\":\"Mon corps &#8211; Introduction\",\"item\":\"https:\/\/www.lymphoma.ca\/fr\/vivre-apres\/mon-corps\/\"},{\"@type\":\"ListItem\",\"position\":4,\"name\":\"Effets tardifs du traitement\",\"item\":\"https:\/\/www.lymphoma.ca\/fr\/vivre-apres\/mon-corps\/effets-tardifs-du-traitement\/\"},{\"@type\":\"ListItem\",\"position\":5,\"name\":\"Probl\u00e8mes li\u00e9s \u00e0 la reproduction\",\"item\":\"https:\/\/www.lymphoma.ca\/fr\/vivre-apres\/mon-corps\/effets-tardifs-du-traitement\/problemes-lies-a-la-reproduction\/\"},{\"@type\":\"ListItem\",\"position\":6,\"name\":\"Probl\u00e8mes de fertilit\u00e9 chez la femme\"}]},{\"@type\":\"WebSite\",\"@id\":\"https:\/\/www.lymphoma.ca\/fr\/#website\",\"url\":\"https:\/\/www.lymphoma.ca\/fr\/\",\"name\":\"Lymphoma Canada\",\"description\":\"Information. Help. Hope.\",\"publisher\":{\"@id\":\"https:\/\/www.lymphoma.ca\/fr\/#organization\"},\"potentialAction\":[{\"@type\":\"SearchAction\",\"target\":{\"@type\":\"EntryPoint\",\"urlTemplate\":\"https:\/\/www.lymphoma.ca\/fr\/?s={search_term_string}\"},\"query-input\":{\"@type\":\"PropertyValueSpecification\",\"valueRequired\":true,\"valueName\":\"search_term_string\"}}],\"inLanguage\":\"fr-FR\"},{\"@type\":\"Organization\",\"@id\":\"https:\/\/www.lymphoma.ca\/fr\/#organization\",\"name\":\"Lymphoma Canada\",\"url\":\"https:\/\/www.lymphoma.ca\/fr\/\",\"logo\":{\"@type\":\"ImageObject\",\"inLanguage\":\"fr-FR\",\"@id\":\"https:\/\/www.lymphoma.ca\/fr\/#\/schema\/logo\/image\/\",\"url\":\"https:\/\/www.lymphoma.ca\/wp-content\/uploads\/2023\/05\/logo-lymphoma.jpg\",\"contentUrl\":\"https:\/\/www.lymphoma.ca\/wp-content\/uploads\/2023\/05\/logo-lymphoma.jpg\",\"width\":343,\"height\":343,\"caption\":\"Lymphoma Canada\"},\"image\":{\"@id\":\"https:\/\/www.lymphoma.ca\/fr\/#\/schema\/logo\/image\/\"},\"sameAs\":[\"https:\/\/www.facebook.com\/LymphomaCanada\",\"https:\/\/x.com\/lymphomacanada\",\"https:\/\/www.linkedin.com\/company\/lymphoma-canada\/\",\"http:\/\/instagram.com\/lymphomacanada\",\"http:\/\/www.youtube.com\/user\/LymphomaTV\"]}]}<\/script>\n<!-- \/ Yoast SEO plugin. -->","yoast_head_json":{"title":"Probl\u00e8mes de fertilit\u00e9 chez la femme - Lymphoma Canada","robots":{"index":"index","follow":"follow","max-snippet":"max-snippet:-1","max-image-preview":"max-image-preview:large","max-video-preview":"max-video-preview:-1"},"canonical":"https:\/\/www.lymphoma.ca\/life-beyond\/my-body\/late-effects-of-treatment\/reproductive-issues\/female-fertility-issues\/","og_locale":"fr_FR","og_type":"article","og_title":"Probl\u00e8mes de fertilit\u00e9 chez la femme - Lymphoma Canada","og_description":"[vc_row type=\u00a0\u00bbin_container\u00a0\u00bb full_screen_row_position=\u00a0\u00bbmiddle\u00a0\u00bb column_margin=\u00a0\u00bbdefault\u00a0\u00bb scene_position=\u00a0\u00bbcenter\u00a0\u00bb text_color=\u00a0\u00bbdark\u00a0\u00bb text_align=\u00a0\u00bbleft\u00a0\u00bb overlay_strength=\u00a0\u00bb0.3&Prime; shape_divider_position=\u00a0\u00bbbottom\u00a0\u00bb bg_image_animation=\u00a0\u00bbnone\u00a0\u00bb][vc_column column_padding=\u00a0\u00bbno-extra-padding\u00a0\u00bb column_padding_position=\u00a0\u00bball\u00a0\u00bb background_color_opacity=\u00a0\u00bb1&Prime; background_hover_color_opacity=\u00a0\u00bb1&Prime; column_link_target=\u00a0\u00bb_self\u00a0\u00bb column_shadow=\u00a0\u00bbnone\u00a0\u00bb column_border_radius=\u00a0\u00bbnone\u00a0\u00bb width=\u00a0\u00bb1\/1&Prime; tablet_width_inherit=\u00a0\u00bbdefault\u00a0\u00bb tablet_text_alignment=\u00a0\u00bbdefault\u00a0\u00bb phone_text_alignment=\u00a0\u00bbdefault\u00a0\u00bb overlay_strength=\u00a0\u00bb0.3&Prime; column_border_width=\u00a0\u00bbnone\u00a0\u00bb column_border_style=\u00a0\u00bbsolid\u00a0\u00bb bg_image_animation=\u00a0\u00bbnone\u00a0\u00bb][vc_column_text] [\/vc_column_text][vc_column_text el_class=\u00a0\u00bbgreen\u00a0\u00bb]Les d\u00e9cisions concernant le...","og_url":"https:\/\/www.lymphoma.ca\/life-beyond\/my-body\/late-effects-of-treatment\/reproductive-issues\/female-fertility-issues\/","og_site_name":"Lymphoma Canada","article_publisher":"https:\/\/www.facebook.com\/LymphomaCanada","article_modified_time":"2020-03-18T16:07:27+00:00","twitter_card":"summary_large_image","twitter_site":"@lymphomacanada","twitter_misc":{"Dur\u00e9e de lecture estim\u00e9e":"3 minutes"},"schema":{"@context":"https:\/\/schema.org","@graph":[{"@type":"WebPage","@id":"https:\/\/www.lymphoma.ca\/life-beyond\/my-body\/late-effects-of-treatment\/reproductive-issues\/female-fertility-issues\/","url":"https:\/\/www.lymphoma.ca\/life-beyond\/my-body\/late-effects-of-treatment\/reproductive-issues\/female-fertility-issues\/","name":"Probl\u00e8mes de fertilit\u00e9 chez la femme - Lymphoma Canada","isPartOf":{"@id":"https:\/\/www.lymphoma.ca\/fr\/#website"},"datePublished":"2020-02-28T19:24:50+00:00","dateModified":"2020-03-18T16:07:27+00:00","breadcrumb":{"@id":"https:\/\/www.lymphoma.ca\/life-beyond\/my-body\/late-effects-of-treatment\/reproductive-issues\/female-fertility-issues\/#breadcrumb"},"inLanguage":"fr-FR","potentialAction":[{"@type":"ReadAction","target":["https:\/\/www.lymphoma.ca\/life-beyond\/my-body\/late-effects-of-treatment\/reproductive-issues\/female-fertility-issues\/"]}]},{"@type":"BreadcrumbList","@id":"https:\/\/www.lymphoma.ca\/life-beyond\/my-body\/late-effects-of-treatment\/reproductive-issues\/female-fertility-issues\/#breadcrumb","itemListElement":[{"@type":"ListItem","position":1,"name":"Home","item":"https:\/\/www.lymphoma.ca\/fr\/"},{"@type":"ListItem","position":2,"name":"Vivre apr\u00e8s le Lymphome","item":"https:\/\/www.lymphoma.ca\/fr\/vivre-apres\/"},{"@type":"ListItem","position":3,"name":"Mon corps &#8211; Introduction","item":"https:\/\/www.lymphoma.ca\/fr\/vivre-apres\/mon-corps\/"},{"@type":"ListItem","position":4,"name":"Effets tardifs du traitement","item":"https:\/\/www.lymphoma.ca\/fr\/vivre-apres\/mon-corps\/effets-tardifs-du-traitement\/"},{"@type":"ListItem","position":5,"name":"Probl\u00e8mes li\u00e9s \u00e0 la reproduction","item":"https:\/\/www.lymphoma.ca\/fr\/vivre-apres\/mon-corps\/effets-tardifs-du-traitement\/problemes-lies-a-la-reproduction\/"},{"@type":"ListItem","position":6,"name":"Probl\u00e8mes de fertilit\u00e9 chez la femme"}]},{"@type":"WebSite","@id":"https:\/\/www.lymphoma.ca\/fr\/#website","url":"https:\/\/www.lymphoma.ca\/fr\/","name":"Lymphoma Canada","description":"Information. Help. Hope.","publisher":{"@id":"https:\/\/www.lymphoma.ca\/fr\/#organization"},"potentialAction":[{"@type":"SearchAction","target":{"@type":"EntryPoint","urlTemplate":"https:\/\/www.lymphoma.ca\/fr\/?s={search_term_string}"},"query-input":{"@type":"PropertyValueSpecification","valueRequired":true,"valueName":"search_term_string"}}],"inLanguage":"fr-FR"},{"@type":"Organization","@id":"https:\/\/www.lymphoma.ca\/fr\/#organization","name":"Lymphoma Canada","url":"https:\/\/www.lymphoma.ca\/fr\/","logo":{"@type":"ImageObject","inLanguage":"fr-FR","@id":"https:\/\/www.lymphoma.ca\/fr\/#\/schema\/logo\/image\/","url":"https:\/\/www.lymphoma.ca\/wp-content\/uploads\/2023\/05\/logo-lymphoma.jpg","contentUrl":"https:\/\/www.lymphoma.ca\/wp-content\/uploads\/2023\/05\/logo-lymphoma.jpg","width":343,"height":343,"caption":"Lymphoma Canada"},"image":{"@id":"https:\/\/www.lymphoma.ca\/fr\/#\/schema\/logo\/image\/"},"sameAs":["https:\/\/www.facebook.com\/LymphomaCanada","https:\/\/x.com\/lymphomacanada","https:\/\/www.linkedin.com\/company\/lymphoma-canada\/","http:\/\/instagram.com\/lymphomacanada","http:\/\/www.youtube.com\/user\/LymphomaTV"]}]}},"_links":{"self":[{"href":"https:\/\/www.lymphoma.ca\/fr\/wp-json\/wp\/v2\/pages\/5367","targetHints":{"allow":["GET"]}}],"collection":[{"href":"https:\/\/www.lymphoma.ca\/fr\/wp-json\/wp\/v2\/pages"}],"about":[{"href":"https:\/\/www.lymphoma.ca\/fr\/wp-json\/wp\/v2\/types\/page"}],"author":[{"embeddable":true,"href":"https:\/\/www.lymphoma.ca\/fr\/wp-json\/wp\/v2\/users\/27"}],"replies":[{"embeddable":true,"href":"https:\/\/www.lymphoma.ca\/fr\/wp-json\/wp\/v2\/comments?post=5367"}],"version-history":[{"count":3,"href":"https:\/\/www.lymphoma.ca\/fr\/wp-json\/wp\/v2\/pages\/5367\/revisions"}],"predecessor-version":[{"id":5919,"href":"https:\/\/www.lymphoma.ca\/fr\/wp-json\/wp\/v2\/pages\/5367\/revisions\/5919"}],"up":[{"embeddable":true,"href":"https:\/\/www.lymphoma.ca\/fr\/wp-json\/wp\/v2\/pages\/5365"}],"wp:attachment":[{"href":"https:\/\/www.lymphoma.ca\/fr\/wp-json\/wp\/v2\/media?parent=5367"}],"wp:term":[{"taxonomy":"category","embeddable":true,"href":"https:\/\/www.lymphoma.ca\/fr\/wp-json\/wp\/v2\/categories?post=5367"},{"taxonomy":"post_tag","embeddable":true,"href":"https:\/\/www.lymphoma.ca\/fr\/wp-json\/wp\/v2\/tags?post=5367"}],"curies":[{"name":"wp","href":"https:\/\/api.w.org\/{rel}","templated":true}]}}