{"id":5387,"date":"2020-02-28T19:42:32","date_gmt":"2020-02-28T19:42:32","guid":{"rendered":"https:\/\/www.lymphoma.ca\/?page_id=5387"},"modified":"2020-02-28T19:42:32","modified_gmt":"2020-02-28T19:42:32","slug":"alimentation","status":"publish","type":"page","link":"https:\/\/www.lymphoma.ca\/fr\/vivre-apres\/mon-corps\/mode-de-vie-sain\/alimentation\/","title":{"rendered":"Alimentation"},"content":{"rendered":"<p>Un mode de vie sain comprend une bonne alimentation et la consommation d&rsquo;aliments con\u00e7us pour favoriser la sant\u00e9 g\u00e9n\u00e9rale.<\/p>\n<p>Bien que tr\u00e8s peu d&rsquo;\u00e9tudes de recherche aient prouv\u00e9 de fa\u00e7on concluante que certains aliments puissent causer ou r\u00e9duire le risque de r\u00e9cidives d&rsquo;un lymphome ou l&rsquo;apparition de cancers secondaires, il existe de plus en plus de donn\u00e9es d\u00e9montrant un lien entre l&rsquo;alimentation g\u00e9n\u00e9rale et les choix alimentaires d&rsquo;une part, et l&rsquo;apparition de certains types de cancers d&rsquo;autre part.<\/p>\n<p>Dans cette section, vous trouverez quelques recommandations g\u00e9n\u00e9rales pour vous aider \u00e0 bien manger et adopter progressivement un mode de vie plus sain.<\/p>\n","protected":false},"excerpt":{"rendered":"<p>Un mode de vie sain comprend une bonne alimentation et la consommation d&rsquo;aliments con\u00e7us pour favoriser la sant\u00e9 g\u00e9n\u00e9rale. Bien que tr\u00e8s peu d&rsquo;\u00e9tudes de recherche aient prouv\u00e9 de fa\u00e7on&#8230;<\/p>\n","protected":false},"author":27,"featured_media":0,"parent":5371,"menu_order":0,"comment_status":"closed","ping_status":"closed","template":"page-sidebar.php","meta":{"_acf_changed":false,"footnotes":""},"categories":[],"tags":[],"class_list":["post-5387","page","type-page","status-publish"],"acf":[],"yoast_head":"<!-- This site is optimized with the Yoast SEO plugin v26.7 - https:\/\/yoast.com\/wordpress\/plugins\/seo\/ -->\n<title>Alimentation - Lymphoma Canada<\/title>\n<meta name=\"robots\" content=\"index, follow, max-snippet:-1, max-image-preview:large, max-video-preview:-1\" \/>\n<link rel=\"canonical\" href=\"https:\/\/www.lymphoma.ca\/fr\/vivre-apres\/mon-corps\/mode-de-vie-sain\/alimentation\/\" \/>\n<meta property=\"og:locale\" content=\"fr_FR\" \/>\n<meta property=\"og:type\" content=\"article\" \/>\n<meta property=\"og:title\" content=\"Alimentation - Lymphoma Canada\" \/>\n<meta property=\"og:description\" content=\"Un mode de vie sain comprend une bonne alimentation et la consommation d&rsquo;aliments con\u00e7us pour favoriser la sant\u00e9 g\u00e9n\u00e9rale. Bien que tr\u00e8s peu d&rsquo;\u00e9tudes de recherche aient prouv\u00e9 de fa\u00e7on...\" \/>\n<meta property=\"og:url\" content=\"https:\/\/www.lymphoma.ca\/fr\/vivre-apres\/mon-corps\/mode-de-vie-sain\/alimentation\/\" \/>\n<meta property=\"og:site_name\" content=\"Lymphoma Canada\" \/>\n<meta property=\"article:publisher\" content=\"https:\/\/www.facebook.com\/LymphomaCanada\" \/>\n<meta name=\"twitter:card\" content=\"summary_large_image\" \/>\n<meta name=\"twitter:site\" content=\"@lymphomacanada\" \/>\n<meta name=\"twitter:label1\" content=\"Dur\u00e9e de lecture estim\u00e9e\" \/>\n\t<meta name=\"twitter:data1\" content=\"1 minute\" \/>\n<script type=\"application\/ld+json\" class=\"yoast-schema-graph\">{\"@context\":\"https:\/\/schema.org\",\"@graph\":[{\"@type\":\"WebPage\",\"@id\":\"https:\/\/www.lymphoma.ca\/fr\/vivre-apres\/mon-corps\/mode-de-vie-sain\/alimentation\/\",\"url\":\"https:\/\/www.lymphoma.ca\/fr\/vivre-apres\/mon-corps\/mode-de-vie-sain\/alimentation\/\",\"name\":\"Alimentation - Lymphoma Canada\",\"isPartOf\":{\"@id\":\"https:\/\/www.lymphoma.ca\/fr\/#website\"},\"datePublished\":\"2020-02-28T19:42:32+00:00\",\"breadcrumb\":{\"@id\":\"https:\/\/www.lymphoma.ca\/fr\/vivre-apres\/mon-corps\/mode-de-vie-sain\/alimentation\/#breadcrumb\"},\"inLanguage\":\"fr-FR\",\"potentialAction\":[{\"@type\":\"ReadAction\",\"target\":[\"https:\/\/www.lymphoma.ca\/fr\/vivre-apres\/mon-corps\/mode-de-vie-sain\/alimentation\/\"]}]},{\"@type\":\"BreadcrumbList\",\"@id\":\"https:\/\/www.lymphoma.ca\/fr\/vivre-apres\/mon-corps\/mode-de-vie-sain\/alimentation\/#breadcrumb\",\"itemListElement\":[{\"@type\":\"ListItem\",\"position\":1,\"name\":\"Home\",\"item\":\"https:\/\/www.lymphoma.ca\/fr\/\"},{\"@type\":\"ListItem\",\"position\":2,\"name\":\"Vivre apr\u00e8s le Lymphome\",\"item\":\"https:\/\/www.lymphoma.ca\/fr\/vivre-apres\/\"},{\"@type\":\"ListItem\",\"position\":3,\"name\":\"Mon corps &#8211; Introduction\",\"item\":\"https:\/\/www.lymphoma.ca\/fr\/vivre-apres\/mon-corps\/\"},{\"@type\":\"ListItem\",\"position\":4,\"name\":\"Mode de vie sain\",\"item\":\"https:\/\/www.lymphoma.ca\/fr\/vivre-apres\/mon-corps\/mode-de-vie-sain\/\"},{\"@type\":\"ListItem\",\"position\":5,\"name\":\"Alimentation\"}]},{\"@type\":\"WebSite\",\"@id\":\"https:\/\/www.lymphoma.ca\/fr\/#website\",\"url\":\"https:\/\/www.lymphoma.ca\/fr\/\",\"name\":\"Lymphoma Canada\",\"description\":\"Information. Help. Hope.\",\"publisher\":{\"@id\":\"https:\/\/www.lymphoma.ca\/fr\/#organization\"},\"potentialAction\":[{\"@type\":\"SearchAction\",\"target\":{\"@type\":\"EntryPoint\",\"urlTemplate\":\"https:\/\/www.lymphoma.ca\/fr\/?s={search_term_string}\"},\"query-input\":{\"@type\":\"PropertyValueSpecification\",\"valueRequired\":true,\"valueName\":\"search_term_string\"}}],\"inLanguage\":\"fr-FR\"},{\"@type\":\"Organization\",\"@id\":\"https:\/\/www.lymphoma.ca\/fr\/#organization\",\"name\":\"Lymphoma Canada\",\"url\":\"https:\/\/www.lymphoma.ca\/fr\/\",\"logo\":{\"@type\":\"ImageObject\",\"inLanguage\":\"fr-FR\",\"@id\":\"https:\/\/www.lymphoma.ca\/fr\/#\/schema\/logo\/image\/\",\"url\":\"https:\/\/www.lymphoma.ca\/wp-content\/uploads\/2023\/05\/logo-lymphoma.jpg\",\"contentUrl\":\"https:\/\/www.lymphoma.ca\/wp-content\/uploads\/2023\/05\/logo-lymphoma.jpg\",\"width\":343,\"height\":343,\"caption\":\"Lymphoma Canada\"},\"image\":{\"@id\":\"https:\/\/www.lymphoma.ca\/fr\/#\/schema\/logo\/image\/\"},\"sameAs\":[\"https:\/\/www.facebook.com\/LymphomaCanada\",\"https:\/\/x.com\/lymphomacanada\",\"https:\/\/www.linkedin.com\/company\/lymphoma-canada\/\",\"http:\/\/instagram.com\/lymphomacanada\",\"http:\/\/www.youtube.com\/user\/LymphomaTV\"]}]}<\/script>\n<!-- \/ Yoast SEO plugin. -->","yoast_head_json":{"title":"Alimentation - Lymphoma Canada","robots":{"index":"index","follow":"follow","max-snippet":"max-snippet:-1","max-image-preview":"max-image-preview:large","max-video-preview":"max-video-preview:-1"},"canonical":"https:\/\/www.lymphoma.ca\/fr\/vivre-apres\/mon-corps\/mode-de-vie-sain\/alimentation\/","og_locale":"fr_FR","og_type":"article","og_title":"Alimentation - Lymphoma Canada","og_description":"Un mode de vie sain comprend une bonne alimentation et la consommation d&rsquo;aliments con\u00e7us pour favoriser la sant\u00e9 g\u00e9n\u00e9rale. Bien que tr\u00e8s peu d&rsquo;\u00e9tudes de recherche aient prouv\u00e9 de fa\u00e7on...","og_url":"https:\/\/www.lymphoma.ca\/fr\/vivre-apres\/mon-corps\/mode-de-vie-sain\/alimentation\/","og_site_name":"Lymphoma Canada","article_publisher":"https:\/\/www.facebook.com\/LymphomaCanada","twitter_card":"summary_large_image","twitter_site":"@lymphomacanada","twitter_misc":{"Dur\u00e9e de lecture estim\u00e9e":"1 minute"},"schema":{"@context":"https:\/\/schema.org","@graph":[{"@type":"WebPage","@id":"https:\/\/www.lymphoma.ca\/fr\/vivre-apres\/mon-corps\/mode-de-vie-sain\/alimentation\/","url":"https:\/\/www.lymphoma.ca\/fr\/vivre-apres\/mon-corps\/mode-de-vie-sain\/alimentation\/","name":"Alimentation - Lymphoma Canada","isPartOf":{"@id":"https:\/\/www.lymphoma.ca\/fr\/#website"},"datePublished":"2020-02-28T19:42:32+00:00","breadcrumb":{"@id":"https:\/\/www.lymphoma.ca\/fr\/vivre-apres\/mon-corps\/mode-de-vie-sain\/alimentation\/#breadcrumb"},"inLanguage":"fr-FR","potentialAction":[{"@type":"ReadAction","target":["https:\/\/www.lymphoma.ca\/fr\/vivre-apres\/mon-corps\/mode-de-vie-sain\/alimentation\/"]}]},{"@type":"BreadcrumbList","@id":"https:\/\/www.lymphoma.ca\/fr\/vivre-apres\/mon-corps\/mode-de-vie-sain\/alimentation\/#breadcrumb","itemListElement":[{"@type":"ListItem","position":1,"name":"Home","item":"https:\/\/www.lymphoma.ca\/fr\/"},{"@type":"ListItem","position":2,"name":"Vivre apr\u00e8s le Lymphome","item":"https:\/\/www.lymphoma.ca\/fr\/vivre-apres\/"},{"@type":"ListItem","position":3,"name":"Mon corps &#8211; Introduction","item":"https:\/\/www.lymphoma.ca\/fr\/vivre-apres\/mon-corps\/"},{"@type":"ListItem","position":4,"name":"Mode de vie sain","item":"https:\/\/www.lymphoma.ca\/fr\/vivre-apres\/mon-corps\/mode-de-vie-sain\/"},{"@type":"ListItem","position":5,"name":"Alimentation"}]},{"@type":"WebSite","@id":"https:\/\/www.lymphoma.ca\/fr\/#website","url":"https:\/\/www.lymphoma.ca\/fr\/","name":"Lymphoma Canada","description":"Information. Help. Hope.","publisher":{"@id":"https:\/\/www.lymphoma.ca\/fr\/#organization"},"potentialAction":[{"@type":"SearchAction","target":{"@type":"EntryPoint","urlTemplate":"https:\/\/www.lymphoma.ca\/fr\/?s={search_term_string}"},"query-input":{"@type":"PropertyValueSpecification","valueRequired":true,"valueName":"search_term_string"}}],"inLanguage":"fr-FR"},{"@type":"Organization","@id":"https:\/\/www.lymphoma.ca\/fr\/#organization","name":"Lymphoma Canada","url":"https:\/\/www.lymphoma.ca\/fr\/","logo":{"@type":"ImageObject","inLanguage":"fr-FR","@id":"https:\/\/www.lymphoma.ca\/fr\/#\/schema\/logo\/image\/","url":"https:\/\/www.lymphoma.ca\/wp-content\/uploads\/2023\/05\/logo-lymphoma.jpg","contentUrl":"https:\/\/www.lymphoma.ca\/wp-content\/uploads\/2023\/05\/logo-lymphoma.jpg","width":343,"height":343,"caption":"Lymphoma Canada"},"image":{"@id":"https:\/\/www.lymphoma.ca\/fr\/#\/schema\/logo\/image\/"},"sameAs":["https:\/\/www.facebook.com\/LymphomaCanada","https:\/\/x.com\/lymphomacanada","https:\/\/www.linkedin.com\/company\/lymphoma-canada\/","http:\/\/instagram.com\/lymphomacanada","http:\/\/www.youtube.com\/user\/LymphomaTV"]}]}},"_links":{"self":[{"href":"https:\/\/www.lymphoma.ca\/fr\/wp-json\/wp\/v2\/pages\/5387","targetHints":{"allow":["GET"]}}],"collection":[{"href":"https:\/\/www.lymphoma.ca\/fr\/wp-json\/wp\/v2\/pages"}],"about":[{"href":"https:\/\/www.lymphoma.ca\/fr\/wp-json\/wp\/v2\/types\/page"}],"author":[{"embeddable":true,"href":"https:\/\/www.lymphoma.ca\/fr\/wp-json\/wp\/v2\/users\/27"}],"replies":[{"embeddable":true,"href":"https:\/\/www.lymphoma.ca\/fr\/wp-json\/wp\/v2\/comments?post=5387"}],"version-history":[{"count":1,"href":"https:\/\/www.lymphoma.ca\/fr\/wp-json\/wp\/v2\/pages\/5387\/revisions"}],"predecessor-version":[{"id":5388,"href":"https:\/\/www.lymphoma.ca\/fr\/wp-json\/wp\/v2\/pages\/5387\/revisions\/5388"}],"up":[{"embeddable":true,"href":"https:\/\/www.lymphoma.ca\/fr\/wp-json\/wp\/v2\/pages\/5371"}],"wp:attachment":[{"href":"https:\/\/www.lymphoma.ca\/fr\/wp-json\/wp\/v2\/media?parent=5387"}],"wp:term":[{"taxonomy":"category","embeddable":true,"href":"https:\/\/www.lymphoma.ca\/fr\/wp-json\/wp\/v2\/categories?post=5387"},{"taxonomy":"post_tag","embeddable":true,"href":"https:\/\/www.lymphoma.ca\/fr\/wp-json\/wp\/v2\/tags?post=5387"}],"curies":[{"name":"wp","href":"https:\/\/api.w.org\/{rel}","templated":true}]}}