{"id":5389,"date":"2020-02-28T19:44:30","date_gmt":"2020-02-28T19:44:30","guid":{"rendered":"https:\/\/www.lymphoma.ca\/?page_id=5389"},"modified":"2020-02-28T19:44:30","modified_gmt":"2020-02-28T19:44:30","slug":"aliments-a-eviter","status":"publish","type":"page","link":"https:\/\/www.lymphoma.ca\/fr\/vivre-apres\/mon-corps\/mode-de-vie-sain\/alimentation\/aliments-a-eviter\/","title":{"rendered":"Aliments \u00e0 \u00e9viter"},"content":{"rendered":"<p>Bon nombre des aliments d\u00e9crits dans cette section sont d\u00e9j\u00e0 bien connus pour nuire \u00e0 la sant\u00e9 g\u00e9n\u00e9rale. Or, un nombre croissant d&rsquo;\u00e9tudes montrent les effets directs des mauvais choix alimentaires sur la sant\u00e9 et les cancers.<\/p>\n<h3>Viande rouge (consommation \u00e9lev\u00e9e)<\/h3>\n<p>La crainte \u00e0 l&rsquo;\u00e9gard des viandes rouges vient du fait que diff\u00e9rents agents mutag\u00e8nes (substances chimiques modifiant l&rsquo;ADN) et canc\u00e9rog\u00e8nes (substances chimiques pouvant causer un cancer) sont produits lorsqu&rsquo;elles sont cuites \u00e0 temp\u00e9rature \u00e9lev\u00e9e ou lorsqu&rsquo;elles sont dig\u00e9r\u00e9es (d\u00e9gradation des mati\u00e8res grasses qu\u2019elles contiennent). Certaines \u00e9tudes semblent indiquer que les r\u00e9gimes alimentaires comprenant une quantit\u00e9 \u00e9lev\u00e9e de viande rouge seraient associ\u00e9s \u00e0 un risque accru de cancers du c\u00f4lon, du rectum, de l&rsquo;\u0153sophage, de l&rsquo;estomac, du pancr\u00e9as, du sein, de la prostate, du rein et de l\u2019ovaire. Les viandes rouges comprennent le b\u0153uf, le porc, l&rsquo;agneau et la ch\u00e8vre.<\/p>\n<p>Essayez de r\u00e9duire votre consommation de viandes rouges en utilisant ces derni\u00e8res uniquement pour rehausser le go\u00fbt de vos mets ou simplement comme petit plat d&rsquo;accompagnement plut\u00f4t que comme plat principal. Essayez \u00e9galement de r\u00e9duire votre fr\u00e9quence de consommation; par exemple, vous pourriez manger de la viande rouge seulement tous les deux repas, puis espacer graduellement jusqu&rsquo;\u00e0 une fois par semaine. Utilisez d&rsquo;autres techniques de cuisson; par exemple, faites cuire votre viande au four, \u00e0 la vapeur, en rago\u00fbt ou sous le gril, ou bien braisez-la ou pochez-la, afin de r\u00e9duire la production de certains des agents mutag\u00e8nes et canc\u00e9rog\u00e8nes dangereux.<\/p>\n<p>En revanche, n&rsquo;oubliez pas que les prot\u00e9ines constituent une part importante d&rsquo;un r\u00e9gime alimentaire bien \u00e9quilibr\u00e9. En guise de remplacement pour votre apport de prot\u00e9ines, choisissez d&rsquo;autres sources comme de la volaille, des poissons et des l\u00e9gumineuses.<\/p>\n<h4>Documentation de r\u00e9f\u00e9rence\u00a0:<\/h4>\n<p><strong>Kushi LH, Doyle C, McCullough M, et al. American Cancer Society Guidelines on Nutrition and Physical Activity for Cancer Prevention.<br \/>\n<\/strong>Ca Cancer J Clin. 2012;62:30\u201367<\/p>\n<h3>Viande transform\u00e9e (consommation \u00e9lev\u00e9e)<\/h3>\n<p>Les inqui\u00e9tudes concernant les viandes transform\u00e9es proviennent des quantit\u00e9s \u00e9lev\u00e9es de nitrates et de nitrites utilis\u00e9s pour pr\u00e9parer ou pr\u00e9server les produits. Ces produits chimiques aident \u00e0 pr\u00e9venir la croissance des bact\u00e9ries et contribuent \u00e9galement \u00e0 la coloration ros\u00e9e des viandes transform\u00e9es. Certaines \u00e9tudes donnent \u00e0 penser qu&rsquo;un r\u00e9gime alimentaire riche en viandes transform\u00e9es pourrait \u00eatre associ\u00e9 \u00e0 un risque accru de cancers du c\u00f4lon, du rectum, de l&rsquo;\u0153sophage, de l&rsquo;estomac, du pancr\u00e9as, du sein, de la prostate, du rein et de l\u2019ovaire. Les viandes transform\u00e9es contenant des quantit\u00e9s \u00e9lev\u00e9es de nitrates comprennent les saucisses fum\u00e9es et autres, le jambon, le bacon et les autres charcuteries ou viandes froides.<\/p>\n<h4>Documentation de r\u00e9f\u00e9rence\u00a0:<\/h4>\n<p><a href=\"http:\/\/www.eatrightontario.ca\/fr\/Articles\/Technologie-culinaire\/Biotechnologie\/Nouveaux-aliments\/La-verite-sur-les-nitrates.aspx?aliaspath=%2fen%2fArticles%2fFood-technology-Biotechnology-Novel-foods%2fThe-truth-about-nitrates#.U-a97GN33b0\" target=\"_blank\" rel=\"noopener noreferrer\">Saine alimentation Ontario. La v\u00e9rit\u00e9 sur les nitrates.<br \/>\n<\/a>Consult\u00e9 le 22\u00a0mai\u00a02014.<\/p>\n<p><strong>Kushi\u00a0LH, Doyle\u00a0C, McCullough\u00a0M et al. American Cancer Society Guidelines on Nutrition and Physical Activity for Cancer Prevention.<br \/>\n<\/strong>Ca Cancer. J Clin. 2012;62:30\u201367.<\/p>\n<h3>Alcool (consommation \u00e9lev\u00e9e)<\/h3>\n<p>Le processus exact par lequel l&rsquo;alcool contribue au risque de cancer n&rsquo;est pas enti\u00e8rement \u00e9lucid\u00e9. Une hypoth\u00e8se veut que (selon le type de cancer) l&rsquo;alcool pourrait endommager les tissus corporels, accro\u00eetre les effets d&rsquo;autres produits chimiques nocifs, abaisser les taux de certains nutriments, alt\u00e9rer l&rsquo;\u00e9quilibre hormonal et augmenter le poids corporel (menant \u00e0 l&rsquo;ob\u00e9sit\u00e9). Certaines \u00e9tudes ont \u00e9tabli que la consommation \u00e9lev\u00e9e d&rsquo;alcool constitue un facteur de risque du cancer de la bouche, du pharynx, du larynx, de l&rsquo;\u0153sophage, du foie, du c\u00f4lon et du rectum et du sein et peut-\u00eatre m\u00eame du pancr\u00e9as. Ce risque serait accru si vous fumez. Essayez de limiter votre apport quotidien d&rsquo;alcool \u00e0 deux consommations pour les hommes ou \u00e0 une consommation pour les femmes (1\u00a0consommation\u00a0= 12\u00a0onces de bi\u00e8re, 8\u00a0onces de liqueur de malt, 5\u00a0onces de vin ou 1,5\u00a0once de spiritueux \u00e0 80\u00a0degr\u00e9s).<\/p>\n<h4>Documentation de r\u00e9f\u00e9rence\u00a0:<\/h4>\n<p><strong>Kushi LH, Doyle C, McCullough M, et al. American Cancer Society Guidelines on Nutrition and Physical Activity for Cancer Prevention.<\/strong><br \/>\nCa Cancer J Clin. 2012;62:30\u201367<\/p>\n<p><a href=\"http:\/\/www.cancer.gov\/cancertopics\/factsheet\/Risk\/alcohol\" target=\"_blank\" rel=\"noopener noreferrer\">National Cancer Institute. Alcohol and Cancer Risk.<br \/>\n<\/a>Consult\u00e9 le 22\u00a0mai\u00a02014.<\/p>\n<p><a href=\"http:\/\/www.cancer.org\/cancer\/cancercauses\/dietandphysicalactivity\/alcohol-use-and-cancer\" target=\"_blank\" rel=\"noopener noreferrer\">American Cancer Society. Alcohol Use and Cancer.<br \/>\n<\/a>Consult\u00e9 le 22\u00a0mai\u00a02014.<\/p>\n<h3>Aliments \u00e0 forte teneur en sucre<\/h3>\n<p>La consommation de grandes quantit\u00e9s de sucre entra\u00eene un plus grand apport calorique mais peu de bienfaits nutritionnels, ce qui signifie un risque accru d&rsquo;ob\u00e9sit\u00e9. Bien que les quantit\u00e9s \u00e9lev\u00e9es de sucre n&rsquo;augmentent pas n\u00e9cessairement directement le risque de cancer, l&rsquo;ob\u00e9sit\u00e9, quant \u00e0 elle, a clairement \u00e9t\u00e9 associ\u00e9e \u00e0 de nombreux types de cancers. Essayez de limiter ou d&rsquo;\u00e9liminer votre consommation de boissons contenant du sucre ajout\u00e9 (p.\u00a0ex. boissons gazeuses ou fruit\u00e9es), de p\u00e2tisseries et de bonbons. Lorsque vous consultez les \u00e9tiquettes nutritionnelles sur les emballages des aliments, soyez attentif aux ingr\u00e9dients suivants\u00a0: sucre, glucose, miel, sirop de ma\u00efs, fructose, maltose et dextrose.<\/p>\n<h4>Documentation de r\u00e9f\u00e9rence\u00a0:<\/h4>\n<p><strong>Kushi LH, Doyle C, McCullough M, et al. American Cancer Society Guidelines on Nutrition and Physical Activity for Cancer Prevention.<\/strong><br \/>\nCa Cancer J Clin. 2012;62:30\u201367<\/p>\n<p><a href=\"http:\/\/www.cancer.ca\/fr-ca\/prevention-and-screening\/live-well\/nutrition-and-fitness\/eating-well\/sugar\/?region=qc\" target=\"_blank\" rel=\"noopener noreferrer\">Soci\u00e9t\u00e9 canadienne du cancer. Sucre.<br \/>\n<\/a>Consult\u00e9 le 22\u00a0mai\u00a02014.<\/p>\n<h3>Aliments \u00e0 forte teneur en gras<\/h3>\n<p>Bien que l&rsquo;apport \u00e9lev\u00e9 de mati\u00e8res grasses n&rsquo;ait pas \u00e9t\u00e9 directement li\u00e9 \u00e0 un risque accru de cancer, il est connu qu&rsquo;un r\u00e9gime alimentaire riche en gras m\u00e8ne \u00e0 l&rsquo;ob\u00e9sit\u00e9, un trouble clairement associ\u00e9 \u00e0 de nombreux types de cancers. \u00c9vitez les aliments riches en gras satur\u00e9s d&rsquo;origine animale tels les viandes, le beurre et les fromages. Limitez \u00e9galement les gras trans que l&rsquo;on retrouve dans les aliments transform\u00e9s cuits dans des graisses hydrog\u00e9n\u00e9es, notamment les craquelins, les croustilles, les produits de boulangerie-p\u00e2tisserie et les fritures des repas-minute.<\/p>\n<h4>Documentation de r\u00e9f\u00e9rence\u00a0:<\/h4>\n<p><strong>Kushi LH, Doyle C, McCullough M, et al. American Cancer Society Guidelines on Nutrition and Physical Activity for Cancer Prevention.<\/strong><br \/>\nCa Cancer J Clin. 2012;62:30\u201367<\/p>\n<p><a href=\"http:\/\/www.cancer.ca\/fr-ca\/prevention-and-screening\/live-well\/nutrition-and-fitness\/eating-well\/fat\/?region=qc\" target=\"_blank\" rel=\"noopener noreferrer\">Soci\u00e9t\u00e9 canadienne du cancer. Mati\u00e8res grasses.<br \/>\n<\/a>Consult\u00e9 le 22\u00a0mai\u00a02014.<\/p>\n<h3>Certains conseils pratiques<\/h3>\n<p>Il est pr\u00e9f\u00e9rable id\u00e9alement d&rsquo;\u00e9liminer tous les aliments susmentionn\u00e9s de votre r\u00e9gime alimentaire. Cependant, pour bon nombre de gens, cela est plut\u00f4t irr\u00e9aliste. Voici donc certains changements \u00e0 votre mode de vie que vous pouvez adopter graduellement\u00a0:<\/p>\n<ul>\n<li>Mangez les aliments susmentionn\u00e9s de fa\u00e7on mod\u00e9r\u00e9e.<\/li>\n<li>Remplacez progressivement les aliments susmentionn\u00e9s par des choix plus sains.<\/li>\n<li>Mangez de plus petites portions.<\/li>\n<\/ul>\n<p>Ces petits gestes finiront par s&rsquo;int\u00e9grer \u00e0 votre routine et par rendre votre mode de vie plus sain.<\/p>\n","protected":false},"excerpt":{"rendered":"<p>Bon nombre des aliments d\u00e9crits dans cette section sont d\u00e9j\u00e0 bien connus pour nuire \u00e0 la sant\u00e9 g\u00e9n\u00e9rale. Or, un nombre croissant d&rsquo;\u00e9tudes montrent les effets directs des mauvais choix&#8230;<\/p>\n","protected":false},"author":27,"featured_media":0,"parent":5387,"menu_order":0,"comment_status":"closed","ping_status":"closed","template":"page-sidebar.php","meta":{"_acf_changed":false,"footnotes":""},"categories":[],"tags":[],"class_list":["post-5389","page","type-page","status-publish"],"acf":[],"yoast_head":"<!-- This site is optimized with the Yoast SEO plugin v26.7 - https:\/\/yoast.com\/wordpress\/plugins\/seo\/ -->\n<title>Aliments \u00e0 \u00e9viter - Lymphoma Canada<\/title>\n<meta name=\"robots\" content=\"index, follow, max-snippet:-1, max-image-preview:large, max-video-preview:-1\" \/>\n<link rel=\"canonical\" href=\"https:\/\/www.lymphoma.ca\/fr\/vivre-apres\/mon-corps\/mode-de-vie-sain\/alimentation\/aliments-a-eviter\/\" \/>\n<meta property=\"og:locale\" content=\"fr_FR\" \/>\n<meta property=\"og:type\" content=\"article\" \/>\n<meta property=\"og:title\" content=\"Aliments \u00e0 \u00e9viter - Lymphoma Canada\" \/>\n<meta property=\"og:description\" content=\"Bon nombre des aliments d\u00e9crits dans cette section sont d\u00e9j\u00e0 bien connus pour nuire \u00e0 la sant\u00e9 g\u00e9n\u00e9rale. Or, un nombre croissant d&rsquo;\u00e9tudes montrent les effets directs des mauvais choix...\" \/>\n<meta property=\"og:url\" content=\"https:\/\/www.lymphoma.ca\/fr\/vivre-apres\/mon-corps\/mode-de-vie-sain\/alimentation\/aliments-a-eviter\/\" \/>\n<meta property=\"og:site_name\" content=\"Lymphoma Canada\" \/>\n<meta property=\"article:publisher\" content=\"https:\/\/www.facebook.com\/LymphomaCanada\" \/>\n<meta name=\"twitter:card\" content=\"summary_large_image\" \/>\n<meta name=\"twitter:site\" content=\"@lymphomacanada\" \/>\n<meta name=\"twitter:label1\" content=\"Dur\u00e9e de lecture estim\u00e9e\" \/>\n\t<meta name=\"twitter:data1\" content=\"6 minutes\" \/>\n<script type=\"application\/ld+json\" class=\"yoast-schema-graph\">{\"@context\":\"https:\/\/schema.org\",\"@graph\":[{\"@type\":\"WebPage\",\"@id\":\"https:\/\/www.lymphoma.ca\/fr\/vivre-apres\/mon-corps\/mode-de-vie-sain\/alimentation\/aliments-a-eviter\/\",\"url\":\"https:\/\/www.lymphoma.ca\/fr\/vivre-apres\/mon-corps\/mode-de-vie-sain\/alimentation\/aliments-a-eviter\/\",\"name\":\"Aliments \u00e0 \u00e9viter - Lymphoma Canada\",\"isPartOf\":{\"@id\":\"https:\/\/www.lymphoma.ca\/fr\/#website\"},\"datePublished\":\"2020-02-28T19:44:30+00:00\",\"breadcrumb\":{\"@id\":\"https:\/\/www.lymphoma.ca\/fr\/vivre-apres\/mon-corps\/mode-de-vie-sain\/alimentation\/aliments-a-eviter\/#breadcrumb\"},\"inLanguage\":\"fr-FR\",\"potentialAction\":[{\"@type\":\"ReadAction\",\"target\":[\"https:\/\/www.lymphoma.ca\/fr\/vivre-apres\/mon-corps\/mode-de-vie-sain\/alimentation\/aliments-a-eviter\/\"]}]},{\"@type\":\"BreadcrumbList\",\"@id\":\"https:\/\/www.lymphoma.ca\/fr\/vivre-apres\/mon-corps\/mode-de-vie-sain\/alimentation\/aliments-a-eviter\/#breadcrumb\",\"itemListElement\":[{\"@type\":\"ListItem\",\"position\":1,\"name\":\"Home\",\"item\":\"https:\/\/www.lymphoma.ca\/fr\/\"},{\"@type\":\"ListItem\",\"position\":2,\"name\":\"Vivre apr\u00e8s le Lymphome\",\"item\":\"https:\/\/www.lymphoma.ca\/fr\/vivre-apres\/\"},{\"@type\":\"ListItem\",\"position\":3,\"name\":\"Mon corps &#8211; Introduction\",\"item\":\"https:\/\/www.lymphoma.ca\/fr\/vivre-apres\/mon-corps\/\"},{\"@type\":\"ListItem\",\"position\":4,\"name\":\"Mode de vie sain\",\"item\":\"https:\/\/www.lymphoma.ca\/fr\/vivre-apres\/mon-corps\/mode-de-vie-sain\/\"},{\"@type\":\"ListItem\",\"position\":5,\"name\":\"Alimentation\",\"item\":\"https:\/\/www.lymphoma.ca\/fr\/vivre-apres\/mon-corps\/mode-de-vie-sain\/alimentation\/\"},{\"@type\":\"ListItem\",\"position\":6,\"name\":\"Aliments \u00e0 \u00e9viter\"}]},{\"@type\":\"WebSite\",\"@id\":\"https:\/\/www.lymphoma.ca\/fr\/#website\",\"url\":\"https:\/\/www.lymphoma.ca\/fr\/\",\"name\":\"Lymphoma Canada\",\"description\":\"Information. Help. Hope.\",\"publisher\":{\"@id\":\"https:\/\/www.lymphoma.ca\/fr\/#organization\"},\"potentialAction\":[{\"@type\":\"SearchAction\",\"target\":{\"@type\":\"EntryPoint\",\"urlTemplate\":\"https:\/\/www.lymphoma.ca\/fr\/?s={search_term_string}\"},\"query-input\":{\"@type\":\"PropertyValueSpecification\",\"valueRequired\":true,\"valueName\":\"search_term_string\"}}],\"inLanguage\":\"fr-FR\"},{\"@type\":\"Organization\",\"@id\":\"https:\/\/www.lymphoma.ca\/fr\/#organization\",\"name\":\"Lymphoma Canada\",\"url\":\"https:\/\/www.lymphoma.ca\/fr\/\",\"logo\":{\"@type\":\"ImageObject\",\"inLanguage\":\"fr-FR\",\"@id\":\"https:\/\/www.lymphoma.ca\/fr\/#\/schema\/logo\/image\/\",\"url\":\"https:\/\/www.lymphoma.ca\/wp-content\/uploads\/2023\/05\/logo-lymphoma.jpg\",\"contentUrl\":\"https:\/\/www.lymphoma.ca\/wp-content\/uploads\/2023\/05\/logo-lymphoma.jpg\",\"width\":343,\"height\":343,\"caption\":\"Lymphoma Canada\"},\"image\":{\"@id\":\"https:\/\/www.lymphoma.ca\/fr\/#\/schema\/logo\/image\/\"},\"sameAs\":[\"https:\/\/www.facebook.com\/LymphomaCanada\",\"https:\/\/x.com\/lymphomacanada\",\"https:\/\/www.linkedin.com\/company\/lymphoma-canada\/\",\"http:\/\/instagram.com\/lymphomacanada\",\"http:\/\/www.youtube.com\/user\/LymphomaTV\"]}]}<\/script>\n<!-- \/ Yoast SEO plugin. -->","yoast_head_json":{"title":"Aliments \u00e0 \u00e9viter - Lymphoma Canada","robots":{"index":"index","follow":"follow","max-snippet":"max-snippet:-1","max-image-preview":"max-image-preview:large","max-video-preview":"max-video-preview:-1"},"canonical":"https:\/\/www.lymphoma.ca\/fr\/vivre-apres\/mon-corps\/mode-de-vie-sain\/alimentation\/aliments-a-eviter\/","og_locale":"fr_FR","og_type":"article","og_title":"Aliments \u00e0 \u00e9viter - Lymphoma Canada","og_description":"Bon nombre des aliments d\u00e9crits dans cette section sont d\u00e9j\u00e0 bien connus pour nuire \u00e0 la sant\u00e9 g\u00e9n\u00e9rale. Or, un nombre croissant d&rsquo;\u00e9tudes montrent les effets directs des mauvais choix...","og_url":"https:\/\/www.lymphoma.ca\/fr\/vivre-apres\/mon-corps\/mode-de-vie-sain\/alimentation\/aliments-a-eviter\/","og_site_name":"Lymphoma Canada","article_publisher":"https:\/\/www.facebook.com\/LymphomaCanada","twitter_card":"summary_large_image","twitter_site":"@lymphomacanada","twitter_misc":{"Dur\u00e9e de lecture estim\u00e9e":"6 minutes"},"schema":{"@context":"https:\/\/schema.org","@graph":[{"@type":"WebPage","@id":"https:\/\/www.lymphoma.ca\/fr\/vivre-apres\/mon-corps\/mode-de-vie-sain\/alimentation\/aliments-a-eviter\/","url":"https:\/\/www.lymphoma.ca\/fr\/vivre-apres\/mon-corps\/mode-de-vie-sain\/alimentation\/aliments-a-eviter\/","name":"Aliments \u00e0 \u00e9viter - Lymphoma Canada","isPartOf":{"@id":"https:\/\/www.lymphoma.ca\/fr\/#website"},"datePublished":"2020-02-28T19:44:30+00:00","breadcrumb":{"@id":"https:\/\/www.lymphoma.ca\/fr\/vivre-apres\/mon-corps\/mode-de-vie-sain\/alimentation\/aliments-a-eviter\/#breadcrumb"},"inLanguage":"fr-FR","potentialAction":[{"@type":"ReadAction","target":["https:\/\/www.lymphoma.ca\/fr\/vivre-apres\/mon-corps\/mode-de-vie-sain\/alimentation\/aliments-a-eviter\/"]}]},{"@type":"BreadcrumbList","@id":"https:\/\/www.lymphoma.ca\/fr\/vivre-apres\/mon-corps\/mode-de-vie-sain\/alimentation\/aliments-a-eviter\/#breadcrumb","itemListElement":[{"@type":"ListItem","position":1,"name":"Home","item":"https:\/\/www.lymphoma.ca\/fr\/"},{"@type":"ListItem","position":2,"name":"Vivre apr\u00e8s le Lymphome","item":"https:\/\/www.lymphoma.ca\/fr\/vivre-apres\/"},{"@type":"ListItem","position":3,"name":"Mon corps &#8211; Introduction","item":"https:\/\/www.lymphoma.ca\/fr\/vivre-apres\/mon-corps\/"},{"@type":"ListItem","position":4,"name":"Mode de vie sain","item":"https:\/\/www.lymphoma.ca\/fr\/vivre-apres\/mon-corps\/mode-de-vie-sain\/"},{"@type":"ListItem","position":5,"name":"Alimentation","item":"https:\/\/www.lymphoma.ca\/fr\/vivre-apres\/mon-corps\/mode-de-vie-sain\/alimentation\/"},{"@type":"ListItem","position":6,"name":"Aliments \u00e0 \u00e9viter"}]},{"@type":"WebSite","@id":"https:\/\/www.lymphoma.ca\/fr\/#website","url":"https:\/\/www.lymphoma.ca\/fr\/","name":"Lymphoma Canada","description":"Information. Help. Hope.","publisher":{"@id":"https:\/\/www.lymphoma.ca\/fr\/#organization"},"potentialAction":[{"@type":"SearchAction","target":{"@type":"EntryPoint","urlTemplate":"https:\/\/www.lymphoma.ca\/fr\/?s={search_term_string}"},"query-input":{"@type":"PropertyValueSpecification","valueRequired":true,"valueName":"search_term_string"}}],"inLanguage":"fr-FR"},{"@type":"Organization","@id":"https:\/\/www.lymphoma.ca\/fr\/#organization","name":"Lymphoma Canada","url":"https:\/\/www.lymphoma.ca\/fr\/","logo":{"@type":"ImageObject","inLanguage":"fr-FR","@id":"https:\/\/www.lymphoma.ca\/fr\/#\/schema\/logo\/image\/","url":"https:\/\/www.lymphoma.ca\/wp-content\/uploads\/2023\/05\/logo-lymphoma.jpg","contentUrl":"https:\/\/www.lymphoma.ca\/wp-content\/uploads\/2023\/05\/logo-lymphoma.jpg","width":343,"height":343,"caption":"Lymphoma Canada"},"image":{"@id":"https:\/\/www.lymphoma.ca\/fr\/#\/schema\/logo\/image\/"},"sameAs":["https:\/\/www.facebook.com\/LymphomaCanada","https:\/\/x.com\/lymphomacanada","https:\/\/www.linkedin.com\/company\/lymphoma-canada\/","http:\/\/instagram.com\/lymphomacanada","http:\/\/www.youtube.com\/user\/LymphomaTV"]}]}},"_links":{"self":[{"href":"https:\/\/www.lymphoma.ca\/fr\/wp-json\/wp\/v2\/pages\/5389","targetHints":{"allow":["GET"]}}],"collection":[{"href":"https:\/\/www.lymphoma.ca\/fr\/wp-json\/wp\/v2\/pages"}],"about":[{"href":"https:\/\/www.lymphoma.ca\/fr\/wp-json\/wp\/v2\/types\/page"}],"author":[{"embeddable":true,"href":"https:\/\/www.lymphoma.ca\/fr\/wp-json\/wp\/v2\/users\/27"}],"replies":[{"embeddable":true,"href":"https:\/\/www.lymphoma.ca\/fr\/wp-json\/wp\/v2\/comments?post=5389"}],"version-history":[{"count":1,"href":"https:\/\/www.lymphoma.ca\/fr\/wp-json\/wp\/v2\/pages\/5389\/revisions"}],"predecessor-version":[{"id":5390,"href":"https:\/\/www.lymphoma.ca\/fr\/wp-json\/wp\/v2\/pages\/5389\/revisions\/5390"}],"up":[{"embeddable":true,"href":"https:\/\/www.lymphoma.ca\/fr\/wp-json\/wp\/v2\/pages\/5387"}],"wp:attachment":[{"href":"https:\/\/www.lymphoma.ca\/fr\/wp-json\/wp\/v2\/media?parent=5389"}],"wp:term":[{"taxonomy":"category","embeddable":true,"href":"https:\/\/www.lymphoma.ca\/fr\/wp-json\/wp\/v2\/categories?post=5389"},{"taxonomy":"post_tag","embeddable":true,"href":"https:\/\/www.lymphoma.ca\/fr\/wp-json\/wp\/v2\/tags?post=5389"}],"curies":[{"name":"wp","href":"https:\/\/api.w.org\/{rel}","templated":true}]}}