{"id":5399,"date":"2020-02-28T19:52:34","date_gmt":"2020-02-28T19:52:34","guid":{"rendered":"https:\/\/www.lymphoma.ca\/?page_id=5399"},"modified":"2020-02-28T19:52:34","modified_gmt":"2020-02-28T19:52:34","slug":"facteurs-environnementaux","status":"publish","type":"page","link":"https:\/\/www.lymphoma.ca\/fr\/vivre-apres\/mon-corps\/mode-de-vie-sain\/facteurs-environnementaux\/","title":{"rendered":"Facteurs environnementaux"},"content":{"rendered":"<h3>Tabagisme<\/h3>\n<p>Non seulement le tabagisme est-il reli\u00e9 \u00e0 plus de 85\u00a0% des cas de cancer du poumon au Canada, mais il peut aussi augmenter le risque de cancer du larynx, de la bouche et de la gorge, de la cavit\u00e9 nasale, de l&rsquo;\u0153sophage, de l&rsquo;estomac, du c\u00f4lon et du rectum, du pancr\u00e9as, du foie, de la vessie, et du col de l&rsquo;ut\u00e9rus, en plus de certains types de cancer de l&rsquo;ovaire et de la leuc\u00e9mie aigu\u00eb my\u00e9loblastique. Il est bien connu que le tabagisme cr\u00e9e une forte d\u00e9pendance et qu&rsquo;il est tr\u00e8s difficile d&rsquo;arr\u00eater de fumer. Cependant, dites-vous que, si vous cessez de fumer, non seulement vous m\u00e8nerez une vie plus saine, mais vous aiderez \u00e9galement tout votre entourage qui pourrait souffrir des effets n\u00e9fastes sur la sant\u00e9 de votre fum\u00e9e secondaire. Alors, commencez au plus t\u00f4t le processus d&rsquo;abandon du tabac. Pour vous aider \u00e0 arr\u00eater, visitez le site\u00a0:\u00a0<a href=\"http:\/\/www.smokershelpline.ca\/fr\/home\" target=\"_blank\" rel=\"noopener noreferrer\">http:\/\/www.smokershelpline.ca\/fr\/home<\/a><\/p>\n<h4>Documentation de r\u00e9f\u00e9rence\u00a0:<\/h4>\n<p><a href=\"http:\/\/www.cancer.ca\/fr-ca\/prevention-and-screening\/live-well\/smoking-and-tobacco\/smoking-and-cancer\/?region=qc\" target=\"_blank\" rel=\"noopener noreferrer\">Soci\u00e9t\u00e9 canadienne du cancer. Tabagisme et cancer.<br \/>\n<\/a>Consult\u00e9 le 22\u00a0mai\u00a02014.<\/p>\n<h3>Exposition aux rayons ultraviolets (UV)<\/h3>\n<p>Les sources les plus courantes d&rsquo;exposition aux rayons\u00a0UV sont le soleil (longue exposition lors de loisirs ou du travail en plein air), les salons de bronzage, les machines professionnelles (p.\u00a0ex. pour le soudage et le travail du m\u00e9tal), les traitements de phototh\u00e9rapie (p.\u00a0ex. les traitements combinant UVA et psoral\u00e8ne pour traiter le psoriasis). Il a \u00e9t\u00e9 d\u00e9montr\u00e9 que l&rsquo;exposition aux rayons\u00a0UV est li\u00e9e \u00e0 un risque accru de divers cancers de nature cutan\u00e9e. La meilleure fa\u00e7on de r\u00e9duire votre exposition aux rayons\u00a0UV est d&rsquo;\u00e9viter les appareils de bronzage, les machines professionnelles nocives et la surexposition au soleil durant les moments de la journ\u00e9e o\u00f9 les rayons\u00a0UV sont les plus n\u00e9fastes. Voici quelques strat\u00e9gies pratiques pour votre prot\u00e9ger efficacement du soleil\u00a0:<\/p>\n<ul>\n<li>Consultez la m\u00e9t\u00e9o tous les jours afin de conna\u00eetre l&rsquo;indice\u00a0UV ; s&rsquo;il est sup\u00e9rieur \u00e0 3, \u00e9vitez de faire des activit\u00e9s ext\u00e9rieures durant les heures d&rsquo;intensit\u00e9 maximale des rayons\u00a0UV, soit entre 11\u00a0h et 16\u00a0h.<\/li>\n<li>Prot\u00e9gez-vous en portant des chapeaux \u00e0 larges bords, des lunettes de soleil, des chemises \u00e0 manches longues et des pantalons longs lorsque vous restez \u00e0 l&rsquo;ext\u00e9rieur plus de 15\u00a0minutes durant les heures d&rsquo;intensit\u00e9 maximale des rayons\u00a0UV.<\/li>\n<li>Utilisez un \u00e9cran solaire ayant un facteur de protection solaire (FPS) sup\u00e9rieur \u00e0 15 sur votre peau expos\u00e9e, et un FPS de 30 si vous pr\u00e9voyez \u00eatre \u00e0 l&rsquo;ext\u00e9rieur presque toute la journ\u00e9e (p.\u00a0ex. travail ext\u00e9rieur).<\/li>\n<\/ul>\n<p>Si vous avez la peau claire et avez tendance \u00e0 br\u00fbler facilement, soyez tr\u00e8s vigilant en ce qui a trait \u00e0 la protection de votre peau. Le m\u00eame principe s&rsquo;applique aux nourrissons et jeunes enfants.<\/p>\n<h4>Documentation de r\u00e9f\u00e9rence\u00a0:<\/h4>\n<p><a href=\"http:\/\/www.cancer.ca\/fr-ca\/prevention-and-screening\/live-well\/sun-and-uv\/?region=qc\" target=\"_blank\" rel=\"noopener noreferrer\">Soci\u00e9t\u00e9 canadienne du cancer. Soleil et rayons ultraviolets (UV).<br \/>\n<\/a>Consult\u00e9 le 22\u00a0mai\u00a02014.<\/p>\n<p><a href=\"http:\/\/www.cancer.ca\/~\/media\/cancer.ca\/CW\/cancer%20information\/cancer%20101\/Canadian%20cancer%20statistics\/Canadian-Cancer-Statistics-2014-FR.pdf\" target=\"_blank\" rel=\"noopener noreferrer\">Statistiques canadiennes sur le cancer 2014. Sujet particulier : les cancers de la peau.<br \/>\n<\/a>Consult\u00e9 le 4\u00a0juillet 2014.<\/p>\n<h3>Pesticides<\/h3>\n<p>Les pesticides sont des produits chimiques utilis\u00e9s \u00e0 des fins non esth\u00e9tiques (produits requis pour la sant\u00e9 et la s\u00e9curit\u00e9 publiques) ou esth\u00e9tiques (produits non requis pour la sant\u00e9 et la s\u00e9curit\u00e9 publiques). Les pesticides comprennent les insecticides (contre les insectes), les herbicides (contre les mauvaises herbes), les fongicides (contre les champignons), les rodenticides (contre les rongeurs), les fumig\u00e8nes (gaz ou vapeur utilis\u00e9 contre les insectes) et les agents microbiologiques (utilis\u00e9s pour \u00e9liminer les algues, les limaces et les \u0153ufs d&rsquo;insectes). Nous pouvons \u00eatre expos\u00e9s aux pesticides lorsque nous ing\u00e9rons, inhalons ou absorbons (par notre peau) de l\u2019eau ou des v\u00e9g\u00e9taux contamin\u00e9s. L&rsquo;exposition peut se produire \u00e0 la maison (p.\u00a0ex. pesticides pour les pelouses et insectifuges), dans la localit\u00e9 (p.\u00a0ex. eau ou sol contamin\u00e9 provenant d&rsquo;une ferme voisine ou pesticides utilis\u00e9s dans les parcs), par les aliments (p.\u00a0ex. fruits ou l\u00e9gumes contamin\u00e9s) ou au travail (p.\u00a0ex. pesticides utilis\u00e9s pour l&rsquo;agriculture ou pour l&rsquo;industrie r\u00e9cr\u00e9ative).<\/p>\n<p>Bien qu&rsquo;il existe encore peu de preuves concluantes, les donn\u00e9es sont de plus en plus nombreuses \u00e0 d\u00e9montrer un lien entre l&rsquo;utilisation de pesticides et certains cancers, par exemple divers lymphomes non\u00a0hodgkiniens (en particulier chez les agriculteurs), le my\u00e9lome multiple et les cancers du poumon, du rein et de la prostate. Une relation pourrait \u00e9galement exister entre les pesticides et les cancers infantiles tels la leuc\u00e9mie, les tumeurs c\u00e9r\u00e9brales et les lymphomes non\u00a0hodgkiniens.<\/p>\n<p>Afin de r\u00e9duire l&rsquo;exposition \u00e0 la maison et dans votre localit\u00e9, restez \u00e0 l&rsquo;int\u00e9rieur (pendant au moins 48\u00a0heures), les fen\u00eatres et les portes ferm\u00e9es, lorsqu&rsquo;on \u00e9pand des pesticides dans une ferme et\/ou un terrain de golf voisin. Trouvez d&rsquo;autres moyens d&#8217;embellir votre pelouse, par exemple en arrachant les mauvaises herbes. Pour r\u00e9duire votre exposition aux r\u00e9sidus de pesticides sur les fruits et les l\u00e9gumes, assurez-vous de bien laver tous vos produits agricoles \u00e0 l&rsquo;eau courante ou avec une brosse \u00e0 r\u00e9curer. Vous pouvez \u00e9galement peler les fruits et l\u00e9gumes ou enlever les feuilles ext\u00e9rieures avant de les consommer. Si vous \u00eates expos\u00e9 \u00e0 des pesticides au travail, assurez-vous de bien vous prot\u00e9ger, vous et votre entourage, en appliquant les mesures suivantes\u00a0: respectez les exigences provinciales en mati\u00e8re de sant\u00e9 et de s\u00e9curit\u00e9 au travail (p.\u00a0ex. entreposage et \u00e9limination appropri\u00e9s des pesticides utilis\u00e9s); r\u00e9duisez la quantit\u00e9 de pesticides utilis\u00e9s; portez des v\u00eatements de protection (p.\u00a0ex. gants et masques); enlevez vos v\u00eatements de travail avant de quitter votre travail; lavez-vous bien les mains imm\u00e9diatement apr\u00e8s avoir utilis\u00e9 des pesticides; \u00e9vitez de consommer des aliments ou des boissons \u00e0 des endroits o\u00f9 des pesticides sont utilis\u00e9s; r\u00e9duisez la diss\u00e9mination des pesticides dans l&rsquo;environnement; \u00e9vitez d&rsquo;exposer les enfants et les animaux de compagnie; affichez des panneaux d&rsquo;avertissement dans la localit\u00e9 et les environs.<\/p>\n<h4>Documentation de r\u00e9f\u00e9rence\u00a0:<\/h4>\n<p><a href=\"http:\/\/www.cancer.ca\/fr-ca\/prevention-and-screening\/be-aware\/harmful-substances-and-environmental-risks\/pesticides\/?region=qc\" target=\"_blank\" rel=\"noopener noreferrer\">Soci\u00e9t\u00e9 canadienne du cancer, Pesticides.<br \/>\n<\/a>Consult\u00e9 le 7\u00a0juillet 2014.<\/p>\n<h3>Conservation des aliments et surfaces de cuisson<\/h3>\n<p>Le bisph\u00e9nol\u00a0A est une substance chimique que l&rsquo;on retrouve dans les plastiques polycarbonates (plastiques clairs et rigides portant un code de recyclage\u00a07, habituellement utilis\u00e9s pour fabriquer les bouteilles d&rsquo;eau r\u00e9utilisables et les gobelets pour enfants), les r\u00e9sines de rev\u00eatement pour les bo\u00eetes de conserve alimentaires et certaines mati\u00e8res utilis\u00e9es en dentisterie (p. ex. agents de scellement ou plombages de composite). Certaines inqui\u00e9tudes ont r\u00e9cemment \u00e9merg\u00e9 suivant la publication de rapports \u00e9voquant que le BPA pourrait s&rsquo;\u00e9chapper des contenants en plastique ou des bo\u00eetes de conserve pour se dissoudre dans les aliments et l&rsquo;eau qu&rsquo;ils contiennent. Les seules \u00e9tudes men\u00e9es \u00e0 ce jour ont \u00e9t\u00e9 effectu\u00e9es chez des animaux de laboratoire; leurs r\u00e9sultats indiqueraient que l&rsquo;exposition au BPA \u00e0 un jeune \u00e2ge peut nuire au d\u00e9veloppement hormonal et entra\u00eener des effets sur la production des spermatozo\u00efdes et la fertilit\u00e9, ainsi que des changements au niveau du d\u00e9veloppement du tissu mammaire et de la prostate. \u00c0 l&rsquo;heure actuelle, il n&rsquo;existe pas de preuve sugg\u00e9rant que le BPA augmente le risque de cancer ou d&rsquo;autres troubles de sant\u00e9. N\u00e9anmoins, Sant\u00e9\u00a0Canada se pr\u00e9occupe grandement de l&rsquo;exposition des nourrissons et des enfants. Vous pouvez essayer de r\u00e9duire votre exposition en optant pour des contenants faits d&rsquo;acier inoxydable, de verre ou de plastique polypropyl\u00e8ne (code de recyclage\u00a05) plut\u00f4t que de plastiques polycarbonates (v\u00e9rifiez la mention \u00ab\u00a0sans\u00a0BPA\u00a0\u00bb sur les produits), et en mangeant des aliments frais ou congel\u00e9s plut\u00f4t que des aliments en conserve. Vous pouvez \u00e9galement demander \u00e0 votre dentiste d&rsquo;utiliser d&rsquo;autres mat\u00e9riaux dentaires.<\/p>\n<p>Les ustensiles de cuisson antiadh\u00e9sifs peuvent renfermer du t\u00e9trafluoro\u00e9thyl\u00e8ne (TFE), un mat\u00e9riau utilis\u00e9 pour cr\u00e9er un rev\u00eatement antiadh\u00e9sif, et de l&rsquo;acide perfluoro-octano\u00efque (APFO), un mat\u00e9riau utilis\u00e9 au cours du proc\u00e9d\u00e9 de fabrication. Certaines \u00e9tudes ont d\u00e9montr\u00e9 que r\u00e9chauffer un ustensile antiadh\u00e9sif \u00e0 une temp\u00e9rature de 300\u00a0degr\u00e9s\u00a0Celsius (572\u00a0degr\u00e9s\u00a0Fahrenheit) pourrait cr\u00e9er des \u00e9manations contenant du TFE et ainsi augmenter le risque de cancer. Il semblerait aussi que la fabrication d&rsquo;ustensiles antiadh\u00e9sifs entra\u00eenerait la lib\u00e9ration d&rsquo;APFO dans l&rsquo;environnement. En outre, cette substance pourrait exister en tr\u00e8s petites quantit\u00e9s dans les ustensiles de cuisson. Certaines \u00e9tudes ont permis de d\u00e9montrer qu&rsquo;une exposition prolong\u00e9e \u00e0 l&rsquo;APFO au fil du temps pourrait \u00eatre li\u00e9e au cancer de la prostate chez les humains. \u00c0 l&rsquo;heure actuelle, il n&rsquo;existe pas de preuve que l&rsquo;ingestion du rev\u00eatement antiadh\u00e9sif qui se d\u00e9tache et se m\u00e9lange aux aliments soit n\u00e9faste pour la sant\u00e9. Pour r\u00e9duire votre exposition, n&rsquo;utilisez pas vos ustensiles de cuisson antiadh\u00e9sifs \u00e0 des temp\u00e9ratures sup\u00e9rieures \u00e0 350\u00a0degr\u00e9s\u00a0Celsius (650\u00a0degr\u00e9s\u00a0Fahrenheit) ni lorsque vous cuisez vos aliments au four (\u00e0 haute temp\u00e9rature) ou sur le gril.<\/p>\n<h4>Documentation de r\u00e9f\u00e9rence\u00a0:<\/h4>\n<p><a href=\"http:\/\/www.cancer.ca\/fr-ca\/prevention-and-screening\/be-aware\/harmful-substances-and-environmental-risks\/bpa\/?region=qc\" target=\"_blank\" rel=\"noopener noreferrer\">Soci\u00e9t\u00e9 canadienne du cancer. Bisph\u00e9nol A (BPA).<br \/>\n<\/a>Consult\u00e9 le 7\u00a0juillet 2014.<\/p>\n<p><a href=\"http:\/\/www.cancer.ca\/fr-ca\/prevention-and-screening\/be-aware\/harmful-substances-and-environmental-risks\/non-stick-cookware\/?region=qc\" target=\"_blank\" rel=\"noopener noreferrer\">Soci\u00e9t\u00e9 canadienne du cancer. Ustensiles de cuisson antiadh\u00e9sifs.<br \/>\n<\/a>Consult\u00e9 le 7\u00a0juillet 2014.<\/p>\n<h3>Champs de radiofr\u00e9quences<\/h3>\n<p>Les t\u00e9l\u00e9phones cellulaires, les tours de t\u00e9l\u00e9phonie cellulaire, les stations de radio, les syst\u00e8mes d&rsquo;acc\u00e8s Internet sans fil, les satellites, les dispositifs de radar, ainsi que les fours \u00e0 micro-ondes utilisent tous de l&rsquo;\u00e9nergie pour fonctionner ou transmettre et recevoir de l&rsquo;information. Comme la force \u00e9nerg\u00e9tique des radiofr\u00e9quences est plus \u00e9lev\u00e9e \u00e0 proximit\u00e9 de la source, les t\u00e9l\u00e9phones cellulaires sont les appareils qui entra\u00eenent la plus grande exposition puisqu&rsquo;ils sont souvent tenus contre ou pr\u00e8s du corps. Un nombre limit\u00e9 d&rsquo;\u00e9tudes ont permis de d\u00e9montrer un lien potentiel entre l&rsquo;utilisation des t\u00e9l\u00e9phones cellulaires et le cancer, mais les preuves manquent ou sont peu concluantes. Par mesure de pr\u00e9caution suppl\u00e9mentaire, essayez de limiter l&rsquo;exposition \u00e0 votre t\u00e9l\u00e9phone cellulaire en l&rsquo;\u00e9teignant la nuit, en utilisant un casque d&rsquo;\u00e9coute filaire ou sans fil (pour \u00e9viter de tenir votre t\u00e9l\u00e9phone \u00e0 l\u2019oreille) et en r\u00e9duisant votre temps pass\u00e9 \u00e0 l&rsquo;\u00e9cran.<\/p>\n<h4>Documentation de r\u00e9f\u00e9rence\u00a0:<\/h4>\n<p><a href=\"http:\/\/www.cancer.ca\/fr-ca\/prevention-and-screening\/be-aware\/harmful-substances-and-environmental-risks\/cell-phones\/?region=qc\" target=\"_blank\" rel=\"noopener noreferrer\">Soci\u00e9t\u00e9 canadienne du cancer. T\u00e9l\u00e9phones cellulaires et champs de radiofr\u00e9quences.<br \/>\n<\/a>Consult\u00e9 le 7\u00a0juillet 2014.<\/p>\n<h3>Exposition des poissons aux polluants environnementaux<\/h3>\n<p>Il a \u00e9t\u00e9 d\u00e9montr\u00e9 que de nombreux types de poissons pr\u00e9dateurs, plus \u00e2g\u00e9s, de grande taille et vivant dans les oc\u00e9ans, tels l&rsquo;espadon, le thon et le requin, contiennent des taux \u00e9lev\u00e9s de mercure, de dioxines et d&rsquo;autres polluants environnementaux. Il semble que les poissons d&rsquo;\u00e9levage renfermeraient \u00e9galement des taux similaires de tels polluants. En contrepartie, ces poissons, comme tous les poissons, constituent une excellente source d&rsquo;acides gras om\u00e9ga-3, un nutriment av\u00e9r\u00e9 b\u00e9n\u00e9fique pour la sant\u00e9 g\u00e9n\u00e9rale. Il est recommand\u00e9 de varier les types de poissons que vous mangez afin de r\u00e9duire la quantit\u00e9 d&rsquo;exposition \u00e0 ces polluants.<\/p>\n<h4>Documentation de r\u00e9f\u00e9rence\u00a0:<\/h4>\n<p><strong>Kushi LH, Doyle C, McCullough M, et al. American Cancer Society Guidelines on Nutrition and Physical Activity for Cancer Prevention.<\/strong><br \/>\n<em>Ca Cancer J Clin<\/em>. 2012;62:30\u201367<\/p>\n<h3>Nettoyants domestiques<\/h3>\n<p>Certains produits m\u00e9nagers de nettoyage ont \u00e9t\u00e9 li\u00e9s \u00e0 des probl\u00e8mes de sant\u00e9 tels l&rsquo;insuffisance respiratoire chronique, certaines r\u00e9actions allergiques, les maux de t\u00eate et l&rsquo;asthme. Les compos\u00e9s organiques volatils, l&rsquo;ammoniac et l&rsquo;eau de Javel sont habituellement les coupables. En revanche, tr\u00e8s peu de donn\u00e9es ont montr\u00e9 que ces produits chimiques pouvaient causer le cancer. Par prudence, vous pouvez utiliser d&rsquo;autres options plus s\u00fbres comme du vinaigre et de l&rsquo;eau pour nettoyer les vitres ou du bicarbonate de soude pour r\u00e9curer.<\/p>\n<h4>Documentation de r\u00e9f\u00e9rence\u00a0:<\/h4>\n<p><a href=\"http:\/\/www.lung.org\/healthy-air\/home\/resources\/cleaning-supplies.html\" target=\"_blank\" rel=\"noopener noreferrer\">American Lung Association. Cleaning Supplies and Household Chemicals.<br \/>\n<\/a>Consult\u00e9 le 22\u00a0mai\u00a02014.<\/p>\n","protected":false},"excerpt":{"rendered":"<p>Tabagisme Non seulement le tabagisme est-il reli\u00e9 \u00e0 plus de 85\u00a0% des cas de cancer du poumon au Canada, mais il peut aussi augmenter le risque de cancer du larynx,&#8230;<\/p>\n","protected":false},"author":27,"featured_media":0,"parent":5371,"menu_order":1,"comment_status":"closed","ping_status":"closed","template":"page-sidebar.php","meta":{"_acf_changed":false,"footnotes":""},"categories":[],"tags":[],"class_list":["post-5399","page","type-page","status-publish"],"acf":[],"yoast_head":"<!-- This site is optimized with the Yoast SEO plugin v26.7 - https:\/\/yoast.com\/wordpress\/plugins\/seo\/ -->\n<title>Facteurs environnementaux - Lymphoma Canada<\/title>\n<meta name=\"robots\" content=\"index, follow, max-snippet:-1, max-image-preview:large, max-video-preview:-1\" \/>\n<link rel=\"canonical\" href=\"https:\/\/www.lymphoma.ca\/fr\/vivre-apres\/mon-corps\/mode-de-vie-sain\/facteurs-environnementaux\/\" \/>\n<meta property=\"og:locale\" content=\"fr_FR\" \/>\n<meta property=\"og:type\" content=\"article\" \/>\n<meta property=\"og:title\" content=\"Facteurs environnementaux - Lymphoma Canada\" \/>\n<meta property=\"og:description\" content=\"Tabagisme Non seulement le tabagisme est-il reli\u00e9 \u00e0 plus de 85\u00a0% des cas de cancer du poumon au Canada, mais il peut aussi augmenter le risque de cancer du larynx,...\" \/>\n<meta property=\"og:url\" content=\"https:\/\/www.lymphoma.ca\/fr\/vivre-apres\/mon-corps\/mode-de-vie-sain\/facteurs-environnementaux\/\" \/>\n<meta property=\"og:site_name\" content=\"Lymphoma Canada\" \/>\n<meta property=\"article:publisher\" content=\"https:\/\/www.facebook.com\/LymphomaCanada\" \/>\n<meta name=\"twitter:card\" content=\"summary_large_image\" \/>\n<meta name=\"twitter:site\" content=\"@lymphomacanada\" \/>\n<meta name=\"twitter:label1\" content=\"Dur\u00e9e de lecture estim\u00e9e\" \/>\n\t<meta name=\"twitter:data1\" content=\"10 minutes\" \/>\n<script type=\"application\/ld+json\" class=\"yoast-schema-graph\">{\"@context\":\"https:\/\/schema.org\",\"@graph\":[{\"@type\":\"WebPage\",\"@id\":\"https:\/\/www.lymphoma.ca\/fr\/vivre-apres\/mon-corps\/mode-de-vie-sain\/facteurs-environnementaux\/\",\"url\":\"https:\/\/www.lymphoma.ca\/fr\/vivre-apres\/mon-corps\/mode-de-vie-sain\/facteurs-environnementaux\/\",\"name\":\"Facteurs environnementaux - Lymphoma Canada\",\"isPartOf\":{\"@id\":\"https:\/\/www.lymphoma.ca\/fr\/#website\"},\"datePublished\":\"2020-02-28T19:52:34+00:00\",\"breadcrumb\":{\"@id\":\"https:\/\/www.lymphoma.ca\/fr\/vivre-apres\/mon-corps\/mode-de-vie-sain\/facteurs-environnementaux\/#breadcrumb\"},\"inLanguage\":\"fr-FR\",\"potentialAction\":[{\"@type\":\"ReadAction\",\"target\":[\"https:\/\/www.lymphoma.ca\/fr\/vivre-apres\/mon-corps\/mode-de-vie-sain\/facteurs-environnementaux\/\"]}]},{\"@type\":\"BreadcrumbList\",\"@id\":\"https:\/\/www.lymphoma.ca\/fr\/vivre-apres\/mon-corps\/mode-de-vie-sain\/facteurs-environnementaux\/#breadcrumb\",\"itemListElement\":[{\"@type\":\"ListItem\",\"position\":1,\"name\":\"Home\",\"item\":\"https:\/\/www.lymphoma.ca\/fr\/\"},{\"@type\":\"ListItem\",\"position\":2,\"name\":\"Vivre apr\u00e8s le Lymphome\",\"item\":\"https:\/\/www.lymphoma.ca\/fr\/vivre-apres\/\"},{\"@type\":\"ListItem\",\"position\":3,\"name\":\"Mon corps &#8211; Introduction\",\"item\":\"https:\/\/www.lymphoma.ca\/fr\/vivre-apres\/mon-corps\/\"},{\"@type\":\"ListItem\",\"position\":4,\"name\":\"Mode de vie sain\",\"item\":\"https:\/\/www.lymphoma.ca\/fr\/vivre-apres\/mon-corps\/mode-de-vie-sain\/\"},{\"@type\":\"ListItem\",\"position\":5,\"name\":\"Facteurs environnementaux\"}]},{\"@type\":\"WebSite\",\"@id\":\"https:\/\/www.lymphoma.ca\/fr\/#website\",\"url\":\"https:\/\/www.lymphoma.ca\/fr\/\",\"name\":\"Lymphoma Canada\",\"description\":\"Information. Help. Hope.\",\"publisher\":{\"@id\":\"https:\/\/www.lymphoma.ca\/fr\/#organization\"},\"potentialAction\":[{\"@type\":\"SearchAction\",\"target\":{\"@type\":\"EntryPoint\",\"urlTemplate\":\"https:\/\/www.lymphoma.ca\/fr\/?s={search_term_string}\"},\"query-input\":{\"@type\":\"PropertyValueSpecification\",\"valueRequired\":true,\"valueName\":\"search_term_string\"}}],\"inLanguage\":\"fr-FR\"},{\"@type\":\"Organization\",\"@id\":\"https:\/\/www.lymphoma.ca\/fr\/#organization\",\"name\":\"Lymphoma Canada\",\"url\":\"https:\/\/www.lymphoma.ca\/fr\/\",\"logo\":{\"@type\":\"ImageObject\",\"inLanguage\":\"fr-FR\",\"@id\":\"https:\/\/www.lymphoma.ca\/fr\/#\/schema\/logo\/image\/\",\"url\":\"https:\/\/www.lymphoma.ca\/wp-content\/uploads\/2023\/05\/logo-lymphoma.jpg\",\"contentUrl\":\"https:\/\/www.lymphoma.ca\/wp-content\/uploads\/2023\/05\/logo-lymphoma.jpg\",\"width\":343,\"height\":343,\"caption\":\"Lymphoma Canada\"},\"image\":{\"@id\":\"https:\/\/www.lymphoma.ca\/fr\/#\/schema\/logo\/image\/\"},\"sameAs\":[\"https:\/\/www.facebook.com\/LymphomaCanada\",\"https:\/\/x.com\/lymphomacanada\",\"https:\/\/www.linkedin.com\/company\/lymphoma-canada\/\",\"http:\/\/instagram.com\/lymphomacanada\",\"http:\/\/www.youtube.com\/user\/LymphomaTV\"]}]}<\/script>\n<!-- \/ Yoast SEO plugin. -->","yoast_head_json":{"title":"Facteurs environnementaux - Lymphoma Canada","robots":{"index":"index","follow":"follow","max-snippet":"max-snippet:-1","max-image-preview":"max-image-preview:large","max-video-preview":"max-video-preview:-1"},"canonical":"https:\/\/www.lymphoma.ca\/fr\/vivre-apres\/mon-corps\/mode-de-vie-sain\/facteurs-environnementaux\/","og_locale":"fr_FR","og_type":"article","og_title":"Facteurs environnementaux - Lymphoma Canada","og_description":"Tabagisme Non seulement le tabagisme est-il reli\u00e9 \u00e0 plus de 85\u00a0% des cas de cancer du poumon au Canada, mais il peut aussi augmenter le risque de cancer du larynx,...","og_url":"https:\/\/www.lymphoma.ca\/fr\/vivre-apres\/mon-corps\/mode-de-vie-sain\/facteurs-environnementaux\/","og_site_name":"Lymphoma Canada","article_publisher":"https:\/\/www.facebook.com\/LymphomaCanada","twitter_card":"summary_large_image","twitter_site":"@lymphomacanada","twitter_misc":{"Dur\u00e9e de lecture estim\u00e9e":"10 minutes"},"schema":{"@context":"https:\/\/schema.org","@graph":[{"@type":"WebPage","@id":"https:\/\/www.lymphoma.ca\/fr\/vivre-apres\/mon-corps\/mode-de-vie-sain\/facteurs-environnementaux\/","url":"https:\/\/www.lymphoma.ca\/fr\/vivre-apres\/mon-corps\/mode-de-vie-sain\/facteurs-environnementaux\/","name":"Facteurs environnementaux - Lymphoma Canada","isPartOf":{"@id":"https:\/\/www.lymphoma.ca\/fr\/#website"},"datePublished":"2020-02-28T19:52:34+00:00","breadcrumb":{"@id":"https:\/\/www.lymphoma.ca\/fr\/vivre-apres\/mon-corps\/mode-de-vie-sain\/facteurs-environnementaux\/#breadcrumb"},"inLanguage":"fr-FR","potentialAction":[{"@type":"ReadAction","target":["https:\/\/www.lymphoma.ca\/fr\/vivre-apres\/mon-corps\/mode-de-vie-sain\/facteurs-environnementaux\/"]}]},{"@type":"BreadcrumbList","@id":"https:\/\/www.lymphoma.ca\/fr\/vivre-apres\/mon-corps\/mode-de-vie-sain\/facteurs-environnementaux\/#breadcrumb","itemListElement":[{"@type":"ListItem","position":1,"name":"Home","item":"https:\/\/www.lymphoma.ca\/fr\/"},{"@type":"ListItem","position":2,"name":"Vivre apr\u00e8s le Lymphome","item":"https:\/\/www.lymphoma.ca\/fr\/vivre-apres\/"},{"@type":"ListItem","position":3,"name":"Mon corps &#8211; Introduction","item":"https:\/\/www.lymphoma.ca\/fr\/vivre-apres\/mon-corps\/"},{"@type":"ListItem","position":4,"name":"Mode de vie sain","item":"https:\/\/www.lymphoma.ca\/fr\/vivre-apres\/mon-corps\/mode-de-vie-sain\/"},{"@type":"ListItem","position":5,"name":"Facteurs environnementaux"}]},{"@type":"WebSite","@id":"https:\/\/www.lymphoma.ca\/fr\/#website","url":"https:\/\/www.lymphoma.ca\/fr\/","name":"Lymphoma Canada","description":"Information. Help. Hope.","publisher":{"@id":"https:\/\/www.lymphoma.ca\/fr\/#organization"},"potentialAction":[{"@type":"SearchAction","target":{"@type":"EntryPoint","urlTemplate":"https:\/\/www.lymphoma.ca\/fr\/?s={search_term_string}"},"query-input":{"@type":"PropertyValueSpecification","valueRequired":true,"valueName":"search_term_string"}}],"inLanguage":"fr-FR"},{"@type":"Organization","@id":"https:\/\/www.lymphoma.ca\/fr\/#organization","name":"Lymphoma Canada","url":"https:\/\/www.lymphoma.ca\/fr\/","logo":{"@type":"ImageObject","inLanguage":"fr-FR","@id":"https:\/\/www.lymphoma.ca\/fr\/#\/schema\/logo\/image\/","url":"https:\/\/www.lymphoma.ca\/wp-content\/uploads\/2023\/05\/logo-lymphoma.jpg","contentUrl":"https:\/\/www.lymphoma.ca\/wp-content\/uploads\/2023\/05\/logo-lymphoma.jpg","width":343,"height":343,"caption":"Lymphoma Canada"},"image":{"@id":"https:\/\/www.lymphoma.ca\/fr\/#\/schema\/logo\/image\/"},"sameAs":["https:\/\/www.facebook.com\/LymphomaCanada","https:\/\/x.com\/lymphomacanada","https:\/\/www.linkedin.com\/company\/lymphoma-canada\/","http:\/\/instagram.com\/lymphomacanada","http:\/\/www.youtube.com\/user\/LymphomaTV"]}]}},"_links":{"self":[{"href":"https:\/\/www.lymphoma.ca\/fr\/wp-json\/wp\/v2\/pages\/5399","targetHints":{"allow":["GET"]}}],"collection":[{"href":"https:\/\/www.lymphoma.ca\/fr\/wp-json\/wp\/v2\/pages"}],"about":[{"href":"https:\/\/www.lymphoma.ca\/fr\/wp-json\/wp\/v2\/types\/page"}],"author":[{"embeddable":true,"href":"https:\/\/www.lymphoma.ca\/fr\/wp-json\/wp\/v2\/users\/27"}],"replies":[{"embeddable":true,"href":"https:\/\/www.lymphoma.ca\/fr\/wp-json\/wp\/v2\/comments?post=5399"}],"version-history":[{"count":1,"href":"https:\/\/www.lymphoma.ca\/fr\/wp-json\/wp\/v2\/pages\/5399\/revisions"}],"predecessor-version":[{"id":5400,"href":"https:\/\/www.lymphoma.ca\/fr\/wp-json\/wp\/v2\/pages\/5399\/revisions\/5400"}],"up":[{"embeddable":true,"href":"https:\/\/www.lymphoma.ca\/fr\/wp-json\/wp\/v2\/pages\/5371"}],"wp:attachment":[{"href":"https:\/\/www.lymphoma.ca\/fr\/wp-json\/wp\/v2\/media?parent=5399"}],"wp:term":[{"taxonomy":"category","embeddable":true,"href":"https:\/\/www.lymphoma.ca\/fr\/wp-json\/wp\/v2\/categories?post=5399"},{"taxonomy":"post_tag","embeddable":true,"href":"https:\/\/www.lymphoma.ca\/fr\/wp-json\/wp\/v2\/tags?post=5399"}],"curies":[{"name":"wp","href":"https:\/\/api.w.org\/{rel}","templated":true}]}}