{"id":5403,"date":"2020-03-03T14:56:45","date_gmt":"2020-03-03T14:56:45","guid":{"rendered":"https:\/\/www.lymphoma.ca\/?page_id=5403"},"modified":"2020-03-03T14:56:57","modified_gmt":"2020-03-03T14:56:57","slug":"mon-esprit","status":"publish","type":"page","link":"https:\/\/www.lymphoma.ca\/fr\/vivre-apres\/mon-esprit\/","title":{"rendered":"Mon esprit &#8211; Introduction"},"content":{"rendered":"<p><span lang=\"fr-CA\">Apr\u00e8s la fin du traitement contre un lymphome, il n\u2019est pas rare d&rsquo;\u00e9prouver de la peur et de l&rsquo;anxi\u00e9t\u00e9 ou d&rsquo;autres probl\u00e8mes \u00e9motionnels. Lorsque vous avez re\u00e7u votre diagnostic, ainsi que pendant votre traitement et tout au long de votre exp\u00e9rience, vous avez probablement v\u00e9cu une vaste gamme d&rsquo;\u00e9motions et peut-\u00eatre m\u00eame des probl\u00e8mes psychologiques. Certaines de ces \u00e9motions vous \u00e9taient peut-\u00eatre famili\u00e8res, certaines \u00e9taient peut-\u00eatre nouvelles ou pr\u00e9vues et d&rsquo;autres vous ont peut-\u00eatre pris compl\u00e8tement par surprise. De nouveaux probl\u00e8mes pourraient aussi se manifester.<\/span><\/p>\n<p><span lang=\"fr-CA\">Certaines personnes disent que le traitement leur a donn\u00e9 un second souffle de vie alors que d&rsquo;autres sortent traumatis\u00e9es de leur exp\u00e9rience. D\u2019autres encore connaissent un m\u00e9lange de ces sentiments. De nombreuses personnes sentent le besoin de r\u00e9\u00e9valuer leurs attitudes envers la vie et leurs relations et de se livrer \u00e0 une introspection.<\/span><\/p>\n<p><span lang=\"fr-CA\">Souvenez-vous que chaque personne est unique et que votre situation l&rsquo;est tout autant. Il y a des jours o\u00f9 vous oscillerez entre des sentiments positifs et n\u00e9gatifs, et d&rsquo;autres jours o\u00f9 vous ne saurez pas ce que vous ressentez. Il n\u2019y a aucune fa\u00e7on correcte de se sentir lorsqu&rsquo;on passe \u00e0 travers une telle exp\u00e9rience. Prenez un jour \u00e0 la fois et souvenez-vous que vous n&rsquo;\u00eates pas seul. De nombreuses personnes peuvent vous aider.<\/span><\/p>\n","protected":false},"excerpt":{"rendered":"<p>Apr\u00e8s la fin du traitement contre un lymphome, il n\u2019est pas rare d&rsquo;\u00e9prouver de la peur et de l&rsquo;anxi\u00e9t\u00e9 ou d&rsquo;autres probl\u00e8mes \u00e9motionnels. Lorsque vous avez re\u00e7u votre diagnostic, ainsi&#8230;<\/p>\n","protected":false},"author":27,"featured_media":0,"parent":5303,"menu_order":4,"comment_status":"closed","ping_status":"closed","template":"page-sidebar.php","meta":{"_acf_changed":false,"footnotes":""},"categories":[],"tags":[],"class_list":["post-5403","page","type-page","status-publish"],"acf":[],"yoast_head":"<!-- This site is optimized with the Yoast SEO plugin v26.7 - https:\/\/yoast.com\/wordpress\/plugins\/seo\/ -->\n<title>Mon esprit - Introduction - Lymphoma Canada<\/title>\n<meta name=\"robots\" content=\"index, follow, max-snippet:-1, max-image-preview:large, max-video-preview:-1\" \/>\n<link rel=\"canonical\" href=\"https:\/\/www.lymphoma.ca\/fr\/vivre-apres\/mon-esprit\/\" \/>\n<meta property=\"og:locale\" content=\"fr_FR\" \/>\n<meta property=\"og:type\" content=\"article\" \/>\n<meta property=\"og:title\" content=\"Mon esprit - Introduction - Lymphoma Canada\" \/>\n<meta property=\"og:description\" content=\"Apr\u00e8s la fin du traitement contre un lymphome, il n\u2019est pas rare d&rsquo;\u00e9prouver de la peur et de l&rsquo;anxi\u00e9t\u00e9 ou d&rsquo;autres probl\u00e8mes \u00e9motionnels. Lorsque vous avez re\u00e7u votre diagnostic, ainsi...\" \/>\n<meta property=\"og:url\" content=\"https:\/\/www.lymphoma.ca\/fr\/vivre-apres\/mon-esprit\/\" \/>\n<meta property=\"og:site_name\" content=\"Lymphoma Canada\" \/>\n<meta property=\"article:publisher\" content=\"https:\/\/www.facebook.com\/LymphomaCanada\" \/>\n<meta property=\"article:modified_time\" content=\"2020-03-03T14:56:57+00:00\" \/>\n<meta name=\"twitter:card\" content=\"summary_large_image\" \/>\n<meta name=\"twitter:site\" content=\"@lymphomacanada\" \/>\n<meta name=\"twitter:label1\" content=\"Dur\u00e9e de lecture estim\u00e9e\" \/>\n\t<meta name=\"twitter:data1\" content=\"1 minute\" \/>\n<script type=\"application\/ld+json\" class=\"yoast-schema-graph\">{\"@context\":\"https:\/\/schema.org\",\"@graph\":[{\"@type\":\"WebPage\",\"@id\":\"https:\/\/www.lymphoma.ca\/fr\/vivre-apres\/mon-esprit\/\",\"url\":\"https:\/\/www.lymphoma.ca\/fr\/vivre-apres\/mon-esprit\/\",\"name\":\"Mon esprit - Introduction - Lymphoma Canada\",\"isPartOf\":{\"@id\":\"https:\/\/www.lymphoma.ca\/fr\/#website\"},\"datePublished\":\"2020-03-03T14:56:45+00:00\",\"dateModified\":\"2020-03-03T14:56:57+00:00\",\"breadcrumb\":{\"@id\":\"https:\/\/www.lymphoma.ca\/fr\/vivre-apres\/mon-esprit\/#breadcrumb\"},\"inLanguage\":\"fr-FR\",\"potentialAction\":[{\"@type\":\"ReadAction\",\"target\":[\"https:\/\/www.lymphoma.ca\/fr\/vivre-apres\/mon-esprit\/\"]}]},{\"@type\":\"BreadcrumbList\",\"@id\":\"https:\/\/www.lymphoma.ca\/fr\/vivre-apres\/mon-esprit\/#breadcrumb\",\"itemListElement\":[{\"@type\":\"ListItem\",\"position\":1,\"name\":\"Home\",\"item\":\"https:\/\/www.lymphoma.ca\/fr\/\"},{\"@type\":\"ListItem\",\"position\":2,\"name\":\"Vivre apr\u00e8s le Lymphome\",\"item\":\"https:\/\/www.lymphoma.ca\/fr\/vivre-apres\/\"},{\"@type\":\"ListItem\",\"position\":3,\"name\":\"Mon esprit &#8211; Introduction\"}]},{\"@type\":\"WebSite\",\"@id\":\"https:\/\/www.lymphoma.ca\/fr\/#website\",\"url\":\"https:\/\/www.lymphoma.ca\/fr\/\",\"name\":\"Lymphoma Canada\",\"description\":\"Information. Help. Hope.\",\"publisher\":{\"@id\":\"https:\/\/www.lymphoma.ca\/fr\/#organization\"},\"potentialAction\":[{\"@type\":\"SearchAction\",\"target\":{\"@type\":\"EntryPoint\",\"urlTemplate\":\"https:\/\/www.lymphoma.ca\/fr\/?s={search_term_string}\"},\"query-input\":{\"@type\":\"PropertyValueSpecification\",\"valueRequired\":true,\"valueName\":\"search_term_string\"}}],\"inLanguage\":\"fr-FR\"},{\"@type\":\"Organization\",\"@id\":\"https:\/\/www.lymphoma.ca\/fr\/#organization\",\"name\":\"Lymphoma Canada\",\"url\":\"https:\/\/www.lymphoma.ca\/fr\/\",\"logo\":{\"@type\":\"ImageObject\",\"inLanguage\":\"fr-FR\",\"@id\":\"https:\/\/www.lymphoma.ca\/fr\/#\/schema\/logo\/image\/\",\"url\":\"https:\/\/www.lymphoma.ca\/wp-content\/uploads\/2023\/05\/logo-lymphoma.jpg\",\"contentUrl\":\"https:\/\/www.lymphoma.ca\/wp-content\/uploads\/2023\/05\/logo-lymphoma.jpg\",\"width\":343,\"height\":343,\"caption\":\"Lymphoma Canada\"},\"image\":{\"@id\":\"https:\/\/www.lymphoma.ca\/fr\/#\/schema\/logo\/image\/\"},\"sameAs\":[\"https:\/\/www.facebook.com\/LymphomaCanada\",\"https:\/\/x.com\/lymphomacanada\",\"https:\/\/www.linkedin.com\/company\/lymphoma-canada\/\",\"http:\/\/instagram.com\/lymphomacanada\",\"http:\/\/www.youtube.com\/user\/LymphomaTV\"]}]}<\/script>\n<!-- \/ Yoast SEO plugin. -->","yoast_head_json":{"title":"Mon esprit - Introduction - Lymphoma Canada","robots":{"index":"index","follow":"follow","max-snippet":"max-snippet:-1","max-image-preview":"max-image-preview:large","max-video-preview":"max-video-preview:-1"},"canonical":"https:\/\/www.lymphoma.ca\/fr\/vivre-apres\/mon-esprit\/","og_locale":"fr_FR","og_type":"article","og_title":"Mon esprit - Introduction - Lymphoma Canada","og_description":"Apr\u00e8s la fin du traitement contre un lymphome, il n\u2019est pas rare d&rsquo;\u00e9prouver de la peur et de l&rsquo;anxi\u00e9t\u00e9 ou d&rsquo;autres probl\u00e8mes \u00e9motionnels. Lorsque vous avez re\u00e7u votre diagnostic, ainsi...","og_url":"https:\/\/www.lymphoma.ca\/fr\/vivre-apres\/mon-esprit\/","og_site_name":"Lymphoma Canada","article_publisher":"https:\/\/www.facebook.com\/LymphomaCanada","article_modified_time":"2020-03-03T14:56:57+00:00","twitter_card":"summary_large_image","twitter_site":"@lymphomacanada","twitter_misc":{"Dur\u00e9e de lecture estim\u00e9e":"1 minute"},"schema":{"@context":"https:\/\/schema.org","@graph":[{"@type":"WebPage","@id":"https:\/\/www.lymphoma.ca\/fr\/vivre-apres\/mon-esprit\/","url":"https:\/\/www.lymphoma.ca\/fr\/vivre-apres\/mon-esprit\/","name":"Mon esprit - Introduction - Lymphoma Canada","isPartOf":{"@id":"https:\/\/www.lymphoma.ca\/fr\/#website"},"datePublished":"2020-03-03T14:56:45+00:00","dateModified":"2020-03-03T14:56:57+00:00","breadcrumb":{"@id":"https:\/\/www.lymphoma.ca\/fr\/vivre-apres\/mon-esprit\/#breadcrumb"},"inLanguage":"fr-FR","potentialAction":[{"@type":"ReadAction","target":["https:\/\/www.lymphoma.ca\/fr\/vivre-apres\/mon-esprit\/"]}]},{"@type":"BreadcrumbList","@id":"https:\/\/www.lymphoma.ca\/fr\/vivre-apres\/mon-esprit\/#breadcrumb","itemListElement":[{"@type":"ListItem","position":1,"name":"Home","item":"https:\/\/www.lymphoma.ca\/fr\/"},{"@type":"ListItem","position":2,"name":"Vivre apr\u00e8s le Lymphome","item":"https:\/\/www.lymphoma.ca\/fr\/vivre-apres\/"},{"@type":"ListItem","position":3,"name":"Mon esprit &#8211; Introduction"}]},{"@type":"WebSite","@id":"https:\/\/www.lymphoma.ca\/fr\/#website","url":"https:\/\/www.lymphoma.ca\/fr\/","name":"Lymphoma Canada","description":"Information. Help. Hope.","publisher":{"@id":"https:\/\/www.lymphoma.ca\/fr\/#organization"},"potentialAction":[{"@type":"SearchAction","target":{"@type":"EntryPoint","urlTemplate":"https:\/\/www.lymphoma.ca\/fr\/?s={search_term_string}"},"query-input":{"@type":"PropertyValueSpecification","valueRequired":true,"valueName":"search_term_string"}}],"inLanguage":"fr-FR"},{"@type":"Organization","@id":"https:\/\/www.lymphoma.ca\/fr\/#organization","name":"Lymphoma Canada","url":"https:\/\/www.lymphoma.ca\/fr\/","logo":{"@type":"ImageObject","inLanguage":"fr-FR","@id":"https:\/\/www.lymphoma.ca\/fr\/#\/schema\/logo\/image\/","url":"https:\/\/www.lymphoma.ca\/wp-content\/uploads\/2023\/05\/logo-lymphoma.jpg","contentUrl":"https:\/\/www.lymphoma.ca\/wp-content\/uploads\/2023\/05\/logo-lymphoma.jpg","width":343,"height":343,"caption":"Lymphoma Canada"},"image":{"@id":"https:\/\/www.lymphoma.ca\/fr\/#\/schema\/logo\/image\/"},"sameAs":["https:\/\/www.facebook.com\/LymphomaCanada","https:\/\/x.com\/lymphomacanada","https:\/\/www.linkedin.com\/company\/lymphoma-canada\/","http:\/\/instagram.com\/lymphomacanada","http:\/\/www.youtube.com\/user\/LymphomaTV"]}]}},"_links":{"self":[{"href":"https:\/\/www.lymphoma.ca\/fr\/wp-json\/wp\/v2\/pages\/5403","targetHints":{"allow":["GET"]}}],"collection":[{"href":"https:\/\/www.lymphoma.ca\/fr\/wp-json\/wp\/v2\/pages"}],"about":[{"href":"https:\/\/www.lymphoma.ca\/fr\/wp-json\/wp\/v2\/types\/page"}],"author":[{"embeddable":true,"href":"https:\/\/www.lymphoma.ca\/fr\/wp-json\/wp\/v2\/users\/27"}],"replies":[{"embeddable":true,"href":"https:\/\/www.lymphoma.ca\/fr\/wp-json\/wp\/v2\/comments?post=5403"}],"version-history":[{"count":1,"href":"https:\/\/www.lymphoma.ca\/fr\/wp-json\/wp\/v2\/pages\/5403\/revisions"}],"predecessor-version":[{"id":5404,"href":"https:\/\/www.lymphoma.ca\/fr\/wp-json\/wp\/v2\/pages\/5403\/revisions\/5404"}],"up":[{"embeddable":true,"href":"https:\/\/www.lymphoma.ca\/fr\/wp-json\/wp\/v2\/pages\/5303"}],"wp:attachment":[{"href":"https:\/\/www.lymphoma.ca\/fr\/wp-json\/wp\/v2\/media?parent=5403"}],"wp:term":[{"taxonomy":"category","embeddable":true,"href":"https:\/\/www.lymphoma.ca\/fr\/wp-json\/wp\/v2\/categories?post=5403"},{"taxonomy":"post_tag","embeddable":true,"href":"https:\/\/www.lymphoma.ca\/fr\/wp-json\/wp\/v2\/tags?post=5403"}],"curies":[{"name":"wp","href":"https:\/\/api.w.org\/{rel}","templated":true}]}}