{"id":5405,"date":"2020-03-03T15:00:06","date_gmt":"2020-03-03T15:00:06","guid":{"rendered":"https:\/\/www.lymphoma.ca\/?page_id=5405"},"modified":"2022-01-14T18:51:31","modified_gmt":"2022-01-14T18:51:31","slug":"comprendre-ses-emotions","status":"publish","type":"page","link":"https:\/\/www.lymphoma.ca\/fr\/vivre-apres\/mon-esprit\/comprendre-ses-emotions\/","title":{"rendered":"Comprendre ses \u00e9motions"},"content":{"rendered":"<p>Apr\u00e8s le traitement, vous pourrez ressentir un m\u00e9lange d&rsquo;\u00e9motions, dont de nombreuses sont positives. L&rsquo;avenir peut vous para\u00eetre encourageant. Vous avez peut-\u00eatre d\u00e9couvert de nouvelles forces en vous et resserr\u00e9 les liens avec votre famille et vos amis pendant votre exp\u00e9rience. Il y a souvent un d\u00e9sir de fixer de nouveaux objectifs et de profiter pleinement de la vie, notamment en retrouvant le sentiment de normalit\u00e9 qui existait avant le diagnostic. Sentez-vous heureux et fier de ce que vous avez accompli.<\/p>\n<p>Toutefois, vous pourrez \u00e9prouver certains sentiments d\u00e9sagr\u00e9ables, qui ne sont pas positifs, et vous aurez peut-\u00eatre encore des questions. Il est important de reconna\u00eetre vos sentiments et d&rsquo;en parler. Le lymphome peut vous sembler une exp\u00e9rience tr\u00e8s solitaire, mais vous n&rsquo;avez pas \u00e0 la traverser seul.<\/p>\n<p>Voyez la section sur les \u00e9motions du\u00a0<a title=\"Guide Val\" href=\"https:\/\/www.lymphoma.ca\/wp-content\/uploads\/2020\/02\/Guide-VAL.pdf\">Guide VAL<\/a>\u00a0pour comprendre les sentiments et les \u00e9motions qui vous habitent \u00e0 ce stade de votre parcours.<\/p>\n<p>Vous avez peut-\u00eatre des craintes et des inqui\u00e9tudes concernant les incertitudes de l\u2019avenir. Il est possible que vous ayez de la difficult\u00e9 \u00e0 accomplir vos activit\u00e9s quotidiennes parce que vous pensez aux effets du lymphome sur votre famille, vos amis et votre carri\u00e8re. De plus, il se peut qu&rsquo;un sentiment de col\u00e8re vous habite parce que vous avez \u00e9t\u00e9 atteint d&rsquo;un lymphome. Tous ces sentiments sont normaux.<\/p>\n<h4>Documentation de r\u00e9f\u00e9rence\u00a0:<\/h4>\n<p><a href=\"http:\/\/www.cancer.org\/cancer\/non-hodgkinlymphoma\/overviewguide\/non-hodgkin-lymphoma-overview-after-emotional-health\" target=\"_blank\" rel=\"noopener noreferrer\">American Cancer Society. How about your emotional health after non-Hodgkin lymphoma? Version r\u00e9vis\u00e9e du 18\u00a0avril\u00a02014.<\/a><br \/>\nConsult\u00e9 le 27\u00a0mai\u00a02014.<\/p>\n<p><a href=\"http:\/\/www.livestrong.org\/we-can-help\/finishing-treatment\/emotions-after-cancer-treatment\/\" target=\"_blank\" rel=\"noopener noreferrer\">LIVESTRONG Foundation. Emotions After Cancer Treatment.<\/a><br \/>\nConsult\u00e9 le 27\u00a0mai\u00a02014.<\/p>\n<p><a href=\"https:\/\/www.lymphoma.ca\/fr\/cheminement-du-patient\/apercu-du-soutien\/mecanismes-dadaptation-et-emotions\/\" target=\"_blank\" rel=\"noopener noreferrer\">Lymphome\u00a0Canada. M\u00e9canismes d&rsquo;adaptation et \u00e9motions.<\/a><br \/>\nConsult\u00e9 le 27\u00a0mai\u00a02014.<\/p>\n","protected":false},"excerpt":{"rendered":"<p>Apr\u00e8s le traitement, vous pourrez ressentir un m\u00e9lange d&rsquo;\u00e9motions, dont de nombreuses sont positives. L&rsquo;avenir peut vous para\u00eetre encourageant. Vous avez peut-\u00eatre d\u00e9couvert de nouvelles forces en vous et resserr\u00e9&#8230;<\/p>\n","protected":false},"author":27,"featured_media":0,"parent":5403,"menu_order":2,"comment_status":"closed","ping_status":"closed","template":"page-sidebar.php","meta":{"_acf_changed":false,"footnotes":""},"categories":[],"tags":[],"class_list":["post-5405","page","type-page","status-publish"],"acf":[],"yoast_head":"<!-- This site is optimized with the Yoast SEO plugin v26.7 - https:\/\/yoast.com\/wordpress\/plugins\/seo\/ -->\n<title>Comprendre ses \u00e9motions - Lymphoma Canada<\/title>\n<meta name=\"robots\" content=\"index, follow, max-snippet:-1, max-image-preview:large, max-video-preview:-1\" \/>\n<link rel=\"canonical\" href=\"https:\/\/www.lymphoma.ca\/fr\/vivre-apres\/mon-esprit\/comprendre-ses-emotions\/\" \/>\n<meta property=\"og:locale\" content=\"fr_FR\" \/>\n<meta property=\"og:type\" content=\"article\" \/>\n<meta property=\"og:title\" content=\"Comprendre ses \u00e9motions - Lymphoma Canada\" \/>\n<meta property=\"og:description\" content=\"Apr\u00e8s le traitement, vous pourrez ressentir un m\u00e9lange d&rsquo;\u00e9motions, dont de nombreuses sont positives. L&rsquo;avenir peut vous para\u00eetre encourageant. Vous avez peut-\u00eatre d\u00e9couvert de nouvelles forces en vous et resserr\u00e9...\" \/>\n<meta property=\"og:url\" content=\"https:\/\/www.lymphoma.ca\/fr\/vivre-apres\/mon-esprit\/comprendre-ses-emotions\/\" \/>\n<meta property=\"og:site_name\" content=\"Lymphoma Canada\" \/>\n<meta property=\"article:publisher\" content=\"https:\/\/www.facebook.com\/LymphomaCanada\" \/>\n<meta property=\"article:modified_time\" content=\"2022-01-14T18:51:31+00:00\" \/>\n<meta name=\"twitter:card\" content=\"summary_large_image\" \/>\n<meta name=\"twitter:site\" content=\"@lymphomacanada\" \/>\n<meta name=\"twitter:label1\" content=\"Dur\u00e9e de lecture estim\u00e9e\" \/>\n\t<meta name=\"twitter:data1\" content=\"2 minutes\" \/>\n<script type=\"application\/ld+json\" class=\"yoast-schema-graph\">{\"@context\":\"https:\/\/schema.org\",\"@graph\":[{\"@type\":\"WebPage\",\"@id\":\"https:\/\/www.lymphoma.ca\/fr\/vivre-apres\/mon-esprit\/comprendre-ses-emotions\/\",\"url\":\"https:\/\/www.lymphoma.ca\/fr\/vivre-apres\/mon-esprit\/comprendre-ses-emotions\/\",\"name\":\"Comprendre ses \u00e9motions - Lymphoma Canada\",\"isPartOf\":{\"@id\":\"https:\/\/www.lymphoma.ca\/fr\/#website\"},\"datePublished\":\"2020-03-03T15:00:06+00:00\",\"dateModified\":\"2022-01-14T18:51:31+00:00\",\"breadcrumb\":{\"@id\":\"https:\/\/www.lymphoma.ca\/fr\/vivre-apres\/mon-esprit\/comprendre-ses-emotions\/#breadcrumb\"},\"inLanguage\":\"fr-FR\",\"potentialAction\":[{\"@type\":\"ReadAction\",\"target\":[\"https:\/\/www.lymphoma.ca\/fr\/vivre-apres\/mon-esprit\/comprendre-ses-emotions\/\"]}]},{\"@type\":\"BreadcrumbList\",\"@id\":\"https:\/\/www.lymphoma.ca\/fr\/vivre-apres\/mon-esprit\/comprendre-ses-emotions\/#breadcrumb\",\"itemListElement\":[{\"@type\":\"ListItem\",\"position\":1,\"name\":\"Home\",\"item\":\"https:\/\/www.lymphoma.ca\/fr\/\"},{\"@type\":\"ListItem\",\"position\":2,\"name\":\"Vivre apr\u00e8s le Lymphome\",\"item\":\"https:\/\/www.lymphoma.ca\/fr\/vivre-apres\/\"},{\"@type\":\"ListItem\",\"position\":3,\"name\":\"Mon esprit &#8211; Introduction\",\"item\":\"https:\/\/www.lymphoma.ca\/fr\/vivre-apres\/mon-esprit\/\"},{\"@type\":\"ListItem\",\"position\":4,\"name\":\"Comprendre ses \u00e9motions\"}]},{\"@type\":\"WebSite\",\"@id\":\"https:\/\/www.lymphoma.ca\/fr\/#website\",\"url\":\"https:\/\/www.lymphoma.ca\/fr\/\",\"name\":\"Lymphoma Canada\",\"description\":\"Information. Help. Hope.\",\"publisher\":{\"@id\":\"https:\/\/www.lymphoma.ca\/fr\/#organization\"},\"potentialAction\":[{\"@type\":\"SearchAction\",\"target\":{\"@type\":\"EntryPoint\",\"urlTemplate\":\"https:\/\/www.lymphoma.ca\/fr\/?s={search_term_string}\"},\"query-input\":{\"@type\":\"PropertyValueSpecification\",\"valueRequired\":true,\"valueName\":\"search_term_string\"}}],\"inLanguage\":\"fr-FR\"},{\"@type\":\"Organization\",\"@id\":\"https:\/\/www.lymphoma.ca\/fr\/#organization\",\"name\":\"Lymphoma Canada\",\"url\":\"https:\/\/www.lymphoma.ca\/fr\/\",\"logo\":{\"@type\":\"ImageObject\",\"inLanguage\":\"fr-FR\",\"@id\":\"https:\/\/www.lymphoma.ca\/fr\/#\/schema\/logo\/image\/\",\"url\":\"https:\/\/www.lymphoma.ca\/wp-content\/uploads\/2023\/05\/logo-lymphoma.jpg\",\"contentUrl\":\"https:\/\/www.lymphoma.ca\/wp-content\/uploads\/2023\/05\/logo-lymphoma.jpg\",\"width\":343,\"height\":343,\"caption\":\"Lymphoma Canada\"},\"image\":{\"@id\":\"https:\/\/www.lymphoma.ca\/fr\/#\/schema\/logo\/image\/\"},\"sameAs\":[\"https:\/\/www.facebook.com\/LymphomaCanada\",\"https:\/\/x.com\/lymphomacanada\",\"https:\/\/www.linkedin.com\/company\/lymphoma-canada\/\",\"http:\/\/instagram.com\/lymphomacanada\",\"http:\/\/www.youtube.com\/user\/LymphomaTV\"]}]}<\/script>\n<!-- \/ Yoast SEO plugin. -->","yoast_head_json":{"title":"Comprendre ses \u00e9motions - Lymphoma Canada","robots":{"index":"index","follow":"follow","max-snippet":"max-snippet:-1","max-image-preview":"max-image-preview:large","max-video-preview":"max-video-preview:-1"},"canonical":"https:\/\/www.lymphoma.ca\/fr\/vivre-apres\/mon-esprit\/comprendre-ses-emotions\/","og_locale":"fr_FR","og_type":"article","og_title":"Comprendre ses \u00e9motions - Lymphoma Canada","og_description":"Apr\u00e8s le traitement, vous pourrez ressentir un m\u00e9lange d&rsquo;\u00e9motions, dont de nombreuses sont positives. L&rsquo;avenir peut vous para\u00eetre encourageant. Vous avez peut-\u00eatre d\u00e9couvert de nouvelles forces en vous et resserr\u00e9...","og_url":"https:\/\/www.lymphoma.ca\/fr\/vivre-apres\/mon-esprit\/comprendre-ses-emotions\/","og_site_name":"Lymphoma Canada","article_publisher":"https:\/\/www.facebook.com\/LymphomaCanada","article_modified_time":"2022-01-14T18:51:31+00:00","twitter_card":"summary_large_image","twitter_site":"@lymphomacanada","twitter_misc":{"Dur\u00e9e de lecture estim\u00e9e":"2 minutes"},"schema":{"@context":"https:\/\/schema.org","@graph":[{"@type":"WebPage","@id":"https:\/\/www.lymphoma.ca\/fr\/vivre-apres\/mon-esprit\/comprendre-ses-emotions\/","url":"https:\/\/www.lymphoma.ca\/fr\/vivre-apres\/mon-esprit\/comprendre-ses-emotions\/","name":"Comprendre ses \u00e9motions - Lymphoma Canada","isPartOf":{"@id":"https:\/\/www.lymphoma.ca\/fr\/#website"},"datePublished":"2020-03-03T15:00:06+00:00","dateModified":"2022-01-14T18:51:31+00:00","breadcrumb":{"@id":"https:\/\/www.lymphoma.ca\/fr\/vivre-apres\/mon-esprit\/comprendre-ses-emotions\/#breadcrumb"},"inLanguage":"fr-FR","potentialAction":[{"@type":"ReadAction","target":["https:\/\/www.lymphoma.ca\/fr\/vivre-apres\/mon-esprit\/comprendre-ses-emotions\/"]}]},{"@type":"BreadcrumbList","@id":"https:\/\/www.lymphoma.ca\/fr\/vivre-apres\/mon-esprit\/comprendre-ses-emotions\/#breadcrumb","itemListElement":[{"@type":"ListItem","position":1,"name":"Home","item":"https:\/\/www.lymphoma.ca\/fr\/"},{"@type":"ListItem","position":2,"name":"Vivre apr\u00e8s le Lymphome","item":"https:\/\/www.lymphoma.ca\/fr\/vivre-apres\/"},{"@type":"ListItem","position":3,"name":"Mon esprit &#8211; Introduction","item":"https:\/\/www.lymphoma.ca\/fr\/vivre-apres\/mon-esprit\/"},{"@type":"ListItem","position":4,"name":"Comprendre ses \u00e9motions"}]},{"@type":"WebSite","@id":"https:\/\/www.lymphoma.ca\/fr\/#website","url":"https:\/\/www.lymphoma.ca\/fr\/","name":"Lymphoma Canada","description":"Information. Help. Hope.","publisher":{"@id":"https:\/\/www.lymphoma.ca\/fr\/#organization"},"potentialAction":[{"@type":"SearchAction","target":{"@type":"EntryPoint","urlTemplate":"https:\/\/www.lymphoma.ca\/fr\/?s={search_term_string}"},"query-input":{"@type":"PropertyValueSpecification","valueRequired":true,"valueName":"search_term_string"}}],"inLanguage":"fr-FR"},{"@type":"Organization","@id":"https:\/\/www.lymphoma.ca\/fr\/#organization","name":"Lymphoma Canada","url":"https:\/\/www.lymphoma.ca\/fr\/","logo":{"@type":"ImageObject","inLanguage":"fr-FR","@id":"https:\/\/www.lymphoma.ca\/fr\/#\/schema\/logo\/image\/","url":"https:\/\/www.lymphoma.ca\/wp-content\/uploads\/2023\/05\/logo-lymphoma.jpg","contentUrl":"https:\/\/www.lymphoma.ca\/wp-content\/uploads\/2023\/05\/logo-lymphoma.jpg","width":343,"height":343,"caption":"Lymphoma Canada"},"image":{"@id":"https:\/\/www.lymphoma.ca\/fr\/#\/schema\/logo\/image\/"},"sameAs":["https:\/\/www.facebook.com\/LymphomaCanada","https:\/\/x.com\/lymphomacanada","https:\/\/www.linkedin.com\/company\/lymphoma-canada\/","http:\/\/instagram.com\/lymphomacanada","http:\/\/www.youtube.com\/user\/LymphomaTV"]}]}},"_links":{"self":[{"href":"https:\/\/www.lymphoma.ca\/fr\/wp-json\/wp\/v2\/pages\/5405","targetHints":{"allow":["GET"]}}],"collection":[{"href":"https:\/\/www.lymphoma.ca\/fr\/wp-json\/wp\/v2\/pages"}],"about":[{"href":"https:\/\/www.lymphoma.ca\/fr\/wp-json\/wp\/v2\/types\/page"}],"author":[{"embeddable":true,"href":"https:\/\/www.lymphoma.ca\/fr\/wp-json\/wp\/v2\/users\/27"}],"replies":[{"embeddable":true,"href":"https:\/\/www.lymphoma.ca\/fr\/wp-json\/wp\/v2\/comments?post=5405"}],"version-history":[{"count":3,"href":"https:\/\/www.lymphoma.ca\/fr\/wp-json\/wp\/v2\/pages\/5405\/revisions"}],"predecessor-version":[{"id":11294,"href":"https:\/\/www.lymphoma.ca\/fr\/wp-json\/wp\/v2\/pages\/5405\/revisions\/11294"}],"up":[{"embeddable":true,"href":"https:\/\/www.lymphoma.ca\/fr\/wp-json\/wp\/v2\/pages\/5403"}],"wp:attachment":[{"href":"https:\/\/www.lymphoma.ca\/fr\/wp-json\/wp\/v2\/media?parent=5405"}],"wp:term":[{"taxonomy":"category","embeddable":true,"href":"https:\/\/www.lymphoma.ca\/fr\/wp-json\/wp\/v2\/categories?post=5405"},{"taxonomy":"post_tag","embeddable":true,"href":"https:\/\/www.lymphoma.ca\/fr\/wp-json\/wp\/v2\/tags?post=5405"}],"curies":[{"name":"wp","href":"https:\/\/api.w.org\/{rel}","templated":true}]}}