{"id":5409,"date":"2020-03-03T15:05:46","date_gmt":"2020-03-03T15:05:46","guid":{"rendered":"https:\/\/www.lymphoma.ca\/?page_id=5409"},"modified":"2022-01-14T18:51:31","modified_gmt":"2022-01-14T18:51:31","slug":"inquietudes-et-craintes","status":"publish","type":"page","link":"https:\/\/www.lymphoma.ca\/fr\/vivre-apres\/mon-esprit\/comprendre-ses-emotions\/inquietudes-et-craintes\/","title":{"rendered":"Inqui\u00e9tudes et craintes"},"content":{"rendered":"<p>Se sentir inquiet ou craintif devant l&rsquo;inconnu est une exp\u00e9rience v\u00e9cue par tous. Si vous avez trouv\u00e9 que la phase de traitement de votre exp\u00e9rience avec le lymphome \u00e9tait une grande inconnue, sachez que la p\u00e9riode suivant le traitement pourrait aussi comporter des incertitudes. Il est normal de s&rsquo;inqui\u00e9ter \u00e0 l&rsquo;id\u00e9e que votre lymphome puisse r\u00e9appara\u00eetre. Malheureusement, ces pr\u00e9occupations et ces craintes sont \u00e0 m\u00eame de se r\u00e9percuter sur votre sommeil et vos habitudes alimentaires. En outre, elles pourraient diminuer votre capacit\u00e9 \u00e0 vous concentrer, entra\u00eener un retrait temporaire de vos activit\u00e9s sociales, perturber vos routines habituelles et augmenter votre irritabilit\u00e9 ou votre impatience.<\/p>\n<p>Une crainte sp\u00e9cifique et courante est la peur des r\u00e9cidives.<\/p>\n<p>Les sympt\u00f4mes associ\u00e9s aux inqui\u00e9tudes et \u00e0 la peur sont g\u00e9n\u00e9ralement li\u00e9s \u00e0 des enjeux sp\u00e9cifiques, augmentant et diminuant selon leur survenue. Ils sont habituellement de courte dur\u00e9e et ils n&rsquo;entravent pas votre capacit\u00e9 \u00e0 regarder vers l&rsquo;avant ni votre capacit\u00e9 \u00e0 prendre les d\u00e9cisions n\u00e9cessaires. Tr\u00e8s souvent, certains \u00e9v\u00e9nements sp\u00e9cifiques d\u00e9clencheront ces \u00e9motions, notamment les dates d&rsquo;anniversaire, les visites de suivi et l&rsquo;apparition de sympt\u00f4mes semblables \u00e0 ceux ayant men\u00e9 \u00e0 votre diagnostic initial.<\/p>\n<p>Certaines personnes pensent qu&rsquo;une fois leur traitement termin\u00e9, elles devraient s&rsquo;efforcer de tourner compl\u00e8tement la page. En r\u00e9alit\u00e9, le traitement est une phase de votre exp\u00e9rience, et non la fin de celle-ci. Vous avez travers\u00e9 bien des moments difficiles, et la p\u00e9riode suivant le traitement est souvent la premi\u00e8re fois que vous \u00eates en mesure d&rsquo;int\u00e9grer toutes ces \u00e9preuves. Parfois, les patients s&rsquo;activent tellement \u00e0 trouver le courage et la r\u00e9silience pour passer \u00e0 travers leur phase de traitement qu&rsquo;ils ne se penchent sur leurs peurs et leurs angoisses qu&rsquo;une fois le traitement termin\u00e9. Il est important de savoir que cette r\u00e9action n&rsquo;est pas rare et que votre exp\u00e9rience avec la maladie n&rsquo;est pas termin\u00e9e bien que le traitement le soit. Il est \u00e9galement normal de vouloir oublier son exp\u00e9rience r\u00e9cente avec le traitement. Chez certaines personnes, cela peut \u00eatre un m\u00e9canisme d&rsquo;adaptation durant la p\u00e9riode initiale suivant le traitement. Si vous vous sentez ainsi, il est important de vous rappeler qu&rsquo;il est tout \u00e0 fait acceptable de vous accorder du temps afin de vous distancer de ce que vous avez v\u00e9cu, pour autant que vous n&rsquo;\u00e9vitiez pas de faire face \u00e0 vos \u00e9motions.<\/p>\n<p>Vos amis et votre famille pourraient se sentir exclus si vous d\u00e9cidez de ne pas les inclure; laissez-les vous aider de m\u00eame que toute autre personne susceptible d&rsquo;am\u00e9liorer votre situation. Le fait de parler \u00e0 votre professionnel de la sant\u00e9, \u00e0 quelqu&rsquo;un en qui vous avez confiance ou aux autres patients de votre groupe de soutien (en ligne ou en personne) vous aide \u00e0 \u00e9valuer dans quelle mesure vous vous adaptez. Beaucoup de gens recommandent d&rsquo;avoir au moins une personne \u00e0 qui vous pouvez vous confier et qui vous r\u00e9pondra de fa\u00e7on franche.<\/p>\n<p>Lorsque vous \u00e9prouvez de l&rsquo;inqui\u00e9tude et de la peur, le fait de vous assurer d&rsquo;obtenir des informations pr\u00e9cises, de prendre connaissance de ressources utiles et de savoir o\u00f9 obtenir du soutien peut vous aider \u00e0 g\u00e9rer vos pr\u00e9occupations et \u00e0 progresser malgr\u00e9 tout.<\/p>\n<p>Quoi que vous d\u00e9cidiez, assurez-vous d&rsquo;aller chercher l&rsquo;aide dont vous avez besoin.<\/p>\n<h4>Documentation de r\u00e9f\u00e9rence\u00a0:<\/h4>\n<p><a href=\"https:\/\/www.lymphoma.ca\/fr\/cheminement-du-patient\/apercu-du-soutien\/mecanismes-dadaptation-et-emotions\/\" target=\"_blank\" rel=\"noopener noreferrer\">Lymphome\u00a0Canada. M\u00e9canismes d&rsquo;adaptation et \u00e9motions<\/a><a href=\"https:\/\/www.lymphoma.ca\/fr\/cheminement-du-patient\/apercu-du-soutien\/mecanismes-dadaptation-et-emotions\/\" target=\"_blank\" rel=\"noopener noreferrer\">.<br \/>\n<\/a>Consult\u00e9 le 27\u00a0mai 2014.<\/p>\n<p><a href=\"http:\/\/www.cancer.gov\/cancertopics\/coping\/life-after-treatment\/page6\" target=\"_blank\" rel=\"noopener noreferrer\">National Cancer Institute. Facing Forward: Life After Cancer Treatment. Your Feelings.<br \/>\n<\/a>Consult\u00e9 le 27\u00a0mai 2014.<\/p>\n","protected":false},"excerpt":{"rendered":"<p>Se sentir inquiet ou craintif devant l&rsquo;inconnu est une exp\u00e9rience v\u00e9cue par tous. Si vous avez trouv\u00e9 que la phase de traitement de votre exp\u00e9rience avec le lymphome \u00e9tait une&#8230;<\/p>\n","protected":false},"author":27,"featured_media":0,"parent":5405,"menu_order":0,"comment_status":"closed","ping_status":"closed","template":"page-sidebar.php","meta":{"_acf_changed":false,"footnotes":""},"categories":[],"tags":[],"class_list":["post-5409","page","type-page","status-publish"],"acf":[],"yoast_head":"<!-- This site is optimized with the Yoast SEO plugin v26.7 - https:\/\/yoast.com\/wordpress\/plugins\/seo\/ -->\n<title>Inqui\u00e9tudes et craintes - Lymphoma Canada<\/title>\n<meta name=\"robots\" content=\"index, follow, max-snippet:-1, max-image-preview:large, max-video-preview:-1\" \/>\n<link rel=\"canonical\" href=\"https:\/\/www.lymphoma.ca\/fr\/vivre-apres\/mon-esprit\/comprendre-ses-emotions\/inquietudes-et-craintes\/\" \/>\n<meta property=\"og:locale\" content=\"fr_FR\" \/>\n<meta property=\"og:type\" content=\"article\" \/>\n<meta property=\"og:title\" content=\"Inqui\u00e9tudes et craintes - Lymphoma Canada\" \/>\n<meta property=\"og:description\" content=\"Se sentir inquiet ou craintif devant l&rsquo;inconnu est une exp\u00e9rience v\u00e9cue par tous. Si vous avez trouv\u00e9 que la phase de traitement de votre exp\u00e9rience avec le lymphome \u00e9tait une...\" \/>\n<meta property=\"og:url\" content=\"https:\/\/www.lymphoma.ca\/fr\/vivre-apres\/mon-esprit\/comprendre-ses-emotions\/inquietudes-et-craintes\/\" \/>\n<meta property=\"og:site_name\" content=\"Lymphoma Canada\" \/>\n<meta property=\"article:publisher\" content=\"https:\/\/www.facebook.com\/LymphomaCanada\" \/>\n<meta property=\"article:modified_time\" content=\"2022-01-14T18:51:31+00:00\" \/>\n<meta name=\"twitter:card\" content=\"summary_large_image\" \/>\n<meta name=\"twitter:site\" content=\"@lymphomacanada\" \/>\n<meta name=\"twitter:label1\" content=\"Dur\u00e9e de lecture estim\u00e9e\" \/>\n\t<meta name=\"twitter:data1\" content=\"3 minutes\" \/>\n<script type=\"application\/ld+json\" class=\"yoast-schema-graph\">{\"@context\":\"https:\/\/schema.org\",\"@graph\":[{\"@type\":\"WebPage\",\"@id\":\"https:\/\/www.lymphoma.ca\/fr\/vivre-apres\/mon-esprit\/comprendre-ses-emotions\/inquietudes-et-craintes\/\",\"url\":\"https:\/\/www.lymphoma.ca\/fr\/vivre-apres\/mon-esprit\/comprendre-ses-emotions\/inquietudes-et-craintes\/\",\"name\":\"Inqui\u00e9tudes et craintes - Lymphoma Canada\",\"isPartOf\":{\"@id\":\"https:\/\/www.lymphoma.ca\/fr\/#website\"},\"datePublished\":\"2020-03-03T15:05:46+00:00\",\"dateModified\":\"2022-01-14T18:51:31+00:00\",\"breadcrumb\":{\"@id\":\"https:\/\/www.lymphoma.ca\/fr\/vivre-apres\/mon-esprit\/comprendre-ses-emotions\/inquietudes-et-craintes\/#breadcrumb\"},\"inLanguage\":\"fr-FR\",\"potentialAction\":[{\"@type\":\"ReadAction\",\"target\":[\"https:\/\/www.lymphoma.ca\/fr\/vivre-apres\/mon-esprit\/comprendre-ses-emotions\/inquietudes-et-craintes\/\"]}]},{\"@type\":\"BreadcrumbList\",\"@id\":\"https:\/\/www.lymphoma.ca\/fr\/vivre-apres\/mon-esprit\/comprendre-ses-emotions\/inquietudes-et-craintes\/#breadcrumb\",\"itemListElement\":[{\"@type\":\"ListItem\",\"position\":1,\"name\":\"Home\",\"item\":\"https:\/\/www.lymphoma.ca\/fr\/\"},{\"@type\":\"ListItem\",\"position\":2,\"name\":\"Vivre apr\u00e8s le Lymphome\",\"item\":\"https:\/\/www.lymphoma.ca\/fr\/vivre-apres\/\"},{\"@type\":\"ListItem\",\"position\":3,\"name\":\"Mon esprit &#8211; Introduction\",\"item\":\"https:\/\/www.lymphoma.ca\/fr\/vivre-apres\/mon-esprit\/\"},{\"@type\":\"ListItem\",\"position\":4,\"name\":\"Comprendre ses \u00e9motions\",\"item\":\"https:\/\/www.lymphoma.ca\/fr\/vivre-apres\/mon-esprit\/comprendre-ses-emotions\/\"},{\"@type\":\"ListItem\",\"position\":5,\"name\":\"Inqui\u00e9tudes et craintes\"}]},{\"@type\":\"WebSite\",\"@id\":\"https:\/\/www.lymphoma.ca\/fr\/#website\",\"url\":\"https:\/\/www.lymphoma.ca\/fr\/\",\"name\":\"Lymphoma Canada\",\"description\":\"Information. Help. Hope.\",\"publisher\":{\"@id\":\"https:\/\/www.lymphoma.ca\/fr\/#organization\"},\"potentialAction\":[{\"@type\":\"SearchAction\",\"target\":{\"@type\":\"EntryPoint\",\"urlTemplate\":\"https:\/\/www.lymphoma.ca\/fr\/?s={search_term_string}\"},\"query-input\":{\"@type\":\"PropertyValueSpecification\",\"valueRequired\":true,\"valueName\":\"search_term_string\"}}],\"inLanguage\":\"fr-FR\"},{\"@type\":\"Organization\",\"@id\":\"https:\/\/www.lymphoma.ca\/fr\/#organization\",\"name\":\"Lymphoma Canada\",\"url\":\"https:\/\/www.lymphoma.ca\/fr\/\",\"logo\":{\"@type\":\"ImageObject\",\"inLanguage\":\"fr-FR\",\"@id\":\"https:\/\/www.lymphoma.ca\/fr\/#\/schema\/logo\/image\/\",\"url\":\"https:\/\/www.lymphoma.ca\/wp-content\/uploads\/2023\/05\/logo-lymphoma.jpg\",\"contentUrl\":\"https:\/\/www.lymphoma.ca\/wp-content\/uploads\/2023\/05\/logo-lymphoma.jpg\",\"width\":343,\"height\":343,\"caption\":\"Lymphoma Canada\"},\"image\":{\"@id\":\"https:\/\/www.lymphoma.ca\/fr\/#\/schema\/logo\/image\/\"},\"sameAs\":[\"https:\/\/www.facebook.com\/LymphomaCanada\",\"https:\/\/x.com\/lymphomacanada\",\"https:\/\/www.linkedin.com\/company\/lymphoma-canada\/\",\"http:\/\/instagram.com\/lymphomacanada\",\"http:\/\/www.youtube.com\/user\/LymphomaTV\"]}]}<\/script>\n<!-- \/ Yoast SEO plugin. -->","yoast_head_json":{"title":"Inqui\u00e9tudes et craintes - Lymphoma Canada","robots":{"index":"index","follow":"follow","max-snippet":"max-snippet:-1","max-image-preview":"max-image-preview:large","max-video-preview":"max-video-preview:-1"},"canonical":"https:\/\/www.lymphoma.ca\/fr\/vivre-apres\/mon-esprit\/comprendre-ses-emotions\/inquietudes-et-craintes\/","og_locale":"fr_FR","og_type":"article","og_title":"Inqui\u00e9tudes et craintes - Lymphoma Canada","og_description":"Se sentir inquiet ou craintif devant l&rsquo;inconnu est une exp\u00e9rience v\u00e9cue par tous. Si vous avez trouv\u00e9 que la phase de traitement de votre exp\u00e9rience avec le lymphome \u00e9tait une...","og_url":"https:\/\/www.lymphoma.ca\/fr\/vivre-apres\/mon-esprit\/comprendre-ses-emotions\/inquietudes-et-craintes\/","og_site_name":"Lymphoma Canada","article_publisher":"https:\/\/www.facebook.com\/LymphomaCanada","article_modified_time":"2022-01-14T18:51:31+00:00","twitter_card":"summary_large_image","twitter_site":"@lymphomacanada","twitter_misc":{"Dur\u00e9e de lecture estim\u00e9e":"3 minutes"},"schema":{"@context":"https:\/\/schema.org","@graph":[{"@type":"WebPage","@id":"https:\/\/www.lymphoma.ca\/fr\/vivre-apres\/mon-esprit\/comprendre-ses-emotions\/inquietudes-et-craintes\/","url":"https:\/\/www.lymphoma.ca\/fr\/vivre-apres\/mon-esprit\/comprendre-ses-emotions\/inquietudes-et-craintes\/","name":"Inqui\u00e9tudes et craintes - Lymphoma Canada","isPartOf":{"@id":"https:\/\/www.lymphoma.ca\/fr\/#website"},"datePublished":"2020-03-03T15:05:46+00:00","dateModified":"2022-01-14T18:51:31+00:00","breadcrumb":{"@id":"https:\/\/www.lymphoma.ca\/fr\/vivre-apres\/mon-esprit\/comprendre-ses-emotions\/inquietudes-et-craintes\/#breadcrumb"},"inLanguage":"fr-FR","potentialAction":[{"@type":"ReadAction","target":["https:\/\/www.lymphoma.ca\/fr\/vivre-apres\/mon-esprit\/comprendre-ses-emotions\/inquietudes-et-craintes\/"]}]},{"@type":"BreadcrumbList","@id":"https:\/\/www.lymphoma.ca\/fr\/vivre-apres\/mon-esprit\/comprendre-ses-emotions\/inquietudes-et-craintes\/#breadcrumb","itemListElement":[{"@type":"ListItem","position":1,"name":"Home","item":"https:\/\/www.lymphoma.ca\/fr\/"},{"@type":"ListItem","position":2,"name":"Vivre apr\u00e8s le Lymphome","item":"https:\/\/www.lymphoma.ca\/fr\/vivre-apres\/"},{"@type":"ListItem","position":3,"name":"Mon esprit &#8211; Introduction","item":"https:\/\/www.lymphoma.ca\/fr\/vivre-apres\/mon-esprit\/"},{"@type":"ListItem","position":4,"name":"Comprendre ses \u00e9motions","item":"https:\/\/www.lymphoma.ca\/fr\/vivre-apres\/mon-esprit\/comprendre-ses-emotions\/"},{"@type":"ListItem","position":5,"name":"Inqui\u00e9tudes et craintes"}]},{"@type":"WebSite","@id":"https:\/\/www.lymphoma.ca\/fr\/#website","url":"https:\/\/www.lymphoma.ca\/fr\/","name":"Lymphoma Canada","description":"Information. Help. Hope.","publisher":{"@id":"https:\/\/www.lymphoma.ca\/fr\/#organization"},"potentialAction":[{"@type":"SearchAction","target":{"@type":"EntryPoint","urlTemplate":"https:\/\/www.lymphoma.ca\/fr\/?s={search_term_string}"},"query-input":{"@type":"PropertyValueSpecification","valueRequired":true,"valueName":"search_term_string"}}],"inLanguage":"fr-FR"},{"@type":"Organization","@id":"https:\/\/www.lymphoma.ca\/fr\/#organization","name":"Lymphoma Canada","url":"https:\/\/www.lymphoma.ca\/fr\/","logo":{"@type":"ImageObject","inLanguage":"fr-FR","@id":"https:\/\/www.lymphoma.ca\/fr\/#\/schema\/logo\/image\/","url":"https:\/\/www.lymphoma.ca\/wp-content\/uploads\/2023\/05\/logo-lymphoma.jpg","contentUrl":"https:\/\/www.lymphoma.ca\/wp-content\/uploads\/2023\/05\/logo-lymphoma.jpg","width":343,"height":343,"caption":"Lymphoma Canada"},"image":{"@id":"https:\/\/www.lymphoma.ca\/fr\/#\/schema\/logo\/image\/"},"sameAs":["https:\/\/www.facebook.com\/LymphomaCanada","https:\/\/x.com\/lymphomacanada","https:\/\/www.linkedin.com\/company\/lymphoma-canada\/","http:\/\/instagram.com\/lymphomacanada","http:\/\/www.youtube.com\/user\/LymphomaTV"]}]}},"_links":{"self":[{"href":"https:\/\/www.lymphoma.ca\/fr\/wp-json\/wp\/v2\/pages\/5409","targetHints":{"allow":["GET"]}}],"collection":[{"href":"https:\/\/www.lymphoma.ca\/fr\/wp-json\/wp\/v2\/pages"}],"about":[{"href":"https:\/\/www.lymphoma.ca\/fr\/wp-json\/wp\/v2\/types\/page"}],"author":[{"embeddable":true,"href":"https:\/\/www.lymphoma.ca\/fr\/wp-json\/wp\/v2\/users\/27"}],"replies":[{"embeddable":true,"href":"https:\/\/www.lymphoma.ca\/fr\/wp-json\/wp\/v2\/comments?post=5409"}],"version-history":[{"count":2,"href":"https:\/\/www.lymphoma.ca\/fr\/wp-json\/wp\/v2\/pages\/5409\/revisions"}],"predecessor-version":[{"id":11295,"href":"https:\/\/www.lymphoma.ca\/fr\/wp-json\/wp\/v2\/pages\/5409\/revisions\/11295"}],"up":[{"embeddable":true,"href":"https:\/\/www.lymphoma.ca\/fr\/wp-json\/wp\/v2\/pages\/5405"}],"wp:attachment":[{"href":"https:\/\/www.lymphoma.ca\/fr\/wp-json\/wp\/v2\/media?parent=5409"}],"wp:term":[{"taxonomy":"category","embeddable":true,"href":"https:\/\/www.lymphoma.ca\/fr\/wp-json\/wp\/v2\/categories?post=5409"},{"taxonomy":"post_tag","embeddable":true,"href":"https:\/\/www.lymphoma.ca\/fr\/wp-json\/wp\/v2\/tags?post=5409"}],"curies":[{"name":"wp","href":"https:\/\/api.w.org\/{rel}","templated":true}]}}