{"id":5431,"date":"2020-03-03T15:25:53","date_gmt":"2020-03-03T15:25:53","guid":{"rendered":"https:\/\/www.lymphoma.ca\/?page_id=5431"},"modified":"2022-01-14T18:51:31","modified_gmt":"2022-01-14T18:51:31","slug":"emotions-apres-une-recidive","status":"publish","type":"page","link":"https:\/\/www.lymphoma.ca\/fr\/vivre-apres\/mon-esprit\/comprendre-ses-emotions\/emotions-apres-une-recidive\/","title":{"rendered":"\u00c9motions apr\u00e8s une r\u00e9cidive"},"content":{"rendered":"<p>La r\u00e9apparition de votre lymphome pourrait provoquer bon nombre des m\u00eames \u00e9motions \u00e9prouv\u00e9es au moment de votre diagnostic initial. Le choc, l&rsquo;incr\u00e9dulit\u00e9, l&rsquo;anxi\u00e9t\u00e9, la peur, la col\u00e8re, le deuil et un sentiment de perte de contr\u00f4le sont des r\u00e9actions fr\u00e9quentes et normales. Certains patients sont parfois plus boulevers\u00e9s par cette annonce que par celle du diagnostic initial; ils se mettent alors \u00e0 remettre en question les d\u00e9cisions ayant entour\u00e9 leur traitement original ou certains choix suivant le traitement. \u00c0 cet \u00e9gard, il est important que vous sachiez que les choix que vous avez faits, vous et votre m\u00e9decin, au moment du traitement original \u00e9taient bas\u00e9s sur l&rsquo;information disponible \u00e0 ce moment. Bien que ces r\u00e9actions initiales de culpabilit\u00e9 et de bl\u00e2me concernant certaines d\u00e9cisions ne soient pas inhabituelles, elles n&rsquo;entrent pas dans l&rsquo;\u00e9quation \u00e0 ce stade-ci.<\/p>\n<p>Que vous vous inqui\u00e9tiez de ne pas avoir la force de passer une autre s\u00e9rie de tests et de traitements est compr\u00e9hensible, mais sachez que votre exp\u00e9rience pr\u00e9c\u00e9dente vous rend mieux pr\u00e9par\u00e9 \u00e0 faire face aux d\u00e9fis qui vous attendent. Par exemple, si vous pr\u00e9sentez une r\u00e9cidive de votre lymphome, vous pourriez \u00eatre mieux outill\u00e9 gr\u00e2ce aux ressources suivantes\u00a0:<\/p>\n<ul>\n<li>Connaissances sur le lymphome et sa terminologie, ce qui aide \u00e0 r\u00e9duire certaines peurs et angoisses devant l&rsquo;inconnu<\/li>\n<li>Familiarit\u00e9 avec les traitements du lymphome et leurs effets secondaires, de m\u00eame qu&rsquo;avec les strat\u00e9gies visant \u00e0 r\u00e9duire les effets secondaires<\/li>\n<li>Relation d\u00e9j\u00e0 \u00e9tablie avec l&rsquo;\u00e9quipe de soins<\/li>\n<li>Meilleure compr\u00e9hension de son r\u00e9gime d&rsquo;assurance maladie<\/li>\n<li>Familiarit\u00e9 avec les diff\u00e9rentes sources de soutien, y compris la famille et les amis, les groupes de soutien et les professionnels qualifi\u00e9s<\/li>\n<li>Exp\u00e9rience avec les m\u00e9thodes de r\u00e9duction du stress, tels l&rsquo;exercice physique, la m\u00e9ditation ou les moments pass\u00e9s avec des amis<\/li>\n<\/ul>\n<p>Rappelez-vous, votre lymphome a \u00e9t\u00e9 trait\u00e9 avec succ\u00e8s une premi\u00e8re fois; il pourrait tr\u00e8s bien l&rsquo;\u00eatre une deuxi\u00e8me fois. Utilisez tout le soutien disponible que vous pouvez trouver pour passer \u00e0 travers cette rechute.<\/p>\n<h4>Documentation de r\u00e9f\u00e9rence\u00a0:<\/h4>\n<p><a href=\"https:\/\/www.lymphoma.ca\/fr\/cheminement-du-patient\/apercu-du-soutien\/mecanismes-dadaptation-et-emotions\/\" target=\"_blank\" rel=\"noopener noreferrer\">Lymphome\u00a0Canada. M\u00e9canismes d&rsquo;adaptation et \u00e9motions<\/a><a href=\"https:\/\/www.lymphoma.ca\/fr\/cheminement-du-patient\/apercu-du-soutien\/mecanismes-dadaptation-et-emotions\/\" target=\"_blank\" rel=\"noopener noreferrer\">.<br \/>\n<\/a>Consult\u00e9 le 27\u00a0mai 2014.<\/p>\n<p><a href=\"http:\/\/www.cancer.net\/survivorship\/dealing-cancer-recurrence\" target=\"_blank\" rel=\"noopener noreferrer\">Cancer.Net. Dealing With Cancer Recurrence.<br \/>\n<\/a>Consult\u00e9 le 27\u00a0mai 2014.<\/p>\n","protected":false},"excerpt":{"rendered":"<p>La r\u00e9apparition de votre lymphome pourrait provoquer bon nombre des m\u00eames \u00e9motions \u00e9prouv\u00e9es au moment de votre diagnostic initial. Le choc, l&rsquo;incr\u00e9dulit\u00e9, l&rsquo;anxi\u00e9t\u00e9, la peur, la col\u00e8re, le deuil et&#8230;<\/p>\n","protected":false},"author":27,"featured_media":0,"parent":5405,"menu_order":4,"comment_status":"closed","ping_status":"closed","template":"page-sidebar.php","meta":{"_acf_changed":false,"footnotes":""},"categories":[],"tags":[],"class_list":["post-5431","page","type-page","status-publish"],"acf":[],"yoast_head":"<!-- This site is optimized with the Yoast SEO plugin v26.7 - https:\/\/yoast.com\/wordpress\/plugins\/seo\/ -->\n<title>\u00c9motions apr\u00e8s une r\u00e9cidive - Lymphoma Canada<\/title>\n<meta name=\"robots\" content=\"index, follow, max-snippet:-1, max-image-preview:large, max-video-preview:-1\" \/>\n<link rel=\"canonical\" href=\"https:\/\/www.lymphoma.ca\/fr\/vivre-apres\/mon-esprit\/comprendre-ses-emotions\/emotions-apres-une-recidive\/\" \/>\n<meta property=\"og:locale\" content=\"fr_FR\" \/>\n<meta property=\"og:type\" content=\"article\" \/>\n<meta property=\"og:title\" content=\"\u00c9motions apr\u00e8s une r\u00e9cidive - Lymphoma Canada\" \/>\n<meta property=\"og:description\" content=\"La r\u00e9apparition de votre lymphome pourrait provoquer bon nombre des m\u00eames \u00e9motions \u00e9prouv\u00e9es au moment de votre diagnostic initial. Le choc, l&rsquo;incr\u00e9dulit\u00e9, l&rsquo;anxi\u00e9t\u00e9, la peur, la col\u00e8re, le deuil et...\" \/>\n<meta property=\"og:url\" content=\"https:\/\/www.lymphoma.ca\/fr\/vivre-apres\/mon-esprit\/comprendre-ses-emotions\/emotions-apres-une-recidive\/\" \/>\n<meta property=\"og:site_name\" content=\"Lymphoma Canada\" \/>\n<meta property=\"article:publisher\" content=\"https:\/\/www.facebook.com\/LymphomaCanada\" \/>\n<meta property=\"article:modified_time\" content=\"2022-01-14T18:51:31+00:00\" \/>\n<meta name=\"twitter:card\" content=\"summary_large_image\" \/>\n<meta name=\"twitter:site\" content=\"@lymphomacanada\" \/>\n<meta name=\"twitter:label1\" content=\"Dur\u00e9e de lecture estim\u00e9e\" \/>\n\t<meta name=\"twitter:data1\" content=\"2 minutes\" \/>\n<script type=\"application\/ld+json\" class=\"yoast-schema-graph\">{\"@context\":\"https:\/\/schema.org\",\"@graph\":[{\"@type\":\"WebPage\",\"@id\":\"https:\/\/www.lymphoma.ca\/fr\/vivre-apres\/mon-esprit\/comprendre-ses-emotions\/emotions-apres-une-recidive\/\",\"url\":\"https:\/\/www.lymphoma.ca\/fr\/vivre-apres\/mon-esprit\/comprendre-ses-emotions\/emotions-apres-une-recidive\/\",\"name\":\"\u00c9motions apr\u00e8s une r\u00e9cidive - Lymphoma Canada\",\"isPartOf\":{\"@id\":\"https:\/\/www.lymphoma.ca\/fr\/#website\"},\"datePublished\":\"2020-03-03T15:25:53+00:00\",\"dateModified\":\"2022-01-14T18:51:31+00:00\",\"breadcrumb\":{\"@id\":\"https:\/\/www.lymphoma.ca\/fr\/vivre-apres\/mon-esprit\/comprendre-ses-emotions\/emotions-apres-une-recidive\/#breadcrumb\"},\"inLanguage\":\"fr-FR\",\"potentialAction\":[{\"@type\":\"ReadAction\",\"target\":[\"https:\/\/www.lymphoma.ca\/fr\/vivre-apres\/mon-esprit\/comprendre-ses-emotions\/emotions-apres-une-recidive\/\"]}]},{\"@type\":\"BreadcrumbList\",\"@id\":\"https:\/\/www.lymphoma.ca\/fr\/vivre-apres\/mon-esprit\/comprendre-ses-emotions\/emotions-apres-une-recidive\/#breadcrumb\",\"itemListElement\":[{\"@type\":\"ListItem\",\"position\":1,\"name\":\"Home\",\"item\":\"https:\/\/www.lymphoma.ca\/fr\/\"},{\"@type\":\"ListItem\",\"position\":2,\"name\":\"Vivre apr\u00e8s le Lymphome\",\"item\":\"https:\/\/www.lymphoma.ca\/fr\/vivre-apres\/\"},{\"@type\":\"ListItem\",\"position\":3,\"name\":\"Mon esprit &#8211; Introduction\",\"item\":\"https:\/\/www.lymphoma.ca\/fr\/vivre-apres\/mon-esprit\/\"},{\"@type\":\"ListItem\",\"position\":4,\"name\":\"Comprendre ses \u00e9motions\",\"item\":\"https:\/\/www.lymphoma.ca\/fr\/vivre-apres\/mon-esprit\/comprendre-ses-emotions\/\"},{\"@type\":\"ListItem\",\"position\":5,\"name\":\"\u00c9motions apr\u00e8s une r\u00e9cidive\"}]},{\"@type\":\"WebSite\",\"@id\":\"https:\/\/www.lymphoma.ca\/fr\/#website\",\"url\":\"https:\/\/www.lymphoma.ca\/fr\/\",\"name\":\"Lymphoma Canada\",\"description\":\"Information. Help. Hope.\",\"publisher\":{\"@id\":\"https:\/\/www.lymphoma.ca\/fr\/#organization\"},\"potentialAction\":[{\"@type\":\"SearchAction\",\"target\":{\"@type\":\"EntryPoint\",\"urlTemplate\":\"https:\/\/www.lymphoma.ca\/fr\/?s={search_term_string}\"},\"query-input\":{\"@type\":\"PropertyValueSpecification\",\"valueRequired\":true,\"valueName\":\"search_term_string\"}}],\"inLanguage\":\"fr-FR\"},{\"@type\":\"Organization\",\"@id\":\"https:\/\/www.lymphoma.ca\/fr\/#organization\",\"name\":\"Lymphoma Canada\",\"url\":\"https:\/\/www.lymphoma.ca\/fr\/\",\"logo\":{\"@type\":\"ImageObject\",\"inLanguage\":\"fr-FR\",\"@id\":\"https:\/\/www.lymphoma.ca\/fr\/#\/schema\/logo\/image\/\",\"url\":\"https:\/\/www.lymphoma.ca\/wp-content\/uploads\/2023\/05\/logo-lymphoma.jpg\",\"contentUrl\":\"https:\/\/www.lymphoma.ca\/wp-content\/uploads\/2023\/05\/logo-lymphoma.jpg\",\"width\":343,\"height\":343,\"caption\":\"Lymphoma Canada\"},\"image\":{\"@id\":\"https:\/\/www.lymphoma.ca\/fr\/#\/schema\/logo\/image\/\"},\"sameAs\":[\"https:\/\/www.facebook.com\/LymphomaCanada\",\"https:\/\/x.com\/lymphomacanada\",\"https:\/\/www.linkedin.com\/company\/lymphoma-canada\/\",\"http:\/\/instagram.com\/lymphomacanada\",\"http:\/\/www.youtube.com\/user\/LymphomaTV\"]}]}<\/script>\n<!-- \/ Yoast SEO plugin. -->","yoast_head_json":{"title":"\u00c9motions apr\u00e8s une r\u00e9cidive - Lymphoma Canada","robots":{"index":"index","follow":"follow","max-snippet":"max-snippet:-1","max-image-preview":"max-image-preview:large","max-video-preview":"max-video-preview:-1"},"canonical":"https:\/\/www.lymphoma.ca\/fr\/vivre-apres\/mon-esprit\/comprendre-ses-emotions\/emotions-apres-une-recidive\/","og_locale":"fr_FR","og_type":"article","og_title":"\u00c9motions apr\u00e8s une r\u00e9cidive - Lymphoma Canada","og_description":"La r\u00e9apparition de votre lymphome pourrait provoquer bon nombre des m\u00eames \u00e9motions \u00e9prouv\u00e9es au moment de votre diagnostic initial. Le choc, l&rsquo;incr\u00e9dulit\u00e9, l&rsquo;anxi\u00e9t\u00e9, la peur, la col\u00e8re, le deuil et...","og_url":"https:\/\/www.lymphoma.ca\/fr\/vivre-apres\/mon-esprit\/comprendre-ses-emotions\/emotions-apres-une-recidive\/","og_site_name":"Lymphoma Canada","article_publisher":"https:\/\/www.facebook.com\/LymphomaCanada","article_modified_time":"2022-01-14T18:51:31+00:00","twitter_card":"summary_large_image","twitter_site":"@lymphomacanada","twitter_misc":{"Dur\u00e9e de lecture estim\u00e9e":"2 minutes"},"schema":{"@context":"https:\/\/schema.org","@graph":[{"@type":"WebPage","@id":"https:\/\/www.lymphoma.ca\/fr\/vivre-apres\/mon-esprit\/comprendre-ses-emotions\/emotions-apres-une-recidive\/","url":"https:\/\/www.lymphoma.ca\/fr\/vivre-apres\/mon-esprit\/comprendre-ses-emotions\/emotions-apres-une-recidive\/","name":"\u00c9motions apr\u00e8s une r\u00e9cidive - Lymphoma Canada","isPartOf":{"@id":"https:\/\/www.lymphoma.ca\/fr\/#website"},"datePublished":"2020-03-03T15:25:53+00:00","dateModified":"2022-01-14T18:51:31+00:00","breadcrumb":{"@id":"https:\/\/www.lymphoma.ca\/fr\/vivre-apres\/mon-esprit\/comprendre-ses-emotions\/emotions-apres-une-recidive\/#breadcrumb"},"inLanguage":"fr-FR","potentialAction":[{"@type":"ReadAction","target":["https:\/\/www.lymphoma.ca\/fr\/vivre-apres\/mon-esprit\/comprendre-ses-emotions\/emotions-apres-une-recidive\/"]}]},{"@type":"BreadcrumbList","@id":"https:\/\/www.lymphoma.ca\/fr\/vivre-apres\/mon-esprit\/comprendre-ses-emotions\/emotions-apres-une-recidive\/#breadcrumb","itemListElement":[{"@type":"ListItem","position":1,"name":"Home","item":"https:\/\/www.lymphoma.ca\/fr\/"},{"@type":"ListItem","position":2,"name":"Vivre apr\u00e8s le Lymphome","item":"https:\/\/www.lymphoma.ca\/fr\/vivre-apres\/"},{"@type":"ListItem","position":3,"name":"Mon esprit &#8211; Introduction","item":"https:\/\/www.lymphoma.ca\/fr\/vivre-apres\/mon-esprit\/"},{"@type":"ListItem","position":4,"name":"Comprendre ses \u00e9motions","item":"https:\/\/www.lymphoma.ca\/fr\/vivre-apres\/mon-esprit\/comprendre-ses-emotions\/"},{"@type":"ListItem","position":5,"name":"\u00c9motions apr\u00e8s une r\u00e9cidive"}]},{"@type":"WebSite","@id":"https:\/\/www.lymphoma.ca\/fr\/#website","url":"https:\/\/www.lymphoma.ca\/fr\/","name":"Lymphoma Canada","description":"Information. Help. Hope.","publisher":{"@id":"https:\/\/www.lymphoma.ca\/fr\/#organization"},"potentialAction":[{"@type":"SearchAction","target":{"@type":"EntryPoint","urlTemplate":"https:\/\/www.lymphoma.ca\/fr\/?s={search_term_string}"},"query-input":{"@type":"PropertyValueSpecification","valueRequired":true,"valueName":"search_term_string"}}],"inLanguage":"fr-FR"},{"@type":"Organization","@id":"https:\/\/www.lymphoma.ca\/fr\/#organization","name":"Lymphoma Canada","url":"https:\/\/www.lymphoma.ca\/fr\/","logo":{"@type":"ImageObject","inLanguage":"fr-FR","@id":"https:\/\/www.lymphoma.ca\/fr\/#\/schema\/logo\/image\/","url":"https:\/\/www.lymphoma.ca\/wp-content\/uploads\/2023\/05\/logo-lymphoma.jpg","contentUrl":"https:\/\/www.lymphoma.ca\/wp-content\/uploads\/2023\/05\/logo-lymphoma.jpg","width":343,"height":343,"caption":"Lymphoma Canada"},"image":{"@id":"https:\/\/www.lymphoma.ca\/fr\/#\/schema\/logo\/image\/"},"sameAs":["https:\/\/www.facebook.com\/LymphomaCanada","https:\/\/x.com\/lymphomacanada","https:\/\/www.linkedin.com\/company\/lymphoma-canada\/","http:\/\/instagram.com\/lymphomacanada","http:\/\/www.youtube.com\/user\/LymphomaTV"]}]}},"_links":{"self":[{"href":"https:\/\/www.lymphoma.ca\/fr\/wp-json\/wp\/v2\/pages\/5431","targetHints":{"allow":["GET"]}}],"collection":[{"href":"https:\/\/www.lymphoma.ca\/fr\/wp-json\/wp\/v2\/pages"}],"about":[{"href":"https:\/\/www.lymphoma.ca\/fr\/wp-json\/wp\/v2\/types\/page"}],"author":[{"embeddable":true,"href":"https:\/\/www.lymphoma.ca\/fr\/wp-json\/wp\/v2\/users\/27"}],"replies":[{"embeddable":true,"href":"https:\/\/www.lymphoma.ca\/fr\/wp-json\/wp\/v2\/comments?post=5431"}],"version-history":[{"count":2,"href":"https:\/\/www.lymphoma.ca\/fr\/wp-json\/wp\/v2\/pages\/5431\/revisions"}],"predecessor-version":[{"id":11298,"href":"https:\/\/www.lymphoma.ca\/fr\/wp-json\/wp\/v2\/pages\/5431\/revisions\/11298"}],"up":[{"embeddable":true,"href":"https:\/\/www.lymphoma.ca\/fr\/wp-json\/wp\/v2\/pages\/5405"}],"wp:attachment":[{"href":"https:\/\/www.lymphoma.ca\/fr\/wp-json\/wp\/v2\/media?parent=5431"}],"wp:term":[{"taxonomy":"category","embeddable":true,"href":"https:\/\/www.lymphoma.ca\/fr\/wp-json\/wp\/v2\/categories?post=5431"},{"taxonomy":"post_tag","embeddable":true,"href":"https:\/\/www.lymphoma.ca\/fr\/wp-json\/wp\/v2\/tags?post=5431"}],"curies":[{"name":"wp","href":"https:\/\/api.w.org\/{rel}","templated":true}]}}