{"id":5456,"date":"2020-03-03T15:53:47","date_gmt":"2020-03-03T15:53:47","guid":{"rendered":"https:\/\/www.lymphoma.ca\/?page_id=5456"},"modified":"2020-03-03T15:53:47","modified_gmt":"2020-03-03T15:53:47","slug":"foi-et-spiritualite","status":"publish","type":"page","link":"https:\/\/www.lymphoma.ca\/fr\/vivre-apres\/mon-esprit\/obtenir-du-soutien\/foi-et-spiritualite\/","title":{"rendered":"Foi et spiritualit\u00e9"},"content":{"rendered":"<p>La foi et la spiritualit\u00e9 sont une source de d\u00e9termination pour bon nombre de gens vivant une exp\u00e9rience difficile tel le lymphome. Elles se pr\u00e9sentent souvent sous la forme d&rsquo;un ensemble sp\u00e9cifique de croyances et de pratiques, le plus souvent associ\u00e9es \u00e0 un groupe organis\u00e9, ou bien elles peuvent \u00eatre personnelles et se rattacher \u00e0 un sentiment de paix, de raison d\u2019\u00eatre et de connexion avec autrui, inculquant un sens \u00e0 sa vie.<\/p>\n<p>Un guide dans votre communaut\u00e9 spirituelle ou un conseiller qualifi\u00e9 peut vous aider \u00e0 identifier vos besoins spirituels et \u00e0 trouver un r\u00e9confort spirituel. Quelques membres du clerg\u00e9 sont \u00e9galement sp\u00e9cialement form\u00e9s pour aider les personnes atteintes d&rsquo;un cancer et leur famille.<\/p>\n<p>M\u00eame si vous n&rsquo;\u00eates pas religieux ou ne suivez pas une religion traditionnelle, la foi et la spiritualit\u00e9 peuvent \u00eatre importantes pour vous aider \u00e0 composer avec la maladie. Beaucoup de gens trouvent du r\u00e9confort dans le fait de reconna\u00eetre qu&rsquo;ils font partie de quelque chose de plus grand qu&rsquo;eux, ce qui peut les aider \u00e0 trouver un sens \u00e0 leur vie. Parmi les fa\u00e7ons de combler ses besoins spirituels, on retrouve notamment la pratique du pardon et\/ou de la gratitude, les petits gestes de gentillesse, la m\u00e9ditation et les promenades dans la nature.<\/p>\n<p>Si vous peinez \u00e0 trouver un sens \u00e0 votre vie ou \u00e0 faire la paix avec vous-m\u00eame, essayez de parler \u00e0 un conseiller qualifi\u00e9 ou \u00e0 un membre respect\u00e9 du clerg\u00e9 qui peut vous aider.<\/p>\n<h4>Documentation de r\u00e9f\u00e9rence\u00a0:<\/h4>\n<p><a href=\"http:\/\/www.cancer.org\/treatment\/survivorshipduringandaftertreatment\/when-cancer-doesnt-go-away\" target=\"_blank\" rel=\"noopener noreferrer\">American Cancer Society. When Cancer Doesn\u2019t Go Away. R\u00e9vis\u00e9 le 20\u00a0mai\u00a02014<\/a><a href=\"http:\/\/www.cancer.org\/treatment\/survivorshipduringandaftertreatment\/when-cancer-doesnt-go-away\" target=\"_blank\" rel=\"noopener noreferrer\">.<br \/>\n<\/a>Consult\u00e9 le 27\u00a0mai 2014.<\/p>\n<p><a href=\"http:\/\/www.cancer.gov\/cancertopics\/pdq\/supportivecare\/spirituality\/Patient\/page1\" target=\"_blank\" rel=\"noopener noreferrer\">National Cancer Institute. General Information About Spirituality.<br \/>\n<\/a>Consult\u00e9 le 27\u00a0mai 2014.<\/p>\n","protected":false},"excerpt":{"rendered":"<p>La foi et la spiritualit\u00e9 sont une source de d\u00e9termination pour bon nombre de gens vivant une exp\u00e9rience difficile tel le lymphome. Elles se pr\u00e9sentent souvent sous la forme d&rsquo;un&#8230;<\/p>\n","protected":false},"author":27,"featured_media":0,"parent":5434,"menu_order":2,"comment_status":"closed","ping_status":"closed","template":"page-sidebar.php","meta":{"_acf_changed":false,"footnotes":""},"categories":[],"tags":[],"class_list":["post-5456","page","type-page","status-publish"],"acf":[],"yoast_head":"<!-- This site is optimized with the Yoast SEO plugin v26.7 - https:\/\/yoast.com\/wordpress\/plugins\/seo\/ -->\n<title>Foi et spiritualit\u00e9 - Lymphoma Canada<\/title>\n<meta name=\"robots\" content=\"index, follow, max-snippet:-1, max-image-preview:large, max-video-preview:-1\" \/>\n<link rel=\"canonical\" href=\"https:\/\/www.lymphoma.ca\/fr\/vivre-apres\/mon-esprit\/obtenir-du-soutien\/foi-et-spiritualite\/\" \/>\n<meta property=\"og:locale\" content=\"fr_FR\" \/>\n<meta property=\"og:type\" content=\"article\" \/>\n<meta property=\"og:title\" content=\"Foi et spiritualit\u00e9 - Lymphoma Canada\" \/>\n<meta property=\"og:description\" content=\"La foi et la spiritualit\u00e9 sont une source de d\u00e9termination pour bon nombre de gens vivant une exp\u00e9rience difficile tel le lymphome. Elles se pr\u00e9sentent souvent sous la forme d&rsquo;un...\" \/>\n<meta property=\"og:url\" content=\"https:\/\/www.lymphoma.ca\/fr\/vivre-apres\/mon-esprit\/obtenir-du-soutien\/foi-et-spiritualite\/\" \/>\n<meta property=\"og:site_name\" content=\"Lymphoma Canada\" \/>\n<meta property=\"article:publisher\" content=\"https:\/\/www.facebook.com\/LymphomaCanada\" \/>\n<meta name=\"twitter:card\" content=\"summary_large_image\" \/>\n<meta name=\"twitter:site\" content=\"@lymphomacanada\" \/>\n<meta name=\"twitter:label1\" content=\"Dur\u00e9e de lecture estim\u00e9e\" \/>\n\t<meta name=\"twitter:data1\" content=\"1 minute\" \/>\n<script type=\"application\/ld+json\" class=\"yoast-schema-graph\">{\"@context\":\"https:\/\/schema.org\",\"@graph\":[{\"@type\":\"WebPage\",\"@id\":\"https:\/\/www.lymphoma.ca\/fr\/vivre-apres\/mon-esprit\/obtenir-du-soutien\/foi-et-spiritualite\/\",\"url\":\"https:\/\/www.lymphoma.ca\/fr\/vivre-apres\/mon-esprit\/obtenir-du-soutien\/foi-et-spiritualite\/\",\"name\":\"Foi et spiritualit\u00e9 - Lymphoma Canada\",\"isPartOf\":{\"@id\":\"https:\/\/www.lymphoma.ca\/fr\/#website\"},\"datePublished\":\"2020-03-03T15:53:47+00:00\",\"breadcrumb\":{\"@id\":\"https:\/\/www.lymphoma.ca\/fr\/vivre-apres\/mon-esprit\/obtenir-du-soutien\/foi-et-spiritualite\/#breadcrumb\"},\"inLanguage\":\"fr-FR\",\"potentialAction\":[{\"@type\":\"ReadAction\",\"target\":[\"https:\/\/www.lymphoma.ca\/fr\/vivre-apres\/mon-esprit\/obtenir-du-soutien\/foi-et-spiritualite\/\"]}]},{\"@type\":\"BreadcrumbList\",\"@id\":\"https:\/\/www.lymphoma.ca\/fr\/vivre-apres\/mon-esprit\/obtenir-du-soutien\/foi-et-spiritualite\/#breadcrumb\",\"itemListElement\":[{\"@type\":\"ListItem\",\"position\":1,\"name\":\"Home\",\"item\":\"https:\/\/www.lymphoma.ca\/fr\/\"},{\"@type\":\"ListItem\",\"position\":2,\"name\":\"Vivre apr\u00e8s le Lymphome\",\"item\":\"https:\/\/www.lymphoma.ca\/fr\/vivre-apres\/\"},{\"@type\":\"ListItem\",\"position\":3,\"name\":\"Mon esprit &#8211; Introduction\",\"item\":\"https:\/\/www.lymphoma.ca\/fr\/vivre-apres\/mon-esprit\/\"},{\"@type\":\"ListItem\",\"position\":4,\"name\":\"Obtenir du soutien\",\"item\":\"https:\/\/www.lymphoma.ca\/fr\/vivre-apres\/mon-esprit\/obtenir-du-soutien\/\"},{\"@type\":\"ListItem\",\"position\":5,\"name\":\"Foi et spiritualit\u00e9\"}]},{\"@type\":\"WebSite\",\"@id\":\"https:\/\/www.lymphoma.ca\/fr\/#website\",\"url\":\"https:\/\/www.lymphoma.ca\/fr\/\",\"name\":\"Lymphoma Canada\",\"description\":\"Information. Help. Hope.\",\"publisher\":{\"@id\":\"https:\/\/www.lymphoma.ca\/fr\/#organization\"},\"potentialAction\":[{\"@type\":\"SearchAction\",\"target\":{\"@type\":\"EntryPoint\",\"urlTemplate\":\"https:\/\/www.lymphoma.ca\/fr\/?s={search_term_string}\"},\"query-input\":{\"@type\":\"PropertyValueSpecification\",\"valueRequired\":true,\"valueName\":\"search_term_string\"}}],\"inLanguage\":\"fr-FR\"},{\"@type\":\"Organization\",\"@id\":\"https:\/\/www.lymphoma.ca\/fr\/#organization\",\"name\":\"Lymphoma Canada\",\"url\":\"https:\/\/www.lymphoma.ca\/fr\/\",\"logo\":{\"@type\":\"ImageObject\",\"inLanguage\":\"fr-FR\",\"@id\":\"https:\/\/www.lymphoma.ca\/fr\/#\/schema\/logo\/image\/\",\"url\":\"https:\/\/www.lymphoma.ca\/wp-content\/uploads\/2023\/05\/logo-lymphoma.jpg\",\"contentUrl\":\"https:\/\/www.lymphoma.ca\/wp-content\/uploads\/2023\/05\/logo-lymphoma.jpg\",\"width\":343,\"height\":343,\"caption\":\"Lymphoma Canada\"},\"image\":{\"@id\":\"https:\/\/www.lymphoma.ca\/fr\/#\/schema\/logo\/image\/\"},\"sameAs\":[\"https:\/\/www.facebook.com\/LymphomaCanada\",\"https:\/\/x.com\/lymphomacanada\",\"https:\/\/www.linkedin.com\/company\/lymphoma-canada\/\",\"http:\/\/instagram.com\/lymphomacanada\",\"http:\/\/www.youtube.com\/user\/LymphomaTV\"]}]}<\/script>\n<!-- \/ Yoast SEO plugin. -->","yoast_head_json":{"title":"Foi et spiritualit\u00e9 - Lymphoma Canada","robots":{"index":"index","follow":"follow","max-snippet":"max-snippet:-1","max-image-preview":"max-image-preview:large","max-video-preview":"max-video-preview:-1"},"canonical":"https:\/\/www.lymphoma.ca\/fr\/vivre-apres\/mon-esprit\/obtenir-du-soutien\/foi-et-spiritualite\/","og_locale":"fr_FR","og_type":"article","og_title":"Foi et spiritualit\u00e9 - Lymphoma Canada","og_description":"La foi et la spiritualit\u00e9 sont une source de d\u00e9termination pour bon nombre de gens vivant une exp\u00e9rience difficile tel le lymphome. Elles se pr\u00e9sentent souvent sous la forme d&rsquo;un...","og_url":"https:\/\/www.lymphoma.ca\/fr\/vivre-apres\/mon-esprit\/obtenir-du-soutien\/foi-et-spiritualite\/","og_site_name":"Lymphoma Canada","article_publisher":"https:\/\/www.facebook.com\/LymphomaCanada","twitter_card":"summary_large_image","twitter_site":"@lymphomacanada","twitter_misc":{"Dur\u00e9e de lecture estim\u00e9e":"1 minute"},"schema":{"@context":"https:\/\/schema.org","@graph":[{"@type":"WebPage","@id":"https:\/\/www.lymphoma.ca\/fr\/vivre-apres\/mon-esprit\/obtenir-du-soutien\/foi-et-spiritualite\/","url":"https:\/\/www.lymphoma.ca\/fr\/vivre-apres\/mon-esprit\/obtenir-du-soutien\/foi-et-spiritualite\/","name":"Foi et spiritualit\u00e9 - Lymphoma Canada","isPartOf":{"@id":"https:\/\/www.lymphoma.ca\/fr\/#website"},"datePublished":"2020-03-03T15:53:47+00:00","breadcrumb":{"@id":"https:\/\/www.lymphoma.ca\/fr\/vivre-apres\/mon-esprit\/obtenir-du-soutien\/foi-et-spiritualite\/#breadcrumb"},"inLanguage":"fr-FR","potentialAction":[{"@type":"ReadAction","target":["https:\/\/www.lymphoma.ca\/fr\/vivre-apres\/mon-esprit\/obtenir-du-soutien\/foi-et-spiritualite\/"]}]},{"@type":"BreadcrumbList","@id":"https:\/\/www.lymphoma.ca\/fr\/vivre-apres\/mon-esprit\/obtenir-du-soutien\/foi-et-spiritualite\/#breadcrumb","itemListElement":[{"@type":"ListItem","position":1,"name":"Home","item":"https:\/\/www.lymphoma.ca\/fr\/"},{"@type":"ListItem","position":2,"name":"Vivre apr\u00e8s le Lymphome","item":"https:\/\/www.lymphoma.ca\/fr\/vivre-apres\/"},{"@type":"ListItem","position":3,"name":"Mon esprit &#8211; Introduction","item":"https:\/\/www.lymphoma.ca\/fr\/vivre-apres\/mon-esprit\/"},{"@type":"ListItem","position":4,"name":"Obtenir du soutien","item":"https:\/\/www.lymphoma.ca\/fr\/vivre-apres\/mon-esprit\/obtenir-du-soutien\/"},{"@type":"ListItem","position":5,"name":"Foi et spiritualit\u00e9"}]},{"@type":"WebSite","@id":"https:\/\/www.lymphoma.ca\/fr\/#website","url":"https:\/\/www.lymphoma.ca\/fr\/","name":"Lymphoma Canada","description":"Information. Help. Hope.","publisher":{"@id":"https:\/\/www.lymphoma.ca\/fr\/#organization"},"potentialAction":[{"@type":"SearchAction","target":{"@type":"EntryPoint","urlTemplate":"https:\/\/www.lymphoma.ca\/fr\/?s={search_term_string}"},"query-input":{"@type":"PropertyValueSpecification","valueRequired":true,"valueName":"search_term_string"}}],"inLanguage":"fr-FR"},{"@type":"Organization","@id":"https:\/\/www.lymphoma.ca\/fr\/#organization","name":"Lymphoma Canada","url":"https:\/\/www.lymphoma.ca\/fr\/","logo":{"@type":"ImageObject","inLanguage":"fr-FR","@id":"https:\/\/www.lymphoma.ca\/fr\/#\/schema\/logo\/image\/","url":"https:\/\/www.lymphoma.ca\/wp-content\/uploads\/2023\/05\/logo-lymphoma.jpg","contentUrl":"https:\/\/www.lymphoma.ca\/wp-content\/uploads\/2023\/05\/logo-lymphoma.jpg","width":343,"height":343,"caption":"Lymphoma Canada"},"image":{"@id":"https:\/\/www.lymphoma.ca\/fr\/#\/schema\/logo\/image\/"},"sameAs":["https:\/\/www.facebook.com\/LymphomaCanada","https:\/\/x.com\/lymphomacanada","https:\/\/www.linkedin.com\/company\/lymphoma-canada\/","http:\/\/instagram.com\/lymphomacanada","http:\/\/www.youtube.com\/user\/LymphomaTV"]}]}},"_links":{"self":[{"href":"https:\/\/www.lymphoma.ca\/fr\/wp-json\/wp\/v2\/pages\/5456","targetHints":{"allow":["GET"]}}],"collection":[{"href":"https:\/\/www.lymphoma.ca\/fr\/wp-json\/wp\/v2\/pages"}],"about":[{"href":"https:\/\/www.lymphoma.ca\/fr\/wp-json\/wp\/v2\/types\/page"}],"author":[{"embeddable":true,"href":"https:\/\/www.lymphoma.ca\/fr\/wp-json\/wp\/v2\/users\/27"}],"replies":[{"embeddable":true,"href":"https:\/\/www.lymphoma.ca\/fr\/wp-json\/wp\/v2\/comments?post=5456"}],"version-history":[{"count":1,"href":"https:\/\/www.lymphoma.ca\/fr\/wp-json\/wp\/v2\/pages\/5456\/revisions"}],"predecessor-version":[{"id":5457,"href":"https:\/\/www.lymphoma.ca\/fr\/wp-json\/wp\/v2\/pages\/5456\/revisions\/5457"}],"up":[{"embeddable":true,"href":"https:\/\/www.lymphoma.ca\/fr\/wp-json\/wp\/v2\/pages\/5434"}],"wp:attachment":[{"href":"https:\/\/www.lymphoma.ca\/fr\/wp-json\/wp\/v2\/media?parent=5456"}],"wp:term":[{"taxonomy":"category","embeddable":true,"href":"https:\/\/www.lymphoma.ca\/fr\/wp-json\/wp\/v2\/categories?post=5456"},{"taxonomy":"post_tag","embeddable":true,"href":"https:\/\/www.lymphoma.ca\/fr\/wp-json\/wp\/v2\/tags?post=5456"}],"curies":[{"name":"wp","href":"https:\/\/api.w.org\/{rel}","templated":true}]}}