{"id":5465,"date":"2020-03-03T16:07:39","date_gmt":"2020-03-03T16:07:39","guid":{"rendered":"https:\/\/www.lymphoma.ca\/?page_id=5465"},"modified":"2022-01-14T18:51:32","modified_gmt":"2022-01-14T18:51:32","slug":"image-de-soi","status":"publish","type":"page","link":"https:\/\/www.lymphoma.ca\/fr\/vivre-apres\/mon-esprit\/passer-a-laction\/image-de-soi\/","title":{"rendered":"Image de soi"},"content":{"rendered":"<p>La perte de cheveux, les cicatrices, le gain ou la perte de poids et les autres changements de l&rsquo;apparence physique caus\u00e9s par le traitement du lymphome s\u2019accompagnent parfois du sentiment d\u2019avoir enlaidi. Non seulement la plupart de ces changements physiques sont in\u00e9vitables, mais ils sont \u00e9galement difficiles \u00e0 cacher au reste du monde.<\/p>\n<p>Il existe certaines personnes qui arborent ces changements avec fiert\u00e9, les consid\u00e9rant comme le signe ext\u00e9rieur d&rsquo;un combat qu&rsquo;ils tentent de gagner ou qu&rsquo;ils ont d\u00e9j\u00e0 surmont\u00e9. En revanche, il y a celles qui trouvent ces changements physiques plus difficiles \u00e0 accepter, souhaitant qu&rsquo;ils disparaissent. Dans un cas comme dans l&rsquo;autre, le point important \u00e0 retenir est de ne pas se sentir vaincu.<\/p>\n<p>M\u00eame si votre corps a r\u00e9agi \u00e0 votre lymphome ou \u00e0 vos traitements sans votre consentement, vous \u00eates toujours la m\u00eame personne et vous ma\u00eetrisez encore votre vie. Rappelez-vous que bon nombre de ces changements sont temporaires et qu&rsquo;ils marquent la voie de la gu\u00e9rison. Il est \u00e9galement important de savoir qu&rsquo;il existe des mesures que vous pouvez prendre pour vous aider \u00e0 att\u00e9nuer certains des effets secondaires. Par exemple, vous pouvez apprendre \u00e0 am\u00e9liorer votre apparence en choisissant des perruques \u00e9l\u00e9gantes et en camouflant certains changements temporaires, tels une peau s\u00e8che parsem\u00e9e de taches ou des ongles cassants. Le fait de prendre en charge l\u2019opinion que vous avez de vous-m\u00eame sera un facteur important dans la mani\u00e8re dont vous vous sentirez \u00e0 l&rsquo;avenir.<\/p>\n<p>Le programme Belle et bien dans sa peau enseigne aux femmes atteintes d&rsquo;un cancer comment utiliser le maquillage et diverses techniques de soins de la peau pour dissimuler les changements cutan\u00e9s et choisir la bonne perruque ou le bon chapeau. Certaines informations s&rsquo;adressent \u00e9galement aux hommes. Pour conna\u00eetre les services et le mat\u00e9riel offerts par le programme \u00ab\u00a0Belle et bien dans sa peau\u00a0\u00bb, composez le\u00a0<strong>1-800-914-5665<\/strong>, envoyez un courriel \u00e0 l&rsquo;adresse\u00a0<a href=\"mailto:lgfb@lgfb.ca\" target=\"_blank\" rel=\"noopener noreferrer\">lgfb@lgfb.ca<\/a>, ou bien visitez le site\u00a0<a href=\"http:\/\/www.lgfb.ca\/en\/\" target=\"_blank\" rel=\"noopener noreferrer\">http:\/\/www.lgfb.ca\/en\/<\/a>.<\/p>\n<p>Les groupes de soutien offrent \u00e9galement un environnement s\u00fbr ainsi que diverses occasions pour partager ces sentiments avec d&rsquo;autres patients qui vous comprennent, \u00e9tant pass\u00e9s par une exp\u00e9rience semblable, et qui peuvent vous fournir certains conseils bas\u00e9s sur la fa\u00e7on dont ils ont compos\u00e9 avec de telles situations.<\/p>\n<h4>Documentation de r\u00e9f\u00e9rence\u00a0:<\/h4>\n<p><a href=\"http:\/\/www.livestrong.org\/we-can-help\/emotional-and-physical-effects-of-treatment\/body-image\/\" target=\"_blank\" rel=\"noopener noreferrer\">LIVESTRONG Foundation. Body Image.<br \/>\n<\/a>Consult\u00e9 le 27\u00a0mai 2014.<\/p>\n<p><a href=\"http:\/\/www.lgfb.ca\/fr\/propos-de-nous\/\" target=\"_blank\" rel=\"noopener noreferrer\">Belle et bien dans sa peau. \u00c0 propos de nous<\/a><a href=\"http:\/\/www.lgfb.ca\/fr\/propos-de-nous\/\" target=\"_blank\" rel=\"noopener noreferrer\">.<br \/>\n<\/a>Consult\u00e9 le 27\u00a0mai 2014.<\/p>\n<p><a href=\"https:\/\/www.lymphoma.ca\/fr\/cheminement-du-patient\/apercu-du-soutien\/mecanismes-dadaptation-et-emotions\/\" target=\"_blank\" rel=\"noopener noreferrer\">Lymphome\u00a0Canada. M\u00e9canismes d&rsquo;adaptation et \u00e9motions<\/a><a href=\"https:\/\/www.lymphoma.ca\/fr\/cheminement-du-patient\/apercu-du-soutien\/mecanismes-dadaptation-et-emotions\/\" target=\"_blank\" rel=\"noopener noreferrer\">.<br \/>\n<\/a>Consult\u00e9 le 27\u00a0mai 2014.<\/p>\n","protected":false},"excerpt":{"rendered":"<p>La perte de cheveux, les cicatrices, le gain ou la perte de poids et les autres changements de l&rsquo;apparence physique caus\u00e9s par le traitement du lymphome s\u2019accompagnent parfois du sentiment&#8230;<\/p>\n","protected":false},"author":27,"featured_media":0,"parent":5462,"menu_order":0,"comment_status":"closed","ping_status":"closed","template":"page-sidebar.php","meta":{"_acf_changed":false,"footnotes":""},"categories":[],"tags":[],"class_list":["post-5465","page","type-page","status-publish"],"acf":[],"yoast_head":"<!-- This site is optimized with the Yoast SEO plugin v26.7 - https:\/\/yoast.com\/wordpress\/plugins\/seo\/ -->\n<title>Image de soi - Lymphoma Canada<\/title>\n<meta name=\"robots\" content=\"index, follow, max-snippet:-1, max-image-preview:large, max-video-preview:-1\" \/>\n<link rel=\"canonical\" href=\"https:\/\/www.lymphoma.ca\/fr\/vivre-apres\/mon-esprit\/passer-a-laction\/image-de-soi\/\" \/>\n<meta property=\"og:locale\" content=\"fr_FR\" \/>\n<meta property=\"og:type\" content=\"article\" \/>\n<meta property=\"og:title\" content=\"Image de soi - Lymphoma Canada\" \/>\n<meta property=\"og:description\" content=\"La perte de cheveux, les cicatrices, le gain ou la perte de poids et les autres changements de l&rsquo;apparence physique caus\u00e9s par le traitement du lymphome s\u2019accompagnent parfois du sentiment...\" \/>\n<meta property=\"og:url\" content=\"https:\/\/www.lymphoma.ca\/fr\/vivre-apres\/mon-esprit\/passer-a-laction\/image-de-soi\/\" \/>\n<meta property=\"og:site_name\" content=\"Lymphoma Canada\" \/>\n<meta property=\"article:publisher\" content=\"https:\/\/www.facebook.com\/LymphomaCanada\" \/>\n<meta property=\"article:modified_time\" content=\"2022-01-14T18:51:32+00:00\" \/>\n<meta name=\"twitter:card\" content=\"summary_large_image\" \/>\n<meta name=\"twitter:site\" content=\"@lymphomacanada\" \/>\n<meta name=\"twitter:label1\" content=\"Dur\u00e9e de lecture estim\u00e9e\" \/>\n\t<meta name=\"twitter:data1\" content=\"2 minutes\" \/>\n<script type=\"application\/ld+json\" class=\"yoast-schema-graph\">{\"@context\":\"https:\/\/schema.org\",\"@graph\":[{\"@type\":\"WebPage\",\"@id\":\"https:\/\/www.lymphoma.ca\/fr\/vivre-apres\/mon-esprit\/passer-a-laction\/image-de-soi\/\",\"url\":\"https:\/\/www.lymphoma.ca\/fr\/vivre-apres\/mon-esprit\/passer-a-laction\/image-de-soi\/\",\"name\":\"Image de soi - Lymphoma Canada\",\"isPartOf\":{\"@id\":\"https:\/\/www.lymphoma.ca\/fr\/#website\"},\"datePublished\":\"2020-03-03T16:07:39+00:00\",\"dateModified\":\"2022-01-14T18:51:32+00:00\",\"breadcrumb\":{\"@id\":\"https:\/\/www.lymphoma.ca\/fr\/vivre-apres\/mon-esprit\/passer-a-laction\/image-de-soi\/#breadcrumb\"},\"inLanguage\":\"fr-FR\",\"potentialAction\":[{\"@type\":\"ReadAction\",\"target\":[\"https:\/\/www.lymphoma.ca\/fr\/vivre-apres\/mon-esprit\/passer-a-laction\/image-de-soi\/\"]}]},{\"@type\":\"BreadcrumbList\",\"@id\":\"https:\/\/www.lymphoma.ca\/fr\/vivre-apres\/mon-esprit\/passer-a-laction\/image-de-soi\/#breadcrumb\",\"itemListElement\":[{\"@type\":\"ListItem\",\"position\":1,\"name\":\"Home\",\"item\":\"https:\/\/www.lymphoma.ca\/fr\/\"},{\"@type\":\"ListItem\",\"position\":2,\"name\":\"Vivre apr\u00e8s le Lymphome\",\"item\":\"https:\/\/www.lymphoma.ca\/fr\/vivre-apres\/\"},{\"@type\":\"ListItem\",\"position\":3,\"name\":\"Mon esprit &#8211; Introduction\",\"item\":\"https:\/\/www.lymphoma.ca\/fr\/vivre-apres\/mon-esprit\/\"},{\"@type\":\"ListItem\",\"position\":4,\"name\":\"Passer \u00e0 l&rsquo;action\",\"item\":\"https:\/\/www.lymphoma.ca\/fr\/vivre-apres\/mon-esprit\/passer-a-laction\/\"},{\"@type\":\"ListItem\",\"position\":5,\"name\":\"Image de soi\"}]},{\"@type\":\"WebSite\",\"@id\":\"https:\/\/www.lymphoma.ca\/fr\/#website\",\"url\":\"https:\/\/www.lymphoma.ca\/fr\/\",\"name\":\"Lymphoma Canada\",\"description\":\"Information. Help. Hope.\",\"publisher\":{\"@id\":\"https:\/\/www.lymphoma.ca\/fr\/#organization\"},\"potentialAction\":[{\"@type\":\"SearchAction\",\"target\":{\"@type\":\"EntryPoint\",\"urlTemplate\":\"https:\/\/www.lymphoma.ca\/fr\/?s={search_term_string}\"},\"query-input\":{\"@type\":\"PropertyValueSpecification\",\"valueRequired\":true,\"valueName\":\"search_term_string\"}}],\"inLanguage\":\"fr-FR\"},{\"@type\":\"Organization\",\"@id\":\"https:\/\/www.lymphoma.ca\/fr\/#organization\",\"name\":\"Lymphoma Canada\",\"url\":\"https:\/\/www.lymphoma.ca\/fr\/\",\"logo\":{\"@type\":\"ImageObject\",\"inLanguage\":\"fr-FR\",\"@id\":\"https:\/\/www.lymphoma.ca\/fr\/#\/schema\/logo\/image\/\",\"url\":\"https:\/\/www.lymphoma.ca\/wp-content\/uploads\/2023\/05\/logo-lymphoma.jpg\",\"contentUrl\":\"https:\/\/www.lymphoma.ca\/wp-content\/uploads\/2023\/05\/logo-lymphoma.jpg\",\"width\":343,\"height\":343,\"caption\":\"Lymphoma Canada\"},\"image\":{\"@id\":\"https:\/\/www.lymphoma.ca\/fr\/#\/schema\/logo\/image\/\"},\"sameAs\":[\"https:\/\/www.facebook.com\/LymphomaCanada\",\"https:\/\/x.com\/lymphomacanada\",\"https:\/\/www.linkedin.com\/company\/lymphoma-canada\/\",\"http:\/\/instagram.com\/lymphomacanada\",\"http:\/\/www.youtube.com\/user\/LymphomaTV\"]}]}<\/script>\n<!-- \/ Yoast SEO plugin. -->","yoast_head_json":{"title":"Image de soi - Lymphoma Canada","robots":{"index":"index","follow":"follow","max-snippet":"max-snippet:-1","max-image-preview":"max-image-preview:large","max-video-preview":"max-video-preview:-1"},"canonical":"https:\/\/www.lymphoma.ca\/fr\/vivre-apres\/mon-esprit\/passer-a-laction\/image-de-soi\/","og_locale":"fr_FR","og_type":"article","og_title":"Image de soi - Lymphoma Canada","og_description":"La perte de cheveux, les cicatrices, le gain ou la perte de poids et les autres changements de l&rsquo;apparence physique caus\u00e9s par le traitement du lymphome s\u2019accompagnent parfois du sentiment...","og_url":"https:\/\/www.lymphoma.ca\/fr\/vivre-apres\/mon-esprit\/passer-a-laction\/image-de-soi\/","og_site_name":"Lymphoma Canada","article_publisher":"https:\/\/www.facebook.com\/LymphomaCanada","article_modified_time":"2022-01-14T18:51:32+00:00","twitter_card":"summary_large_image","twitter_site":"@lymphomacanada","twitter_misc":{"Dur\u00e9e de lecture estim\u00e9e":"2 minutes"},"schema":{"@context":"https:\/\/schema.org","@graph":[{"@type":"WebPage","@id":"https:\/\/www.lymphoma.ca\/fr\/vivre-apres\/mon-esprit\/passer-a-laction\/image-de-soi\/","url":"https:\/\/www.lymphoma.ca\/fr\/vivre-apres\/mon-esprit\/passer-a-laction\/image-de-soi\/","name":"Image de soi - Lymphoma Canada","isPartOf":{"@id":"https:\/\/www.lymphoma.ca\/fr\/#website"},"datePublished":"2020-03-03T16:07:39+00:00","dateModified":"2022-01-14T18:51:32+00:00","breadcrumb":{"@id":"https:\/\/www.lymphoma.ca\/fr\/vivre-apres\/mon-esprit\/passer-a-laction\/image-de-soi\/#breadcrumb"},"inLanguage":"fr-FR","potentialAction":[{"@type":"ReadAction","target":["https:\/\/www.lymphoma.ca\/fr\/vivre-apres\/mon-esprit\/passer-a-laction\/image-de-soi\/"]}]},{"@type":"BreadcrumbList","@id":"https:\/\/www.lymphoma.ca\/fr\/vivre-apres\/mon-esprit\/passer-a-laction\/image-de-soi\/#breadcrumb","itemListElement":[{"@type":"ListItem","position":1,"name":"Home","item":"https:\/\/www.lymphoma.ca\/fr\/"},{"@type":"ListItem","position":2,"name":"Vivre apr\u00e8s le Lymphome","item":"https:\/\/www.lymphoma.ca\/fr\/vivre-apres\/"},{"@type":"ListItem","position":3,"name":"Mon esprit &#8211; Introduction","item":"https:\/\/www.lymphoma.ca\/fr\/vivre-apres\/mon-esprit\/"},{"@type":"ListItem","position":4,"name":"Passer \u00e0 l&rsquo;action","item":"https:\/\/www.lymphoma.ca\/fr\/vivre-apres\/mon-esprit\/passer-a-laction\/"},{"@type":"ListItem","position":5,"name":"Image de soi"}]},{"@type":"WebSite","@id":"https:\/\/www.lymphoma.ca\/fr\/#website","url":"https:\/\/www.lymphoma.ca\/fr\/","name":"Lymphoma Canada","description":"Information. Help. Hope.","publisher":{"@id":"https:\/\/www.lymphoma.ca\/fr\/#organization"},"potentialAction":[{"@type":"SearchAction","target":{"@type":"EntryPoint","urlTemplate":"https:\/\/www.lymphoma.ca\/fr\/?s={search_term_string}"},"query-input":{"@type":"PropertyValueSpecification","valueRequired":true,"valueName":"search_term_string"}}],"inLanguage":"fr-FR"},{"@type":"Organization","@id":"https:\/\/www.lymphoma.ca\/fr\/#organization","name":"Lymphoma Canada","url":"https:\/\/www.lymphoma.ca\/fr\/","logo":{"@type":"ImageObject","inLanguage":"fr-FR","@id":"https:\/\/www.lymphoma.ca\/fr\/#\/schema\/logo\/image\/","url":"https:\/\/www.lymphoma.ca\/wp-content\/uploads\/2023\/05\/logo-lymphoma.jpg","contentUrl":"https:\/\/www.lymphoma.ca\/wp-content\/uploads\/2023\/05\/logo-lymphoma.jpg","width":343,"height":343,"caption":"Lymphoma Canada"},"image":{"@id":"https:\/\/www.lymphoma.ca\/fr\/#\/schema\/logo\/image\/"},"sameAs":["https:\/\/www.facebook.com\/LymphomaCanada","https:\/\/x.com\/lymphomacanada","https:\/\/www.linkedin.com\/company\/lymphoma-canada\/","http:\/\/instagram.com\/lymphomacanada","http:\/\/www.youtube.com\/user\/LymphomaTV"]}]}},"_links":{"self":[{"href":"https:\/\/www.lymphoma.ca\/fr\/wp-json\/wp\/v2\/pages\/5465","targetHints":{"allow":["GET"]}}],"collection":[{"href":"https:\/\/www.lymphoma.ca\/fr\/wp-json\/wp\/v2\/pages"}],"about":[{"href":"https:\/\/www.lymphoma.ca\/fr\/wp-json\/wp\/v2\/types\/page"}],"author":[{"embeddable":true,"href":"https:\/\/www.lymphoma.ca\/fr\/wp-json\/wp\/v2\/users\/27"}],"replies":[{"embeddable":true,"href":"https:\/\/www.lymphoma.ca\/fr\/wp-json\/wp\/v2\/comments?post=5465"}],"version-history":[{"count":2,"href":"https:\/\/www.lymphoma.ca\/fr\/wp-json\/wp\/v2\/pages\/5465\/revisions"}],"predecessor-version":[{"id":11299,"href":"https:\/\/www.lymphoma.ca\/fr\/wp-json\/wp\/v2\/pages\/5465\/revisions\/11299"}],"up":[{"embeddable":true,"href":"https:\/\/www.lymphoma.ca\/fr\/wp-json\/wp\/v2\/pages\/5462"}],"wp:attachment":[{"href":"https:\/\/www.lymphoma.ca\/fr\/wp-json\/wp\/v2\/media?parent=5465"}],"wp:term":[{"taxonomy":"category","embeddable":true,"href":"https:\/\/www.lymphoma.ca\/fr\/wp-json\/wp\/v2\/categories?post=5465"},{"taxonomy":"post_tag","embeddable":true,"href":"https:\/\/www.lymphoma.ca\/fr\/wp-json\/wp\/v2\/tags?post=5465"}],"curies":[{"name":"wp","href":"https:\/\/api.w.org\/{rel}","templated":true}]}}