{"id":5469,"date":"2020-03-03T16:11:05","date_gmt":"2020-03-03T16:11:05","guid":{"rendered":"https:\/\/www.lymphoma.ca\/?page_id=5469"},"modified":"2020-03-03T16:11:05","modified_gmt":"2020-03-03T16:11:05","slug":"marquer-et-celebrer-les-etapes-importantes","status":"publish","type":"page","link":"https:\/\/www.lymphoma.ca\/fr\/vivre-apres\/mon-esprit\/passer-a-laction\/marquer-et-celebrer-les-etapes-importantes\/","title":{"rendered":"Marquer et c\u00e9l\u00e9brer les \u00e9tapes importantes"},"content":{"rendered":"<p>Le diagnostic de lymphome est un \u00e9v\u00e9nement qui change une vie; c&rsquo;est un fait qu&rsquo;il faut reconna\u00eetre. Il existe un certain nombre d&rsquo;\u00e9tapes marquantes que vous pouvez souligner durant et apr\u00e8s le traitement et qui peuvent vous aider \u00e0 mettre en perspective votre exp\u00e9rience avec le lymphome. Par exemple, beaucoup de gens trouvent important de reconna\u00eetre les premier et cinqui\u00e8me anniversaires sans la maladie. D&rsquo;autres pr\u00e9f\u00e8rent souligner la fin de la chimioth\u00e9rapie ou de la radioth\u00e9rapie.<\/p>\n<p>Les dates d&rsquo;anniversaire d\u00e9clenchent une vari\u00e9t\u00e9 d&rsquo;\u00e9motions. Vous et votre \u00e9quipe de soutien pourriez ressentir de la peur et de l&rsquo;inqui\u00e9tude les jours pr\u00e9c\u00e9dant ces dates, puis du soulagement et de la joie une fois le jour pass\u00e9. Prendre le temps de signaler ces dates d&rsquo;anniversaire et se pr\u00e9parer en cons\u00e9quence peuvent aider \u00e0 r\u00e9fl\u00e9chir \u00e0 son exp\u00e9rience et \u00e0 faire face aux \u00e9motions qui apparaissent.<\/p>\n<p>Il est \u00e9galement important de mettre en valeur sa famille, ses amis ainsi que son \u00e9quipe de soutien qui, de leur c\u00f4t\u00e9, ont v\u00e9cu diff\u00e9remment l&rsquo;exp\u00e9rience du lymphome. Avant l&rsquo;arriv\u00e9e de la date importante, essayez de discuter de vos diff\u00e9rents points de vue et besoins, car tous n&rsquo;ont pas n\u00e9cessairement la m\u00eame opinion que vous concernant la c\u00e9l\u00e9bration des \u00e9tapes importantes de votre maladie.<\/p>\n<p>Rappelez-vous \u00e9galement qu&rsquo;avec le temps, votre besoin de c\u00e9l\u00e9brer vos \u00e9tapes marquantes changera probablement. La grande c\u00e9l\u00e9bration du premier anniversaire n\u2019est sans doute pas aussi engageante quatre ans plus tard. Notons cependant que certaines personnes tardent passablement avant de retrouver un sentiment de normalit\u00e9 apr\u00e8s une maladie grave comme le lymphome. Il est important de r\u00e9aliser que les besoins ainsi que les circonstances \u00e9voluent avec le temps.<\/p>\n<p>Reconna\u00eetre les \u00e9tapes marquantes de sa maladie est un geste tr\u00e8s personnel et individuel. Si vous choisissez de souligner ces dates, assurez-vous que l&rsquo;\u00e9v\u00e9nement vous soit agr\u00e9able. Si vous avez r\u00e9cemment termin\u00e9 votre traitement, un grand rassemblement ou \u00e0 une grande f\u00eate est susceptible de d\u00e9passer vos capacit\u00e9s, surtout si votre traitement a \u00e9t\u00e9 long et p\u00e9nible. Dans un tel cas, il est possible que vous pr\u00e9f\u00e9riez simplement vous souvenir de quelques moments sans n\u00e9cessairement les c\u00e9l\u00e9brer. En contrepartie, il n\u2019y a aucun mal \u00e0 ce qu\u2019une grande f\u00eate avec famille et amis soit exactement ce que vous souhaitiez.<\/p>\n<h4>Documentation de r\u00e9f\u00e9rence\u00a0:<\/h4>\n<p><a href=\"http:\/\/www.cancer.net\/survivorship\/life-after-cancer\/recognizing-and-celebrating-milestones\" target=\"_blank\" rel=\"noopener noreferrer\">Cancer.Net. Recognizing and Celebrating Milestones.<br \/>\n<\/a>Consult\u00e9 le 27\u00a0mai 2014.<\/p>\n","protected":false},"excerpt":{"rendered":"<p>Le diagnostic de lymphome est un \u00e9v\u00e9nement qui change une vie; c&rsquo;est un fait qu&rsquo;il faut reconna\u00eetre. Il existe un certain nombre d&rsquo;\u00e9tapes marquantes que vous pouvez souligner durant et&#8230;<\/p>\n","protected":false},"author":27,"featured_media":0,"parent":5462,"menu_order":4,"comment_status":"closed","ping_status":"closed","template":"page-sidebar.php","meta":{"_acf_changed":false,"footnotes":""},"categories":[],"tags":[],"class_list":["post-5469","page","type-page","status-publish"],"acf":[],"yoast_head":"<!-- This site is optimized with the Yoast SEO plugin v26.7 - https:\/\/yoast.com\/wordpress\/plugins\/seo\/ -->\n<title>Marquer et c\u00e9l\u00e9brer les \u00e9tapes importantes - Lymphoma Canada<\/title>\n<meta name=\"robots\" content=\"index, follow, max-snippet:-1, max-image-preview:large, max-video-preview:-1\" \/>\n<link rel=\"canonical\" href=\"https:\/\/www.lymphoma.ca\/fr\/vivre-apres\/mon-esprit\/passer-a-laction\/marquer-et-celebrer-les-etapes-importantes\/\" \/>\n<meta property=\"og:locale\" content=\"fr_FR\" \/>\n<meta property=\"og:type\" content=\"article\" \/>\n<meta property=\"og:title\" content=\"Marquer et c\u00e9l\u00e9brer les \u00e9tapes importantes - Lymphoma Canada\" \/>\n<meta property=\"og:description\" content=\"Le diagnostic de lymphome est un \u00e9v\u00e9nement qui change une vie; c&rsquo;est un fait qu&rsquo;il faut reconna\u00eetre. Il existe un certain nombre d&rsquo;\u00e9tapes marquantes que vous pouvez souligner durant et...\" \/>\n<meta property=\"og:url\" content=\"https:\/\/www.lymphoma.ca\/fr\/vivre-apres\/mon-esprit\/passer-a-laction\/marquer-et-celebrer-les-etapes-importantes\/\" \/>\n<meta property=\"og:site_name\" content=\"Lymphoma Canada\" \/>\n<meta property=\"article:publisher\" content=\"https:\/\/www.facebook.com\/LymphomaCanada\" \/>\n<meta name=\"twitter:card\" content=\"summary_large_image\" \/>\n<meta name=\"twitter:site\" content=\"@lymphomacanada\" \/>\n<meta name=\"twitter:label1\" content=\"Dur\u00e9e de lecture estim\u00e9e\" \/>\n\t<meta name=\"twitter:data1\" content=\"2 minutes\" \/>\n<script type=\"application\/ld+json\" class=\"yoast-schema-graph\">{\"@context\":\"https:\/\/schema.org\",\"@graph\":[{\"@type\":\"WebPage\",\"@id\":\"https:\/\/www.lymphoma.ca\/fr\/vivre-apres\/mon-esprit\/passer-a-laction\/marquer-et-celebrer-les-etapes-importantes\/\",\"url\":\"https:\/\/www.lymphoma.ca\/fr\/vivre-apres\/mon-esprit\/passer-a-laction\/marquer-et-celebrer-les-etapes-importantes\/\",\"name\":\"Marquer et c\u00e9l\u00e9brer les \u00e9tapes importantes - Lymphoma Canada\",\"isPartOf\":{\"@id\":\"https:\/\/www.lymphoma.ca\/fr\/#website\"},\"datePublished\":\"2020-03-03T16:11:05+00:00\",\"breadcrumb\":{\"@id\":\"https:\/\/www.lymphoma.ca\/fr\/vivre-apres\/mon-esprit\/passer-a-laction\/marquer-et-celebrer-les-etapes-importantes\/#breadcrumb\"},\"inLanguage\":\"fr-FR\",\"potentialAction\":[{\"@type\":\"ReadAction\",\"target\":[\"https:\/\/www.lymphoma.ca\/fr\/vivre-apres\/mon-esprit\/passer-a-laction\/marquer-et-celebrer-les-etapes-importantes\/\"]}]},{\"@type\":\"BreadcrumbList\",\"@id\":\"https:\/\/www.lymphoma.ca\/fr\/vivre-apres\/mon-esprit\/passer-a-laction\/marquer-et-celebrer-les-etapes-importantes\/#breadcrumb\",\"itemListElement\":[{\"@type\":\"ListItem\",\"position\":1,\"name\":\"Home\",\"item\":\"https:\/\/www.lymphoma.ca\/fr\/\"},{\"@type\":\"ListItem\",\"position\":2,\"name\":\"Vivre apr\u00e8s le Lymphome\",\"item\":\"https:\/\/www.lymphoma.ca\/fr\/vivre-apres\/\"},{\"@type\":\"ListItem\",\"position\":3,\"name\":\"Mon esprit &#8211; Introduction\",\"item\":\"https:\/\/www.lymphoma.ca\/fr\/vivre-apres\/mon-esprit\/\"},{\"@type\":\"ListItem\",\"position\":4,\"name\":\"Passer \u00e0 l&rsquo;action\",\"item\":\"https:\/\/www.lymphoma.ca\/fr\/vivre-apres\/mon-esprit\/passer-a-laction\/\"},{\"@type\":\"ListItem\",\"position\":5,\"name\":\"Marquer et c\u00e9l\u00e9brer les \u00e9tapes importantes\"}]},{\"@type\":\"WebSite\",\"@id\":\"https:\/\/www.lymphoma.ca\/fr\/#website\",\"url\":\"https:\/\/www.lymphoma.ca\/fr\/\",\"name\":\"Lymphoma Canada\",\"description\":\"Information. Help. Hope.\",\"publisher\":{\"@id\":\"https:\/\/www.lymphoma.ca\/fr\/#organization\"},\"potentialAction\":[{\"@type\":\"SearchAction\",\"target\":{\"@type\":\"EntryPoint\",\"urlTemplate\":\"https:\/\/www.lymphoma.ca\/fr\/?s={search_term_string}\"},\"query-input\":{\"@type\":\"PropertyValueSpecification\",\"valueRequired\":true,\"valueName\":\"search_term_string\"}}],\"inLanguage\":\"fr-FR\"},{\"@type\":\"Organization\",\"@id\":\"https:\/\/www.lymphoma.ca\/fr\/#organization\",\"name\":\"Lymphoma Canada\",\"url\":\"https:\/\/www.lymphoma.ca\/fr\/\",\"logo\":{\"@type\":\"ImageObject\",\"inLanguage\":\"fr-FR\",\"@id\":\"https:\/\/www.lymphoma.ca\/fr\/#\/schema\/logo\/image\/\",\"url\":\"https:\/\/www.lymphoma.ca\/wp-content\/uploads\/2023\/05\/logo-lymphoma.jpg\",\"contentUrl\":\"https:\/\/www.lymphoma.ca\/wp-content\/uploads\/2023\/05\/logo-lymphoma.jpg\",\"width\":343,\"height\":343,\"caption\":\"Lymphoma Canada\"},\"image\":{\"@id\":\"https:\/\/www.lymphoma.ca\/fr\/#\/schema\/logo\/image\/\"},\"sameAs\":[\"https:\/\/www.facebook.com\/LymphomaCanada\",\"https:\/\/x.com\/lymphomacanada\",\"https:\/\/www.linkedin.com\/company\/lymphoma-canada\/\",\"http:\/\/instagram.com\/lymphomacanada\",\"http:\/\/www.youtube.com\/user\/LymphomaTV\"]}]}<\/script>\n<!-- \/ Yoast SEO plugin. -->","yoast_head_json":{"title":"Marquer et c\u00e9l\u00e9brer les \u00e9tapes importantes - Lymphoma Canada","robots":{"index":"index","follow":"follow","max-snippet":"max-snippet:-1","max-image-preview":"max-image-preview:large","max-video-preview":"max-video-preview:-1"},"canonical":"https:\/\/www.lymphoma.ca\/fr\/vivre-apres\/mon-esprit\/passer-a-laction\/marquer-et-celebrer-les-etapes-importantes\/","og_locale":"fr_FR","og_type":"article","og_title":"Marquer et c\u00e9l\u00e9brer les \u00e9tapes importantes - Lymphoma Canada","og_description":"Le diagnostic de lymphome est un \u00e9v\u00e9nement qui change une vie; c&rsquo;est un fait qu&rsquo;il faut reconna\u00eetre. Il existe un certain nombre d&rsquo;\u00e9tapes marquantes que vous pouvez souligner durant et...","og_url":"https:\/\/www.lymphoma.ca\/fr\/vivre-apres\/mon-esprit\/passer-a-laction\/marquer-et-celebrer-les-etapes-importantes\/","og_site_name":"Lymphoma Canada","article_publisher":"https:\/\/www.facebook.com\/LymphomaCanada","twitter_card":"summary_large_image","twitter_site":"@lymphomacanada","twitter_misc":{"Dur\u00e9e de lecture estim\u00e9e":"2 minutes"},"schema":{"@context":"https:\/\/schema.org","@graph":[{"@type":"WebPage","@id":"https:\/\/www.lymphoma.ca\/fr\/vivre-apres\/mon-esprit\/passer-a-laction\/marquer-et-celebrer-les-etapes-importantes\/","url":"https:\/\/www.lymphoma.ca\/fr\/vivre-apres\/mon-esprit\/passer-a-laction\/marquer-et-celebrer-les-etapes-importantes\/","name":"Marquer et c\u00e9l\u00e9brer les \u00e9tapes importantes - Lymphoma Canada","isPartOf":{"@id":"https:\/\/www.lymphoma.ca\/fr\/#website"},"datePublished":"2020-03-03T16:11:05+00:00","breadcrumb":{"@id":"https:\/\/www.lymphoma.ca\/fr\/vivre-apres\/mon-esprit\/passer-a-laction\/marquer-et-celebrer-les-etapes-importantes\/#breadcrumb"},"inLanguage":"fr-FR","potentialAction":[{"@type":"ReadAction","target":["https:\/\/www.lymphoma.ca\/fr\/vivre-apres\/mon-esprit\/passer-a-laction\/marquer-et-celebrer-les-etapes-importantes\/"]}]},{"@type":"BreadcrumbList","@id":"https:\/\/www.lymphoma.ca\/fr\/vivre-apres\/mon-esprit\/passer-a-laction\/marquer-et-celebrer-les-etapes-importantes\/#breadcrumb","itemListElement":[{"@type":"ListItem","position":1,"name":"Home","item":"https:\/\/www.lymphoma.ca\/fr\/"},{"@type":"ListItem","position":2,"name":"Vivre apr\u00e8s le Lymphome","item":"https:\/\/www.lymphoma.ca\/fr\/vivre-apres\/"},{"@type":"ListItem","position":3,"name":"Mon esprit &#8211; Introduction","item":"https:\/\/www.lymphoma.ca\/fr\/vivre-apres\/mon-esprit\/"},{"@type":"ListItem","position":4,"name":"Passer \u00e0 l&rsquo;action","item":"https:\/\/www.lymphoma.ca\/fr\/vivre-apres\/mon-esprit\/passer-a-laction\/"},{"@type":"ListItem","position":5,"name":"Marquer et c\u00e9l\u00e9brer les \u00e9tapes importantes"}]},{"@type":"WebSite","@id":"https:\/\/www.lymphoma.ca\/fr\/#website","url":"https:\/\/www.lymphoma.ca\/fr\/","name":"Lymphoma Canada","description":"Information. Help. Hope.","publisher":{"@id":"https:\/\/www.lymphoma.ca\/fr\/#organization"},"potentialAction":[{"@type":"SearchAction","target":{"@type":"EntryPoint","urlTemplate":"https:\/\/www.lymphoma.ca\/fr\/?s={search_term_string}"},"query-input":{"@type":"PropertyValueSpecification","valueRequired":true,"valueName":"search_term_string"}}],"inLanguage":"fr-FR"},{"@type":"Organization","@id":"https:\/\/www.lymphoma.ca\/fr\/#organization","name":"Lymphoma Canada","url":"https:\/\/www.lymphoma.ca\/fr\/","logo":{"@type":"ImageObject","inLanguage":"fr-FR","@id":"https:\/\/www.lymphoma.ca\/fr\/#\/schema\/logo\/image\/","url":"https:\/\/www.lymphoma.ca\/wp-content\/uploads\/2023\/05\/logo-lymphoma.jpg","contentUrl":"https:\/\/www.lymphoma.ca\/wp-content\/uploads\/2023\/05\/logo-lymphoma.jpg","width":343,"height":343,"caption":"Lymphoma Canada"},"image":{"@id":"https:\/\/www.lymphoma.ca\/fr\/#\/schema\/logo\/image\/"},"sameAs":["https:\/\/www.facebook.com\/LymphomaCanada","https:\/\/x.com\/lymphomacanada","https:\/\/www.linkedin.com\/company\/lymphoma-canada\/","http:\/\/instagram.com\/lymphomacanada","http:\/\/www.youtube.com\/user\/LymphomaTV"]}]}},"_links":{"self":[{"href":"https:\/\/www.lymphoma.ca\/fr\/wp-json\/wp\/v2\/pages\/5469","targetHints":{"allow":["GET"]}}],"collection":[{"href":"https:\/\/www.lymphoma.ca\/fr\/wp-json\/wp\/v2\/pages"}],"about":[{"href":"https:\/\/www.lymphoma.ca\/fr\/wp-json\/wp\/v2\/types\/page"}],"author":[{"embeddable":true,"href":"https:\/\/www.lymphoma.ca\/fr\/wp-json\/wp\/v2\/users\/27"}],"replies":[{"embeddable":true,"href":"https:\/\/www.lymphoma.ca\/fr\/wp-json\/wp\/v2\/comments?post=5469"}],"version-history":[{"count":1,"href":"https:\/\/www.lymphoma.ca\/fr\/wp-json\/wp\/v2\/pages\/5469\/revisions"}],"predecessor-version":[{"id":5470,"href":"https:\/\/www.lymphoma.ca\/fr\/wp-json\/wp\/v2\/pages\/5469\/revisions\/5470"}],"up":[{"embeddable":true,"href":"https:\/\/www.lymphoma.ca\/fr\/wp-json\/wp\/v2\/pages\/5462"}],"wp:attachment":[{"href":"https:\/\/www.lymphoma.ca\/fr\/wp-json\/wp\/v2\/media?parent=5469"}],"wp:term":[{"taxonomy":"category","embeddable":true,"href":"https:\/\/www.lymphoma.ca\/fr\/wp-json\/wp\/v2\/categories?post=5469"},{"taxonomy":"post_tag","embeddable":true,"href":"https:\/\/www.lymphoma.ca\/fr\/wp-json\/wp\/v2\/tags?post=5469"}],"curies":[{"name":"wp","href":"https:\/\/api.w.org\/{rel}","templated":true}]}}