{"id":5471,"date":"2020-03-03T16:13:06","date_gmt":"2020-03-03T16:13:06","guid":{"rendered":"https:\/\/www.lymphoma.ca\/?page_id=5471"},"modified":"2020-03-03T16:13:06","modified_gmt":"2020-03-03T16:13:06","slug":"facons-de-souligner-les-etapes-importantes","status":"publish","type":"page","link":"https:\/\/www.lymphoma.ca\/fr\/vivre-apres\/mon-esprit\/passer-a-laction\/marquer-et-celebrer-les-etapes-importantes\/facons-de-souligner-les-etapes-importantes\/","title":{"rendered":"Fa\u00e7ons de souligner les \u00e9tapes importantes"},"content":{"rendered":"<p>Voici quelques fa\u00e7ons de reconna\u00eetre et souligner les \u00e9tapes importantes de votre maladie\u00a0:<\/p>\n<ul>\n<li><strong>R\u00e9fl\u00e9chissez \u00e0 votre exp\u00e9rience\u00a0:<\/strong>\u00a0vous pouvez examiner votre exp\u00e9rience avec le lymphome en priv\u00e9, que ce soit en pens\u00e9es, en pri\u00e8res ou en m\u00e9ditation ou en notant le tout dans un journal. Vous avez \u00e9galement le choix de partager vos pens\u00e9es avec un proche.<\/li>\n<li><strong>Organisez un \u00e9v\u00e9nement\u00a0:<\/strong>\u00a0cela peut \u00eatre aussi simple qu&rsquo;une petite r\u00e9ception ou aussi \u00e9labor\u00e9 qu&rsquo;une grande f\u00eate avec musique et danse.<\/li>\n<li><strong>Red\u00e9couvrez-vous\u00a0:<\/strong>\u00a0vous pouvez partir en randonn\u00e9e p\u00e9destre, organiser un pique-nique, vous offrir un massage ou aller au cin\u00e9ma avec un ami; si vous vous plaisez \u00e0 faire cette activit\u00e9, vous pouvez la consid\u00e9rer comme une c\u00e9l\u00e9bration.<\/li>\n<li><strong>Soyez aventureux\u00a0:<\/strong>\u00a0certaines personnes aiment parfois essayer quelque chose de diff\u00e9rent comme faire un tour d&rsquo;h\u00e9licopt\u00e8re ou un saut en chute libre.<\/li>\n<li><strong>Participez \u00e0 une c\u00e9l\u00e9bration \u00e9tablie\u00a0:<\/strong>\u00a0participez aux marches annuelles, aux courses ou aux tournois de golf organis\u00e9s par les groupes de d\u00e9fense des int\u00e9r\u00eats des patients et autres organismes.<\/li>\n<li><strong>Faites un don\u00a0:<\/strong>\u00a0insufflez un sens positif \u00e0 votre exp\u00e9rience en faisant une contribution financi\u00e8re \u00e0 une \u0153uvre de bienfaisance, \u00e0 un organisme de lutte contre le cancer ou \u00e0 l&rsquo;h\u00f4pital o\u00f9 vous avez \u00e9t\u00e9 trait\u00e9.<\/li>\n<\/ul>\n<p>Quoi que vous choisissiez, faites ce qui vous convient le mieux.<\/p>\n<h4>Documentation de r\u00e9f\u00e9rence\u00a0:<\/h4>\n<p><a href=\"http:\/\/www.cancer.net\/survivorship\/life-after-cancer\/recognizing-and-celebrating-milestones\" target=\"_blank\" rel=\"noopener noreferrer\">Cancer.Net. Recognizing and Celebrating Milestones.<br \/>\n<\/a>Consult\u00e9 le 27\u00a0mai 2014.<\/p>\n","protected":false},"excerpt":{"rendered":"<p>Voici quelques fa\u00e7ons de reconna\u00eetre et souligner les \u00e9tapes importantes de votre maladie\u00a0: R\u00e9fl\u00e9chissez \u00e0 votre exp\u00e9rience\u00a0:\u00a0vous pouvez examiner votre exp\u00e9rience avec le lymphome en priv\u00e9, que ce soit en&#8230;<\/p>\n","protected":false},"author":27,"featured_media":0,"parent":5469,"menu_order":0,"comment_status":"closed","ping_status":"closed","template":"page-sidebar.php","meta":{"_acf_changed":false,"footnotes":""},"categories":[],"tags":[],"class_list":["post-5471","page","type-page","status-publish"],"acf":[],"yoast_head":"<!-- This site is optimized with the Yoast SEO plugin v26.7 - https:\/\/yoast.com\/wordpress\/plugins\/seo\/ -->\n<title>Fa\u00e7ons de souligner les \u00e9tapes importantes - Lymphoma Canada<\/title>\n<meta name=\"robots\" content=\"index, follow, max-snippet:-1, max-image-preview:large, max-video-preview:-1\" \/>\n<link rel=\"canonical\" href=\"https:\/\/www.lymphoma.ca\/fr\/vivre-apres\/mon-esprit\/passer-a-laction\/marquer-et-celebrer-les-etapes-importantes\/facons-de-souligner-les-etapes-importantes\/\" \/>\n<meta property=\"og:locale\" content=\"fr_FR\" \/>\n<meta property=\"og:type\" content=\"article\" \/>\n<meta property=\"og:title\" content=\"Fa\u00e7ons de souligner les \u00e9tapes importantes - Lymphoma Canada\" \/>\n<meta property=\"og:description\" content=\"Voici quelques fa\u00e7ons de reconna\u00eetre et souligner les \u00e9tapes importantes de votre maladie\u00a0: R\u00e9fl\u00e9chissez \u00e0 votre exp\u00e9rience\u00a0:\u00a0vous pouvez examiner votre exp\u00e9rience avec le lymphome en priv\u00e9, que ce soit en...\" \/>\n<meta property=\"og:url\" content=\"https:\/\/www.lymphoma.ca\/fr\/vivre-apres\/mon-esprit\/passer-a-laction\/marquer-et-celebrer-les-etapes-importantes\/facons-de-souligner-les-etapes-importantes\/\" \/>\n<meta property=\"og:site_name\" content=\"Lymphoma Canada\" \/>\n<meta property=\"article:publisher\" content=\"https:\/\/www.facebook.com\/LymphomaCanada\" \/>\n<meta name=\"twitter:card\" content=\"summary_large_image\" \/>\n<meta name=\"twitter:site\" content=\"@lymphomacanada\" \/>\n<meta name=\"twitter:label1\" content=\"Dur\u00e9e de lecture estim\u00e9e\" \/>\n\t<meta name=\"twitter:data1\" content=\"1 minute\" \/>\n<script type=\"application\/ld+json\" class=\"yoast-schema-graph\">{\"@context\":\"https:\/\/schema.org\",\"@graph\":[{\"@type\":\"WebPage\",\"@id\":\"https:\/\/www.lymphoma.ca\/fr\/vivre-apres\/mon-esprit\/passer-a-laction\/marquer-et-celebrer-les-etapes-importantes\/facons-de-souligner-les-etapes-importantes\/\",\"url\":\"https:\/\/www.lymphoma.ca\/fr\/vivre-apres\/mon-esprit\/passer-a-laction\/marquer-et-celebrer-les-etapes-importantes\/facons-de-souligner-les-etapes-importantes\/\",\"name\":\"Fa\u00e7ons de souligner les \u00e9tapes importantes - Lymphoma Canada\",\"isPartOf\":{\"@id\":\"https:\/\/www.lymphoma.ca\/fr\/#website\"},\"datePublished\":\"2020-03-03T16:13:06+00:00\",\"breadcrumb\":{\"@id\":\"https:\/\/www.lymphoma.ca\/fr\/vivre-apres\/mon-esprit\/passer-a-laction\/marquer-et-celebrer-les-etapes-importantes\/facons-de-souligner-les-etapes-importantes\/#breadcrumb\"},\"inLanguage\":\"fr-FR\",\"potentialAction\":[{\"@type\":\"ReadAction\",\"target\":[\"https:\/\/www.lymphoma.ca\/fr\/vivre-apres\/mon-esprit\/passer-a-laction\/marquer-et-celebrer-les-etapes-importantes\/facons-de-souligner-les-etapes-importantes\/\"]}]},{\"@type\":\"BreadcrumbList\",\"@id\":\"https:\/\/www.lymphoma.ca\/fr\/vivre-apres\/mon-esprit\/passer-a-laction\/marquer-et-celebrer-les-etapes-importantes\/facons-de-souligner-les-etapes-importantes\/#breadcrumb\",\"itemListElement\":[{\"@type\":\"ListItem\",\"position\":1,\"name\":\"Home\",\"item\":\"https:\/\/www.lymphoma.ca\/fr\/\"},{\"@type\":\"ListItem\",\"position\":2,\"name\":\"Vivre apr\u00e8s le Lymphome\",\"item\":\"https:\/\/www.lymphoma.ca\/fr\/vivre-apres\/\"},{\"@type\":\"ListItem\",\"position\":3,\"name\":\"Mon esprit &#8211; Introduction\",\"item\":\"https:\/\/www.lymphoma.ca\/fr\/vivre-apres\/mon-esprit\/\"},{\"@type\":\"ListItem\",\"position\":4,\"name\":\"Passer \u00e0 l&rsquo;action\",\"item\":\"https:\/\/www.lymphoma.ca\/fr\/vivre-apres\/mon-esprit\/passer-a-laction\/\"},{\"@type\":\"ListItem\",\"position\":5,\"name\":\"Marquer et c\u00e9l\u00e9brer les \u00e9tapes importantes\",\"item\":\"https:\/\/www.lymphoma.ca\/fr\/vivre-apres\/mon-esprit\/passer-a-laction\/marquer-et-celebrer-les-etapes-importantes\/\"},{\"@type\":\"ListItem\",\"position\":6,\"name\":\"Fa\u00e7ons de souligner les \u00e9tapes importantes\"}]},{\"@type\":\"WebSite\",\"@id\":\"https:\/\/www.lymphoma.ca\/fr\/#website\",\"url\":\"https:\/\/www.lymphoma.ca\/fr\/\",\"name\":\"Lymphoma Canada\",\"description\":\"Information. Help. Hope.\",\"publisher\":{\"@id\":\"https:\/\/www.lymphoma.ca\/fr\/#organization\"},\"potentialAction\":[{\"@type\":\"SearchAction\",\"target\":{\"@type\":\"EntryPoint\",\"urlTemplate\":\"https:\/\/www.lymphoma.ca\/fr\/?s={search_term_string}\"},\"query-input\":{\"@type\":\"PropertyValueSpecification\",\"valueRequired\":true,\"valueName\":\"search_term_string\"}}],\"inLanguage\":\"fr-FR\"},{\"@type\":\"Organization\",\"@id\":\"https:\/\/www.lymphoma.ca\/fr\/#organization\",\"name\":\"Lymphoma Canada\",\"url\":\"https:\/\/www.lymphoma.ca\/fr\/\",\"logo\":{\"@type\":\"ImageObject\",\"inLanguage\":\"fr-FR\",\"@id\":\"https:\/\/www.lymphoma.ca\/fr\/#\/schema\/logo\/image\/\",\"url\":\"https:\/\/www.lymphoma.ca\/wp-content\/uploads\/2023\/05\/logo-lymphoma.jpg\",\"contentUrl\":\"https:\/\/www.lymphoma.ca\/wp-content\/uploads\/2023\/05\/logo-lymphoma.jpg\",\"width\":343,\"height\":343,\"caption\":\"Lymphoma Canada\"},\"image\":{\"@id\":\"https:\/\/www.lymphoma.ca\/fr\/#\/schema\/logo\/image\/\"},\"sameAs\":[\"https:\/\/www.facebook.com\/LymphomaCanada\",\"https:\/\/x.com\/lymphomacanada\",\"https:\/\/www.linkedin.com\/company\/lymphoma-canada\/\",\"http:\/\/instagram.com\/lymphomacanada\",\"http:\/\/www.youtube.com\/user\/LymphomaTV\"]}]}<\/script>\n<!-- \/ Yoast SEO plugin. -->","yoast_head_json":{"title":"Fa\u00e7ons de souligner les \u00e9tapes importantes - Lymphoma Canada","robots":{"index":"index","follow":"follow","max-snippet":"max-snippet:-1","max-image-preview":"max-image-preview:large","max-video-preview":"max-video-preview:-1"},"canonical":"https:\/\/www.lymphoma.ca\/fr\/vivre-apres\/mon-esprit\/passer-a-laction\/marquer-et-celebrer-les-etapes-importantes\/facons-de-souligner-les-etapes-importantes\/","og_locale":"fr_FR","og_type":"article","og_title":"Fa\u00e7ons de souligner les \u00e9tapes importantes - Lymphoma Canada","og_description":"Voici quelques fa\u00e7ons de reconna\u00eetre et souligner les \u00e9tapes importantes de votre maladie\u00a0: R\u00e9fl\u00e9chissez \u00e0 votre exp\u00e9rience\u00a0:\u00a0vous pouvez examiner votre exp\u00e9rience avec le lymphome en priv\u00e9, que ce soit en...","og_url":"https:\/\/www.lymphoma.ca\/fr\/vivre-apres\/mon-esprit\/passer-a-laction\/marquer-et-celebrer-les-etapes-importantes\/facons-de-souligner-les-etapes-importantes\/","og_site_name":"Lymphoma Canada","article_publisher":"https:\/\/www.facebook.com\/LymphomaCanada","twitter_card":"summary_large_image","twitter_site":"@lymphomacanada","twitter_misc":{"Dur\u00e9e de lecture estim\u00e9e":"1 minute"},"schema":{"@context":"https:\/\/schema.org","@graph":[{"@type":"WebPage","@id":"https:\/\/www.lymphoma.ca\/fr\/vivre-apres\/mon-esprit\/passer-a-laction\/marquer-et-celebrer-les-etapes-importantes\/facons-de-souligner-les-etapes-importantes\/","url":"https:\/\/www.lymphoma.ca\/fr\/vivre-apres\/mon-esprit\/passer-a-laction\/marquer-et-celebrer-les-etapes-importantes\/facons-de-souligner-les-etapes-importantes\/","name":"Fa\u00e7ons de souligner les \u00e9tapes importantes - Lymphoma Canada","isPartOf":{"@id":"https:\/\/www.lymphoma.ca\/fr\/#website"},"datePublished":"2020-03-03T16:13:06+00:00","breadcrumb":{"@id":"https:\/\/www.lymphoma.ca\/fr\/vivre-apres\/mon-esprit\/passer-a-laction\/marquer-et-celebrer-les-etapes-importantes\/facons-de-souligner-les-etapes-importantes\/#breadcrumb"},"inLanguage":"fr-FR","potentialAction":[{"@type":"ReadAction","target":["https:\/\/www.lymphoma.ca\/fr\/vivre-apres\/mon-esprit\/passer-a-laction\/marquer-et-celebrer-les-etapes-importantes\/facons-de-souligner-les-etapes-importantes\/"]}]},{"@type":"BreadcrumbList","@id":"https:\/\/www.lymphoma.ca\/fr\/vivre-apres\/mon-esprit\/passer-a-laction\/marquer-et-celebrer-les-etapes-importantes\/facons-de-souligner-les-etapes-importantes\/#breadcrumb","itemListElement":[{"@type":"ListItem","position":1,"name":"Home","item":"https:\/\/www.lymphoma.ca\/fr\/"},{"@type":"ListItem","position":2,"name":"Vivre apr\u00e8s le Lymphome","item":"https:\/\/www.lymphoma.ca\/fr\/vivre-apres\/"},{"@type":"ListItem","position":3,"name":"Mon esprit &#8211; Introduction","item":"https:\/\/www.lymphoma.ca\/fr\/vivre-apres\/mon-esprit\/"},{"@type":"ListItem","position":4,"name":"Passer \u00e0 l&rsquo;action","item":"https:\/\/www.lymphoma.ca\/fr\/vivre-apres\/mon-esprit\/passer-a-laction\/"},{"@type":"ListItem","position":5,"name":"Marquer et c\u00e9l\u00e9brer les \u00e9tapes importantes","item":"https:\/\/www.lymphoma.ca\/fr\/vivre-apres\/mon-esprit\/passer-a-laction\/marquer-et-celebrer-les-etapes-importantes\/"},{"@type":"ListItem","position":6,"name":"Fa\u00e7ons de souligner les \u00e9tapes importantes"}]},{"@type":"WebSite","@id":"https:\/\/www.lymphoma.ca\/fr\/#website","url":"https:\/\/www.lymphoma.ca\/fr\/","name":"Lymphoma Canada","description":"Information. Help. Hope.","publisher":{"@id":"https:\/\/www.lymphoma.ca\/fr\/#organization"},"potentialAction":[{"@type":"SearchAction","target":{"@type":"EntryPoint","urlTemplate":"https:\/\/www.lymphoma.ca\/fr\/?s={search_term_string}"},"query-input":{"@type":"PropertyValueSpecification","valueRequired":true,"valueName":"search_term_string"}}],"inLanguage":"fr-FR"},{"@type":"Organization","@id":"https:\/\/www.lymphoma.ca\/fr\/#organization","name":"Lymphoma Canada","url":"https:\/\/www.lymphoma.ca\/fr\/","logo":{"@type":"ImageObject","inLanguage":"fr-FR","@id":"https:\/\/www.lymphoma.ca\/fr\/#\/schema\/logo\/image\/","url":"https:\/\/www.lymphoma.ca\/wp-content\/uploads\/2023\/05\/logo-lymphoma.jpg","contentUrl":"https:\/\/www.lymphoma.ca\/wp-content\/uploads\/2023\/05\/logo-lymphoma.jpg","width":343,"height":343,"caption":"Lymphoma Canada"},"image":{"@id":"https:\/\/www.lymphoma.ca\/fr\/#\/schema\/logo\/image\/"},"sameAs":["https:\/\/www.facebook.com\/LymphomaCanada","https:\/\/x.com\/lymphomacanada","https:\/\/www.linkedin.com\/company\/lymphoma-canada\/","http:\/\/instagram.com\/lymphomacanada","http:\/\/www.youtube.com\/user\/LymphomaTV"]}]}},"_links":{"self":[{"href":"https:\/\/www.lymphoma.ca\/fr\/wp-json\/wp\/v2\/pages\/5471","targetHints":{"allow":["GET"]}}],"collection":[{"href":"https:\/\/www.lymphoma.ca\/fr\/wp-json\/wp\/v2\/pages"}],"about":[{"href":"https:\/\/www.lymphoma.ca\/fr\/wp-json\/wp\/v2\/types\/page"}],"author":[{"embeddable":true,"href":"https:\/\/www.lymphoma.ca\/fr\/wp-json\/wp\/v2\/users\/27"}],"replies":[{"embeddable":true,"href":"https:\/\/www.lymphoma.ca\/fr\/wp-json\/wp\/v2\/comments?post=5471"}],"version-history":[{"count":1,"href":"https:\/\/www.lymphoma.ca\/fr\/wp-json\/wp\/v2\/pages\/5471\/revisions"}],"predecessor-version":[{"id":5472,"href":"https:\/\/www.lymphoma.ca\/fr\/wp-json\/wp\/v2\/pages\/5471\/revisions\/5472"}],"up":[{"embeddable":true,"href":"https:\/\/www.lymphoma.ca\/fr\/wp-json\/wp\/v2\/pages\/5469"}],"wp:attachment":[{"href":"https:\/\/www.lymphoma.ca\/fr\/wp-json\/wp\/v2\/media?parent=5471"}],"wp:term":[{"taxonomy":"category","embeddable":true,"href":"https:\/\/www.lymphoma.ca\/fr\/wp-json\/wp\/v2\/categories?post=5471"},{"taxonomy":"post_tag","embeddable":true,"href":"https:\/\/www.lymphoma.ca\/fr\/wp-json\/wp\/v2\/tags?post=5471"}],"curies":[{"name":"wp","href":"https:\/\/api.w.org\/{rel}","templated":true}]}}