{"id":5473,"date":"2020-03-03T16:14:53","date_gmt":"2020-03-03T16:14:53","guid":{"rendered":"https:\/\/www.lymphoma.ca\/?page_id=5473"},"modified":"2020-03-03T16:14:53","modified_gmt":"2020-03-03T16:14:53","slug":"raconter-son-histoire","status":"publish","type":"page","link":"https:\/\/www.lymphoma.ca\/fr\/vivre-apres\/mon-esprit\/passer-a-laction\/raconter-son-histoire\/","title":{"rendered":"Raconter son histoire"},"content":{"rendered":"<p>La fa\u00e7on de relater son exp\u00e9rience avec le lymphome peut varier d&rsquo;une personne \u00e0 l&rsquo;autre, mais aussi selon le moment et la situation. Cela est parfaitement normal.<\/p>\n<p>Discuter avec d&rsquo;autres personnes de son exp\u00e9rience avec le lymphome pr\u00e9suppose le partage d&rsquo;informations personnelles, ce qui est un choix qui vous revient. Il peut arriver que vous ayez le go\u00fbt de raconter une anecdote li\u00e9e \u00e0 votre lymphome. \u00c0 d&rsquo;autres moments, ce sont les autres qui pourraient vous poser des questions. C&rsquo;est \u00e0 vous de d\u00e9cider la quantit\u00e9 d&rsquo;information que vous voulez partager, quelles que soient les questions soulev\u00e9es. Certaines personnes sont capables de parler d&rsquo;elles-m\u00eames facilement, tandis que d&rsquo;autres pr\u00e9f\u00e8rent ne pas d\u00e9voiler certains d\u00e9tails. Vous devez \u00eatre \u00e0 l&rsquo;aise avec ce que vous exprimez, le moment o\u00f9 vous le faites et les personnes avec qui vous le partagez. Rappelez-vous que vous pouvez changer d&rsquo;avis et interrompre votre r\u00e9cit m\u00eame apr\u00e8s le d\u00e9but de votre conversation.<\/p>\n<p>En revanche, le fait de parler de votre situation \u00e0 d&rsquo;autres personnes, comme votre famille ou vos amis, qui pourraient vous poser certaines questions, permet souvent de r\u00e9soudre des probl\u00e8mes.<\/p>\n<h3>Commencer la conversation<\/h3>\n<p>Si vous avez de la difficult\u00e9 \u00e0 parler de votre exp\u00e9rience avec le lymphome, il peut \u00eatre utile de noter d&rsquo;avance les principaux points que vous souhaitez partager. Inscrivez le plus de d\u00e9tails ou d&rsquo;informations possible. Apr\u00e8s avoir not\u00e9 le tout, pratiquez \u00e0 voix haute le r\u00e9cit de votre histoire. Vous pouvez commencer en priv\u00e9, en parlant \u00e0 voix haute, puis r\u00e9p\u00e9tez votre r\u00e9cit \u00e0 un ami ou \u00e0 un membre de la famille digne de confiance.<\/p>\n<p>Pendant que vous vous exercerez \u00e0 noter et \u00e0 raconter votre exp\u00e9rience, il serait utile de r\u00e9fl\u00e9chir aux questions ou aux r\u00e9actions que vous pourriez susciter. Cela vous donne l&rsquo;occasion de penser \u00e0 ce que vous r\u00e9pondriez.<\/p>\n<p>Bien souvent, les gens veulent offrir leur aide; c&rsquo;est pourquoi vous pouvez r\u00e9fl\u00e9chir pr\u00e9alablement au type d&rsquo;aide dont vous pourriez avoir besoin afin de l&rsquo;exprimer clairement par la suite. Certaines personnes peuvent poser des questions potentiellement indiscr\u00e8tes, qui vous rendent mal \u00e0 l&rsquo;aise. Il est donc utile de penser d&rsquo;avance \u00e0 ce que vous leur r\u00e9pondriez de fa\u00e7on polie. Dans d&rsquo;autres situations, il est possible que vous rencontriez une personne int\u00e9ress\u00e9e et remplie de compassion, avec qui vous serez \u00e0 l\u2019aise de partager autant d&rsquo;information que vous le voulez, et qui vous offre encouragements et soutien en retour.<\/p>\n<p>C&rsquo;est \u00e0 vous de d\u00e9terminer \u00e0 qui raconter votre histoire et dans quelles circonstances. N&rsquo;expliquez que ce que vous jugez n\u00e9cessaire et appropri\u00e9 selon chaque situation.<\/p>\n<h4>Documentation de r\u00e9f\u00e9rence\u00a0:<\/h4>\n<p><a href=\"http:\/\/www.cancer.org\/treatment\/understandingyourdiagnosis\/talkingaboutcancer\/talking-with-friends-and-relatives-about-your-cancer\" target=\"_blank\" rel=\"noopener noreferrer\">American Cancer Society. Talking With Friends and Relatives About Your Cancer. R\u00e9vis\u00e9 le 30\u00a0mai 2013<\/a><a href=\"http:\/\/www.cancer.org\/treatment\/understandingyourdiagnosis\/talkingaboutcancer\/talking-with-friends-and-relatives-about-your-cancer\" target=\"_blank\" rel=\"noopener noreferrer\">.<br \/>\n<\/a>Consult\u00e9 le 27\u00a0mai 2014.<\/p>\n<p><a href=\"http:\/\/www.cancer.net\/survivorship\/life-after-cancer\/sharing-your-story\" target=\"_blank\" rel=\"noopener noreferrer\">Cancer.Net. Sharing Your Story.<br \/>\n<\/a>Consult\u00e9 le 27\u00a0mai 2014.<\/p>\n","protected":false},"excerpt":{"rendered":"<p>La fa\u00e7on de relater son exp\u00e9rience avec le lymphome peut varier d&rsquo;une personne \u00e0 l&rsquo;autre, mais aussi selon le moment et la situation. Cela est parfaitement normal. Discuter avec d&rsquo;autres&#8230;<\/p>\n","protected":false},"author":27,"featured_media":0,"parent":5462,"menu_order":1,"comment_status":"closed","ping_status":"closed","template":"page-sidebar.php","meta":{"_acf_changed":false,"footnotes":""},"categories":[],"tags":[],"class_list":["post-5473","page","type-page","status-publish"],"acf":[],"yoast_head":"<!-- This site is optimized with the Yoast SEO plugin v26.7 - https:\/\/yoast.com\/wordpress\/plugins\/seo\/ -->\n<title>Raconter son histoire - Lymphoma Canada<\/title>\n<meta name=\"robots\" content=\"index, follow, max-snippet:-1, max-image-preview:large, max-video-preview:-1\" \/>\n<link rel=\"canonical\" href=\"https:\/\/www.lymphoma.ca\/fr\/vivre-apres\/mon-esprit\/passer-a-laction\/raconter-son-histoire\/\" \/>\n<meta property=\"og:locale\" content=\"fr_FR\" \/>\n<meta property=\"og:type\" content=\"article\" \/>\n<meta property=\"og:title\" content=\"Raconter son histoire - Lymphoma Canada\" \/>\n<meta property=\"og:description\" content=\"La fa\u00e7on de relater son exp\u00e9rience avec le lymphome peut varier d&rsquo;une personne \u00e0 l&rsquo;autre, mais aussi selon le moment et la situation. Cela est parfaitement normal. Discuter avec d&rsquo;autres...\" \/>\n<meta property=\"og:url\" content=\"https:\/\/www.lymphoma.ca\/fr\/vivre-apres\/mon-esprit\/passer-a-laction\/raconter-son-histoire\/\" \/>\n<meta property=\"og:site_name\" content=\"Lymphoma Canada\" \/>\n<meta property=\"article:publisher\" content=\"https:\/\/www.facebook.com\/LymphomaCanada\" \/>\n<meta name=\"twitter:card\" content=\"summary_large_image\" \/>\n<meta name=\"twitter:site\" content=\"@lymphomacanada\" \/>\n<meta name=\"twitter:label1\" content=\"Dur\u00e9e de lecture estim\u00e9e\" \/>\n\t<meta name=\"twitter:data1\" content=\"2 minutes\" \/>\n<script type=\"application\/ld+json\" class=\"yoast-schema-graph\">{\"@context\":\"https:\/\/schema.org\",\"@graph\":[{\"@type\":\"WebPage\",\"@id\":\"https:\/\/www.lymphoma.ca\/fr\/vivre-apres\/mon-esprit\/passer-a-laction\/raconter-son-histoire\/\",\"url\":\"https:\/\/www.lymphoma.ca\/fr\/vivre-apres\/mon-esprit\/passer-a-laction\/raconter-son-histoire\/\",\"name\":\"Raconter son histoire - Lymphoma Canada\",\"isPartOf\":{\"@id\":\"https:\/\/www.lymphoma.ca\/fr\/#website\"},\"datePublished\":\"2020-03-03T16:14:53+00:00\",\"breadcrumb\":{\"@id\":\"https:\/\/www.lymphoma.ca\/fr\/vivre-apres\/mon-esprit\/passer-a-laction\/raconter-son-histoire\/#breadcrumb\"},\"inLanguage\":\"fr-FR\",\"potentialAction\":[{\"@type\":\"ReadAction\",\"target\":[\"https:\/\/www.lymphoma.ca\/fr\/vivre-apres\/mon-esprit\/passer-a-laction\/raconter-son-histoire\/\"]}]},{\"@type\":\"BreadcrumbList\",\"@id\":\"https:\/\/www.lymphoma.ca\/fr\/vivre-apres\/mon-esprit\/passer-a-laction\/raconter-son-histoire\/#breadcrumb\",\"itemListElement\":[{\"@type\":\"ListItem\",\"position\":1,\"name\":\"Home\",\"item\":\"https:\/\/www.lymphoma.ca\/fr\/\"},{\"@type\":\"ListItem\",\"position\":2,\"name\":\"Vivre apr\u00e8s le Lymphome\",\"item\":\"https:\/\/www.lymphoma.ca\/fr\/vivre-apres\/\"},{\"@type\":\"ListItem\",\"position\":3,\"name\":\"Mon esprit &#8211; Introduction\",\"item\":\"https:\/\/www.lymphoma.ca\/fr\/vivre-apres\/mon-esprit\/\"},{\"@type\":\"ListItem\",\"position\":4,\"name\":\"Passer \u00e0 l&rsquo;action\",\"item\":\"https:\/\/www.lymphoma.ca\/fr\/vivre-apres\/mon-esprit\/passer-a-laction\/\"},{\"@type\":\"ListItem\",\"position\":5,\"name\":\"Raconter son histoire\"}]},{\"@type\":\"WebSite\",\"@id\":\"https:\/\/www.lymphoma.ca\/fr\/#website\",\"url\":\"https:\/\/www.lymphoma.ca\/fr\/\",\"name\":\"Lymphoma Canada\",\"description\":\"Information. Help. Hope.\",\"publisher\":{\"@id\":\"https:\/\/www.lymphoma.ca\/fr\/#organization\"},\"potentialAction\":[{\"@type\":\"SearchAction\",\"target\":{\"@type\":\"EntryPoint\",\"urlTemplate\":\"https:\/\/www.lymphoma.ca\/fr\/?s={search_term_string}\"},\"query-input\":{\"@type\":\"PropertyValueSpecification\",\"valueRequired\":true,\"valueName\":\"search_term_string\"}}],\"inLanguage\":\"fr-FR\"},{\"@type\":\"Organization\",\"@id\":\"https:\/\/www.lymphoma.ca\/fr\/#organization\",\"name\":\"Lymphoma Canada\",\"url\":\"https:\/\/www.lymphoma.ca\/fr\/\",\"logo\":{\"@type\":\"ImageObject\",\"inLanguage\":\"fr-FR\",\"@id\":\"https:\/\/www.lymphoma.ca\/fr\/#\/schema\/logo\/image\/\",\"url\":\"https:\/\/www.lymphoma.ca\/wp-content\/uploads\/2023\/05\/logo-lymphoma.jpg\",\"contentUrl\":\"https:\/\/www.lymphoma.ca\/wp-content\/uploads\/2023\/05\/logo-lymphoma.jpg\",\"width\":343,\"height\":343,\"caption\":\"Lymphoma Canada\"},\"image\":{\"@id\":\"https:\/\/www.lymphoma.ca\/fr\/#\/schema\/logo\/image\/\"},\"sameAs\":[\"https:\/\/www.facebook.com\/LymphomaCanada\",\"https:\/\/x.com\/lymphomacanada\",\"https:\/\/www.linkedin.com\/company\/lymphoma-canada\/\",\"http:\/\/instagram.com\/lymphomacanada\",\"http:\/\/www.youtube.com\/user\/LymphomaTV\"]}]}<\/script>\n<!-- \/ Yoast SEO plugin. -->","yoast_head_json":{"title":"Raconter son histoire - Lymphoma Canada","robots":{"index":"index","follow":"follow","max-snippet":"max-snippet:-1","max-image-preview":"max-image-preview:large","max-video-preview":"max-video-preview:-1"},"canonical":"https:\/\/www.lymphoma.ca\/fr\/vivre-apres\/mon-esprit\/passer-a-laction\/raconter-son-histoire\/","og_locale":"fr_FR","og_type":"article","og_title":"Raconter son histoire - Lymphoma Canada","og_description":"La fa\u00e7on de relater son exp\u00e9rience avec le lymphome peut varier d&rsquo;une personne \u00e0 l&rsquo;autre, mais aussi selon le moment et la situation. Cela est parfaitement normal. Discuter avec d&rsquo;autres...","og_url":"https:\/\/www.lymphoma.ca\/fr\/vivre-apres\/mon-esprit\/passer-a-laction\/raconter-son-histoire\/","og_site_name":"Lymphoma Canada","article_publisher":"https:\/\/www.facebook.com\/LymphomaCanada","twitter_card":"summary_large_image","twitter_site":"@lymphomacanada","twitter_misc":{"Dur\u00e9e de lecture estim\u00e9e":"2 minutes"},"schema":{"@context":"https:\/\/schema.org","@graph":[{"@type":"WebPage","@id":"https:\/\/www.lymphoma.ca\/fr\/vivre-apres\/mon-esprit\/passer-a-laction\/raconter-son-histoire\/","url":"https:\/\/www.lymphoma.ca\/fr\/vivre-apres\/mon-esprit\/passer-a-laction\/raconter-son-histoire\/","name":"Raconter son histoire - Lymphoma Canada","isPartOf":{"@id":"https:\/\/www.lymphoma.ca\/fr\/#website"},"datePublished":"2020-03-03T16:14:53+00:00","breadcrumb":{"@id":"https:\/\/www.lymphoma.ca\/fr\/vivre-apres\/mon-esprit\/passer-a-laction\/raconter-son-histoire\/#breadcrumb"},"inLanguage":"fr-FR","potentialAction":[{"@type":"ReadAction","target":["https:\/\/www.lymphoma.ca\/fr\/vivre-apres\/mon-esprit\/passer-a-laction\/raconter-son-histoire\/"]}]},{"@type":"BreadcrumbList","@id":"https:\/\/www.lymphoma.ca\/fr\/vivre-apres\/mon-esprit\/passer-a-laction\/raconter-son-histoire\/#breadcrumb","itemListElement":[{"@type":"ListItem","position":1,"name":"Home","item":"https:\/\/www.lymphoma.ca\/fr\/"},{"@type":"ListItem","position":2,"name":"Vivre apr\u00e8s le Lymphome","item":"https:\/\/www.lymphoma.ca\/fr\/vivre-apres\/"},{"@type":"ListItem","position":3,"name":"Mon esprit &#8211; Introduction","item":"https:\/\/www.lymphoma.ca\/fr\/vivre-apres\/mon-esprit\/"},{"@type":"ListItem","position":4,"name":"Passer \u00e0 l&rsquo;action","item":"https:\/\/www.lymphoma.ca\/fr\/vivre-apres\/mon-esprit\/passer-a-laction\/"},{"@type":"ListItem","position":5,"name":"Raconter son histoire"}]},{"@type":"WebSite","@id":"https:\/\/www.lymphoma.ca\/fr\/#website","url":"https:\/\/www.lymphoma.ca\/fr\/","name":"Lymphoma Canada","description":"Information. Help. Hope.","publisher":{"@id":"https:\/\/www.lymphoma.ca\/fr\/#organization"},"potentialAction":[{"@type":"SearchAction","target":{"@type":"EntryPoint","urlTemplate":"https:\/\/www.lymphoma.ca\/fr\/?s={search_term_string}"},"query-input":{"@type":"PropertyValueSpecification","valueRequired":true,"valueName":"search_term_string"}}],"inLanguage":"fr-FR"},{"@type":"Organization","@id":"https:\/\/www.lymphoma.ca\/fr\/#organization","name":"Lymphoma Canada","url":"https:\/\/www.lymphoma.ca\/fr\/","logo":{"@type":"ImageObject","inLanguage":"fr-FR","@id":"https:\/\/www.lymphoma.ca\/fr\/#\/schema\/logo\/image\/","url":"https:\/\/www.lymphoma.ca\/wp-content\/uploads\/2023\/05\/logo-lymphoma.jpg","contentUrl":"https:\/\/www.lymphoma.ca\/wp-content\/uploads\/2023\/05\/logo-lymphoma.jpg","width":343,"height":343,"caption":"Lymphoma Canada"},"image":{"@id":"https:\/\/www.lymphoma.ca\/fr\/#\/schema\/logo\/image\/"},"sameAs":["https:\/\/www.facebook.com\/LymphomaCanada","https:\/\/x.com\/lymphomacanada","https:\/\/www.linkedin.com\/company\/lymphoma-canada\/","http:\/\/instagram.com\/lymphomacanada","http:\/\/www.youtube.com\/user\/LymphomaTV"]}]}},"_links":{"self":[{"href":"https:\/\/www.lymphoma.ca\/fr\/wp-json\/wp\/v2\/pages\/5473","targetHints":{"allow":["GET"]}}],"collection":[{"href":"https:\/\/www.lymphoma.ca\/fr\/wp-json\/wp\/v2\/pages"}],"about":[{"href":"https:\/\/www.lymphoma.ca\/fr\/wp-json\/wp\/v2\/types\/page"}],"author":[{"embeddable":true,"href":"https:\/\/www.lymphoma.ca\/fr\/wp-json\/wp\/v2\/users\/27"}],"replies":[{"embeddable":true,"href":"https:\/\/www.lymphoma.ca\/fr\/wp-json\/wp\/v2\/comments?post=5473"}],"version-history":[{"count":1,"href":"https:\/\/www.lymphoma.ca\/fr\/wp-json\/wp\/v2\/pages\/5473\/revisions"}],"predecessor-version":[{"id":5474,"href":"https:\/\/www.lymphoma.ca\/fr\/wp-json\/wp\/v2\/pages\/5473\/revisions\/5474"}],"up":[{"embeddable":true,"href":"https:\/\/www.lymphoma.ca\/fr\/wp-json\/wp\/v2\/pages\/5462"}],"wp:attachment":[{"href":"https:\/\/www.lymphoma.ca\/fr\/wp-json\/wp\/v2\/media?parent=5473"}],"wp:term":[{"taxonomy":"category","embeddable":true,"href":"https:\/\/www.lymphoma.ca\/fr\/wp-json\/wp\/v2\/categories?post=5473"},{"taxonomy":"post_tag","embeddable":true,"href":"https:\/\/www.lymphoma.ca\/fr\/wp-json\/wp\/v2\/tags?post=5473"}],"curies":[{"name":"wp","href":"https:\/\/api.w.org\/{rel}","templated":true}]}}