{"id":5479,"date":"2020-03-03T16:22:57","date_gmt":"2020-03-03T16:22:57","guid":{"rendered":"https:\/\/www.lymphoma.ca\/?page_id=5479"},"modified":"2022-01-14T18:55:12","modified_gmt":"2022-01-14T18:55:12","slug":"sengager","status":"publish","type":"page","link":"https:\/\/www.lymphoma.ca\/fr\/vivre-apres\/mon-esprit\/passer-a-laction\/sengager\/","title":{"rendered":"S&rsquo;engager"},"content":{"rendered":"<h3>Faire du b\u00e9n\u00e9volat<\/h3>\n<p>Vous pouvez vous rendre \u00e0 votre tour utile \u00e0 ceux qui vous ont entour\u00e9 pendant votre maladie, notamment en faisant du b\u00e9n\u00e9volat dans un organisme pour patients atteints d&rsquo;un lymphome tel Lymphome\u00a0Canada ou \u00e0 votre centre local de traitement du cancer. Pour faire du b\u00e9n\u00e9volat\u00a0et en savoir plus sur le b\u00e9n\u00e9volat \u00e0 Lymphome Canada cliquez\u00a0<a title=\"Benevoles\" href=\"https:\/\/www.lymphoma.ca\/fr\/participez\/benevoles\/\" target=\"_blank\" rel=\"noopener noreferrer\">sur ce<\/a>\u00a0lien.<\/p>\n<h3>Collecte de dons<\/h3>\n<p>Vous pouvez participer \u00e0 la planification ou \u00e0 l&rsquo;ex\u00e9cution d&rsquo;activit\u00e9s de financement locales et nationales qui appuient la recherche sur le cancer ou la sensibilisation des patients et aident des groupes de patients comme Lymphome Canada. Pour en savoir plus sur les diff\u00e9rentes possibilit\u00e9s et obtenir de plus amples renseignements cliquez sur\u00a0<a title=\"Participez\" href=\"https:\/\/www.lymphoma.ca\/fr\/participez\/\" target=\"_blank\" rel=\"noopener noreferrer\">ce lien<\/a>.<\/p>\n<h3>Plaidoyer public<\/h3>\n<p>Le plaidoyer est un acte qui consiste \u00e0 appuyer ou \u00e0 d\u00e9fendre les int\u00e9r\u00eats d&rsquo;un enjeu particulier, d&rsquo;une id\u00e9e ou d&rsquo;une personne donn\u00e9e. Les personnes, les organismes, les entreprises et les gouvernements peuvent tous plaider pour une cause. Pour une personne ayant combattu un cancer, devenir promoteur de la cause peut s&rsquo;av\u00e9rer une exp\u00e9rience positive et valorisante. Assurez-vous de bien explorer toutes les occasions diff\u00e9rentes afin de d\u00e9terminer comment utiliser le mieux possible vos int\u00e9r\u00eats, vos comp\u00e9tences et vos aptitudes. Par exemple, consid\u00e9rez les actions suivantes\u00a0:<\/p>\n<ul>\n<li><strong>Sensibilisation du public\u00a0:<\/strong>\u00a0Vous pouvez participer tant au niveau local que national \u00e0 la sensibilisation et \u00e0 l&rsquo;\u00e9ducation du public au sujet de questions reli\u00e9es au cancer (p.\u00a0ex. d\u00e9pistage et d\u00e9tection pr\u00e9coces). Certains enjeux peuvent n\u00e9cessiter la participation de m\u00e9dias locaux et nationaux ou des discussions avec des groupes religieux ou civiques. Parmi les autres sujets potentiels, il peut y avoir l&rsquo;acc\u00e8s aux assurances, la discrimination en mati\u00e8re d&#8217;emploi et les disparit\u00e9s en mati\u00e8re de soins.<\/li>\n<li><strong>Changements des politiques publiques\u00a0:<\/strong>\u00a0L&rsquo;expression massive du public et les appels collectifs sont la meilleure fa\u00e7on de changer certaines politiques publiques. S&rsquo;engager peut \u00eatre aussi simple que signer une p\u00e9tition, envoyer un tweet ou afficher des messages sur Facebook. Vous pouvez \u00e9galement envoyer une lettre ou t\u00e9l\u00e9phoner \u00e0 votre d\u00e9put\u00e9 f\u00e9d\u00e9ral ou provincial ou \u00e0 votre conseiller municipal. Vous pouvez aussi envisager de travailler avec diff\u00e9rentes \u00e9quipes de d\u00e9fense des int\u00e9r\u00eats \u00e0 l&rsquo;\u00e9chelle locale, provinciale ou nationale.<\/li>\n<\/ul>\n<p>Pour en savoir plus, cliquez sur\u00a0<a title=\"Plaidoyer Public\" href=\"https:\/\/www.lymphoma.ca\/fr\/plaidoyer-public\/\" target=\"_blank\" rel=\"noopener noreferrer\">ce lien<\/a>\u00a0qui vous m\u00e8nera \u00e0 la page \u00ab\u00a0plaidoyer public\u00a0\u00bb\u00a0du site Web de Lymphome Canada.<\/p>\n<h4>Documentation de r\u00e9f\u00e9rence\u00a0:<\/h4>\n<p><a href=\"http:\/\/www.cancer.ca\/fr-ca\/get-involved\/take-action\/what-you-can-do\/?region=qc\" target=\"_blank\" rel=\"noopener noreferrer\">Soci\u00e9t\u00e9 canadienne du cancer. Ce que vous pouvez faire<\/a><a href=\"http:\/\/www.cancer.ca\/fr-ca\/get-involved\/take-action\/what-you-can-do\/?region=qc\" target=\"_blank\" rel=\"noopener noreferrer\">.<br \/>\n<\/a>Consult\u00e9 le 27\u00a0mai 2014.<\/p>\n<p><a href=\"http:\/\/www.cancer.net\/survivorship\/making-difference\" target=\"_blank\" rel=\"noopener noreferrer\">Cancer.Net. Making a Difference.<br \/>\n<\/a>Consult\u00e9 le 27\u00a0mai 2014.<\/p>\n<p><a href=\"https:\/\/www.lymphoma.ca\/fr\/cheminement-du-patient\/apercu-du-soutien\/plaidoyer-du-patient\/\" target=\"_blank\" rel=\"noopener noreferrer\">Lymphome\u00a0Canada. D\u00e9fense des int\u00e9r\u00eats des patients<\/a>.<br \/>\nConsult\u00e9 le 27\u00a0mai 2014.<\/p>\n","protected":false},"excerpt":{"rendered":"<p>Faire du b\u00e9n\u00e9volat Vous pouvez vous rendre \u00e0 votre tour utile \u00e0 ceux qui vous ont entour\u00e9 pendant votre maladie, notamment en faisant du b\u00e9n\u00e9volat dans un organisme pour patients&#8230;<\/p>\n","protected":false},"author":27,"featured_media":0,"parent":5462,"menu_order":3,"comment_status":"closed","ping_status":"closed","template":"page-sidebar.php","meta":{"_acf_changed":false,"footnotes":""},"categories":[],"tags":[],"class_list":["post-5479","page","type-page","status-publish"],"acf":[],"yoast_head":"<!-- This site is optimized with the Yoast SEO plugin v26.7 - https:\/\/yoast.com\/wordpress\/plugins\/seo\/ -->\n<title>S&#039;engager - Lymphoma Canada<\/title>\n<meta name=\"robots\" content=\"index, follow, max-snippet:-1, max-image-preview:large, max-video-preview:-1\" \/>\n<link rel=\"canonical\" href=\"https:\/\/www.lymphoma.ca\/fr\/vivre-apres\/mon-esprit\/passer-a-laction\/sengager\/\" \/>\n<meta property=\"og:locale\" content=\"fr_FR\" \/>\n<meta property=\"og:type\" content=\"article\" \/>\n<meta property=\"og:title\" content=\"S&#039;engager - Lymphoma Canada\" \/>\n<meta property=\"og:description\" content=\"Faire du b\u00e9n\u00e9volat Vous pouvez vous rendre \u00e0 votre tour utile \u00e0 ceux qui vous ont entour\u00e9 pendant votre maladie, notamment en faisant du b\u00e9n\u00e9volat dans un organisme pour patients...\" \/>\n<meta property=\"og:url\" content=\"https:\/\/www.lymphoma.ca\/fr\/vivre-apres\/mon-esprit\/passer-a-laction\/sengager\/\" \/>\n<meta property=\"og:site_name\" content=\"Lymphoma Canada\" \/>\n<meta property=\"article:publisher\" content=\"https:\/\/www.facebook.com\/LymphomaCanada\" \/>\n<meta property=\"article:modified_time\" content=\"2022-01-14T18:55:12+00:00\" \/>\n<meta name=\"twitter:card\" content=\"summary_large_image\" \/>\n<meta name=\"twitter:site\" content=\"@lymphomacanada\" \/>\n<meta name=\"twitter:label1\" content=\"Dur\u00e9e de lecture estim\u00e9e\" \/>\n\t<meta name=\"twitter:data1\" content=\"2 minutes\" \/>\n<script type=\"application\/ld+json\" class=\"yoast-schema-graph\">{\"@context\":\"https:\/\/schema.org\",\"@graph\":[{\"@type\":\"WebPage\",\"@id\":\"https:\/\/www.lymphoma.ca\/fr\/vivre-apres\/mon-esprit\/passer-a-laction\/sengager\/\",\"url\":\"https:\/\/www.lymphoma.ca\/fr\/vivre-apres\/mon-esprit\/passer-a-laction\/sengager\/\",\"name\":\"S'engager - Lymphoma Canada\",\"isPartOf\":{\"@id\":\"https:\/\/www.lymphoma.ca\/fr\/#website\"},\"datePublished\":\"2020-03-03T16:22:57+00:00\",\"dateModified\":\"2022-01-14T18:55:12+00:00\",\"breadcrumb\":{\"@id\":\"https:\/\/www.lymphoma.ca\/fr\/vivre-apres\/mon-esprit\/passer-a-laction\/sengager\/#breadcrumb\"},\"inLanguage\":\"fr-FR\",\"potentialAction\":[{\"@type\":\"ReadAction\",\"target\":[\"https:\/\/www.lymphoma.ca\/fr\/vivre-apres\/mon-esprit\/passer-a-laction\/sengager\/\"]}]},{\"@type\":\"BreadcrumbList\",\"@id\":\"https:\/\/www.lymphoma.ca\/fr\/vivre-apres\/mon-esprit\/passer-a-laction\/sengager\/#breadcrumb\",\"itemListElement\":[{\"@type\":\"ListItem\",\"position\":1,\"name\":\"Home\",\"item\":\"https:\/\/www.lymphoma.ca\/fr\/\"},{\"@type\":\"ListItem\",\"position\":2,\"name\":\"Vivre apr\u00e8s le Lymphome\",\"item\":\"https:\/\/www.lymphoma.ca\/fr\/vivre-apres\/\"},{\"@type\":\"ListItem\",\"position\":3,\"name\":\"Mon esprit &#8211; Introduction\",\"item\":\"https:\/\/www.lymphoma.ca\/fr\/vivre-apres\/mon-esprit\/\"},{\"@type\":\"ListItem\",\"position\":4,\"name\":\"Passer \u00e0 l&rsquo;action\",\"item\":\"https:\/\/www.lymphoma.ca\/fr\/vivre-apres\/mon-esprit\/passer-a-laction\/\"},{\"@type\":\"ListItem\",\"position\":5,\"name\":\"S&#8217;engager\"}]},{\"@type\":\"WebSite\",\"@id\":\"https:\/\/www.lymphoma.ca\/fr\/#website\",\"url\":\"https:\/\/www.lymphoma.ca\/fr\/\",\"name\":\"Lymphoma Canada\",\"description\":\"Information. Help. Hope.\",\"publisher\":{\"@id\":\"https:\/\/www.lymphoma.ca\/fr\/#organization\"},\"potentialAction\":[{\"@type\":\"SearchAction\",\"target\":{\"@type\":\"EntryPoint\",\"urlTemplate\":\"https:\/\/www.lymphoma.ca\/fr\/?s={search_term_string}\"},\"query-input\":{\"@type\":\"PropertyValueSpecification\",\"valueRequired\":true,\"valueName\":\"search_term_string\"}}],\"inLanguage\":\"fr-FR\"},{\"@type\":\"Organization\",\"@id\":\"https:\/\/www.lymphoma.ca\/fr\/#organization\",\"name\":\"Lymphoma Canada\",\"url\":\"https:\/\/www.lymphoma.ca\/fr\/\",\"logo\":{\"@type\":\"ImageObject\",\"inLanguage\":\"fr-FR\",\"@id\":\"https:\/\/www.lymphoma.ca\/fr\/#\/schema\/logo\/image\/\",\"url\":\"https:\/\/www.lymphoma.ca\/wp-content\/uploads\/2023\/05\/logo-lymphoma.jpg\",\"contentUrl\":\"https:\/\/www.lymphoma.ca\/wp-content\/uploads\/2023\/05\/logo-lymphoma.jpg\",\"width\":343,\"height\":343,\"caption\":\"Lymphoma Canada\"},\"image\":{\"@id\":\"https:\/\/www.lymphoma.ca\/fr\/#\/schema\/logo\/image\/\"},\"sameAs\":[\"https:\/\/www.facebook.com\/LymphomaCanada\",\"https:\/\/x.com\/lymphomacanada\",\"https:\/\/www.linkedin.com\/company\/lymphoma-canada\/\",\"http:\/\/instagram.com\/lymphomacanada\",\"http:\/\/www.youtube.com\/user\/LymphomaTV\"]}]}<\/script>\n<!-- \/ Yoast SEO plugin. -->","yoast_head_json":{"title":"S'engager - Lymphoma Canada","robots":{"index":"index","follow":"follow","max-snippet":"max-snippet:-1","max-image-preview":"max-image-preview:large","max-video-preview":"max-video-preview:-1"},"canonical":"https:\/\/www.lymphoma.ca\/fr\/vivre-apres\/mon-esprit\/passer-a-laction\/sengager\/","og_locale":"fr_FR","og_type":"article","og_title":"S'engager - Lymphoma Canada","og_description":"Faire du b\u00e9n\u00e9volat Vous pouvez vous rendre \u00e0 votre tour utile \u00e0 ceux qui vous ont entour\u00e9 pendant votre maladie, notamment en faisant du b\u00e9n\u00e9volat dans un organisme pour patients...","og_url":"https:\/\/www.lymphoma.ca\/fr\/vivre-apres\/mon-esprit\/passer-a-laction\/sengager\/","og_site_name":"Lymphoma Canada","article_publisher":"https:\/\/www.facebook.com\/LymphomaCanada","article_modified_time":"2022-01-14T18:55:12+00:00","twitter_card":"summary_large_image","twitter_site":"@lymphomacanada","twitter_misc":{"Dur\u00e9e de lecture estim\u00e9e":"2 minutes"},"schema":{"@context":"https:\/\/schema.org","@graph":[{"@type":"WebPage","@id":"https:\/\/www.lymphoma.ca\/fr\/vivre-apres\/mon-esprit\/passer-a-laction\/sengager\/","url":"https:\/\/www.lymphoma.ca\/fr\/vivre-apres\/mon-esprit\/passer-a-laction\/sengager\/","name":"S'engager - Lymphoma Canada","isPartOf":{"@id":"https:\/\/www.lymphoma.ca\/fr\/#website"},"datePublished":"2020-03-03T16:22:57+00:00","dateModified":"2022-01-14T18:55:12+00:00","breadcrumb":{"@id":"https:\/\/www.lymphoma.ca\/fr\/vivre-apres\/mon-esprit\/passer-a-laction\/sengager\/#breadcrumb"},"inLanguage":"fr-FR","potentialAction":[{"@type":"ReadAction","target":["https:\/\/www.lymphoma.ca\/fr\/vivre-apres\/mon-esprit\/passer-a-laction\/sengager\/"]}]},{"@type":"BreadcrumbList","@id":"https:\/\/www.lymphoma.ca\/fr\/vivre-apres\/mon-esprit\/passer-a-laction\/sengager\/#breadcrumb","itemListElement":[{"@type":"ListItem","position":1,"name":"Home","item":"https:\/\/www.lymphoma.ca\/fr\/"},{"@type":"ListItem","position":2,"name":"Vivre apr\u00e8s le Lymphome","item":"https:\/\/www.lymphoma.ca\/fr\/vivre-apres\/"},{"@type":"ListItem","position":3,"name":"Mon esprit &#8211; Introduction","item":"https:\/\/www.lymphoma.ca\/fr\/vivre-apres\/mon-esprit\/"},{"@type":"ListItem","position":4,"name":"Passer \u00e0 l&rsquo;action","item":"https:\/\/www.lymphoma.ca\/fr\/vivre-apres\/mon-esprit\/passer-a-laction\/"},{"@type":"ListItem","position":5,"name":"S&#8217;engager"}]},{"@type":"WebSite","@id":"https:\/\/www.lymphoma.ca\/fr\/#website","url":"https:\/\/www.lymphoma.ca\/fr\/","name":"Lymphoma Canada","description":"Information. Help. Hope.","publisher":{"@id":"https:\/\/www.lymphoma.ca\/fr\/#organization"},"potentialAction":[{"@type":"SearchAction","target":{"@type":"EntryPoint","urlTemplate":"https:\/\/www.lymphoma.ca\/fr\/?s={search_term_string}"},"query-input":{"@type":"PropertyValueSpecification","valueRequired":true,"valueName":"search_term_string"}}],"inLanguage":"fr-FR"},{"@type":"Organization","@id":"https:\/\/www.lymphoma.ca\/fr\/#organization","name":"Lymphoma Canada","url":"https:\/\/www.lymphoma.ca\/fr\/","logo":{"@type":"ImageObject","inLanguage":"fr-FR","@id":"https:\/\/www.lymphoma.ca\/fr\/#\/schema\/logo\/image\/","url":"https:\/\/www.lymphoma.ca\/wp-content\/uploads\/2023\/05\/logo-lymphoma.jpg","contentUrl":"https:\/\/www.lymphoma.ca\/wp-content\/uploads\/2023\/05\/logo-lymphoma.jpg","width":343,"height":343,"caption":"Lymphoma Canada"},"image":{"@id":"https:\/\/www.lymphoma.ca\/fr\/#\/schema\/logo\/image\/"},"sameAs":["https:\/\/www.facebook.com\/LymphomaCanada","https:\/\/x.com\/lymphomacanada","https:\/\/www.linkedin.com\/company\/lymphoma-canada\/","http:\/\/instagram.com\/lymphomacanada","http:\/\/www.youtube.com\/user\/LymphomaTV"]}]}},"_links":{"self":[{"href":"https:\/\/www.lymphoma.ca\/fr\/wp-json\/wp\/v2\/pages\/5479","targetHints":{"allow":["GET"]}}],"collection":[{"href":"https:\/\/www.lymphoma.ca\/fr\/wp-json\/wp\/v2\/pages"}],"about":[{"href":"https:\/\/www.lymphoma.ca\/fr\/wp-json\/wp\/v2\/types\/page"}],"author":[{"embeddable":true,"href":"https:\/\/www.lymphoma.ca\/fr\/wp-json\/wp\/v2\/users\/27"}],"replies":[{"embeddable":true,"href":"https:\/\/www.lymphoma.ca\/fr\/wp-json\/wp\/v2\/comments?post=5479"}],"version-history":[{"count":5,"href":"https:\/\/www.lymphoma.ca\/fr\/wp-json\/wp\/v2\/pages\/5479\/revisions"}],"predecessor-version":[{"id":11302,"href":"https:\/\/www.lymphoma.ca\/fr\/wp-json\/wp\/v2\/pages\/5479\/revisions\/11302"}],"up":[{"embeddable":true,"href":"https:\/\/www.lymphoma.ca\/fr\/wp-json\/wp\/v2\/pages\/5462"}],"wp:attachment":[{"href":"https:\/\/www.lymphoma.ca\/fr\/wp-json\/wp\/v2\/media?parent=5479"}],"wp:term":[{"taxonomy":"category","embeddable":true,"href":"https:\/\/www.lymphoma.ca\/fr\/wp-json\/wp\/v2\/categories?post=5479"},{"taxonomy":"post_tag","embeddable":true,"href":"https:\/\/www.lymphoma.ca\/fr\/wp-json\/wp\/v2\/tags?post=5479"}],"curies":[{"name":"wp","href":"https:\/\/api.w.org\/{rel}","templated":true}]}}