{"id":5493,"date":"2020-03-04T02:26:08","date_gmt":"2020-03-04T02:26:08","guid":{"rendered":"https:\/\/www.lymphoma.ca\/?page_id=5493"},"modified":"2020-03-04T02:26:08","modified_gmt":"2020-03-04T02:26:08","slug":"changements-dans-les-relations-interpersonnelles","status":"publish","type":"page","link":"https:\/\/www.lymphoma.ca\/fr\/vivre-apres\/mon-monde\/changements-dans-les-relations-interpersonnelles\/","title":{"rendered":"Changements dans les relations interpersonnelles"},"content":{"rendered":"<p>Le changement fait partie de la vie quotidienne, que vous ayez ou non \u00e9t\u00e9 atteint d&rsquo;un lymphome. Aussi n&rsquo;est-il pas \u00e9tonnant que la dynamique de vos relations change lorsque vous entreprenez de cr\u00e9er un nouvel \u00e9tat de normalit\u00e9 apr\u00e8s votre traitement. Pendant le traitement, plusieurs proches vous ont aid\u00e9 dans vos activit\u00e9s quotidiennes \u2013 aller \u00e0 vos rendez-vous, effectuer les t\u00e2ches m\u00e9nag\u00e8res et r\u00e9pondre \u00e0 vos autres besoins. Cela peut avoir consolid\u00e9 certaines relations, mais aussi cr\u00e9\u00e9 des tensions. Pour retrouver une normalit\u00e9, vous devrez peut-\u00eatre reb\u00e2tir ces liens. Voici quelques conseils g\u00e9n\u00e9raux pour reconstruire des relations\u00a0:<\/p>\n<ul>\n<li>Admettre que le lymphome et les autres formes de cancer peuvent changer les relations personnelles.<\/li>\n<li>Reconna\u00eetre que la mani\u00e8re dont votre relation r\u00e9sistera aux changements d\u00e9pend du type de relation que vous entreteniez avant le lymphome.<\/li>\n<li>Vos proches et vous avez besoin de temps pour mettre de l&rsquo;ordre dans vos pens\u00e9es et dans vos sentiments \u00a0\u2013 laissez-vous le temps n\u00e9cessaire.<\/li>\n<li>C\u2019est le moment tout indiqu\u00e9 pour tester vos aptitudes \u00e0 communiquer\u00a0\u2013 exprimez franchement et ouvertement ce que vous ressentez.<\/li>\n<li>Faites preuve de patience. Vous devez comprendre que vous pourriez \u00eatre incapables, au d\u00e9but, d&rsquo;ex\u00e9cuter certaines t\u00e2ches aussi bien que vous le faisiez auparavant.<\/li>\n<li>Informez les autres lorsque vous \u00eates en mesure de reprendre vos t\u00e2ches habituelles, comme faire la lessive ou tondre la pelouse. Si vous n&rsquo;\u00eates pas pr\u00eat \u00e0 reprendre toutes vos t\u00e2ches habituelles, ou que vous en \u00eates physiquement incapables, dites-leur \u00e9galement.<\/li>\n<li>Faites-leur savoir si vous avez encore besoin d&rsquo;aide ou de soutien et soyez pr\u00e9cis quant au type d&rsquo;aide dont vous avez besoin.<\/li>\n<li>Partagez votre exp\u00e9rience et vos sentiments avec d&rsquo;autres personnes qui ont surv\u00e9cu \u00e0 un lymphome et qui ne font pas partie de vos relations.<\/li>\n<li>Vous pouvez aussi demander l\u2019aide d\u2019un professionnel si une relation est tendue.<\/li>\n<\/ul>\n<h4>Documentation de r\u00e9f\u00e9rence :<\/h4>\n<p><a href=\"http:\/\/www.cancer.ca\/fr-ca\/cancer-information\/cancer-journey\/life-after-cancer\/relationships-after-cancer\/?region=qc\" target=\"_blank\" rel=\"noopener noreferrer\">Soci\u00e9t\u00e9 canadienne du cancer. Relations personnelles apr\u00e8s un cancer.<\/a><br \/>\nConsult\u00e9 le\u00a027\u00a0mai\u00a02014.<\/p>\n<p><a href=\"http:\/\/www.cancer.gov\/cancertopics\/coping\/life-after-treatment\/page7\" target=\"_blank\" rel=\"noopener noreferrer\">National Cancer Institute. Facing Forward: Life After Cancer Treatment. Social and Work Relationships.<\/a><br \/>\nConsult\u00e9 le 27\u00a0mai\u00a02014.<\/p>\n","protected":false},"excerpt":{"rendered":"<p>Le changement fait partie de la vie quotidienne, que vous ayez ou non \u00e9t\u00e9 atteint d&rsquo;un lymphome. Aussi n&rsquo;est-il pas \u00e9tonnant que la dynamique de vos relations change lorsque vous&#8230;<\/p>\n","protected":false},"author":27,"featured_media":0,"parent":5489,"menu_order":1,"comment_status":"closed","ping_status":"closed","template":"page-sidebar.php","meta":{"_acf_changed":false,"footnotes":""},"categories":[],"tags":[],"class_list":["post-5493","page","type-page","status-publish"],"acf":[],"yoast_head":"<!-- This site is optimized with the Yoast SEO plugin v26.7 - https:\/\/yoast.com\/wordpress\/plugins\/seo\/ -->\n<title>Changements dans les relations interpersonnelles - Lymphoma Canada<\/title>\n<meta name=\"robots\" content=\"index, follow, max-snippet:-1, max-image-preview:large, max-video-preview:-1\" \/>\n<link rel=\"canonical\" href=\"https:\/\/www.lymphoma.ca\/fr\/vivre-apres\/mon-monde\/changements-dans-les-relations-interpersonnelles\/\" \/>\n<meta property=\"og:locale\" content=\"fr_FR\" \/>\n<meta property=\"og:type\" content=\"article\" \/>\n<meta property=\"og:title\" content=\"Changements dans les relations interpersonnelles - Lymphoma Canada\" \/>\n<meta property=\"og:description\" content=\"Le changement fait partie de la vie quotidienne, que vous ayez ou non \u00e9t\u00e9 atteint d&rsquo;un lymphome. Aussi n&rsquo;est-il pas \u00e9tonnant que la dynamique de vos relations change lorsque vous...\" \/>\n<meta property=\"og:url\" content=\"https:\/\/www.lymphoma.ca\/fr\/vivre-apres\/mon-monde\/changements-dans-les-relations-interpersonnelles\/\" \/>\n<meta property=\"og:site_name\" content=\"Lymphoma Canada\" \/>\n<meta property=\"article:publisher\" content=\"https:\/\/www.facebook.com\/LymphomaCanada\" \/>\n<meta name=\"twitter:card\" content=\"summary_large_image\" \/>\n<meta name=\"twitter:site\" content=\"@lymphomacanada\" \/>\n<meta name=\"twitter:label1\" content=\"Dur\u00e9e de lecture estim\u00e9e\" \/>\n\t<meta name=\"twitter:data1\" content=\"2 minutes\" \/>\n<script type=\"application\/ld+json\" class=\"yoast-schema-graph\">{\"@context\":\"https:\/\/schema.org\",\"@graph\":[{\"@type\":\"WebPage\",\"@id\":\"https:\/\/www.lymphoma.ca\/fr\/vivre-apres\/mon-monde\/changements-dans-les-relations-interpersonnelles\/\",\"url\":\"https:\/\/www.lymphoma.ca\/fr\/vivre-apres\/mon-monde\/changements-dans-les-relations-interpersonnelles\/\",\"name\":\"Changements dans les relations interpersonnelles - Lymphoma Canada\",\"isPartOf\":{\"@id\":\"https:\/\/www.lymphoma.ca\/fr\/#website\"},\"datePublished\":\"2020-03-04T02:26:08+00:00\",\"breadcrumb\":{\"@id\":\"https:\/\/www.lymphoma.ca\/fr\/vivre-apres\/mon-monde\/changements-dans-les-relations-interpersonnelles\/#breadcrumb\"},\"inLanguage\":\"fr-FR\",\"potentialAction\":[{\"@type\":\"ReadAction\",\"target\":[\"https:\/\/www.lymphoma.ca\/fr\/vivre-apres\/mon-monde\/changements-dans-les-relations-interpersonnelles\/\"]}]},{\"@type\":\"BreadcrumbList\",\"@id\":\"https:\/\/www.lymphoma.ca\/fr\/vivre-apres\/mon-monde\/changements-dans-les-relations-interpersonnelles\/#breadcrumb\",\"itemListElement\":[{\"@type\":\"ListItem\",\"position\":1,\"name\":\"Home\",\"item\":\"https:\/\/www.lymphoma.ca\/fr\/\"},{\"@type\":\"ListItem\",\"position\":2,\"name\":\"Vivre apr\u00e8s le Lymphome\",\"item\":\"https:\/\/www.lymphoma.ca\/fr\/vivre-apres\/\"},{\"@type\":\"ListItem\",\"position\":3,\"name\":\"Mon monde &#8211; La nouvelle normalit\u00e9\",\"item\":\"https:\/\/www.lymphoma.ca\/fr\/vivre-apres\/mon-monde\/\"},{\"@type\":\"ListItem\",\"position\":4,\"name\":\"Changements dans les relations interpersonnelles\"}]},{\"@type\":\"WebSite\",\"@id\":\"https:\/\/www.lymphoma.ca\/fr\/#website\",\"url\":\"https:\/\/www.lymphoma.ca\/fr\/\",\"name\":\"Lymphoma Canada\",\"description\":\"Information. Help. Hope.\",\"publisher\":{\"@id\":\"https:\/\/www.lymphoma.ca\/fr\/#organization\"},\"potentialAction\":[{\"@type\":\"SearchAction\",\"target\":{\"@type\":\"EntryPoint\",\"urlTemplate\":\"https:\/\/www.lymphoma.ca\/fr\/?s={search_term_string}\"},\"query-input\":{\"@type\":\"PropertyValueSpecification\",\"valueRequired\":true,\"valueName\":\"search_term_string\"}}],\"inLanguage\":\"fr-FR\"},{\"@type\":\"Organization\",\"@id\":\"https:\/\/www.lymphoma.ca\/fr\/#organization\",\"name\":\"Lymphoma Canada\",\"url\":\"https:\/\/www.lymphoma.ca\/fr\/\",\"logo\":{\"@type\":\"ImageObject\",\"inLanguage\":\"fr-FR\",\"@id\":\"https:\/\/www.lymphoma.ca\/fr\/#\/schema\/logo\/image\/\",\"url\":\"https:\/\/www.lymphoma.ca\/wp-content\/uploads\/2023\/05\/logo-lymphoma.jpg\",\"contentUrl\":\"https:\/\/www.lymphoma.ca\/wp-content\/uploads\/2023\/05\/logo-lymphoma.jpg\",\"width\":343,\"height\":343,\"caption\":\"Lymphoma Canada\"},\"image\":{\"@id\":\"https:\/\/www.lymphoma.ca\/fr\/#\/schema\/logo\/image\/\"},\"sameAs\":[\"https:\/\/www.facebook.com\/LymphomaCanada\",\"https:\/\/x.com\/lymphomacanada\",\"https:\/\/www.linkedin.com\/company\/lymphoma-canada\/\",\"http:\/\/instagram.com\/lymphomacanada\",\"http:\/\/www.youtube.com\/user\/LymphomaTV\"]}]}<\/script>\n<!-- \/ Yoast SEO plugin. -->","yoast_head_json":{"title":"Changements dans les relations interpersonnelles - Lymphoma Canada","robots":{"index":"index","follow":"follow","max-snippet":"max-snippet:-1","max-image-preview":"max-image-preview:large","max-video-preview":"max-video-preview:-1"},"canonical":"https:\/\/www.lymphoma.ca\/fr\/vivre-apres\/mon-monde\/changements-dans-les-relations-interpersonnelles\/","og_locale":"fr_FR","og_type":"article","og_title":"Changements dans les relations interpersonnelles - Lymphoma Canada","og_description":"Le changement fait partie de la vie quotidienne, que vous ayez ou non \u00e9t\u00e9 atteint d&rsquo;un lymphome. Aussi n&rsquo;est-il pas \u00e9tonnant que la dynamique de vos relations change lorsque vous...","og_url":"https:\/\/www.lymphoma.ca\/fr\/vivre-apres\/mon-monde\/changements-dans-les-relations-interpersonnelles\/","og_site_name":"Lymphoma Canada","article_publisher":"https:\/\/www.facebook.com\/LymphomaCanada","twitter_card":"summary_large_image","twitter_site":"@lymphomacanada","twitter_misc":{"Dur\u00e9e de lecture estim\u00e9e":"2 minutes"},"schema":{"@context":"https:\/\/schema.org","@graph":[{"@type":"WebPage","@id":"https:\/\/www.lymphoma.ca\/fr\/vivre-apres\/mon-monde\/changements-dans-les-relations-interpersonnelles\/","url":"https:\/\/www.lymphoma.ca\/fr\/vivre-apres\/mon-monde\/changements-dans-les-relations-interpersonnelles\/","name":"Changements dans les relations interpersonnelles - Lymphoma Canada","isPartOf":{"@id":"https:\/\/www.lymphoma.ca\/fr\/#website"},"datePublished":"2020-03-04T02:26:08+00:00","breadcrumb":{"@id":"https:\/\/www.lymphoma.ca\/fr\/vivre-apres\/mon-monde\/changements-dans-les-relations-interpersonnelles\/#breadcrumb"},"inLanguage":"fr-FR","potentialAction":[{"@type":"ReadAction","target":["https:\/\/www.lymphoma.ca\/fr\/vivre-apres\/mon-monde\/changements-dans-les-relations-interpersonnelles\/"]}]},{"@type":"BreadcrumbList","@id":"https:\/\/www.lymphoma.ca\/fr\/vivre-apres\/mon-monde\/changements-dans-les-relations-interpersonnelles\/#breadcrumb","itemListElement":[{"@type":"ListItem","position":1,"name":"Home","item":"https:\/\/www.lymphoma.ca\/fr\/"},{"@type":"ListItem","position":2,"name":"Vivre apr\u00e8s le Lymphome","item":"https:\/\/www.lymphoma.ca\/fr\/vivre-apres\/"},{"@type":"ListItem","position":3,"name":"Mon monde &#8211; La nouvelle normalit\u00e9","item":"https:\/\/www.lymphoma.ca\/fr\/vivre-apres\/mon-monde\/"},{"@type":"ListItem","position":4,"name":"Changements dans les relations interpersonnelles"}]},{"@type":"WebSite","@id":"https:\/\/www.lymphoma.ca\/fr\/#website","url":"https:\/\/www.lymphoma.ca\/fr\/","name":"Lymphoma Canada","description":"Information. Help. Hope.","publisher":{"@id":"https:\/\/www.lymphoma.ca\/fr\/#organization"},"potentialAction":[{"@type":"SearchAction","target":{"@type":"EntryPoint","urlTemplate":"https:\/\/www.lymphoma.ca\/fr\/?s={search_term_string}"},"query-input":{"@type":"PropertyValueSpecification","valueRequired":true,"valueName":"search_term_string"}}],"inLanguage":"fr-FR"},{"@type":"Organization","@id":"https:\/\/www.lymphoma.ca\/fr\/#organization","name":"Lymphoma Canada","url":"https:\/\/www.lymphoma.ca\/fr\/","logo":{"@type":"ImageObject","inLanguage":"fr-FR","@id":"https:\/\/www.lymphoma.ca\/fr\/#\/schema\/logo\/image\/","url":"https:\/\/www.lymphoma.ca\/wp-content\/uploads\/2023\/05\/logo-lymphoma.jpg","contentUrl":"https:\/\/www.lymphoma.ca\/wp-content\/uploads\/2023\/05\/logo-lymphoma.jpg","width":343,"height":343,"caption":"Lymphoma Canada"},"image":{"@id":"https:\/\/www.lymphoma.ca\/fr\/#\/schema\/logo\/image\/"},"sameAs":["https:\/\/www.facebook.com\/LymphomaCanada","https:\/\/x.com\/lymphomacanada","https:\/\/www.linkedin.com\/company\/lymphoma-canada\/","http:\/\/instagram.com\/lymphomacanada","http:\/\/www.youtube.com\/user\/LymphomaTV"]}]}},"_links":{"self":[{"href":"https:\/\/www.lymphoma.ca\/fr\/wp-json\/wp\/v2\/pages\/5493","targetHints":{"allow":["GET"]}}],"collection":[{"href":"https:\/\/www.lymphoma.ca\/fr\/wp-json\/wp\/v2\/pages"}],"about":[{"href":"https:\/\/www.lymphoma.ca\/fr\/wp-json\/wp\/v2\/types\/page"}],"author":[{"embeddable":true,"href":"https:\/\/www.lymphoma.ca\/fr\/wp-json\/wp\/v2\/users\/27"}],"replies":[{"embeddable":true,"href":"https:\/\/www.lymphoma.ca\/fr\/wp-json\/wp\/v2\/comments?post=5493"}],"version-history":[{"count":1,"href":"https:\/\/www.lymphoma.ca\/fr\/wp-json\/wp\/v2\/pages\/5493\/revisions"}],"predecessor-version":[{"id":5494,"href":"https:\/\/www.lymphoma.ca\/fr\/wp-json\/wp\/v2\/pages\/5493\/revisions\/5494"}],"up":[{"embeddable":true,"href":"https:\/\/www.lymphoma.ca\/fr\/wp-json\/wp\/v2\/pages\/5489"}],"wp:attachment":[{"href":"https:\/\/www.lymphoma.ca\/fr\/wp-json\/wp\/v2\/media?parent=5493"}],"wp:term":[{"taxonomy":"category","embeddable":true,"href":"https:\/\/www.lymphoma.ca\/fr\/wp-json\/wp\/v2\/categories?post=5493"},{"taxonomy":"post_tag","embeddable":true,"href":"https:\/\/www.lymphoma.ca\/fr\/wp-json\/wp\/v2\/tags?post=5493"}],"curies":[{"name":"wp","href":"https:\/\/api.w.org\/{rel}","templated":true}]}}