{"id":5495,"date":"2020-03-04T02:33:09","date_gmt":"2020-03-04T02:33:09","guid":{"rendered":"https:\/\/www.lymphoma.ca\/?page_id=5495"},"modified":"2020-03-04T02:33:09","modified_gmt":"2020-03-04T02:33:09","slug":"celibataires","status":"publish","type":"page","link":"https:\/\/www.lymphoma.ca\/fr\/vivre-apres\/mon-monde\/changements-dans-les-relations-interpersonnelles\/celibataires\/","title":{"rendered":"C\u00e9libataires"},"content":{"rendered":"<p>La vie avec un lymphome peut \u00eatre difficile pour les personnes qui ne sont pas en couple, en particulier celles qui n&rsquo;ont pas un proche parent pour les soutenir. Si vous vivez seul, il est possible que vous soyez plus conscient de vos besoins que les personnes accompagn\u00e9es. N&rsquo;oubliez pas que vos amis pourraient vouloir continuer \u00e0 vous aider, m\u00eame apr\u00e8s la fin de votre traitement du lymphome. En leur faisant part de vos besoins \u00e9motionnels (\u00e9coute de vos pr\u00e9occupations) ou physiques (aide avec les t\u00e2ches m\u00e9nag\u00e8res), vous faites d&rsquo;une pierre deux coups\u00a0: vous les rendez heureux de vous aider et vous \u00eates all\u00e9g\u00e9 d&rsquo;une partie de votre fardeau.<\/p>\n<p>Maintenant que vous entrez dans une phase de votre vie exempte de tout lymphome, vous ou votre famille et vos amis pourriez juger que votre \u00e9tat vous permet de rechercher et de trouver un partenaire potentiel. Or, il est tout aussi convenable de vouloir rester c\u00e9libataire, entre autres parce que vous ne vous sentez pas pr\u00eat pour une telle d\u00e9marche et souhaitez vous concentrer sur vos relations en cours avec vos proches. Vous \u00eates la personne qui vous conna\u00eet le mieux. Ne laissez pas les autres vous obliger \u00e0 agir alors que vous n&rsquo;\u00eates pas \u00e0 l&rsquo;aise de le faire.<\/p>\n<h4>Documentation de r\u00e9f\u00e9rence\u00a0:<\/h4>\n<p><a href=\"http:\/\/www.cancer.org\/treatment\/understandingyourdiagnosis\/talkingaboutcancer\/talking-with-friends-and-relatives-about-your-cancer\" target=\"_blank\" rel=\"noopener noreferrer\">American Cancer Society. Talking With Friends and Relatives About Your Cancer. R\u00e9vis\u00e9 le 30\u00a0mai 2013<\/a><a href=\"http:\/\/www.cancer.org\/treatment\/understandingyourdiagnosis\/talkingaboutcancer\/talking-with-friends-and-relatives-about-your-cancer\" target=\"_blank\" rel=\"noopener noreferrer\">.<br \/>\n<\/a>Consult\u00e9 le 27\u00a0mai 2014.<\/p>\n<p><a href=\"http:\/\/www.cancer.gov\/cancertopics\/coping\/life-after-treatment\/page7#f4\" target=\"_blank\" rel=\"noopener noreferrer\">National Cancer Institute. Facing Forward: Life After Cancer Treatment. Social and Work Relationships.<br \/>\n<\/a>Consult\u00e9 le 27\u00a0mai 2014.<\/p>\n","protected":false},"excerpt":{"rendered":"<p>La vie avec un lymphome peut \u00eatre difficile pour les personnes qui ne sont pas en couple, en particulier celles qui n&rsquo;ont pas un proche parent pour les soutenir. Si&#8230;<\/p>\n","protected":false},"author":27,"featured_media":0,"parent":5493,"menu_order":0,"comment_status":"closed","ping_status":"closed","template":"page-sidebar.php","meta":{"_acf_changed":false,"footnotes":""},"categories":[],"tags":[],"class_list":["post-5495","page","type-page","status-publish"],"acf":[],"yoast_head":"<!-- This site is optimized with the Yoast SEO plugin v26.7 - https:\/\/yoast.com\/wordpress\/plugins\/seo\/ -->\n<title>C\u00e9libataires - Lymphoma Canada<\/title>\n<meta name=\"robots\" content=\"index, follow, max-snippet:-1, max-image-preview:large, max-video-preview:-1\" \/>\n<link rel=\"canonical\" href=\"https:\/\/www.lymphoma.ca\/fr\/vivre-apres\/mon-monde\/changements-dans-les-relations-interpersonnelles\/celibataires\/\" \/>\n<meta property=\"og:locale\" content=\"fr_FR\" \/>\n<meta property=\"og:type\" content=\"article\" \/>\n<meta property=\"og:title\" content=\"C\u00e9libataires - Lymphoma Canada\" \/>\n<meta property=\"og:description\" content=\"La vie avec un lymphome peut \u00eatre difficile pour les personnes qui ne sont pas en couple, en particulier celles qui n&rsquo;ont pas un proche parent pour les soutenir. Si...\" \/>\n<meta property=\"og:url\" content=\"https:\/\/www.lymphoma.ca\/fr\/vivre-apres\/mon-monde\/changements-dans-les-relations-interpersonnelles\/celibataires\/\" \/>\n<meta property=\"og:site_name\" content=\"Lymphoma Canada\" \/>\n<meta property=\"article:publisher\" content=\"https:\/\/www.facebook.com\/LymphomaCanada\" \/>\n<meta name=\"twitter:card\" content=\"summary_large_image\" \/>\n<meta name=\"twitter:site\" content=\"@lymphomacanada\" \/>\n<meta name=\"twitter:label1\" content=\"Dur\u00e9e de lecture estim\u00e9e\" \/>\n\t<meta name=\"twitter:data1\" content=\"1 minute\" \/>\n<script type=\"application\/ld+json\" class=\"yoast-schema-graph\">{\"@context\":\"https:\/\/schema.org\",\"@graph\":[{\"@type\":\"WebPage\",\"@id\":\"https:\/\/www.lymphoma.ca\/fr\/vivre-apres\/mon-monde\/changements-dans-les-relations-interpersonnelles\/celibataires\/\",\"url\":\"https:\/\/www.lymphoma.ca\/fr\/vivre-apres\/mon-monde\/changements-dans-les-relations-interpersonnelles\/celibataires\/\",\"name\":\"C\u00e9libataires - Lymphoma Canada\",\"isPartOf\":{\"@id\":\"https:\/\/www.lymphoma.ca\/fr\/#website\"},\"datePublished\":\"2020-03-04T02:33:09+00:00\",\"breadcrumb\":{\"@id\":\"https:\/\/www.lymphoma.ca\/fr\/vivre-apres\/mon-monde\/changements-dans-les-relations-interpersonnelles\/celibataires\/#breadcrumb\"},\"inLanguage\":\"fr-FR\",\"potentialAction\":[{\"@type\":\"ReadAction\",\"target\":[\"https:\/\/www.lymphoma.ca\/fr\/vivre-apres\/mon-monde\/changements-dans-les-relations-interpersonnelles\/celibataires\/\"]}]},{\"@type\":\"BreadcrumbList\",\"@id\":\"https:\/\/www.lymphoma.ca\/fr\/vivre-apres\/mon-monde\/changements-dans-les-relations-interpersonnelles\/celibataires\/#breadcrumb\",\"itemListElement\":[{\"@type\":\"ListItem\",\"position\":1,\"name\":\"Home\",\"item\":\"https:\/\/www.lymphoma.ca\/fr\/\"},{\"@type\":\"ListItem\",\"position\":2,\"name\":\"Vivre apr\u00e8s le Lymphome\",\"item\":\"https:\/\/www.lymphoma.ca\/fr\/vivre-apres\/\"},{\"@type\":\"ListItem\",\"position\":3,\"name\":\"Mon monde &#8211; La nouvelle normalit\u00e9\",\"item\":\"https:\/\/www.lymphoma.ca\/fr\/vivre-apres\/mon-monde\/\"},{\"@type\":\"ListItem\",\"position\":4,\"name\":\"Changements dans les relations interpersonnelles\",\"item\":\"https:\/\/www.lymphoma.ca\/fr\/vivre-apres\/mon-monde\/changements-dans-les-relations-interpersonnelles\/\"},{\"@type\":\"ListItem\",\"position\":5,\"name\":\"C\u00e9libataires\"}]},{\"@type\":\"WebSite\",\"@id\":\"https:\/\/www.lymphoma.ca\/fr\/#website\",\"url\":\"https:\/\/www.lymphoma.ca\/fr\/\",\"name\":\"Lymphoma Canada\",\"description\":\"Information. Help. Hope.\",\"publisher\":{\"@id\":\"https:\/\/www.lymphoma.ca\/fr\/#organization\"},\"potentialAction\":[{\"@type\":\"SearchAction\",\"target\":{\"@type\":\"EntryPoint\",\"urlTemplate\":\"https:\/\/www.lymphoma.ca\/fr\/?s={search_term_string}\"},\"query-input\":{\"@type\":\"PropertyValueSpecification\",\"valueRequired\":true,\"valueName\":\"search_term_string\"}}],\"inLanguage\":\"fr-FR\"},{\"@type\":\"Organization\",\"@id\":\"https:\/\/www.lymphoma.ca\/fr\/#organization\",\"name\":\"Lymphoma Canada\",\"url\":\"https:\/\/www.lymphoma.ca\/fr\/\",\"logo\":{\"@type\":\"ImageObject\",\"inLanguage\":\"fr-FR\",\"@id\":\"https:\/\/www.lymphoma.ca\/fr\/#\/schema\/logo\/image\/\",\"url\":\"https:\/\/www.lymphoma.ca\/wp-content\/uploads\/2023\/05\/logo-lymphoma.jpg\",\"contentUrl\":\"https:\/\/www.lymphoma.ca\/wp-content\/uploads\/2023\/05\/logo-lymphoma.jpg\",\"width\":343,\"height\":343,\"caption\":\"Lymphoma Canada\"},\"image\":{\"@id\":\"https:\/\/www.lymphoma.ca\/fr\/#\/schema\/logo\/image\/\"},\"sameAs\":[\"https:\/\/www.facebook.com\/LymphomaCanada\",\"https:\/\/x.com\/lymphomacanada\",\"https:\/\/www.linkedin.com\/company\/lymphoma-canada\/\",\"http:\/\/instagram.com\/lymphomacanada\",\"http:\/\/www.youtube.com\/user\/LymphomaTV\"]}]}<\/script>\n<!-- \/ Yoast SEO plugin. -->","yoast_head_json":{"title":"C\u00e9libataires - Lymphoma Canada","robots":{"index":"index","follow":"follow","max-snippet":"max-snippet:-1","max-image-preview":"max-image-preview:large","max-video-preview":"max-video-preview:-1"},"canonical":"https:\/\/www.lymphoma.ca\/fr\/vivre-apres\/mon-monde\/changements-dans-les-relations-interpersonnelles\/celibataires\/","og_locale":"fr_FR","og_type":"article","og_title":"C\u00e9libataires - Lymphoma Canada","og_description":"La vie avec un lymphome peut \u00eatre difficile pour les personnes qui ne sont pas en couple, en particulier celles qui n&rsquo;ont pas un proche parent pour les soutenir. Si...","og_url":"https:\/\/www.lymphoma.ca\/fr\/vivre-apres\/mon-monde\/changements-dans-les-relations-interpersonnelles\/celibataires\/","og_site_name":"Lymphoma Canada","article_publisher":"https:\/\/www.facebook.com\/LymphomaCanada","twitter_card":"summary_large_image","twitter_site":"@lymphomacanada","twitter_misc":{"Dur\u00e9e de lecture estim\u00e9e":"1 minute"},"schema":{"@context":"https:\/\/schema.org","@graph":[{"@type":"WebPage","@id":"https:\/\/www.lymphoma.ca\/fr\/vivre-apres\/mon-monde\/changements-dans-les-relations-interpersonnelles\/celibataires\/","url":"https:\/\/www.lymphoma.ca\/fr\/vivre-apres\/mon-monde\/changements-dans-les-relations-interpersonnelles\/celibataires\/","name":"C\u00e9libataires - Lymphoma Canada","isPartOf":{"@id":"https:\/\/www.lymphoma.ca\/fr\/#website"},"datePublished":"2020-03-04T02:33:09+00:00","breadcrumb":{"@id":"https:\/\/www.lymphoma.ca\/fr\/vivre-apres\/mon-monde\/changements-dans-les-relations-interpersonnelles\/celibataires\/#breadcrumb"},"inLanguage":"fr-FR","potentialAction":[{"@type":"ReadAction","target":["https:\/\/www.lymphoma.ca\/fr\/vivre-apres\/mon-monde\/changements-dans-les-relations-interpersonnelles\/celibataires\/"]}]},{"@type":"BreadcrumbList","@id":"https:\/\/www.lymphoma.ca\/fr\/vivre-apres\/mon-monde\/changements-dans-les-relations-interpersonnelles\/celibataires\/#breadcrumb","itemListElement":[{"@type":"ListItem","position":1,"name":"Home","item":"https:\/\/www.lymphoma.ca\/fr\/"},{"@type":"ListItem","position":2,"name":"Vivre apr\u00e8s le Lymphome","item":"https:\/\/www.lymphoma.ca\/fr\/vivre-apres\/"},{"@type":"ListItem","position":3,"name":"Mon monde &#8211; La nouvelle normalit\u00e9","item":"https:\/\/www.lymphoma.ca\/fr\/vivre-apres\/mon-monde\/"},{"@type":"ListItem","position":4,"name":"Changements dans les relations interpersonnelles","item":"https:\/\/www.lymphoma.ca\/fr\/vivre-apres\/mon-monde\/changements-dans-les-relations-interpersonnelles\/"},{"@type":"ListItem","position":5,"name":"C\u00e9libataires"}]},{"@type":"WebSite","@id":"https:\/\/www.lymphoma.ca\/fr\/#website","url":"https:\/\/www.lymphoma.ca\/fr\/","name":"Lymphoma Canada","description":"Information. Help. Hope.","publisher":{"@id":"https:\/\/www.lymphoma.ca\/fr\/#organization"},"potentialAction":[{"@type":"SearchAction","target":{"@type":"EntryPoint","urlTemplate":"https:\/\/www.lymphoma.ca\/fr\/?s={search_term_string}"},"query-input":{"@type":"PropertyValueSpecification","valueRequired":true,"valueName":"search_term_string"}}],"inLanguage":"fr-FR"},{"@type":"Organization","@id":"https:\/\/www.lymphoma.ca\/fr\/#organization","name":"Lymphoma Canada","url":"https:\/\/www.lymphoma.ca\/fr\/","logo":{"@type":"ImageObject","inLanguage":"fr-FR","@id":"https:\/\/www.lymphoma.ca\/fr\/#\/schema\/logo\/image\/","url":"https:\/\/www.lymphoma.ca\/wp-content\/uploads\/2023\/05\/logo-lymphoma.jpg","contentUrl":"https:\/\/www.lymphoma.ca\/wp-content\/uploads\/2023\/05\/logo-lymphoma.jpg","width":343,"height":343,"caption":"Lymphoma Canada"},"image":{"@id":"https:\/\/www.lymphoma.ca\/fr\/#\/schema\/logo\/image\/"},"sameAs":["https:\/\/www.facebook.com\/LymphomaCanada","https:\/\/x.com\/lymphomacanada","https:\/\/www.linkedin.com\/company\/lymphoma-canada\/","http:\/\/instagram.com\/lymphomacanada","http:\/\/www.youtube.com\/user\/LymphomaTV"]}]}},"_links":{"self":[{"href":"https:\/\/www.lymphoma.ca\/fr\/wp-json\/wp\/v2\/pages\/5495","targetHints":{"allow":["GET"]}}],"collection":[{"href":"https:\/\/www.lymphoma.ca\/fr\/wp-json\/wp\/v2\/pages"}],"about":[{"href":"https:\/\/www.lymphoma.ca\/fr\/wp-json\/wp\/v2\/types\/page"}],"author":[{"embeddable":true,"href":"https:\/\/www.lymphoma.ca\/fr\/wp-json\/wp\/v2\/users\/27"}],"replies":[{"embeddable":true,"href":"https:\/\/www.lymphoma.ca\/fr\/wp-json\/wp\/v2\/comments?post=5495"}],"version-history":[{"count":1,"href":"https:\/\/www.lymphoma.ca\/fr\/wp-json\/wp\/v2\/pages\/5495\/revisions"}],"predecessor-version":[{"id":5496,"href":"https:\/\/www.lymphoma.ca\/fr\/wp-json\/wp\/v2\/pages\/5495\/revisions\/5496"}],"up":[{"embeddable":true,"href":"https:\/\/www.lymphoma.ca\/fr\/wp-json\/wp\/v2\/pages\/5493"}],"wp:attachment":[{"href":"https:\/\/www.lymphoma.ca\/fr\/wp-json\/wp\/v2\/media?parent=5495"}],"wp:term":[{"taxonomy":"category","embeddable":true,"href":"https:\/\/www.lymphoma.ca\/fr\/wp-json\/wp\/v2\/categories?post=5495"},{"taxonomy":"post_tag","embeddable":true,"href":"https:\/\/www.lymphoma.ca\/fr\/wp-json\/wp\/v2\/tags?post=5495"}],"curies":[{"name":"wp","href":"https:\/\/api.w.org\/{rel}","templated":true}]}}