{"id":5498,"date":"2020-03-04T02:37:22","date_gmt":"2020-03-04T02:37:22","guid":{"rendered":"https:\/\/www.lymphoma.ca\/?page_id=5498"},"modified":"2020-03-04T02:38:23","modified_gmt":"2020-03-04T02:38:23","slug":"rencontres-amoureuses","status":"publish","type":"page","link":"https:\/\/www.lymphoma.ca\/fr\/vivre-apres\/mon-monde\/changements-dans-les-relations-interpersonnelles\/celibataires\/rencontres-amoureuses\/","title":{"rendered":"Rencontres amoureuses"},"content":{"rendered":"<p>Si vous \u00eates c\u00e9libataire, peut-\u00eatre vous sentez-vous pr\u00eat \u00e0 faire de nouvelles rencontres, maintenant que vous avez \u00e0 d\u00e9finir votre nouvelle normalit\u00e9. En revanche, il est possible que, depuis votre traitement, votre exp\u00e9rience avec le lymphome ait chang\u00e9 votre vision \u00e0 l&rsquo;\u00e9gard des relations amoureuses. Elle pourrait vous avoir rendu plus fort mentalement et plus autonome. Il est aussi possible que vous vous connaissez mieux et ayez mieux cern\u00e9 vos priorit\u00e9s qu&rsquo;avant le traitement. Tout cela pourrait avoir chang\u00e9 la perception que vous avez des relations de couple et ce que vous pouvez offrir \u00e0 cet \u00e9gard.<\/p>\n<p>D&rsquo;autre part, votre exp\u00e9rience avec le lymphome vous a peut-\u00eatre rendu tr\u00e8s anxieux de vous aventurer dans le monde des rencontres amoureuses. Le souci de ne pas trouver la bonne personne, la peur du rejet, les changements au niveau de votre apparence physique et l&rsquo;incertitude quant \u00e0 votre avenir sont tous des \u00e9l\u00e9ments qui peuvent modifier votre perception des rencontres amoureuses.<\/p>\n<p>Ne laissez pas ces inqui\u00e9tudes vous emp\u00eacher d&rsquo;avoir la vie sociale que vous souhaitez. N&rsquo;oubliez pas que bon nombre de personnes, m\u00eame n&rsquo;ayant jamais souffert d&rsquo;un lymphome, ne sont pas s\u00fbres d&rsquo;elles-m\u00eames lorsqu&rsquo;elles font de nouvelles rencontres et commencent une nouvelle relation. Le lymphome, comme tous les autres cancers, ne devrait jamais \u00eatre un pr\u00e9texte pour ne pas essayer de rencontrer de nouvelles personnes et de se faire de nouveaux amis. Ne vous mettez pas trop de pression; il est normal que certaines rencontres n&rsquo;aboutissent pas. Vous vous en souvenez s\u00fbrement\u00a0: ce ne sont pas toutes vos rencontres qui finissaient bien avant votre diagnostic de lymphome; c&rsquo;est simplement la r\u00e9alit\u00e9 du flirt.<\/p>\n<p>Trouver de nouvelles fa\u00e7ons de rencontrer des partenaires potentiels est \u00e9galement difficile. Essayez de vous concentrer sur les activit\u00e9s qui vous plaisent afin que vous soyez plus d\u00e9tendu lors de nouvelles situations sociales, sans la pression de devoir trouver quelqu&rsquo;un. Par exemple, pour rencontrer de nouvelles personnes, inscrivez-vous \u00e0 un cours quelconque, adh\u00e9rez \u00e0 un club ou contribuez b\u00e9n\u00e9volement \u00e0 une cause. Vous pouvez \u00e9galement essayer de passer plus de temps avec vos amis et votre famille et leur dire que vous \u00eates pr\u00eat \u00e0 rencontrer de nouveaux partenaires potentiels.<\/p>\n<p>Si vous continuez \u00e0 avoir des craintes ou des inqui\u00e9tudes au sujet des rencontres et des nouvelles relations, essayez de parler avec un conseiller ou trouvez des groupes de soutien pour les survivants d&rsquo;un lymphome afin de discuter de vos pr\u00e9occupations.<\/p>\n<h4>Documentation de r\u00e9f\u00e9rence\u00a0:<\/h4>\n<p><a href=\"http:\/\/www.cancer.ca\/fr-ca\/cancer-information\/cancer-journey\/life-after-cancer\/relationships-after-cancer\/?region=qc\" target=\"_blank\" rel=\"noopener noreferrer\">Soci\u00e9t\u00e9 canadienne du cancer. Relations personnelles apr\u00e8s un cancer<\/a><a href=\"http:\/\/www.cancer.ca\/fr-ca\/cancer-information\/cancer-journey\/life-after-cancer\/relationships-after-cancer\/?region=qc\" target=\"_blank\" rel=\"noopener noreferrer\">.<br \/>\n<\/a>Consult\u00e9 le 27\u00a0mai 2014.<\/p>\n<p><a href=\"http:\/\/www.cancer.net\/coping-and-emotions\/sexual-and-reproductive-health\/dating-and-intimacy\" target=\"_blank\" rel=\"noopener noreferrer\">Cancer.Net. Dating and Intimacy.<br \/>\n<\/a>Consult\u00e9 le 27\u00a0mai 2014.<\/p>\n<p><a href=\"http:\/\/www.cancer.gov\/cancertopics\/coping\/life-after-treatment\/page5#d3\" target=\"_blank\" rel=\"noopener noreferrer\">National Cancer Institute. Facing Forward: Life After Cancer Treatment. Body Changes and Intimacy.<br \/>\n<\/a>Consult\u00e9 le 27\u00a0mai 2014.<\/p>\n","protected":false},"excerpt":{"rendered":"<p>Si vous \u00eates c\u00e9libataire, peut-\u00eatre vous sentez-vous pr\u00eat \u00e0 faire de nouvelles rencontres, maintenant que vous avez \u00e0 d\u00e9finir votre nouvelle normalit\u00e9. En revanche, il est possible que, depuis votre&#8230;<\/p>\n","protected":false},"author":27,"featured_media":0,"parent":5495,"menu_order":0,"comment_status":"closed","ping_status":"closed","template":"page-sidebar.php","meta":{"_acf_changed":false,"footnotes":""},"categories":[],"tags":[],"class_list":["post-5498","page","type-page","status-publish"],"acf":[],"yoast_head":"<!-- This site is optimized with the Yoast SEO plugin v26.7 - https:\/\/yoast.com\/wordpress\/plugins\/seo\/ -->\n<title>Rencontres amoureuses - Lymphoma Canada<\/title>\n<meta name=\"robots\" content=\"index, follow, max-snippet:-1, max-image-preview:large, max-video-preview:-1\" \/>\n<link rel=\"canonical\" href=\"https:\/\/www.lymphoma.ca\/fr\/vivre-apres\/mon-monde\/changements-dans-les-relations-interpersonnelles\/celibataires\/rencontres-amoureuses\/\" \/>\n<meta property=\"og:locale\" content=\"fr_FR\" \/>\n<meta property=\"og:type\" content=\"article\" \/>\n<meta property=\"og:title\" content=\"Rencontres amoureuses - Lymphoma Canada\" \/>\n<meta property=\"og:description\" content=\"Si vous \u00eates c\u00e9libataire, peut-\u00eatre vous sentez-vous pr\u00eat \u00e0 faire de nouvelles rencontres, maintenant que vous avez \u00e0 d\u00e9finir votre nouvelle normalit\u00e9. En revanche, il est possible que, depuis votre...\" \/>\n<meta property=\"og:url\" content=\"https:\/\/www.lymphoma.ca\/fr\/vivre-apres\/mon-monde\/changements-dans-les-relations-interpersonnelles\/celibataires\/rencontres-amoureuses\/\" \/>\n<meta property=\"og:site_name\" content=\"Lymphoma Canada\" \/>\n<meta property=\"article:publisher\" content=\"https:\/\/www.facebook.com\/LymphomaCanada\" \/>\n<meta property=\"article:modified_time\" content=\"2020-03-04T02:38:23+00:00\" \/>\n<meta name=\"twitter:card\" content=\"summary_large_image\" \/>\n<meta name=\"twitter:site\" content=\"@lymphomacanada\" \/>\n<meta name=\"twitter:label1\" content=\"Dur\u00e9e de lecture estim\u00e9e\" \/>\n\t<meta name=\"twitter:data1\" content=\"2 minutes\" \/>\n<script type=\"application\/ld+json\" class=\"yoast-schema-graph\">{\"@context\":\"https:\/\/schema.org\",\"@graph\":[{\"@type\":\"WebPage\",\"@id\":\"https:\/\/www.lymphoma.ca\/fr\/vivre-apres\/mon-monde\/changements-dans-les-relations-interpersonnelles\/celibataires\/rencontres-amoureuses\/\",\"url\":\"https:\/\/www.lymphoma.ca\/fr\/vivre-apres\/mon-monde\/changements-dans-les-relations-interpersonnelles\/celibataires\/rencontres-amoureuses\/\",\"name\":\"Rencontres amoureuses - Lymphoma Canada\",\"isPartOf\":{\"@id\":\"https:\/\/www.lymphoma.ca\/fr\/#website\"},\"datePublished\":\"2020-03-04T02:37:22+00:00\",\"dateModified\":\"2020-03-04T02:38:23+00:00\",\"breadcrumb\":{\"@id\":\"https:\/\/www.lymphoma.ca\/fr\/vivre-apres\/mon-monde\/changements-dans-les-relations-interpersonnelles\/celibataires\/rencontres-amoureuses\/#breadcrumb\"},\"inLanguage\":\"fr-FR\",\"potentialAction\":[{\"@type\":\"ReadAction\",\"target\":[\"https:\/\/www.lymphoma.ca\/fr\/vivre-apres\/mon-monde\/changements-dans-les-relations-interpersonnelles\/celibataires\/rencontres-amoureuses\/\"]}]},{\"@type\":\"BreadcrumbList\",\"@id\":\"https:\/\/www.lymphoma.ca\/fr\/vivre-apres\/mon-monde\/changements-dans-les-relations-interpersonnelles\/celibataires\/rencontres-amoureuses\/#breadcrumb\",\"itemListElement\":[{\"@type\":\"ListItem\",\"position\":1,\"name\":\"Home\",\"item\":\"https:\/\/www.lymphoma.ca\/fr\/\"},{\"@type\":\"ListItem\",\"position\":2,\"name\":\"Vivre apr\u00e8s le Lymphome\",\"item\":\"https:\/\/www.lymphoma.ca\/fr\/vivre-apres\/\"},{\"@type\":\"ListItem\",\"position\":3,\"name\":\"Mon monde &#8211; La nouvelle normalit\u00e9\",\"item\":\"https:\/\/www.lymphoma.ca\/fr\/vivre-apres\/mon-monde\/\"},{\"@type\":\"ListItem\",\"position\":4,\"name\":\"Changements dans les relations interpersonnelles\",\"item\":\"https:\/\/www.lymphoma.ca\/fr\/vivre-apres\/mon-monde\/changements-dans-les-relations-interpersonnelles\/\"},{\"@type\":\"ListItem\",\"position\":5,\"name\":\"C\u00e9libataires\",\"item\":\"https:\/\/www.lymphoma.ca\/fr\/vivre-apres\/mon-monde\/changements-dans-les-relations-interpersonnelles\/celibataires\/\"},{\"@type\":\"ListItem\",\"position\":6,\"name\":\"Rencontres amoureuses\"}]},{\"@type\":\"WebSite\",\"@id\":\"https:\/\/www.lymphoma.ca\/fr\/#website\",\"url\":\"https:\/\/www.lymphoma.ca\/fr\/\",\"name\":\"Lymphoma Canada\",\"description\":\"Information. Help. Hope.\",\"publisher\":{\"@id\":\"https:\/\/www.lymphoma.ca\/fr\/#organization\"},\"potentialAction\":[{\"@type\":\"SearchAction\",\"target\":{\"@type\":\"EntryPoint\",\"urlTemplate\":\"https:\/\/www.lymphoma.ca\/fr\/?s={search_term_string}\"},\"query-input\":{\"@type\":\"PropertyValueSpecification\",\"valueRequired\":true,\"valueName\":\"search_term_string\"}}],\"inLanguage\":\"fr-FR\"},{\"@type\":\"Organization\",\"@id\":\"https:\/\/www.lymphoma.ca\/fr\/#organization\",\"name\":\"Lymphoma Canada\",\"url\":\"https:\/\/www.lymphoma.ca\/fr\/\",\"logo\":{\"@type\":\"ImageObject\",\"inLanguage\":\"fr-FR\",\"@id\":\"https:\/\/www.lymphoma.ca\/fr\/#\/schema\/logo\/image\/\",\"url\":\"https:\/\/www.lymphoma.ca\/wp-content\/uploads\/2023\/05\/logo-lymphoma.jpg\",\"contentUrl\":\"https:\/\/www.lymphoma.ca\/wp-content\/uploads\/2023\/05\/logo-lymphoma.jpg\",\"width\":343,\"height\":343,\"caption\":\"Lymphoma Canada\"},\"image\":{\"@id\":\"https:\/\/www.lymphoma.ca\/fr\/#\/schema\/logo\/image\/\"},\"sameAs\":[\"https:\/\/www.facebook.com\/LymphomaCanada\",\"https:\/\/x.com\/lymphomacanada\",\"https:\/\/www.linkedin.com\/company\/lymphoma-canada\/\",\"http:\/\/instagram.com\/lymphomacanada\",\"http:\/\/www.youtube.com\/user\/LymphomaTV\"]}]}<\/script>\n<!-- \/ Yoast SEO plugin. -->","yoast_head_json":{"title":"Rencontres amoureuses - Lymphoma Canada","robots":{"index":"index","follow":"follow","max-snippet":"max-snippet:-1","max-image-preview":"max-image-preview:large","max-video-preview":"max-video-preview:-1"},"canonical":"https:\/\/www.lymphoma.ca\/fr\/vivre-apres\/mon-monde\/changements-dans-les-relations-interpersonnelles\/celibataires\/rencontres-amoureuses\/","og_locale":"fr_FR","og_type":"article","og_title":"Rencontres amoureuses - Lymphoma Canada","og_description":"Si vous \u00eates c\u00e9libataire, peut-\u00eatre vous sentez-vous pr\u00eat \u00e0 faire de nouvelles rencontres, maintenant que vous avez \u00e0 d\u00e9finir votre nouvelle normalit\u00e9. En revanche, il est possible que, depuis votre...","og_url":"https:\/\/www.lymphoma.ca\/fr\/vivre-apres\/mon-monde\/changements-dans-les-relations-interpersonnelles\/celibataires\/rencontres-amoureuses\/","og_site_name":"Lymphoma Canada","article_publisher":"https:\/\/www.facebook.com\/LymphomaCanada","article_modified_time":"2020-03-04T02:38:23+00:00","twitter_card":"summary_large_image","twitter_site":"@lymphomacanada","twitter_misc":{"Dur\u00e9e de lecture estim\u00e9e":"2 minutes"},"schema":{"@context":"https:\/\/schema.org","@graph":[{"@type":"WebPage","@id":"https:\/\/www.lymphoma.ca\/fr\/vivre-apres\/mon-monde\/changements-dans-les-relations-interpersonnelles\/celibataires\/rencontres-amoureuses\/","url":"https:\/\/www.lymphoma.ca\/fr\/vivre-apres\/mon-monde\/changements-dans-les-relations-interpersonnelles\/celibataires\/rencontres-amoureuses\/","name":"Rencontres amoureuses - Lymphoma Canada","isPartOf":{"@id":"https:\/\/www.lymphoma.ca\/fr\/#website"},"datePublished":"2020-03-04T02:37:22+00:00","dateModified":"2020-03-04T02:38:23+00:00","breadcrumb":{"@id":"https:\/\/www.lymphoma.ca\/fr\/vivre-apres\/mon-monde\/changements-dans-les-relations-interpersonnelles\/celibataires\/rencontres-amoureuses\/#breadcrumb"},"inLanguage":"fr-FR","potentialAction":[{"@type":"ReadAction","target":["https:\/\/www.lymphoma.ca\/fr\/vivre-apres\/mon-monde\/changements-dans-les-relations-interpersonnelles\/celibataires\/rencontres-amoureuses\/"]}]},{"@type":"BreadcrumbList","@id":"https:\/\/www.lymphoma.ca\/fr\/vivre-apres\/mon-monde\/changements-dans-les-relations-interpersonnelles\/celibataires\/rencontres-amoureuses\/#breadcrumb","itemListElement":[{"@type":"ListItem","position":1,"name":"Home","item":"https:\/\/www.lymphoma.ca\/fr\/"},{"@type":"ListItem","position":2,"name":"Vivre apr\u00e8s le Lymphome","item":"https:\/\/www.lymphoma.ca\/fr\/vivre-apres\/"},{"@type":"ListItem","position":3,"name":"Mon monde &#8211; La nouvelle normalit\u00e9","item":"https:\/\/www.lymphoma.ca\/fr\/vivre-apres\/mon-monde\/"},{"@type":"ListItem","position":4,"name":"Changements dans les relations interpersonnelles","item":"https:\/\/www.lymphoma.ca\/fr\/vivre-apres\/mon-monde\/changements-dans-les-relations-interpersonnelles\/"},{"@type":"ListItem","position":5,"name":"C\u00e9libataires","item":"https:\/\/www.lymphoma.ca\/fr\/vivre-apres\/mon-monde\/changements-dans-les-relations-interpersonnelles\/celibataires\/"},{"@type":"ListItem","position":6,"name":"Rencontres amoureuses"}]},{"@type":"WebSite","@id":"https:\/\/www.lymphoma.ca\/fr\/#website","url":"https:\/\/www.lymphoma.ca\/fr\/","name":"Lymphoma Canada","description":"Information. Help. Hope.","publisher":{"@id":"https:\/\/www.lymphoma.ca\/fr\/#organization"},"potentialAction":[{"@type":"SearchAction","target":{"@type":"EntryPoint","urlTemplate":"https:\/\/www.lymphoma.ca\/fr\/?s={search_term_string}"},"query-input":{"@type":"PropertyValueSpecification","valueRequired":true,"valueName":"search_term_string"}}],"inLanguage":"fr-FR"},{"@type":"Organization","@id":"https:\/\/www.lymphoma.ca\/fr\/#organization","name":"Lymphoma Canada","url":"https:\/\/www.lymphoma.ca\/fr\/","logo":{"@type":"ImageObject","inLanguage":"fr-FR","@id":"https:\/\/www.lymphoma.ca\/fr\/#\/schema\/logo\/image\/","url":"https:\/\/www.lymphoma.ca\/wp-content\/uploads\/2023\/05\/logo-lymphoma.jpg","contentUrl":"https:\/\/www.lymphoma.ca\/wp-content\/uploads\/2023\/05\/logo-lymphoma.jpg","width":343,"height":343,"caption":"Lymphoma Canada"},"image":{"@id":"https:\/\/www.lymphoma.ca\/fr\/#\/schema\/logo\/image\/"},"sameAs":["https:\/\/www.facebook.com\/LymphomaCanada","https:\/\/x.com\/lymphomacanada","https:\/\/www.linkedin.com\/company\/lymphoma-canada\/","http:\/\/instagram.com\/lymphomacanada","http:\/\/www.youtube.com\/user\/LymphomaTV"]}]}},"_links":{"self":[{"href":"https:\/\/www.lymphoma.ca\/fr\/wp-json\/wp\/v2\/pages\/5498","targetHints":{"allow":["GET"]}}],"collection":[{"href":"https:\/\/www.lymphoma.ca\/fr\/wp-json\/wp\/v2\/pages"}],"about":[{"href":"https:\/\/www.lymphoma.ca\/fr\/wp-json\/wp\/v2\/types\/page"}],"author":[{"embeddable":true,"href":"https:\/\/www.lymphoma.ca\/fr\/wp-json\/wp\/v2\/users\/27"}],"replies":[{"embeddable":true,"href":"https:\/\/www.lymphoma.ca\/fr\/wp-json\/wp\/v2\/comments?post=5498"}],"version-history":[{"count":1,"href":"https:\/\/www.lymphoma.ca\/fr\/wp-json\/wp\/v2\/pages\/5498\/revisions"}],"predecessor-version":[{"id":5499,"href":"https:\/\/www.lymphoma.ca\/fr\/wp-json\/wp\/v2\/pages\/5498\/revisions\/5499"}],"up":[{"embeddable":true,"href":"https:\/\/www.lymphoma.ca\/fr\/wp-json\/wp\/v2\/pages\/5495"}],"wp:attachment":[{"href":"https:\/\/www.lymphoma.ca\/fr\/wp-json\/wp\/v2\/media?parent=5498"}],"wp:term":[{"taxonomy":"category","embeddable":true,"href":"https:\/\/www.lymphoma.ca\/fr\/wp-json\/wp\/v2\/categories?post=5498"},{"taxonomy":"post_tag","embeddable":true,"href":"https:\/\/www.lymphoma.ca\/fr\/wp-json\/wp\/v2\/tags?post=5498"}],"curies":[{"name":"wp","href":"https:\/\/api.w.org\/{rel}","templated":true}]}}