{"id":5500,"date":"2020-03-04T02:40:58","date_gmt":"2020-03-04T02:40:58","guid":{"rendered":"https:\/\/www.lymphoma.ca\/?page_id=5500"},"modified":"2020-03-04T02:40:58","modified_gmt":"2020-03-04T02:40:58","slug":"partager-son-experience-avec-un-partenaire-potentiel","status":"publish","type":"page","link":"https:\/\/www.lymphoma.ca\/fr\/vivre-apres\/mon-monde\/changements-dans-les-relations-interpersonnelles\/celibataires\/partager-son-experience-avec-un-partenaire-potentiel\/","title":{"rendered":"Partager son exp\u00e9rience avec un partenaire potentiel"},"content":{"rendered":"<p>C&rsquo;est \u00e0 vous de d\u00e9terminer le meilleur moment pour partager une partie ou la totalit\u00e9 des d\u00e9tails de votre exp\u00e9rience avec le lymphome avec la personne que vous fr\u00e9quentez. Certains patients choisissent d&rsquo;\u00eatre francs et de tout d\u00e9voiler imm\u00e9diatement. D&rsquo;autres d\u00e9cident d&rsquo;attendre jusqu&rsquo;\u00e0 ce qu&rsquo;ils connaissent mieux l&rsquo;autre personne et sentent que la relation m\u00e9rite d&rsquo;\u00eatre poursuivie. Finalement, il y a ceux qui pr\u00e9f\u00e8rent ne pas parler du tout de leur maladie. Au bout du compte, faites ce que vous croyez \u00eatre le mieux pour vous. Toutefois, avant de prendre votre d\u00e9cision, essayez de r\u00e9fl\u00e9chir au fait que bon nombre de personnes consid\u00e8rent la franchise comme un \u00e9l\u00e9ment tr\u00e8s important de toute relation \u00e0 long terme.<\/p>\n<p>Si vous d\u00e9cidez de partager votre exp\u00e9rience, choisissez un moment o\u00f9 vous pourrez tous les deux vous \u00e9couter attentivement sans \u00eatre interrompus. Exercez-vous en priv\u00e9 \u00e0 choisir les bons termes et r\u00e9fl\u00e9chissez aux diff\u00e9rents types de r\u00e9ponses que votre partenaire potentiel pourrait vous donner et \u00e0 la fa\u00e7on dont vous r\u00e9agirez par la suite. Il est important de vous pr\u00e9parer aux diff\u00e9rentes r\u00e9actions possibles face \u00e0 l&rsquo;annonce de votre exp\u00e9rience avec le lymphome. Certaines personnes sont compr\u00e9hensives et vous offrent imm\u00e9diatement leur soutien, tandis que d&rsquo;autres peuvent \u00eatre d\u00e9contenanc\u00e9es et n\u00e9cessiter un moment d&rsquo;ajustement. Il est tout \u00e0 fait justifi\u00e9 que l&rsquo;autre personne pense aux implications de cette annonce sur votre relation et vous pose plus de questions. Finalement, il y a ces personnes qui se sentiront si mal \u00e0 l&rsquo;aise devant cette nouvelle que cela suffira pour qu&rsquo;elles mettent fin \u00e0 la relation. Ne vous bl\u00e2mez pas et ne laissez pas ces \u00e9v\u00e9nements vous emp\u00eacher de continuer \u00e0 faire des rencontres.<\/p>\n<h4>Documentation de r\u00e9f\u00e9rence\u00a0:<\/h4>\n<p><a href=\"http:\/\/www.cancer.ca\/fr-ca\/cancer-information\/cancer-journey\/life-after-cancer\/relationships-after-cancer\/?region=qc\" target=\"_blank\" rel=\"noopener noreferrer\">Soci\u00e9t\u00e9 canadienne du cancer. Relations personnelles apr\u00e8s un cancer<\/a><a href=\"http:\/\/www.cancer.ca\/fr-ca\/cancer-information\/cancer-journey\/life-after-cancer\/relationships-after-cancer\/?region=qc\" target=\"_blank\" rel=\"noopener noreferrer\">.<br \/>\n<\/a>Consult\u00e9 le 27\u00a0mai 2014.<\/p>\n<p><a href=\"http:\/\/www.cancer.net\/coping-and-emotions\/sexual-and-reproductive-health\/dating-and-intimacy\" target=\"_blank\" rel=\"noopener noreferrer\">Cancer.Net. Dating and Intimacy.<br \/>\n<\/a>Consult\u00e9 le 27\u00a0mai 2014.<\/p>\n","protected":false},"excerpt":{"rendered":"<p>C&rsquo;est \u00e0 vous de d\u00e9terminer le meilleur moment pour partager une partie ou la totalit\u00e9 des d\u00e9tails de votre exp\u00e9rience avec le lymphome avec la personne que vous fr\u00e9quentez. Certains&#8230;<\/p>\n","protected":false},"author":27,"featured_media":0,"parent":5495,"menu_order":1,"comment_status":"closed","ping_status":"closed","template":"page-sidebar.php","meta":{"_acf_changed":false,"footnotes":""},"categories":[],"tags":[],"class_list":["post-5500","page","type-page","status-publish"],"acf":[],"yoast_head":"<!-- This site is optimized with the Yoast SEO plugin v26.7 - https:\/\/yoast.com\/wordpress\/plugins\/seo\/ -->\n<title>Partager son exp\u00e9rience avec un partenaire potentiel - Lymphoma Canada<\/title>\n<meta name=\"robots\" content=\"index, follow, max-snippet:-1, max-image-preview:large, max-video-preview:-1\" \/>\n<link rel=\"canonical\" href=\"https:\/\/www.lymphoma.ca\/fr\/vivre-apres\/mon-monde\/changements-dans-les-relations-interpersonnelles\/celibataires\/partager-son-experience-avec-un-partenaire-potentiel\/\" \/>\n<meta property=\"og:locale\" content=\"fr_FR\" \/>\n<meta property=\"og:type\" content=\"article\" \/>\n<meta property=\"og:title\" content=\"Partager son exp\u00e9rience avec un partenaire potentiel - Lymphoma Canada\" \/>\n<meta property=\"og:description\" content=\"C&rsquo;est \u00e0 vous de d\u00e9terminer le meilleur moment pour partager une partie ou la totalit\u00e9 des d\u00e9tails de votre exp\u00e9rience avec le lymphome avec la personne que vous fr\u00e9quentez. Certains...\" \/>\n<meta property=\"og:url\" content=\"https:\/\/www.lymphoma.ca\/fr\/vivre-apres\/mon-monde\/changements-dans-les-relations-interpersonnelles\/celibataires\/partager-son-experience-avec-un-partenaire-potentiel\/\" \/>\n<meta property=\"og:site_name\" content=\"Lymphoma Canada\" \/>\n<meta property=\"article:publisher\" content=\"https:\/\/www.facebook.com\/LymphomaCanada\" \/>\n<meta name=\"twitter:card\" content=\"summary_large_image\" \/>\n<meta name=\"twitter:site\" content=\"@lymphomacanada\" \/>\n<meta name=\"twitter:label1\" content=\"Dur\u00e9e de lecture estim\u00e9e\" \/>\n\t<meta name=\"twitter:data1\" content=\"2 minutes\" \/>\n<script type=\"application\/ld+json\" class=\"yoast-schema-graph\">{\"@context\":\"https:\/\/schema.org\",\"@graph\":[{\"@type\":\"WebPage\",\"@id\":\"https:\/\/www.lymphoma.ca\/fr\/vivre-apres\/mon-monde\/changements-dans-les-relations-interpersonnelles\/celibataires\/partager-son-experience-avec-un-partenaire-potentiel\/\",\"url\":\"https:\/\/www.lymphoma.ca\/fr\/vivre-apres\/mon-monde\/changements-dans-les-relations-interpersonnelles\/celibataires\/partager-son-experience-avec-un-partenaire-potentiel\/\",\"name\":\"Partager son exp\u00e9rience avec un partenaire potentiel - Lymphoma Canada\",\"isPartOf\":{\"@id\":\"https:\/\/www.lymphoma.ca\/fr\/#website\"},\"datePublished\":\"2020-03-04T02:40:58+00:00\",\"breadcrumb\":{\"@id\":\"https:\/\/www.lymphoma.ca\/fr\/vivre-apres\/mon-monde\/changements-dans-les-relations-interpersonnelles\/celibataires\/partager-son-experience-avec-un-partenaire-potentiel\/#breadcrumb\"},\"inLanguage\":\"fr-FR\",\"potentialAction\":[{\"@type\":\"ReadAction\",\"target\":[\"https:\/\/www.lymphoma.ca\/fr\/vivre-apres\/mon-monde\/changements-dans-les-relations-interpersonnelles\/celibataires\/partager-son-experience-avec-un-partenaire-potentiel\/\"]}]},{\"@type\":\"BreadcrumbList\",\"@id\":\"https:\/\/www.lymphoma.ca\/fr\/vivre-apres\/mon-monde\/changements-dans-les-relations-interpersonnelles\/celibataires\/partager-son-experience-avec-un-partenaire-potentiel\/#breadcrumb\",\"itemListElement\":[{\"@type\":\"ListItem\",\"position\":1,\"name\":\"Home\",\"item\":\"https:\/\/www.lymphoma.ca\/fr\/\"},{\"@type\":\"ListItem\",\"position\":2,\"name\":\"Vivre apr\u00e8s le Lymphome\",\"item\":\"https:\/\/www.lymphoma.ca\/fr\/vivre-apres\/\"},{\"@type\":\"ListItem\",\"position\":3,\"name\":\"Mon monde &#8211; La nouvelle normalit\u00e9\",\"item\":\"https:\/\/www.lymphoma.ca\/fr\/vivre-apres\/mon-monde\/\"},{\"@type\":\"ListItem\",\"position\":4,\"name\":\"Changements dans les relations interpersonnelles\",\"item\":\"https:\/\/www.lymphoma.ca\/fr\/vivre-apres\/mon-monde\/changements-dans-les-relations-interpersonnelles\/\"},{\"@type\":\"ListItem\",\"position\":5,\"name\":\"C\u00e9libataires\",\"item\":\"https:\/\/www.lymphoma.ca\/fr\/vivre-apres\/mon-monde\/changements-dans-les-relations-interpersonnelles\/celibataires\/\"},{\"@type\":\"ListItem\",\"position\":6,\"name\":\"Partager son exp\u00e9rience avec un partenaire potentiel\"}]},{\"@type\":\"WebSite\",\"@id\":\"https:\/\/www.lymphoma.ca\/fr\/#website\",\"url\":\"https:\/\/www.lymphoma.ca\/fr\/\",\"name\":\"Lymphoma Canada\",\"description\":\"Information. Help. Hope.\",\"publisher\":{\"@id\":\"https:\/\/www.lymphoma.ca\/fr\/#organization\"},\"potentialAction\":[{\"@type\":\"SearchAction\",\"target\":{\"@type\":\"EntryPoint\",\"urlTemplate\":\"https:\/\/www.lymphoma.ca\/fr\/?s={search_term_string}\"},\"query-input\":{\"@type\":\"PropertyValueSpecification\",\"valueRequired\":true,\"valueName\":\"search_term_string\"}}],\"inLanguage\":\"fr-FR\"},{\"@type\":\"Organization\",\"@id\":\"https:\/\/www.lymphoma.ca\/fr\/#organization\",\"name\":\"Lymphoma Canada\",\"url\":\"https:\/\/www.lymphoma.ca\/fr\/\",\"logo\":{\"@type\":\"ImageObject\",\"inLanguage\":\"fr-FR\",\"@id\":\"https:\/\/www.lymphoma.ca\/fr\/#\/schema\/logo\/image\/\",\"url\":\"https:\/\/www.lymphoma.ca\/wp-content\/uploads\/2023\/05\/logo-lymphoma.jpg\",\"contentUrl\":\"https:\/\/www.lymphoma.ca\/wp-content\/uploads\/2023\/05\/logo-lymphoma.jpg\",\"width\":343,\"height\":343,\"caption\":\"Lymphoma Canada\"},\"image\":{\"@id\":\"https:\/\/www.lymphoma.ca\/fr\/#\/schema\/logo\/image\/\"},\"sameAs\":[\"https:\/\/www.facebook.com\/LymphomaCanada\",\"https:\/\/x.com\/lymphomacanada\",\"https:\/\/www.linkedin.com\/company\/lymphoma-canada\/\",\"http:\/\/instagram.com\/lymphomacanada\",\"http:\/\/www.youtube.com\/user\/LymphomaTV\"]}]}<\/script>\n<!-- \/ Yoast SEO plugin. -->","yoast_head_json":{"title":"Partager son exp\u00e9rience avec un partenaire potentiel - Lymphoma Canada","robots":{"index":"index","follow":"follow","max-snippet":"max-snippet:-1","max-image-preview":"max-image-preview:large","max-video-preview":"max-video-preview:-1"},"canonical":"https:\/\/www.lymphoma.ca\/fr\/vivre-apres\/mon-monde\/changements-dans-les-relations-interpersonnelles\/celibataires\/partager-son-experience-avec-un-partenaire-potentiel\/","og_locale":"fr_FR","og_type":"article","og_title":"Partager son exp\u00e9rience avec un partenaire potentiel - Lymphoma Canada","og_description":"C&rsquo;est \u00e0 vous de d\u00e9terminer le meilleur moment pour partager une partie ou la totalit\u00e9 des d\u00e9tails de votre exp\u00e9rience avec le lymphome avec la personne que vous fr\u00e9quentez. Certains...","og_url":"https:\/\/www.lymphoma.ca\/fr\/vivre-apres\/mon-monde\/changements-dans-les-relations-interpersonnelles\/celibataires\/partager-son-experience-avec-un-partenaire-potentiel\/","og_site_name":"Lymphoma Canada","article_publisher":"https:\/\/www.facebook.com\/LymphomaCanada","twitter_card":"summary_large_image","twitter_site":"@lymphomacanada","twitter_misc":{"Dur\u00e9e de lecture estim\u00e9e":"2 minutes"},"schema":{"@context":"https:\/\/schema.org","@graph":[{"@type":"WebPage","@id":"https:\/\/www.lymphoma.ca\/fr\/vivre-apres\/mon-monde\/changements-dans-les-relations-interpersonnelles\/celibataires\/partager-son-experience-avec-un-partenaire-potentiel\/","url":"https:\/\/www.lymphoma.ca\/fr\/vivre-apres\/mon-monde\/changements-dans-les-relations-interpersonnelles\/celibataires\/partager-son-experience-avec-un-partenaire-potentiel\/","name":"Partager son exp\u00e9rience avec un partenaire potentiel - Lymphoma Canada","isPartOf":{"@id":"https:\/\/www.lymphoma.ca\/fr\/#website"},"datePublished":"2020-03-04T02:40:58+00:00","breadcrumb":{"@id":"https:\/\/www.lymphoma.ca\/fr\/vivre-apres\/mon-monde\/changements-dans-les-relations-interpersonnelles\/celibataires\/partager-son-experience-avec-un-partenaire-potentiel\/#breadcrumb"},"inLanguage":"fr-FR","potentialAction":[{"@type":"ReadAction","target":["https:\/\/www.lymphoma.ca\/fr\/vivre-apres\/mon-monde\/changements-dans-les-relations-interpersonnelles\/celibataires\/partager-son-experience-avec-un-partenaire-potentiel\/"]}]},{"@type":"BreadcrumbList","@id":"https:\/\/www.lymphoma.ca\/fr\/vivre-apres\/mon-monde\/changements-dans-les-relations-interpersonnelles\/celibataires\/partager-son-experience-avec-un-partenaire-potentiel\/#breadcrumb","itemListElement":[{"@type":"ListItem","position":1,"name":"Home","item":"https:\/\/www.lymphoma.ca\/fr\/"},{"@type":"ListItem","position":2,"name":"Vivre apr\u00e8s le Lymphome","item":"https:\/\/www.lymphoma.ca\/fr\/vivre-apres\/"},{"@type":"ListItem","position":3,"name":"Mon monde &#8211; La nouvelle normalit\u00e9","item":"https:\/\/www.lymphoma.ca\/fr\/vivre-apres\/mon-monde\/"},{"@type":"ListItem","position":4,"name":"Changements dans les relations interpersonnelles","item":"https:\/\/www.lymphoma.ca\/fr\/vivre-apres\/mon-monde\/changements-dans-les-relations-interpersonnelles\/"},{"@type":"ListItem","position":5,"name":"C\u00e9libataires","item":"https:\/\/www.lymphoma.ca\/fr\/vivre-apres\/mon-monde\/changements-dans-les-relations-interpersonnelles\/celibataires\/"},{"@type":"ListItem","position":6,"name":"Partager son exp\u00e9rience avec un partenaire potentiel"}]},{"@type":"WebSite","@id":"https:\/\/www.lymphoma.ca\/fr\/#website","url":"https:\/\/www.lymphoma.ca\/fr\/","name":"Lymphoma Canada","description":"Information. Help. Hope.","publisher":{"@id":"https:\/\/www.lymphoma.ca\/fr\/#organization"},"potentialAction":[{"@type":"SearchAction","target":{"@type":"EntryPoint","urlTemplate":"https:\/\/www.lymphoma.ca\/fr\/?s={search_term_string}"},"query-input":{"@type":"PropertyValueSpecification","valueRequired":true,"valueName":"search_term_string"}}],"inLanguage":"fr-FR"},{"@type":"Organization","@id":"https:\/\/www.lymphoma.ca\/fr\/#organization","name":"Lymphoma Canada","url":"https:\/\/www.lymphoma.ca\/fr\/","logo":{"@type":"ImageObject","inLanguage":"fr-FR","@id":"https:\/\/www.lymphoma.ca\/fr\/#\/schema\/logo\/image\/","url":"https:\/\/www.lymphoma.ca\/wp-content\/uploads\/2023\/05\/logo-lymphoma.jpg","contentUrl":"https:\/\/www.lymphoma.ca\/wp-content\/uploads\/2023\/05\/logo-lymphoma.jpg","width":343,"height":343,"caption":"Lymphoma Canada"},"image":{"@id":"https:\/\/www.lymphoma.ca\/fr\/#\/schema\/logo\/image\/"},"sameAs":["https:\/\/www.facebook.com\/LymphomaCanada","https:\/\/x.com\/lymphomacanada","https:\/\/www.linkedin.com\/company\/lymphoma-canada\/","http:\/\/instagram.com\/lymphomacanada","http:\/\/www.youtube.com\/user\/LymphomaTV"]}]}},"_links":{"self":[{"href":"https:\/\/www.lymphoma.ca\/fr\/wp-json\/wp\/v2\/pages\/5500","targetHints":{"allow":["GET"]}}],"collection":[{"href":"https:\/\/www.lymphoma.ca\/fr\/wp-json\/wp\/v2\/pages"}],"about":[{"href":"https:\/\/www.lymphoma.ca\/fr\/wp-json\/wp\/v2\/types\/page"}],"author":[{"embeddable":true,"href":"https:\/\/www.lymphoma.ca\/fr\/wp-json\/wp\/v2\/users\/27"}],"replies":[{"embeddable":true,"href":"https:\/\/www.lymphoma.ca\/fr\/wp-json\/wp\/v2\/comments?post=5500"}],"version-history":[{"count":1,"href":"https:\/\/www.lymphoma.ca\/fr\/wp-json\/wp\/v2\/pages\/5500\/revisions"}],"predecessor-version":[{"id":5501,"href":"https:\/\/www.lymphoma.ca\/fr\/wp-json\/wp\/v2\/pages\/5500\/revisions\/5501"}],"up":[{"embeddable":true,"href":"https:\/\/www.lymphoma.ca\/fr\/wp-json\/wp\/v2\/pages\/5495"}],"wp:attachment":[{"href":"https:\/\/www.lymphoma.ca\/fr\/wp-json\/wp\/v2\/media?parent=5500"}],"wp:term":[{"taxonomy":"category","embeddable":true,"href":"https:\/\/www.lymphoma.ca\/fr\/wp-json\/wp\/v2\/categories?post=5500"},{"taxonomy":"post_tag","embeddable":true,"href":"https:\/\/www.lymphoma.ca\/fr\/wp-json\/wp\/v2\/tags?post=5500"}],"curies":[{"name":"wp","href":"https:\/\/api.w.org\/{rel}","templated":true}]}}