{"id":5502,"date":"2020-03-04T02:43:19","date_gmt":"2020-03-04T02:43:19","guid":{"rendered":"https:\/\/www.lymphoma.ca\/?page_id=5502"},"modified":"2020-03-04T02:43:19","modified_gmt":"2020-03-04T02:43:19","slug":"intimite-avec-un-nouveau-partenaire","status":"publish","type":"page","link":"https:\/\/www.lymphoma.ca\/fr\/vivre-apres\/mon-monde\/changements-dans-les-relations-interpersonnelles\/celibataires\/intimite-avec-un-nouveau-partenaire\/","title":{"rendered":"Intimit\u00e9 avec un nouveau partenaire"},"content":{"rendered":"<p>Il est fort probable que vous aborderez les effets du traitement sur votre corps lorsque vous d\u00e9voilerez les d\u00e9tails de votre exp\u00e9rience avec le lymphome \u00e0 votre nouveau partenaire potentiel. Le traitement du lymphome peut causer chez certains patients divers effets secondaires touchant la fonction sexuelle ou la fonction de reproduction, ce qui pourrait avoir des cons\u00e9quences sur vos relations intimes.<\/p>\n<p>Si le traitement a alt\u00e9r\u00e9 votre fertilit\u00e9 et que votre partenaire vous affirme d\u00e9sirer fortement avoir des enfants, il est nettement pr\u00e9f\u00e9rable d&rsquo;aborder ces questions d\u00e8s le d\u00e9but de la relation.<\/p>\n<p>Dans certains cas, non seulement le traitement contre le lymphome modifie l&rsquo;apparence physique, mais il change la perception que l&rsquo;on a de son propre corps, entra\u00eenant parfois des probl\u00e8mes d&rsquo;image de soi qui minent la confiance en soi et le sentiment d&rsquo;\u00eatre attirant.<\/p>\n<p>Quelle que soit votre situation, il est toujours important d&rsquo;\u00eatre franc avec votre nouveau partenaire, car une communication ouverte est essentielle \u00e0 toute relation et entra\u00eene un plus grand sentiment de confiance \u00e9motionnelle et d&rsquo;intimit\u00e9. Le mieux est de faire part de vos pr\u00e9occupations \u00e0 l&rsquo;\u00e9gard de l&rsquo;intimit\u00e9 sexuelle \u00e0 votre nouveau partenaire avant d&rsquo;en arriver \u00e0 ce stade de la relation. Voici quelques conseils sur la fa\u00e7on d&rsquo;aborder ce sujet d\u00e9licat\u00a0:<\/p>\n<ul>\n<li>Choisissez un moment o\u00f9 vous \u00eates tous les deux d\u00e9tendus et capables d&rsquo;avoir une conversation claire (p.\u00a0ex. sans t\u00e9l\u00e9phones cellulaires).<\/li>\n<li>Choisissez un endroit calme et neutre afin que chacun de vous deux se sente \u00e0 l&rsquo;aise.<\/li>\n<li>Planifiez ce que vous voulez dire (par \u00e9crit ou en en discutant avec un ami).<\/li>\n<li>D\u00e9crivez et expliquez vos probl\u00e8mes physiques potentiels (p.\u00a0ex. dysfonction \u00e9rectile ou s\u00e9cheresse vaginale) et trouvez ensemble des fa\u00e7ons d&rsquo;en tenir compte avant votre premi\u00e8re exp\u00e9rience sexuelle.<\/li>\n<li>Pratiquez d&rsquo;avance la verbalisation de certains termes sexuels qui vous rendent mal \u00e0 l&rsquo;aise.<\/li>\n<li>Au stade d&rsquo;intimit\u00e9 sexuelle de votre relation, guidez votre partenaire et indiquez-lui les positions et les activit\u00e9s qui vous donnent du plaisir et celles qui vous causent de la douleur ou de l&rsquo;inconfort.<\/li>\n<li>Ne pensez pas qu&rsquo;il n&rsquo;existe que la p\u00e9n\u00e9tration dans les rapports sexuels; l&rsquo;intimit\u00e9 sexuelle englobe un large \u00e9ventail d&rsquo;activit\u00e9s sensuelles qui permettent de donner et de recevoir du plaisir sexuel de diff\u00e9rentes fa\u00e7ons.<\/li>\n<\/ul>\n<h4>Documentation de r\u00e9f\u00e9rence\u00a0:<\/h4>\n<p><a href=\"http:\/\/www.cancer.ca\/fr-ca\/cancer-information\/cancer-journey\/life-after-cancer\/relationships-after-cancer\/?region=qc\" target=\"_blank\" rel=\"noopener noreferrer\">Soci\u00e9t\u00e9 canadienne du cancer. Relations personnelles apr\u00e8s un cancer.<br \/>\n<\/a>Consult\u00e9 le 9\u00a0juin 2014.<\/p>\n<p><a href=\"http:\/\/www.cancer.net\/coping-and-emotions\/sexual-and-reproductive-health\/dating-and-intimacy\" target=\"_blank\" rel=\"noopener noreferrer\">Cancer.Net. Dating and Intimacy.<br \/>\n<\/a>Consult\u00e9 le 9\u00a0juin 2014.<\/p>\n","protected":false},"excerpt":{"rendered":"<p>Il est fort probable que vous aborderez les effets du traitement sur votre corps lorsque vous d\u00e9voilerez les d\u00e9tails de votre exp\u00e9rience avec le lymphome \u00e0 votre nouveau partenaire potentiel&#8230;.<\/p>\n","protected":false},"author":27,"featured_media":0,"parent":5495,"menu_order":2,"comment_status":"closed","ping_status":"closed","template":"page-sidebar.php","meta":{"_acf_changed":false,"footnotes":""},"categories":[],"tags":[],"class_list":["post-5502","page","type-page","status-publish"],"acf":[],"yoast_head":"<!-- This site is optimized with the Yoast SEO plugin v26.7 - https:\/\/yoast.com\/wordpress\/plugins\/seo\/ -->\n<title>Intimit\u00e9 avec un nouveau partenaire - Lymphoma Canada<\/title>\n<meta name=\"robots\" content=\"index, follow, max-snippet:-1, max-image-preview:large, max-video-preview:-1\" \/>\n<link rel=\"canonical\" href=\"https:\/\/www.lymphoma.ca\/fr\/vivre-apres\/mon-monde\/changements-dans-les-relations-interpersonnelles\/celibataires\/intimite-avec-un-nouveau-partenaire\/\" \/>\n<meta property=\"og:locale\" content=\"fr_FR\" \/>\n<meta property=\"og:type\" content=\"article\" \/>\n<meta property=\"og:title\" content=\"Intimit\u00e9 avec un nouveau partenaire - Lymphoma Canada\" \/>\n<meta property=\"og:description\" content=\"Il est fort probable que vous aborderez les effets du traitement sur votre corps lorsque vous d\u00e9voilerez les d\u00e9tails de votre exp\u00e9rience avec le lymphome \u00e0 votre nouveau partenaire potentiel....\" \/>\n<meta property=\"og:url\" content=\"https:\/\/www.lymphoma.ca\/fr\/vivre-apres\/mon-monde\/changements-dans-les-relations-interpersonnelles\/celibataires\/intimite-avec-un-nouveau-partenaire\/\" \/>\n<meta property=\"og:site_name\" content=\"Lymphoma Canada\" \/>\n<meta property=\"article:publisher\" content=\"https:\/\/www.facebook.com\/LymphomaCanada\" \/>\n<meta name=\"twitter:card\" content=\"summary_large_image\" \/>\n<meta name=\"twitter:site\" content=\"@lymphomacanada\" \/>\n<meta name=\"twitter:label1\" content=\"Dur\u00e9e de lecture estim\u00e9e\" \/>\n\t<meta name=\"twitter:data1\" content=\"2 minutes\" \/>\n<script type=\"application\/ld+json\" class=\"yoast-schema-graph\">{\"@context\":\"https:\/\/schema.org\",\"@graph\":[{\"@type\":\"WebPage\",\"@id\":\"https:\/\/www.lymphoma.ca\/fr\/vivre-apres\/mon-monde\/changements-dans-les-relations-interpersonnelles\/celibataires\/intimite-avec-un-nouveau-partenaire\/\",\"url\":\"https:\/\/www.lymphoma.ca\/fr\/vivre-apres\/mon-monde\/changements-dans-les-relations-interpersonnelles\/celibataires\/intimite-avec-un-nouveau-partenaire\/\",\"name\":\"Intimit\u00e9 avec un nouveau partenaire - Lymphoma Canada\",\"isPartOf\":{\"@id\":\"https:\/\/www.lymphoma.ca\/fr\/#website\"},\"datePublished\":\"2020-03-04T02:43:19+00:00\",\"breadcrumb\":{\"@id\":\"https:\/\/www.lymphoma.ca\/fr\/vivre-apres\/mon-monde\/changements-dans-les-relations-interpersonnelles\/celibataires\/intimite-avec-un-nouveau-partenaire\/#breadcrumb\"},\"inLanguage\":\"fr-FR\",\"potentialAction\":[{\"@type\":\"ReadAction\",\"target\":[\"https:\/\/www.lymphoma.ca\/fr\/vivre-apres\/mon-monde\/changements-dans-les-relations-interpersonnelles\/celibataires\/intimite-avec-un-nouveau-partenaire\/\"]}]},{\"@type\":\"BreadcrumbList\",\"@id\":\"https:\/\/www.lymphoma.ca\/fr\/vivre-apres\/mon-monde\/changements-dans-les-relations-interpersonnelles\/celibataires\/intimite-avec-un-nouveau-partenaire\/#breadcrumb\",\"itemListElement\":[{\"@type\":\"ListItem\",\"position\":1,\"name\":\"Home\",\"item\":\"https:\/\/www.lymphoma.ca\/fr\/\"},{\"@type\":\"ListItem\",\"position\":2,\"name\":\"Vivre apr\u00e8s le Lymphome\",\"item\":\"https:\/\/www.lymphoma.ca\/fr\/vivre-apres\/\"},{\"@type\":\"ListItem\",\"position\":3,\"name\":\"Mon monde &#8211; La nouvelle normalit\u00e9\",\"item\":\"https:\/\/www.lymphoma.ca\/fr\/vivre-apres\/mon-monde\/\"},{\"@type\":\"ListItem\",\"position\":4,\"name\":\"Changements dans les relations interpersonnelles\",\"item\":\"https:\/\/www.lymphoma.ca\/fr\/vivre-apres\/mon-monde\/changements-dans-les-relations-interpersonnelles\/\"},{\"@type\":\"ListItem\",\"position\":5,\"name\":\"C\u00e9libataires\",\"item\":\"https:\/\/www.lymphoma.ca\/fr\/vivre-apres\/mon-monde\/changements-dans-les-relations-interpersonnelles\/celibataires\/\"},{\"@type\":\"ListItem\",\"position\":6,\"name\":\"Intimit\u00e9 avec un nouveau partenaire\"}]},{\"@type\":\"WebSite\",\"@id\":\"https:\/\/www.lymphoma.ca\/fr\/#website\",\"url\":\"https:\/\/www.lymphoma.ca\/fr\/\",\"name\":\"Lymphoma Canada\",\"description\":\"Information. Help. Hope.\",\"publisher\":{\"@id\":\"https:\/\/www.lymphoma.ca\/fr\/#organization\"},\"potentialAction\":[{\"@type\":\"SearchAction\",\"target\":{\"@type\":\"EntryPoint\",\"urlTemplate\":\"https:\/\/www.lymphoma.ca\/fr\/?s={search_term_string}\"},\"query-input\":{\"@type\":\"PropertyValueSpecification\",\"valueRequired\":true,\"valueName\":\"search_term_string\"}}],\"inLanguage\":\"fr-FR\"},{\"@type\":\"Organization\",\"@id\":\"https:\/\/www.lymphoma.ca\/fr\/#organization\",\"name\":\"Lymphoma Canada\",\"url\":\"https:\/\/www.lymphoma.ca\/fr\/\",\"logo\":{\"@type\":\"ImageObject\",\"inLanguage\":\"fr-FR\",\"@id\":\"https:\/\/www.lymphoma.ca\/fr\/#\/schema\/logo\/image\/\",\"url\":\"https:\/\/www.lymphoma.ca\/wp-content\/uploads\/2023\/05\/logo-lymphoma.jpg\",\"contentUrl\":\"https:\/\/www.lymphoma.ca\/wp-content\/uploads\/2023\/05\/logo-lymphoma.jpg\",\"width\":343,\"height\":343,\"caption\":\"Lymphoma Canada\"},\"image\":{\"@id\":\"https:\/\/www.lymphoma.ca\/fr\/#\/schema\/logo\/image\/\"},\"sameAs\":[\"https:\/\/www.facebook.com\/LymphomaCanada\",\"https:\/\/x.com\/lymphomacanada\",\"https:\/\/www.linkedin.com\/company\/lymphoma-canada\/\",\"http:\/\/instagram.com\/lymphomacanada\",\"http:\/\/www.youtube.com\/user\/LymphomaTV\"]}]}<\/script>\n<!-- \/ Yoast SEO plugin. -->","yoast_head_json":{"title":"Intimit\u00e9 avec un nouveau partenaire - Lymphoma Canada","robots":{"index":"index","follow":"follow","max-snippet":"max-snippet:-1","max-image-preview":"max-image-preview:large","max-video-preview":"max-video-preview:-1"},"canonical":"https:\/\/www.lymphoma.ca\/fr\/vivre-apres\/mon-monde\/changements-dans-les-relations-interpersonnelles\/celibataires\/intimite-avec-un-nouveau-partenaire\/","og_locale":"fr_FR","og_type":"article","og_title":"Intimit\u00e9 avec un nouveau partenaire - Lymphoma Canada","og_description":"Il est fort probable que vous aborderez les effets du traitement sur votre corps lorsque vous d\u00e9voilerez les d\u00e9tails de votre exp\u00e9rience avec le lymphome \u00e0 votre nouveau partenaire potentiel....","og_url":"https:\/\/www.lymphoma.ca\/fr\/vivre-apres\/mon-monde\/changements-dans-les-relations-interpersonnelles\/celibataires\/intimite-avec-un-nouveau-partenaire\/","og_site_name":"Lymphoma Canada","article_publisher":"https:\/\/www.facebook.com\/LymphomaCanada","twitter_card":"summary_large_image","twitter_site":"@lymphomacanada","twitter_misc":{"Dur\u00e9e de lecture estim\u00e9e":"2 minutes"},"schema":{"@context":"https:\/\/schema.org","@graph":[{"@type":"WebPage","@id":"https:\/\/www.lymphoma.ca\/fr\/vivre-apres\/mon-monde\/changements-dans-les-relations-interpersonnelles\/celibataires\/intimite-avec-un-nouveau-partenaire\/","url":"https:\/\/www.lymphoma.ca\/fr\/vivre-apres\/mon-monde\/changements-dans-les-relations-interpersonnelles\/celibataires\/intimite-avec-un-nouveau-partenaire\/","name":"Intimit\u00e9 avec un nouveau partenaire - Lymphoma Canada","isPartOf":{"@id":"https:\/\/www.lymphoma.ca\/fr\/#website"},"datePublished":"2020-03-04T02:43:19+00:00","breadcrumb":{"@id":"https:\/\/www.lymphoma.ca\/fr\/vivre-apres\/mon-monde\/changements-dans-les-relations-interpersonnelles\/celibataires\/intimite-avec-un-nouveau-partenaire\/#breadcrumb"},"inLanguage":"fr-FR","potentialAction":[{"@type":"ReadAction","target":["https:\/\/www.lymphoma.ca\/fr\/vivre-apres\/mon-monde\/changements-dans-les-relations-interpersonnelles\/celibataires\/intimite-avec-un-nouveau-partenaire\/"]}]},{"@type":"BreadcrumbList","@id":"https:\/\/www.lymphoma.ca\/fr\/vivre-apres\/mon-monde\/changements-dans-les-relations-interpersonnelles\/celibataires\/intimite-avec-un-nouveau-partenaire\/#breadcrumb","itemListElement":[{"@type":"ListItem","position":1,"name":"Home","item":"https:\/\/www.lymphoma.ca\/fr\/"},{"@type":"ListItem","position":2,"name":"Vivre apr\u00e8s le Lymphome","item":"https:\/\/www.lymphoma.ca\/fr\/vivre-apres\/"},{"@type":"ListItem","position":3,"name":"Mon monde &#8211; La nouvelle normalit\u00e9","item":"https:\/\/www.lymphoma.ca\/fr\/vivre-apres\/mon-monde\/"},{"@type":"ListItem","position":4,"name":"Changements dans les relations interpersonnelles","item":"https:\/\/www.lymphoma.ca\/fr\/vivre-apres\/mon-monde\/changements-dans-les-relations-interpersonnelles\/"},{"@type":"ListItem","position":5,"name":"C\u00e9libataires","item":"https:\/\/www.lymphoma.ca\/fr\/vivre-apres\/mon-monde\/changements-dans-les-relations-interpersonnelles\/celibataires\/"},{"@type":"ListItem","position":6,"name":"Intimit\u00e9 avec un nouveau partenaire"}]},{"@type":"WebSite","@id":"https:\/\/www.lymphoma.ca\/fr\/#website","url":"https:\/\/www.lymphoma.ca\/fr\/","name":"Lymphoma Canada","description":"Information. Help. Hope.","publisher":{"@id":"https:\/\/www.lymphoma.ca\/fr\/#organization"},"potentialAction":[{"@type":"SearchAction","target":{"@type":"EntryPoint","urlTemplate":"https:\/\/www.lymphoma.ca\/fr\/?s={search_term_string}"},"query-input":{"@type":"PropertyValueSpecification","valueRequired":true,"valueName":"search_term_string"}}],"inLanguage":"fr-FR"},{"@type":"Organization","@id":"https:\/\/www.lymphoma.ca\/fr\/#organization","name":"Lymphoma Canada","url":"https:\/\/www.lymphoma.ca\/fr\/","logo":{"@type":"ImageObject","inLanguage":"fr-FR","@id":"https:\/\/www.lymphoma.ca\/fr\/#\/schema\/logo\/image\/","url":"https:\/\/www.lymphoma.ca\/wp-content\/uploads\/2023\/05\/logo-lymphoma.jpg","contentUrl":"https:\/\/www.lymphoma.ca\/wp-content\/uploads\/2023\/05\/logo-lymphoma.jpg","width":343,"height":343,"caption":"Lymphoma Canada"},"image":{"@id":"https:\/\/www.lymphoma.ca\/fr\/#\/schema\/logo\/image\/"},"sameAs":["https:\/\/www.facebook.com\/LymphomaCanada","https:\/\/x.com\/lymphomacanada","https:\/\/www.linkedin.com\/company\/lymphoma-canada\/","http:\/\/instagram.com\/lymphomacanada","http:\/\/www.youtube.com\/user\/LymphomaTV"]}]}},"_links":{"self":[{"href":"https:\/\/www.lymphoma.ca\/fr\/wp-json\/wp\/v2\/pages\/5502","targetHints":{"allow":["GET"]}}],"collection":[{"href":"https:\/\/www.lymphoma.ca\/fr\/wp-json\/wp\/v2\/pages"}],"about":[{"href":"https:\/\/www.lymphoma.ca\/fr\/wp-json\/wp\/v2\/types\/page"}],"author":[{"embeddable":true,"href":"https:\/\/www.lymphoma.ca\/fr\/wp-json\/wp\/v2\/users\/27"}],"replies":[{"embeddable":true,"href":"https:\/\/www.lymphoma.ca\/fr\/wp-json\/wp\/v2\/comments?post=5502"}],"version-history":[{"count":1,"href":"https:\/\/www.lymphoma.ca\/fr\/wp-json\/wp\/v2\/pages\/5502\/revisions"}],"predecessor-version":[{"id":5503,"href":"https:\/\/www.lymphoma.ca\/fr\/wp-json\/wp\/v2\/pages\/5502\/revisions\/5503"}],"up":[{"embeddable":true,"href":"https:\/\/www.lymphoma.ca\/fr\/wp-json\/wp\/v2\/pages\/5495"}],"wp:attachment":[{"href":"https:\/\/www.lymphoma.ca\/fr\/wp-json\/wp\/v2\/media?parent=5502"}],"wp:term":[{"taxonomy":"category","embeddable":true,"href":"https:\/\/www.lymphoma.ca\/fr\/wp-json\/wp\/v2\/categories?post=5502"},{"taxonomy":"post_tag","embeddable":true,"href":"https:\/\/www.lymphoma.ca\/fr\/wp-json\/wp\/v2\/tags?post=5502"}],"curies":[{"name":"wp","href":"https:\/\/api.w.org\/{rel}","templated":true}]}}