{"id":5506,"date":"2020-03-04T02:55:35","date_gmt":"2020-03-04T02:55:35","guid":{"rendered":"https:\/\/www.lymphoma.ca\/?page_id=5506"},"modified":"2020-03-04T02:55:35","modified_gmt":"2020-03-04T02:55:35","slug":"communication-avec-son-partenaire","status":"publish","type":"page","link":"https:\/\/www.lymphoma.ca\/fr\/vivre-apres\/mon-monde\/changements-dans-les-relations-interpersonnelles\/relation-avec-son-partenaire\/communication-avec-son-partenaire\/","title":{"rendered":"Communication avec son partenaire"},"content":{"rendered":"<p>Une bonne communication, ouverte et franche, entre vous et votre partenaire est essentielle pour g\u00e9rer la d\u00e9tresse \u00e9motionnelle durant et apr\u00e8s votre exp\u00e9rience avec le lymphome. N&rsquo;oubliez pas, votre partenaire est l\u00e0 pour vous apporter soutien, conseils et encouragements, pour vous aider \u00e0 g\u00e9rer les situations stressantes et \u00e0 prendre les bonnes d\u00e9cisions afin de planifier l&rsquo;avenir de votre famille.<\/p>\n<p>Assurez-vous de toujours trouver le temps d&rsquo;aborder les points suivants\u00a0:<\/p>\n<ul>\n<li>Probl\u00e8mes d&rsquo;ordre \u00e9motionnel et physique auxquels vous \u00eates confront\u00e9 durant votre ajustement au lymphome<\/li>\n<li>Maintien de la qualit\u00e9 de votre relation<\/li>\n<li>Changements de r\u00f4les et de responsabilit\u00e9s au sein de la relation et fa\u00e7ons de r\u00e9soudre les probl\u00e8mes associ\u00e9s \u00e0 ces bouleversements<\/li>\n<li>D\u00e9cisions concernant les questions financi\u00e8res et les questions de sant\u00e9<\/li>\n<li>Communication avec les enfants au sujet du lymphome<\/li>\n<\/ul>\n<p>La communication est vitale dans toute relation interpersonnelle, en particulier lorsqu&rsquo;il y a pr\u00e9sence d&rsquo;un cancer tel un lymphome. Si vous et votre partenaire \u00e9prouvez des difficult\u00e9s \u00e0 communiquer, n&rsquo;h\u00e9sitez pas \u00e0 obtenir de l&rsquo;aide.<\/p>\n<h4>Documentation de r\u00e9f\u00e9rence\u00a0:<\/h4>\n<p><a href=\"http:\/\/www.livestrong.org\/we-can-help\/preparing-yourself\/communicating-with-your-partner\/\" target=\"_blank\" rel=\"noopener noreferrer\">LIVESTRONG Foundation. Communicating With Your Partner.<br \/>\n<\/a>Consult\u00e9 le 9\u00a0juin 2014.<\/p>\n","protected":false},"excerpt":{"rendered":"<p>Une bonne communication, ouverte et franche, entre vous et votre partenaire est essentielle pour g\u00e9rer la d\u00e9tresse \u00e9motionnelle durant et apr\u00e8s votre exp\u00e9rience avec le lymphome. N&rsquo;oubliez pas, votre partenaire&#8230;<\/p>\n","protected":false},"author":27,"featured_media":0,"parent":5504,"menu_order":0,"comment_status":"closed","ping_status":"closed","template":"page-sidebar.php","meta":{"_acf_changed":false,"footnotes":""},"categories":[],"tags":[],"class_list":["post-5506","page","type-page","status-publish"],"acf":[],"yoast_head":"<!-- This site is optimized with the Yoast SEO plugin v26.7 - https:\/\/yoast.com\/wordpress\/plugins\/seo\/ -->\n<title>Communication avec son partenaire - Lymphoma Canada<\/title>\n<meta name=\"robots\" content=\"index, follow, max-snippet:-1, max-image-preview:large, max-video-preview:-1\" \/>\n<link rel=\"canonical\" href=\"https:\/\/www.lymphoma.ca\/fr\/vivre-apres\/mon-monde\/changements-dans-les-relations-interpersonnelles\/relation-avec-son-partenaire\/communication-avec-son-partenaire\/\" \/>\n<meta property=\"og:locale\" content=\"fr_FR\" \/>\n<meta property=\"og:type\" content=\"article\" \/>\n<meta property=\"og:title\" content=\"Communication avec son partenaire - Lymphoma Canada\" \/>\n<meta property=\"og:description\" content=\"Une bonne communication, ouverte et franche, entre vous et votre partenaire est essentielle pour g\u00e9rer la d\u00e9tresse \u00e9motionnelle durant et apr\u00e8s votre exp\u00e9rience avec le lymphome. N&rsquo;oubliez pas, votre partenaire...\" \/>\n<meta property=\"og:url\" content=\"https:\/\/www.lymphoma.ca\/fr\/vivre-apres\/mon-monde\/changements-dans-les-relations-interpersonnelles\/relation-avec-son-partenaire\/communication-avec-son-partenaire\/\" \/>\n<meta property=\"og:site_name\" content=\"Lymphoma Canada\" \/>\n<meta property=\"article:publisher\" content=\"https:\/\/www.facebook.com\/LymphomaCanada\" \/>\n<meta name=\"twitter:card\" content=\"summary_large_image\" \/>\n<meta name=\"twitter:site\" content=\"@lymphomacanada\" \/>\n<meta name=\"twitter:label1\" content=\"Dur\u00e9e de lecture estim\u00e9e\" \/>\n\t<meta name=\"twitter:data1\" content=\"1 minute\" \/>\n<script type=\"application\/ld+json\" class=\"yoast-schema-graph\">{\"@context\":\"https:\/\/schema.org\",\"@graph\":[{\"@type\":\"WebPage\",\"@id\":\"https:\/\/www.lymphoma.ca\/fr\/vivre-apres\/mon-monde\/changements-dans-les-relations-interpersonnelles\/relation-avec-son-partenaire\/communication-avec-son-partenaire\/\",\"url\":\"https:\/\/www.lymphoma.ca\/fr\/vivre-apres\/mon-monde\/changements-dans-les-relations-interpersonnelles\/relation-avec-son-partenaire\/communication-avec-son-partenaire\/\",\"name\":\"Communication avec son partenaire - Lymphoma Canada\",\"isPartOf\":{\"@id\":\"https:\/\/www.lymphoma.ca\/fr\/#website\"},\"datePublished\":\"2020-03-04T02:55:35+00:00\",\"breadcrumb\":{\"@id\":\"https:\/\/www.lymphoma.ca\/fr\/vivre-apres\/mon-monde\/changements-dans-les-relations-interpersonnelles\/relation-avec-son-partenaire\/communication-avec-son-partenaire\/#breadcrumb\"},\"inLanguage\":\"fr-FR\",\"potentialAction\":[{\"@type\":\"ReadAction\",\"target\":[\"https:\/\/www.lymphoma.ca\/fr\/vivre-apres\/mon-monde\/changements-dans-les-relations-interpersonnelles\/relation-avec-son-partenaire\/communication-avec-son-partenaire\/\"]}]},{\"@type\":\"BreadcrumbList\",\"@id\":\"https:\/\/www.lymphoma.ca\/fr\/vivre-apres\/mon-monde\/changements-dans-les-relations-interpersonnelles\/relation-avec-son-partenaire\/communication-avec-son-partenaire\/#breadcrumb\",\"itemListElement\":[{\"@type\":\"ListItem\",\"position\":1,\"name\":\"Home\",\"item\":\"https:\/\/www.lymphoma.ca\/fr\/\"},{\"@type\":\"ListItem\",\"position\":2,\"name\":\"Vivre apr\u00e8s le Lymphome\",\"item\":\"https:\/\/www.lymphoma.ca\/fr\/vivre-apres\/\"},{\"@type\":\"ListItem\",\"position\":3,\"name\":\"Mon monde &#8211; La nouvelle normalit\u00e9\",\"item\":\"https:\/\/www.lymphoma.ca\/fr\/vivre-apres\/mon-monde\/\"},{\"@type\":\"ListItem\",\"position\":4,\"name\":\"Changements dans les relations interpersonnelles\",\"item\":\"https:\/\/www.lymphoma.ca\/fr\/vivre-apres\/mon-monde\/changements-dans-les-relations-interpersonnelles\/\"},{\"@type\":\"ListItem\",\"position\":5,\"name\":\"Relation avec son partenaire\",\"item\":\"https:\/\/www.lymphoma.ca\/fr\/vivre-apres\/mon-monde\/changements-dans-les-relations-interpersonnelles\/relation-avec-son-partenaire\/\"},{\"@type\":\"ListItem\",\"position\":6,\"name\":\"Communication avec son partenaire\"}]},{\"@type\":\"WebSite\",\"@id\":\"https:\/\/www.lymphoma.ca\/fr\/#website\",\"url\":\"https:\/\/www.lymphoma.ca\/fr\/\",\"name\":\"Lymphoma Canada\",\"description\":\"Information. Help. Hope.\",\"publisher\":{\"@id\":\"https:\/\/www.lymphoma.ca\/fr\/#organization\"},\"potentialAction\":[{\"@type\":\"SearchAction\",\"target\":{\"@type\":\"EntryPoint\",\"urlTemplate\":\"https:\/\/www.lymphoma.ca\/fr\/?s={search_term_string}\"},\"query-input\":{\"@type\":\"PropertyValueSpecification\",\"valueRequired\":true,\"valueName\":\"search_term_string\"}}],\"inLanguage\":\"fr-FR\"},{\"@type\":\"Organization\",\"@id\":\"https:\/\/www.lymphoma.ca\/fr\/#organization\",\"name\":\"Lymphoma Canada\",\"url\":\"https:\/\/www.lymphoma.ca\/fr\/\",\"logo\":{\"@type\":\"ImageObject\",\"inLanguage\":\"fr-FR\",\"@id\":\"https:\/\/www.lymphoma.ca\/fr\/#\/schema\/logo\/image\/\",\"url\":\"https:\/\/www.lymphoma.ca\/wp-content\/uploads\/2023\/05\/logo-lymphoma.jpg\",\"contentUrl\":\"https:\/\/www.lymphoma.ca\/wp-content\/uploads\/2023\/05\/logo-lymphoma.jpg\",\"width\":343,\"height\":343,\"caption\":\"Lymphoma Canada\"},\"image\":{\"@id\":\"https:\/\/www.lymphoma.ca\/fr\/#\/schema\/logo\/image\/\"},\"sameAs\":[\"https:\/\/www.facebook.com\/LymphomaCanada\",\"https:\/\/x.com\/lymphomacanada\",\"https:\/\/www.linkedin.com\/company\/lymphoma-canada\/\",\"http:\/\/instagram.com\/lymphomacanada\",\"http:\/\/www.youtube.com\/user\/LymphomaTV\"]}]}<\/script>\n<!-- \/ Yoast SEO plugin. -->","yoast_head_json":{"title":"Communication avec son partenaire - Lymphoma Canada","robots":{"index":"index","follow":"follow","max-snippet":"max-snippet:-1","max-image-preview":"max-image-preview:large","max-video-preview":"max-video-preview:-1"},"canonical":"https:\/\/www.lymphoma.ca\/fr\/vivre-apres\/mon-monde\/changements-dans-les-relations-interpersonnelles\/relation-avec-son-partenaire\/communication-avec-son-partenaire\/","og_locale":"fr_FR","og_type":"article","og_title":"Communication avec son partenaire - Lymphoma Canada","og_description":"Une bonne communication, ouverte et franche, entre vous et votre partenaire est essentielle pour g\u00e9rer la d\u00e9tresse \u00e9motionnelle durant et apr\u00e8s votre exp\u00e9rience avec le lymphome. N&rsquo;oubliez pas, votre partenaire...","og_url":"https:\/\/www.lymphoma.ca\/fr\/vivre-apres\/mon-monde\/changements-dans-les-relations-interpersonnelles\/relation-avec-son-partenaire\/communication-avec-son-partenaire\/","og_site_name":"Lymphoma Canada","article_publisher":"https:\/\/www.facebook.com\/LymphomaCanada","twitter_card":"summary_large_image","twitter_site":"@lymphomacanada","twitter_misc":{"Dur\u00e9e de lecture estim\u00e9e":"1 minute"},"schema":{"@context":"https:\/\/schema.org","@graph":[{"@type":"WebPage","@id":"https:\/\/www.lymphoma.ca\/fr\/vivre-apres\/mon-monde\/changements-dans-les-relations-interpersonnelles\/relation-avec-son-partenaire\/communication-avec-son-partenaire\/","url":"https:\/\/www.lymphoma.ca\/fr\/vivre-apres\/mon-monde\/changements-dans-les-relations-interpersonnelles\/relation-avec-son-partenaire\/communication-avec-son-partenaire\/","name":"Communication avec son partenaire - Lymphoma Canada","isPartOf":{"@id":"https:\/\/www.lymphoma.ca\/fr\/#website"},"datePublished":"2020-03-04T02:55:35+00:00","breadcrumb":{"@id":"https:\/\/www.lymphoma.ca\/fr\/vivre-apres\/mon-monde\/changements-dans-les-relations-interpersonnelles\/relation-avec-son-partenaire\/communication-avec-son-partenaire\/#breadcrumb"},"inLanguage":"fr-FR","potentialAction":[{"@type":"ReadAction","target":["https:\/\/www.lymphoma.ca\/fr\/vivre-apres\/mon-monde\/changements-dans-les-relations-interpersonnelles\/relation-avec-son-partenaire\/communication-avec-son-partenaire\/"]}]},{"@type":"BreadcrumbList","@id":"https:\/\/www.lymphoma.ca\/fr\/vivre-apres\/mon-monde\/changements-dans-les-relations-interpersonnelles\/relation-avec-son-partenaire\/communication-avec-son-partenaire\/#breadcrumb","itemListElement":[{"@type":"ListItem","position":1,"name":"Home","item":"https:\/\/www.lymphoma.ca\/fr\/"},{"@type":"ListItem","position":2,"name":"Vivre apr\u00e8s le Lymphome","item":"https:\/\/www.lymphoma.ca\/fr\/vivre-apres\/"},{"@type":"ListItem","position":3,"name":"Mon monde &#8211; La nouvelle normalit\u00e9","item":"https:\/\/www.lymphoma.ca\/fr\/vivre-apres\/mon-monde\/"},{"@type":"ListItem","position":4,"name":"Changements dans les relations interpersonnelles","item":"https:\/\/www.lymphoma.ca\/fr\/vivre-apres\/mon-monde\/changements-dans-les-relations-interpersonnelles\/"},{"@type":"ListItem","position":5,"name":"Relation avec son partenaire","item":"https:\/\/www.lymphoma.ca\/fr\/vivre-apres\/mon-monde\/changements-dans-les-relations-interpersonnelles\/relation-avec-son-partenaire\/"},{"@type":"ListItem","position":6,"name":"Communication avec son partenaire"}]},{"@type":"WebSite","@id":"https:\/\/www.lymphoma.ca\/fr\/#website","url":"https:\/\/www.lymphoma.ca\/fr\/","name":"Lymphoma Canada","description":"Information. Help. Hope.","publisher":{"@id":"https:\/\/www.lymphoma.ca\/fr\/#organization"},"potentialAction":[{"@type":"SearchAction","target":{"@type":"EntryPoint","urlTemplate":"https:\/\/www.lymphoma.ca\/fr\/?s={search_term_string}"},"query-input":{"@type":"PropertyValueSpecification","valueRequired":true,"valueName":"search_term_string"}}],"inLanguage":"fr-FR"},{"@type":"Organization","@id":"https:\/\/www.lymphoma.ca\/fr\/#organization","name":"Lymphoma Canada","url":"https:\/\/www.lymphoma.ca\/fr\/","logo":{"@type":"ImageObject","inLanguage":"fr-FR","@id":"https:\/\/www.lymphoma.ca\/fr\/#\/schema\/logo\/image\/","url":"https:\/\/www.lymphoma.ca\/wp-content\/uploads\/2023\/05\/logo-lymphoma.jpg","contentUrl":"https:\/\/www.lymphoma.ca\/wp-content\/uploads\/2023\/05\/logo-lymphoma.jpg","width":343,"height":343,"caption":"Lymphoma Canada"},"image":{"@id":"https:\/\/www.lymphoma.ca\/fr\/#\/schema\/logo\/image\/"},"sameAs":["https:\/\/www.facebook.com\/LymphomaCanada","https:\/\/x.com\/lymphomacanada","https:\/\/www.linkedin.com\/company\/lymphoma-canada\/","http:\/\/instagram.com\/lymphomacanada","http:\/\/www.youtube.com\/user\/LymphomaTV"]}]}},"_links":{"self":[{"href":"https:\/\/www.lymphoma.ca\/fr\/wp-json\/wp\/v2\/pages\/5506","targetHints":{"allow":["GET"]}}],"collection":[{"href":"https:\/\/www.lymphoma.ca\/fr\/wp-json\/wp\/v2\/pages"}],"about":[{"href":"https:\/\/www.lymphoma.ca\/fr\/wp-json\/wp\/v2\/types\/page"}],"author":[{"embeddable":true,"href":"https:\/\/www.lymphoma.ca\/fr\/wp-json\/wp\/v2\/users\/27"}],"replies":[{"embeddable":true,"href":"https:\/\/www.lymphoma.ca\/fr\/wp-json\/wp\/v2\/comments?post=5506"}],"version-history":[{"count":1,"href":"https:\/\/www.lymphoma.ca\/fr\/wp-json\/wp\/v2\/pages\/5506\/revisions"}],"predecessor-version":[{"id":5507,"href":"https:\/\/www.lymphoma.ca\/fr\/wp-json\/wp\/v2\/pages\/5506\/revisions\/5507"}],"up":[{"embeddable":true,"href":"https:\/\/www.lymphoma.ca\/fr\/wp-json\/wp\/v2\/pages\/5504"}],"wp:attachment":[{"href":"https:\/\/www.lymphoma.ca\/fr\/wp-json\/wp\/v2\/media?parent=5506"}],"wp:term":[{"taxonomy":"category","embeddable":true,"href":"https:\/\/www.lymphoma.ca\/fr\/wp-json\/wp\/v2\/categories?post=5506"},{"taxonomy":"post_tag","embeddable":true,"href":"https:\/\/www.lymphoma.ca\/fr\/wp-json\/wp\/v2\/tags?post=5506"}],"curies":[{"name":"wp","href":"https:\/\/api.w.org\/{rel}","templated":true}]}}