{"id":5508,"date":"2020-03-04T02:57:35","date_gmt":"2020-03-04T02:57:35","guid":{"rendered":"https:\/\/www.lymphoma.ca\/?page_id=5508"},"modified":"2020-03-04T02:57:35","modified_gmt":"2020-03-04T02:57:35","slug":"intimite-avec-son-partenaire","status":"publish","type":"page","link":"https:\/\/www.lymphoma.ca\/fr\/vivre-apres\/mon-monde\/changements-dans-les-relations-interpersonnelles\/relation-avec-son-partenaire\/intimite-avec-son-partenaire\/","title":{"rendered":"Intimit\u00e9 avec son partenaire"},"content":{"rendered":"<p>Le traitement de votre lymphome ou l&rsquo;intervention chirurgicale pourrait avoir alt\u00e9r\u00e9 temporairement ou ind\u00e9finiment votre corps et entra\u00een\u00e9 une diminution de la libido ou de la capacit\u00e9 physique de partager une intimit\u00e9 sexuelle.<\/p>\n<p>Vous pourriez vous sentir fatigu\u00e9 ou avoir peur d&rsquo;une douleur potentielle. Sachez que l&rsquo;intimit\u00e9 comporte des liens physiques et \u00e9motionnels. Voici quelques fa\u00e7ons d&rsquo;am\u00e9liorer ou de maintenir une relation intime saine\u00a0:<\/p>\n<ul>\n<li><strong>Planifiez des moments ensemble\u00a0:<\/strong>\u00a0Trouvez quelqu&rsquo;un pour prendre soin des enfants et essayez d&rsquo;\u00e9teindre le t\u00e9l\u00e9viseur et le t\u00e9l\u00e9phone de sorte que vous pouvez r\u00e9ellement vous rapprocher l&rsquo;un de l&rsquo;autre.<\/li>\n<li><strong>Exprimez vos sentiments\u00a0:<\/strong>\u00a0Concentrez-vous sur les fa\u00e7ons de renouveler tous les deux votre relation sans que cela soit n\u00e9cessairement physique.<\/li>\n<li><strong>Exp\u00e9rimentez.<\/strong>\u00a0Essayez de trouver quel type de toucher vous procure du plaisir \u00e0 tous les deux. Guidez votre partenaire et indiquez-lui les positions et les activit\u00e9s qui vous donnent du plaisir et celles qui vous causent de la douleur ou de l&rsquo;inconfort.<\/li>\n<\/ul>\n<p>Si vous continuez \u00e0 \u00e9prouver des difficult\u00e9s sur le plan de l&rsquo;intimit\u00e9 sexuelle, il existe des sp\u00e9cialistes qui peuvent vous aider. Votre m\u00e9decin peut vous orienter vers une personne qui pourra vous aider \u00e0 r\u00e9soudre ces difficult\u00e9s.<\/p>\n<h4>Documentation de r\u00e9f\u00e9rence\u00a0:<\/h4>\n<p><a href=\"http:\/\/www.cancer.gov\/cancertopics\/coping\/someone-you-love-completed-cancer-treatment\/page8\" target=\"_blank\" rel=\"noopener noreferrer\">National Cancer Institute. Facing Forward: When Someone You Love Has Completed Cancer Treatment. Talking with Your Family.<br \/>\n<\/a>Consult\u00e9 le 9\u00a0juin 2014.<\/p>\n","protected":false},"excerpt":{"rendered":"<p>Le traitement de votre lymphome ou l&rsquo;intervention chirurgicale pourrait avoir alt\u00e9r\u00e9 temporairement ou ind\u00e9finiment votre corps et entra\u00een\u00e9 une diminution de la libido ou de la capacit\u00e9 physique de partager&#8230;<\/p>\n","protected":false},"author":27,"featured_media":0,"parent":5504,"menu_order":1,"comment_status":"closed","ping_status":"closed","template":"page-sidebar.php","meta":{"_acf_changed":false,"footnotes":""},"categories":[],"tags":[],"class_list":["post-5508","page","type-page","status-publish"],"acf":[],"yoast_head":"<!-- This site is optimized with the Yoast SEO plugin v26.7 - https:\/\/yoast.com\/wordpress\/plugins\/seo\/ -->\n<title>Intimit\u00e9 avec son partenaire - Lymphoma Canada<\/title>\n<meta name=\"robots\" content=\"index, follow, max-snippet:-1, max-image-preview:large, max-video-preview:-1\" \/>\n<link rel=\"canonical\" href=\"https:\/\/www.lymphoma.ca\/fr\/vivre-apres\/mon-monde\/changements-dans-les-relations-interpersonnelles\/relation-avec-son-partenaire\/intimite-avec-son-partenaire\/\" \/>\n<meta property=\"og:locale\" content=\"fr_FR\" \/>\n<meta property=\"og:type\" content=\"article\" \/>\n<meta property=\"og:title\" content=\"Intimit\u00e9 avec son partenaire - Lymphoma Canada\" \/>\n<meta property=\"og:description\" content=\"Le traitement de votre lymphome ou l&rsquo;intervention chirurgicale pourrait avoir alt\u00e9r\u00e9 temporairement ou ind\u00e9finiment votre corps et entra\u00een\u00e9 une diminution de la libido ou de la capacit\u00e9 physique de partager...\" \/>\n<meta property=\"og:url\" content=\"https:\/\/www.lymphoma.ca\/fr\/vivre-apres\/mon-monde\/changements-dans-les-relations-interpersonnelles\/relation-avec-son-partenaire\/intimite-avec-son-partenaire\/\" \/>\n<meta property=\"og:site_name\" content=\"Lymphoma Canada\" \/>\n<meta property=\"article:publisher\" content=\"https:\/\/www.facebook.com\/LymphomaCanada\" \/>\n<meta name=\"twitter:card\" content=\"summary_large_image\" \/>\n<meta name=\"twitter:site\" content=\"@lymphomacanada\" \/>\n<meta name=\"twitter:label1\" content=\"Dur\u00e9e de lecture estim\u00e9e\" \/>\n\t<meta name=\"twitter:data1\" content=\"1 minute\" \/>\n<script type=\"application\/ld+json\" class=\"yoast-schema-graph\">{\"@context\":\"https:\/\/schema.org\",\"@graph\":[{\"@type\":\"WebPage\",\"@id\":\"https:\/\/www.lymphoma.ca\/fr\/vivre-apres\/mon-monde\/changements-dans-les-relations-interpersonnelles\/relation-avec-son-partenaire\/intimite-avec-son-partenaire\/\",\"url\":\"https:\/\/www.lymphoma.ca\/fr\/vivre-apres\/mon-monde\/changements-dans-les-relations-interpersonnelles\/relation-avec-son-partenaire\/intimite-avec-son-partenaire\/\",\"name\":\"Intimit\u00e9 avec son partenaire - Lymphoma Canada\",\"isPartOf\":{\"@id\":\"https:\/\/www.lymphoma.ca\/fr\/#website\"},\"datePublished\":\"2020-03-04T02:57:35+00:00\",\"breadcrumb\":{\"@id\":\"https:\/\/www.lymphoma.ca\/fr\/vivre-apres\/mon-monde\/changements-dans-les-relations-interpersonnelles\/relation-avec-son-partenaire\/intimite-avec-son-partenaire\/#breadcrumb\"},\"inLanguage\":\"fr-FR\",\"potentialAction\":[{\"@type\":\"ReadAction\",\"target\":[\"https:\/\/www.lymphoma.ca\/fr\/vivre-apres\/mon-monde\/changements-dans-les-relations-interpersonnelles\/relation-avec-son-partenaire\/intimite-avec-son-partenaire\/\"]}]},{\"@type\":\"BreadcrumbList\",\"@id\":\"https:\/\/www.lymphoma.ca\/fr\/vivre-apres\/mon-monde\/changements-dans-les-relations-interpersonnelles\/relation-avec-son-partenaire\/intimite-avec-son-partenaire\/#breadcrumb\",\"itemListElement\":[{\"@type\":\"ListItem\",\"position\":1,\"name\":\"Home\",\"item\":\"https:\/\/www.lymphoma.ca\/fr\/\"},{\"@type\":\"ListItem\",\"position\":2,\"name\":\"Vivre apr\u00e8s le Lymphome\",\"item\":\"https:\/\/www.lymphoma.ca\/fr\/vivre-apres\/\"},{\"@type\":\"ListItem\",\"position\":3,\"name\":\"Mon monde &#8211; La nouvelle normalit\u00e9\",\"item\":\"https:\/\/www.lymphoma.ca\/fr\/vivre-apres\/mon-monde\/\"},{\"@type\":\"ListItem\",\"position\":4,\"name\":\"Changements dans les relations interpersonnelles\",\"item\":\"https:\/\/www.lymphoma.ca\/fr\/vivre-apres\/mon-monde\/changements-dans-les-relations-interpersonnelles\/\"},{\"@type\":\"ListItem\",\"position\":5,\"name\":\"Relation avec son partenaire\",\"item\":\"https:\/\/www.lymphoma.ca\/fr\/vivre-apres\/mon-monde\/changements-dans-les-relations-interpersonnelles\/relation-avec-son-partenaire\/\"},{\"@type\":\"ListItem\",\"position\":6,\"name\":\"Intimit\u00e9 avec son partenaire\"}]},{\"@type\":\"WebSite\",\"@id\":\"https:\/\/www.lymphoma.ca\/fr\/#website\",\"url\":\"https:\/\/www.lymphoma.ca\/fr\/\",\"name\":\"Lymphoma Canada\",\"description\":\"Information. Help. Hope.\",\"publisher\":{\"@id\":\"https:\/\/www.lymphoma.ca\/fr\/#organization\"},\"potentialAction\":[{\"@type\":\"SearchAction\",\"target\":{\"@type\":\"EntryPoint\",\"urlTemplate\":\"https:\/\/www.lymphoma.ca\/fr\/?s={search_term_string}\"},\"query-input\":{\"@type\":\"PropertyValueSpecification\",\"valueRequired\":true,\"valueName\":\"search_term_string\"}}],\"inLanguage\":\"fr-FR\"},{\"@type\":\"Organization\",\"@id\":\"https:\/\/www.lymphoma.ca\/fr\/#organization\",\"name\":\"Lymphoma Canada\",\"url\":\"https:\/\/www.lymphoma.ca\/fr\/\",\"logo\":{\"@type\":\"ImageObject\",\"inLanguage\":\"fr-FR\",\"@id\":\"https:\/\/www.lymphoma.ca\/fr\/#\/schema\/logo\/image\/\",\"url\":\"https:\/\/www.lymphoma.ca\/wp-content\/uploads\/2023\/05\/logo-lymphoma.jpg\",\"contentUrl\":\"https:\/\/www.lymphoma.ca\/wp-content\/uploads\/2023\/05\/logo-lymphoma.jpg\",\"width\":343,\"height\":343,\"caption\":\"Lymphoma Canada\"},\"image\":{\"@id\":\"https:\/\/www.lymphoma.ca\/fr\/#\/schema\/logo\/image\/\"},\"sameAs\":[\"https:\/\/www.facebook.com\/LymphomaCanada\",\"https:\/\/x.com\/lymphomacanada\",\"https:\/\/www.linkedin.com\/company\/lymphoma-canada\/\",\"http:\/\/instagram.com\/lymphomacanada\",\"http:\/\/www.youtube.com\/user\/LymphomaTV\"]}]}<\/script>\n<!-- \/ Yoast SEO plugin. -->","yoast_head_json":{"title":"Intimit\u00e9 avec son partenaire - Lymphoma Canada","robots":{"index":"index","follow":"follow","max-snippet":"max-snippet:-1","max-image-preview":"max-image-preview:large","max-video-preview":"max-video-preview:-1"},"canonical":"https:\/\/www.lymphoma.ca\/fr\/vivre-apres\/mon-monde\/changements-dans-les-relations-interpersonnelles\/relation-avec-son-partenaire\/intimite-avec-son-partenaire\/","og_locale":"fr_FR","og_type":"article","og_title":"Intimit\u00e9 avec son partenaire - Lymphoma Canada","og_description":"Le traitement de votre lymphome ou l&rsquo;intervention chirurgicale pourrait avoir alt\u00e9r\u00e9 temporairement ou ind\u00e9finiment votre corps et entra\u00een\u00e9 une diminution de la libido ou de la capacit\u00e9 physique de partager...","og_url":"https:\/\/www.lymphoma.ca\/fr\/vivre-apres\/mon-monde\/changements-dans-les-relations-interpersonnelles\/relation-avec-son-partenaire\/intimite-avec-son-partenaire\/","og_site_name":"Lymphoma Canada","article_publisher":"https:\/\/www.facebook.com\/LymphomaCanada","twitter_card":"summary_large_image","twitter_site":"@lymphomacanada","twitter_misc":{"Dur\u00e9e de lecture estim\u00e9e":"1 minute"},"schema":{"@context":"https:\/\/schema.org","@graph":[{"@type":"WebPage","@id":"https:\/\/www.lymphoma.ca\/fr\/vivre-apres\/mon-monde\/changements-dans-les-relations-interpersonnelles\/relation-avec-son-partenaire\/intimite-avec-son-partenaire\/","url":"https:\/\/www.lymphoma.ca\/fr\/vivre-apres\/mon-monde\/changements-dans-les-relations-interpersonnelles\/relation-avec-son-partenaire\/intimite-avec-son-partenaire\/","name":"Intimit\u00e9 avec son partenaire - Lymphoma Canada","isPartOf":{"@id":"https:\/\/www.lymphoma.ca\/fr\/#website"},"datePublished":"2020-03-04T02:57:35+00:00","breadcrumb":{"@id":"https:\/\/www.lymphoma.ca\/fr\/vivre-apres\/mon-monde\/changements-dans-les-relations-interpersonnelles\/relation-avec-son-partenaire\/intimite-avec-son-partenaire\/#breadcrumb"},"inLanguage":"fr-FR","potentialAction":[{"@type":"ReadAction","target":["https:\/\/www.lymphoma.ca\/fr\/vivre-apres\/mon-monde\/changements-dans-les-relations-interpersonnelles\/relation-avec-son-partenaire\/intimite-avec-son-partenaire\/"]}]},{"@type":"BreadcrumbList","@id":"https:\/\/www.lymphoma.ca\/fr\/vivre-apres\/mon-monde\/changements-dans-les-relations-interpersonnelles\/relation-avec-son-partenaire\/intimite-avec-son-partenaire\/#breadcrumb","itemListElement":[{"@type":"ListItem","position":1,"name":"Home","item":"https:\/\/www.lymphoma.ca\/fr\/"},{"@type":"ListItem","position":2,"name":"Vivre apr\u00e8s le Lymphome","item":"https:\/\/www.lymphoma.ca\/fr\/vivre-apres\/"},{"@type":"ListItem","position":3,"name":"Mon monde &#8211; La nouvelle normalit\u00e9","item":"https:\/\/www.lymphoma.ca\/fr\/vivre-apres\/mon-monde\/"},{"@type":"ListItem","position":4,"name":"Changements dans les relations interpersonnelles","item":"https:\/\/www.lymphoma.ca\/fr\/vivre-apres\/mon-monde\/changements-dans-les-relations-interpersonnelles\/"},{"@type":"ListItem","position":5,"name":"Relation avec son partenaire","item":"https:\/\/www.lymphoma.ca\/fr\/vivre-apres\/mon-monde\/changements-dans-les-relations-interpersonnelles\/relation-avec-son-partenaire\/"},{"@type":"ListItem","position":6,"name":"Intimit\u00e9 avec son partenaire"}]},{"@type":"WebSite","@id":"https:\/\/www.lymphoma.ca\/fr\/#website","url":"https:\/\/www.lymphoma.ca\/fr\/","name":"Lymphoma Canada","description":"Information. Help. Hope.","publisher":{"@id":"https:\/\/www.lymphoma.ca\/fr\/#organization"},"potentialAction":[{"@type":"SearchAction","target":{"@type":"EntryPoint","urlTemplate":"https:\/\/www.lymphoma.ca\/fr\/?s={search_term_string}"},"query-input":{"@type":"PropertyValueSpecification","valueRequired":true,"valueName":"search_term_string"}}],"inLanguage":"fr-FR"},{"@type":"Organization","@id":"https:\/\/www.lymphoma.ca\/fr\/#organization","name":"Lymphoma Canada","url":"https:\/\/www.lymphoma.ca\/fr\/","logo":{"@type":"ImageObject","inLanguage":"fr-FR","@id":"https:\/\/www.lymphoma.ca\/fr\/#\/schema\/logo\/image\/","url":"https:\/\/www.lymphoma.ca\/wp-content\/uploads\/2023\/05\/logo-lymphoma.jpg","contentUrl":"https:\/\/www.lymphoma.ca\/wp-content\/uploads\/2023\/05\/logo-lymphoma.jpg","width":343,"height":343,"caption":"Lymphoma Canada"},"image":{"@id":"https:\/\/www.lymphoma.ca\/fr\/#\/schema\/logo\/image\/"},"sameAs":["https:\/\/www.facebook.com\/LymphomaCanada","https:\/\/x.com\/lymphomacanada","https:\/\/www.linkedin.com\/company\/lymphoma-canada\/","http:\/\/instagram.com\/lymphomacanada","http:\/\/www.youtube.com\/user\/LymphomaTV"]}]}},"_links":{"self":[{"href":"https:\/\/www.lymphoma.ca\/fr\/wp-json\/wp\/v2\/pages\/5508","targetHints":{"allow":["GET"]}}],"collection":[{"href":"https:\/\/www.lymphoma.ca\/fr\/wp-json\/wp\/v2\/pages"}],"about":[{"href":"https:\/\/www.lymphoma.ca\/fr\/wp-json\/wp\/v2\/types\/page"}],"author":[{"embeddable":true,"href":"https:\/\/www.lymphoma.ca\/fr\/wp-json\/wp\/v2\/users\/27"}],"replies":[{"embeddable":true,"href":"https:\/\/www.lymphoma.ca\/fr\/wp-json\/wp\/v2\/comments?post=5508"}],"version-history":[{"count":1,"href":"https:\/\/www.lymphoma.ca\/fr\/wp-json\/wp\/v2\/pages\/5508\/revisions"}],"predecessor-version":[{"id":5509,"href":"https:\/\/www.lymphoma.ca\/fr\/wp-json\/wp\/v2\/pages\/5508\/revisions\/5509"}],"up":[{"embeddable":true,"href":"https:\/\/www.lymphoma.ca\/fr\/wp-json\/wp\/v2\/pages\/5504"}],"wp:attachment":[{"href":"https:\/\/www.lymphoma.ca\/fr\/wp-json\/wp\/v2\/media?parent=5508"}],"wp:term":[{"taxonomy":"category","embeddable":true,"href":"https:\/\/www.lymphoma.ca\/fr\/wp-json\/wp\/v2\/categories?post=5508"},{"taxonomy":"post_tag","embeddable":true,"href":"https:\/\/www.lymphoma.ca\/fr\/wp-json\/wp\/v2\/tags?post=5508"}],"curies":[{"name":"wp","href":"https:\/\/api.w.org\/{rel}","templated":true}]}}