{"id":5512,"date":"2020-03-04T03:04:42","date_gmt":"2020-03-04T03:04:42","guid":{"rendered":"https:\/\/www.lymphoma.ca\/?page_id=5512"},"modified":"2020-03-04T03:04:42","modified_gmt":"2020-03-04T03:04:42","slug":"relation-avec-les-enfants-et-adolescents","status":"publish","type":"page","link":"https:\/\/www.lymphoma.ca\/fr\/vivre-apres\/mon-monde\/changements-dans-les-relations-interpersonnelles\/vie-familiale\/relation-avec-les-enfants-et-adolescents\/","title":{"rendered":"Relation avec les enfants et adolescents"},"content":{"rendered":"<p>Votre exp\u00e9rience avec le lymphome a probablement \u00e9t\u00e9 bien difficile pour vos enfants. Si vous avez de jeunes enfants, ces derniers pourraient avoir du mal \u00e0 composer avec cette p\u00e9riode de transition englobant la fin de votre traitement et votre retour au travail. Les changements de routine et les changements au niveau de la participation des autres peuvent cr\u00e9er de l&rsquo;incertitude, ce qui pourrait se manifester par une non-coop\u00e9ration, une anxi\u00e9t\u00e9 accrue, de la tristesse ou des comportements n\u00e9gatifs. Laissez le temps \u00e0 vos enfants de s&rsquo;adapter pendant que les choses reprennent progressivement leur cours normal. Ce que vous d\u00e9cidez de dire \u00e0 vos enfants \u00e0 ce stade-ci d\u00e9pendra de ce qui a d\u00e9j\u00e0 \u00e9t\u00e9 partag\u00e9. Rappelez-vous de communiquer de fa\u00e7on franche avec eux, de les \u00e9couter et de vous assurer qu&rsquo;ils comprennent la situation. Prenez le temps de leur expliquer les points qu&rsquo;ils semblent ne pas comprendre.<\/p>\n<p>Voici quelques conseils sur la fa\u00e7on de communiquer et sur les points \u00e0 partager\u00a0:<\/p>\n<ul>\n<li>Expliquez-leur \u00e0 quoi ils doivent s&rsquo;attendre au cours des quelques semaines et mois qui suivront, pendant que vous commencez votre r\u00e9tablissement.<\/li>\n<li>Soyez bref et laissez-leur le temps de poser des questions.<\/li>\n<li>R\u00e9pondez \u00e0 leurs questions en toute honn\u00eatet\u00e9; si vous ne savez pas quoi r\u00e9pondre, revenez-leur plus tard.<\/li>\n<li>Vous pourriez avoir besoin de vous r\u00e9p\u00e9ter, selon le niveau de compr\u00e9hension de votre enfant.<\/li>\n<li>Ne partagez les r\u00e9sultats de vos tests que s&rsquo;ils changeront la dynamique \u00e0 la maison.<\/li>\n<li>Informez-les des effets secondaires \u00e0 long terme que vous pourriez pr\u00e9senter et qui pourraient rendre certaines activit\u00e9s physiques difficiles (p.\u00a0ex. soccer ou natation). Cela les aidera \u00e0 comprendre que votre absence ne signifie pas que vous \u00eates f\u00e2ch\u00e9.<\/li>\n<li>Ne leur parlez pas de probl\u00e8mes pour lesquels ils ne peuvent \u00eatre utiles, par exemple des probl\u00e8mes financiers; toutefois, si de tels probl\u00e8mes entra\u00eenent des changements importants dans votre mode de vie, pr\u00e9sentez-les-leur comme faisant partie de la vie et montrez-leur comment surmonter les obstacles.<\/li>\n<li>Remerciez-les pour leur aide durant le traitement (p.\u00a0ex. t\u00e2ches m\u00e9nag\u00e8res et aide avec les plus jeunes fr\u00e8res et s\u0153urs) et informez-les que vous \u00eates maintenant capable d&rsquo;assumer ces r\u00f4les (si tel est le cas) ou bien que vous appr\u00e9cieriez encore leur aide \u00e0 cette fin.<\/li>\n<li>Essayez de r\u00e9soudre toute tension dans le foyer qui pourrait avoir surgi pendant le traitement (p.\u00a0ex. tentative de prise en charge par un fr\u00e8re ou une s\u0153ur).<\/li>\n<li>Dites-leur et montrez-leur que vous les aimez peu importe les circonstances.<\/li>\n<\/ul>\n<p>D&rsquo;abord et avant tout, essayez de consacrer plus de temps \u00e0 vos enfants et de planifier certaines activit\u00e9s amusantes mises de c\u00f4t\u00e9 durant votre traitement.<\/p>\n<h3>Adolescents<\/h3>\n<p>Vos adolescents pourraient \u00eatre confront\u00e9s \u00e0 diff\u00e9rents probl\u00e8mes pendant cette \u00e9tape de votre exp\u00e9rience avec le lymphome. Ils pourraient se sentir g\u00ean\u00e9s que leur famille soit diff\u00e9rente en raison de votre lymphome ou bien ils pourraient devenir distants ou col\u00e9riques. Selon leur \u00e2ge, ils pourraient m\u00eame se sentir d\u00e9chir\u00e9s de partir pour l&rsquo;universit\u00e9 apr\u00e8s leurs \u00e9tudes secondaires. Comme avec les jeunes enfants, rappelez-vous de continuer \u00e0 vous investir et \u00e0 communiquer avec eux.<\/p>\n<p>Si vous trouvez difficile de parler avec vos enfants ou vos adolescents, de l&rsquo;aide est \u00e0 votre disposition pour faciliter ces conversations.<\/p>\n<h4>Documentation de r\u00e9f\u00e9rence\u00a0:<\/h4>\n<p><a href=\"http:\/\/www.cancer.net\/survivorship\/life-after-cancer\/sharing-your-story\" target=\"_blank\" rel=\"noopener noreferrer\">Cancer.Net. Sharing Your Story.<br \/>\n<\/a>Consult\u00e9 le 9\u00a0juin 2014.<\/p>\n<p><a href=\"http:\/\/www.cancer.gov\/cancertopics\/coping\/someone-you-love-completed-cancer-treatment\/page8\" target=\"_blank\" rel=\"noopener noreferrer\">National Cancer Institute. Facing Forward: When Someone You Love Has Completed Cancer Treatment. Talking with Your Family.<br \/>\n<\/a>Consult\u00e9 le 9\u00a0juin 2014.<\/p>\n<p><a href=\"http:\/\/www.cancer.gov\/cancertopics\/coping\/life-after-treatment\/page7#f1\" target=\"_blank\" rel=\"noopener noreferrer\">National Cancer Institute. Facing Forward: Life After Cancer Treatment. Social and Work Relationships.<br \/>\n<\/a>Consult\u00e9 le 9\u00a0juin 2014.<\/p>\n","protected":false},"excerpt":{"rendered":"<p>Votre exp\u00e9rience avec le lymphome a probablement \u00e9t\u00e9 bien difficile pour vos enfants. Si vous avez de jeunes enfants, ces derniers pourraient avoir du mal \u00e0 composer avec cette p\u00e9riode&#8230;<\/p>\n","protected":false},"author":27,"featured_media":0,"parent":5510,"menu_order":0,"comment_status":"closed","ping_status":"closed","template":"page-sidebar.php","meta":{"_acf_changed":false,"footnotes":""},"categories":[],"tags":[],"class_list":["post-5512","page","type-page","status-publish"],"acf":[],"yoast_head":"<!-- This site is optimized with the Yoast SEO plugin v26.7 - https:\/\/yoast.com\/wordpress\/plugins\/seo\/ -->\n<title>Relation avec les enfants et adolescents - Lymphoma Canada<\/title>\n<meta name=\"robots\" content=\"index, follow, max-snippet:-1, max-image-preview:large, max-video-preview:-1\" \/>\n<link rel=\"canonical\" href=\"https:\/\/www.lymphoma.ca\/fr\/vivre-apres\/mon-monde\/changements-dans-les-relations-interpersonnelles\/vie-familiale\/relation-avec-les-enfants-et-adolescents\/\" \/>\n<meta property=\"og:locale\" content=\"fr_FR\" \/>\n<meta property=\"og:type\" content=\"article\" \/>\n<meta property=\"og:title\" content=\"Relation avec les enfants et adolescents - Lymphoma Canada\" \/>\n<meta property=\"og:description\" content=\"Votre exp\u00e9rience avec le lymphome a probablement \u00e9t\u00e9 bien difficile pour vos enfants. Si vous avez de jeunes enfants, ces derniers pourraient avoir du mal \u00e0 composer avec cette p\u00e9riode...\" \/>\n<meta property=\"og:url\" content=\"https:\/\/www.lymphoma.ca\/fr\/vivre-apres\/mon-monde\/changements-dans-les-relations-interpersonnelles\/vie-familiale\/relation-avec-les-enfants-et-adolescents\/\" \/>\n<meta property=\"og:site_name\" content=\"Lymphoma Canada\" \/>\n<meta property=\"article:publisher\" content=\"https:\/\/www.facebook.com\/LymphomaCanada\" \/>\n<meta name=\"twitter:card\" content=\"summary_large_image\" \/>\n<meta name=\"twitter:site\" content=\"@lymphomacanada\" \/>\n<meta name=\"twitter:label1\" content=\"Dur\u00e9e de lecture estim\u00e9e\" \/>\n\t<meta name=\"twitter:data1\" content=\"3 minutes\" \/>\n<script type=\"application\/ld+json\" class=\"yoast-schema-graph\">{\"@context\":\"https:\/\/schema.org\",\"@graph\":[{\"@type\":\"WebPage\",\"@id\":\"https:\/\/www.lymphoma.ca\/fr\/vivre-apres\/mon-monde\/changements-dans-les-relations-interpersonnelles\/vie-familiale\/relation-avec-les-enfants-et-adolescents\/\",\"url\":\"https:\/\/www.lymphoma.ca\/fr\/vivre-apres\/mon-monde\/changements-dans-les-relations-interpersonnelles\/vie-familiale\/relation-avec-les-enfants-et-adolescents\/\",\"name\":\"Relation avec les enfants et adolescents - Lymphoma Canada\",\"isPartOf\":{\"@id\":\"https:\/\/www.lymphoma.ca\/fr\/#website\"},\"datePublished\":\"2020-03-04T03:04:42+00:00\",\"breadcrumb\":{\"@id\":\"https:\/\/www.lymphoma.ca\/fr\/vivre-apres\/mon-monde\/changements-dans-les-relations-interpersonnelles\/vie-familiale\/relation-avec-les-enfants-et-adolescents\/#breadcrumb\"},\"inLanguage\":\"fr-FR\",\"potentialAction\":[{\"@type\":\"ReadAction\",\"target\":[\"https:\/\/www.lymphoma.ca\/fr\/vivre-apres\/mon-monde\/changements-dans-les-relations-interpersonnelles\/vie-familiale\/relation-avec-les-enfants-et-adolescents\/\"]}]},{\"@type\":\"BreadcrumbList\",\"@id\":\"https:\/\/www.lymphoma.ca\/fr\/vivre-apres\/mon-monde\/changements-dans-les-relations-interpersonnelles\/vie-familiale\/relation-avec-les-enfants-et-adolescents\/#breadcrumb\",\"itemListElement\":[{\"@type\":\"ListItem\",\"position\":1,\"name\":\"Home\",\"item\":\"https:\/\/www.lymphoma.ca\/fr\/\"},{\"@type\":\"ListItem\",\"position\":2,\"name\":\"Vivre apr\u00e8s le Lymphome\",\"item\":\"https:\/\/www.lymphoma.ca\/fr\/vivre-apres\/\"},{\"@type\":\"ListItem\",\"position\":3,\"name\":\"Mon monde &#8211; La nouvelle normalit\u00e9\",\"item\":\"https:\/\/www.lymphoma.ca\/fr\/vivre-apres\/mon-monde\/\"},{\"@type\":\"ListItem\",\"position\":4,\"name\":\"Changements dans les relations interpersonnelles\",\"item\":\"https:\/\/www.lymphoma.ca\/fr\/vivre-apres\/mon-monde\/changements-dans-les-relations-interpersonnelles\/\"},{\"@type\":\"ListItem\",\"position\":5,\"name\":\"Vie familiale\",\"item\":\"https:\/\/www.lymphoma.ca\/fr\/vivre-apres\/mon-monde\/changements-dans-les-relations-interpersonnelles\/vie-familiale\/\"},{\"@type\":\"ListItem\",\"position\":6,\"name\":\"Relation avec les enfants et adolescents\"}]},{\"@type\":\"WebSite\",\"@id\":\"https:\/\/www.lymphoma.ca\/fr\/#website\",\"url\":\"https:\/\/www.lymphoma.ca\/fr\/\",\"name\":\"Lymphoma Canada\",\"description\":\"Information. Help. Hope.\",\"publisher\":{\"@id\":\"https:\/\/www.lymphoma.ca\/fr\/#organization\"},\"potentialAction\":[{\"@type\":\"SearchAction\",\"target\":{\"@type\":\"EntryPoint\",\"urlTemplate\":\"https:\/\/www.lymphoma.ca\/fr\/?s={search_term_string}\"},\"query-input\":{\"@type\":\"PropertyValueSpecification\",\"valueRequired\":true,\"valueName\":\"search_term_string\"}}],\"inLanguage\":\"fr-FR\"},{\"@type\":\"Organization\",\"@id\":\"https:\/\/www.lymphoma.ca\/fr\/#organization\",\"name\":\"Lymphoma Canada\",\"url\":\"https:\/\/www.lymphoma.ca\/fr\/\",\"logo\":{\"@type\":\"ImageObject\",\"inLanguage\":\"fr-FR\",\"@id\":\"https:\/\/www.lymphoma.ca\/fr\/#\/schema\/logo\/image\/\",\"url\":\"https:\/\/www.lymphoma.ca\/wp-content\/uploads\/2023\/05\/logo-lymphoma.jpg\",\"contentUrl\":\"https:\/\/www.lymphoma.ca\/wp-content\/uploads\/2023\/05\/logo-lymphoma.jpg\",\"width\":343,\"height\":343,\"caption\":\"Lymphoma Canada\"},\"image\":{\"@id\":\"https:\/\/www.lymphoma.ca\/fr\/#\/schema\/logo\/image\/\"},\"sameAs\":[\"https:\/\/www.facebook.com\/LymphomaCanada\",\"https:\/\/x.com\/lymphomacanada\",\"https:\/\/www.linkedin.com\/company\/lymphoma-canada\/\",\"http:\/\/instagram.com\/lymphomacanada\",\"http:\/\/www.youtube.com\/user\/LymphomaTV\"]}]}<\/script>\n<!-- \/ Yoast SEO plugin. -->","yoast_head_json":{"title":"Relation avec les enfants et adolescents - Lymphoma Canada","robots":{"index":"index","follow":"follow","max-snippet":"max-snippet:-1","max-image-preview":"max-image-preview:large","max-video-preview":"max-video-preview:-1"},"canonical":"https:\/\/www.lymphoma.ca\/fr\/vivre-apres\/mon-monde\/changements-dans-les-relations-interpersonnelles\/vie-familiale\/relation-avec-les-enfants-et-adolescents\/","og_locale":"fr_FR","og_type":"article","og_title":"Relation avec les enfants et adolescents - Lymphoma Canada","og_description":"Votre exp\u00e9rience avec le lymphome a probablement \u00e9t\u00e9 bien difficile pour vos enfants. Si vous avez de jeunes enfants, ces derniers pourraient avoir du mal \u00e0 composer avec cette p\u00e9riode...","og_url":"https:\/\/www.lymphoma.ca\/fr\/vivre-apres\/mon-monde\/changements-dans-les-relations-interpersonnelles\/vie-familiale\/relation-avec-les-enfants-et-adolescents\/","og_site_name":"Lymphoma Canada","article_publisher":"https:\/\/www.facebook.com\/LymphomaCanada","twitter_card":"summary_large_image","twitter_site":"@lymphomacanada","twitter_misc":{"Dur\u00e9e de lecture estim\u00e9e":"3 minutes"},"schema":{"@context":"https:\/\/schema.org","@graph":[{"@type":"WebPage","@id":"https:\/\/www.lymphoma.ca\/fr\/vivre-apres\/mon-monde\/changements-dans-les-relations-interpersonnelles\/vie-familiale\/relation-avec-les-enfants-et-adolescents\/","url":"https:\/\/www.lymphoma.ca\/fr\/vivre-apres\/mon-monde\/changements-dans-les-relations-interpersonnelles\/vie-familiale\/relation-avec-les-enfants-et-adolescents\/","name":"Relation avec les enfants et adolescents - Lymphoma Canada","isPartOf":{"@id":"https:\/\/www.lymphoma.ca\/fr\/#website"},"datePublished":"2020-03-04T03:04:42+00:00","breadcrumb":{"@id":"https:\/\/www.lymphoma.ca\/fr\/vivre-apres\/mon-monde\/changements-dans-les-relations-interpersonnelles\/vie-familiale\/relation-avec-les-enfants-et-adolescents\/#breadcrumb"},"inLanguage":"fr-FR","potentialAction":[{"@type":"ReadAction","target":["https:\/\/www.lymphoma.ca\/fr\/vivre-apres\/mon-monde\/changements-dans-les-relations-interpersonnelles\/vie-familiale\/relation-avec-les-enfants-et-adolescents\/"]}]},{"@type":"BreadcrumbList","@id":"https:\/\/www.lymphoma.ca\/fr\/vivre-apres\/mon-monde\/changements-dans-les-relations-interpersonnelles\/vie-familiale\/relation-avec-les-enfants-et-adolescents\/#breadcrumb","itemListElement":[{"@type":"ListItem","position":1,"name":"Home","item":"https:\/\/www.lymphoma.ca\/fr\/"},{"@type":"ListItem","position":2,"name":"Vivre apr\u00e8s le Lymphome","item":"https:\/\/www.lymphoma.ca\/fr\/vivre-apres\/"},{"@type":"ListItem","position":3,"name":"Mon monde &#8211; La nouvelle normalit\u00e9","item":"https:\/\/www.lymphoma.ca\/fr\/vivre-apres\/mon-monde\/"},{"@type":"ListItem","position":4,"name":"Changements dans les relations interpersonnelles","item":"https:\/\/www.lymphoma.ca\/fr\/vivre-apres\/mon-monde\/changements-dans-les-relations-interpersonnelles\/"},{"@type":"ListItem","position":5,"name":"Vie familiale","item":"https:\/\/www.lymphoma.ca\/fr\/vivre-apres\/mon-monde\/changements-dans-les-relations-interpersonnelles\/vie-familiale\/"},{"@type":"ListItem","position":6,"name":"Relation avec les enfants et adolescents"}]},{"@type":"WebSite","@id":"https:\/\/www.lymphoma.ca\/fr\/#website","url":"https:\/\/www.lymphoma.ca\/fr\/","name":"Lymphoma Canada","description":"Information. Help. Hope.","publisher":{"@id":"https:\/\/www.lymphoma.ca\/fr\/#organization"},"potentialAction":[{"@type":"SearchAction","target":{"@type":"EntryPoint","urlTemplate":"https:\/\/www.lymphoma.ca\/fr\/?s={search_term_string}"},"query-input":{"@type":"PropertyValueSpecification","valueRequired":true,"valueName":"search_term_string"}}],"inLanguage":"fr-FR"},{"@type":"Organization","@id":"https:\/\/www.lymphoma.ca\/fr\/#organization","name":"Lymphoma Canada","url":"https:\/\/www.lymphoma.ca\/fr\/","logo":{"@type":"ImageObject","inLanguage":"fr-FR","@id":"https:\/\/www.lymphoma.ca\/fr\/#\/schema\/logo\/image\/","url":"https:\/\/www.lymphoma.ca\/wp-content\/uploads\/2023\/05\/logo-lymphoma.jpg","contentUrl":"https:\/\/www.lymphoma.ca\/wp-content\/uploads\/2023\/05\/logo-lymphoma.jpg","width":343,"height":343,"caption":"Lymphoma Canada"},"image":{"@id":"https:\/\/www.lymphoma.ca\/fr\/#\/schema\/logo\/image\/"},"sameAs":["https:\/\/www.facebook.com\/LymphomaCanada","https:\/\/x.com\/lymphomacanada","https:\/\/www.linkedin.com\/company\/lymphoma-canada\/","http:\/\/instagram.com\/lymphomacanada","http:\/\/www.youtube.com\/user\/LymphomaTV"]}]}},"_links":{"self":[{"href":"https:\/\/www.lymphoma.ca\/fr\/wp-json\/wp\/v2\/pages\/5512","targetHints":{"allow":["GET"]}}],"collection":[{"href":"https:\/\/www.lymphoma.ca\/fr\/wp-json\/wp\/v2\/pages"}],"about":[{"href":"https:\/\/www.lymphoma.ca\/fr\/wp-json\/wp\/v2\/types\/page"}],"author":[{"embeddable":true,"href":"https:\/\/www.lymphoma.ca\/fr\/wp-json\/wp\/v2\/users\/27"}],"replies":[{"embeddable":true,"href":"https:\/\/www.lymphoma.ca\/fr\/wp-json\/wp\/v2\/comments?post=5512"}],"version-history":[{"count":1,"href":"https:\/\/www.lymphoma.ca\/fr\/wp-json\/wp\/v2\/pages\/5512\/revisions"}],"predecessor-version":[{"id":5513,"href":"https:\/\/www.lymphoma.ca\/fr\/wp-json\/wp\/v2\/pages\/5512\/revisions\/5513"}],"up":[{"embeddable":true,"href":"https:\/\/www.lymphoma.ca\/fr\/wp-json\/wp\/v2\/pages\/5510"}],"wp:attachment":[{"href":"https:\/\/www.lymphoma.ca\/fr\/wp-json\/wp\/v2\/media?parent=5512"}],"wp:term":[{"taxonomy":"category","embeddable":true,"href":"https:\/\/www.lymphoma.ca\/fr\/wp-json\/wp\/v2\/categories?post=5512"},{"taxonomy":"post_tag","embeddable":true,"href":"https:\/\/www.lymphoma.ca\/fr\/wp-json\/wp\/v2\/tags?post=5512"}],"curies":[{"name":"wp","href":"https:\/\/api.w.org\/{rel}","templated":true}]}}