{"id":5516,"date":"2020-03-04T03:10:30","date_gmt":"2020-03-04T03:10:30","guid":{"rendered":"https:\/\/www.lymphoma.ca\/?page_id=5516"},"modified":"2020-03-04T03:11:02","modified_gmt":"2020-03-04T03:11:02","slug":"relation-avec-les-amis","status":"publish","type":"page","link":"https:\/\/www.lymphoma.ca\/fr\/vivre-apres\/mon-monde\/changements-dans-les-relations-interpersonnelles\/relation-avec-les-amis\/","title":{"rendered":"Relation avec les amis"},"content":{"rendered":"<p>Maintenant que vous passez \u00e0 l&rsquo;\u00e9tape suivante de votre exp\u00e9rience avec le lymphome, vous pourriez remarquer certains changements dans la dynamique avec vos amis, qui sont fort diff\u00e9rents de ceux qui sont survenus avec votre famille.<\/p>\n<p>Certains de vos amis pourraient \u00eatre d&rsquo;un bon soutien, alors que d&rsquo;autres pourraient \u00eatre plus distants. Certains ne savent pas quoi dire ou ne savent pas comment aider, ce qui peut rendre vos interactions plus difficiles. Finalement, il y a certains de vos amis qui refuseraient de composer du tout avec votre situation. Pendant que vous continuez \u00e0 cultiver vos amiti\u00e9s, essayez de comprendre les pr\u00e9occupations de vos amis et d&rsquo;\u00eatre patient. Cette exp\u00e9rience ne pose pas de difficult\u00e9s qu&rsquo;\u00e0 vous-m\u00eame. \u00c0 ce stade-ci, il est tout \u00e0 fait correct de laisser tomber certaines amiti\u00e9s moins importantes et de continuer \u00e0 cultiver vos relations plus solides; faites ce que vous croyez \u00eatre le mieux pour vous. Rappelez-vous qu&rsquo;il n&rsquo;existe pas d&rsquo;instructions sur la fa\u00e7on de r\u00e9agir face \u00e0 la maladie d&rsquo;un ami.<\/p>\n<p>Voici quelques conseils pour vous aider dans vos relations avec vos amis \u00e0 ce stade-ci de votre exp\u00e9rience avec le lymphome\u00a0:<\/p>\n<ul>\n<li><strong>Remerciez les amis qui vous ont soutenu\u00a0:<\/strong>\u00a0exprimez-leur ce qu&rsquo;a signifi\u00e9 leur aide pour vous; cela peut \u00eatre tr\u00e8s gratifiant tant pour vous que pour vos amis.<\/li>\n<li><strong>Informez-les\u00a0:<\/strong>\u00a0il est naturel que vos amis continuent \u00e0 s&rsquo;inqui\u00e9ter, \u00e0 se tracasser et \u00e0 s&rsquo;alarmer au sujet de votre sant\u00e9; le fait de les tenir au courant de votre traitement et de vos progr\u00e8s les aidera \u00e0 comprendre ce que vous traversez; certains trouvent utile d&rsquo;informer plusieurs personnes simultan\u00e9ment (p.\u00a0ex. cha\u00eene de communication, m\u00e9dias sociaux, blogues ou bulletins d&rsquo;information).<\/li>\n<li><strong>Acceptez leurs offres d&rsquo;aide\u00a0:<\/strong>\u00a0admettez que vous aurez encore besoin d&rsquo;aide et reconnaissez le d\u00e9sir d&rsquo;aider chez vos amis; indiquez-leur les t\u00e2ches pour lesquelles vous avez besoin d&rsquo;aide.<\/li>\n<li><strong>Communiquez vos attentes\u00a0:<\/strong>\u00a0votre exp\u00e9rience avec le lymphome est unique, et vos attentes \u00e0 l&rsquo;\u00e9gard de chacun de vos amis peuvent varier; afin de pr\u00e9venir les malentendus ainsi que le ressentiment, exprimez clairement \u00e0 vos amis la fa\u00e7on dont vous aimeriez qu&rsquo;ils r\u00e9agissent et expliquez-leur patiemment ce que vous souhaitez d&rsquo;eux; en m\u00eame temps, demandez-leur de vous dire leurs attentes (il peut \u00eatre utile de leur laisser savoir imm\u00e9diatement que leurs attentes ne sont pas raisonnables pour vous, si tel est le cas).<\/li>\n<\/ul>\n<p>Si un de vos amis vous a bless\u00e9 ou n&rsquo;a pas \u00e9t\u00e9 d\u00e9licat avec vous durant votre exp\u00e9rience avec le lymphome et que vous souhaitez r\u00e9tablir votre relation avec lui, essayez de r\u00e9soudre le probl\u00e8me en personne. Si les probl\u00e8mes persistent, parlez \u00e0 un autre ami, \u00e0 un membre de votre famille ou \u00e0 un conseiller pour vous aider \u00e0 g\u00e9rer la situation.<\/p>\n<h4>Documentation de r\u00e9f\u00e9rence\u00a0:<\/h4>\n<p><a href=\"http:\/\/www.cancer.gov\/cancertopics\/coping\/life-after-treatment\/page7#f3\" target=\"_blank\" rel=\"noopener noreferrer\">National Cancer Institute. Facing Forward: Life After Cancer Treatment. Social and Work Relationships.<br \/>\n<\/a>Consult\u00e9 le 9\u00a0juin 2014.<\/p>\n","protected":false},"excerpt":{"rendered":"<p>Maintenant que vous passez \u00e0 l&rsquo;\u00e9tape suivante de votre exp\u00e9rience avec le lymphome, vous pourriez remarquer certains changements dans la dynamique avec vos amis, qui sont fort diff\u00e9rents de ceux&#8230;<\/p>\n","protected":false},"author":27,"featured_media":0,"parent":5493,"menu_order":1,"comment_status":"closed","ping_status":"closed","template":"page-sidebar.php","meta":{"_acf_changed":false,"footnotes":""},"categories":[],"tags":[],"class_list":["post-5516","page","type-page","status-publish"],"acf":[],"yoast_head":"<!-- This site is optimized with the Yoast SEO plugin v26.7 - https:\/\/yoast.com\/wordpress\/plugins\/seo\/ -->\n<title>Relation avec les amis - Lymphoma Canada<\/title>\n<meta name=\"robots\" content=\"index, follow, max-snippet:-1, max-image-preview:large, max-video-preview:-1\" \/>\n<link rel=\"canonical\" href=\"https:\/\/www.lymphoma.ca\/fr\/vivre-apres\/mon-monde\/changements-dans-les-relations-interpersonnelles\/relation-avec-les-amis\/\" \/>\n<meta property=\"og:locale\" content=\"fr_FR\" \/>\n<meta property=\"og:type\" content=\"article\" \/>\n<meta property=\"og:title\" content=\"Relation avec les amis - Lymphoma Canada\" \/>\n<meta property=\"og:description\" content=\"Maintenant que vous passez \u00e0 l&rsquo;\u00e9tape suivante de votre exp\u00e9rience avec le lymphome, vous pourriez remarquer certains changements dans la dynamique avec vos amis, qui sont fort diff\u00e9rents de ceux...\" \/>\n<meta property=\"og:url\" content=\"https:\/\/www.lymphoma.ca\/fr\/vivre-apres\/mon-monde\/changements-dans-les-relations-interpersonnelles\/relation-avec-les-amis\/\" \/>\n<meta property=\"og:site_name\" content=\"Lymphoma Canada\" \/>\n<meta property=\"article:publisher\" content=\"https:\/\/www.facebook.com\/LymphomaCanada\" \/>\n<meta property=\"article:modified_time\" content=\"2020-03-04T03:11:02+00:00\" \/>\n<meta name=\"twitter:card\" content=\"summary_large_image\" \/>\n<meta name=\"twitter:site\" content=\"@lymphomacanada\" \/>\n<meta name=\"twitter:label1\" content=\"Dur\u00e9e de lecture estim\u00e9e\" \/>\n\t<meta name=\"twitter:data1\" content=\"2 minutes\" \/>\n<script type=\"application\/ld+json\" class=\"yoast-schema-graph\">{\"@context\":\"https:\/\/schema.org\",\"@graph\":[{\"@type\":\"WebPage\",\"@id\":\"https:\/\/www.lymphoma.ca\/fr\/vivre-apres\/mon-monde\/changements-dans-les-relations-interpersonnelles\/relation-avec-les-amis\/\",\"url\":\"https:\/\/www.lymphoma.ca\/fr\/vivre-apres\/mon-monde\/changements-dans-les-relations-interpersonnelles\/relation-avec-les-amis\/\",\"name\":\"Relation avec les amis - Lymphoma Canada\",\"isPartOf\":{\"@id\":\"https:\/\/www.lymphoma.ca\/fr\/#website\"},\"datePublished\":\"2020-03-04T03:10:30+00:00\",\"dateModified\":\"2020-03-04T03:11:02+00:00\",\"breadcrumb\":{\"@id\":\"https:\/\/www.lymphoma.ca\/fr\/vivre-apres\/mon-monde\/changements-dans-les-relations-interpersonnelles\/relation-avec-les-amis\/#breadcrumb\"},\"inLanguage\":\"fr-FR\",\"potentialAction\":[{\"@type\":\"ReadAction\",\"target\":[\"https:\/\/www.lymphoma.ca\/fr\/vivre-apres\/mon-monde\/changements-dans-les-relations-interpersonnelles\/relation-avec-les-amis\/\"]}]},{\"@type\":\"BreadcrumbList\",\"@id\":\"https:\/\/www.lymphoma.ca\/fr\/vivre-apres\/mon-monde\/changements-dans-les-relations-interpersonnelles\/relation-avec-les-amis\/#breadcrumb\",\"itemListElement\":[{\"@type\":\"ListItem\",\"position\":1,\"name\":\"Home\",\"item\":\"https:\/\/www.lymphoma.ca\/fr\/\"},{\"@type\":\"ListItem\",\"position\":2,\"name\":\"Vivre apr\u00e8s le Lymphome\",\"item\":\"https:\/\/www.lymphoma.ca\/fr\/vivre-apres\/\"},{\"@type\":\"ListItem\",\"position\":3,\"name\":\"Mon monde &#8211; La nouvelle normalit\u00e9\",\"item\":\"https:\/\/www.lymphoma.ca\/fr\/vivre-apres\/mon-monde\/\"},{\"@type\":\"ListItem\",\"position\":4,\"name\":\"Changements dans les relations interpersonnelles\",\"item\":\"https:\/\/www.lymphoma.ca\/fr\/vivre-apres\/mon-monde\/changements-dans-les-relations-interpersonnelles\/\"},{\"@type\":\"ListItem\",\"position\":5,\"name\":\"Relation avec les amis\"}]},{\"@type\":\"WebSite\",\"@id\":\"https:\/\/www.lymphoma.ca\/fr\/#website\",\"url\":\"https:\/\/www.lymphoma.ca\/fr\/\",\"name\":\"Lymphoma Canada\",\"description\":\"Information. Help. Hope.\",\"publisher\":{\"@id\":\"https:\/\/www.lymphoma.ca\/fr\/#organization\"},\"potentialAction\":[{\"@type\":\"SearchAction\",\"target\":{\"@type\":\"EntryPoint\",\"urlTemplate\":\"https:\/\/www.lymphoma.ca\/fr\/?s={search_term_string}\"},\"query-input\":{\"@type\":\"PropertyValueSpecification\",\"valueRequired\":true,\"valueName\":\"search_term_string\"}}],\"inLanguage\":\"fr-FR\"},{\"@type\":\"Organization\",\"@id\":\"https:\/\/www.lymphoma.ca\/fr\/#organization\",\"name\":\"Lymphoma Canada\",\"url\":\"https:\/\/www.lymphoma.ca\/fr\/\",\"logo\":{\"@type\":\"ImageObject\",\"inLanguage\":\"fr-FR\",\"@id\":\"https:\/\/www.lymphoma.ca\/fr\/#\/schema\/logo\/image\/\",\"url\":\"https:\/\/www.lymphoma.ca\/wp-content\/uploads\/2023\/05\/logo-lymphoma.jpg\",\"contentUrl\":\"https:\/\/www.lymphoma.ca\/wp-content\/uploads\/2023\/05\/logo-lymphoma.jpg\",\"width\":343,\"height\":343,\"caption\":\"Lymphoma Canada\"},\"image\":{\"@id\":\"https:\/\/www.lymphoma.ca\/fr\/#\/schema\/logo\/image\/\"},\"sameAs\":[\"https:\/\/www.facebook.com\/LymphomaCanada\",\"https:\/\/x.com\/lymphomacanada\",\"https:\/\/www.linkedin.com\/company\/lymphoma-canada\/\",\"http:\/\/instagram.com\/lymphomacanada\",\"http:\/\/www.youtube.com\/user\/LymphomaTV\"]}]}<\/script>\n<!-- \/ Yoast SEO plugin. -->","yoast_head_json":{"title":"Relation avec les amis - Lymphoma Canada","robots":{"index":"index","follow":"follow","max-snippet":"max-snippet:-1","max-image-preview":"max-image-preview:large","max-video-preview":"max-video-preview:-1"},"canonical":"https:\/\/www.lymphoma.ca\/fr\/vivre-apres\/mon-monde\/changements-dans-les-relations-interpersonnelles\/relation-avec-les-amis\/","og_locale":"fr_FR","og_type":"article","og_title":"Relation avec les amis - Lymphoma Canada","og_description":"Maintenant que vous passez \u00e0 l&rsquo;\u00e9tape suivante de votre exp\u00e9rience avec le lymphome, vous pourriez remarquer certains changements dans la dynamique avec vos amis, qui sont fort diff\u00e9rents de ceux...","og_url":"https:\/\/www.lymphoma.ca\/fr\/vivre-apres\/mon-monde\/changements-dans-les-relations-interpersonnelles\/relation-avec-les-amis\/","og_site_name":"Lymphoma Canada","article_publisher":"https:\/\/www.facebook.com\/LymphomaCanada","article_modified_time":"2020-03-04T03:11:02+00:00","twitter_card":"summary_large_image","twitter_site":"@lymphomacanada","twitter_misc":{"Dur\u00e9e de lecture estim\u00e9e":"2 minutes"},"schema":{"@context":"https:\/\/schema.org","@graph":[{"@type":"WebPage","@id":"https:\/\/www.lymphoma.ca\/fr\/vivre-apres\/mon-monde\/changements-dans-les-relations-interpersonnelles\/relation-avec-les-amis\/","url":"https:\/\/www.lymphoma.ca\/fr\/vivre-apres\/mon-monde\/changements-dans-les-relations-interpersonnelles\/relation-avec-les-amis\/","name":"Relation avec les amis - Lymphoma Canada","isPartOf":{"@id":"https:\/\/www.lymphoma.ca\/fr\/#website"},"datePublished":"2020-03-04T03:10:30+00:00","dateModified":"2020-03-04T03:11:02+00:00","breadcrumb":{"@id":"https:\/\/www.lymphoma.ca\/fr\/vivre-apres\/mon-monde\/changements-dans-les-relations-interpersonnelles\/relation-avec-les-amis\/#breadcrumb"},"inLanguage":"fr-FR","potentialAction":[{"@type":"ReadAction","target":["https:\/\/www.lymphoma.ca\/fr\/vivre-apres\/mon-monde\/changements-dans-les-relations-interpersonnelles\/relation-avec-les-amis\/"]}]},{"@type":"BreadcrumbList","@id":"https:\/\/www.lymphoma.ca\/fr\/vivre-apres\/mon-monde\/changements-dans-les-relations-interpersonnelles\/relation-avec-les-amis\/#breadcrumb","itemListElement":[{"@type":"ListItem","position":1,"name":"Home","item":"https:\/\/www.lymphoma.ca\/fr\/"},{"@type":"ListItem","position":2,"name":"Vivre apr\u00e8s le Lymphome","item":"https:\/\/www.lymphoma.ca\/fr\/vivre-apres\/"},{"@type":"ListItem","position":3,"name":"Mon monde &#8211; La nouvelle normalit\u00e9","item":"https:\/\/www.lymphoma.ca\/fr\/vivre-apres\/mon-monde\/"},{"@type":"ListItem","position":4,"name":"Changements dans les relations interpersonnelles","item":"https:\/\/www.lymphoma.ca\/fr\/vivre-apres\/mon-monde\/changements-dans-les-relations-interpersonnelles\/"},{"@type":"ListItem","position":5,"name":"Relation avec les amis"}]},{"@type":"WebSite","@id":"https:\/\/www.lymphoma.ca\/fr\/#website","url":"https:\/\/www.lymphoma.ca\/fr\/","name":"Lymphoma Canada","description":"Information. Help. Hope.","publisher":{"@id":"https:\/\/www.lymphoma.ca\/fr\/#organization"},"potentialAction":[{"@type":"SearchAction","target":{"@type":"EntryPoint","urlTemplate":"https:\/\/www.lymphoma.ca\/fr\/?s={search_term_string}"},"query-input":{"@type":"PropertyValueSpecification","valueRequired":true,"valueName":"search_term_string"}}],"inLanguage":"fr-FR"},{"@type":"Organization","@id":"https:\/\/www.lymphoma.ca\/fr\/#organization","name":"Lymphoma Canada","url":"https:\/\/www.lymphoma.ca\/fr\/","logo":{"@type":"ImageObject","inLanguage":"fr-FR","@id":"https:\/\/www.lymphoma.ca\/fr\/#\/schema\/logo\/image\/","url":"https:\/\/www.lymphoma.ca\/wp-content\/uploads\/2023\/05\/logo-lymphoma.jpg","contentUrl":"https:\/\/www.lymphoma.ca\/wp-content\/uploads\/2023\/05\/logo-lymphoma.jpg","width":343,"height":343,"caption":"Lymphoma Canada"},"image":{"@id":"https:\/\/www.lymphoma.ca\/fr\/#\/schema\/logo\/image\/"},"sameAs":["https:\/\/www.facebook.com\/LymphomaCanada","https:\/\/x.com\/lymphomacanada","https:\/\/www.linkedin.com\/company\/lymphoma-canada\/","http:\/\/instagram.com\/lymphomacanada","http:\/\/www.youtube.com\/user\/LymphomaTV"]}]}},"_links":{"self":[{"href":"https:\/\/www.lymphoma.ca\/fr\/wp-json\/wp\/v2\/pages\/5516","targetHints":{"allow":["GET"]}}],"collection":[{"href":"https:\/\/www.lymphoma.ca\/fr\/wp-json\/wp\/v2\/pages"}],"about":[{"href":"https:\/\/www.lymphoma.ca\/fr\/wp-json\/wp\/v2\/types\/page"}],"author":[{"embeddable":true,"href":"https:\/\/www.lymphoma.ca\/fr\/wp-json\/wp\/v2\/users\/27"}],"replies":[{"embeddable":true,"href":"https:\/\/www.lymphoma.ca\/fr\/wp-json\/wp\/v2\/comments?post=5516"}],"version-history":[{"count":1,"href":"https:\/\/www.lymphoma.ca\/fr\/wp-json\/wp\/v2\/pages\/5516\/revisions"}],"predecessor-version":[{"id":5517,"href":"https:\/\/www.lymphoma.ca\/fr\/wp-json\/wp\/v2\/pages\/5516\/revisions\/5517"}],"up":[{"embeddable":true,"href":"https:\/\/www.lymphoma.ca\/fr\/wp-json\/wp\/v2\/pages\/5493"}],"wp:attachment":[{"href":"https:\/\/www.lymphoma.ca\/fr\/wp-json\/wp\/v2\/media?parent=5516"}],"wp:term":[{"taxonomy":"category","embeddable":true,"href":"https:\/\/www.lymphoma.ca\/fr\/wp-json\/wp\/v2\/categories?post=5516"},{"taxonomy":"post_tag","embeddable":true,"href":"https:\/\/www.lymphoma.ca\/fr\/wp-json\/wp\/v2\/tags?post=5516"}],"curies":[{"name":"wp","href":"https:\/\/api.w.org\/{rel}","templated":true}]}}