{"id":5527,"date":"2020-03-04T15:51:20","date_gmt":"2020-03-04T15:51:20","guid":{"rendered":"https:\/\/www.lymphoma.ca\/?page_id=5527"},"modified":"2020-03-04T15:51:20","modified_gmt":"2020-03-04T15:51:20","slug":"discrimination-au-travail","status":"publish","type":"page","link":"https:\/\/www.lymphoma.ca\/fr\/vivre-apres\/mon-monde\/vie-au-travail\/discrimination-au-travail\/","title":{"rendered":"Discrimination au travail"},"content":{"rendered":"<p>Si vous retournez au travail ou postulez un nouvel emploi apr\u00e8s votre exp\u00e9rience avec le lymphome, il est possible que vous soyez confront\u00e9 aux situations suivantes\u00a0:<\/p>\n<ul>\n<li>Vous \u00eates cong\u00e9di\u00e9 ou r\u00e9trograd\u00e9<\/li>\n<li>Vous n&rsquo;\u00eates pas pris en consid\u00e9ration pour une promotion ou un nouvel emploi<\/li>\n<li>On vous refuse certaines indemnit\u00e9s de maladie<\/li>\n<li>On vous refuse les cong\u00e9s pour vos rendez-vous m\u00e9dicaux ou de soins de suivi<\/li>\n<\/ul>\n<p>Tant que vous \u00eates qualifi\u00e9 pour votre emploi, votre employeur ou employeur potentiel ne peut pas vous traiter diff\u00e9remment en raison de vos ant\u00e9c\u00e9dents m\u00e9dicaux, y compris votre lymphome. Toute forme de discrimination envers une personne atteinte d&rsquo;un lymphome ou d&rsquo;un autre type de cancer est ill\u00e9gale. Assurez-vous de conna\u00eetre vos droits et de vous prot\u00e9ger contre la discrimination au travail.<\/p>\n<p>Si vous faites face \u00e0 une forme ou une autre de discrimination, il est utile de monter un dossier des incidents qui se sont produits. T\u00e2chez d&rsquo;inclure les noms des personnes impliqu\u00e9es (et ceux des t\u00e9moins de l&rsquo;incident), ainsi que la date et le lieu de l&rsquo;incident. Il peut \u00e9galement \u00eatre utile d&rsquo;inclure une \u00e9valuation de votre rendement au travail ainsi que d&rsquo;autres informations \u00e9crites au sujet de votre travail dans vos dossiers.<\/p>\n<p>Prenez connaissance des politiques de votre milieu de travail. Vous pouvez communiquer avec votre service des ressources humaines pour obtenir plus d&rsquo;information.<\/p>\n<p>Il est toujours possible de consulter un avocat sp\u00e9cialis\u00e9 en droit du travail pour vous aider \u00e0 comprendre vos droits et \u00e0 g\u00e9rer la situation, si n\u00e9cessaire.<\/p>\n<h4>Documentation de r\u00e9f\u00e9rence\u00a0:<\/h4>\n<p><a href=\"http:\/\/www.cancer.ca\/fr-ca\/cancer-information\/cancer-journey\/life-after-cancer\/work-and-finances\/?region=qc\" target=\"_blank\" rel=\"noopener noreferrer\">Soci\u00e9t\u00e9 canadienne du cancer. Travail et finances.<br \/>\n<\/a>Consult\u00e9 le 9\u00a0juin 2014.<\/p>\n<p><a href=\"http:\/\/www.cancer.org\/treatment\/survivorshipduringandaftertreatment\/stayingactive\/workingduringandaftertreatment\/returning-to-work-after-cancer-treatment\" target=\"_blank\" rel=\"noopener noreferrer\">American Cancer Society. Returning to Work After Cancer Treatment. R\u00e9vis\u00e9 le 15 avril 2014.<br \/>\n<\/a>Consult\u00e9 le 9\u00a0juin 2014.<\/p>\n","protected":false},"excerpt":{"rendered":"<p>Si vous retournez au travail ou postulez un nouvel emploi apr\u00e8s votre exp\u00e9rience avec le lymphome, il est possible que vous soyez confront\u00e9 aux situations suivantes\u00a0: Vous \u00eates cong\u00e9di\u00e9 ou&#8230;<\/p>\n","protected":false},"author":27,"featured_media":0,"parent":5520,"menu_order":0,"comment_status":"closed","ping_status":"closed","template":"page-sidebar.php","meta":{"_acf_changed":false,"footnotes":""},"categories":[],"tags":[],"class_list":["post-5527","page","type-page","status-publish"],"acf":[],"yoast_head":"<!-- This site is optimized with the Yoast SEO plugin v26.7 - https:\/\/yoast.com\/wordpress\/plugins\/seo\/ -->\n<title>Discrimination au travail - Lymphoma Canada<\/title>\n<meta name=\"robots\" content=\"index, follow, max-snippet:-1, max-image-preview:large, max-video-preview:-1\" \/>\n<link rel=\"canonical\" href=\"https:\/\/www.lymphoma.ca\/fr\/vivre-apres\/mon-monde\/vie-au-travail\/discrimination-au-travail\/\" \/>\n<meta property=\"og:locale\" content=\"fr_FR\" \/>\n<meta property=\"og:type\" content=\"article\" \/>\n<meta property=\"og:title\" content=\"Discrimination au travail - Lymphoma Canada\" \/>\n<meta property=\"og:description\" content=\"Si vous retournez au travail ou postulez un nouvel emploi apr\u00e8s votre exp\u00e9rience avec le lymphome, il est possible que vous soyez confront\u00e9 aux situations suivantes\u00a0: Vous \u00eates cong\u00e9di\u00e9 ou...\" \/>\n<meta property=\"og:url\" content=\"https:\/\/www.lymphoma.ca\/fr\/vivre-apres\/mon-monde\/vie-au-travail\/discrimination-au-travail\/\" \/>\n<meta property=\"og:site_name\" content=\"Lymphoma Canada\" \/>\n<meta property=\"article:publisher\" content=\"https:\/\/www.facebook.com\/LymphomaCanada\" \/>\n<meta name=\"twitter:card\" content=\"summary_large_image\" \/>\n<meta name=\"twitter:site\" content=\"@lymphomacanada\" \/>\n<meta name=\"twitter:label1\" content=\"Dur\u00e9e de lecture estim\u00e9e\" \/>\n\t<meta name=\"twitter:data1\" content=\"1 minute\" \/>\n<script type=\"application\/ld+json\" class=\"yoast-schema-graph\">{\"@context\":\"https:\/\/schema.org\",\"@graph\":[{\"@type\":\"WebPage\",\"@id\":\"https:\/\/www.lymphoma.ca\/fr\/vivre-apres\/mon-monde\/vie-au-travail\/discrimination-au-travail\/\",\"url\":\"https:\/\/www.lymphoma.ca\/fr\/vivre-apres\/mon-monde\/vie-au-travail\/discrimination-au-travail\/\",\"name\":\"Discrimination au travail - Lymphoma Canada\",\"isPartOf\":{\"@id\":\"https:\/\/www.lymphoma.ca\/fr\/#website\"},\"datePublished\":\"2020-03-04T15:51:20+00:00\",\"breadcrumb\":{\"@id\":\"https:\/\/www.lymphoma.ca\/fr\/vivre-apres\/mon-monde\/vie-au-travail\/discrimination-au-travail\/#breadcrumb\"},\"inLanguage\":\"fr-FR\",\"potentialAction\":[{\"@type\":\"ReadAction\",\"target\":[\"https:\/\/www.lymphoma.ca\/fr\/vivre-apres\/mon-monde\/vie-au-travail\/discrimination-au-travail\/\"]}]},{\"@type\":\"BreadcrumbList\",\"@id\":\"https:\/\/www.lymphoma.ca\/fr\/vivre-apres\/mon-monde\/vie-au-travail\/discrimination-au-travail\/#breadcrumb\",\"itemListElement\":[{\"@type\":\"ListItem\",\"position\":1,\"name\":\"Home\",\"item\":\"https:\/\/www.lymphoma.ca\/fr\/\"},{\"@type\":\"ListItem\",\"position\":2,\"name\":\"Vivre apr\u00e8s le Lymphome\",\"item\":\"https:\/\/www.lymphoma.ca\/fr\/vivre-apres\/\"},{\"@type\":\"ListItem\",\"position\":3,\"name\":\"Mon monde &#8211; La nouvelle normalit\u00e9\",\"item\":\"https:\/\/www.lymphoma.ca\/fr\/vivre-apres\/mon-monde\/\"},{\"@type\":\"ListItem\",\"position\":4,\"name\":\"Vie au travail\",\"item\":\"https:\/\/www.lymphoma.ca\/fr\/vivre-apres\/mon-monde\/vie-au-travail\/\"},{\"@type\":\"ListItem\",\"position\":5,\"name\":\"Discrimination au travail\"}]},{\"@type\":\"WebSite\",\"@id\":\"https:\/\/www.lymphoma.ca\/fr\/#website\",\"url\":\"https:\/\/www.lymphoma.ca\/fr\/\",\"name\":\"Lymphoma Canada\",\"description\":\"Information. Help. Hope.\",\"publisher\":{\"@id\":\"https:\/\/www.lymphoma.ca\/fr\/#organization\"},\"potentialAction\":[{\"@type\":\"SearchAction\",\"target\":{\"@type\":\"EntryPoint\",\"urlTemplate\":\"https:\/\/www.lymphoma.ca\/fr\/?s={search_term_string}\"},\"query-input\":{\"@type\":\"PropertyValueSpecification\",\"valueRequired\":true,\"valueName\":\"search_term_string\"}}],\"inLanguage\":\"fr-FR\"},{\"@type\":\"Organization\",\"@id\":\"https:\/\/www.lymphoma.ca\/fr\/#organization\",\"name\":\"Lymphoma Canada\",\"url\":\"https:\/\/www.lymphoma.ca\/fr\/\",\"logo\":{\"@type\":\"ImageObject\",\"inLanguage\":\"fr-FR\",\"@id\":\"https:\/\/www.lymphoma.ca\/fr\/#\/schema\/logo\/image\/\",\"url\":\"https:\/\/www.lymphoma.ca\/wp-content\/uploads\/2023\/05\/logo-lymphoma.jpg\",\"contentUrl\":\"https:\/\/www.lymphoma.ca\/wp-content\/uploads\/2023\/05\/logo-lymphoma.jpg\",\"width\":343,\"height\":343,\"caption\":\"Lymphoma Canada\"},\"image\":{\"@id\":\"https:\/\/www.lymphoma.ca\/fr\/#\/schema\/logo\/image\/\"},\"sameAs\":[\"https:\/\/www.facebook.com\/LymphomaCanada\",\"https:\/\/x.com\/lymphomacanada\",\"https:\/\/www.linkedin.com\/company\/lymphoma-canada\/\",\"http:\/\/instagram.com\/lymphomacanada\",\"http:\/\/www.youtube.com\/user\/LymphomaTV\"]}]}<\/script>\n<!-- \/ Yoast SEO plugin. -->","yoast_head_json":{"title":"Discrimination au travail - Lymphoma Canada","robots":{"index":"index","follow":"follow","max-snippet":"max-snippet:-1","max-image-preview":"max-image-preview:large","max-video-preview":"max-video-preview:-1"},"canonical":"https:\/\/www.lymphoma.ca\/fr\/vivre-apres\/mon-monde\/vie-au-travail\/discrimination-au-travail\/","og_locale":"fr_FR","og_type":"article","og_title":"Discrimination au travail - Lymphoma Canada","og_description":"Si vous retournez au travail ou postulez un nouvel emploi apr\u00e8s votre exp\u00e9rience avec le lymphome, il est possible que vous soyez confront\u00e9 aux situations suivantes\u00a0: Vous \u00eates cong\u00e9di\u00e9 ou...","og_url":"https:\/\/www.lymphoma.ca\/fr\/vivre-apres\/mon-monde\/vie-au-travail\/discrimination-au-travail\/","og_site_name":"Lymphoma Canada","article_publisher":"https:\/\/www.facebook.com\/LymphomaCanada","twitter_card":"summary_large_image","twitter_site":"@lymphomacanada","twitter_misc":{"Dur\u00e9e de lecture estim\u00e9e":"1 minute"},"schema":{"@context":"https:\/\/schema.org","@graph":[{"@type":"WebPage","@id":"https:\/\/www.lymphoma.ca\/fr\/vivre-apres\/mon-monde\/vie-au-travail\/discrimination-au-travail\/","url":"https:\/\/www.lymphoma.ca\/fr\/vivre-apres\/mon-monde\/vie-au-travail\/discrimination-au-travail\/","name":"Discrimination au travail - Lymphoma Canada","isPartOf":{"@id":"https:\/\/www.lymphoma.ca\/fr\/#website"},"datePublished":"2020-03-04T15:51:20+00:00","breadcrumb":{"@id":"https:\/\/www.lymphoma.ca\/fr\/vivre-apres\/mon-monde\/vie-au-travail\/discrimination-au-travail\/#breadcrumb"},"inLanguage":"fr-FR","potentialAction":[{"@type":"ReadAction","target":["https:\/\/www.lymphoma.ca\/fr\/vivre-apres\/mon-monde\/vie-au-travail\/discrimination-au-travail\/"]}]},{"@type":"BreadcrumbList","@id":"https:\/\/www.lymphoma.ca\/fr\/vivre-apres\/mon-monde\/vie-au-travail\/discrimination-au-travail\/#breadcrumb","itemListElement":[{"@type":"ListItem","position":1,"name":"Home","item":"https:\/\/www.lymphoma.ca\/fr\/"},{"@type":"ListItem","position":2,"name":"Vivre apr\u00e8s le Lymphome","item":"https:\/\/www.lymphoma.ca\/fr\/vivre-apres\/"},{"@type":"ListItem","position":3,"name":"Mon monde &#8211; La nouvelle normalit\u00e9","item":"https:\/\/www.lymphoma.ca\/fr\/vivre-apres\/mon-monde\/"},{"@type":"ListItem","position":4,"name":"Vie au travail","item":"https:\/\/www.lymphoma.ca\/fr\/vivre-apres\/mon-monde\/vie-au-travail\/"},{"@type":"ListItem","position":5,"name":"Discrimination au travail"}]},{"@type":"WebSite","@id":"https:\/\/www.lymphoma.ca\/fr\/#website","url":"https:\/\/www.lymphoma.ca\/fr\/","name":"Lymphoma Canada","description":"Information. Help. Hope.","publisher":{"@id":"https:\/\/www.lymphoma.ca\/fr\/#organization"},"potentialAction":[{"@type":"SearchAction","target":{"@type":"EntryPoint","urlTemplate":"https:\/\/www.lymphoma.ca\/fr\/?s={search_term_string}"},"query-input":{"@type":"PropertyValueSpecification","valueRequired":true,"valueName":"search_term_string"}}],"inLanguage":"fr-FR"},{"@type":"Organization","@id":"https:\/\/www.lymphoma.ca\/fr\/#organization","name":"Lymphoma Canada","url":"https:\/\/www.lymphoma.ca\/fr\/","logo":{"@type":"ImageObject","inLanguage":"fr-FR","@id":"https:\/\/www.lymphoma.ca\/fr\/#\/schema\/logo\/image\/","url":"https:\/\/www.lymphoma.ca\/wp-content\/uploads\/2023\/05\/logo-lymphoma.jpg","contentUrl":"https:\/\/www.lymphoma.ca\/wp-content\/uploads\/2023\/05\/logo-lymphoma.jpg","width":343,"height":343,"caption":"Lymphoma Canada"},"image":{"@id":"https:\/\/www.lymphoma.ca\/fr\/#\/schema\/logo\/image\/"},"sameAs":["https:\/\/www.facebook.com\/LymphomaCanada","https:\/\/x.com\/lymphomacanada","https:\/\/www.linkedin.com\/company\/lymphoma-canada\/","http:\/\/instagram.com\/lymphomacanada","http:\/\/www.youtube.com\/user\/LymphomaTV"]}]}},"_links":{"self":[{"href":"https:\/\/www.lymphoma.ca\/fr\/wp-json\/wp\/v2\/pages\/5527","targetHints":{"allow":["GET"]}}],"collection":[{"href":"https:\/\/www.lymphoma.ca\/fr\/wp-json\/wp\/v2\/pages"}],"about":[{"href":"https:\/\/www.lymphoma.ca\/fr\/wp-json\/wp\/v2\/types\/page"}],"author":[{"embeddable":true,"href":"https:\/\/www.lymphoma.ca\/fr\/wp-json\/wp\/v2\/users\/27"}],"replies":[{"embeddable":true,"href":"https:\/\/www.lymphoma.ca\/fr\/wp-json\/wp\/v2\/comments?post=5527"}],"version-history":[{"count":1,"href":"https:\/\/www.lymphoma.ca\/fr\/wp-json\/wp\/v2\/pages\/5527\/revisions"}],"predecessor-version":[{"id":5528,"href":"https:\/\/www.lymphoma.ca\/fr\/wp-json\/wp\/v2\/pages\/5527\/revisions\/5528"}],"up":[{"embeddable":true,"href":"https:\/\/www.lymphoma.ca\/fr\/wp-json\/wp\/v2\/pages\/5520"}],"wp:attachment":[{"href":"https:\/\/www.lymphoma.ca\/fr\/wp-json\/wp\/v2\/media?parent=5527"}],"wp:term":[{"taxonomy":"category","embeddable":true,"href":"https:\/\/www.lymphoma.ca\/fr\/wp-json\/wp\/v2\/categories?post=5527"},{"taxonomy":"post_tag","embeddable":true,"href":"https:\/\/www.lymphoma.ca\/fr\/wp-json\/wp\/v2\/tags?post=5527"}],"curies":[{"name":"wp","href":"https:\/\/api.w.org\/{rel}","templated":true}]}}