{"id":5529,"date":"2020-03-04T15:52:45","date_gmt":"2020-03-04T15:52:45","guid":{"rendered":"https:\/\/www.lymphoma.ca\/?page_id=5529"},"modified":"2020-03-04T15:52:45","modified_gmt":"2020-03-04T15:52:45","slug":"chercher-un-nouvel-emploi","status":"publish","type":"page","link":"https:\/\/www.lymphoma.ca\/fr\/vivre-apres\/mon-monde\/vie-au-travail\/chercher-un-nouvel-emploi\/","title":{"rendered":"Chercher un nouvel emploi"},"content":{"rendered":"<p>Si vous \u00eates physiquement et \u00e9motionnellement en mesure de commencer \u00e0 travailler, mais souhaitez changer d&#8217;emploi apr\u00e8s la fin de votre traitement, il y a quelques sujets importants \u00e0 conna\u00eetre.<\/p>\n<ul>\n<li>Inqui\u00e9tudes concernant les entrevues<\/li>\n<li>Demande d&rsquo;accomodements<\/li>\n<li>Inqui\u00e9tudes concernant le r\u00e9gime d&rsquo;assurance au travail<\/li>\n<\/ul>\n<p>Si vous \u00eates qualifi\u00e9 pour un emploi et ne pr\u00e9sentez aucun handicap physique ou mental qui limite votre capacit\u00e9 de travailler, vos ant\u00e9c\u00e9dents m\u00e9dicaux, y compris votre lymphome, ne devraient pas vous emp\u00eacher d&rsquo;obtenir ce nouvel emploi. Des cas de discrimination en raison de cancers ont toutefois d\u00e9j\u00e0 \u00e9t\u00e9 signal\u00e9s; ils d\u00e9coulaient de st\u00e9r\u00e9otypes erron\u00e9s, d&rsquo;erreurs de compr\u00e9hension et de suppositions au sujet de la capacit\u00e9 des personnes de travailler apr\u00e8s un \u00e9pisode de cancer.<\/p>\n<p>La recherche d&rsquo;un emploi est d\u00e9j\u00e0 tr\u00e8s stressante et intimidante. S&rsquo;il faut ajouter \u00e0 cela les \u00e9motions qui accompagnent le combat contre le lymphome, il importe donc de veiller \u00e0 son bien-\u00eatre \u00e9motionnel. Le soutien et les encouragements d&rsquo;autres survivants ayant r\u00e9ussi \u00e0 se trouver un emploi pourraient s&rsquo;av\u00e9rer utiles \u00e0 ce stade-ci de votre cheminement. Ces personnes peuvent vous fournir des trucs pour \u00e9tablir des r\u00e9seaux de contacts vous menant \u00e0 d&rsquo;\u00e9ventuels employeurs, ainsi que des conseils sur la fa\u00e7on de rep\u00e9rer diverses possibilit\u00e9s d&#8217;emploi. Elles sauront \u00e9galement vous aider \u00e0 garder une attitude positive.<\/p>\n<h4>Documentation de r\u00e9f\u00e9rence\u00a0:<\/h4>\n<p><a href=\"http:\/\/www.cancer.net\/survivorship\/life-after-cancer\/finding-job-after-cancer\" target=\"_blank\" rel=\"noopener noreferrer\">Cancer.Net. Finding a Job After Cancer.<br \/>\n<\/a>Consult\u00e9 le 9\u00a0juin 2014.<\/p>\n","protected":false},"excerpt":{"rendered":"<p>Si vous \u00eates physiquement et \u00e9motionnellement en mesure de commencer \u00e0 travailler, mais souhaitez changer d&#8217;emploi apr\u00e8s la fin de votre traitement, il y a quelques sujets importants \u00e0 conna\u00eetre&#8230;.<\/p>\n","protected":false},"author":27,"featured_media":0,"parent":5520,"menu_order":1,"comment_status":"closed","ping_status":"closed","template":"page-sidebar.php","meta":{"_acf_changed":false,"footnotes":""},"categories":[],"tags":[],"class_list":["post-5529","page","type-page","status-publish"],"acf":[],"yoast_head":"<!-- This site is optimized with the Yoast SEO plugin v26.7 - https:\/\/yoast.com\/wordpress\/plugins\/seo\/ -->\n<title>Chercher un nouvel emploi - Lymphoma Canada<\/title>\n<meta name=\"robots\" content=\"index, follow, max-snippet:-1, max-image-preview:large, max-video-preview:-1\" \/>\n<link rel=\"canonical\" href=\"https:\/\/www.lymphoma.ca\/fr\/vivre-apres\/mon-monde\/vie-au-travail\/chercher-un-nouvel-emploi\/\" \/>\n<meta property=\"og:locale\" content=\"fr_FR\" \/>\n<meta property=\"og:type\" content=\"article\" \/>\n<meta property=\"og:title\" content=\"Chercher un nouvel emploi - Lymphoma Canada\" \/>\n<meta property=\"og:description\" content=\"Si vous \u00eates physiquement et \u00e9motionnellement en mesure de commencer \u00e0 travailler, mais souhaitez changer d&#8217;emploi apr\u00e8s la fin de votre traitement, il y a quelques sujets importants \u00e0 conna\u00eetre....\" \/>\n<meta property=\"og:url\" content=\"https:\/\/www.lymphoma.ca\/fr\/vivre-apres\/mon-monde\/vie-au-travail\/chercher-un-nouvel-emploi\/\" \/>\n<meta property=\"og:site_name\" content=\"Lymphoma Canada\" \/>\n<meta property=\"article:publisher\" content=\"https:\/\/www.facebook.com\/LymphomaCanada\" \/>\n<meta name=\"twitter:card\" content=\"summary_large_image\" \/>\n<meta name=\"twitter:site\" content=\"@lymphomacanada\" \/>\n<meta name=\"twitter:label1\" content=\"Dur\u00e9e de lecture estim\u00e9e\" \/>\n\t<meta name=\"twitter:data1\" content=\"1 minute\" \/>\n<script type=\"application\/ld+json\" class=\"yoast-schema-graph\">{\"@context\":\"https:\/\/schema.org\",\"@graph\":[{\"@type\":\"WebPage\",\"@id\":\"https:\/\/www.lymphoma.ca\/fr\/vivre-apres\/mon-monde\/vie-au-travail\/chercher-un-nouvel-emploi\/\",\"url\":\"https:\/\/www.lymphoma.ca\/fr\/vivre-apres\/mon-monde\/vie-au-travail\/chercher-un-nouvel-emploi\/\",\"name\":\"Chercher un nouvel emploi - Lymphoma Canada\",\"isPartOf\":{\"@id\":\"https:\/\/www.lymphoma.ca\/fr\/#website\"},\"datePublished\":\"2020-03-04T15:52:45+00:00\",\"breadcrumb\":{\"@id\":\"https:\/\/www.lymphoma.ca\/fr\/vivre-apres\/mon-monde\/vie-au-travail\/chercher-un-nouvel-emploi\/#breadcrumb\"},\"inLanguage\":\"fr-FR\",\"potentialAction\":[{\"@type\":\"ReadAction\",\"target\":[\"https:\/\/www.lymphoma.ca\/fr\/vivre-apres\/mon-monde\/vie-au-travail\/chercher-un-nouvel-emploi\/\"]}]},{\"@type\":\"BreadcrumbList\",\"@id\":\"https:\/\/www.lymphoma.ca\/fr\/vivre-apres\/mon-monde\/vie-au-travail\/chercher-un-nouvel-emploi\/#breadcrumb\",\"itemListElement\":[{\"@type\":\"ListItem\",\"position\":1,\"name\":\"Home\",\"item\":\"https:\/\/www.lymphoma.ca\/fr\/\"},{\"@type\":\"ListItem\",\"position\":2,\"name\":\"Vivre apr\u00e8s le Lymphome\",\"item\":\"https:\/\/www.lymphoma.ca\/fr\/vivre-apres\/\"},{\"@type\":\"ListItem\",\"position\":3,\"name\":\"Mon monde &#8211; La nouvelle normalit\u00e9\",\"item\":\"https:\/\/www.lymphoma.ca\/fr\/vivre-apres\/mon-monde\/\"},{\"@type\":\"ListItem\",\"position\":4,\"name\":\"Vie au travail\",\"item\":\"https:\/\/www.lymphoma.ca\/fr\/vivre-apres\/mon-monde\/vie-au-travail\/\"},{\"@type\":\"ListItem\",\"position\":5,\"name\":\"Chercher un nouvel emploi\"}]},{\"@type\":\"WebSite\",\"@id\":\"https:\/\/www.lymphoma.ca\/fr\/#website\",\"url\":\"https:\/\/www.lymphoma.ca\/fr\/\",\"name\":\"Lymphoma Canada\",\"description\":\"Information. Help. Hope.\",\"publisher\":{\"@id\":\"https:\/\/www.lymphoma.ca\/fr\/#organization\"},\"potentialAction\":[{\"@type\":\"SearchAction\",\"target\":{\"@type\":\"EntryPoint\",\"urlTemplate\":\"https:\/\/www.lymphoma.ca\/fr\/?s={search_term_string}\"},\"query-input\":{\"@type\":\"PropertyValueSpecification\",\"valueRequired\":true,\"valueName\":\"search_term_string\"}}],\"inLanguage\":\"fr-FR\"},{\"@type\":\"Organization\",\"@id\":\"https:\/\/www.lymphoma.ca\/fr\/#organization\",\"name\":\"Lymphoma Canada\",\"url\":\"https:\/\/www.lymphoma.ca\/fr\/\",\"logo\":{\"@type\":\"ImageObject\",\"inLanguage\":\"fr-FR\",\"@id\":\"https:\/\/www.lymphoma.ca\/fr\/#\/schema\/logo\/image\/\",\"url\":\"https:\/\/www.lymphoma.ca\/wp-content\/uploads\/2023\/05\/logo-lymphoma.jpg\",\"contentUrl\":\"https:\/\/www.lymphoma.ca\/wp-content\/uploads\/2023\/05\/logo-lymphoma.jpg\",\"width\":343,\"height\":343,\"caption\":\"Lymphoma Canada\"},\"image\":{\"@id\":\"https:\/\/www.lymphoma.ca\/fr\/#\/schema\/logo\/image\/\"},\"sameAs\":[\"https:\/\/www.facebook.com\/LymphomaCanada\",\"https:\/\/x.com\/lymphomacanada\",\"https:\/\/www.linkedin.com\/company\/lymphoma-canada\/\",\"http:\/\/instagram.com\/lymphomacanada\",\"http:\/\/www.youtube.com\/user\/LymphomaTV\"]}]}<\/script>\n<!-- \/ Yoast SEO plugin. -->","yoast_head_json":{"title":"Chercher un nouvel emploi - Lymphoma Canada","robots":{"index":"index","follow":"follow","max-snippet":"max-snippet:-1","max-image-preview":"max-image-preview:large","max-video-preview":"max-video-preview:-1"},"canonical":"https:\/\/www.lymphoma.ca\/fr\/vivre-apres\/mon-monde\/vie-au-travail\/chercher-un-nouvel-emploi\/","og_locale":"fr_FR","og_type":"article","og_title":"Chercher un nouvel emploi - Lymphoma Canada","og_description":"Si vous \u00eates physiquement et \u00e9motionnellement en mesure de commencer \u00e0 travailler, mais souhaitez changer d&#8217;emploi apr\u00e8s la fin de votre traitement, il y a quelques sujets importants \u00e0 conna\u00eetre....","og_url":"https:\/\/www.lymphoma.ca\/fr\/vivre-apres\/mon-monde\/vie-au-travail\/chercher-un-nouvel-emploi\/","og_site_name":"Lymphoma Canada","article_publisher":"https:\/\/www.facebook.com\/LymphomaCanada","twitter_card":"summary_large_image","twitter_site":"@lymphomacanada","twitter_misc":{"Dur\u00e9e de lecture estim\u00e9e":"1 minute"},"schema":{"@context":"https:\/\/schema.org","@graph":[{"@type":"WebPage","@id":"https:\/\/www.lymphoma.ca\/fr\/vivre-apres\/mon-monde\/vie-au-travail\/chercher-un-nouvel-emploi\/","url":"https:\/\/www.lymphoma.ca\/fr\/vivre-apres\/mon-monde\/vie-au-travail\/chercher-un-nouvel-emploi\/","name":"Chercher un nouvel emploi - Lymphoma Canada","isPartOf":{"@id":"https:\/\/www.lymphoma.ca\/fr\/#website"},"datePublished":"2020-03-04T15:52:45+00:00","breadcrumb":{"@id":"https:\/\/www.lymphoma.ca\/fr\/vivre-apres\/mon-monde\/vie-au-travail\/chercher-un-nouvel-emploi\/#breadcrumb"},"inLanguage":"fr-FR","potentialAction":[{"@type":"ReadAction","target":["https:\/\/www.lymphoma.ca\/fr\/vivre-apres\/mon-monde\/vie-au-travail\/chercher-un-nouvel-emploi\/"]}]},{"@type":"BreadcrumbList","@id":"https:\/\/www.lymphoma.ca\/fr\/vivre-apres\/mon-monde\/vie-au-travail\/chercher-un-nouvel-emploi\/#breadcrumb","itemListElement":[{"@type":"ListItem","position":1,"name":"Home","item":"https:\/\/www.lymphoma.ca\/fr\/"},{"@type":"ListItem","position":2,"name":"Vivre apr\u00e8s le Lymphome","item":"https:\/\/www.lymphoma.ca\/fr\/vivre-apres\/"},{"@type":"ListItem","position":3,"name":"Mon monde &#8211; La nouvelle normalit\u00e9","item":"https:\/\/www.lymphoma.ca\/fr\/vivre-apres\/mon-monde\/"},{"@type":"ListItem","position":4,"name":"Vie au travail","item":"https:\/\/www.lymphoma.ca\/fr\/vivre-apres\/mon-monde\/vie-au-travail\/"},{"@type":"ListItem","position":5,"name":"Chercher un nouvel emploi"}]},{"@type":"WebSite","@id":"https:\/\/www.lymphoma.ca\/fr\/#website","url":"https:\/\/www.lymphoma.ca\/fr\/","name":"Lymphoma Canada","description":"Information. Help. Hope.","publisher":{"@id":"https:\/\/www.lymphoma.ca\/fr\/#organization"},"potentialAction":[{"@type":"SearchAction","target":{"@type":"EntryPoint","urlTemplate":"https:\/\/www.lymphoma.ca\/fr\/?s={search_term_string}"},"query-input":{"@type":"PropertyValueSpecification","valueRequired":true,"valueName":"search_term_string"}}],"inLanguage":"fr-FR"},{"@type":"Organization","@id":"https:\/\/www.lymphoma.ca\/fr\/#organization","name":"Lymphoma Canada","url":"https:\/\/www.lymphoma.ca\/fr\/","logo":{"@type":"ImageObject","inLanguage":"fr-FR","@id":"https:\/\/www.lymphoma.ca\/fr\/#\/schema\/logo\/image\/","url":"https:\/\/www.lymphoma.ca\/wp-content\/uploads\/2023\/05\/logo-lymphoma.jpg","contentUrl":"https:\/\/www.lymphoma.ca\/wp-content\/uploads\/2023\/05\/logo-lymphoma.jpg","width":343,"height":343,"caption":"Lymphoma Canada"},"image":{"@id":"https:\/\/www.lymphoma.ca\/fr\/#\/schema\/logo\/image\/"},"sameAs":["https:\/\/www.facebook.com\/LymphomaCanada","https:\/\/x.com\/lymphomacanada","https:\/\/www.linkedin.com\/company\/lymphoma-canada\/","http:\/\/instagram.com\/lymphomacanada","http:\/\/www.youtube.com\/user\/LymphomaTV"]}]}},"_links":{"self":[{"href":"https:\/\/www.lymphoma.ca\/fr\/wp-json\/wp\/v2\/pages\/5529","targetHints":{"allow":["GET"]}}],"collection":[{"href":"https:\/\/www.lymphoma.ca\/fr\/wp-json\/wp\/v2\/pages"}],"about":[{"href":"https:\/\/www.lymphoma.ca\/fr\/wp-json\/wp\/v2\/types\/page"}],"author":[{"embeddable":true,"href":"https:\/\/www.lymphoma.ca\/fr\/wp-json\/wp\/v2\/users\/27"}],"replies":[{"embeddable":true,"href":"https:\/\/www.lymphoma.ca\/fr\/wp-json\/wp\/v2\/comments?post=5529"}],"version-history":[{"count":1,"href":"https:\/\/www.lymphoma.ca\/fr\/wp-json\/wp\/v2\/pages\/5529\/revisions"}],"predecessor-version":[{"id":5530,"href":"https:\/\/www.lymphoma.ca\/fr\/wp-json\/wp\/v2\/pages\/5529\/revisions\/5530"}],"up":[{"embeddable":true,"href":"https:\/\/www.lymphoma.ca\/fr\/wp-json\/wp\/v2\/pages\/5520"}],"wp:attachment":[{"href":"https:\/\/www.lymphoma.ca\/fr\/wp-json\/wp\/v2\/media?parent=5529"}],"wp:term":[{"taxonomy":"category","embeddable":true,"href":"https:\/\/www.lymphoma.ca\/fr\/wp-json\/wp\/v2\/categories?post=5529"},{"taxonomy":"post_tag","embeddable":true,"href":"https:\/\/www.lymphoma.ca\/fr\/wp-json\/wp\/v2\/tags?post=5529"}],"curies":[{"name":"wp","href":"https:\/\/api.w.org\/{rel}","templated":true}]}}