{"id":5531,"date":"2020-03-04T15:54:21","date_gmt":"2020-03-04T15:54:21","guid":{"rendered":"https:\/\/www.lymphoma.ca\/?page_id=5531"},"modified":"2020-03-04T15:54:21","modified_gmt":"2020-03-04T15:54:21","slug":"inquietudes-concernant-les-entrevues","status":"publish","type":"page","link":"https:\/\/www.lymphoma.ca\/fr\/vivre-apres\/mon-monde\/vie-au-travail\/chercher-un-nouvel-emploi\/inquietudes-concernant-les-entrevues\/","title":{"rendered":"Inqui\u00e9tudes concernant les entrevues"},"content":{"rendered":"<p>En vertu de la loi, un employeur potentiel ne peut pas vous poser des questions sur votre sant\u00e9, vos maladies, votre lymphome, les traitements que vous avez re\u00e7us ou vos probabilit\u00e9s de gu\u00e9rison compl\u00e8te. Il peut toutefois vous poser des questions sur votre capacit\u00e9 d&rsquo;accomplir certaines t\u00e2ches li\u00e9es \u00e0 l&#8217;emploi et de satisfaire aux exigences et aux responsabilit\u00e9s de ce dernier. Par exemple, il pourrait v\u00e9rifier votre capacit\u00e9 de voyager ou de soulever de lourdes charges, etc. C&rsquo;est \u00e0 vous qu&rsquo;il revient de d\u00e9cider si vous voulez r\u00e9v\u00e9ler votre maladie; vous n&rsquo;\u00eates pas tenu de le faire.<\/p>\n<p>Si jamais vous choisissez de d\u00e9voiler vos ant\u00e9c\u00e9dents m\u00e9dicaux \u00e0 votre employeur, ce dernier ne sera pas autoris\u00e9 \u00e0 partager cette information m\u00e9dicale (ni aucune autre) avec un tiers. Tout ce que vous lui direz est cens\u00e9 demeurer confidentiel.<\/p>\n<p>En revanche, l&#8217;employeur peut vous demander de passer un examen m\u00e9dical si le poste l&rsquo;exige, ce qui signifie que TOUS les postulants devront s&rsquo;y soumettre. Votre candidature ne peut \u00eatre rejet\u00e9e si vous passez l&rsquo;examen m\u00e9dical.<\/p>\n<p>Si vous \u00eates pr\u00e9occup\u00e9 par la n\u00e9cessit\u00e9 d&rsquo;expliquer les pauses dans votre historique d&#8217;emploi r\u00e9sultant de votre diagnostic ou du traitement du lymphome, envisagez de parler \u00e0 un conseiller en orientation ou un travailleur social sp\u00e9cialis\u00e9 en oncologie.<\/p>\n<h4>Documentation de r\u00e9f\u00e9rence\u00a0:<\/h4>\n<p><a href=\"http:\/\/www.cancer.net\/survivorship\/life-after-cancer\/finding-job-after-cancer\" target=\"_blank\" rel=\"noopener noreferrer\">Cancer.Net. Finding a Job After Cancer.<br \/>\n<\/a>Consult\u00e9 le 9\u00a0juin 2014.<\/p>\n<p><a href=\"http:\/\/www.livestrong.org\/we-can-help\/managing-your-life-during-treatment\/employment-issues\/\" target=\"_blank\" rel=\"noopener noreferrer\">LIVESTRONG Foundation. Employment Issues.<br \/>\n<\/a>Consult\u00e9 le 9\u00a0juin 2014.<\/p>\n","protected":false},"excerpt":{"rendered":"<p>En vertu de la loi, un employeur potentiel ne peut pas vous poser des questions sur votre sant\u00e9, vos maladies, votre lymphome, les traitements que vous avez re\u00e7us ou vos&#8230;<\/p>\n","protected":false},"author":27,"featured_media":0,"parent":5529,"menu_order":0,"comment_status":"closed","ping_status":"closed","template":"page-sidebar.php","meta":{"_acf_changed":false,"footnotes":""},"categories":[],"tags":[],"class_list":["post-5531","page","type-page","status-publish"],"acf":[],"yoast_head":"<!-- This site is optimized with the Yoast SEO plugin v26.7 - https:\/\/yoast.com\/wordpress\/plugins\/seo\/ -->\n<title>Inqui\u00e9tudes concernant les entrevues - Lymphoma Canada<\/title>\n<meta name=\"robots\" content=\"index, follow, max-snippet:-1, max-image-preview:large, max-video-preview:-1\" \/>\n<link rel=\"canonical\" href=\"https:\/\/www.lymphoma.ca\/fr\/vivre-apres\/mon-monde\/vie-au-travail\/chercher-un-nouvel-emploi\/inquietudes-concernant-les-entrevues\/\" \/>\n<meta property=\"og:locale\" content=\"fr_FR\" \/>\n<meta property=\"og:type\" content=\"article\" \/>\n<meta property=\"og:title\" content=\"Inqui\u00e9tudes concernant les entrevues - Lymphoma Canada\" \/>\n<meta property=\"og:description\" content=\"En vertu de la loi, un employeur potentiel ne peut pas vous poser des questions sur votre sant\u00e9, vos maladies, votre lymphome, les traitements que vous avez re\u00e7us ou vos...\" \/>\n<meta property=\"og:url\" content=\"https:\/\/www.lymphoma.ca\/fr\/vivre-apres\/mon-monde\/vie-au-travail\/chercher-un-nouvel-emploi\/inquietudes-concernant-les-entrevues\/\" \/>\n<meta property=\"og:site_name\" content=\"Lymphoma Canada\" \/>\n<meta property=\"article:publisher\" content=\"https:\/\/www.facebook.com\/LymphomaCanada\" \/>\n<meta name=\"twitter:card\" content=\"summary_large_image\" \/>\n<meta name=\"twitter:site\" content=\"@lymphomacanada\" \/>\n<meta name=\"twitter:label1\" content=\"Dur\u00e9e de lecture estim\u00e9e\" \/>\n\t<meta name=\"twitter:data1\" content=\"1 minute\" \/>\n<script type=\"application\/ld+json\" class=\"yoast-schema-graph\">{\"@context\":\"https:\/\/schema.org\",\"@graph\":[{\"@type\":\"WebPage\",\"@id\":\"https:\/\/www.lymphoma.ca\/fr\/vivre-apres\/mon-monde\/vie-au-travail\/chercher-un-nouvel-emploi\/inquietudes-concernant-les-entrevues\/\",\"url\":\"https:\/\/www.lymphoma.ca\/fr\/vivre-apres\/mon-monde\/vie-au-travail\/chercher-un-nouvel-emploi\/inquietudes-concernant-les-entrevues\/\",\"name\":\"Inqui\u00e9tudes concernant les entrevues - Lymphoma Canada\",\"isPartOf\":{\"@id\":\"https:\/\/www.lymphoma.ca\/fr\/#website\"},\"datePublished\":\"2020-03-04T15:54:21+00:00\",\"breadcrumb\":{\"@id\":\"https:\/\/www.lymphoma.ca\/fr\/vivre-apres\/mon-monde\/vie-au-travail\/chercher-un-nouvel-emploi\/inquietudes-concernant-les-entrevues\/#breadcrumb\"},\"inLanguage\":\"fr-FR\",\"potentialAction\":[{\"@type\":\"ReadAction\",\"target\":[\"https:\/\/www.lymphoma.ca\/fr\/vivre-apres\/mon-monde\/vie-au-travail\/chercher-un-nouvel-emploi\/inquietudes-concernant-les-entrevues\/\"]}]},{\"@type\":\"BreadcrumbList\",\"@id\":\"https:\/\/www.lymphoma.ca\/fr\/vivre-apres\/mon-monde\/vie-au-travail\/chercher-un-nouvel-emploi\/inquietudes-concernant-les-entrevues\/#breadcrumb\",\"itemListElement\":[{\"@type\":\"ListItem\",\"position\":1,\"name\":\"Home\",\"item\":\"https:\/\/www.lymphoma.ca\/fr\/\"},{\"@type\":\"ListItem\",\"position\":2,\"name\":\"Vivre apr\u00e8s le Lymphome\",\"item\":\"https:\/\/www.lymphoma.ca\/fr\/vivre-apres\/\"},{\"@type\":\"ListItem\",\"position\":3,\"name\":\"Mon monde &#8211; La nouvelle normalit\u00e9\",\"item\":\"https:\/\/www.lymphoma.ca\/fr\/vivre-apres\/mon-monde\/\"},{\"@type\":\"ListItem\",\"position\":4,\"name\":\"Vie au travail\",\"item\":\"https:\/\/www.lymphoma.ca\/fr\/vivre-apres\/mon-monde\/vie-au-travail\/\"},{\"@type\":\"ListItem\",\"position\":5,\"name\":\"Chercher un nouvel emploi\",\"item\":\"https:\/\/www.lymphoma.ca\/fr\/vivre-apres\/mon-monde\/vie-au-travail\/chercher-un-nouvel-emploi\/\"},{\"@type\":\"ListItem\",\"position\":6,\"name\":\"Inqui\u00e9tudes concernant les entrevues\"}]},{\"@type\":\"WebSite\",\"@id\":\"https:\/\/www.lymphoma.ca\/fr\/#website\",\"url\":\"https:\/\/www.lymphoma.ca\/fr\/\",\"name\":\"Lymphoma Canada\",\"description\":\"Information. Help. Hope.\",\"publisher\":{\"@id\":\"https:\/\/www.lymphoma.ca\/fr\/#organization\"},\"potentialAction\":[{\"@type\":\"SearchAction\",\"target\":{\"@type\":\"EntryPoint\",\"urlTemplate\":\"https:\/\/www.lymphoma.ca\/fr\/?s={search_term_string}\"},\"query-input\":{\"@type\":\"PropertyValueSpecification\",\"valueRequired\":true,\"valueName\":\"search_term_string\"}}],\"inLanguage\":\"fr-FR\"},{\"@type\":\"Organization\",\"@id\":\"https:\/\/www.lymphoma.ca\/fr\/#organization\",\"name\":\"Lymphoma Canada\",\"url\":\"https:\/\/www.lymphoma.ca\/fr\/\",\"logo\":{\"@type\":\"ImageObject\",\"inLanguage\":\"fr-FR\",\"@id\":\"https:\/\/www.lymphoma.ca\/fr\/#\/schema\/logo\/image\/\",\"url\":\"https:\/\/www.lymphoma.ca\/wp-content\/uploads\/2023\/05\/logo-lymphoma.jpg\",\"contentUrl\":\"https:\/\/www.lymphoma.ca\/wp-content\/uploads\/2023\/05\/logo-lymphoma.jpg\",\"width\":343,\"height\":343,\"caption\":\"Lymphoma Canada\"},\"image\":{\"@id\":\"https:\/\/www.lymphoma.ca\/fr\/#\/schema\/logo\/image\/\"},\"sameAs\":[\"https:\/\/www.facebook.com\/LymphomaCanada\",\"https:\/\/x.com\/lymphomacanada\",\"https:\/\/www.linkedin.com\/company\/lymphoma-canada\/\",\"http:\/\/instagram.com\/lymphomacanada\",\"http:\/\/www.youtube.com\/user\/LymphomaTV\"]}]}<\/script>\n<!-- \/ Yoast SEO plugin. -->","yoast_head_json":{"title":"Inqui\u00e9tudes concernant les entrevues - Lymphoma Canada","robots":{"index":"index","follow":"follow","max-snippet":"max-snippet:-1","max-image-preview":"max-image-preview:large","max-video-preview":"max-video-preview:-1"},"canonical":"https:\/\/www.lymphoma.ca\/fr\/vivre-apres\/mon-monde\/vie-au-travail\/chercher-un-nouvel-emploi\/inquietudes-concernant-les-entrevues\/","og_locale":"fr_FR","og_type":"article","og_title":"Inqui\u00e9tudes concernant les entrevues - Lymphoma Canada","og_description":"En vertu de la loi, un employeur potentiel ne peut pas vous poser des questions sur votre sant\u00e9, vos maladies, votre lymphome, les traitements que vous avez re\u00e7us ou vos...","og_url":"https:\/\/www.lymphoma.ca\/fr\/vivre-apres\/mon-monde\/vie-au-travail\/chercher-un-nouvel-emploi\/inquietudes-concernant-les-entrevues\/","og_site_name":"Lymphoma Canada","article_publisher":"https:\/\/www.facebook.com\/LymphomaCanada","twitter_card":"summary_large_image","twitter_site":"@lymphomacanada","twitter_misc":{"Dur\u00e9e de lecture estim\u00e9e":"1 minute"},"schema":{"@context":"https:\/\/schema.org","@graph":[{"@type":"WebPage","@id":"https:\/\/www.lymphoma.ca\/fr\/vivre-apres\/mon-monde\/vie-au-travail\/chercher-un-nouvel-emploi\/inquietudes-concernant-les-entrevues\/","url":"https:\/\/www.lymphoma.ca\/fr\/vivre-apres\/mon-monde\/vie-au-travail\/chercher-un-nouvel-emploi\/inquietudes-concernant-les-entrevues\/","name":"Inqui\u00e9tudes concernant les entrevues - Lymphoma Canada","isPartOf":{"@id":"https:\/\/www.lymphoma.ca\/fr\/#website"},"datePublished":"2020-03-04T15:54:21+00:00","breadcrumb":{"@id":"https:\/\/www.lymphoma.ca\/fr\/vivre-apres\/mon-monde\/vie-au-travail\/chercher-un-nouvel-emploi\/inquietudes-concernant-les-entrevues\/#breadcrumb"},"inLanguage":"fr-FR","potentialAction":[{"@type":"ReadAction","target":["https:\/\/www.lymphoma.ca\/fr\/vivre-apres\/mon-monde\/vie-au-travail\/chercher-un-nouvel-emploi\/inquietudes-concernant-les-entrevues\/"]}]},{"@type":"BreadcrumbList","@id":"https:\/\/www.lymphoma.ca\/fr\/vivre-apres\/mon-monde\/vie-au-travail\/chercher-un-nouvel-emploi\/inquietudes-concernant-les-entrevues\/#breadcrumb","itemListElement":[{"@type":"ListItem","position":1,"name":"Home","item":"https:\/\/www.lymphoma.ca\/fr\/"},{"@type":"ListItem","position":2,"name":"Vivre apr\u00e8s le Lymphome","item":"https:\/\/www.lymphoma.ca\/fr\/vivre-apres\/"},{"@type":"ListItem","position":3,"name":"Mon monde &#8211; La nouvelle normalit\u00e9","item":"https:\/\/www.lymphoma.ca\/fr\/vivre-apres\/mon-monde\/"},{"@type":"ListItem","position":4,"name":"Vie au travail","item":"https:\/\/www.lymphoma.ca\/fr\/vivre-apres\/mon-monde\/vie-au-travail\/"},{"@type":"ListItem","position":5,"name":"Chercher un nouvel emploi","item":"https:\/\/www.lymphoma.ca\/fr\/vivre-apres\/mon-monde\/vie-au-travail\/chercher-un-nouvel-emploi\/"},{"@type":"ListItem","position":6,"name":"Inqui\u00e9tudes concernant les entrevues"}]},{"@type":"WebSite","@id":"https:\/\/www.lymphoma.ca\/fr\/#website","url":"https:\/\/www.lymphoma.ca\/fr\/","name":"Lymphoma Canada","description":"Information. Help. Hope.","publisher":{"@id":"https:\/\/www.lymphoma.ca\/fr\/#organization"},"potentialAction":[{"@type":"SearchAction","target":{"@type":"EntryPoint","urlTemplate":"https:\/\/www.lymphoma.ca\/fr\/?s={search_term_string}"},"query-input":{"@type":"PropertyValueSpecification","valueRequired":true,"valueName":"search_term_string"}}],"inLanguage":"fr-FR"},{"@type":"Organization","@id":"https:\/\/www.lymphoma.ca\/fr\/#organization","name":"Lymphoma Canada","url":"https:\/\/www.lymphoma.ca\/fr\/","logo":{"@type":"ImageObject","inLanguage":"fr-FR","@id":"https:\/\/www.lymphoma.ca\/fr\/#\/schema\/logo\/image\/","url":"https:\/\/www.lymphoma.ca\/wp-content\/uploads\/2023\/05\/logo-lymphoma.jpg","contentUrl":"https:\/\/www.lymphoma.ca\/wp-content\/uploads\/2023\/05\/logo-lymphoma.jpg","width":343,"height":343,"caption":"Lymphoma Canada"},"image":{"@id":"https:\/\/www.lymphoma.ca\/fr\/#\/schema\/logo\/image\/"},"sameAs":["https:\/\/www.facebook.com\/LymphomaCanada","https:\/\/x.com\/lymphomacanada","https:\/\/www.linkedin.com\/company\/lymphoma-canada\/","http:\/\/instagram.com\/lymphomacanada","http:\/\/www.youtube.com\/user\/LymphomaTV"]}]}},"_links":{"self":[{"href":"https:\/\/www.lymphoma.ca\/fr\/wp-json\/wp\/v2\/pages\/5531","targetHints":{"allow":["GET"]}}],"collection":[{"href":"https:\/\/www.lymphoma.ca\/fr\/wp-json\/wp\/v2\/pages"}],"about":[{"href":"https:\/\/www.lymphoma.ca\/fr\/wp-json\/wp\/v2\/types\/page"}],"author":[{"embeddable":true,"href":"https:\/\/www.lymphoma.ca\/fr\/wp-json\/wp\/v2\/users\/27"}],"replies":[{"embeddable":true,"href":"https:\/\/www.lymphoma.ca\/fr\/wp-json\/wp\/v2\/comments?post=5531"}],"version-history":[{"count":1,"href":"https:\/\/www.lymphoma.ca\/fr\/wp-json\/wp\/v2\/pages\/5531\/revisions"}],"predecessor-version":[{"id":5532,"href":"https:\/\/www.lymphoma.ca\/fr\/wp-json\/wp\/v2\/pages\/5531\/revisions\/5532"}],"up":[{"embeddable":true,"href":"https:\/\/www.lymphoma.ca\/fr\/wp-json\/wp\/v2\/pages\/5529"}],"wp:attachment":[{"href":"https:\/\/www.lymphoma.ca\/fr\/wp-json\/wp\/v2\/media?parent=5531"}],"wp:term":[{"taxonomy":"category","embeddable":true,"href":"https:\/\/www.lymphoma.ca\/fr\/wp-json\/wp\/v2\/categories?post=5531"},{"taxonomy":"post_tag","embeddable":true,"href":"https:\/\/www.lymphoma.ca\/fr\/wp-json\/wp\/v2\/tags?post=5531"}],"curies":[{"name":"wp","href":"https:\/\/api.w.org\/{rel}","templated":true}]}}