{"id":5542,"date":"2020-03-04T16:01:49","date_gmt":"2020-03-04T16:01:49","guid":{"rendered":"https:\/\/www.lymphoma.ca\/?page_id=5542"},"modified":"2020-03-04T16:01:49","modified_gmt":"2020-03-04T16:01:49","slug":"prestations-liees-a-leducation","status":"publish","type":"page","link":"https:\/\/www.lymphoma.ca\/fr\/vivre-apres\/mon-monde\/aide-financiere\/prestations-liees-a-leducation\/","title":{"rendered":"Prestations li\u00e9es \u00e0 l&rsquo;\u00e9ducation"},"content":{"rendered":"<p>Si vous avez l&rsquo;intention de retourner aux \u00e9tudes et que vous cherchez un soutien financier, vous pourriez \u00eatre admissible \u00e0 un certain nombre de bourses d&rsquo;\u00e9tudes et bourses d&rsquo;entretien canadiennes offertes par l&rsquo;entremise de votre \u00e9tablissement d&rsquo;enseignement, de votre centre du cancer local ou de diff\u00e9rents organismes de bienfaisance. En voici quelques-unes qui pourraient vous int\u00e9resser\u00a0:<\/p>\n<p><strong>Emmy Duff Scholarship Foundation\u00a0:<\/strong>\u00a0octroie des bourses d&rsquo;\u00e9tudes aux survivants d&rsquo;un cancer \u00e9tudiant dans un coll\u00e8ge ou une universit\u00e9 du Canada et ayant d\u00e9montr\u00e9 un d\u00e9vouement continu \u00e0 titre de b\u00e9n\u00e9vole \u00e0 l&rsquo;\u00e9gard de causes qui leur sont ch\u00e8res. Visitez le site\u00a0<a href=\"http:\/\/www.emmyduffscholarship.org\/\" target=\"_blank\" rel=\"noopener noreferrer\">http:\/\/www.emmyduffscholarship.org\/<\/a>\u00a0pour plus d&rsquo;information.<\/p>\n<p><strong>Programme de bourses de survie\u00a0:<\/strong>\u00a0la Fondation canadienne du cancer chez l&rsquo;enfant offre aux jeunes adultes ayant surv\u00e9cu \u00e0 un cancer des bourses pour leurs \u00e9tudes post-secondaires. Ces bourses visent \u00e0 souligner les triomphes personnels d&rsquo;\u00e9tudiants exemplaires qui ont surv\u00e9cu \u00e0 un cancer juv\u00e9nile (diagnostic avant l&rsquo;\u00e2ge de 18\u00a0ans). Pour obtenir de plus amples renseignements, visitez le site\u00a0<a href=\"http:\/\/www.childhoodcancer.ca\/fr\/obtenez-de-l-aide\/programme-de-bourses\" target=\"_blank\" rel=\"noopener noreferrer\">http:\/\/www.childhoodcancer.ca\/fr\/obtenez-de-l-aide\/programme-de-bourses<\/a>.<\/p>\n<p>Vous pourriez \u00eatre admissible \u00e0 d&rsquo;autres bourses d&rsquo;\u00e9tudes et bourses d&rsquo;entretien. Le bureau des affaires \u00e9tudiantes devrait \u00eatre en mesure de vous fournir plus d&rsquo;information.<\/p>\n<p>Vous pouvez \u00e9galement faire une recherche en ligne \u00e0 l&rsquo;adresse\u00a0<a href=\"http:\/\/www.scholarshipscanada.com\/reg\/\" target=\"_blank\" rel=\"noopener noreferrer\">http:\/\/www.scholarshipscanada.com\/reg\/<\/a>\u00a0pour en savoir plus sur les autres bourses d&rsquo;\u00e9tude et bourses d&rsquo;entretien offertes au Canada.<\/p>\n<h4>Documentation de r\u00e9f\u00e9rence\u00a0:<\/h4>\n<p><a href=\"http:\/\/www.emmyduffscholarship.org\/\" target=\"_blank\" rel=\"noopener noreferrer\">Emmy Duff Scholarship Foundation.<br \/>\n<\/a>Consult\u00e9 le 9\u00a0juin 2014.<\/p>\n<p><a href=\"http:\/\/www.childhoodcancer.ca\/fr\/obtenez-de-l-aide\/programme-de-bourses\" target=\"_blank\" rel=\"noopener noreferrer\">Fondation canadienne du cancer chez l&rsquo;enfant.<br \/>\n<\/a>Consult\u00e9 le 9\u00a0juin 2014.<\/p>\n<p><a href=\"http:\/\/www.scholarshipscanada.com\/reg\/\" target=\"_blank\" rel=\"noopener noreferrer\">ScholarshipsCanada.com<br \/>\n<\/a>Consult\u00e9 le 9\u00a0juin 2014.<\/p>\n","protected":false},"excerpt":{"rendered":"<p>Si vous avez l&rsquo;intention de retourner aux \u00e9tudes et que vous cherchez un soutien financier, vous pourriez \u00eatre admissible \u00e0 un certain nombre de bourses d&rsquo;\u00e9tudes et bourses d&rsquo;entretien canadiennes&#8230;<\/p>\n","protected":false},"author":27,"featured_media":0,"parent":5537,"menu_order":1,"comment_status":"closed","ping_status":"closed","template":"page-sidebar.php","meta":{"_acf_changed":false,"footnotes":""},"categories":[],"tags":[],"class_list":["post-5542","page","type-page","status-publish"],"acf":[],"yoast_head":"<!-- This site is optimized with the Yoast SEO plugin v26.7 - https:\/\/yoast.com\/wordpress\/plugins\/seo\/ -->\n<title>Prestations li\u00e9es \u00e0 l&#039;\u00e9ducation - Lymphoma Canada<\/title>\n<meta name=\"robots\" content=\"index, follow, max-snippet:-1, max-image-preview:large, max-video-preview:-1\" \/>\n<link rel=\"canonical\" href=\"https:\/\/www.lymphoma.ca\/fr\/vivre-apres\/mon-monde\/aide-financiere\/prestations-liees-a-leducation\/\" \/>\n<meta property=\"og:locale\" content=\"fr_FR\" \/>\n<meta property=\"og:type\" content=\"article\" \/>\n<meta property=\"og:title\" content=\"Prestations li\u00e9es \u00e0 l&#039;\u00e9ducation - Lymphoma Canada\" \/>\n<meta property=\"og:description\" content=\"Si vous avez l&rsquo;intention de retourner aux \u00e9tudes et que vous cherchez un soutien financier, vous pourriez \u00eatre admissible \u00e0 un certain nombre de bourses d&rsquo;\u00e9tudes et bourses d&rsquo;entretien canadiennes...\" \/>\n<meta property=\"og:url\" content=\"https:\/\/www.lymphoma.ca\/fr\/vivre-apres\/mon-monde\/aide-financiere\/prestations-liees-a-leducation\/\" \/>\n<meta property=\"og:site_name\" content=\"Lymphoma Canada\" \/>\n<meta property=\"article:publisher\" content=\"https:\/\/www.facebook.com\/LymphomaCanada\" \/>\n<meta name=\"twitter:card\" content=\"summary_large_image\" \/>\n<meta name=\"twitter:site\" content=\"@lymphomacanada\" \/>\n<meta name=\"twitter:label1\" content=\"Dur\u00e9e de lecture estim\u00e9e\" \/>\n\t<meta name=\"twitter:data1\" content=\"1 minute\" \/>\n<script type=\"application\/ld+json\" class=\"yoast-schema-graph\">{\"@context\":\"https:\/\/schema.org\",\"@graph\":[{\"@type\":\"WebPage\",\"@id\":\"https:\/\/www.lymphoma.ca\/fr\/vivre-apres\/mon-monde\/aide-financiere\/prestations-liees-a-leducation\/\",\"url\":\"https:\/\/www.lymphoma.ca\/fr\/vivre-apres\/mon-monde\/aide-financiere\/prestations-liees-a-leducation\/\",\"name\":\"Prestations li\u00e9es \u00e0 l'\u00e9ducation - Lymphoma Canada\",\"isPartOf\":{\"@id\":\"https:\/\/www.lymphoma.ca\/fr\/#website\"},\"datePublished\":\"2020-03-04T16:01:49+00:00\",\"breadcrumb\":{\"@id\":\"https:\/\/www.lymphoma.ca\/fr\/vivre-apres\/mon-monde\/aide-financiere\/prestations-liees-a-leducation\/#breadcrumb\"},\"inLanguage\":\"fr-FR\",\"potentialAction\":[{\"@type\":\"ReadAction\",\"target\":[\"https:\/\/www.lymphoma.ca\/fr\/vivre-apres\/mon-monde\/aide-financiere\/prestations-liees-a-leducation\/\"]}]},{\"@type\":\"BreadcrumbList\",\"@id\":\"https:\/\/www.lymphoma.ca\/fr\/vivre-apres\/mon-monde\/aide-financiere\/prestations-liees-a-leducation\/#breadcrumb\",\"itemListElement\":[{\"@type\":\"ListItem\",\"position\":1,\"name\":\"Home\",\"item\":\"https:\/\/www.lymphoma.ca\/fr\/\"},{\"@type\":\"ListItem\",\"position\":2,\"name\":\"Vivre apr\u00e8s le Lymphome\",\"item\":\"https:\/\/www.lymphoma.ca\/fr\/vivre-apres\/\"},{\"@type\":\"ListItem\",\"position\":3,\"name\":\"Mon monde &#8211; La nouvelle normalit\u00e9\",\"item\":\"https:\/\/www.lymphoma.ca\/fr\/vivre-apres\/mon-monde\/\"},{\"@type\":\"ListItem\",\"position\":4,\"name\":\"Aide financi\u00e8re\",\"item\":\"https:\/\/www.lymphoma.ca\/fr\/vivre-apres\/mon-monde\/aide-financiere\/\"},{\"@type\":\"ListItem\",\"position\":5,\"name\":\"Prestations li\u00e9es \u00e0 l&#8217;\u00e9ducation\"}]},{\"@type\":\"WebSite\",\"@id\":\"https:\/\/www.lymphoma.ca\/fr\/#website\",\"url\":\"https:\/\/www.lymphoma.ca\/fr\/\",\"name\":\"Lymphoma Canada\",\"description\":\"Information. Help. Hope.\",\"publisher\":{\"@id\":\"https:\/\/www.lymphoma.ca\/fr\/#organization\"},\"potentialAction\":[{\"@type\":\"SearchAction\",\"target\":{\"@type\":\"EntryPoint\",\"urlTemplate\":\"https:\/\/www.lymphoma.ca\/fr\/?s={search_term_string}\"},\"query-input\":{\"@type\":\"PropertyValueSpecification\",\"valueRequired\":true,\"valueName\":\"search_term_string\"}}],\"inLanguage\":\"fr-FR\"},{\"@type\":\"Organization\",\"@id\":\"https:\/\/www.lymphoma.ca\/fr\/#organization\",\"name\":\"Lymphoma Canada\",\"url\":\"https:\/\/www.lymphoma.ca\/fr\/\",\"logo\":{\"@type\":\"ImageObject\",\"inLanguage\":\"fr-FR\",\"@id\":\"https:\/\/www.lymphoma.ca\/fr\/#\/schema\/logo\/image\/\",\"url\":\"https:\/\/www.lymphoma.ca\/wp-content\/uploads\/2023\/05\/logo-lymphoma.jpg\",\"contentUrl\":\"https:\/\/www.lymphoma.ca\/wp-content\/uploads\/2023\/05\/logo-lymphoma.jpg\",\"width\":343,\"height\":343,\"caption\":\"Lymphoma Canada\"},\"image\":{\"@id\":\"https:\/\/www.lymphoma.ca\/fr\/#\/schema\/logo\/image\/\"},\"sameAs\":[\"https:\/\/www.facebook.com\/LymphomaCanada\",\"https:\/\/x.com\/lymphomacanada\",\"https:\/\/www.linkedin.com\/company\/lymphoma-canada\/\",\"http:\/\/instagram.com\/lymphomacanada\",\"http:\/\/www.youtube.com\/user\/LymphomaTV\"]}]}<\/script>\n<!-- \/ Yoast SEO plugin. -->","yoast_head_json":{"title":"Prestations li\u00e9es \u00e0 l'\u00e9ducation - Lymphoma Canada","robots":{"index":"index","follow":"follow","max-snippet":"max-snippet:-1","max-image-preview":"max-image-preview:large","max-video-preview":"max-video-preview:-1"},"canonical":"https:\/\/www.lymphoma.ca\/fr\/vivre-apres\/mon-monde\/aide-financiere\/prestations-liees-a-leducation\/","og_locale":"fr_FR","og_type":"article","og_title":"Prestations li\u00e9es \u00e0 l'\u00e9ducation - Lymphoma Canada","og_description":"Si vous avez l&rsquo;intention de retourner aux \u00e9tudes et que vous cherchez un soutien financier, vous pourriez \u00eatre admissible \u00e0 un certain nombre de bourses d&rsquo;\u00e9tudes et bourses d&rsquo;entretien canadiennes...","og_url":"https:\/\/www.lymphoma.ca\/fr\/vivre-apres\/mon-monde\/aide-financiere\/prestations-liees-a-leducation\/","og_site_name":"Lymphoma Canada","article_publisher":"https:\/\/www.facebook.com\/LymphomaCanada","twitter_card":"summary_large_image","twitter_site":"@lymphomacanada","twitter_misc":{"Dur\u00e9e de lecture estim\u00e9e":"1 minute"},"schema":{"@context":"https:\/\/schema.org","@graph":[{"@type":"WebPage","@id":"https:\/\/www.lymphoma.ca\/fr\/vivre-apres\/mon-monde\/aide-financiere\/prestations-liees-a-leducation\/","url":"https:\/\/www.lymphoma.ca\/fr\/vivre-apres\/mon-monde\/aide-financiere\/prestations-liees-a-leducation\/","name":"Prestations li\u00e9es \u00e0 l'\u00e9ducation - Lymphoma Canada","isPartOf":{"@id":"https:\/\/www.lymphoma.ca\/fr\/#website"},"datePublished":"2020-03-04T16:01:49+00:00","breadcrumb":{"@id":"https:\/\/www.lymphoma.ca\/fr\/vivre-apres\/mon-monde\/aide-financiere\/prestations-liees-a-leducation\/#breadcrumb"},"inLanguage":"fr-FR","potentialAction":[{"@type":"ReadAction","target":["https:\/\/www.lymphoma.ca\/fr\/vivre-apres\/mon-monde\/aide-financiere\/prestations-liees-a-leducation\/"]}]},{"@type":"BreadcrumbList","@id":"https:\/\/www.lymphoma.ca\/fr\/vivre-apres\/mon-monde\/aide-financiere\/prestations-liees-a-leducation\/#breadcrumb","itemListElement":[{"@type":"ListItem","position":1,"name":"Home","item":"https:\/\/www.lymphoma.ca\/fr\/"},{"@type":"ListItem","position":2,"name":"Vivre apr\u00e8s le Lymphome","item":"https:\/\/www.lymphoma.ca\/fr\/vivre-apres\/"},{"@type":"ListItem","position":3,"name":"Mon monde &#8211; La nouvelle normalit\u00e9","item":"https:\/\/www.lymphoma.ca\/fr\/vivre-apres\/mon-monde\/"},{"@type":"ListItem","position":4,"name":"Aide financi\u00e8re","item":"https:\/\/www.lymphoma.ca\/fr\/vivre-apres\/mon-monde\/aide-financiere\/"},{"@type":"ListItem","position":5,"name":"Prestations li\u00e9es \u00e0 l&#8217;\u00e9ducation"}]},{"@type":"WebSite","@id":"https:\/\/www.lymphoma.ca\/fr\/#website","url":"https:\/\/www.lymphoma.ca\/fr\/","name":"Lymphoma Canada","description":"Information. Help. Hope.","publisher":{"@id":"https:\/\/www.lymphoma.ca\/fr\/#organization"},"potentialAction":[{"@type":"SearchAction","target":{"@type":"EntryPoint","urlTemplate":"https:\/\/www.lymphoma.ca\/fr\/?s={search_term_string}"},"query-input":{"@type":"PropertyValueSpecification","valueRequired":true,"valueName":"search_term_string"}}],"inLanguage":"fr-FR"},{"@type":"Organization","@id":"https:\/\/www.lymphoma.ca\/fr\/#organization","name":"Lymphoma Canada","url":"https:\/\/www.lymphoma.ca\/fr\/","logo":{"@type":"ImageObject","inLanguage":"fr-FR","@id":"https:\/\/www.lymphoma.ca\/fr\/#\/schema\/logo\/image\/","url":"https:\/\/www.lymphoma.ca\/wp-content\/uploads\/2023\/05\/logo-lymphoma.jpg","contentUrl":"https:\/\/www.lymphoma.ca\/wp-content\/uploads\/2023\/05\/logo-lymphoma.jpg","width":343,"height":343,"caption":"Lymphoma Canada"},"image":{"@id":"https:\/\/www.lymphoma.ca\/fr\/#\/schema\/logo\/image\/"},"sameAs":["https:\/\/www.facebook.com\/LymphomaCanada","https:\/\/x.com\/lymphomacanada","https:\/\/www.linkedin.com\/company\/lymphoma-canada\/","http:\/\/instagram.com\/lymphomacanada","http:\/\/www.youtube.com\/user\/LymphomaTV"]}]}},"_links":{"self":[{"href":"https:\/\/www.lymphoma.ca\/fr\/wp-json\/wp\/v2\/pages\/5542","targetHints":{"allow":["GET"]}}],"collection":[{"href":"https:\/\/www.lymphoma.ca\/fr\/wp-json\/wp\/v2\/pages"}],"about":[{"href":"https:\/\/www.lymphoma.ca\/fr\/wp-json\/wp\/v2\/types\/page"}],"author":[{"embeddable":true,"href":"https:\/\/www.lymphoma.ca\/fr\/wp-json\/wp\/v2\/users\/27"}],"replies":[{"embeddable":true,"href":"https:\/\/www.lymphoma.ca\/fr\/wp-json\/wp\/v2\/comments?post=5542"}],"version-history":[{"count":1,"href":"https:\/\/www.lymphoma.ca\/fr\/wp-json\/wp\/v2\/pages\/5542\/revisions"}],"predecessor-version":[{"id":5543,"href":"https:\/\/www.lymphoma.ca\/fr\/wp-json\/wp\/v2\/pages\/5542\/revisions\/5543"}],"up":[{"embeddable":true,"href":"https:\/\/www.lymphoma.ca\/fr\/wp-json\/wp\/v2\/pages\/5537"}],"wp:attachment":[{"href":"https:\/\/www.lymphoma.ca\/fr\/wp-json\/wp\/v2\/media?parent=5542"}],"wp:term":[{"taxonomy":"category","embeddable":true,"href":"https:\/\/www.lymphoma.ca\/fr\/wp-json\/wp\/v2\/categories?post=5542"},{"taxonomy":"post_tag","embeddable":true,"href":"https:\/\/www.lymphoma.ca\/fr\/wp-json\/wp\/v2\/tags?post=5542"}],"curies":[{"name":"wp","href":"https:\/\/api.w.org\/{rel}","templated":true}]}}