{"id":5544,"date":"2020-03-04T16:03:37","date_gmt":"2020-03-04T16:03:37","guid":{"rendered":"https:\/\/www.lymphoma.ca\/?page_id=5544"},"modified":"2020-03-04T16:03:37","modified_gmt":"2020-03-04T16:03:37","slug":"prestations-gouvernementales","status":"publish","type":"page","link":"https:\/\/www.lymphoma.ca\/fr\/vivre-apres\/mon-monde\/aide-financiere\/prestations-gouvernementales\/","title":{"rendered":"Prestations gouvernementales"},"content":{"rendered":"<h3>Prestations de maladie de l&rsquo;assurance-emploi (AE)<\/h3>\n<p>Cette assistance financi\u00e8re est offerte aux personnes qui sont incapables de travailler en raison d&rsquo;une maladie, d&rsquo;une blessure ou d&rsquo;une mise en quarantaine. Vous pouvez \u00eatre admissible aux prestations de maladie de l&rsquo;assurance-emploi si\u00a0:<\/p>\n<ul>\n<li>vous occupez un emploi assurable (c&rsquo;est-\u00e0-dire que votre employeur a d\u00e9duit des cotisations d&rsquo;AE de votre paie ou de votre salaire)<\/li>\n<li>vous remplissez les conditions requises pour recevoir des prestations de maladie de l&rsquo;AE (c&rsquo;est-\u00e0-dire que vous \u00eates incapable de travailler en raison d&rsquo;une maladie, d&rsquo;une blessure ou d&rsquo;une mise en quarantaine, mais seriez disponible pour travailler si ce n&rsquo;\u00e9tait pas de votre incapacit\u00e9 pour raisons m\u00e9dicales); vous devez obtenir un certificat m\u00e9dical sign\u00e9 par votre m\u00e9decin ou un autre sp\u00e9cialiste de la sant\u00e9 agr\u00e9\u00e9<\/li>\n<li>votre r\u00e9mun\u00e9ration hebdomadaire normale a diminu\u00e9 de plus de 40\u00a0%<\/li>\n<li>vous avez accumul\u00e9 au moins 600\u00a0heures d&#8217;emploi assurable au cours de la p\u00e9riode de r\u00e9f\u00e9rence (p\u00e9riode de 52\u00a0semaines pr\u00e9c\u00e9dant imm\u00e9diatement le d\u00e9but de votre p\u00e9riode de prestations d&rsquo;AE ou p\u00e9riode \u00e9coul\u00e9e depuis le d\u00e9but de votre p\u00e9riode de prestations d&rsquo;AE pr\u00e9c\u00e9dente)<\/li>\n<\/ul>\n<p>Vous devriez faire une demande d\u00e8s que vous n&rsquo;\u00eates plus en mesure de travailler. La prestation de maladie de l&rsquo;AE est de courte dur\u00e9e et n&rsquo;est vers\u00e9e que pendant un maximum de 15\u00a0semaines.<\/p>\n<p>Visitez le site\u00a0<a href=\"http:\/\/www.servicecanada.gc.ca\/fra\/sc\/ae\/prestations\/maladie.shtml\" target=\"_blank\" rel=\"noopener noreferrer\">Service Canada<\/a>\u00a0pour plus d&rsquo;information.<\/p>\n<h3>Prestations d&rsquo;invalidit\u00e9 du R\u00e9gime de pensions<br \/>\ndu Canada (RPC)<\/h3>\n<p>Ces prestations consistent en un paiement mensuel imposable destin\u00e9 aux personnes qui ont cotis\u00e9 au RPC et qui ne peuvent plus occuper r\u00e9guli\u00e8rement un emploi, quel qu&rsquo;il soit, en raison d&rsquo;une invalidit\u00e9.<\/p>\n<p>Pour \u00eatre admissible \u00e0 des prestations d&rsquo;invalidit\u00e9, vous devez\u00a0:<\/p>\n<ul>\n<li>\u00catre atteint d&rsquo;une maladie grave (c.-\u00e0-d. qui vous emp\u00eache r\u00e9guli\u00e8rement de travailler) dont la dur\u00e9e sera vraisemblablement longue.<\/li>\n<li>Avoir moins de 65\u00a0ans (si vous avez entre 60 et 64\u00a0ans, pensez \u00e0 demander une pension de retraite du RPC).<\/li>\n<li>Avoir cotis\u00e9 au RPC au cours de 4 des 6\u00a0derni\u00e8res ann\u00e9es OU au cours de 3 des 6\u00a0derni\u00e8res ann\u00e9es, si vous avez cotis\u00e9 pendant au moins 25\u00a0ans.<\/li>\n<\/ul>\n<p>Les r\u00e9sidents du Qu\u00e9bec ne sont pas admissibles au RPC, mais ils peuvent demander les prestations du\u00a0<a href=\"http:\/\/www.rrq.gouv.qc.ca\/fr\/programmes\/regime_rentes\/prestations_invalidite\/Pages\/prestations_invalidite.aspx\" target=\"_blank\" rel=\"noopener noreferrer\">R\u00e9gime de rentes du Qu\u00e9bec<\/a>.<\/p>\n<p>Vous devez faire une demande par \u00e9crit. Imprimez le formulaire principal de demande (ISP\u00a01151), les formulaires de consentement de m\u00eame que tout autre formulaire pertinent, puis envoyez-les par la poste \u00e0 Service Canada. Consultez la trousse de demande de\u00a0<a href=\"http:\/\/www.servicecanada.gc.ca\/cgi-bin\/search\/eforms\/index.cgi?app=profile&amp;form=isp1151&amp;ln=frang\" target=\"_blank\" rel=\"noopener noreferrer\">prestations d&rsquo;invalidit\u00e9 du RPC<\/a>\u00a0pour plus information.<\/p>\n<p>Visitez le site\u00a0<a href=\"http:\/\/www.servicecanada.gc.ca\/fra\/services\/pensions\/rpc\/invalidite\/prestation\/index.shtml\" target=\"_blank\" rel=\"noopener noreferrer\">Service Canada<\/a>\u00a0pour plus d&rsquo;information.<\/p>\n<h3>Prestations provinciales ou territoriales<\/h3>\n<p>Les prestations accord\u00e9es aux patients atteints d&rsquo;un cancer varient grandement d&rsquo;une province ou d&rsquo;un territoire \u00e0 l&rsquo;autre. Il pourra vous \u00eatre utile de rencontrer un travailleur social qui vous donnera plus d&rsquo;information sur l&rsquo;aide financi\u00e8re disponible dans votre province et vous aidera \u00e0 obtenir l&rsquo;aide financi\u00e8re dont vous avez besoin.<\/p>\n<h4>Documentation de r\u00e9f\u00e9rence\u00a0:<\/h4>\n<p><a href=\"http:\/\/www.servicecanada.gc.ca\/fra\/sc\/ae\/prestations\/maladie.shtml\" target=\"_blank\" rel=\"noopener noreferrer\">Gouvernement du Canada. Assurance-emploi et prestations de maladie.<br \/>\n<\/a>Consult\u00e9 le 9\u00a0juin 2014.<\/p>\n<p><a href=\"http:\/\/www.servicecanada.gc.ca\/fra\/services\/pensions\/rpc\/invalidite\/prestation\/index.shtml\" target=\"_blank\" rel=\"noopener noreferrer\">Gouvernement du Canada. Prestations d\u2019invalidit\u00e9.<br \/>\n<\/a>Consult\u00e9 le 9\u00a0juin 2014.<\/p>\n","protected":false},"excerpt":{"rendered":"<p>Prestations de maladie de l&rsquo;assurance-emploi (AE) Cette assistance financi\u00e8re est offerte aux personnes qui sont incapables de travailler en raison d&rsquo;une maladie, d&rsquo;une blessure ou d&rsquo;une mise en quarantaine. Vous&#8230;<\/p>\n","protected":false},"author":27,"featured_media":0,"parent":5537,"menu_order":2,"comment_status":"closed","ping_status":"closed","template":"page-sidebar.php","meta":{"_acf_changed":false,"footnotes":""},"categories":[],"tags":[],"class_list":["post-5544","page","type-page","status-publish"],"acf":[],"yoast_head":"<!-- This site is optimized with the Yoast SEO plugin v26.7 - https:\/\/yoast.com\/wordpress\/plugins\/seo\/ -->\n<title>Prestations gouvernementales - Lymphoma Canada<\/title>\n<meta name=\"robots\" content=\"index, follow, max-snippet:-1, max-image-preview:large, max-video-preview:-1\" \/>\n<link rel=\"canonical\" href=\"https:\/\/www.lymphoma.ca\/fr\/vivre-apres\/mon-monde\/aide-financiere\/prestations-gouvernementales\/\" \/>\n<meta property=\"og:locale\" content=\"fr_FR\" \/>\n<meta property=\"og:type\" content=\"article\" \/>\n<meta property=\"og:title\" content=\"Prestations gouvernementales - Lymphoma Canada\" \/>\n<meta property=\"og:description\" content=\"Prestations de maladie de l&rsquo;assurance-emploi (AE) Cette assistance financi\u00e8re est offerte aux personnes qui sont incapables de travailler en raison d&rsquo;une maladie, d&rsquo;une blessure ou d&rsquo;une mise en quarantaine. Vous...\" \/>\n<meta property=\"og:url\" content=\"https:\/\/www.lymphoma.ca\/fr\/vivre-apres\/mon-monde\/aide-financiere\/prestations-gouvernementales\/\" \/>\n<meta property=\"og:site_name\" content=\"Lymphoma Canada\" \/>\n<meta property=\"article:publisher\" content=\"https:\/\/www.facebook.com\/LymphomaCanada\" \/>\n<meta name=\"twitter:card\" content=\"summary_large_image\" \/>\n<meta name=\"twitter:site\" content=\"@lymphomacanada\" \/>\n<meta name=\"twitter:label1\" content=\"Dur\u00e9e de lecture estim\u00e9e\" \/>\n\t<meta name=\"twitter:data1\" content=\"3 minutes\" \/>\n<script type=\"application\/ld+json\" class=\"yoast-schema-graph\">{\"@context\":\"https:\/\/schema.org\",\"@graph\":[{\"@type\":\"WebPage\",\"@id\":\"https:\/\/www.lymphoma.ca\/fr\/vivre-apres\/mon-monde\/aide-financiere\/prestations-gouvernementales\/\",\"url\":\"https:\/\/www.lymphoma.ca\/fr\/vivre-apres\/mon-monde\/aide-financiere\/prestations-gouvernementales\/\",\"name\":\"Prestations gouvernementales - Lymphoma Canada\",\"isPartOf\":{\"@id\":\"https:\/\/www.lymphoma.ca\/fr\/#website\"},\"datePublished\":\"2020-03-04T16:03:37+00:00\",\"breadcrumb\":{\"@id\":\"https:\/\/www.lymphoma.ca\/fr\/vivre-apres\/mon-monde\/aide-financiere\/prestations-gouvernementales\/#breadcrumb\"},\"inLanguage\":\"fr-FR\",\"potentialAction\":[{\"@type\":\"ReadAction\",\"target\":[\"https:\/\/www.lymphoma.ca\/fr\/vivre-apres\/mon-monde\/aide-financiere\/prestations-gouvernementales\/\"]}]},{\"@type\":\"BreadcrumbList\",\"@id\":\"https:\/\/www.lymphoma.ca\/fr\/vivre-apres\/mon-monde\/aide-financiere\/prestations-gouvernementales\/#breadcrumb\",\"itemListElement\":[{\"@type\":\"ListItem\",\"position\":1,\"name\":\"Home\",\"item\":\"https:\/\/www.lymphoma.ca\/fr\/\"},{\"@type\":\"ListItem\",\"position\":2,\"name\":\"Vivre apr\u00e8s le Lymphome\",\"item\":\"https:\/\/www.lymphoma.ca\/fr\/vivre-apres\/\"},{\"@type\":\"ListItem\",\"position\":3,\"name\":\"Mon monde &#8211; La nouvelle normalit\u00e9\",\"item\":\"https:\/\/www.lymphoma.ca\/fr\/vivre-apres\/mon-monde\/\"},{\"@type\":\"ListItem\",\"position\":4,\"name\":\"Aide financi\u00e8re\",\"item\":\"https:\/\/www.lymphoma.ca\/fr\/vivre-apres\/mon-monde\/aide-financiere\/\"},{\"@type\":\"ListItem\",\"position\":5,\"name\":\"Prestations gouvernementales\"}]},{\"@type\":\"WebSite\",\"@id\":\"https:\/\/www.lymphoma.ca\/fr\/#website\",\"url\":\"https:\/\/www.lymphoma.ca\/fr\/\",\"name\":\"Lymphoma Canada\",\"description\":\"Information. Help. Hope.\",\"publisher\":{\"@id\":\"https:\/\/www.lymphoma.ca\/fr\/#organization\"},\"potentialAction\":[{\"@type\":\"SearchAction\",\"target\":{\"@type\":\"EntryPoint\",\"urlTemplate\":\"https:\/\/www.lymphoma.ca\/fr\/?s={search_term_string}\"},\"query-input\":{\"@type\":\"PropertyValueSpecification\",\"valueRequired\":true,\"valueName\":\"search_term_string\"}}],\"inLanguage\":\"fr-FR\"},{\"@type\":\"Organization\",\"@id\":\"https:\/\/www.lymphoma.ca\/fr\/#organization\",\"name\":\"Lymphoma Canada\",\"url\":\"https:\/\/www.lymphoma.ca\/fr\/\",\"logo\":{\"@type\":\"ImageObject\",\"inLanguage\":\"fr-FR\",\"@id\":\"https:\/\/www.lymphoma.ca\/fr\/#\/schema\/logo\/image\/\",\"url\":\"https:\/\/www.lymphoma.ca\/wp-content\/uploads\/2023\/05\/logo-lymphoma.jpg\",\"contentUrl\":\"https:\/\/www.lymphoma.ca\/wp-content\/uploads\/2023\/05\/logo-lymphoma.jpg\",\"width\":343,\"height\":343,\"caption\":\"Lymphoma Canada\"},\"image\":{\"@id\":\"https:\/\/www.lymphoma.ca\/fr\/#\/schema\/logo\/image\/\"},\"sameAs\":[\"https:\/\/www.facebook.com\/LymphomaCanada\",\"https:\/\/x.com\/lymphomacanada\",\"https:\/\/www.linkedin.com\/company\/lymphoma-canada\/\",\"http:\/\/instagram.com\/lymphomacanada\",\"http:\/\/www.youtube.com\/user\/LymphomaTV\"]}]}<\/script>\n<!-- \/ Yoast SEO plugin. -->","yoast_head_json":{"title":"Prestations gouvernementales - Lymphoma Canada","robots":{"index":"index","follow":"follow","max-snippet":"max-snippet:-1","max-image-preview":"max-image-preview:large","max-video-preview":"max-video-preview:-1"},"canonical":"https:\/\/www.lymphoma.ca\/fr\/vivre-apres\/mon-monde\/aide-financiere\/prestations-gouvernementales\/","og_locale":"fr_FR","og_type":"article","og_title":"Prestations gouvernementales - Lymphoma Canada","og_description":"Prestations de maladie de l&rsquo;assurance-emploi (AE) Cette assistance financi\u00e8re est offerte aux personnes qui sont incapables de travailler en raison d&rsquo;une maladie, d&rsquo;une blessure ou d&rsquo;une mise en quarantaine. Vous...","og_url":"https:\/\/www.lymphoma.ca\/fr\/vivre-apres\/mon-monde\/aide-financiere\/prestations-gouvernementales\/","og_site_name":"Lymphoma Canada","article_publisher":"https:\/\/www.facebook.com\/LymphomaCanada","twitter_card":"summary_large_image","twitter_site":"@lymphomacanada","twitter_misc":{"Dur\u00e9e de lecture estim\u00e9e":"3 minutes"},"schema":{"@context":"https:\/\/schema.org","@graph":[{"@type":"WebPage","@id":"https:\/\/www.lymphoma.ca\/fr\/vivre-apres\/mon-monde\/aide-financiere\/prestations-gouvernementales\/","url":"https:\/\/www.lymphoma.ca\/fr\/vivre-apres\/mon-monde\/aide-financiere\/prestations-gouvernementales\/","name":"Prestations gouvernementales - Lymphoma Canada","isPartOf":{"@id":"https:\/\/www.lymphoma.ca\/fr\/#website"},"datePublished":"2020-03-04T16:03:37+00:00","breadcrumb":{"@id":"https:\/\/www.lymphoma.ca\/fr\/vivre-apres\/mon-monde\/aide-financiere\/prestations-gouvernementales\/#breadcrumb"},"inLanguage":"fr-FR","potentialAction":[{"@type":"ReadAction","target":["https:\/\/www.lymphoma.ca\/fr\/vivre-apres\/mon-monde\/aide-financiere\/prestations-gouvernementales\/"]}]},{"@type":"BreadcrumbList","@id":"https:\/\/www.lymphoma.ca\/fr\/vivre-apres\/mon-monde\/aide-financiere\/prestations-gouvernementales\/#breadcrumb","itemListElement":[{"@type":"ListItem","position":1,"name":"Home","item":"https:\/\/www.lymphoma.ca\/fr\/"},{"@type":"ListItem","position":2,"name":"Vivre apr\u00e8s le Lymphome","item":"https:\/\/www.lymphoma.ca\/fr\/vivre-apres\/"},{"@type":"ListItem","position":3,"name":"Mon monde &#8211; La nouvelle normalit\u00e9","item":"https:\/\/www.lymphoma.ca\/fr\/vivre-apres\/mon-monde\/"},{"@type":"ListItem","position":4,"name":"Aide financi\u00e8re","item":"https:\/\/www.lymphoma.ca\/fr\/vivre-apres\/mon-monde\/aide-financiere\/"},{"@type":"ListItem","position":5,"name":"Prestations gouvernementales"}]},{"@type":"WebSite","@id":"https:\/\/www.lymphoma.ca\/fr\/#website","url":"https:\/\/www.lymphoma.ca\/fr\/","name":"Lymphoma Canada","description":"Information. Help. Hope.","publisher":{"@id":"https:\/\/www.lymphoma.ca\/fr\/#organization"},"potentialAction":[{"@type":"SearchAction","target":{"@type":"EntryPoint","urlTemplate":"https:\/\/www.lymphoma.ca\/fr\/?s={search_term_string}"},"query-input":{"@type":"PropertyValueSpecification","valueRequired":true,"valueName":"search_term_string"}}],"inLanguage":"fr-FR"},{"@type":"Organization","@id":"https:\/\/www.lymphoma.ca\/fr\/#organization","name":"Lymphoma Canada","url":"https:\/\/www.lymphoma.ca\/fr\/","logo":{"@type":"ImageObject","inLanguage":"fr-FR","@id":"https:\/\/www.lymphoma.ca\/fr\/#\/schema\/logo\/image\/","url":"https:\/\/www.lymphoma.ca\/wp-content\/uploads\/2023\/05\/logo-lymphoma.jpg","contentUrl":"https:\/\/www.lymphoma.ca\/wp-content\/uploads\/2023\/05\/logo-lymphoma.jpg","width":343,"height":343,"caption":"Lymphoma Canada"},"image":{"@id":"https:\/\/www.lymphoma.ca\/fr\/#\/schema\/logo\/image\/"},"sameAs":["https:\/\/www.facebook.com\/LymphomaCanada","https:\/\/x.com\/lymphomacanada","https:\/\/www.linkedin.com\/company\/lymphoma-canada\/","http:\/\/instagram.com\/lymphomacanada","http:\/\/www.youtube.com\/user\/LymphomaTV"]}]}},"_links":{"self":[{"href":"https:\/\/www.lymphoma.ca\/fr\/wp-json\/wp\/v2\/pages\/5544","targetHints":{"allow":["GET"]}}],"collection":[{"href":"https:\/\/www.lymphoma.ca\/fr\/wp-json\/wp\/v2\/pages"}],"about":[{"href":"https:\/\/www.lymphoma.ca\/fr\/wp-json\/wp\/v2\/types\/page"}],"author":[{"embeddable":true,"href":"https:\/\/www.lymphoma.ca\/fr\/wp-json\/wp\/v2\/users\/27"}],"replies":[{"embeddable":true,"href":"https:\/\/www.lymphoma.ca\/fr\/wp-json\/wp\/v2\/comments?post=5544"}],"version-history":[{"count":1,"href":"https:\/\/www.lymphoma.ca\/fr\/wp-json\/wp\/v2\/pages\/5544\/revisions"}],"predecessor-version":[{"id":5545,"href":"https:\/\/www.lymphoma.ca\/fr\/wp-json\/wp\/v2\/pages\/5544\/revisions\/5545"}],"up":[{"embeddable":true,"href":"https:\/\/www.lymphoma.ca\/fr\/wp-json\/wp\/v2\/pages\/5537"}],"wp:attachment":[{"href":"https:\/\/www.lymphoma.ca\/fr\/wp-json\/wp\/v2\/media?parent=5544"}],"wp:term":[{"taxonomy":"category","embeddable":true,"href":"https:\/\/www.lymphoma.ca\/fr\/wp-json\/wp\/v2\/categories?post=5544"},{"taxonomy":"post_tag","embeddable":true,"href":"https:\/\/www.lymphoma.ca\/fr\/wp-json\/wp\/v2\/tags?post=5544"}],"curies":[{"name":"wp","href":"https:\/\/api.w.org\/{rel}","templated":true}]}}