{"id":5548,"date":"2020-03-04T16:06:26","date_gmt":"2020-03-04T16:06:26","guid":{"rendered":"https:\/\/www.lymphoma.ca\/?page_id=5548"},"modified":"2020-03-04T16:06:26","modified_gmt":"2020-03-04T16:06:26","slug":"retourner-a-lecole-ou-a-luniversite","status":"publish","type":"page","link":"https:\/\/www.lymphoma.ca\/fr\/vivre-apres\/mon-monde\/la-vie-de-letudiant\/retourner-a-lecole-ou-a-luniversite\/","title":{"rendered":"Retourner \u00e0 l&rsquo;\u00e9cole ou \u00e0 l&rsquo;universit\u00e9"},"content":{"rendered":"<p>Pour d\u00e9terminer si vous \u00eates pr\u00eat \u00e0 retourner \u00e0 l&rsquo;\u00e9cole, discutez de vos pr\u00e9occupations physiques, \u00e9motionnelles et mentales avec l&rsquo;\u00e9quipe de soins. V\u00e9rifiez \u00e9galement si votre plan de soins de suivi risque d&#8217;empi\u00e9ter sur vos cours.<\/p>\n<p>Les \u00e9tablissements scolaires offrent un certain nombre de ressources qui peuvent vous aider durant votre transition.<\/p>\n<p><strong>Bureau des affaires \u00e9tudiantes\u00a0:<\/strong>\u00a0vous pouvez y trouver de l&rsquo;aide gr\u00e2ce \u00e0 un certain nombre de services mis \u00e0 la disposition des \u00e9tudiants. Cela peut comprendre une assurance maladie pour \u00e9tudiants, une aide financi\u00e8re et des logements pour les \u00e9tudiants handicap\u00e9s.<\/p>\n<p><strong>Conseillers p\u00e9dagogiques\u00a0:<\/strong>\u00a0prenez rendez-vous avec vos conseillers afin de discuter des choix de cours de votre programme, de la possibilit\u00e9 de s&rsquo;inscrire \u00e0 un nombre r\u00e9duit de cours ou de vos absences potentielles dues \u00e0 vos rendez-vous chez le m\u00e9decin.<\/p>\n<p><strong>Centre de sant\u00e9 sur le campus\u00a0:<\/strong>\u00a0si vous utilisez les services de votre centre de sant\u00e9 sur le campus, il est pr\u00e9f\u00e9rable d&rsquo;informer r\u00e9guli\u00e8rement le personnel m\u00e9dical de votre \u00e9tat, y compris vos ant\u00e9c\u00e9dents m\u00e9dicaux, votre diagnostic, vos traitements ant\u00e9rieurs contre le lymphome, votre \u00e9tat de sant\u00e9 actuel et vos besoins pr\u00e9vus pour les soins de suivi. Vous pouvez \u00e9galement mentionner vos rendez-vous ou tests \u00e0 venir, les coordonn\u00e9es de votre oncologue et la fa\u00e7on de coordonner vos soins entre ce dernier et le personnel du centre de sant\u00e9. Le personnel du centre de sant\u00e9 peut vous aider \u00e0 informer vos enseignants ou professeurs de tout besoin sp\u00e9cial \u00e0 combler dans la salle de cours en raison de votre maladie.<\/p>\n<p>Par le pass\u00e9, certains \u00e9tudiants ont d\u00e9j\u00e0 \u00e9prouv\u00e9 des difficult\u00e9s d&rsquo;apprentissage temporaires ou \u00e0 long terme dues au lymphome ou \u00e0 des types sp\u00e9cifiques de traitements contre le lymphome.<\/p>\n<h4>Documentation de r\u00e9f\u00e9rence\u00a0:<\/h4>\n<p><a href=\"http:\/\/www.cancer.net\/navigating-cancer-care\/young-adults\/life-after-treatment\/returning-school-after-cancer\" target=\"_blank\" rel=\"noopener noreferrer\">Cancer.Net. Returning to School After Cancer.<br \/>\n<\/a>Consult\u00e9 le 9\u00a0juin 2014.<\/p>\n","protected":false},"excerpt":{"rendered":"<p>Pour d\u00e9terminer si vous \u00eates pr\u00eat \u00e0 retourner \u00e0 l&rsquo;\u00e9cole, discutez de vos pr\u00e9occupations physiques, \u00e9motionnelles et mentales avec l&rsquo;\u00e9quipe de soins. V\u00e9rifiez \u00e9galement si votre plan de soins de&#8230;<\/p>\n","protected":false},"author":27,"featured_media":0,"parent":5546,"menu_order":0,"comment_status":"closed","ping_status":"closed","template":"page-sidebar.php","meta":{"_acf_changed":false,"footnotes":""},"categories":[],"tags":[],"class_list":["post-5548","page","type-page","status-publish"],"acf":[],"yoast_head":"<!-- This site is optimized with the Yoast SEO plugin v26.7 - https:\/\/yoast.com\/wordpress\/plugins\/seo\/ -->\n<title>Retourner \u00e0 l&#039;\u00e9cole ou \u00e0 l&#039;universit\u00e9 - Lymphoma Canada<\/title>\n<meta name=\"robots\" content=\"index, follow, max-snippet:-1, max-image-preview:large, max-video-preview:-1\" \/>\n<link rel=\"canonical\" href=\"https:\/\/www.lymphoma.ca\/fr\/vivre-apres\/mon-monde\/la-vie-de-letudiant\/retourner-a-lecole-ou-a-luniversite\/\" \/>\n<meta property=\"og:locale\" content=\"fr_FR\" \/>\n<meta property=\"og:type\" content=\"article\" \/>\n<meta property=\"og:title\" content=\"Retourner \u00e0 l&#039;\u00e9cole ou \u00e0 l&#039;universit\u00e9 - Lymphoma Canada\" \/>\n<meta property=\"og:description\" content=\"Pour d\u00e9terminer si vous \u00eates pr\u00eat \u00e0 retourner \u00e0 l&rsquo;\u00e9cole, discutez de vos pr\u00e9occupations physiques, \u00e9motionnelles et mentales avec l&rsquo;\u00e9quipe de soins. V\u00e9rifiez \u00e9galement si votre plan de soins de...\" \/>\n<meta property=\"og:url\" content=\"https:\/\/www.lymphoma.ca\/fr\/vivre-apres\/mon-monde\/la-vie-de-letudiant\/retourner-a-lecole-ou-a-luniversite\/\" \/>\n<meta property=\"og:site_name\" content=\"Lymphoma Canada\" \/>\n<meta property=\"article:publisher\" content=\"https:\/\/www.facebook.com\/LymphomaCanada\" \/>\n<meta name=\"twitter:card\" content=\"summary_large_image\" \/>\n<meta name=\"twitter:site\" content=\"@lymphomacanada\" \/>\n<meta name=\"twitter:label1\" content=\"Dur\u00e9e de lecture estim\u00e9e\" \/>\n\t<meta name=\"twitter:data1\" content=\"2 minutes\" \/>\n<script type=\"application\/ld+json\" class=\"yoast-schema-graph\">{\"@context\":\"https:\/\/schema.org\",\"@graph\":[{\"@type\":\"WebPage\",\"@id\":\"https:\/\/www.lymphoma.ca\/fr\/vivre-apres\/mon-monde\/la-vie-de-letudiant\/retourner-a-lecole-ou-a-luniversite\/\",\"url\":\"https:\/\/www.lymphoma.ca\/fr\/vivre-apres\/mon-monde\/la-vie-de-letudiant\/retourner-a-lecole-ou-a-luniversite\/\",\"name\":\"Retourner \u00e0 l'\u00e9cole ou \u00e0 l'universit\u00e9 - Lymphoma Canada\",\"isPartOf\":{\"@id\":\"https:\/\/www.lymphoma.ca\/fr\/#website\"},\"datePublished\":\"2020-03-04T16:06:26+00:00\",\"breadcrumb\":{\"@id\":\"https:\/\/www.lymphoma.ca\/fr\/vivre-apres\/mon-monde\/la-vie-de-letudiant\/retourner-a-lecole-ou-a-luniversite\/#breadcrumb\"},\"inLanguage\":\"fr-FR\",\"potentialAction\":[{\"@type\":\"ReadAction\",\"target\":[\"https:\/\/www.lymphoma.ca\/fr\/vivre-apres\/mon-monde\/la-vie-de-letudiant\/retourner-a-lecole-ou-a-luniversite\/\"]}]},{\"@type\":\"BreadcrumbList\",\"@id\":\"https:\/\/www.lymphoma.ca\/fr\/vivre-apres\/mon-monde\/la-vie-de-letudiant\/retourner-a-lecole-ou-a-luniversite\/#breadcrumb\",\"itemListElement\":[{\"@type\":\"ListItem\",\"position\":1,\"name\":\"Home\",\"item\":\"https:\/\/www.lymphoma.ca\/fr\/\"},{\"@type\":\"ListItem\",\"position\":2,\"name\":\"Vivre apr\u00e8s le Lymphome\",\"item\":\"https:\/\/www.lymphoma.ca\/fr\/vivre-apres\/\"},{\"@type\":\"ListItem\",\"position\":3,\"name\":\"Mon monde &#8211; La nouvelle normalit\u00e9\",\"item\":\"https:\/\/www.lymphoma.ca\/fr\/vivre-apres\/mon-monde\/\"},{\"@type\":\"ListItem\",\"position\":4,\"name\":\"La vie de l&#8217;\u00e9tudiant\",\"item\":\"https:\/\/www.lymphoma.ca\/fr\/vivre-apres\/mon-monde\/la-vie-de-letudiant\/\"},{\"@type\":\"ListItem\",\"position\":5,\"name\":\"Retourner \u00e0 l&#8217;\u00e9cole ou \u00e0 l&#8217;universit\u00e9\"}]},{\"@type\":\"WebSite\",\"@id\":\"https:\/\/www.lymphoma.ca\/fr\/#website\",\"url\":\"https:\/\/www.lymphoma.ca\/fr\/\",\"name\":\"Lymphoma Canada\",\"description\":\"Information. Help. Hope.\",\"publisher\":{\"@id\":\"https:\/\/www.lymphoma.ca\/fr\/#organization\"},\"potentialAction\":[{\"@type\":\"SearchAction\",\"target\":{\"@type\":\"EntryPoint\",\"urlTemplate\":\"https:\/\/www.lymphoma.ca\/fr\/?s={search_term_string}\"},\"query-input\":{\"@type\":\"PropertyValueSpecification\",\"valueRequired\":true,\"valueName\":\"search_term_string\"}}],\"inLanguage\":\"fr-FR\"},{\"@type\":\"Organization\",\"@id\":\"https:\/\/www.lymphoma.ca\/fr\/#organization\",\"name\":\"Lymphoma Canada\",\"url\":\"https:\/\/www.lymphoma.ca\/fr\/\",\"logo\":{\"@type\":\"ImageObject\",\"inLanguage\":\"fr-FR\",\"@id\":\"https:\/\/www.lymphoma.ca\/fr\/#\/schema\/logo\/image\/\",\"url\":\"https:\/\/www.lymphoma.ca\/wp-content\/uploads\/2023\/05\/logo-lymphoma.jpg\",\"contentUrl\":\"https:\/\/www.lymphoma.ca\/wp-content\/uploads\/2023\/05\/logo-lymphoma.jpg\",\"width\":343,\"height\":343,\"caption\":\"Lymphoma Canada\"},\"image\":{\"@id\":\"https:\/\/www.lymphoma.ca\/fr\/#\/schema\/logo\/image\/\"},\"sameAs\":[\"https:\/\/www.facebook.com\/LymphomaCanada\",\"https:\/\/x.com\/lymphomacanada\",\"https:\/\/www.linkedin.com\/company\/lymphoma-canada\/\",\"http:\/\/instagram.com\/lymphomacanada\",\"http:\/\/www.youtube.com\/user\/LymphomaTV\"]}]}<\/script>\n<!-- \/ Yoast SEO plugin. -->","yoast_head_json":{"title":"Retourner \u00e0 l'\u00e9cole ou \u00e0 l'universit\u00e9 - Lymphoma Canada","robots":{"index":"index","follow":"follow","max-snippet":"max-snippet:-1","max-image-preview":"max-image-preview:large","max-video-preview":"max-video-preview:-1"},"canonical":"https:\/\/www.lymphoma.ca\/fr\/vivre-apres\/mon-monde\/la-vie-de-letudiant\/retourner-a-lecole-ou-a-luniversite\/","og_locale":"fr_FR","og_type":"article","og_title":"Retourner \u00e0 l'\u00e9cole ou \u00e0 l'universit\u00e9 - Lymphoma Canada","og_description":"Pour d\u00e9terminer si vous \u00eates pr\u00eat \u00e0 retourner \u00e0 l&rsquo;\u00e9cole, discutez de vos pr\u00e9occupations physiques, \u00e9motionnelles et mentales avec l&rsquo;\u00e9quipe de soins. V\u00e9rifiez \u00e9galement si votre plan de soins de...","og_url":"https:\/\/www.lymphoma.ca\/fr\/vivre-apres\/mon-monde\/la-vie-de-letudiant\/retourner-a-lecole-ou-a-luniversite\/","og_site_name":"Lymphoma Canada","article_publisher":"https:\/\/www.facebook.com\/LymphomaCanada","twitter_card":"summary_large_image","twitter_site":"@lymphomacanada","twitter_misc":{"Dur\u00e9e de lecture estim\u00e9e":"2 minutes"},"schema":{"@context":"https:\/\/schema.org","@graph":[{"@type":"WebPage","@id":"https:\/\/www.lymphoma.ca\/fr\/vivre-apres\/mon-monde\/la-vie-de-letudiant\/retourner-a-lecole-ou-a-luniversite\/","url":"https:\/\/www.lymphoma.ca\/fr\/vivre-apres\/mon-monde\/la-vie-de-letudiant\/retourner-a-lecole-ou-a-luniversite\/","name":"Retourner \u00e0 l'\u00e9cole ou \u00e0 l'universit\u00e9 - Lymphoma Canada","isPartOf":{"@id":"https:\/\/www.lymphoma.ca\/fr\/#website"},"datePublished":"2020-03-04T16:06:26+00:00","breadcrumb":{"@id":"https:\/\/www.lymphoma.ca\/fr\/vivre-apres\/mon-monde\/la-vie-de-letudiant\/retourner-a-lecole-ou-a-luniversite\/#breadcrumb"},"inLanguage":"fr-FR","potentialAction":[{"@type":"ReadAction","target":["https:\/\/www.lymphoma.ca\/fr\/vivre-apres\/mon-monde\/la-vie-de-letudiant\/retourner-a-lecole-ou-a-luniversite\/"]}]},{"@type":"BreadcrumbList","@id":"https:\/\/www.lymphoma.ca\/fr\/vivre-apres\/mon-monde\/la-vie-de-letudiant\/retourner-a-lecole-ou-a-luniversite\/#breadcrumb","itemListElement":[{"@type":"ListItem","position":1,"name":"Home","item":"https:\/\/www.lymphoma.ca\/fr\/"},{"@type":"ListItem","position":2,"name":"Vivre apr\u00e8s le Lymphome","item":"https:\/\/www.lymphoma.ca\/fr\/vivre-apres\/"},{"@type":"ListItem","position":3,"name":"Mon monde &#8211; La nouvelle normalit\u00e9","item":"https:\/\/www.lymphoma.ca\/fr\/vivre-apres\/mon-monde\/"},{"@type":"ListItem","position":4,"name":"La vie de l&#8217;\u00e9tudiant","item":"https:\/\/www.lymphoma.ca\/fr\/vivre-apres\/mon-monde\/la-vie-de-letudiant\/"},{"@type":"ListItem","position":5,"name":"Retourner \u00e0 l&#8217;\u00e9cole ou \u00e0 l&#8217;universit\u00e9"}]},{"@type":"WebSite","@id":"https:\/\/www.lymphoma.ca\/fr\/#website","url":"https:\/\/www.lymphoma.ca\/fr\/","name":"Lymphoma Canada","description":"Information. Help. Hope.","publisher":{"@id":"https:\/\/www.lymphoma.ca\/fr\/#organization"},"potentialAction":[{"@type":"SearchAction","target":{"@type":"EntryPoint","urlTemplate":"https:\/\/www.lymphoma.ca\/fr\/?s={search_term_string}"},"query-input":{"@type":"PropertyValueSpecification","valueRequired":true,"valueName":"search_term_string"}}],"inLanguage":"fr-FR"},{"@type":"Organization","@id":"https:\/\/www.lymphoma.ca\/fr\/#organization","name":"Lymphoma Canada","url":"https:\/\/www.lymphoma.ca\/fr\/","logo":{"@type":"ImageObject","inLanguage":"fr-FR","@id":"https:\/\/www.lymphoma.ca\/fr\/#\/schema\/logo\/image\/","url":"https:\/\/www.lymphoma.ca\/wp-content\/uploads\/2023\/05\/logo-lymphoma.jpg","contentUrl":"https:\/\/www.lymphoma.ca\/wp-content\/uploads\/2023\/05\/logo-lymphoma.jpg","width":343,"height":343,"caption":"Lymphoma Canada"},"image":{"@id":"https:\/\/www.lymphoma.ca\/fr\/#\/schema\/logo\/image\/"},"sameAs":["https:\/\/www.facebook.com\/LymphomaCanada","https:\/\/x.com\/lymphomacanada","https:\/\/www.linkedin.com\/company\/lymphoma-canada\/","http:\/\/instagram.com\/lymphomacanada","http:\/\/www.youtube.com\/user\/LymphomaTV"]}]}},"_links":{"self":[{"href":"https:\/\/www.lymphoma.ca\/fr\/wp-json\/wp\/v2\/pages\/5548","targetHints":{"allow":["GET"]}}],"collection":[{"href":"https:\/\/www.lymphoma.ca\/fr\/wp-json\/wp\/v2\/pages"}],"about":[{"href":"https:\/\/www.lymphoma.ca\/fr\/wp-json\/wp\/v2\/types\/page"}],"author":[{"embeddable":true,"href":"https:\/\/www.lymphoma.ca\/fr\/wp-json\/wp\/v2\/users\/27"}],"replies":[{"embeddable":true,"href":"https:\/\/www.lymphoma.ca\/fr\/wp-json\/wp\/v2\/comments?post=5548"}],"version-history":[{"count":1,"href":"https:\/\/www.lymphoma.ca\/fr\/wp-json\/wp\/v2\/pages\/5548\/revisions"}],"predecessor-version":[{"id":5549,"href":"https:\/\/www.lymphoma.ca\/fr\/wp-json\/wp\/v2\/pages\/5548\/revisions\/5549"}],"up":[{"embeddable":true,"href":"https:\/\/www.lymphoma.ca\/fr\/wp-json\/wp\/v2\/pages\/5546"}],"wp:attachment":[{"href":"https:\/\/www.lymphoma.ca\/fr\/wp-json\/wp\/v2\/media?parent=5548"}],"wp:term":[{"taxonomy":"category","embeddable":true,"href":"https:\/\/www.lymphoma.ca\/fr\/wp-json\/wp\/v2\/categories?post=5548"},{"taxonomy":"post_tag","embeddable":true,"href":"https:\/\/www.lymphoma.ca\/fr\/wp-json\/wp\/v2\/tags?post=5548"}],"curies":[{"name":"wp","href":"https:\/\/api.w.org\/{rel}","templated":true}]}}