{"id":5550,"date":"2020-03-04T16:16:01","date_gmt":"2020-03-04T16:16:01","guid":{"rendered":"https:\/\/www.lymphoma.ca\/?page_id=5550"},"modified":"2020-03-04T16:16:01","modified_gmt":"2020-03-04T16:16:01","slug":"difficultes-dapprentissage","status":"publish","type":"page","link":"https:\/\/www.lymphoma.ca\/fr\/vivre-apres\/mon-monde\/la-vie-de-letudiant\/retourner-a-lecole-ou-a-luniversite\/difficultes-dapprentissage\/","title":{"rendered":"Difficult\u00e9s d&rsquo;apprentissage"},"content":{"rendered":"<p>Certains \u00e9tudiants \u00e9prouvent des difficult\u00e9s d&rsquo;apprentissage temporaires ou \u00e0 long terme \u00e0 cause du lymphome ou de certains types de traitements contre le lymphome. Ces probl\u00e8mes peuvent comprendre des troubles de concentration, de compr\u00e9hension de lecture ou de m\u00e9moire.<\/p>\n<p>Si vous avez l&rsquo;impression que vous pr\u00e9sentez un ou plusieurs de ces troubles, vous pouvez informer vos professeurs que vous \u00eates atteint d&rsquo;un lymphome; certains sont parfois en mesure de vous aider de fa\u00e7on informelle. Par exemple, ils pourraient vous accorder plus de temps pour terminer vos projets ou vous fournir des copies de leurs notes de cours.<\/p>\n<p>Vous pouvez \u00e9galement demander de l&rsquo;aide aupr\u00e8s de votre \u00e9quipe de soins et obtenir des conseils sur la fa\u00e7on de composer avec ces probl\u00e8mes. Votre \u00e9quipe de soins au centre de sant\u00e9 sur le campus devrait \u00eatre en mesure de vous guider vers les services et les accommodements appropri\u00e9s pour votre situation. Vous pouvez vous renseigner sur la possibilit\u00e9 de prolonger la dur\u00e9e de vos examens, ainsi que sur la possibilit\u00e9 de b\u00e9n\u00e9ficier d&rsquo;un tutorat ou d&rsquo;autres services de soutien. Toutes les demandes formelles n\u00e9cessiteront probablement une attestation de votre invalidit\u00e9 m\u00e9dicale par un professionnel de la sant\u00e9.<\/p>\n<h4>Documentation de r\u00e9f\u00e9rence\u00a0:<\/h4>\n<p><a href=\"http:\/\/www.cancer.net\/navigating-cancer-care\/young-adults\/life-after-treatment\/returning-school-after-cancer\" target=\"_blank\" rel=\"noopener noreferrer\">Cancer.Net. Returning to School After Cancer.<br \/>\n<\/a>Consult\u00e9 le 9\u00a0juin 2014.<\/p>\n","protected":false},"excerpt":{"rendered":"<p>Certains \u00e9tudiants \u00e9prouvent des difficult\u00e9s d&rsquo;apprentissage temporaires ou \u00e0 long terme \u00e0 cause du lymphome ou de certains types de traitements contre le lymphome. Ces probl\u00e8mes peuvent comprendre des troubles&#8230;<\/p>\n","protected":false},"author":27,"featured_media":0,"parent":5548,"menu_order":0,"comment_status":"closed","ping_status":"closed","template":"page-sidebar.php","meta":{"_acf_changed":false,"footnotes":""},"categories":[],"tags":[],"class_list":["post-5550","page","type-page","status-publish"],"acf":[],"yoast_head":"<!-- This site is optimized with the Yoast SEO plugin v26.7 - https:\/\/yoast.com\/wordpress\/plugins\/seo\/ -->\n<title>Difficult\u00e9s d&#039;apprentissage - Lymphoma Canada<\/title>\n<meta name=\"robots\" content=\"index, follow, max-snippet:-1, max-image-preview:large, max-video-preview:-1\" \/>\n<link rel=\"canonical\" href=\"https:\/\/www.lymphoma.ca\/fr\/vivre-apres\/mon-monde\/la-vie-de-letudiant\/retourner-a-lecole-ou-a-luniversite\/difficultes-dapprentissage\/\" \/>\n<meta property=\"og:locale\" content=\"fr_FR\" \/>\n<meta property=\"og:type\" content=\"article\" \/>\n<meta property=\"og:title\" content=\"Difficult\u00e9s d&#039;apprentissage - Lymphoma Canada\" \/>\n<meta property=\"og:description\" content=\"Certains \u00e9tudiants \u00e9prouvent des difficult\u00e9s d&rsquo;apprentissage temporaires ou \u00e0 long terme \u00e0 cause du lymphome ou de certains types de traitements contre le lymphome. Ces probl\u00e8mes peuvent comprendre des troubles...\" \/>\n<meta property=\"og:url\" content=\"https:\/\/www.lymphoma.ca\/fr\/vivre-apres\/mon-monde\/la-vie-de-letudiant\/retourner-a-lecole-ou-a-luniversite\/difficultes-dapprentissage\/\" \/>\n<meta property=\"og:site_name\" content=\"Lymphoma Canada\" \/>\n<meta property=\"article:publisher\" content=\"https:\/\/www.facebook.com\/LymphomaCanada\" \/>\n<meta name=\"twitter:card\" content=\"summary_large_image\" \/>\n<meta name=\"twitter:site\" content=\"@lymphomacanada\" \/>\n<meta name=\"twitter:label1\" content=\"Dur\u00e9e de lecture estim\u00e9e\" \/>\n\t<meta name=\"twitter:data1\" content=\"1 minute\" \/>\n<script type=\"application\/ld+json\" class=\"yoast-schema-graph\">{\"@context\":\"https:\/\/schema.org\",\"@graph\":[{\"@type\":\"WebPage\",\"@id\":\"https:\/\/www.lymphoma.ca\/fr\/vivre-apres\/mon-monde\/la-vie-de-letudiant\/retourner-a-lecole-ou-a-luniversite\/difficultes-dapprentissage\/\",\"url\":\"https:\/\/www.lymphoma.ca\/fr\/vivre-apres\/mon-monde\/la-vie-de-letudiant\/retourner-a-lecole-ou-a-luniversite\/difficultes-dapprentissage\/\",\"name\":\"Difficult\u00e9s d'apprentissage - Lymphoma Canada\",\"isPartOf\":{\"@id\":\"https:\/\/www.lymphoma.ca\/fr\/#website\"},\"datePublished\":\"2020-03-04T16:16:01+00:00\",\"breadcrumb\":{\"@id\":\"https:\/\/www.lymphoma.ca\/fr\/vivre-apres\/mon-monde\/la-vie-de-letudiant\/retourner-a-lecole-ou-a-luniversite\/difficultes-dapprentissage\/#breadcrumb\"},\"inLanguage\":\"fr-FR\",\"potentialAction\":[{\"@type\":\"ReadAction\",\"target\":[\"https:\/\/www.lymphoma.ca\/fr\/vivre-apres\/mon-monde\/la-vie-de-letudiant\/retourner-a-lecole-ou-a-luniversite\/difficultes-dapprentissage\/\"]}]},{\"@type\":\"BreadcrumbList\",\"@id\":\"https:\/\/www.lymphoma.ca\/fr\/vivre-apres\/mon-monde\/la-vie-de-letudiant\/retourner-a-lecole-ou-a-luniversite\/difficultes-dapprentissage\/#breadcrumb\",\"itemListElement\":[{\"@type\":\"ListItem\",\"position\":1,\"name\":\"Home\",\"item\":\"https:\/\/www.lymphoma.ca\/fr\/\"},{\"@type\":\"ListItem\",\"position\":2,\"name\":\"Vivre apr\u00e8s le Lymphome\",\"item\":\"https:\/\/www.lymphoma.ca\/fr\/vivre-apres\/\"},{\"@type\":\"ListItem\",\"position\":3,\"name\":\"Mon monde &#8211; La nouvelle normalit\u00e9\",\"item\":\"https:\/\/www.lymphoma.ca\/fr\/vivre-apres\/mon-monde\/\"},{\"@type\":\"ListItem\",\"position\":4,\"name\":\"La vie de l&#8217;\u00e9tudiant\",\"item\":\"https:\/\/www.lymphoma.ca\/fr\/vivre-apres\/mon-monde\/la-vie-de-letudiant\/\"},{\"@type\":\"ListItem\",\"position\":5,\"name\":\"Retourner \u00e0 l&#8217;\u00e9cole ou \u00e0 l&#8217;universit\u00e9\",\"item\":\"https:\/\/www.lymphoma.ca\/fr\/vivre-apres\/mon-monde\/la-vie-de-letudiant\/retourner-a-lecole-ou-a-luniversite\/\"},{\"@type\":\"ListItem\",\"position\":6,\"name\":\"Difficult\u00e9s d&#8217;apprentissage\"}]},{\"@type\":\"WebSite\",\"@id\":\"https:\/\/www.lymphoma.ca\/fr\/#website\",\"url\":\"https:\/\/www.lymphoma.ca\/fr\/\",\"name\":\"Lymphoma Canada\",\"description\":\"Information. Help. Hope.\",\"publisher\":{\"@id\":\"https:\/\/www.lymphoma.ca\/fr\/#organization\"},\"potentialAction\":[{\"@type\":\"SearchAction\",\"target\":{\"@type\":\"EntryPoint\",\"urlTemplate\":\"https:\/\/www.lymphoma.ca\/fr\/?s={search_term_string}\"},\"query-input\":{\"@type\":\"PropertyValueSpecification\",\"valueRequired\":true,\"valueName\":\"search_term_string\"}}],\"inLanguage\":\"fr-FR\"},{\"@type\":\"Organization\",\"@id\":\"https:\/\/www.lymphoma.ca\/fr\/#organization\",\"name\":\"Lymphoma Canada\",\"url\":\"https:\/\/www.lymphoma.ca\/fr\/\",\"logo\":{\"@type\":\"ImageObject\",\"inLanguage\":\"fr-FR\",\"@id\":\"https:\/\/www.lymphoma.ca\/fr\/#\/schema\/logo\/image\/\",\"url\":\"https:\/\/www.lymphoma.ca\/wp-content\/uploads\/2023\/05\/logo-lymphoma.jpg\",\"contentUrl\":\"https:\/\/www.lymphoma.ca\/wp-content\/uploads\/2023\/05\/logo-lymphoma.jpg\",\"width\":343,\"height\":343,\"caption\":\"Lymphoma Canada\"},\"image\":{\"@id\":\"https:\/\/www.lymphoma.ca\/fr\/#\/schema\/logo\/image\/\"},\"sameAs\":[\"https:\/\/www.facebook.com\/LymphomaCanada\",\"https:\/\/x.com\/lymphomacanada\",\"https:\/\/www.linkedin.com\/company\/lymphoma-canada\/\",\"http:\/\/instagram.com\/lymphomacanada\",\"http:\/\/www.youtube.com\/user\/LymphomaTV\"]}]}<\/script>\n<!-- \/ Yoast SEO plugin. -->","yoast_head_json":{"title":"Difficult\u00e9s d'apprentissage - Lymphoma Canada","robots":{"index":"index","follow":"follow","max-snippet":"max-snippet:-1","max-image-preview":"max-image-preview:large","max-video-preview":"max-video-preview:-1"},"canonical":"https:\/\/www.lymphoma.ca\/fr\/vivre-apres\/mon-monde\/la-vie-de-letudiant\/retourner-a-lecole-ou-a-luniversite\/difficultes-dapprentissage\/","og_locale":"fr_FR","og_type":"article","og_title":"Difficult\u00e9s d'apprentissage - Lymphoma Canada","og_description":"Certains \u00e9tudiants \u00e9prouvent des difficult\u00e9s d&rsquo;apprentissage temporaires ou \u00e0 long terme \u00e0 cause du lymphome ou de certains types de traitements contre le lymphome. Ces probl\u00e8mes peuvent comprendre des troubles...","og_url":"https:\/\/www.lymphoma.ca\/fr\/vivre-apres\/mon-monde\/la-vie-de-letudiant\/retourner-a-lecole-ou-a-luniversite\/difficultes-dapprentissage\/","og_site_name":"Lymphoma Canada","article_publisher":"https:\/\/www.facebook.com\/LymphomaCanada","twitter_card":"summary_large_image","twitter_site":"@lymphomacanada","twitter_misc":{"Dur\u00e9e de lecture estim\u00e9e":"1 minute"},"schema":{"@context":"https:\/\/schema.org","@graph":[{"@type":"WebPage","@id":"https:\/\/www.lymphoma.ca\/fr\/vivre-apres\/mon-monde\/la-vie-de-letudiant\/retourner-a-lecole-ou-a-luniversite\/difficultes-dapprentissage\/","url":"https:\/\/www.lymphoma.ca\/fr\/vivre-apres\/mon-monde\/la-vie-de-letudiant\/retourner-a-lecole-ou-a-luniversite\/difficultes-dapprentissage\/","name":"Difficult\u00e9s d'apprentissage - Lymphoma Canada","isPartOf":{"@id":"https:\/\/www.lymphoma.ca\/fr\/#website"},"datePublished":"2020-03-04T16:16:01+00:00","breadcrumb":{"@id":"https:\/\/www.lymphoma.ca\/fr\/vivre-apres\/mon-monde\/la-vie-de-letudiant\/retourner-a-lecole-ou-a-luniversite\/difficultes-dapprentissage\/#breadcrumb"},"inLanguage":"fr-FR","potentialAction":[{"@type":"ReadAction","target":["https:\/\/www.lymphoma.ca\/fr\/vivre-apres\/mon-monde\/la-vie-de-letudiant\/retourner-a-lecole-ou-a-luniversite\/difficultes-dapprentissage\/"]}]},{"@type":"BreadcrumbList","@id":"https:\/\/www.lymphoma.ca\/fr\/vivre-apres\/mon-monde\/la-vie-de-letudiant\/retourner-a-lecole-ou-a-luniversite\/difficultes-dapprentissage\/#breadcrumb","itemListElement":[{"@type":"ListItem","position":1,"name":"Home","item":"https:\/\/www.lymphoma.ca\/fr\/"},{"@type":"ListItem","position":2,"name":"Vivre apr\u00e8s le Lymphome","item":"https:\/\/www.lymphoma.ca\/fr\/vivre-apres\/"},{"@type":"ListItem","position":3,"name":"Mon monde &#8211; La nouvelle normalit\u00e9","item":"https:\/\/www.lymphoma.ca\/fr\/vivre-apres\/mon-monde\/"},{"@type":"ListItem","position":4,"name":"La vie de l&#8217;\u00e9tudiant","item":"https:\/\/www.lymphoma.ca\/fr\/vivre-apres\/mon-monde\/la-vie-de-letudiant\/"},{"@type":"ListItem","position":5,"name":"Retourner \u00e0 l&#8217;\u00e9cole ou \u00e0 l&#8217;universit\u00e9","item":"https:\/\/www.lymphoma.ca\/fr\/vivre-apres\/mon-monde\/la-vie-de-letudiant\/retourner-a-lecole-ou-a-luniversite\/"},{"@type":"ListItem","position":6,"name":"Difficult\u00e9s d&#8217;apprentissage"}]},{"@type":"WebSite","@id":"https:\/\/www.lymphoma.ca\/fr\/#website","url":"https:\/\/www.lymphoma.ca\/fr\/","name":"Lymphoma Canada","description":"Information. Help. Hope.","publisher":{"@id":"https:\/\/www.lymphoma.ca\/fr\/#organization"},"potentialAction":[{"@type":"SearchAction","target":{"@type":"EntryPoint","urlTemplate":"https:\/\/www.lymphoma.ca\/fr\/?s={search_term_string}"},"query-input":{"@type":"PropertyValueSpecification","valueRequired":true,"valueName":"search_term_string"}}],"inLanguage":"fr-FR"},{"@type":"Organization","@id":"https:\/\/www.lymphoma.ca\/fr\/#organization","name":"Lymphoma Canada","url":"https:\/\/www.lymphoma.ca\/fr\/","logo":{"@type":"ImageObject","inLanguage":"fr-FR","@id":"https:\/\/www.lymphoma.ca\/fr\/#\/schema\/logo\/image\/","url":"https:\/\/www.lymphoma.ca\/wp-content\/uploads\/2023\/05\/logo-lymphoma.jpg","contentUrl":"https:\/\/www.lymphoma.ca\/wp-content\/uploads\/2023\/05\/logo-lymphoma.jpg","width":343,"height":343,"caption":"Lymphoma Canada"},"image":{"@id":"https:\/\/www.lymphoma.ca\/fr\/#\/schema\/logo\/image\/"},"sameAs":["https:\/\/www.facebook.com\/LymphomaCanada","https:\/\/x.com\/lymphomacanada","https:\/\/www.linkedin.com\/company\/lymphoma-canada\/","http:\/\/instagram.com\/lymphomacanada","http:\/\/www.youtube.com\/user\/LymphomaTV"]}]}},"_links":{"self":[{"href":"https:\/\/www.lymphoma.ca\/fr\/wp-json\/wp\/v2\/pages\/5550","targetHints":{"allow":["GET"]}}],"collection":[{"href":"https:\/\/www.lymphoma.ca\/fr\/wp-json\/wp\/v2\/pages"}],"about":[{"href":"https:\/\/www.lymphoma.ca\/fr\/wp-json\/wp\/v2\/types\/page"}],"author":[{"embeddable":true,"href":"https:\/\/www.lymphoma.ca\/fr\/wp-json\/wp\/v2\/users\/27"}],"replies":[{"embeddable":true,"href":"https:\/\/www.lymphoma.ca\/fr\/wp-json\/wp\/v2\/comments?post=5550"}],"version-history":[{"count":1,"href":"https:\/\/www.lymphoma.ca\/fr\/wp-json\/wp\/v2\/pages\/5550\/revisions"}],"predecessor-version":[{"id":5551,"href":"https:\/\/www.lymphoma.ca\/fr\/wp-json\/wp\/v2\/pages\/5550\/revisions\/5551"}],"up":[{"embeddable":true,"href":"https:\/\/www.lymphoma.ca\/fr\/wp-json\/wp\/v2\/pages\/5548"}],"wp:attachment":[{"href":"https:\/\/www.lymphoma.ca\/fr\/wp-json\/wp\/v2\/media?parent=5550"}],"wp:term":[{"taxonomy":"category","embeddable":true,"href":"https:\/\/www.lymphoma.ca\/fr\/wp-json\/wp\/v2\/categories?post=5550"},{"taxonomy":"post_tag","embeddable":true,"href":"https:\/\/www.lymphoma.ca\/fr\/wp-json\/wp\/v2\/tags?post=5550"}],"curies":[{"name":"wp","href":"https:\/\/api.w.org\/{rel}","templated":true}]}}