{"id":5558,"date":"2020-03-04T16:22:31","date_gmt":"2020-03-04T16:22:31","guid":{"rendered":"https:\/\/www.lymphoma.ca\/?page_id=5558"},"modified":"2020-03-04T16:22:31","modified_gmt":"2020-03-04T16:22:31","slug":"difficultes-dapprentissage-chez-les-enfants","status":"publish","type":"page","link":"https:\/\/www.lymphoma.ca\/fr\/vivre-apres\/mon-monde\/la-vie-de-letudiant\/retour-a-lecole-des-enfants\/difficultes-dapprentissage-chez-les-enfants\/","title":{"rendered":"Difficult\u00e9s d&rsquo;apprentissage chez les enfants"},"content":{"rendered":"<p>Certains enfants \u00e9prouvent parfois des difficult\u00e9s d&rsquo;apprentissage temporaires ou \u00e0 long terme dues au lymphome ou \u00e0 certains types de traitements contre le lymphome. Ces probl\u00e8mes peuvent comprendre des troubles de concentration, de compr\u00e9hension de lecture ou de m\u00e9moire.<\/p>\n<p>Si vous trouvez que votre enfant pr\u00e9sente certains de ces probl\u00e8mes, assurez-vous de demander de l&rsquo;aide. Faites appel \u00e0 leurs professeurs et aux conseillers en orientation afin de l&rsquo;aider \u00e0 s&rsquo;adapter. V\u00e9rifiez si les professeurs sont pr\u00eats \u00e0 accorder plus de temps \u00e0 votre enfant pour terminer ses examens ou \u00e0 le laisser utiliser un ordinateur pour prendre des notes ou enregistrer les expos\u00e9s et discussions des cours.<\/p>\n<h4>Documentation de r\u00e9f\u00e9rence\u00a0:<\/h4>\n<p><a href=\"http:\/\/www.cancer.ca\/fr-ca\/cancer-information\/cancer-type\/childhood-cancer-information\/supportive-care\/psychosocial-aspects\/school-issues\/after-treatment-returning-to-school\/?region=qc\" target=\"_blank\" rel=\"noopener noreferrer\">Soci\u00e9t\u00e9 canadienne du cancer. Questions d&rsquo;\u00e9cole apr\u00e8s le traitement et lors du retour en classe.<br \/>\n<\/a>Consult\u00e9 le 9\u00a0juin 2014.<\/p>\n<p><a href=\"http:\/\/www.cancer.net\/navigating-cancer-care\/young-adults\/life-after-treatment\/returning-school-after-cancer\" target=\"_blank\" rel=\"noopener noreferrer\">Cancer.Net. Returning to School After Cancer.<br \/>\n<\/a>Consult\u00e9 le 9\u00a0juin 2014.<\/p>\n","protected":false},"excerpt":{"rendered":"<p>Certains enfants \u00e9prouvent parfois des difficult\u00e9s d&rsquo;apprentissage temporaires ou \u00e0 long terme dues au lymphome ou \u00e0 certains types de traitements contre le lymphome. Ces probl\u00e8mes peuvent comprendre des troubles&#8230;<\/p>\n","protected":false},"author":27,"featured_media":0,"parent":5556,"menu_order":0,"comment_status":"closed","ping_status":"closed","template":"page-sidebar.php","meta":{"_acf_changed":false,"footnotes":""},"categories":[],"tags":[],"class_list":["post-5558","page","type-page","status-publish"],"acf":[],"yoast_head":"<!-- This site is optimized with the Yoast SEO plugin v26.7 - https:\/\/yoast.com\/wordpress\/plugins\/seo\/ -->\n<title>Difficult\u00e9s d&#039;apprentissage chez les enfants - Lymphoma Canada<\/title>\n<meta name=\"robots\" content=\"index, follow, max-snippet:-1, max-image-preview:large, max-video-preview:-1\" \/>\n<link rel=\"canonical\" href=\"https:\/\/www.lymphoma.ca\/fr\/vivre-apres\/mon-monde\/la-vie-de-letudiant\/retour-a-lecole-des-enfants\/difficultes-dapprentissage-chez-les-enfants\/\" \/>\n<meta property=\"og:locale\" content=\"fr_FR\" \/>\n<meta property=\"og:type\" content=\"article\" \/>\n<meta property=\"og:title\" content=\"Difficult\u00e9s d&#039;apprentissage chez les enfants - Lymphoma Canada\" \/>\n<meta property=\"og:description\" content=\"Certains enfants \u00e9prouvent parfois des difficult\u00e9s d&rsquo;apprentissage temporaires ou \u00e0 long terme dues au lymphome ou \u00e0 certains types de traitements contre le lymphome. Ces probl\u00e8mes peuvent comprendre des troubles...\" \/>\n<meta property=\"og:url\" content=\"https:\/\/www.lymphoma.ca\/fr\/vivre-apres\/mon-monde\/la-vie-de-letudiant\/retour-a-lecole-des-enfants\/difficultes-dapprentissage-chez-les-enfants\/\" \/>\n<meta property=\"og:site_name\" content=\"Lymphoma Canada\" \/>\n<meta property=\"article:publisher\" content=\"https:\/\/www.facebook.com\/LymphomaCanada\" \/>\n<meta name=\"twitter:card\" content=\"summary_large_image\" \/>\n<meta name=\"twitter:site\" content=\"@lymphomacanada\" \/>\n<meta name=\"twitter:label1\" content=\"Dur\u00e9e de lecture estim\u00e9e\" \/>\n\t<meta name=\"twitter:data1\" content=\"1 minute\" \/>\n<script type=\"application\/ld+json\" class=\"yoast-schema-graph\">{\"@context\":\"https:\/\/schema.org\",\"@graph\":[{\"@type\":\"WebPage\",\"@id\":\"https:\/\/www.lymphoma.ca\/fr\/vivre-apres\/mon-monde\/la-vie-de-letudiant\/retour-a-lecole-des-enfants\/difficultes-dapprentissage-chez-les-enfants\/\",\"url\":\"https:\/\/www.lymphoma.ca\/fr\/vivre-apres\/mon-monde\/la-vie-de-letudiant\/retour-a-lecole-des-enfants\/difficultes-dapprentissage-chez-les-enfants\/\",\"name\":\"Difficult\u00e9s d'apprentissage chez les enfants - Lymphoma Canada\",\"isPartOf\":{\"@id\":\"https:\/\/www.lymphoma.ca\/fr\/#website\"},\"datePublished\":\"2020-03-04T16:22:31+00:00\",\"breadcrumb\":{\"@id\":\"https:\/\/www.lymphoma.ca\/fr\/vivre-apres\/mon-monde\/la-vie-de-letudiant\/retour-a-lecole-des-enfants\/difficultes-dapprentissage-chez-les-enfants\/#breadcrumb\"},\"inLanguage\":\"fr-FR\",\"potentialAction\":[{\"@type\":\"ReadAction\",\"target\":[\"https:\/\/www.lymphoma.ca\/fr\/vivre-apres\/mon-monde\/la-vie-de-letudiant\/retour-a-lecole-des-enfants\/difficultes-dapprentissage-chez-les-enfants\/\"]}]},{\"@type\":\"BreadcrumbList\",\"@id\":\"https:\/\/www.lymphoma.ca\/fr\/vivre-apres\/mon-monde\/la-vie-de-letudiant\/retour-a-lecole-des-enfants\/difficultes-dapprentissage-chez-les-enfants\/#breadcrumb\",\"itemListElement\":[{\"@type\":\"ListItem\",\"position\":1,\"name\":\"Home\",\"item\":\"https:\/\/www.lymphoma.ca\/fr\/\"},{\"@type\":\"ListItem\",\"position\":2,\"name\":\"Vivre apr\u00e8s le Lymphome\",\"item\":\"https:\/\/www.lymphoma.ca\/fr\/vivre-apres\/\"},{\"@type\":\"ListItem\",\"position\":3,\"name\":\"Mon monde &#8211; La nouvelle normalit\u00e9\",\"item\":\"https:\/\/www.lymphoma.ca\/fr\/vivre-apres\/mon-monde\/\"},{\"@type\":\"ListItem\",\"position\":4,\"name\":\"La vie de l&#8217;\u00e9tudiant\",\"item\":\"https:\/\/www.lymphoma.ca\/fr\/vivre-apres\/mon-monde\/la-vie-de-letudiant\/\"},{\"@type\":\"ListItem\",\"position\":5,\"name\":\"Retour \u00e0 l&#8217;\u00e9cole des enfants\",\"item\":\"https:\/\/www.lymphoma.ca\/fr\/vivre-apres\/mon-monde\/la-vie-de-letudiant\/retour-a-lecole-des-enfants\/\"},{\"@type\":\"ListItem\",\"position\":6,\"name\":\"Difficult\u00e9s d&#8217;apprentissage chez les enfants\"}]},{\"@type\":\"WebSite\",\"@id\":\"https:\/\/www.lymphoma.ca\/fr\/#website\",\"url\":\"https:\/\/www.lymphoma.ca\/fr\/\",\"name\":\"Lymphoma Canada\",\"description\":\"Information. Help. Hope.\",\"publisher\":{\"@id\":\"https:\/\/www.lymphoma.ca\/fr\/#organization\"},\"potentialAction\":[{\"@type\":\"SearchAction\",\"target\":{\"@type\":\"EntryPoint\",\"urlTemplate\":\"https:\/\/www.lymphoma.ca\/fr\/?s={search_term_string}\"},\"query-input\":{\"@type\":\"PropertyValueSpecification\",\"valueRequired\":true,\"valueName\":\"search_term_string\"}}],\"inLanguage\":\"fr-FR\"},{\"@type\":\"Organization\",\"@id\":\"https:\/\/www.lymphoma.ca\/fr\/#organization\",\"name\":\"Lymphoma Canada\",\"url\":\"https:\/\/www.lymphoma.ca\/fr\/\",\"logo\":{\"@type\":\"ImageObject\",\"inLanguage\":\"fr-FR\",\"@id\":\"https:\/\/www.lymphoma.ca\/fr\/#\/schema\/logo\/image\/\",\"url\":\"https:\/\/www.lymphoma.ca\/wp-content\/uploads\/2023\/05\/logo-lymphoma.jpg\",\"contentUrl\":\"https:\/\/www.lymphoma.ca\/wp-content\/uploads\/2023\/05\/logo-lymphoma.jpg\",\"width\":343,\"height\":343,\"caption\":\"Lymphoma Canada\"},\"image\":{\"@id\":\"https:\/\/www.lymphoma.ca\/fr\/#\/schema\/logo\/image\/\"},\"sameAs\":[\"https:\/\/www.facebook.com\/LymphomaCanada\",\"https:\/\/x.com\/lymphomacanada\",\"https:\/\/www.linkedin.com\/company\/lymphoma-canada\/\",\"http:\/\/instagram.com\/lymphomacanada\",\"http:\/\/www.youtube.com\/user\/LymphomaTV\"]}]}<\/script>\n<!-- \/ Yoast SEO plugin. -->","yoast_head_json":{"title":"Difficult\u00e9s d'apprentissage chez les enfants - Lymphoma Canada","robots":{"index":"index","follow":"follow","max-snippet":"max-snippet:-1","max-image-preview":"max-image-preview:large","max-video-preview":"max-video-preview:-1"},"canonical":"https:\/\/www.lymphoma.ca\/fr\/vivre-apres\/mon-monde\/la-vie-de-letudiant\/retour-a-lecole-des-enfants\/difficultes-dapprentissage-chez-les-enfants\/","og_locale":"fr_FR","og_type":"article","og_title":"Difficult\u00e9s d'apprentissage chez les enfants - Lymphoma Canada","og_description":"Certains enfants \u00e9prouvent parfois des difficult\u00e9s d&rsquo;apprentissage temporaires ou \u00e0 long terme dues au lymphome ou \u00e0 certains types de traitements contre le lymphome. Ces probl\u00e8mes peuvent comprendre des troubles...","og_url":"https:\/\/www.lymphoma.ca\/fr\/vivre-apres\/mon-monde\/la-vie-de-letudiant\/retour-a-lecole-des-enfants\/difficultes-dapprentissage-chez-les-enfants\/","og_site_name":"Lymphoma Canada","article_publisher":"https:\/\/www.facebook.com\/LymphomaCanada","twitter_card":"summary_large_image","twitter_site":"@lymphomacanada","twitter_misc":{"Dur\u00e9e de lecture estim\u00e9e":"1 minute"},"schema":{"@context":"https:\/\/schema.org","@graph":[{"@type":"WebPage","@id":"https:\/\/www.lymphoma.ca\/fr\/vivre-apres\/mon-monde\/la-vie-de-letudiant\/retour-a-lecole-des-enfants\/difficultes-dapprentissage-chez-les-enfants\/","url":"https:\/\/www.lymphoma.ca\/fr\/vivre-apres\/mon-monde\/la-vie-de-letudiant\/retour-a-lecole-des-enfants\/difficultes-dapprentissage-chez-les-enfants\/","name":"Difficult\u00e9s d'apprentissage chez les enfants - Lymphoma Canada","isPartOf":{"@id":"https:\/\/www.lymphoma.ca\/fr\/#website"},"datePublished":"2020-03-04T16:22:31+00:00","breadcrumb":{"@id":"https:\/\/www.lymphoma.ca\/fr\/vivre-apres\/mon-monde\/la-vie-de-letudiant\/retour-a-lecole-des-enfants\/difficultes-dapprentissage-chez-les-enfants\/#breadcrumb"},"inLanguage":"fr-FR","potentialAction":[{"@type":"ReadAction","target":["https:\/\/www.lymphoma.ca\/fr\/vivre-apres\/mon-monde\/la-vie-de-letudiant\/retour-a-lecole-des-enfants\/difficultes-dapprentissage-chez-les-enfants\/"]}]},{"@type":"BreadcrumbList","@id":"https:\/\/www.lymphoma.ca\/fr\/vivre-apres\/mon-monde\/la-vie-de-letudiant\/retour-a-lecole-des-enfants\/difficultes-dapprentissage-chez-les-enfants\/#breadcrumb","itemListElement":[{"@type":"ListItem","position":1,"name":"Home","item":"https:\/\/www.lymphoma.ca\/fr\/"},{"@type":"ListItem","position":2,"name":"Vivre apr\u00e8s le Lymphome","item":"https:\/\/www.lymphoma.ca\/fr\/vivre-apres\/"},{"@type":"ListItem","position":3,"name":"Mon monde &#8211; La nouvelle normalit\u00e9","item":"https:\/\/www.lymphoma.ca\/fr\/vivre-apres\/mon-monde\/"},{"@type":"ListItem","position":4,"name":"La vie de l&#8217;\u00e9tudiant","item":"https:\/\/www.lymphoma.ca\/fr\/vivre-apres\/mon-monde\/la-vie-de-letudiant\/"},{"@type":"ListItem","position":5,"name":"Retour \u00e0 l&#8217;\u00e9cole des enfants","item":"https:\/\/www.lymphoma.ca\/fr\/vivre-apres\/mon-monde\/la-vie-de-letudiant\/retour-a-lecole-des-enfants\/"},{"@type":"ListItem","position":6,"name":"Difficult\u00e9s d&#8217;apprentissage chez les enfants"}]},{"@type":"WebSite","@id":"https:\/\/www.lymphoma.ca\/fr\/#website","url":"https:\/\/www.lymphoma.ca\/fr\/","name":"Lymphoma Canada","description":"Information. Help. Hope.","publisher":{"@id":"https:\/\/www.lymphoma.ca\/fr\/#organization"},"potentialAction":[{"@type":"SearchAction","target":{"@type":"EntryPoint","urlTemplate":"https:\/\/www.lymphoma.ca\/fr\/?s={search_term_string}"},"query-input":{"@type":"PropertyValueSpecification","valueRequired":true,"valueName":"search_term_string"}}],"inLanguage":"fr-FR"},{"@type":"Organization","@id":"https:\/\/www.lymphoma.ca\/fr\/#organization","name":"Lymphoma Canada","url":"https:\/\/www.lymphoma.ca\/fr\/","logo":{"@type":"ImageObject","inLanguage":"fr-FR","@id":"https:\/\/www.lymphoma.ca\/fr\/#\/schema\/logo\/image\/","url":"https:\/\/www.lymphoma.ca\/wp-content\/uploads\/2023\/05\/logo-lymphoma.jpg","contentUrl":"https:\/\/www.lymphoma.ca\/wp-content\/uploads\/2023\/05\/logo-lymphoma.jpg","width":343,"height":343,"caption":"Lymphoma Canada"},"image":{"@id":"https:\/\/www.lymphoma.ca\/fr\/#\/schema\/logo\/image\/"},"sameAs":["https:\/\/www.facebook.com\/LymphomaCanada","https:\/\/x.com\/lymphomacanada","https:\/\/www.linkedin.com\/company\/lymphoma-canada\/","http:\/\/instagram.com\/lymphomacanada","http:\/\/www.youtube.com\/user\/LymphomaTV"]}]}},"_links":{"self":[{"href":"https:\/\/www.lymphoma.ca\/fr\/wp-json\/wp\/v2\/pages\/5558","targetHints":{"allow":["GET"]}}],"collection":[{"href":"https:\/\/www.lymphoma.ca\/fr\/wp-json\/wp\/v2\/pages"}],"about":[{"href":"https:\/\/www.lymphoma.ca\/fr\/wp-json\/wp\/v2\/types\/page"}],"author":[{"embeddable":true,"href":"https:\/\/www.lymphoma.ca\/fr\/wp-json\/wp\/v2\/users\/27"}],"replies":[{"embeddable":true,"href":"https:\/\/www.lymphoma.ca\/fr\/wp-json\/wp\/v2\/comments?post=5558"}],"version-history":[{"count":1,"href":"https:\/\/www.lymphoma.ca\/fr\/wp-json\/wp\/v2\/pages\/5558\/revisions"}],"predecessor-version":[{"id":5559,"href":"https:\/\/www.lymphoma.ca\/fr\/wp-json\/wp\/v2\/pages\/5558\/revisions\/5559"}],"up":[{"embeddable":true,"href":"https:\/\/www.lymphoma.ca\/fr\/wp-json\/wp\/v2\/pages\/5556"}],"wp:attachment":[{"href":"https:\/\/www.lymphoma.ca\/fr\/wp-json\/wp\/v2\/media?parent=5558"}],"wp:term":[{"taxonomy":"category","embeddable":true,"href":"https:\/\/www.lymphoma.ca\/fr\/wp-json\/wp\/v2\/categories?post=5558"},{"taxonomy":"post_tag","embeddable":true,"href":"https:\/\/www.lymphoma.ca\/fr\/wp-json\/wp\/v2\/tags?post=5558"}],"curies":[{"name":"wp","href":"https:\/\/api.w.org\/{rel}","templated":true}]}}