{"id":614,"date":"2016-05-11T20:25:21","date_gmt":"2016-05-11T20:25:21","guid":{"rendered":"https:\/\/www.lymphoma.ca\/?page_id=614"},"modified":"2016-05-11T20:25:21","modified_gmt":"2016-05-11T20:25:21","slug":"tous-a-vos-tapis-montreal","status":"publish","type":"page","link":"https:\/\/www.lymphoma.ca\/fr\/tous-a-vos-tapis-montreal\/","title":{"rendered":"tous \u00e0 vos tapis &#8211; Montreal"},"content":{"rendered":"<h2 style=\"text-align: left;\" align=\"center\"><strong><em>tous \u00e0 vos tapis, <br \/>la r\u00e9volution du yoga et de la m\u00e9ditation<\/em><\/strong>&nbsp;<\/h2>\n<p><img loading=\"lazy\" decoding=\"async\" class=\" size-full wp-image-611\" src=\"https:\/\/www.lymphoma.ca\/wp-content\/uploads\/2016\/05\/3_0.png\" width=\"500\" height=\"400\" class=\"alignleft\" srcset=\"https:\/\/www.lymphoma.ca\/wp-content\/uploads\/2016\/05\/3_0.png 945w, https:\/\/www.lymphoma.ca\/wp-content\/uploads\/2016\/05\/3_0-300x240.png 300w, https:\/\/www.lymphoma.ca\/wp-content\/uploads\/2016\/05\/3_0-768x614.png 768w\" sizes=\"auto, (max-width: 500px) 100vw, 500px\" \/><\/p>\n<h3>&nbsp;<br \/><strong>Restez \u00e0 l&rsquo;\u00e9coute pour rejoindre la prochaine r\u00e9volution!<\/strong><\/h3>\n<p style=\"font-size: 15px; text-align: left;\"><em>Bas\u00e9 sur des promesses de don, l\u2019\u00e9v\u00e9nement-b\u00e9n\u00e9fice, <\/em><strong><em>tous \u00e0 vos tapis, la r\u00e9volution du yoga et de la m\u00e9ditation,<\/em><\/strong><em>&nbsp;est la seule collecte de fonds du genre au Canada. Cet \u00e9v\u00e9nement englobe les bienfaits du yoga, de la m\u00e9ditation et d\u2019un mode de vie sain ax\u00e9 sur le bonheur. Les participants auront l\u2019occasion d\u2019intensifier leur relation entre le corps et l\u2019esprit tout en soutenant les personnes touch\u00e9es par le lymphome. Formant un super groupe, les participants se r\u00e9uniront pour am\u00e9liorer leur bien-\u00eatre dans le cadre de cet \u00e9v\u00e9nement significatif et inspirant.<\/em><\/p>\n<p style=\"font-size: 15px;\">Durant cette journ\u00e9e o\u00f9 tout est compris, les participants partageront un d\u00e9jeuner et un lunch sant\u00e9, parleront \u00e0 des sp\u00e9cialistes et pourront participer soit \u00e0 une s\u00e9ance de yoga de 108 minutes soit \u00e0 un atelier de m\u00e9ditation con\u00e7u pour les adeptes de tous les niveaux.<\/p>\n","protected":false},"excerpt":{"rendered":"<p>tous \u00e0 vos tapis, la r\u00e9volution du yoga et de la m\u00e9ditation&nbsp; &nbsp;Restez \u00e0 l&rsquo;\u00e9coute pour rejoindre la prochaine r\u00e9volution! Bas\u00e9 sur des promesses de don, l\u2019\u00e9v\u00e9nement-b\u00e9n\u00e9fice, tous \u00e0 vos&#8230;<\/p>\n","protected":false},"author":6,"featured_media":611,"parent":0,"menu_order":108,"comment_status":"closed","ping_status":"closed","template":"","meta":{"_acf_changed":false,"footnotes":""},"categories":[],"tags":[],"class_list":["post-614","page","type-page","status-publish","has-post-thumbnail"],"acf":[],"yoast_head":"<!-- This site is optimized with the Yoast SEO plugin v26.7 - https:\/\/yoast.com\/wordpress\/plugins\/seo\/ -->\n<title>tous \u00e0 vos tapis - Montreal - Lymphoma Canada<\/title>\n<meta name=\"robots\" content=\"index, follow, max-snippet:-1, max-image-preview:large, max-video-preview:-1\" \/>\n<link rel=\"canonical\" href=\"https:\/\/www.lymphoma.ca\/take-it-to-the-mat-montreal\/\" \/>\n<meta property=\"og:locale\" content=\"fr_FR\" \/>\n<meta property=\"og:type\" content=\"article\" \/>\n<meta property=\"og:title\" content=\"tous \u00e0 vos tapis - Montreal - Lymphoma Canada\" \/>\n<meta property=\"og:description\" content=\"tous \u00e0 vos tapis, la r\u00e9volution du yoga et de la m\u00e9ditation&nbsp; &nbsp;Restez \u00e0 l&rsquo;\u00e9coute pour rejoindre la prochaine r\u00e9volution! Bas\u00e9 sur des promesses de don, l\u2019\u00e9v\u00e9nement-b\u00e9n\u00e9fice, tous \u00e0 vos...\" \/>\n<meta property=\"og:url\" content=\"https:\/\/www.lymphoma.ca\/take-it-to-the-mat-montreal\/\" \/>\n<meta property=\"og:site_name\" content=\"Lymphoma Canada\" \/>\n<meta property=\"article:publisher\" content=\"https:\/\/www.facebook.com\/LymphomaCanada\" \/>\n<meta property=\"og:image\" content=\"https:\/\/www.lymphoma.ca\/wp-content\/uploads\/2016\/05\/3_0.png\" \/>\n\t<meta property=\"og:image:width\" content=\"945\" \/>\n\t<meta property=\"og:image:height\" content=\"756\" \/>\n\t<meta property=\"og:image:type\" content=\"image\/png\" \/>\n<meta name=\"twitter:card\" content=\"summary_large_image\" \/>\n<meta name=\"twitter:site\" content=\"@lymphomacanada\" \/>\n<meta name=\"twitter:label1\" content=\"Dur\u00e9e de lecture estim\u00e9e\" \/>\n\t<meta name=\"twitter:data1\" content=\"1 minute\" \/>\n<script type=\"application\/ld+json\" class=\"yoast-schema-graph\">{\"@context\":\"https:\/\/schema.org\",\"@graph\":[{\"@type\":\"WebPage\",\"@id\":\"https:\/\/www.lymphoma.ca\/take-it-to-the-mat-montreal\/\",\"url\":\"https:\/\/www.lymphoma.ca\/take-it-to-the-mat-montreal\/\",\"name\":\"tous \u00e0 vos tapis - Montreal - Lymphoma Canada\",\"isPartOf\":{\"@id\":\"https:\/\/www.lymphoma.ca\/fr\/#website\"},\"primaryImageOfPage\":{\"@id\":\"https:\/\/www.lymphoma.ca\/take-it-to-the-mat-montreal\/#primaryimage\"},\"image\":{\"@id\":\"https:\/\/www.lymphoma.ca\/take-it-to-the-mat-montreal\/#primaryimage\"},\"thumbnailUrl\":\"https:\/\/www.lymphoma.ca\/wp-content\/uploads\/2016\/05\/3_0.png\",\"datePublished\":\"2016-05-11T20:25:21+00:00\",\"breadcrumb\":{\"@id\":\"https:\/\/www.lymphoma.ca\/take-it-to-the-mat-montreal\/#breadcrumb\"},\"inLanguage\":\"fr-FR\",\"potentialAction\":[{\"@type\":\"ReadAction\",\"target\":[\"https:\/\/www.lymphoma.ca\/take-it-to-the-mat-montreal\/\"]}]},{\"@type\":\"ImageObject\",\"inLanguage\":\"fr-FR\",\"@id\":\"https:\/\/www.lymphoma.ca\/take-it-to-the-mat-montreal\/#primaryimage\",\"url\":\"https:\/\/www.lymphoma.ca\/wp-content\/uploads\/2016\/05\/3_0.png\",\"contentUrl\":\"https:\/\/www.lymphoma.ca\/wp-content\/uploads\/2016\/05\/3_0.png\",\"width\":945,\"height\":756},{\"@type\":\"BreadcrumbList\",\"@id\":\"https:\/\/www.lymphoma.ca\/take-it-to-the-mat-montreal\/#breadcrumb\",\"itemListElement\":[{\"@type\":\"ListItem\",\"position\":1,\"name\":\"Home\",\"item\":\"https:\/\/www.lymphoma.ca\/fr\/\"},{\"@type\":\"ListItem\",\"position\":2,\"name\":\"tous \u00e0 vos tapis &#8211; Montreal\"}]},{\"@type\":\"WebSite\",\"@id\":\"https:\/\/www.lymphoma.ca\/fr\/#website\",\"url\":\"https:\/\/www.lymphoma.ca\/fr\/\",\"name\":\"Lymphoma Canada\",\"description\":\"Information. Help. Hope.\",\"publisher\":{\"@id\":\"https:\/\/www.lymphoma.ca\/fr\/#organization\"},\"potentialAction\":[{\"@type\":\"SearchAction\",\"target\":{\"@type\":\"EntryPoint\",\"urlTemplate\":\"https:\/\/www.lymphoma.ca\/fr\/?s={search_term_string}\"},\"query-input\":{\"@type\":\"PropertyValueSpecification\",\"valueRequired\":true,\"valueName\":\"search_term_string\"}}],\"inLanguage\":\"fr-FR\"},{\"@type\":\"Organization\",\"@id\":\"https:\/\/www.lymphoma.ca\/fr\/#organization\",\"name\":\"Lymphoma Canada\",\"url\":\"https:\/\/www.lymphoma.ca\/fr\/\",\"logo\":{\"@type\":\"ImageObject\",\"inLanguage\":\"fr-FR\",\"@id\":\"https:\/\/www.lymphoma.ca\/fr\/#\/schema\/logo\/image\/\",\"url\":\"https:\/\/www.lymphoma.ca\/wp-content\/uploads\/2023\/05\/logo-lymphoma.jpg\",\"contentUrl\":\"https:\/\/www.lymphoma.ca\/wp-content\/uploads\/2023\/05\/logo-lymphoma.jpg\",\"width\":343,\"height\":343,\"caption\":\"Lymphoma Canada\"},\"image\":{\"@id\":\"https:\/\/www.lymphoma.ca\/fr\/#\/schema\/logo\/image\/\"},\"sameAs\":[\"https:\/\/www.facebook.com\/LymphomaCanada\",\"https:\/\/x.com\/lymphomacanada\",\"https:\/\/www.linkedin.com\/company\/lymphoma-canada\/\",\"http:\/\/instagram.com\/lymphomacanada\",\"http:\/\/www.youtube.com\/user\/LymphomaTV\"]}]}<\/script>\n<!-- \/ Yoast SEO plugin. -->","yoast_head_json":{"title":"tous \u00e0 vos tapis - Montreal - Lymphoma Canada","robots":{"index":"index","follow":"follow","max-snippet":"max-snippet:-1","max-image-preview":"max-image-preview:large","max-video-preview":"max-video-preview:-1"},"canonical":"https:\/\/www.lymphoma.ca\/take-it-to-the-mat-montreal\/","og_locale":"fr_FR","og_type":"article","og_title":"tous \u00e0 vos tapis - Montreal - Lymphoma Canada","og_description":"tous \u00e0 vos tapis, la r\u00e9volution du yoga et de la m\u00e9ditation&nbsp; &nbsp;Restez \u00e0 l&rsquo;\u00e9coute pour rejoindre la prochaine r\u00e9volution! Bas\u00e9 sur des promesses de don, l\u2019\u00e9v\u00e9nement-b\u00e9n\u00e9fice, tous \u00e0 vos...","og_url":"https:\/\/www.lymphoma.ca\/take-it-to-the-mat-montreal\/","og_site_name":"Lymphoma Canada","article_publisher":"https:\/\/www.facebook.com\/LymphomaCanada","og_image":[{"width":945,"height":756,"url":"https:\/\/www.lymphoma.ca\/wp-content\/uploads\/2016\/05\/3_0.png","type":"image\/png"}],"twitter_card":"summary_large_image","twitter_site":"@lymphomacanada","twitter_misc":{"Dur\u00e9e de lecture estim\u00e9e":"1 minute"},"schema":{"@context":"https:\/\/schema.org","@graph":[{"@type":"WebPage","@id":"https:\/\/www.lymphoma.ca\/take-it-to-the-mat-montreal\/","url":"https:\/\/www.lymphoma.ca\/take-it-to-the-mat-montreal\/","name":"tous \u00e0 vos tapis - Montreal - Lymphoma Canada","isPartOf":{"@id":"https:\/\/www.lymphoma.ca\/fr\/#website"},"primaryImageOfPage":{"@id":"https:\/\/www.lymphoma.ca\/take-it-to-the-mat-montreal\/#primaryimage"},"image":{"@id":"https:\/\/www.lymphoma.ca\/take-it-to-the-mat-montreal\/#primaryimage"},"thumbnailUrl":"https:\/\/www.lymphoma.ca\/wp-content\/uploads\/2016\/05\/3_0.png","datePublished":"2016-05-11T20:25:21+00:00","breadcrumb":{"@id":"https:\/\/www.lymphoma.ca\/take-it-to-the-mat-montreal\/#breadcrumb"},"inLanguage":"fr-FR","potentialAction":[{"@type":"ReadAction","target":["https:\/\/www.lymphoma.ca\/take-it-to-the-mat-montreal\/"]}]},{"@type":"ImageObject","inLanguage":"fr-FR","@id":"https:\/\/www.lymphoma.ca\/take-it-to-the-mat-montreal\/#primaryimage","url":"https:\/\/www.lymphoma.ca\/wp-content\/uploads\/2016\/05\/3_0.png","contentUrl":"https:\/\/www.lymphoma.ca\/wp-content\/uploads\/2016\/05\/3_0.png","width":945,"height":756},{"@type":"BreadcrumbList","@id":"https:\/\/www.lymphoma.ca\/take-it-to-the-mat-montreal\/#breadcrumb","itemListElement":[{"@type":"ListItem","position":1,"name":"Home","item":"https:\/\/www.lymphoma.ca\/fr\/"},{"@type":"ListItem","position":2,"name":"tous \u00e0 vos tapis &#8211; Montreal"}]},{"@type":"WebSite","@id":"https:\/\/www.lymphoma.ca\/fr\/#website","url":"https:\/\/www.lymphoma.ca\/fr\/","name":"Lymphoma Canada","description":"Information. Help. Hope.","publisher":{"@id":"https:\/\/www.lymphoma.ca\/fr\/#organization"},"potentialAction":[{"@type":"SearchAction","target":{"@type":"EntryPoint","urlTemplate":"https:\/\/www.lymphoma.ca\/fr\/?s={search_term_string}"},"query-input":{"@type":"PropertyValueSpecification","valueRequired":true,"valueName":"search_term_string"}}],"inLanguage":"fr-FR"},{"@type":"Organization","@id":"https:\/\/www.lymphoma.ca\/fr\/#organization","name":"Lymphoma Canada","url":"https:\/\/www.lymphoma.ca\/fr\/","logo":{"@type":"ImageObject","inLanguage":"fr-FR","@id":"https:\/\/www.lymphoma.ca\/fr\/#\/schema\/logo\/image\/","url":"https:\/\/www.lymphoma.ca\/wp-content\/uploads\/2023\/05\/logo-lymphoma.jpg","contentUrl":"https:\/\/www.lymphoma.ca\/wp-content\/uploads\/2023\/05\/logo-lymphoma.jpg","width":343,"height":343,"caption":"Lymphoma Canada"},"image":{"@id":"https:\/\/www.lymphoma.ca\/fr\/#\/schema\/logo\/image\/"},"sameAs":["https:\/\/www.facebook.com\/LymphomaCanada","https:\/\/x.com\/lymphomacanada","https:\/\/www.linkedin.com\/company\/lymphoma-canada\/","http:\/\/instagram.com\/lymphomacanada","http:\/\/www.youtube.com\/user\/LymphomaTV"]}]}},"_links":{"self":[{"href":"https:\/\/www.lymphoma.ca\/fr\/wp-json\/wp\/v2\/pages\/614","targetHints":{"allow":["GET"]}}],"collection":[{"href":"https:\/\/www.lymphoma.ca\/fr\/wp-json\/wp\/v2\/pages"}],"about":[{"href":"https:\/\/www.lymphoma.ca\/fr\/wp-json\/wp\/v2\/types\/page"}],"author":[{"embeddable":true,"href":"https:\/\/www.lymphoma.ca\/fr\/wp-json\/wp\/v2\/users\/6"}],"replies":[{"embeddable":true,"href":"https:\/\/www.lymphoma.ca\/fr\/wp-json\/wp\/v2\/comments?post=614"}],"version-history":[{"count":0,"href":"https:\/\/www.lymphoma.ca\/fr\/wp-json\/wp\/v2\/pages\/614\/revisions"}],"wp:featuredmedia":[{"embeddable":true,"href":"https:\/\/www.lymphoma.ca\/fr\/wp-json\/wp\/v2\/media\/611"}],"wp:attachment":[{"href":"https:\/\/www.lymphoma.ca\/fr\/wp-json\/wp\/v2\/media?parent=614"}],"wp:term":[{"taxonomy":"category","embeddable":true,"href":"https:\/\/www.lymphoma.ca\/fr\/wp-json\/wp\/v2\/categories?post=614"},{"taxonomy":"post_tag","embeddable":true,"href":"https:\/\/www.lymphoma.ca\/fr\/wp-json\/wp\/v2\/tags?post=614"}],"curies":[{"name":"wp","href":"https:\/\/api.w.org\/{rel}","templated":true}]}}