{"id":6192,"date":"2020-04-07T20:07:29","date_gmt":"2020-04-07T20:07:29","guid":{"rendered":"https:\/\/www.lymphoma.ca\/?page_id=6192"},"modified":"2022-01-14T18:59:10","modified_gmt":"2022-01-14T18:59:10","slug":"reconnaissance-dun-donateur","status":"publish","type":"page","link":"https:\/\/www.lymphoma.ca\/fr\/reconnaissance-dun-donateur\/","title":{"rendered":"Reconnaissance d\u2019un donateur"},"content":{"rendered":"<h2>Merci \u00e0 tous nos donateurs pour votre soutien<\/h2>\n<p>Lymphome Canada est reconnaissant d\u2019avoir des donateurs de soutien dont les contributions continuent de faire une diff\u00e9rence dans tant de vies. Gr\u00e2ce \u00e0 votre engagement, nous sommes en mesure d\u2019offrir aux patients et aux proches aidants un soutien et un service exceptionnels.<\/p>\n<p>&nbsp;<\/p>\n<p><strong><a href=\"https:\/\/www.lymphoma.ca\/fr\/lequipe-borg-et-anwar-knight\/\">L\u2019\u00e9quipe Borg et Anwar Knight<\/a><\/strong><br \/>\n<a title=\"Breanna McDonald and\u00a0Sharon Bede\" href=\"https:\/\/www.lymphoma.ca\/fr\/breanna-mcdonald-et-sharon-bede\/\"><strong>Breanna McDonald et Sharon Bede<\/strong><\/a><br \/>\n<a href=\"https:\/\/www.lymphoma.ca\/fr\/grace-cowley\/\"><strong>Grace Cowley<\/strong><\/a><br \/>\n<a href=\"https:\/\/www.lymphoma.ca\/fr\/reconnaissance-dun-donateur\/ken-doran-fr\/\"><strong>Ken Doran<\/strong><\/a><br \/>\n<a href=\"https:\/\/www.lymphoma.ca\/fr\/strangers-in-the-night-foundation\/\"><strong>Strangers in the Night Foundation<\/strong><\/a><br \/>\n<a title=\"Vohra-Miller Foundation\" href=\"https:\/\/www.lymphoma.ca\/fr\/la-fondation-vohra-miller\/\"><strong>Vohra-Miller Foundation<\/strong><\/a><\/p>\n","protected":false},"excerpt":{"rendered":"<p>Merci \u00e0 tous nos donateurs pour votre soutien Lymphome Canada est reconnaissant d\u2019avoir des donateurs de soutien dont les contributions continuent de faire une diff\u00e9rence dans tant de vies. Gr\u00e2ce&#8230;<\/p>\n","protected":false},"author":6,"featured_media":0,"parent":0,"menu_order":58,"comment_status":"closed","ping_status":"closed","template":"page-sidebar.php","meta":{"_acf_changed":false,"footnotes":""},"categories":[],"tags":[],"class_list":["post-6192","page","type-page","status-publish"],"acf":[],"yoast_head":"<!-- This site is optimized with the Yoast SEO plugin v26.7 - https:\/\/yoast.com\/wordpress\/plugins\/seo\/ -->\n<title>Reconnaissance d\u2019un donateur - Lymphoma Canada<\/title>\n<meta name=\"robots\" content=\"index, follow, max-snippet:-1, max-image-preview:large, max-video-preview:-1\" \/>\n<link rel=\"canonical\" href=\"https:\/\/www.lymphoma.ca\/fr\/reconnaissance-dun-donateur\/\" \/>\n<meta property=\"og:locale\" content=\"fr_FR\" \/>\n<meta property=\"og:type\" content=\"article\" \/>\n<meta property=\"og:title\" content=\"Reconnaissance d\u2019un donateur - Lymphoma Canada\" \/>\n<meta property=\"og:description\" content=\"Merci \u00e0 tous nos donateurs pour votre soutien Lymphome Canada est reconnaissant d\u2019avoir des donateurs de soutien dont les contributions continuent de faire une diff\u00e9rence dans tant de vies. Gr\u00e2ce...\" \/>\n<meta property=\"og:url\" content=\"https:\/\/www.lymphoma.ca\/fr\/reconnaissance-dun-donateur\/\" \/>\n<meta property=\"og:site_name\" content=\"Lymphoma Canada\" \/>\n<meta property=\"article:publisher\" content=\"https:\/\/www.facebook.com\/LymphomaCanada\" \/>\n<meta property=\"article:modified_time\" content=\"2022-01-14T18:59:10+00:00\" \/>\n<meta name=\"twitter:card\" content=\"summary_large_image\" \/>\n<meta name=\"twitter:site\" content=\"@lymphomacanada\" \/>\n<meta name=\"twitter:label1\" content=\"Dur\u00e9e de lecture estim\u00e9e\" \/>\n\t<meta name=\"twitter:data1\" content=\"1 minute\" \/>\n<script type=\"application\/ld+json\" class=\"yoast-schema-graph\">{\"@context\":\"https:\/\/schema.org\",\"@graph\":[{\"@type\":\"WebPage\",\"@id\":\"https:\/\/www.lymphoma.ca\/fr\/reconnaissance-dun-donateur\/\",\"url\":\"https:\/\/www.lymphoma.ca\/fr\/reconnaissance-dun-donateur\/\",\"name\":\"Reconnaissance d\u2019un donateur - Lymphoma Canada\",\"isPartOf\":{\"@id\":\"https:\/\/www.lymphoma.ca\/fr\/#website\"},\"datePublished\":\"2020-04-07T20:07:29+00:00\",\"dateModified\":\"2022-01-14T18:59:10+00:00\",\"breadcrumb\":{\"@id\":\"https:\/\/www.lymphoma.ca\/fr\/reconnaissance-dun-donateur\/#breadcrumb\"},\"inLanguage\":\"fr-FR\",\"potentialAction\":[{\"@type\":\"ReadAction\",\"target\":[\"https:\/\/www.lymphoma.ca\/fr\/reconnaissance-dun-donateur\/\"]}]},{\"@type\":\"BreadcrumbList\",\"@id\":\"https:\/\/www.lymphoma.ca\/fr\/reconnaissance-dun-donateur\/#breadcrumb\",\"itemListElement\":[{\"@type\":\"ListItem\",\"position\":1,\"name\":\"Home\",\"item\":\"https:\/\/www.lymphoma.ca\/fr\/\"},{\"@type\":\"ListItem\",\"position\":2,\"name\":\"Reconnaissance d\u2019un donateur\"}]},{\"@type\":\"WebSite\",\"@id\":\"https:\/\/www.lymphoma.ca\/fr\/#website\",\"url\":\"https:\/\/www.lymphoma.ca\/fr\/\",\"name\":\"Lymphoma Canada\",\"description\":\"Information. Help. Hope.\",\"publisher\":{\"@id\":\"https:\/\/www.lymphoma.ca\/fr\/#organization\"},\"potentialAction\":[{\"@type\":\"SearchAction\",\"target\":{\"@type\":\"EntryPoint\",\"urlTemplate\":\"https:\/\/www.lymphoma.ca\/fr\/?s={search_term_string}\"},\"query-input\":{\"@type\":\"PropertyValueSpecification\",\"valueRequired\":true,\"valueName\":\"search_term_string\"}}],\"inLanguage\":\"fr-FR\"},{\"@type\":\"Organization\",\"@id\":\"https:\/\/www.lymphoma.ca\/fr\/#organization\",\"name\":\"Lymphoma Canada\",\"url\":\"https:\/\/www.lymphoma.ca\/fr\/\",\"logo\":{\"@type\":\"ImageObject\",\"inLanguage\":\"fr-FR\",\"@id\":\"https:\/\/www.lymphoma.ca\/fr\/#\/schema\/logo\/image\/\",\"url\":\"https:\/\/www.lymphoma.ca\/wp-content\/uploads\/2023\/05\/logo-lymphoma.jpg\",\"contentUrl\":\"https:\/\/www.lymphoma.ca\/wp-content\/uploads\/2023\/05\/logo-lymphoma.jpg\",\"width\":343,\"height\":343,\"caption\":\"Lymphoma Canada\"},\"image\":{\"@id\":\"https:\/\/www.lymphoma.ca\/fr\/#\/schema\/logo\/image\/\"},\"sameAs\":[\"https:\/\/www.facebook.com\/LymphomaCanada\",\"https:\/\/x.com\/lymphomacanada\",\"https:\/\/www.linkedin.com\/company\/lymphoma-canada\/\",\"http:\/\/instagram.com\/lymphomacanada\",\"http:\/\/www.youtube.com\/user\/LymphomaTV\"]}]}<\/script>\n<!-- \/ Yoast SEO plugin. -->","yoast_head_json":{"title":"Reconnaissance d\u2019un donateur - Lymphoma Canada","robots":{"index":"index","follow":"follow","max-snippet":"max-snippet:-1","max-image-preview":"max-image-preview:large","max-video-preview":"max-video-preview:-1"},"canonical":"https:\/\/www.lymphoma.ca\/fr\/reconnaissance-dun-donateur\/","og_locale":"fr_FR","og_type":"article","og_title":"Reconnaissance d\u2019un donateur - Lymphoma Canada","og_description":"Merci \u00e0 tous nos donateurs pour votre soutien Lymphome Canada est reconnaissant d\u2019avoir des donateurs de soutien dont les contributions continuent de faire une diff\u00e9rence dans tant de vies. Gr\u00e2ce...","og_url":"https:\/\/www.lymphoma.ca\/fr\/reconnaissance-dun-donateur\/","og_site_name":"Lymphoma Canada","article_publisher":"https:\/\/www.facebook.com\/LymphomaCanada","article_modified_time":"2022-01-14T18:59:10+00:00","twitter_card":"summary_large_image","twitter_site":"@lymphomacanada","twitter_misc":{"Dur\u00e9e de lecture estim\u00e9e":"1 minute"},"schema":{"@context":"https:\/\/schema.org","@graph":[{"@type":"WebPage","@id":"https:\/\/www.lymphoma.ca\/fr\/reconnaissance-dun-donateur\/","url":"https:\/\/www.lymphoma.ca\/fr\/reconnaissance-dun-donateur\/","name":"Reconnaissance d\u2019un donateur - Lymphoma Canada","isPartOf":{"@id":"https:\/\/www.lymphoma.ca\/fr\/#website"},"datePublished":"2020-04-07T20:07:29+00:00","dateModified":"2022-01-14T18:59:10+00:00","breadcrumb":{"@id":"https:\/\/www.lymphoma.ca\/fr\/reconnaissance-dun-donateur\/#breadcrumb"},"inLanguage":"fr-FR","potentialAction":[{"@type":"ReadAction","target":["https:\/\/www.lymphoma.ca\/fr\/reconnaissance-dun-donateur\/"]}]},{"@type":"BreadcrumbList","@id":"https:\/\/www.lymphoma.ca\/fr\/reconnaissance-dun-donateur\/#breadcrumb","itemListElement":[{"@type":"ListItem","position":1,"name":"Home","item":"https:\/\/www.lymphoma.ca\/fr\/"},{"@type":"ListItem","position":2,"name":"Reconnaissance d\u2019un donateur"}]},{"@type":"WebSite","@id":"https:\/\/www.lymphoma.ca\/fr\/#website","url":"https:\/\/www.lymphoma.ca\/fr\/","name":"Lymphoma Canada","description":"Information. Help. Hope.","publisher":{"@id":"https:\/\/www.lymphoma.ca\/fr\/#organization"},"potentialAction":[{"@type":"SearchAction","target":{"@type":"EntryPoint","urlTemplate":"https:\/\/www.lymphoma.ca\/fr\/?s={search_term_string}"},"query-input":{"@type":"PropertyValueSpecification","valueRequired":true,"valueName":"search_term_string"}}],"inLanguage":"fr-FR"},{"@type":"Organization","@id":"https:\/\/www.lymphoma.ca\/fr\/#organization","name":"Lymphoma Canada","url":"https:\/\/www.lymphoma.ca\/fr\/","logo":{"@type":"ImageObject","inLanguage":"fr-FR","@id":"https:\/\/www.lymphoma.ca\/fr\/#\/schema\/logo\/image\/","url":"https:\/\/www.lymphoma.ca\/wp-content\/uploads\/2023\/05\/logo-lymphoma.jpg","contentUrl":"https:\/\/www.lymphoma.ca\/wp-content\/uploads\/2023\/05\/logo-lymphoma.jpg","width":343,"height":343,"caption":"Lymphoma Canada"},"image":{"@id":"https:\/\/www.lymphoma.ca\/fr\/#\/schema\/logo\/image\/"},"sameAs":["https:\/\/www.facebook.com\/LymphomaCanada","https:\/\/x.com\/lymphomacanada","https:\/\/www.linkedin.com\/company\/lymphoma-canada\/","http:\/\/instagram.com\/lymphomacanada","http:\/\/www.youtube.com\/user\/LymphomaTV"]}]}},"_links":{"self":[{"href":"https:\/\/www.lymphoma.ca\/fr\/wp-json\/wp\/v2\/pages\/6192","targetHints":{"allow":["GET"]}}],"collection":[{"href":"https:\/\/www.lymphoma.ca\/fr\/wp-json\/wp\/v2\/pages"}],"about":[{"href":"https:\/\/www.lymphoma.ca\/fr\/wp-json\/wp\/v2\/types\/page"}],"author":[{"embeddable":true,"href":"https:\/\/www.lymphoma.ca\/fr\/wp-json\/wp\/v2\/users\/6"}],"replies":[{"embeddable":true,"href":"https:\/\/www.lymphoma.ca\/fr\/wp-json\/wp\/v2\/comments?post=6192"}],"version-history":[{"count":2,"href":"https:\/\/www.lymphoma.ca\/fr\/wp-json\/wp\/v2\/pages\/6192\/revisions"}],"predecessor-version":[{"id":11304,"href":"https:\/\/www.lymphoma.ca\/fr\/wp-json\/wp\/v2\/pages\/6192\/revisions\/11304"}],"wp:attachment":[{"href":"https:\/\/www.lymphoma.ca\/fr\/wp-json\/wp\/v2\/media?parent=6192"}],"wp:term":[{"taxonomy":"category","embeddable":true,"href":"https:\/\/www.lymphoma.ca\/fr\/wp-json\/wp\/v2\/categories?post=6192"},{"taxonomy":"post_tag","embeddable":true,"href":"https:\/\/www.lymphoma.ca\/fr\/wp-json\/wp\/v2\/tags?post=6192"}],"curies":[{"name":"wp","href":"https:\/\/api.w.org\/{rel}","templated":true}]}}