{"id":6261,"date":"2016-07-28T18:37:55","date_gmt":"2016-07-28T18:37:55","guid":{"rendered":"https:\/\/www.lymphoma.ca\/le-lymphome\/le-lymphome-de-hodgkin\/signs-symptoms\/"},"modified":"2020-05-01T01:14:32","modified_gmt":"2020-05-01T01:14:32","slug":"symptomes","status":"publish","type":"page","link":"https:\/\/www.lymphoma.ca\/fr\/le-lymphome\/le-lymphome-de-hodgkin\/symptomes\/","title":{"rendered":"Les sympt\u00f4mes fr\u00e9quents"},"content":{"rendered":"<h2>Les sympt\u00f4mes fr\u00e9quents<\/h2>\n<p>Tr\u00e8s souvent, le diagnostic est effectu\u00e9 lors d\u2019un examen physique habituel. Certains consultent un m\u00e9decin pour des sympt\u00f4mes de grippe tels que la toux ou parce qu\u2019ils ont not\u00e9 une augmentation du volume d\u2019un ganglion lymphatique.<\/p>\n<p>Le lymphome de Hodgkin peut se pr\u00e9senter sous forme d\u2019un gonflement dur, g\u00e9n\u00e9ralement\u00a0<em>indolore<\/em>\u00a0d\u2019un ganglion lymphatique situ\u00e9 dans le cou, sous les bras ou \u00e0 l\u2019aine, mais il ne se limite pas qu\u2019\u00e0 ces zones. Il est important de garder en t\u00eate que la plupart des gens qui consultent leur m\u00e9decin parce qu\u2019ils ont des ganglions lymphatiques hypertrophi\u00e9s ne souffrent pas du lymphome de Hodgkin. Avoir des glandes gonfl\u00e9es est souvent la cons\u00e9quence d\u2019une infection, cependant, dans ce cas, les glandes du cou sont g\u00e9n\u00e9ralement\u00a0<em>douloureuses<\/em>.<\/p>\n<p><strong>Les sympt\u00f4mes peuvent aussi comprendre\u00a0:<\/strong><\/p>\n<ul>\n<li>Des \u00e9pisodes de fi\u00e8vre r\u00e9currentes<\/li>\n<li>Des sueurs excessives la nuit<\/li>\n<li>Une perte de poids involontaire<\/li>\n<li>Une fatigue persistante et un manque d\u2019\u00e9nergie<\/li>\n<li>Des d\u00e9mangeaisons g\u00e9n\u00e9ralis\u00e9es ou des rougeurs<\/li>\n<\/ul>\n<p>On constate ces sympt\u00f4mes dans d\u2019autres maladies telles que les infections virales. Ainsi, la plupart des gens qui pr\u00e9sentent ces sympt\u00f4mes ne souffrent pas du lymphome de Hodgkin. Il est cependant important de consulter votre m\u00e9decin si vous pr\u00e9sentez tout sympt\u00f4me qui ne dispara\u00eet pas afin de vous faire examiner et de recevoir un traitement appropri\u00e9.<\/p>\n","protected":false},"excerpt":{"rendered":"<p>Les sympt\u00f4mes fr\u00e9quents Tr\u00e8s souvent, le diagnostic est effectu\u00e9 lors d\u2019un examen physique habituel. Certains consultent un m\u00e9decin pour des sympt\u00f4mes de grippe tels que la toux ou parce qu\u2019ils&#8230;<\/p>\n","protected":false},"author":1,"featured_media":0,"parent":356,"menu_order":1,"comment_status":"closed","ping_status":"closed","template":"page-sidebar.php","meta":{"_acf_changed":false,"footnotes":""},"categories":[],"tags":[],"class_list":["post-6261","page","type-page","status-publish"],"acf":[],"yoast_head":"<!-- This site is optimized with the Yoast SEO plugin v26.7 - https:\/\/yoast.com\/wordpress\/plugins\/seo\/ -->\n<title>Les sympt\u00f4mes fr\u00e9quents - Lymphoma Canada<\/title>\n<meta name=\"robots\" content=\"index, follow, max-snippet:-1, max-image-preview:large, max-video-preview:-1\" \/>\n<link rel=\"canonical\" href=\"https:\/\/www.lymphoma.ca\/fr\/le-lymphome\/le-lymphome-de-hodgkin\/symptomes\/\" \/>\n<meta property=\"og:locale\" content=\"fr_FR\" \/>\n<meta property=\"og:type\" content=\"article\" \/>\n<meta property=\"og:title\" content=\"Les sympt\u00f4mes fr\u00e9quents - Lymphoma Canada\" \/>\n<meta property=\"og:description\" content=\"Les sympt\u00f4mes fr\u00e9quents Tr\u00e8s souvent, le diagnostic est effectu\u00e9 lors d\u2019un examen physique habituel. Certains consultent un m\u00e9decin pour des sympt\u00f4mes de grippe tels que la toux ou parce qu\u2019ils...\" \/>\n<meta property=\"og:url\" content=\"https:\/\/www.lymphoma.ca\/fr\/le-lymphome\/le-lymphome-de-hodgkin\/symptomes\/\" \/>\n<meta property=\"og:site_name\" content=\"Lymphoma Canada\" \/>\n<meta property=\"article:publisher\" content=\"https:\/\/www.facebook.com\/LymphomaCanada\" \/>\n<meta property=\"article:modified_time\" content=\"2020-05-01T01:14:32+00:00\" \/>\n<meta name=\"twitter:card\" content=\"summary_large_image\" \/>\n<meta name=\"twitter:site\" content=\"@lymphomacanada\" \/>\n<meta name=\"twitter:label1\" content=\"Dur\u00e9e de lecture estim\u00e9e\" \/>\n\t<meta name=\"twitter:data1\" content=\"1 minute\" \/>\n<script type=\"application\/ld+json\" class=\"yoast-schema-graph\">{\"@context\":\"https:\/\/schema.org\",\"@graph\":[{\"@type\":\"WebPage\",\"@id\":\"https:\/\/www.lymphoma.ca\/fr\/le-lymphome\/le-lymphome-de-hodgkin\/symptomes\/\",\"url\":\"https:\/\/www.lymphoma.ca\/fr\/le-lymphome\/le-lymphome-de-hodgkin\/symptomes\/\",\"name\":\"Les sympt\u00f4mes fr\u00e9quents - Lymphoma Canada\",\"isPartOf\":{\"@id\":\"https:\/\/www.lymphoma.ca\/fr\/#website\"},\"datePublished\":\"2016-07-28T18:37:55+00:00\",\"dateModified\":\"2020-05-01T01:14:32+00:00\",\"breadcrumb\":{\"@id\":\"https:\/\/www.lymphoma.ca\/fr\/le-lymphome\/le-lymphome-de-hodgkin\/symptomes\/#breadcrumb\"},\"inLanguage\":\"fr-FR\",\"potentialAction\":[{\"@type\":\"ReadAction\",\"target\":[\"https:\/\/www.lymphoma.ca\/fr\/le-lymphome\/le-lymphome-de-hodgkin\/symptomes\/\"]}]},{\"@type\":\"BreadcrumbList\",\"@id\":\"https:\/\/www.lymphoma.ca\/fr\/le-lymphome\/le-lymphome-de-hodgkin\/symptomes\/#breadcrumb\",\"itemListElement\":[{\"@type\":\"ListItem\",\"position\":1,\"name\":\"Home\",\"item\":\"https:\/\/www.lymphoma.ca\/fr\/\"},{\"@type\":\"ListItem\",\"position\":2,\"name\":\"Lymphome\",\"item\":\"https:\/\/www.lymphoma.ca\/fr\/le-lymphome\/\"},{\"@type\":\"ListItem\",\"position\":3,\"name\":\"Le lymphome de Hodgkin\",\"item\":\"https:\/\/www.lymphoma.ca\/fr\/le-lymphome\/le-lymphome-de-hodgkin\/\"},{\"@type\":\"ListItem\",\"position\":4,\"name\":\"Les sympt\u00f4mes fr\u00e9quents\"}]},{\"@type\":\"WebSite\",\"@id\":\"https:\/\/www.lymphoma.ca\/fr\/#website\",\"url\":\"https:\/\/www.lymphoma.ca\/fr\/\",\"name\":\"Lymphoma Canada\",\"description\":\"Information. Help. Hope.\",\"publisher\":{\"@id\":\"https:\/\/www.lymphoma.ca\/fr\/#organization\"},\"potentialAction\":[{\"@type\":\"SearchAction\",\"target\":{\"@type\":\"EntryPoint\",\"urlTemplate\":\"https:\/\/www.lymphoma.ca\/fr\/?s={search_term_string}\"},\"query-input\":{\"@type\":\"PropertyValueSpecification\",\"valueRequired\":true,\"valueName\":\"search_term_string\"}}],\"inLanguage\":\"fr-FR\"},{\"@type\":\"Organization\",\"@id\":\"https:\/\/www.lymphoma.ca\/fr\/#organization\",\"name\":\"Lymphoma Canada\",\"url\":\"https:\/\/www.lymphoma.ca\/fr\/\",\"logo\":{\"@type\":\"ImageObject\",\"inLanguage\":\"fr-FR\",\"@id\":\"https:\/\/www.lymphoma.ca\/fr\/#\/schema\/logo\/image\/\",\"url\":\"https:\/\/www.lymphoma.ca\/wp-content\/uploads\/2023\/05\/logo-lymphoma.jpg\",\"contentUrl\":\"https:\/\/www.lymphoma.ca\/wp-content\/uploads\/2023\/05\/logo-lymphoma.jpg\",\"width\":343,\"height\":343,\"caption\":\"Lymphoma Canada\"},\"image\":{\"@id\":\"https:\/\/www.lymphoma.ca\/fr\/#\/schema\/logo\/image\/\"},\"sameAs\":[\"https:\/\/www.facebook.com\/LymphomaCanada\",\"https:\/\/x.com\/lymphomacanada\",\"https:\/\/www.linkedin.com\/company\/lymphoma-canada\/\",\"http:\/\/instagram.com\/lymphomacanada\",\"http:\/\/www.youtube.com\/user\/LymphomaTV\"]}]}<\/script>\n<!-- \/ Yoast SEO plugin. -->","yoast_head_json":{"title":"Les sympt\u00f4mes fr\u00e9quents - Lymphoma Canada","robots":{"index":"index","follow":"follow","max-snippet":"max-snippet:-1","max-image-preview":"max-image-preview:large","max-video-preview":"max-video-preview:-1"},"canonical":"https:\/\/www.lymphoma.ca\/fr\/le-lymphome\/le-lymphome-de-hodgkin\/symptomes\/","og_locale":"fr_FR","og_type":"article","og_title":"Les sympt\u00f4mes fr\u00e9quents - Lymphoma Canada","og_description":"Les sympt\u00f4mes fr\u00e9quents Tr\u00e8s souvent, le diagnostic est effectu\u00e9 lors d\u2019un examen physique habituel. Certains consultent un m\u00e9decin pour des sympt\u00f4mes de grippe tels que la toux ou parce qu\u2019ils...","og_url":"https:\/\/www.lymphoma.ca\/fr\/le-lymphome\/le-lymphome-de-hodgkin\/symptomes\/","og_site_name":"Lymphoma Canada","article_publisher":"https:\/\/www.facebook.com\/LymphomaCanada","article_modified_time":"2020-05-01T01:14:32+00:00","twitter_card":"summary_large_image","twitter_site":"@lymphomacanada","twitter_misc":{"Dur\u00e9e de lecture estim\u00e9e":"1 minute"},"schema":{"@context":"https:\/\/schema.org","@graph":[{"@type":"WebPage","@id":"https:\/\/www.lymphoma.ca\/fr\/le-lymphome\/le-lymphome-de-hodgkin\/symptomes\/","url":"https:\/\/www.lymphoma.ca\/fr\/le-lymphome\/le-lymphome-de-hodgkin\/symptomes\/","name":"Les sympt\u00f4mes fr\u00e9quents - Lymphoma Canada","isPartOf":{"@id":"https:\/\/www.lymphoma.ca\/fr\/#website"},"datePublished":"2016-07-28T18:37:55+00:00","dateModified":"2020-05-01T01:14:32+00:00","breadcrumb":{"@id":"https:\/\/www.lymphoma.ca\/fr\/le-lymphome\/le-lymphome-de-hodgkin\/symptomes\/#breadcrumb"},"inLanguage":"fr-FR","potentialAction":[{"@type":"ReadAction","target":["https:\/\/www.lymphoma.ca\/fr\/le-lymphome\/le-lymphome-de-hodgkin\/symptomes\/"]}]},{"@type":"BreadcrumbList","@id":"https:\/\/www.lymphoma.ca\/fr\/le-lymphome\/le-lymphome-de-hodgkin\/symptomes\/#breadcrumb","itemListElement":[{"@type":"ListItem","position":1,"name":"Home","item":"https:\/\/www.lymphoma.ca\/fr\/"},{"@type":"ListItem","position":2,"name":"Lymphome","item":"https:\/\/www.lymphoma.ca\/fr\/le-lymphome\/"},{"@type":"ListItem","position":3,"name":"Le lymphome de Hodgkin","item":"https:\/\/www.lymphoma.ca\/fr\/le-lymphome\/le-lymphome-de-hodgkin\/"},{"@type":"ListItem","position":4,"name":"Les sympt\u00f4mes fr\u00e9quents"}]},{"@type":"WebSite","@id":"https:\/\/www.lymphoma.ca\/fr\/#website","url":"https:\/\/www.lymphoma.ca\/fr\/","name":"Lymphoma Canada","description":"Information. Help. Hope.","publisher":{"@id":"https:\/\/www.lymphoma.ca\/fr\/#organization"},"potentialAction":[{"@type":"SearchAction","target":{"@type":"EntryPoint","urlTemplate":"https:\/\/www.lymphoma.ca\/fr\/?s={search_term_string}"},"query-input":{"@type":"PropertyValueSpecification","valueRequired":true,"valueName":"search_term_string"}}],"inLanguage":"fr-FR"},{"@type":"Organization","@id":"https:\/\/www.lymphoma.ca\/fr\/#organization","name":"Lymphoma Canada","url":"https:\/\/www.lymphoma.ca\/fr\/","logo":{"@type":"ImageObject","inLanguage":"fr-FR","@id":"https:\/\/www.lymphoma.ca\/fr\/#\/schema\/logo\/image\/","url":"https:\/\/www.lymphoma.ca\/wp-content\/uploads\/2023\/05\/logo-lymphoma.jpg","contentUrl":"https:\/\/www.lymphoma.ca\/wp-content\/uploads\/2023\/05\/logo-lymphoma.jpg","width":343,"height":343,"caption":"Lymphoma Canada"},"image":{"@id":"https:\/\/www.lymphoma.ca\/fr\/#\/schema\/logo\/image\/"},"sameAs":["https:\/\/www.facebook.com\/LymphomaCanada","https:\/\/x.com\/lymphomacanada","https:\/\/www.linkedin.com\/company\/lymphoma-canada\/","http:\/\/instagram.com\/lymphomacanada","http:\/\/www.youtube.com\/user\/LymphomaTV"]}]}},"_links":{"self":[{"href":"https:\/\/www.lymphoma.ca\/fr\/wp-json\/wp\/v2\/pages\/6261","targetHints":{"allow":["GET"]}}],"collection":[{"href":"https:\/\/www.lymphoma.ca\/fr\/wp-json\/wp\/v2\/pages"}],"about":[{"href":"https:\/\/www.lymphoma.ca\/fr\/wp-json\/wp\/v2\/types\/page"}],"author":[{"embeddable":true,"href":"https:\/\/www.lymphoma.ca\/fr\/wp-json\/wp\/v2\/users\/1"}],"replies":[{"embeddable":true,"href":"https:\/\/www.lymphoma.ca\/fr\/wp-json\/wp\/v2\/comments?post=6261"}],"version-history":[{"count":4,"href":"https:\/\/www.lymphoma.ca\/fr\/wp-json\/wp\/v2\/pages\/6261\/revisions"}],"predecessor-version":[{"id":7513,"href":"https:\/\/www.lymphoma.ca\/fr\/wp-json\/wp\/v2\/pages\/6261\/revisions\/7513"}],"up":[{"embeddable":true,"href":"https:\/\/www.lymphoma.ca\/fr\/wp-json\/wp\/v2\/pages\/356"}],"wp:attachment":[{"href":"https:\/\/www.lymphoma.ca\/fr\/wp-json\/wp\/v2\/media?parent=6261"}],"wp:term":[{"taxonomy":"category","embeddable":true,"href":"https:\/\/www.lymphoma.ca\/fr\/wp-json\/wp\/v2\/categories?post=6261"},{"taxonomy":"post_tag","embeddable":true,"href":"https:\/\/www.lymphoma.ca\/fr\/wp-json\/wp\/v2\/tags?post=6261"}],"curies":[{"name":"wp","href":"https:\/\/api.w.org\/{rel}","templated":true}]}}