{"id":6267,"date":"2017-02-23T17:51:10","date_gmt":"2017-02-23T17:51:10","guid":{"rendered":"https:\/\/www.lymphoma.ca\/le-lymphome\/les-differents-types-de-lymphomes-non-hodgkiniens\/traitement\/low-blood-counts\/"},"modified":"2020-06-16T18:33:56","modified_gmt":"2020-06-16T18:33:56","slug":"low-blood-counts","status":"publish","type":"page","link":"https:\/\/www.lymphoma.ca\/fr\/le-lymphome\/les-differents-types-de-lymphomes-non-hodgkiniens\/traitement\/low-blood-counts\/","title":{"rendered":"Num\u00e9ration sanguine basse"},"content":{"rendered":"<h2><strong>Les diff\u00e9rents types de faible num\u00e9ration globulaire<\/strong><\/h2>\n<p><strong>Qu\u2019est-ce que c\u2019est?<\/strong><br \/>\nLes cellules sanguines, dont les globules rouges, les globules blancs et les plaquettes, sont continuellement produites dans la moelle osseuse. Du fait que ces cellules sont toujours en train de se diviser, elles sont \u00e9galement cibl\u00e9es par la chimioth\u00e9rapie et, de ce fait, le nombre total des cellules sanguines peut diminuer. C\u2019est ce que l\u2019on appelle la my\u00e9losuppression. Il existe diff\u00e9rents types de my\u00e9losuppression selon la cellule sanguine concern\u00e9e. Il s\u2019agit de l\u2019an\u00e9mie, de la neutrop\u00e9nie et de la thrombocytop\u00e9nie.<\/p>\n<p>Les complications les plus s\u00e9rieuses d\u2019une faible num\u00e9ration globulaire comprennent\u00a0:<\/p>\n<p><strong>L\u2019an\u00e9mie\u00a0:<\/strong> Un nombre de globules rouges qui est trop faible s\u2019appelle une an\u00e9mie. Le nombre normal d\u2019h\u00e9moglobines (Hgb) se situe entre 120 et 160. Lorsque vous n\u2019avez pas assez de globules rouges, vous avez moins d\u2019h\u00e9moglobine pour transporter l\u2019oxyg\u00e8ne dans votre corps. Cela signifie que les tissus dans votre corps n\u2019ont pas assez d\u2019oxyg\u00e8ne pour faire leur travail. Vous pouvez vous sentir fatigu\u00e9(e) ou faible, avoir le teint p\u00e2le et le souffle court.<\/p>\n<p><strong>La neutrop\u00e9nie\u00a0:<\/strong> Un nombre de globules blancs qui est trop faible, et en particulier un niveau peu \u00e9lev\u00e9 de neutrophiles, s\u2019appelle une neutrop\u00e9nie. Plus votre niveau de globules blancs est bas, plus votre risque d\u2019infection est \u00e9lev\u00e9. Les infections doivent imp\u00e9rativement \u00eatre prises en charge au plus t\u00f4t et \u00eatre trait\u00e9es rapidement. Le nombre normal de globules blancs se situe entre 4\u00a0500 et 11\u00a0000 (on dit parfois 4,5 \u00e0 11). Votre nombre de globules blancs peut descendre jusqu\u2019\u00e0 100 (on \u00e9crit souvent 0,1). Le nombre de neutrophiles dont vous disposez s\u2019appelle le nombre absolu de neutrophiles (NAN). Un NAN normal se situe \u00e0 peu pr\u00e8s entre 2\u00a0500 et 7\u00a0500 (on \u00e9crit souvent 2,5-7,5). On vous apprendra \u00e0 surveiller votre temp\u00e9rature ainsi que d\u2019autres signes et sympt\u00f4mes d\u2019une infection. Votre m\u00e9decin vous recommandera peut-\u00eatre \u00e9galement des m\u00e9dicaments visant \u00e0 augmenter votre production de globules blancs.<\/p>\n<p><strong>La thrombocytop\u00e9nie\u00a0:<\/strong> Un nombre trop faible de plaquettes dans votre sang peut signifier une thrombocytop\u00e9nie et entra\u00eener des h\u00e9morragies. Vous pouvez ainsi saigner \u00e0 cause d\u2019une coupure ou conna\u00eetre des saignements spontan\u00e9s du nez ou des gencives, ou vous pouvez vous faire facilement des bleus. Un nombre normal de plaquettes se situe entre 150 000 et 350 000 (on \u00e9crit souvent 150 \u00e0 350).<\/p>\n<p><strong>Que puis-je faire?<\/strong><br \/>\nLa chose la plus importante consiste \u00e0 \u00eatre \u00e0 l\u2019aff\u00fbt des signes de la my\u00e9losuppression. Les signes de l\u2019an\u00e9mie comprennent la fatigue et la l\u00e9thargie. Les signes de la neutrop\u00e9nie comprennent des sympt\u00f4mes tels que la fi\u00e8vre, les maux de gorge, une \u00e9ruption, la diarrh\u00e9e, ou une inflammation, une douleur ou une tum\u00e9faction autour d\u2019une plaie. Les signes de la thrombocytop\u00e9nie comprennent les ecchymoses ou un saignement prolong\u00e9 provoqu\u00e9s facilement. Si vous remarquez ces sympt\u00f4mes, avertissez imm\u00e9diatement votre m\u00e9decin pour prendre les mesures qui s\u2019imposent.<\/p>\n","protected":false},"excerpt":{"rendered":"<p>Les diff\u00e9rents types de faible num\u00e9ration globulaire Qu\u2019est-ce que c\u2019est? Les cellules sanguines, dont les globules rouges, les globules blancs et les plaquettes, sont continuellement produites dans la moelle osseuse&#8230;.<\/p>\n","protected":false},"author":1,"featured_media":0,"parent":469,"menu_order":0,"comment_status":"closed","ping_status":"closed","template":"page-sidebar.php","meta":{"_acf_changed":false,"footnotes":""},"categories":[],"tags":[],"class_list":["post-6267","page","type-page","status-publish"],"acf":[],"yoast_head":"<!-- This site is optimized with the Yoast SEO plugin v26.7 - https:\/\/yoast.com\/wordpress\/plugins\/seo\/ -->\n<title>Num\u00e9ration sanguine basse - Lymphoma Canada<\/title>\n<meta name=\"robots\" content=\"index, follow, max-snippet:-1, max-image-preview:large, max-video-preview:-1\" \/>\n<link rel=\"canonical\" href=\"https:\/\/www.lymphoma.ca\/fr\/le-lymphome\/les-differents-types-de-lymphomes-non-hodgkiniens\/traitement\/low-blood-counts\/\" \/>\n<meta property=\"og:locale\" content=\"fr_FR\" \/>\n<meta property=\"og:type\" content=\"article\" \/>\n<meta property=\"og:title\" content=\"Num\u00e9ration sanguine basse - Lymphoma Canada\" \/>\n<meta property=\"og:description\" content=\"Les diff\u00e9rents types de faible num\u00e9ration globulaire Qu\u2019est-ce que c\u2019est? Les cellules sanguines, dont les globules rouges, les globules blancs et les plaquettes, sont continuellement produites dans la moelle osseuse....\" \/>\n<meta property=\"og:url\" content=\"https:\/\/www.lymphoma.ca\/fr\/le-lymphome\/les-differents-types-de-lymphomes-non-hodgkiniens\/traitement\/low-blood-counts\/\" \/>\n<meta property=\"og:site_name\" content=\"Lymphoma Canada\" \/>\n<meta property=\"article:publisher\" content=\"https:\/\/www.facebook.com\/LymphomaCanada\" \/>\n<meta property=\"article:modified_time\" content=\"2020-06-16T18:33:56+00:00\" \/>\n<meta name=\"twitter:card\" content=\"summary_large_image\" \/>\n<meta name=\"twitter:site\" content=\"@lymphomacanada\" \/>\n<meta name=\"twitter:label1\" content=\"Dur\u00e9e de lecture estim\u00e9e\" \/>\n\t<meta name=\"twitter:data1\" content=\"3 minutes\" \/>\n<script type=\"application\/ld+json\" class=\"yoast-schema-graph\">{\"@context\":\"https:\/\/schema.org\",\"@graph\":[{\"@type\":\"WebPage\",\"@id\":\"https:\/\/www.lymphoma.ca\/fr\/le-lymphome\/les-differents-types-de-lymphomes-non-hodgkiniens\/traitement\/low-blood-counts\/\",\"url\":\"https:\/\/www.lymphoma.ca\/fr\/le-lymphome\/les-differents-types-de-lymphomes-non-hodgkiniens\/traitement\/low-blood-counts\/\",\"name\":\"Num\u00e9ration sanguine basse - Lymphoma Canada\",\"isPartOf\":{\"@id\":\"https:\/\/www.lymphoma.ca\/fr\/#website\"},\"datePublished\":\"2017-02-23T17:51:10+00:00\",\"dateModified\":\"2020-06-16T18:33:56+00:00\",\"breadcrumb\":{\"@id\":\"https:\/\/www.lymphoma.ca\/fr\/le-lymphome\/les-differents-types-de-lymphomes-non-hodgkiniens\/traitement\/low-blood-counts\/#breadcrumb\"},\"inLanguage\":\"fr-FR\",\"potentialAction\":[{\"@type\":\"ReadAction\",\"target\":[\"https:\/\/www.lymphoma.ca\/fr\/le-lymphome\/les-differents-types-de-lymphomes-non-hodgkiniens\/traitement\/low-blood-counts\/\"]}]},{\"@type\":\"BreadcrumbList\",\"@id\":\"https:\/\/www.lymphoma.ca\/fr\/le-lymphome\/les-differents-types-de-lymphomes-non-hodgkiniens\/traitement\/low-blood-counts\/#breadcrumb\",\"itemListElement\":[{\"@type\":\"ListItem\",\"position\":1,\"name\":\"Home\",\"item\":\"https:\/\/www.lymphoma.ca\/fr\/\"},{\"@type\":\"ListItem\",\"position\":2,\"name\":\"Lymphome\",\"item\":\"https:\/\/www.lymphoma.ca\/fr\/le-lymphome\/\"},{\"@type\":\"ListItem\",\"position\":3,\"name\":\"Les diff\u00e9rents types de lymphomes non hodgkiniens\",\"item\":\"https:\/\/www.lymphoma.ca\/fr\/le-lymphome\/les-differents-types-de-lymphomes-non-hodgkiniens\/\"},{\"@type\":\"ListItem\",\"position\":4,\"name\":\"Traitement\",\"item\":\"https:\/\/www.lymphoma.ca\/fr\/le-lymphome\/les-differents-types-de-lymphomes-non-hodgkiniens\/traitement\/\"},{\"@type\":\"ListItem\",\"position\":5,\"name\":\"Num\u00e9ration sanguine basse\"}]},{\"@type\":\"WebSite\",\"@id\":\"https:\/\/www.lymphoma.ca\/fr\/#website\",\"url\":\"https:\/\/www.lymphoma.ca\/fr\/\",\"name\":\"Lymphoma Canada\",\"description\":\"Information. Help. Hope.\",\"publisher\":{\"@id\":\"https:\/\/www.lymphoma.ca\/fr\/#organization\"},\"potentialAction\":[{\"@type\":\"SearchAction\",\"target\":{\"@type\":\"EntryPoint\",\"urlTemplate\":\"https:\/\/www.lymphoma.ca\/fr\/?s={search_term_string}\"},\"query-input\":{\"@type\":\"PropertyValueSpecification\",\"valueRequired\":true,\"valueName\":\"search_term_string\"}}],\"inLanguage\":\"fr-FR\"},{\"@type\":\"Organization\",\"@id\":\"https:\/\/www.lymphoma.ca\/fr\/#organization\",\"name\":\"Lymphoma Canada\",\"url\":\"https:\/\/www.lymphoma.ca\/fr\/\",\"logo\":{\"@type\":\"ImageObject\",\"inLanguage\":\"fr-FR\",\"@id\":\"https:\/\/www.lymphoma.ca\/fr\/#\/schema\/logo\/image\/\",\"url\":\"https:\/\/www.lymphoma.ca\/wp-content\/uploads\/2023\/05\/logo-lymphoma.jpg\",\"contentUrl\":\"https:\/\/www.lymphoma.ca\/wp-content\/uploads\/2023\/05\/logo-lymphoma.jpg\",\"width\":343,\"height\":343,\"caption\":\"Lymphoma Canada\"},\"image\":{\"@id\":\"https:\/\/www.lymphoma.ca\/fr\/#\/schema\/logo\/image\/\"},\"sameAs\":[\"https:\/\/www.facebook.com\/LymphomaCanada\",\"https:\/\/x.com\/lymphomacanada\",\"https:\/\/www.linkedin.com\/company\/lymphoma-canada\/\",\"http:\/\/instagram.com\/lymphomacanada\",\"http:\/\/www.youtube.com\/user\/LymphomaTV\"]}]}<\/script>\n<!-- \/ Yoast SEO plugin. -->","yoast_head_json":{"title":"Num\u00e9ration sanguine basse - Lymphoma Canada","robots":{"index":"index","follow":"follow","max-snippet":"max-snippet:-1","max-image-preview":"max-image-preview:large","max-video-preview":"max-video-preview:-1"},"canonical":"https:\/\/www.lymphoma.ca\/fr\/le-lymphome\/les-differents-types-de-lymphomes-non-hodgkiniens\/traitement\/low-blood-counts\/","og_locale":"fr_FR","og_type":"article","og_title":"Num\u00e9ration sanguine basse - Lymphoma Canada","og_description":"Les diff\u00e9rents types de faible num\u00e9ration globulaire Qu\u2019est-ce que c\u2019est? Les cellules sanguines, dont les globules rouges, les globules blancs et les plaquettes, sont continuellement produites dans la moelle osseuse....","og_url":"https:\/\/www.lymphoma.ca\/fr\/le-lymphome\/les-differents-types-de-lymphomes-non-hodgkiniens\/traitement\/low-blood-counts\/","og_site_name":"Lymphoma Canada","article_publisher":"https:\/\/www.facebook.com\/LymphomaCanada","article_modified_time":"2020-06-16T18:33:56+00:00","twitter_card":"summary_large_image","twitter_site":"@lymphomacanada","twitter_misc":{"Dur\u00e9e de lecture estim\u00e9e":"3 minutes"},"schema":{"@context":"https:\/\/schema.org","@graph":[{"@type":"WebPage","@id":"https:\/\/www.lymphoma.ca\/fr\/le-lymphome\/les-differents-types-de-lymphomes-non-hodgkiniens\/traitement\/low-blood-counts\/","url":"https:\/\/www.lymphoma.ca\/fr\/le-lymphome\/les-differents-types-de-lymphomes-non-hodgkiniens\/traitement\/low-blood-counts\/","name":"Num\u00e9ration sanguine basse - Lymphoma Canada","isPartOf":{"@id":"https:\/\/www.lymphoma.ca\/fr\/#website"},"datePublished":"2017-02-23T17:51:10+00:00","dateModified":"2020-06-16T18:33:56+00:00","breadcrumb":{"@id":"https:\/\/www.lymphoma.ca\/fr\/le-lymphome\/les-differents-types-de-lymphomes-non-hodgkiniens\/traitement\/low-blood-counts\/#breadcrumb"},"inLanguage":"fr-FR","potentialAction":[{"@type":"ReadAction","target":["https:\/\/www.lymphoma.ca\/fr\/le-lymphome\/les-differents-types-de-lymphomes-non-hodgkiniens\/traitement\/low-blood-counts\/"]}]},{"@type":"BreadcrumbList","@id":"https:\/\/www.lymphoma.ca\/fr\/le-lymphome\/les-differents-types-de-lymphomes-non-hodgkiniens\/traitement\/low-blood-counts\/#breadcrumb","itemListElement":[{"@type":"ListItem","position":1,"name":"Home","item":"https:\/\/www.lymphoma.ca\/fr\/"},{"@type":"ListItem","position":2,"name":"Lymphome","item":"https:\/\/www.lymphoma.ca\/fr\/le-lymphome\/"},{"@type":"ListItem","position":3,"name":"Les diff\u00e9rents types de lymphomes non hodgkiniens","item":"https:\/\/www.lymphoma.ca\/fr\/le-lymphome\/les-differents-types-de-lymphomes-non-hodgkiniens\/"},{"@type":"ListItem","position":4,"name":"Traitement","item":"https:\/\/www.lymphoma.ca\/fr\/le-lymphome\/les-differents-types-de-lymphomes-non-hodgkiniens\/traitement\/"},{"@type":"ListItem","position":5,"name":"Num\u00e9ration sanguine basse"}]},{"@type":"WebSite","@id":"https:\/\/www.lymphoma.ca\/fr\/#website","url":"https:\/\/www.lymphoma.ca\/fr\/","name":"Lymphoma Canada","description":"Information. Help. Hope.","publisher":{"@id":"https:\/\/www.lymphoma.ca\/fr\/#organization"},"potentialAction":[{"@type":"SearchAction","target":{"@type":"EntryPoint","urlTemplate":"https:\/\/www.lymphoma.ca\/fr\/?s={search_term_string}"},"query-input":{"@type":"PropertyValueSpecification","valueRequired":true,"valueName":"search_term_string"}}],"inLanguage":"fr-FR"},{"@type":"Organization","@id":"https:\/\/www.lymphoma.ca\/fr\/#organization","name":"Lymphoma Canada","url":"https:\/\/www.lymphoma.ca\/fr\/","logo":{"@type":"ImageObject","inLanguage":"fr-FR","@id":"https:\/\/www.lymphoma.ca\/fr\/#\/schema\/logo\/image\/","url":"https:\/\/www.lymphoma.ca\/wp-content\/uploads\/2023\/05\/logo-lymphoma.jpg","contentUrl":"https:\/\/www.lymphoma.ca\/wp-content\/uploads\/2023\/05\/logo-lymphoma.jpg","width":343,"height":343,"caption":"Lymphoma Canada"},"image":{"@id":"https:\/\/www.lymphoma.ca\/fr\/#\/schema\/logo\/image\/"},"sameAs":["https:\/\/www.facebook.com\/LymphomaCanada","https:\/\/x.com\/lymphomacanada","https:\/\/www.linkedin.com\/company\/lymphoma-canada\/","http:\/\/instagram.com\/lymphomacanada","http:\/\/www.youtube.com\/user\/LymphomaTV"]}]}},"_links":{"self":[{"href":"https:\/\/www.lymphoma.ca\/fr\/wp-json\/wp\/v2\/pages\/6267","targetHints":{"allow":["GET"]}}],"collection":[{"href":"https:\/\/www.lymphoma.ca\/fr\/wp-json\/wp\/v2\/pages"}],"about":[{"href":"https:\/\/www.lymphoma.ca\/fr\/wp-json\/wp\/v2\/types\/page"}],"author":[{"embeddable":true,"href":"https:\/\/www.lymphoma.ca\/fr\/wp-json\/wp\/v2\/users\/1"}],"replies":[{"embeddable":true,"href":"https:\/\/www.lymphoma.ca\/fr\/wp-json\/wp\/v2\/comments?post=6267"}],"version-history":[{"count":4,"href":"https:\/\/www.lymphoma.ca\/fr\/wp-json\/wp\/v2\/pages\/6267\/revisions"}],"predecessor-version":[{"id":7846,"href":"https:\/\/www.lymphoma.ca\/fr\/wp-json\/wp\/v2\/pages\/6267\/revisions\/7846"}],"up":[{"embeddable":true,"href":"https:\/\/www.lymphoma.ca\/fr\/wp-json\/wp\/v2\/pages\/469"}],"wp:attachment":[{"href":"https:\/\/www.lymphoma.ca\/fr\/wp-json\/wp\/v2\/media?parent=6267"}],"wp:term":[{"taxonomy":"category","embeddable":true,"href":"https:\/\/www.lymphoma.ca\/fr\/wp-json\/wp\/v2\/categories?post=6267"},{"taxonomy":"post_tag","embeddable":true,"href":"https:\/\/www.lymphoma.ca\/fr\/wp-json\/wp\/v2\/tags?post=6267"}],"curies":[{"name":"wp","href":"https:\/\/api.w.org\/{rel}","templated":true}]}}