{"id":6291,"date":"2017-04-20T22:12:57","date_gmt":"2017-04-20T22:12:57","guid":{"rendered":"https:\/\/www.lymphoma.ca\/le-lymphome\/la-llc\/le-diagnostic\/staging\/staging-sll\/"},"modified":"2020-04-27T21:51:54","modified_gmt":"2020-04-27T21:51:54","slug":"staging-sll","status":"publish","type":"page","link":"https:\/\/www.lymphoma.ca\/fr\/le-lymphome\/la-llc\/le-diagnostic\/la-stadification\/staging-sll\/","title":{"rendered":"Stadification du LPL"},"content":{"rendered":"<h2>Votre m\u00e9decin pourrait \u00e9galement utiliser le syst\u00e8me de classification d\u2019Ann Arbor pour le LPL.<\/h2>\n<div>Le stade de la maladie est d\u00e9termin\u00e9 par :<\/div>\n<ul>\n<li>y le nombre et la localisation des ganglions lymphatiques touch\u00e9s;<\/li>\n<li>y l\u2019endroit o\u00f9 se trouvent les ganglions lymphatiques touch\u00e9s, soit au-dessus, en dessous ou des deux c\u00f4t\u00e9s du diaphragme (le grand muscle en forme de d\u00f4me sous la cage thoracique qui s\u00e9pare la poitrine de l\u2019abdomen);<\/li>\n<li>y l\u2019\u00e9tendue de la maladie qui peut se propager \u00e0 la moelle osseuse ou \u00e0 d\u2019autres organes comme le foie.<\/li>\n<\/ul>\n<p>Il existe quatre principaux stades :<\/p>\n<ul>\n<li>y Aux stades I et II, le cancer se limite \u00e0 une ou deux r\u00e9gions du corps (stade pr\u00e9coce). Aux stades III et IV, le cancer est plus \u00e9tendu (stade avanc\u00e9).<\/li>\n<\/ul>\n<p><img loading=\"lazy\" decoding=\"async\" class=\"wp-image-6984 size-large\" src=\"https:\/\/www.lymphoma.ca\/wp-content\/uploads\/2020\/04\/Ann-Arbour-Staging-FR-1024x723.png\" alt=\"CLASSIFICATION D\u2019ANN ARBOR \" width=\"1024\" height=\"723\" srcset=\"https:\/\/www.lymphoma.ca\/wp-content\/uploads\/2020\/04\/Ann-Arbour-Staging-FR-1024x723.png 1024w, https:\/\/www.lymphoma.ca\/wp-content\/uploads\/2020\/04\/Ann-Arbour-Staging-FR-300x212.png 300w, https:\/\/www.lymphoma.ca\/wp-content\/uploads\/2020\/04\/Ann-Arbour-Staging-FR-768x542.png 768w, https:\/\/www.lymphoma.ca\/wp-content\/uploads\/2020\/04\/Ann-Arbour-Staging-FR-1536x1084.png 1536w, https:\/\/www.lymphoma.ca\/wp-content\/uploads\/2020\/04\/Ann-Arbour-Staging-FR-2048x1445.png 2048w\" sizes=\"auto, (max-width: 1024px) 100vw, 1024px\" \/><\/p>\n<p>Votre m\u00e9decin ajoutera peut-\u00eatre une seule lettre au stade de la maladie.<\/p>\n<p><strong>A<\/strong> signifie g\u00e9n\u00e9ralement que vous n\u2019avez pas ressenti de sympt\u00f4mes incommodants.<\/p>\n<p><strong>B<\/strong> signifie que vous avez ressenti un ou plusieurs des sympt\u00f4mes suivants :<\/p>\n<ul>\n<li>y Perte de poids inexpliqu\u00e9e d\u00e9passant 10 % durant les six mois pr\u00e9c\u00e9dant le diagnostic.<\/li>\n<li>y Fi\u00e8vres intermittentes et inexpliqu\u00e9es, la temp\u00e9rature d\u00e9passant 38\u02daC (100,4\u02daF).<\/li>\n<li>y Sueurs nocturnes importantes (n\u00e9cessitant le changement du pyjama ou des draps).<\/li>\n<\/ul>\n<p><strong>X<\/strong> signifie que vous avez une tumeur dont la largeur minimum occupe un tiers de la poitrine, ou que des tumeurs se trouvant dans d\u2019autres r\u00e9gions ont une largeur minimum de 10 cm (4 pouces). On dit alors que les patients sont \u00ab lourdement atteints \u00bb. Ces personnes n\u00e9cessitent habituellement un traitement plus intensif que ceux dont la maladie est moins importante.<\/p>\n","protected":false},"excerpt":{"rendered":"<p>Votre m\u00e9decin pourrait \u00e9galement utiliser le syst\u00e8me de classification d\u2019Ann Arbor pour le LPL. Le stade de la maladie est d\u00e9termin\u00e9 par : y le nombre et la localisation des&#8230;<\/p>\n","protected":false},"author":1,"featured_media":0,"parent":6289,"menu_order":1,"comment_status":"closed","ping_status":"closed","template":"page-sidebar.php","meta":{"_acf_changed":false,"footnotes":""},"categories":[],"tags":[],"class_list":["post-6291","page","type-page","status-publish"],"acf":[],"yoast_head":"<!-- This site is optimized with the Yoast SEO plugin v26.7 - https:\/\/yoast.com\/wordpress\/plugins\/seo\/ -->\n<title>Stadification du LPL - Lymphoma Canada<\/title>\n<meta name=\"robots\" content=\"index, follow, max-snippet:-1, max-image-preview:large, max-video-preview:-1\" \/>\n<link rel=\"canonical\" href=\"https:\/\/www.lymphoma.ca\/lymphoma\/cll-sll\/diagnosis\/staging\/staging-sll\/\" \/>\n<meta property=\"og:locale\" content=\"fr_FR\" \/>\n<meta property=\"og:type\" content=\"article\" \/>\n<meta property=\"og:title\" content=\"Stadification du LPL - Lymphoma Canada\" \/>\n<meta property=\"og:description\" content=\"Votre m\u00e9decin pourrait \u00e9galement utiliser le syst\u00e8me de classification d\u2019Ann Arbor pour le LPL. Le stade de la maladie est d\u00e9termin\u00e9 par : y le nombre et la localisation des...\" \/>\n<meta property=\"og:url\" content=\"https:\/\/www.lymphoma.ca\/lymphoma\/cll-sll\/diagnosis\/staging\/staging-sll\/\" \/>\n<meta property=\"og:site_name\" content=\"Lymphoma Canada\" \/>\n<meta property=\"article:publisher\" content=\"https:\/\/www.facebook.com\/LymphomaCanada\" \/>\n<meta property=\"article:modified_time\" content=\"2020-04-27T21:51:54+00:00\" \/>\n<meta property=\"og:image\" content=\"https:\/\/www.lymphoma.ca\/wp-content\/uploads\/2020\/04\/Ann-Arbour-Staging-FR-1024x723.png\" \/>\n<meta name=\"twitter:card\" content=\"summary_large_image\" \/>\n<meta name=\"twitter:site\" content=\"@lymphomacanada\" \/>\n<meta name=\"twitter:label1\" content=\"Dur\u00e9e de lecture estim\u00e9e\" \/>\n\t<meta name=\"twitter:data1\" content=\"1 minute\" \/>\n<script type=\"application\/ld+json\" class=\"yoast-schema-graph\">{\"@context\":\"https:\/\/schema.org\",\"@graph\":[{\"@type\":\"WebPage\",\"@id\":\"https:\/\/www.lymphoma.ca\/lymphoma\/cll-sll\/diagnosis\/staging\/staging-sll\/\",\"url\":\"https:\/\/www.lymphoma.ca\/lymphoma\/cll-sll\/diagnosis\/staging\/staging-sll\/\",\"name\":\"Stadification du LPL - Lymphoma Canada\",\"isPartOf\":{\"@id\":\"https:\/\/www.lymphoma.ca\/fr\/#website\"},\"primaryImageOfPage\":{\"@id\":\"https:\/\/www.lymphoma.ca\/lymphoma\/cll-sll\/diagnosis\/staging\/staging-sll\/#primaryimage\"},\"image\":{\"@id\":\"https:\/\/www.lymphoma.ca\/lymphoma\/cll-sll\/diagnosis\/staging\/staging-sll\/#primaryimage\"},\"thumbnailUrl\":\"https:\/\/www.lymphoma.ca\/wp-content\/uploads\/2020\/04\/Ann-Arbour-Staging-FR-1024x723.png\",\"datePublished\":\"2017-04-20T22:12:57+00:00\",\"dateModified\":\"2020-04-27T21:51:54+00:00\",\"breadcrumb\":{\"@id\":\"https:\/\/www.lymphoma.ca\/lymphoma\/cll-sll\/diagnosis\/staging\/staging-sll\/#breadcrumb\"},\"inLanguage\":\"fr-FR\",\"potentialAction\":[{\"@type\":\"ReadAction\",\"target\":[\"https:\/\/www.lymphoma.ca\/lymphoma\/cll-sll\/diagnosis\/staging\/staging-sll\/\"]}]},{\"@type\":\"ImageObject\",\"inLanguage\":\"fr-FR\",\"@id\":\"https:\/\/www.lymphoma.ca\/lymphoma\/cll-sll\/diagnosis\/staging\/staging-sll\/#primaryimage\",\"url\":\"https:\/\/www.lymphoma.ca\/wp-content\/uploads\/2020\/04\/Ann-Arbour-Staging-FR-1024x723.png\",\"contentUrl\":\"https:\/\/www.lymphoma.ca\/wp-content\/uploads\/2020\/04\/Ann-Arbour-Staging-FR-1024x723.png\"},{\"@type\":\"BreadcrumbList\",\"@id\":\"https:\/\/www.lymphoma.ca\/lymphoma\/cll-sll\/diagnosis\/staging\/staging-sll\/#breadcrumb\",\"itemListElement\":[{\"@type\":\"ListItem\",\"position\":1,\"name\":\"Home\",\"item\":\"https:\/\/www.lymphoma.ca\/fr\/\"},{\"@type\":\"ListItem\",\"position\":2,\"name\":\"Lymphome\",\"item\":\"https:\/\/www.lymphoma.ca\/fr\/le-lymphome\/\"},{\"@type\":\"ListItem\",\"position\":3,\"name\":\"LLC et du LPL\",\"item\":\"https:\/\/www.lymphoma.ca\/fr\/le-lymphome\/la-llc\/\"},{\"@type\":\"ListItem\",\"position\":4,\"name\":\"Le Diagnostic\",\"item\":\"https:\/\/www.lymphoma.ca\/fr\/le-lymphome\/la-llc\/le-diagnostic\/\"},{\"@type\":\"ListItem\",\"position\":5,\"name\":\"La stadification\",\"item\":\"https:\/\/www.lymphoma.ca\/fr\/le-lymphome\/la-llc\/le-diagnostic\/la-stadification\/\"},{\"@type\":\"ListItem\",\"position\":6,\"name\":\"Stadification du LPL\"}]},{\"@type\":\"WebSite\",\"@id\":\"https:\/\/www.lymphoma.ca\/fr\/#website\",\"url\":\"https:\/\/www.lymphoma.ca\/fr\/\",\"name\":\"Lymphoma Canada\",\"description\":\"Information. Help. Hope.\",\"publisher\":{\"@id\":\"https:\/\/www.lymphoma.ca\/fr\/#organization\"},\"potentialAction\":[{\"@type\":\"SearchAction\",\"target\":{\"@type\":\"EntryPoint\",\"urlTemplate\":\"https:\/\/www.lymphoma.ca\/fr\/?s={search_term_string}\"},\"query-input\":{\"@type\":\"PropertyValueSpecification\",\"valueRequired\":true,\"valueName\":\"search_term_string\"}}],\"inLanguage\":\"fr-FR\"},{\"@type\":\"Organization\",\"@id\":\"https:\/\/www.lymphoma.ca\/fr\/#organization\",\"name\":\"Lymphoma Canada\",\"url\":\"https:\/\/www.lymphoma.ca\/fr\/\",\"logo\":{\"@type\":\"ImageObject\",\"inLanguage\":\"fr-FR\",\"@id\":\"https:\/\/www.lymphoma.ca\/fr\/#\/schema\/logo\/image\/\",\"url\":\"https:\/\/www.lymphoma.ca\/wp-content\/uploads\/2023\/05\/logo-lymphoma.jpg\",\"contentUrl\":\"https:\/\/www.lymphoma.ca\/wp-content\/uploads\/2023\/05\/logo-lymphoma.jpg\",\"width\":343,\"height\":343,\"caption\":\"Lymphoma Canada\"},\"image\":{\"@id\":\"https:\/\/www.lymphoma.ca\/fr\/#\/schema\/logo\/image\/\"},\"sameAs\":[\"https:\/\/www.facebook.com\/LymphomaCanada\",\"https:\/\/x.com\/lymphomacanada\",\"https:\/\/www.linkedin.com\/company\/lymphoma-canada\/\",\"http:\/\/instagram.com\/lymphomacanada\",\"http:\/\/www.youtube.com\/user\/LymphomaTV\"]}]}<\/script>\n<!-- \/ Yoast SEO plugin. -->","yoast_head_json":{"title":"Stadification du LPL - Lymphoma Canada","robots":{"index":"index","follow":"follow","max-snippet":"max-snippet:-1","max-image-preview":"max-image-preview:large","max-video-preview":"max-video-preview:-1"},"canonical":"https:\/\/www.lymphoma.ca\/lymphoma\/cll-sll\/diagnosis\/staging\/staging-sll\/","og_locale":"fr_FR","og_type":"article","og_title":"Stadification du LPL - Lymphoma Canada","og_description":"Votre m\u00e9decin pourrait \u00e9galement utiliser le syst\u00e8me de classification d\u2019Ann Arbor pour le LPL. Le stade de la maladie est d\u00e9termin\u00e9 par : y le nombre et la localisation des...","og_url":"https:\/\/www.lymphoma.ca\/lymphoma\/cll-sll\/diagnosis\/staging\/staging-sll\/","og_site_name":"Lymphoma Canada","article_publisher":"https:\/\/www.facebook.com\/LymphomaCanada","article_modified_time":"2020-04-27T21:51:54+00:00","og_image":[{"url":"https:\/\/www.lymphoma.ca\/wp-content\/uploads\/2020\/04\/Ann-Arbour-Staging-FR-1024x723.png","type":"","width":"","height":""}],"twitter_card":"summary_large_image","twitter_site":"@lymphomacanada","twitter_misc":{"Dur\u00e9e de lecture estim\u00e9e":"1 minute"},"schema":{"@context":"https:\/\/schema.org","@graph":[{"@type":"WebPage","@id":"https:\/\/www.lymphoma.ca\/lymphoma\/cll-sll\/diagnosis\/staging\/staging-sll\/","url":"https:\/\/www.lymphoma.ca\/lymphoma\/cll-sll\/diagnosis\/staging\/staging-sll\/","name":"Stadification du LPL - Lymphoma Canada","isPartOf":{"@id":"https:\/\/www.lymphoma.ca\/fr\/#website"},"primaryImageOfPage":{"@id":"https:\/\/www.lymphoma.ca\/lymphoma\/cll-sll\/diagnosis\/staging\/staging-sll\/#primaryimage"},"image":{"@id":"https:\/\/www.lymphoma.ca\/lymphoma\/cll-sll\/diagnosis\/staging\/staging-sll\/#primaryimage"},"thumbnailUrl":"https:\/\/www.lymphoma.ca\/wp-content\/uploads\/2020\/04\/Ann-Arbour-Staging-FR-1024x723.png","datePublished":"2017-04-20T22:12:57+00:00","dateModified":"2020-04-27T21:51:54+00:00","breadcrumb":{"@id":"https:\/\/www.lymphoma.ca\/lymphoma\/cll-sll\/diagnosis\/staging\/staging-sll\/#breadcrumb"},"inLanguage":"fr-FR","potentialAction":[{"@type":"ReadAction","target":["https:\/\/www.lymphoma.ca\/lymphoma\/cll-sll\/diagnosis\/staging\/staging-sll\/"]}]},{"@type":"ImageObject","inLanguage":"fr-FR","@id":"https:\/\/www.lymphoma.ca\/lymphoma\/cll-sll\/diagnosis\/staging\/staging-sll\/#primaryimage","url":"https:\/\/www.lymphoma.ca\/wp-content\/uploads\/2020\/04\/Ann-Arbour-Staging-FR-1024x723.png","contentUrl":"https:\/\/www.lymphoma.ca\/wp-content\/uploads\/2020\/04\/Ann-Arbour-Staging-FR-1024x723.png"},{"@type":"BreadcrumbList","@id":"https:\/\/www.lymphoma.ca\/lymphoma\/cll-sll\/diagnosis\/staging\/staging-sll\/#breadcrumb","itemListElement":[{"@type":"ListItem","position":1,"name":"Home","item":"https:\/\/www.lymphoma.ca\/fr\/"},{"@type":"ListItem","position":2,"name":"Lymphome","item":"https:\/\/www.lymphoma.ca\/fr\/le-lymphome\/"},{"@type":"ListItem","position":3,"name":"LLC et du LPL","item":"https:\/\/www.lymphoma.ca\/fr\/le-lymphome\/la-llc\/"},{"@type":"ListItem","position":4,"name":"Le Diagnostic","item":"https:\/\/www.lymphoma.ca\/fr\/le-lymphome\/la-llc\/le-diagnostic\/"},{"@type":"ListItem","position":5,"name":"La stadification","item":"https:\/\/www.lymphoma.ca\/fr\/le-lymphome\/la-llc\/le-diagnostic\/la-stadification\/"},{"@type":"ListItem","position":6,"name":"Stadification du LPL"}]},{"@type":"WebSite","@id":"https:\/\/www.lymphoma.ca\/fr\/#website","url":"https:\/\/www.lymphoma.ca\/fr\/","name":"Lymphoma Canada","description":"Information. Help. Hope.","publisher":{"@id":"https:\/\/www.lymphoma.ca\/fr\/#organization"},"potentialAction":[{"@type":"SearchAction","target":{"@type":"EntryPoint","urlTemplate":"https:\/\/www.lymphoma.ca\/fr\/?s={search_term_string}"},"query-input":{"@type":"PropertyValueSpecification","valueRequired":true,"valueName":"search_term_string"}}],"inLanguage":"fr-FR"},{"@type":"Organization","@id":"https:\/\/www.lymphoma.ca\/fr\/#organization","name":"Lymphoma Canada","url":"https:\/\/www.lymphoma.ca\/fr\/","logo":{"@type":"ImageObject","inLanguage":"fr-FR","@id":"https:\/\/www.lymphoma.ca\/fr\/#\/schema\/logo\/image\/","url":"https:\/\/www.lymphoma.ca\/wp-content\/uploads\/2023\/05\/logo-lymphoma.jpg","contentUrl":"https:\/\/www.lymphoma.ca\/wp-content\/uploads\/2023\/05\/logo-lymphoma.jpg","width":343,"height":343,"caption":"Lymphoma Canada"},"image":{"@id":"https:\/\/www.lymphoma.ca\/fr\/#\/schema\/logo\/image\/"},"sameAs":["https:\/\/www.facebook.com\/LymphomaCanada","https:\/\/x.com\/lymphomacanada","https:\/\/www.linkedin.com\/company\/lymphoma-canada\/","http:\/\/instagram.com\/lymphomacanada","http:\/\/www.youtube.com\/user\/LymphomaTV"]}]}},"_links":{"self":[{"href":"https:\/\/www.lymphoma.ca\/fr\/wp-json\/wp\/v2\/pages\/6291","targetHints":{"allow":["GET"]}}],"collection":[{"href":"https:\/\/www.lymphoma.ca\/fr\/wp-json\/wp\/v2\/pages"}],"about":[{"href":"https:\/\/www.lymphoma.ca\/fr\/wp-json\/wp\/v2\/types\/page"}],"author":[{"embeddable":true,"href":"https:\/\/www.lymphoma.ca\/fr\/wp-json\/wp\/v2\/users\/1"}],"replies":[{"embeddable":true,"href":"https:\/\/www.lymphoma.ca\/fr\/wp-json\/wp\/v2\/comments?post=6291"}],"version-history":[{"count":4,"href":"https:\/\/www.lymphoma.ca\/fr\/wp-json\/wp\/v2\/pages\/6291\/revisions"}],"predecessor-version":[{"id":6987,"href":"https:\/\/www.lymphoma.ca\/fr\/wp-json\/wp\/v2\/pages\/6291\/revisions\/6987"}],"up":[{"embeddable":true,"href":"https:\/\/www.lymphoma.ca\/fr\/wp-json\/wp\/v2\/pages\/6289"}],"wp:attachment":[{"href":"https:\/\/www.lymphoma.ca\/fr\/wp-json\/wp\/v2\/media?parent=6291"}],"wp:term":[{"taxonomy":"category","embeddable":true,"href":"https:\/\/www.lymphoma.ca\/fr\/wp-json\/wp\/v2\/categories?post=6291"},{"taxonomy":"post_tag","embeddable":true,"href":"https:\/\/www.lymphoma.ca\/fr\/wp-json\/wp\/v2\/tags?post=6291"}],"curies":[{"name":"wp","href":"https:\/\/api.w.org\/{rel}","templated":true}]}}